{"id":2606,"date":"2022-07-24T15:20:48","date_gmt":"2022-07-24T13:20:48","guid":{"rendered":"https:\/\/leaderschool.sellision.dev\/piaseczno\/?page_id=2606"},"modified":"2022-07-29T17:53:38","modified_gmt":"2022-07-29T15:53:38","slug":"native-speaker","status":"publish","type":"page","link":"https:\/\/leaderschool.pl\/piaseczno\/native-speaker\/","title":{"rendered":"Kursy z native speakerem"},"content":{"rendered":"\n<h2>Zapraszamy na zaj\u0119cia z Native Speakerem w Leader School Piaseczno!<\/h2>\n\n\n\n<p>Native Speaker to osoba, dla kt\u00f3rej j\u0119zyk, kt\u00f3rego si\u0119 uczymy, jest j\u0119zykiem rodzimym.<\/p>\n\n\n\n<p>Zaj\u0119cia s\u0105 przeznaczone dla os\u00f3b, kt\u00f3re ju\u017c pos\u0142uguj\u0105 si\u0119 danym j\u0119zykiem w stopniu na tyle swobodnym, aby m\u00f3c prowadzi\u0107 konwersacje na dowolny temat. Tematyk\u0119 rozm\u00f3w dobieramy do indywidualnych \u017cycze\u0144 naszych uczni\u00f3w.<\/p>\n\n\n\n<p>Nasi Native Speakerzy maj\u0105 du\u017ce do\u015bwiadczenie w prowadzeniu zaj\u0119\u0107 i bardzo r\u00f3\u017cnorodne zainteresowania. Spotkania z nimi daj\u0105 nie tylko niepowtarzaln\u0105 okazj\u0119 do szlifowania j\u0119zyka obcego, ale r\u00f3wnie\u017c dyskusji na ulubiony temat.<\/p>\n\n\n\n<p>Szczeg\u00f3\u0142y i zapisy w sekretariacie szko\u0142y przy ul. Pawiej 7 lok 6.<\/p>\n","protected":false},"excerpt":{"rendered":"<p>Zapraszamy na zaj\u0119cia z Native Speakerem w Leader School Piaseczno! Native Speaker to osoba, dla kt\u00f3rej j\u0119zyk, kt\u00f3rego si\u0119 uczymy, jest j\u0119zykiem rodzimym. Zaj\u0119cia s\u0105 przeznaczone dla os\u00f3b, kt\u00f3re ju\u017c pos\u0142uguj\u0105 si\u0119 danym j\u0119zykiem w stopniu na tyle swobodnym, aby m\u00f3c prowadzi\u0107 konwersacje na dowolny temat. Tematyk\u0119 rozm\u00f3w dobieramy do indywidualnych \u017cycze\u0144 naszych uczni\u00f3w. Nasi [&hellip;]<\/p>\n","protected":false},"author":3,"featured_media":0,"parent":0,"menu_order":0,"comment_status":"closed","ping_status":"closed","template":"","meta":{"ngg_post_thumbnail":0},"acf":[],"yoast_head":"<!-- This site is optimized with the Yoast SEO plugin v18.9 - https:\/\/yoast.com\/wordpress\/plugins\/seo\/ -->\n<title>Kursy z native speakerem w Piasecznie - Leader School<\/title>\n<meta name=\"robots\" content=\"index, follow, max-snippet:-1, max-image-preview:large, max-video-preview:-1\" \/>\n<link rel=\"canonical\" href=\"https:\/\/leaderschool.pl\/piaseczno\/native-speaker\/\" \/>\n<meta property=\"og:locale\" content=\"pl_PL\" \/>\n<meta property=\"og:type\" content=\"article\" \/>\n<meta property=\"og:title\" content=\"Kursy z native speakerem w Piasecznie - Leader School\" \/>\n<meta property=\"og:description\" content=\"Zapraszamy na zaj\u0119cia z Native Speakerem w Leader School Piaseczno! Native Speaker to osoba, dla kt\u00f3rej j\u0119zyk, kt\u00f3rego si\u0119 uczymy, jest j\u0119zykiem rodzimym. Zaj\u0119cia s\u0105 przeznaczone dla os\u00f3b, kt\u00f3re ju\u017c pos\u0142uguj\u0105 si\u0119 danym j\u0119zykiem w stopniu na tyle swobodnym, aby m\u00f3c prowadzi\u0107 konwersacje na dowolny temat. Tematyk\u0119 rozm\u00f3w dobieramy do indywidualnych \u017cycze\u0144 naszych uczni\u00f3w. Nasi [&hellip;]\" \/>\n<meta property=\"og:url\" content=\"https:\/\/leaderschool.pl\/piaseczno\/native-speaker\/\" \/>\n<meta property=\"og:site_name\" content=\"w Piasecznie - Leader School\" \/>\n<meta property=\"article:modified_time\" content=\"2022-07-29T15:53:38+00:00\" \/>\n<meta name=\"twitter:card\" content=\"summary_large_image\" \/>\n<meta name=\"twitter:label1\" content=\"Szacowany czas czytania\" \/>\n\t<meta name=\"twitter:data1\" content=\"1 minuta\" \/>\n<script type=\"application\/ld+json\" class=\"yoast-schema-graph\">{\"@context\":\"https:\/\/schema.org\",\"@graph\":[{\"@type\":\"WebSite\",\"@id\":\"https:\/\/leaderschool.pl\/piaseczno\/#website\",\"url\":\"https:\/\/leaderschool.pl\/piaseczno\/\",\"name\":\"w Piasecznie - Leader School\",\"description\":\"\",\"potentialAction\":[{\"@type\":\"SearchAction\",\"target\":{\"@type\":\"EntryPoint\",\"urlTemplate\":\"https:\/\/leaderschool.pl\/piaseczno\/?s={search_term_string}\"},\"query-input\":\"required name=search_term_string\"}],\"inLanguage\":\"pl-PL\"},{\"@type\":\"WebPage\",\"@id\":\"https:\/\/leaderschool.pl\/piaseczno\/native-speaker\/#webpage\",\"url\":\"https:\/\/leaderschool.pl\/piaseczno\/native-speaker\/\",\"name\":\"Kursy z native speakerem w Piasecznie - Leader School\",\"isPartOf\":{\"@id\":\"https:\/\/leaderschool.pl\/piaseczno\/#website\"},\"datePublished\":\"2022-07-24T13:20:48+00:00\",\"dateModified\":\"2022-07-29T15:53:38+00:00\",\"breadcrumb\":{\"@id\":\"https:\/\/leaderschool.pl\/piaseczno\/native-speaker\/#breadcrumb\"},\"inLanguage\":\"pl-PL\",\"potentialAction\":[{\"@type\":\"ReadAction\",\"target\":[\"https:\/\/leaderschool.pl\/piaseczno\/native-speaker\/\"]}]},{\"@type\":\"BreadcrumbList\",\"@id\":\"https:\/\/leaderschool.pl\/piaseczno\/native-speaker\/#breadcrumb\",\"itemListElement\":[{\"@type\":\"ListItem\",\"position\":1,\"name\":\"Home\",\"item\":\"https:\/\/leaderschool.pl\/piaseczno\/\"},{\"@type\":\"ListItem\",\"position\":2,\"name\":\"Kursy z&nbsp;native speakerem\"}]}]}<\/script>\n<!-- \/ Yoast SEO plugin. -->","yoast_head_json":{"title":"Kursy z native speakerem w Piasecznie - Leader School","robots":{"index":"index","follow":"follow","max-snippet":"max-snippet:-1","max-image-preview":"max-image-preview:large","max-video-preview":"max-video-preview:-1"},"canonical":"https:\/\/leaderschool.pl\/piaseczno\/native-speaker\/","og_locale":"pl_PL","og_type":"article","og_title":"Kursy z native speakerem w Piasecznie - Leader School","og_description":"Zapraszamy na zaj\u0119cia z Native Speakerem w Leader School Piaseczno! Native Speaker to osoba, dla kt\u00f3rej j\u0119zyk, kt\u00f3rego si\u0119 uczymy, jest j\u0119zykiem rodzimym. Zaj\u0119cia s\u0105 przeznaczone dla os\u00f3b, kt\u00f3re ju\u017c pos\u0142uguj\u0105 si\u0119 danym j\u0119zykiem w stopniu na tyle swobodnym, aby m\u00f3c prowadzi\u0107 konwersacje na dowolny temat. Tematyk\u0119 rozm\u00f3w dobieramy do indywidualnych \u017cycze\u0144 naszych uczni\u00f3w. Nasi [&hellip;]","og_url":"https:\/\/leaderschool.pl\/piaseczno\/native-speaker\/","og_site_name":"w Piasecznie - Leader School","article_modified_time":"2022-07-29T15:53:38+00:00","twitter_card":"summary_large_image","twitter_misc":{"Szacowany czas czytania":"1 minuta"},"schema":{"@context":"https:\/\/schema.org","@graph":[{"@type":"WebSite","@id":"https:\/\/leaderschool.pl\/piaseczno\/#website","url":"https:\/\/leaderschool.pl\/piaseczno\/","name":"w Piasecznie - Leader School","description":"","potentialAction":[{"@type":"SearchAction","target":{"@type":"EntryPoint","urlTemplate":"https:\/\/leaderschool.pl\/piaseczno\/?s={search_term_string}"},"query-input":"required name=search_term_string"}],"inLanguage":"pl-PL"},{"@type":"WebPage","@id":"https:\/\/leaderschool.pl\/piaseczno\/native-speaker\/#webpage","url":"https:\/\/leaderschool.pl\/piaseczno\/native-speaker\/","name":"Kursy z native speakerem w Piasecznie - Leader School","isPartOf":{"@id":"https:\/\/leaderschool.pl\/piaseczno\/#website"},"datePublished":"2022-07-24T13:20:48+00:00","dateModified":"2022-07-29T15:53:38+00:00","breadcrumb":{"@id":"https:\/\/leaderschool.pl\/piaseczno\/native-speaker\/#breadcrumb"},"inLanguage":"pl-PL","potentialAction":[{"@type":"ReadAction","target":["https:\/\/leaderschool.pl\/piaseczno\/native-speaker\/"]}]},{"@type":"BreadcrumbList","@id":"https:\/\/leaderschool.pl\/piaseczno\/native-speaker\/#breadcrumb","itemListElement":[{"@type":"ListItem","position":1,"name":"Home","item":"https:\/\/leaderschool.pl\/piaseczno\/"},{"@type":"ListItem","position":2,"name":"Kursy z&nbsp;native speakerem"}]}]}},"_links":{"self":[{"href":"https:\/\/leaderschool.pl\/piaseczno\/wp-json\/wp\/v2\/pages\/2606"}],"collection":[{"href":"https:\/\/leaderschool.pl\/piaseczno\/wp-json\/wp\/v2\/pages"}],"about":[{"href":"https:\/\/leaderschool.pl\/piaseczno\/wp-json\/wp\/v2\/types\/page"}],"author":[{"embeddable":true,"href":"https:\/\/leaderschool.pl\/piaseczno\/wp-json\/wp\/v2\/users\/3"}],"replies":[{"embeddable":true,"href":"https:\/\/leaderschool.pl\/piaseczno\/wp-json\/wp\/v2\/comments?post=2606"}],"version-history":[{"count":2,"href":"https:\/\/leaderschool.pl\/piaseczno\/wp-json\/wp\/v2\/pages\/2606\/revisions"}],"predecessor-version":[{"id":2639,"href":"https:\/\/leaderschool.pl\/piaseczno\/wp-json\/wp\/v2\/pages\/2606\/revisions\/2639"}],"wp:attachment":[{"href":"https:\/\/leaderschool.pl\/piaseczno\/wp-json\/wp\/v2\/media?parent=2606"}],"curies":[{"name":"wp","href":"https:\/\/api.w.org\/{rel}","templated":true}]}}