{"id":2602,"date":"2022-07-24T15:19:25","date_gmt":"2022-07-24T13:19:25","guid":{"rendered":"https:\/\/leaderschool.sellision.dev\/piaseczno\/?page_id=2602"},"modified":"2022-08-18T13:12:00","modified_gmt":"2022-08-18T11:12:00","slug":"jezyk-niemiecki","status":"publish","type":"page","link":"https:\/\/leaderschool.pl\/piaseczno\/jezyk-niemiecki\/","title":{"rendered":"J\u0119zyk niemiecki"},"content":{"rendered":"\n<h2>J\u0119zyk niemiecki Piaseczno &#8211; kursy j\u0119zyka niemieckiego w Piasecznie<\/h2>\n\n\n\n<p>Leader School w Piasecznie oferuje swoim klientom mo\u017cliwo\u015b\u0107 nauki wielu j\u0119zyk\u00f3w europejskich na najwy\u017cszym poziomie. Nasi lektorzy to osoby z uko\u0144czonymi studiami j\u0119zykowymi w kraju i za granic\u0105, cze\u015b\u0107 z nich to osoby urodzone w tych krajach. Zatrudniamy pasjonat\u00f3w &#8211; osoby, kt\u00f3re nie tylko ucz\u0105 j\u0119zyka danego kraju ale s\u0105 w nim zakochani, znaj\u0105 jego kultur\u0119 i zwyczaje. Przekazuj\u0105 naszym uczniom swoj\u0105 wiedz\u0119 i pasj\u0119.<\/p>\n\n\n\n<p>J\u0119zyk niemiecki Piaseczno &#8211; metod\u0105 BLS Kommunikation lub metod\u0105 bezpo\u015bredni\u0105. Obydwie metody gwarantuj\u0105, \u017ce uczniowie szybko zaczynaj\u0105 m\u00f3wi\u0107 i rozumie\u0107 po niemiecku. Zaj\u0119cia s\u0105 bardzo dynamiczne, a efektem ka\u017cdego spotkania z lektorem jest poznanie i utrwalenie szeregu nowych zwrot\u00f3w i s\u0142\u00f3wek.<br>Kursy j\u0119zyka niemieckiego w Piasecznie prowadzone s\u0105 online lub w Leader School Piaseczno ul. Pawia 7 lok. 6.<\/p>\n\n\n\n<p>NIEMCY \u2013 NASZ NAJBLI\u017bSZY S\u0104SIAD, CO O NIM WIEMY?<\/p>\n\n\n\n<p>\u2022 Niemcy to pa\u0144stwo o najwi\u0119kszej liczbie ludno\u015bci w UE.<br>\u2022 Gospodarka Niemiec zajmuje trzecie co do wielko\u015bci miejsce na \u015bwiecie. Najwa\u017cniejsze sektory to produkcja samochod\u00f3w, in\u017cynieria precyzyjna, sprz\u0119t elektroniczny i komunikacyjny, wyroby chemiczne i farmaceutyczne i wiele innych.<br>\u2022 Jako kraj narodzin mi\u0119dzy innymi Jana Sebastiana Bacha, Ludwiga van Beethovena, Johannesa Brahmsa i Ryszarda Wagnera, Niemcy zajmuj\u0105 wyj\u0105tkowe miejsce na muzycznej mapie Europy. Ogromne dziedzictwo Niemiec w dziedzinie filozofii i literatury obejmuje prace Marcina Lutra, Johanna Wolfganga Goethego, Fryderyka Schillera, Fryderyka Nietzschego, Immanuela Kanta, Bertolta Brechta i Tomasza Manna.<br>\u2022 Niemcy s\u0105 drugim co do wielko\u015bci producentem chmielu na \u015bwiecie i s\u0142yn\u0105 z doskona\u0142ych piw.<\/p>\n\n\n\n<p>Niemiecki jest j\u0119zykiem u\u017cywanym jako j\u0119zyk ojczysty przez najwi\u0119ksz\u0105 grup\u0119 mieszka\u0144c\u00f3w Unii Europejskiej. Dlatego warto uczy\u0107 si\u0119 niemieckiego!!!<br>Je\u015bli chodzi o zawody, kt\u00f3rym szczeg\u00f3lnie znajomo\u015b\u0107 tego j\u0119zyka mo\u017ce si\u0119 przyda\u0107, to: prawnicy, dziennikarze, ekonomi\u015bci i ostatnio lekarze.<\/p>\n\n\n\n<figure class=\"wp-block-image\"><img src=\"data:image\/gif;base64,R0lGODlhAQABAAAAACH5BAEKAAEALAAAAAABAAEAAAICTAEAOw==\" alt=\"\" class=\"lazyload\" data-src=\"https:\/\/piaseczno.leaderschool.pl\/wp-content\/uploads\/sites\/24\/2015\/09\/Fotolia_51717426_Subscription_Monthly_M.jpg\"><\/figure>\n","protected":false},"excerpt":{"rendered":"<p>J\u0119zyk niemiecki Piaseczno &#8211; kursy j\u0119zyka niemieckiego w Piasecznie Leader School w Piasecznie oferuje swoim klientom mo\u017cliwo\u015b\u0107 nauki wielu j\u0119zyk\u00f3w europejskich na najwy\u017cszym poziomie. Nasi lektorzy to osoby z uko\u0144czonymi studiami j\u0119zykowymi w kraju i za granic\u0105, cze\u015b\u0107 z nich to osoby urodzone w tych krajach. Zatrudniamy pasjonat\u00f3w &#8211; osoby, kt\u00f3re nie tylko ucz\u0105 j\u0119zyka [&hellip;]<\/p>\n","protected":false},"author":3,"featured_media":0,"parent":0,"menu_order":0,"comment_status":"closed","ping_status":"closed","template":"","meta":{"ngg_post_thumbnail":0},"acf":[],"yoast_head":"<!-- This site is optimized with the Yoast SEO plugin v18.9 - https:\/\/yoast.com\/wordpress\/plugins\/seo\/ -->\n<title>J\u0119zyk niemiecki w Piasecznie - Leader School<\/title>\n<meta name=\"robots\" content=\"index, follow, max-snippet:-1, max-image-preview:large, max-video-preview:-1\" \/>\n<link rel=\"canonical\" href=\"https:\/\/leaderschool.pl\/piaseczno\/jezyk-niemiecki\/\" \/>\n<meta property=\"og:locale\" content=\"pl_PL\" \/>\n<meta property=\"og:type\" content=\"article\" \/>\n<meta property=\"og:title\" content=\"J\u0119zyk niemiecki w Piasecznie - Leader School\" \/>\n<meta property=\"og:description\" content=\"J\u0119zyk niemiecki Piaseczno &#8211; kursy j\u0119zyka niemieckiego w Piasecznie Leader School w Piasecznie oferuje swoim klientom mo\u017cliwo\u015b\u0107 nauki wielu j\u0119zyk\u00f3w europejskich na najwy\u017cszym poziomie. Nasi lektorzy to osoby z uko\u0144czonymi studiami j\u0119zykowymi w kraju i za granic\u0105, cze\u015b\u0107 z nich to osoby urodzone w tych krajach. Zatrudniamy pasjonat\u00f3w &#8211; osoby, kt\u00f3re nie tylko ucz\u0105 j\u0119zyka [&hellip;]\" \/>\n<meta property=\"og:url\" content=\"https:\/\/leaderschool.pl\/piaseczno\/jezyk-niemiecki\/\" \/>\n<meta property=\"og:site_name\" content=\"w Piasecznie - Leader School\" \/>\n<meta property=\"article:modified_time\" content=\"2022-08-18T11:12:00+00:00\" \/>\n<meta property=\"og:image\" content=\"https:\/\/piaseczno.leaderschool.pl\/wp-content\/uploads\/sites\/24\/2015\/09\/Fotolia_51717426_Subscription_Monthly_M.jpg\" \/>\n<meta name=\"twitter:card\" content=\"summary_large_image\" \/>\n<meta name=\"twitter:label1\" content=\"Szacowany czas czytania\" \/>\n\t<meta name=\"twitter:data1\" content=\"2 minuty\" \/>\n<script type=\"application\/ld+json\" class=\"yoast-schema-graph\">{\"@context\":\"https:\/\/schema.org\",\"@graph\":[{\"@type\":\"WebSite\",\"@id\":\"https:\/\/leaderschool.pl\/piaseczno\/#website\",\"url\":\"https:\/\/leaderschool.pl\/piaseczno\/\",\"name\":\"w Piasecznie - Leader School\",\"description\":\"\",\"potentialAction\":[{\"@type\":\"SearchAction\",\"target\":{\"@type\":\"EntryPoint\",\"urlTemplate\":\"https:\/\/leaderschool.pl\/piaseczno\/?s={search_term_string}\"},\"query-input\":\"required name=search_term_string\"}],\"inLanguage\":\"pl-PL\"},{\"@type\":\"ImageObject\",\"inLanguage\":\"pl-PL\",\"@id\":\"https:\/\/leaderschool.pl\/piaseczno\/jezyk-niemiecki\/#primaryimage\",\"url\":\"https:\/\/piaseczno.leaderschool.pl\/wp-content\/uploads\/sites\/24\/2015\/09\/Fotolia_51717426_Subscription_Monthly_M.jpg\",\"contentUrl\":\"https:\/\/piaseczno.leaderschool.pl\/wp-content\/uploads\/sites\/24\/2015\/09\/Fotolia_51717426_Subscription_Monthly_M.jpg\"},{\"@type\":\"WebPage\",\"@id\":\"https:\/\/leaderschool.pl\/piaseczno\/jezyk-niemiecki\/#webpage\",\"url\":\"https:\/\/leaderschool.pl\/piaseczno\/jezyk-niemiecki\/\",\"name\":\"J\u0119zyk niemiecki w Piasecznie - Leader School\",\"isPartOf\":{\"@id\":\"https:\/\/leaderschool.pl\/piaseczno\/#website\"},\"primaryImageOfPage\":{\"@id\":\"https:\/\/leaderschool.pl\/piaseczno\/jezyk-niemiecki\/#primaryimage\"},\"datePublished\":\"2022-07-24T13:19:25+00:00\",\"dateModified\":\"2022-08-18T11:12:00+00:00\",\"breadcrumb\":{\"@id\":\"https:\/\/leaderschool.pl\/piaseczno\/jezyk-niemiecki\/#breadcrumb\"},\"inLanguage\":\"pl-PL\",\"potentialAction\":[{\"@type\":\"ReadAction\",\"target\":[\"https:\/\/leaderschool.pl\/piaseczno\/jezyk-niemiecki\/\"]}]},{\"@type\":\"BreadcrumbList\",\"@id\":\"https:\/\/leaderschool.pl\/piaseczno\/jezyk-niemiecki\/#breadcrumb\",\"itemListElement\":[{\"@type\":\"ListItem\",\"position\":1,\"name\":\"Home\",\"item\":\"https:\/\/leaderschool.pl\/piaseczno\/\"},{\"@type\":\"ListItem\",\"position\":2,\"name\":\"J\u0119zyk niemiecki\"}]}]}<\/script>\n<!-- \/ Yoast SEO plugin. -->","yoast_head_json":{"title":"J\u0119zyk niemiecki w Piasecznie - Leader School","robots":{"index":"index","follow":"follow","max-snippet":"max-snippet:-1","max-image-preview":"max-image-preview:large","max-video-preview":"max-video-preview:-1"},"canonical":"https:\/\/leaderschool.pl\/piaseczno\/jezyk-niemiecki\/","og_locale":"pl_PL","og_type":"article","og_title":"J\u0119zyk niemiecki w Piasecznie - Leader School","og_description":"J\u0119zyk niemiecki Piaseczno &#8211; kursy j\u0119zyka niemieckiego w Piasecznie Leader School w Piasecznie oferuje swoim klientom mo\u017cliwo\u015b\u0107 nauki wielu j\u0119zyk\u00f3w europejskich na najwy\u017cszym poziomie. Nasi lektorzy to osoby z uko\u0144czonymi studiami j\u0119zykowymi w kraju i za granic\u0105, cze\u015b\u0107 z nich to osoby urodzone w tych krajach. Zatrudniamy pasjonat\u00f3w &#8211; osoby, kt\u00f3re nie tylko ucz\u0105 j\u0119zyka [&hellip;]","og_url":"https:\/\/leaderschool.pl\/piaseczno\/jezyk-niemiecki\/","og_site_name":"w Piasecznie - Leader School","article_modified_time":"2022-08-18T11:12:00+00:00","og_image":[{"url":"https:\/\/piaseczno.leaderschool.pl\/wp-content\/uploads\/sites\/24\/2015\/09\/Fotolia_51717426_Subscription_Monthly_M.jpg"}],"twitter_card":"summary_large_image","twitter_misc":{"Szacowany czas czytania":"2 minuty"},"schema":{"@context":"https:\/\/schema.org","@graph":[{"@type":"WebSite","@id":"https:\/\/leaderschool.pl\/piaseczno\/#website","url":"https:\/\/leaderschool.pl\/piaseczno\/","name":"w Piasecznie - Leader School","description":"","potentialAction":[{"@type":"SearchAction","target":{"@type":"EntryPoint","urlTemplate":"https:\/\/leaderschool.pl\/piaseczno\/?s={search_term_string}"},"query-input":"required name=search_term_string"}],"inLanguage":"pl-PL"},{"@type":"ImageObject","inLanguage":"pl-PL","@id":"https:\/\/leaderschool.pl\/piaseczno\/jezyk-niemiecki\/#primaryimage","url":"https:\/\/piaseczno.leaderschool.pl\/wp-content\/uploads\/sites\/24\/2015\/09\/Fotolia_51717426_Subscription_Monthly_M.jpg","contentUrl":"https:\/\/piaseczno.leaderschool.pl\/wp-content\/uploads\/sites\/24\/2015\/09\/Fotolia_51717426_Subscription_Monthly_M.jpg"},{"@type":"WebPage","@id":"https:\/\/leaderschool.pl\/piaseczno\/jezyk-niemiecki\/#webpage","url":"https:\/\/leaderschool.pl\/piaseczno\/jezyk-niemiecki\/","name":"J\u0119zyk niemiecki w Piasecznie - Leader School","isPartOf":{"@id":"https:\/\/leaderschool.pl\/piaseczno\/#website"},"primaryImageOfPage":{"@id":"https:\/\/leaderschool.pl\/piaseczno\/jezyk-niemiecki\/#primaryimage"},"datePublished":"2022-07-24T13:19:25+00:00","dateModified":"2022-08-18T11:12:00+00:00","breadcrumb":{"@id":"https:\/\/leaderschool.pl\/piaseczno\/jezyk-niemiecki\/#breadcrumb"},"inLanguage":"pl-PL","potentialAction":[{"@type":"ReadAction","target":["https:\/\/leaderschool.pl\/piaseczno\/jezyk-niemiecki\/"]}]},{"@type":"BreadcrumbList","@id":"https:\/\/leaderschool.pl\/piaseczno\/jezyk-niemiecki\/#breadcrumb","itemListElement":[{"@type":"ListItem","position":1,"name":"Home","item":"https:\/\/leaderschool.pl\/piaseczno\/"},{"@type":"ListItem","position":2,"name":"J\u0119zyk niemiecki"}]}]}},"_links":{"self":[{"href":"https:\/\/leaderschool.pl\/piaseczno\/wp-json\/wp\/v2\/pages\/2602"}],"collection":[{"href":"https:\/\/leaderschool.pl\/piaseczno\/wp-json\/wp\/v2\/pages"}],"about":[{"href":"https:\/\/leaderschool.pl\/piaseczno\/wp-json\/wp\/v2\/types\/page"}],"author":[{"embeddable":true,"href":"https:\/\/leaderschool.pl\/piaseczno\/wp-json\/wp\/v2\/users\/3"}],"replies":[{"embeddable":true,"href":"https:\/\/leaderschool.pl\/piaseczno\/wp-json\/wp\/v2\/comments?post=2602"}],"version-history":[{"count":3,"href":"https:\/\/leaderschool.pl\/piaseczno\/wp-json\/wp\/v2\/pages\/2602\/revisions"}],"predecessor-version":[{"id":2681,"href":"https:\/\/leaderschool.pl\/piaseczno\/wp-json\/wp\/v2\/pages\/2602\/revisions\/2681"}],"wp:attachment":[{"href":"https:\/\/leaderschool.pl\/piaseczno\/wp-json\/wp\/v2\/media?parent=2602"}],"curies":[{"name":"wp","href":"https:\/\/api.w.org\/{rel}","templated":true}]}}