{"id":2600,"date":"2022-07-24T15:18:54","date_gmt":"2022-07-24T13:18:54","guid":{"rendered":"https:\/\/leaderschool.sellision.dev\/piaseczno\/?page_id=2600"},"modified":"2022-08-18T13:10:11","modified_gmt":"2022-08-18T11:10:11","slug":"jezyk-japonski","status":"publish","type":"page","link":"https:\/\/leaderschool.pl\/piaseczno\/jezyk-japonski\/","title":{"rendered":"J\u0119zyk japo\u0144ski"},"content":{"rendered":"\n<h2>J\u0119zyk japo\u0144ski Piaseczno &#8211; kursy j\u0119zyka japo\u0144skiego w Piasecznie<\/h2>\n\n\n\n<p>Leader School w Piasecznie oferuje swoim klientom mo\u017cliwo\u015b\u0107 nauki wielu j\u0119zyk\u00f3w europejskich na najwy\u017cszym poziomie. Nasi lektorzy to osoby z uko\u0144czonymi studiami j\u0119zykowymi w kraju i za granic\u0105, cze\u015b\u0107 z nich to osoby urodzone w tych krajach. Zatrudniamy pasjonat\u00f3w &#8211; osoby, kt\u00f3re nie tylko ucz\u0105 j\u0119zyka danego kraju ale s\u0105 w nim zakochani, znaj\u0105 jego kultur\u0119 i zwyczaje. Przekazuj\u0105 naszym uczniom swoj\u0105 wiedz\u0119 i pasj\u0119.<\/p>\n\n\n\n<p>Poznajcie nasz\u0105 ofert\u0119, nauka j\u0119zyka japo\u0144skiego w Piasecznie &#8211; metod\u0105 BLS Kommunikation lub metod\u0105 bezpo\u015bredni\u0105. Obydwie metody gwarantuj\u0105, \u017ce uczniowie szybko zaczynaj\u0105 m\u00f3wi\u0107 i rozumie\u0107 po japo\u0144sku. Zaj\u0119cia s\u0105 bardzo dynamiczne, a efektem ka\u017cdego spotkania z lektorem jest poznanie i utrwalenie szeregu nowych zwrot\u00f3w i s\u0142\u00f3wek.<br>Kursy j\u0119zyka japo\u0144skiego w Piasecznie prowadzone s\u0105 w Leader School Piaseczno ul. Pawia 7 lok. 6.<\/p>\n\n\n\n<p>JAPONIA \u2013 KRAJ KWITN\u0104CEJ WI\u015aNI \u2013 CO O NIM WIEMY?<\/p>\n\n\n\n<p>KONNICHIWA (wymowa: KONNICI\u0141A), to po japo\u0144sku dzie\u0144 dobry ale rano przed 12:00 to: OHAYO GOZAIMASU. To ostatnie oznacza w wolnym t\u0142umaczeniu: O! jak wcze\u015bnie!<br>\u2022 Japonia to archipelag ponad 3 000 wysp. Cztery g\u0142\u00f3wne to Honsiu, Kiusiu, Shikoku i Hokkiado, zajmuj\u0105ce 97% ca\u0142kowitej powierzchni l\u0105dowej kraju. G\u0119sto\u015b\u0107 zaludnienia wynosi 336,3 os\u00f3b\/km2.<br>\u2022 Japonia jest po\u0142o\u017cona na styku p\u0142yt tektonicznych, w obr\u0119bie \u201eognistego pier\u015bcienia Pacyfiku\u201d. Sta\u0142ym wi\u0119c zagro\u017ceniem s\u0105 trz\u0119sienia ziemi, wybuchy wulkan\u00f3w i fale tsunami.<br>\u2022 Japonia jest monarchi\u0105 parlamentarn\u0105 z cesarzem jako symbolem jedno\u015bci pa\u0144stwa.<br>\u2022 S\u0142ysz\u0105c s\u0142owo \u201esake\u201d koneserom mocnych trunk\u00f3w z ca\u0142ego \u015bwiata przed oczami staje w\u00f3dka ry\u017cowa podawana w charakterystycznych \u201ekieliszkach. \u201eSake\u201d tak naprawd\u0119 oznacza \u201ealkohol\u201d. Ka\u017cdy, \u0142\u0105cznie z piwem, szampanem i winami.<br>\u2022 Japo\u0144czycy nadal nosz\u0105 kimono nie tylko podczas festiwali i r\u00f3\u017cnych wydarze\u0144 specjalnych, ale i na co dzie\u0144.<br>\u2022 Narodowym sportem jest sumo.<br>\u2022 Seppuku (z japo\u0144skiego &#8211; rozci\u0105\u0107 brzuch) znane tak\u017ce pod nazw\u0105 harakiri, by\u0142o przywilejem samuraj\u00f3w. Ludzie ci szczycili si\u0119 tym, i\u017c mog\u0105 samodzielnie rozporz\u0105dza\u0107 swoim \u017cyciem<br>\u2022 W kraju tym produkuje si\u0119 najwi\u0119cej samochod\u00f3w na \u015bwiecie (Toyota, Mazda, Daihatsu, Honda i Suzuki).<br>\u2022 Niekt\u00f3rzy Japo\u0144czycy sp\u0119dzaj\u0105 w pracy nawet po 18 godzin dziennie, bez obiadu, a nast\u0119pnie udaj\u0105 si\u0119 do baru na piwo i po zaledwie 2 godzinach snu wracaj\u0105 do pracy.<br>Je\u015bli chcesz pozna\u0107 fascynuj\u0105c\u0105 kultur\u0119 Japonii zacznij od nauki j\u0119zyka japo\u0144skiego. Jest to niezb\u0119dne, aby w jakim\u015b stopniu zrozumie\u0107 Japo\u0144czyk\u00f3w, ich \u017cycie i spos\u00f3b post\u0119powania. Jednocze\u015bnie dowiesz si\u0119 czy nale\u017cy m\u00f3wi\u0107 gejsza czy gejsia, szogun czy siogun, suszi czy susi. Dowiesz si\u0119 dlaczego Japo\u0144czycy wychodz\u0105cy z pracy nigdy nie m\u00f3wi\u0105 &#8222;Do Widzenia&#8221;, a &#8222;Przepraszam, \u017ce wychodz\u0119 wcze\u015bniej&#8221;, dlaczego bardzo rzadko u\u017cywaj\u0105 s\u0142owa &#8222;nie&#8221; i dlaczego j\u0119zyk japo\u0144ski jest niezwykle ugrzeczniony.<\/p>\n\n\n\n<p>Ucz si\u0119 japo\u0144skiego w Leader School Piaseczno!<\/p>\n","protected":false},"excerpt":{"rendered":"<p>J\u0119zyk japo\u0144ski Piaseczno &#8211; kursy j\u0119zyka japo\u0144skiego w Piasecznie Leader School w Piasecznie oferuje swoim klientom mo\u017cliwo\u015b\u0107 nauki wielu j\u0119zyk\u00f3w europejskich na najwy\u017cszym poziomie. Nasi lektorzy to osoby z uko\u0144czonymi studiami j\u0119zykowymi w kraju i za granic\u0105, cze\u015b\u0107 z nich to osoby urodzone w tych krajach. Zatrudniamy pasjonat\u00f3w &#8211; osoby, kt\u00f3re nie tylko ucz\u0105 j\u0119zyka [&hellip;]<\/p>\n","protected":false},"author":3,"featured_media":0,"parent":0,"menu_order":0,"comment_status":"closed","ping_status":"closed","template":"","meta":{"ngg_post_thumbnail":0},"acf":[],"yoast_head":"<!-- This site is optimized with the Yoast SEO plugin v18.9 - https:\/\/yoast.com\/wordpress\/plugins\/seo\/ -->\n<title>J\u0119zyk japo\u0144ski w Piasecznie - Leader School<\/title>\n<meta name=\"robots\" content=\"index, follow, max-snippet:-1, max-image-preview:large, max-video-preview:-1\" \/>\n<link rel=\"canonical\" href=\"https:\/\/leaderschool.pl\/piaseczno\/jezyk-japonski\/\" \/>\n<meta property=\"og:locale\" content=\"pl_PL\" \/>\n<meta property=\"og:type\" content=\"article\" \/>\n<meta property=\"og:title\" content=\"J\u0119zyk japo\u0144ski w Piasecznie - Leader School\" \/>\n<meta property=\"og:description\" content=\"J\u0119zyk japo\u0144ski Piaseczno &#8211; kursy j\u0119zyka japo\u0144skiego w Piasecznie Leader School w Piasecznie oferuje swoim klientom mo\u017cliwo\u015b\u0107 nauki wielu j\u0119zyk\u00f3w europejskich na najwy\u017cszym poziomie. Nasi lektorzy to osoby z uko\u0144czonymi studiami j\u0119zykowymi w kraju i za granic\u0105, cze\u015b\u0107 z nich to osoby urodzone w tych krajach. Zatrudniamy pasjonat\u00f3w &#8211; osoby, kt\u00f3re nie tylko ucz\u0105 j\u0119zyka [&hellip;]\" \/>\n<meta property=\"og:url\" content=\"https:\/\/leaderschool.pl\/piaseczno\/jezyk-japonski\/\" \/>\n<meta property=\"og:site_name\" content=\"w Piasecznie - Leader School\" \/>\n<meta property=\"article:modified_time\" content=\"2022-08-18T11:10:11+00:00\" \/>\n<meta name=\"twitter:card\" content=\"summary_large_image\" \/>\n<meta name=\"twitter:label1\" content=\"Szacowany czas czytania\" \/>\n\t<meta name=\"twitter:data1\" content=\"3 minuty\" \/>\n<script type=\"application\/ld+json\" class=\"yoast-schema-graph\">{\"@context\":\"https:\/\/schema.org\",\"@graph\":[{\"@type\":\"WebSite\",\"@id\":\"https:\/\/leaderschool.pl\/piaseczno\/#website\",\"url\":\"https:\/\/leaderschool.pl\/piaseczno\/\",\"name\":\"w Piasecznie - Leader School\",\"description\":\"\",\"potentialAction\":[{\"@type\":\"SearchAction\",\"target\":{\"@type\":\"EntryPoint\",\"urlTemplate\":\"https:\/\/leaderschool.pl\/piaseczno\/?s={search_term_string}\"},\"query-input\":\"required name=search_term_string\"}],\"inLanguage\":\"pl-PL\"},{\"@type\":\"WebPage\",\"@id\":\"https:\/\/leaderschool.pl\/piaseczno\/jezyk-japonski\/#webpage\",\"url\":\"https:\/\/leaderschool.pl\/piaseczno\/jezyk-japonski\/\",\"name\":\"J\u0119zyk japo\u0144ski w Piasecznie - Leader School\",\"isPartOf\":{\"@id\":\"https:\/\/leaderschool.pl\/piaseczno\/#website\"},\"datePublished\":\"2022-07-24T13:18:54+00:00\",\"dateModified\":\"2022-08-18T11:10:11+00:00\",\"breadcrumb\":{\"@id\":\"https:\/\/leaderschool.pl\/piaseczno\/jezyk-japonski\/#breadcrumb\"},\"inLanguage\":\"pl-PL\",\"potentialAction\":[{\"@type\":\"ReadAction\",\"target\":[\"https:\/\/leaderschool.pl\/piaseczno\/jezyk-japonski\/\"]}]},{\"@type\":\"BreadcrumbList\",\"@id\":\"https:\/\/leaderschool.pl\/piaseczno\/jezyk-japonski\/#breadcrumb\",\"itemListElement\":[{\"@type\":\"ListItem\",\"position\":1,\"name\":\"Home\",\"item\":\"https:\/\/leaderschool.pl\/piaseczno\/\"},{\"@type\":\"ListItem\",\"position\":2,\"name\":\"J\u0119zyk japo\u0144ski\"}]}]}<\/script>\n<!-- \/ Yoast SEO plugin. -->","yoast_head_json":{"title":"J\u0119zyk japo\u0144ski w Piasecznie - Leader School","robots":{"index":"index","follow":"follow","max-snippet":"max-snippet:-1","max-image-preview":"max-image-preview:large","max-video-preview":"max-video-preview:-1"},"canonical":"https:\/\/leaderschool.pl\/piaseczno\/jezyk-japonski\/","og_locale":"pl_PL","og_type":"article","og_title":"J\u0119zyk japo\u0144ski w Piasecznie - Leader School","og_description":"J\u0119zyk japo\u0144ski Piaseczno &#8211; kursy j\u0119zyka japo\u0144skiego w Piasecznie Leader School w Piasecznie oferuje swoim klientom mo\u017cliwo\u015b\u0107 nauki wielu j\u0119zyk\u00f3w europejskich na najwy\u017cszym poziomie. Nasi lektorzy to osoby z uko\u0144czonymi studiami j\u0119zykowymi w kraju i za granic\u0105, cze\u015b\u0107 z nich to osoby urodzone w tych krajach. Zatrudniamy pasjonat\u00f3w &#8211; osoby, kt\u00f3re nie tylko ucz\u0105 j\u0119zyka [&hellip;]","og_url":"https:\/\/leaderschool.pl\/piaseczno\/jezyk-japonski\/","og_site_name":"w Piasecznie - Leader School","article_modified_time":"2022-08-18T11:10:11+00:00","twitter_card":"summary_large_image","twitter_misc":{"Szacowany czas czytania":"3 minuty"},"schema":{"@context":"https:\/\/schema.org","@graph":[{"@type":"WebSite","@id":"https:\/\/leaderschool.pl\/piaseczno\/#website","url":"https:\/\/leaderschool.pl\/piaseczno\/","name":"w Piasecznie - Leader School","description":"","potentialAction":[{"@type":"SearchAction","target":{"@type":"EntryPoint","urlTemplate":"https:\/\/leaderschool.pl\/piaseczno\/?s={search_term_string}"},"query-input":"required name=search_term_string"}],"inLanguage":"pl-PL"},{"@type":"WebPage","@id":"https:\/\/leaderschool.pl\/piaseczno\/jezyk-japonski\/#webpage","url":"https:\/\/leaderschool.pl\/piaseczno\/jezyk-japonski\/","name":"J\u0119zyk japo\u0144ski w Piasecznie - Leader School","isPartOf":{"@id":"https:\/\/leaderschool.pl\/piaseczno\/#website"},"datePublished":"2022-07-24T13:18:54+00:00","dateModified":"2022-08-18T11:10:11+00:00","breadcrumb":{"@id":"https:\/\/leaderschool.pl\/piaseczno\/jezyk-japonski\/#breadcrumb"},"inLanguage":"pl-PL","potentialAction":[{"@type":"ReadAction","target":["https:\/\/leaderschool.pl\/piaseczno\/jezyk-japonski\/"]}]},{"@type":"BreadcrumbList","@id":"https:\/\/leaderschool.pl\/piaseczno\/jezyk-japonski\/#breadcrumb","itemListElement":[{"@type":"ListItem","position":1,"name":"Home","item":"https:\/\/leaderschool.pl\/piaseczno\/"},{"@type":"ListItem","position":2,"name":"J\u0119zyk japo\u0144ski"}]}]}},"_links":{"self":[{"href":"https:\/\/leaderschool.pl\/piaseczno\/wp-json\/wp\/v2\/pages\/2600"}],"collection":[{"href":"https:\/\/leaderschool.pl\/piaseczno\/wp-json\/wp\/v2\/pages"}],"about":[{"href":"https:\/\/leaderschool.pl\/piaseczno\/wp-json\/wp\/v2\/types\/page"}],"author":[{"embeddable":true,"href":"https:\/\/leaderschool.pl\/piaseczno\/wp-json\/wp\/v2\/users\/3"}],"replies":[{"embeddable":true,"href":"https:\/\/leaderschool.pl\/piaseczno\/wp-json\/wp\/v2\/comments?post=2600"}],"version-history":[{"count":3,"href":"https:\/\/leaderschool.pl\/piaseczno\/wp-json\/wp\/v2\/pages\/2600\/revisions"}],"predecessor-version":[{"id":2679,"href":"https:\/\/leaderschool.pl\/piaseczno\/wp-json\/wp\/v2\/pages\/2600\/revisions\/2679"}],"wp:attachment":[{"href":"https:\/\/leaderschool.pl\/piaseczno\/wp-json\/wp\/v2\/media?parent=2600"}],"curies":[{"name":"wp","href":"https:\/\/api.w.org\/{rel}","templated":true}]}}