{"id":2598,"date":"2022-07-24T15:18:23","date_gmt":"2022-07-24T13:18:23","guid":{"rendered":"https:\/\/leaderschool.sellision.dev\/piaseczno\/?page_id=2598"},"modified":"2022-08-18T13:08:09","modified_gmt":"2022-08-18T11:08:09","slug":"jezyk-hiszpanski","status":"publish","type":"page","link":"https:\/\/leaderschool.pl\/piaseczno\/jezyk-hiszpanski\/","title":{"rendered":"J\u0119zyk hiszpa\u0144ski"},"content":{"rendered":"\n<h2>J\u0119zyk hiszpa\u0144ski Piaseczno &#8211; kursy j\u0119zyka hiszpa\u0144skiego w Piasecznie<\/h2>\n\n\n\n<p>Leader School w Piasecznie oferuje swoim klientom mo\u017cliwo\u015b\u0107 nauki wielu j\u0119zyk\u00f3w europejskich na najwy\u017cszym poziomie. Nasi lektorzy to osoby z uko\u0144czonymi studiami j\u0119zykowymi w kraju i za granic\u0105, cze\u015b\u0107 z nich to osoby urodzone w tych krajach. Zatrudniamy pasjonat\u00f3w &#8211; osoby, kt\u00f3re nie tylko ucz\u0105 j\u0119zyka danego kraju ale s\u0105 w nim zakochani, znaj\u0105 jego kultur\u0119 i zwyczaje. Przekazuj\u0105 naszym uczniom swoj\u0105 wiedz\u0119 i pasj\u0119.<\/p>\n\n\n\n<p>Poznajcie nasz\u0105 ofert\u0119, nauka j\u0119zyka hiszpa\u0144skiego w Piasecznie &#8211; metod\u0105 bezpo\u015bredni\u0105. Obydwie metody gwarantuj\u0105, \u017ce uczniowie szybko zaczynaj\u0105 m\u00f3wi\u0107 i rozumie\u0107 po hiszpa\u0144sku. Zaj\u0119cia s\u0105 bardzo dynamiczne, a efektem ka\u017cdego spotkania z lektorem jest poznanie i utrwalenie szeregu nowych zwrot\u00f3w i s\u0142\u00f3wek.<br>Kursy j\u0119zyka hiszpa\u0144skiego w Piasecznie prowadzone s\u0105 online lub w Leader School Piaseczno ul. Pawia 7 lok. 6.<\/p>\n\n\n\n<p>HISZPANIA \u2013 KRAJ, KT\u00d3RY UWIELBIAMY, CO O NIM WIEMY?<\/p>\n\n\n\n<p>\u2022 Stolic\u0105 Hiszpanii jest Madryt.<br>\u2022 Najbardziej zielon\u0105 stolic\u0105 w Europie jest Madryt<br>\u2022 Nazwa Hiszpania pochodzi od s\u0142owa Ispania, czyli \u201eZiemia kr\u00f3lik\u00f3w\u201d.<br>\u2022 Od 1945 roku w Hiszpanii organizowana jest bitwa na pomidory.<br>\u2022 Typowym hiszpa\u0144skim ta\u0144cem jest flamenco.<br>\u2022 Narodowym hobby Hiszpan\u00f3w jest gra na loterii.<br>\u2022 Hiszpania to najbardziej suchy kraj w Unii Europejskiej.<br>\u2022 Hiszpania produkuje najwi\u0119cej wina w ca\u0142ej Europie.<br>\u2022 Hiszpa\u0144ski obiad zawsze sk\u0142ada si\u0119 z dw\u00f3ch da\u0144 i deseru.<br>\u2022 Typowa hiszpa\u0144ska przystawka to tapas.<br>\u2022 Jednym z symboli Hiszpanii jest corrida (korrida), czyli walka z bykami.<br>\u2022 W 2010 roku reprezentacja Hiszpanii w pi\u0142ce no\u017cnej wywalczy\u0142a Mistrzostwo \u015awiata, a trzy razy zdoby\u0142a Mistrzostwo Europy (1964, 2008 i 2012).<br>\u2022 Hiszpania to kraj wy\u017cynny i g\u00f3rzysty.<br>\u2022 W Hiszpanii jest ponad 8000 km pla\u017c.<br>\u2022 Mop i beret zosta\u0142y wymy\u015blone przez Hiszpan\u00f3w.<br>\u2022 Najwy\u017cszy szczyt Hiszpanii to Teide, kt\u00f3rego wysoko\u015b\u0107 wynosi 3718 m n.p.m.<\/p>\n\n\n\n<p>J\u0119zykiem hiszpa\u0144skim porozumiewa si\u0119 oko\u0142o 328 milion\u00f3w os\u00f3b w 44 krajach.<br>Dlatego warto uczy\u0107 si\u0119 hiszpa\u0144skiego!<br><\/p>\n\n\n\n<figure class=\"wp-block-image\"><img src=\"data:image\/gif;base64,R0lGODlhAQABAAAAACH5BAEKAAEALAAAAAABAAEAAAICTAEAOw==\" alt=\"\" class=\"lazyload\" data-src=\"https:\/\/piaseczno.leaderschool.pl\/wp-content\/uploads\/sites\/24\/2015\/09\/Fotolia_51656152_Subscription_Monthly_M.jpg\"><\/figure>\n","protected":false},"excerpt":{"rendered":"<p>J\u0119zyk hiszpa\u0144ski Piaseczno &#8211; kursy j\u0119zyka hiszpa\u0144skiego w Piasecznie Leader School w Piasecznie oferuje swoim klientom mo\u017cliwo\u015b\u0107 nauki wielu j\u0119zyk\u00f3w europejskich na najwy\u017cszym poziomie. Nasi lektorzy to osoby z uko\u0144czonymi studiami j\u0119zykowymi w kraju i za granic\u0105, cze\u015b\u0107 z nich to osoby urodzone w tych krajach. Zatrudniamy pasjonat\u00f3w &#8211; osoby, kt\u00f3re nie tylko ucz\u0105 j\u0119zyka [&hellip;]<\/p>\n","protected":false},"author":3,"featured_media":0,"parent":0,"menu_order":0,"comment_status":"closed","ping_status":"closed","template":"","meta":{"ngg_post_thumbnail":0},"acf":[],"yoast_head":"<!-- This site is optimized with the Yoast SEO plugin v18.9 - https:\/\/yoast.com\/wordpress\/plugins\/seo\/ -->\n<title>J\u0119zyk hiszpa\u0144ski w Piasecznie - Leader School<\/title>\n<meta name=\"robots\" content=\"index, follow, max-snippet:-1, max-image-preview:large, max-video-preview:-1\" \/>\n<link rel=\"canonical\" href=\"https:\/\/leaderschool.pl\/piaseczno\/jezyk-hiszpanski\/\" \/>\n<meta property=\"og:locale\" content=\"pl_PL\" \/>\n<meta property=\"og:type\" content=\"article\" \/>\n<meta property=\"og:title\" content=\"J\u0119zyk hiszpa\u0144ski w Piasecznie - Leader School\" \/>\n<meta property=\"og:description\" content=\"J\u0119zyk hiszpa\u0144ski Piaseczno &#8211; kursy j\u0119zyka hiszpa\u0144skiego w Piasecznie Leader School w Piasecznie oferuje swoim klientom mo\u017cliwo\u015b\u0107 nauki wielu j\u0119zyk\u00f3w europejskich na najwy\u017cszym poziomie. Nasi lektorzy to osoby z uko\u0144czonymi studiami j\u0119zykowymi w kraju i za granic\u0105, cze\u015b\u0107 z nich to osoby urodzone w tych krajach. Zatrudniamy pasjonat\u00f3w &#8211; osoby, kt\u00f3re nie tylko ucz\u0105 j\u0119zyka [&hellip;]\" \/>\n<meta property=\"og:url\" content=\"https:\/\/leaderschool.pl\/piaseczno\/jezyk-hiszpanski\/\" \/>\n<meta property=\"og:site_name\" content=\"w Piasecznie - Leader School\" \/>\n<meta property=\"article:modified_time\" content=\"2022-08-18T11:08:09+00:00\" \/>\n<meta property=\"og:image\" content=\"https:\/\/piaseczno.leaderschool.pl\/wp-content\/uploads\/sites\/24\/2015\/09\/Fotolia_51656152_Subscription_Monthly_M.jpg\" \/>\n<meta name=\"twitter:card\" content=\"summary_large_image\" \/>\n<meta name=\"twitter:label1\" content=\"Szacowany czas czytania\" \/>\n\t<meta name=\"twitter:data1\" content=\"3 minuty\" \/>\n<script type=\"application\/ld+json\" class=\"yoast-schema-graph\">{\"@context\":\"https:\/\/schema.org\",\"@graph\":[{\"@type\":\"WebSite\",\"@id\":\"https:\/\/leaderschool.pl\/piaseczno\/#website\",\"url\":\"https:\/\/leaderschool.pl\/piaseczno\/\",\"name\":\"w Piasecznie - Leader School\",\"description\":\"\",\"potentialAction\":[{\"@type\":\"SearchAction\",\"target\":{\"@type\":\"EntryPoint\",\"urlTemplate\":\"https:\/\/leaderschool.pl\/piaseczno\/?s={search_term_string}\"},\"query-input\":\"required name=search_term_string\"}],\"inLanguage\":\"pl-PL\"},{\"@type\":\"ImageObject\",\"inLanguage\":\"pl-PL\",\"@id\":\"https:\/\/leaderschool.pl\/piaseczno\/jezyk-hiszpanski\/#primaryimage\",\"url\":\"https:\/\/piaseczno.leaderschool.pl\/wp-content\/uploads\/sites\/24\/2015\/09\/Fotolia_51656152_Subscription_Monthly_M.jpg\",\"contentUrl\":\"https:\/\/piaseczno.leaderschool.pl\/wp-content\/uploads\/sites\/24\/2015\/09\/Fotolia_51656152_Subscription_Monthly_M.jpg\"},{\"@type\":\"WebPage\",\"@id\":\"https:\/\/leaderschool.pl\/piaseczno\/jezyk-hiszpanski\/#webpage\",\"url\":\"https:\/\/leaderschool.pl\/piaseczno\/jezyk-hiszpanski\/\",\"name\":\"J\u0119zyk hiszpa\u0144ski w Piasecznie - Leader School\",\"isPartOf\":{\"@id\":\"https:\/\/leaderschool.pl\/piaseczno\/#website\"},\"primaryImageOfPage\":{\"@id\":\"https:\/\/leaderschool.pl\/piaseczno\/jezyk-hiszpanski\/#primaryimage\"},\"datePublished\":\"2022-07-24T13:18:23+00:00\",\"dateModified\":\"2022-08-18T11:08:09+00:00\",\"breadcrumb\":{\"@id\":\"https:\/\/leaderschool.pl\/piaseczno\/jezyk-hiszpanski\/#breadcrumb\"},\"inLanguage\":\"pl-PL\",\"potentialAction\":[{\"@type\":\"ReadAction\",\"target\":[\"https:\/\/leaderschool.pl\/piaseczno\/jezyk-hiszpanski\/\"]}]},{\"@type\":\"BreadcrumbList\",\"@id\":\"https:\/\/leaderschool.pl\/piaseczno\/jezyk-hiszpanski\/#breadcrumb\",\"itemListElement\":[{\"@type\":\"ListItem\",\"position\":1,\"name\":\"Home\",\"item\":\"https:\/\/leaderschool.pl\/piaseczno\/\"},{\"@type\":\"ListItem\",\"position\":2,\"name\":\"J\u0119zyk hiszpa\u0144ski\"}]}]}<\/script>\n<!-- \/ Yoast SEO plugin. -->","yoast_head_json":{"title":"J\u0119zyk hiszpa\u0144ski w Piasecznie - Leader School","robots":{"index":"index","follow":"follow","max-snippet":"max-snippet:-1","max-image-preview":"max-image-preview:large","max-video-preview":"max-video-preview:-1"},"canonical":"https:\/\/leaderschool.pl\/piaseczno\/jezyk-hiszpanski\/","og_locale":"pl_PL","og_type":"article","og_title":"J\u0119zyk hiszpa\u0144ski w Piasecznie - Leader School","og_description":"J\u0119zyk hiszpa\u0144ski Piaseczno &#8211; kursy j\u0119zyka hiszpa\u0144skiego w Piasecznie Leader School w Piasecznie oferuje swoim klientom mo\u017cliwo\u015b\u0107 nauki wielu j\u0119zyk\u00f3w europejskich na najwy\u017cszym poziomie. Nasi lektorzy to osoby z uko\u0144czonymi studiami j\u0119zykowymi w kraju i za granic\u0105, cze\u015b\u0107 z nich to osoby urodzone w tych krajach. Zatrudniamy pasjonat\u00f3w &#8211; osoby, kt\u00f3re nie tylko ucz\u0105 j\u0119zyka [&hellip;]","og_url":"https:\/\/leaderschool.pl\/piaseczno\/jezyk-hiszpanski\/","og_site_name":"w Piasecznie - Leader School","article_modified_time":"2022-08-18T11:08:09+00:00","og_image":[{"url":"https:\/\/piaseczno.leaderschool.pl\/wp-content\/uploads\/sites\/24\/2015\/09\/Fotolia_51656152_Subscription_Monthly_M.jpg"}],"twitter_card":"summary_large_image","twitter_misc":{"Szacowany czas czytania":"3 minuty"},"schema":{"@context":"https:\/\/schema.org","@graph":[{"@type":"WebSite","@id":"https:\/\/leaderschool.pl\/piaseczno\/#website","url":"https:\/\/leaderschool.pl\/piaseczno\/","name":"w Piasecznie - Leader School","description":"","potentialAction":[{"@type":"SearchAction","target":{"@type":"EntryPoint","urlTemplate":"https:\/\/leaderschool.pl\/piaseczno\/?s={search_term_string}"},"query-input":"required name=search_term_string"}],"inLanguage":"pl-PL"},{"@type":"ImageObject","inLanguage":"pl-PL","@id":"https:\/\/leaderschool.pl\/piaseczno\/jezyk-hiszpanski\/#primaryimage","url":"https:\/\/piaseczno.leaderschool.pl\/wp-content\/uploads\/sites\/24\/2015\/09\/Fotolia_51656152_Subscription_Monthly_M.jpg","contentUrl":"https:\/\/piaseczno.leaderschool.pl\/wp-content\/uploads\/sites\/24\/2015\/09\/Fotolia_51656152_Subscription_Monthly_M.jpg"},{"@type":"WebPage","@id":"https:\/\/leaderschool.pl\/piaseczno\/jezyk-hiszpanski\/#webpage","url":"https:\/\/leaderschool.pl\/piaseczno\/jezyk-hiszpanski\/","name":"J\u0119zyk hiszpa\u0144ski w Piasecznie - Leader School","isPartOf":{"@id":"https:\/\/leaderschool.pl\/piaseczno\/#website"},"primaryImageOfPage":{"@id":"https:\/\/leaderschool.pl\/piaseczno\/jezyk-hiszpanski\/#primaryimage"},"datePublished":"2022-07-24T13:18:23+00:00","dateModified":"2022-08-18T11:08:09+00:00","breadcrumb":{"@id":"https:\/\/leaderschool.pl\/piaseczno\/jezyk-hiszpanski\/#breadcrumb"},"inLanguage":"pl-PL","potentialAction":[{"@type":"ReadAction","target":["https:\/\/leaderschool.pl\/piaseczno\/jezyk-hiszpanski\/"]}]},{"@type":"BreadcrumbList","@id":"https:\/\/leaderschool.pl\/piaseczno\/jezyk-hiszpanski\/#breadcrumb","itemListElement":[{"@type":"ListItem","position":1,"name":"Home","item":"https:\/\/leaderschool.pl\/piaseczno\/"},{"@type":"ListItem","position":2,"name":"J\u0119zyk hiszpa\u0144ski"}]}]}},"_links":{"self":[{"href":"https:\/\/leaderschool.pl\/piaseczno\/wp-json\/wp\/v2\/pages\/2598"}],"collection":[{"href":"https:\/\/leaderschool.pl\/piaseczno\/wp-json\/wp\/v2\/pages"}],"about":[{"href":"https:\/\/leaderschool.pl\/piaseczno\/wp-json\/wp\/v2\/types\/page"}],"author":[{"embeddable":true,"href":"https:\/\/leaderschool.pl\/piaseczno\/wp-json\/wp\/v2\/users\/3"}],"replies":[{"embeddable":true,"href":"https:\/\/leaderschool.pl\/piaseczno\/wp-json\/wp\/v2\/comments?post=2598"}],"version-history":[{"count":3,"href":"https:\/\/leaderschool.pl\/piaseczno\/wp-json\/wp\/v2\/pages\/2598\/revisions"}],"predecessor-version":[{"id":2677,"href":"https:\/\/leaderschool.pl\/piaseczno\/wp-json\/wp\/v2\/pages\/2598\/revisions\/2677"}],"wp:attachment":[{"href":"https:\/\/leaderschool.pl\/piaseczno\/wp-json\/wp\/v2\/media?parent=2598"}],"curies":[{"name":"wp","href":"https:\/\/api.w.org\/{rel}","templated":true}]}}