{"id":2596,"date":"2022-07-24T15:16:15","date_gmt":"2022-07-24T13:16:15","guid":{"rendered":"https:\/\/leaderschool.sellision.dev\/piaseczno\/?page_id=2596"},"modified":"2022-08-18T13:23:07","modified_gmt":"2022-08-18T11:23:07","slug":"kursy-jezykowe-online-dla-doroslych","status":"publish","type":"page","link":"https:\/\/leaderschool.pl\/piaseczno\/kursy-jezykowe-online-dla-doroslych\/","title":{"rendered":"Kursy j\u0119zykowe online dla doros\u0142ych"},"content":{"rendered":"\n<h2><strong>Szko\u0142a j\u0119zykowa w Piasecznie <\/strong>oferuje tak\u017ce <strong>kursy j\u0119zykowe online <\/strong><\/h2>\n\n\n\n<p>U nas znajdziesz kursy z j\u0119zyka obcego online oraz stacjonarne, co umo\u017cliwia wybranie kursantom najwygodniejszej formy nauczania. Do wyboru s\u0105 zaj\u0119cia w grupach oraz indywidualne dla os\u00f3b, kt\u00f3rym zale\u017cy na nauce w swoim tempie lub prac\u0105 nad wybranymi obszarami j\u0119zyka. Zapewniamy:<\/p>\n\n\n\n<ul><li>wykwalifikowan\u0105 kadr\u0119;<\/li><li>wysok\u0105 skuteczno\u015b\u0107 nauczania;<\/li><li>mi\u0142\u0105 atmosfer\u0119 podczas zaj\u0119\u0107;<\/li><li>unikatowe metody nauczania;<\/li><li>form\u0119 i tryb zaj\u0119\u0107 dopasowan\u0105 do kursant\u00f3w.<\/li><\/ul>\n\n\n\n<h3>Nauka angielskiego i nie tylko<\/h3>\n\n\n\n<p>Nasza oferta to przede wszystkim <strong>nauka angielskiego, <\/strong>ale kursanci mog\u0105 r\u00f3wnie\u017c skorzysta\u0107 z nauki: francuskiego, w\u0142oskiego, hiszpa\u0144skiego i japo\u0144skiego. Zapewniamy skuteczn\u0105 nauk\u0119 w przyjaznej atmosferze z naciskiem na praktyczne aspekty nauki. <strong>Kursy j\u0119zykowe online <\/strong>odbywaj\u0105 si\u0119 w formie wybranej przez kursanta i mog\u0105 wykorzystywa\u0107 dowolny komunikator, co zapewnia uczestnikom wi\u0119ksz\u0105 wygod\u0119.<\/p>\n\n\n\n<h3>Zaj\u0119cia dopasowane do potrzeb<\/h3>\n\n\n\n<p><strong>Kurs angielskiego online <\/strong>to pe\u0142ne dopasowanie do potrzeb kursanta i mo\u017cliwo\u015b\u0107 nauki z dowolnego miejsca na \u015bwiecie. Bez tracenia czasu na dojazdy i w dogodnych dla Pa\u0144stwa godzinach. W trakcie zaj\u0119\u0107 stawiamy na praktyczn\u0105 nauk\u0119 j\u0119zyka, co pozwala szybko pokona\u0107 barier\u0119 j\u0119zykow\u0105 i umo\u017cliwia prowadzenie swobodnej rozmowy na ka\u017cdy temat. Sta\u0142a opieka lektora oraz unikatowe metody nauczania zapewniaj\u0105 szybkie post\u0119py w nauce, umo\u017cliwiaj\u0105c osi\u0105gni\u0119cie swoich cel\u00f3w.<\/p>\n\n\n\n<h3>Unikatowa metodyka w szkole j\u0119zykowej w Piasecznie<\/h3>\n\n\n\n<p>W naszej <strong>szkole j\u0119zykowej <\/strong>uczymy z wykorzystaniem metody BLS. To unikatowa metoda, kt\u00f3ra \u0142\u0105czy w sobie specjalnie opracowan\u0105 metodyk\u0119 zaj\u0119\u0107 oraz r\u00f3\u017cnorodne materia\u0142y dydaktyczne. Dzi\u0119ki temu kursanci \u0107wicz\u0105 wiele obszar\u00f3w j\u0119zyka jednocze\u015bnie ze szczeg\u00f3lnym naciskiem na praktyczne aspekty <strong>nauki angielskiego. <\/strong>W trakcie zaj\u0119\u0107 komunikacja odbywa si\u0119 tylko w nauczanym j\u0119zyku, a nauka dopasowana jest do mo\u017cliwo\u015bci, potrzeb i stylu uczenia si\u0119 kursanta. Takie po\u0142\u0105czenie sprawia, \u017ce uczestnicy naszych kurs\u00f3w szybko pokonuj\u0105 barier\u0119 j\u0119zykow\u0105 i zaczynaj\u0105 rozumie\u0107 oraz m\u00f3wi\u0107 po angielsku, przy okazji \u0107wicz\u0105c gramatyk\u0119 w naturalny spos\u00f3b.<\/p>\n\n\n\n<h3>Skuteczna nauka j\u0119zyk\u00f3w<\/h3>\n\n\n\n<p>Nasze <strong>kursy j\u0119zykowe <\/strong>s\u0105 przede wszystkim bardzo efektywne, a kursanci mog\u0105 pochwali\u0107 si\u0119 szybkimi post\u0119pami. R\u00f3\u017cnorodno\u015b\u0107 stosowanych materia\u0142\u00f3w, indywidualne podej\u015bcie i wysokie kwalifikacje lektor\u00f3w przek\u0142adaj\u0105 si\u0119 na skuteczn\u0105 nauk\u0119 i szybkie rozwijanie swoich umiej\u0119tno\u015bci. Lektorzy zapewniaj\u0105 sta\u0142\u0105 opiek\u0119 i ch\u0119tnie wyja\u015bniaj\u0105 niezrozumia\u0142e zagadnienia, dzi\u0119ki czemu nauka przebiega w przyjemnej atmosferze i bez wi\u0119kszych trudno\u015bci. W pe\u0142ni zaplanowany proces dydaktyczny umo\u017cliwia poznawanie nowych zagadnie\u0144 i poszerzanie s\u0142ownictwa, ale przede wszystkim utrwalenie nauczanego materia\u0142u.<\/p>\n\n\n\n<h3>Angielski dla firm <\/h3>\n\n\n\n<p><strong>Kursy j\u0119zykowe dla firm z Piaseczna i okolic <\/strong>to specjalna propozycja <strong>nauki angielskiego<\/strong> dla pracownik\u00f3w Pa\u0144stwa firmy. Zaj\u0119cia s\u0105 dopasowane nie tylko do potrzeb grupy, ale i specyfiki biznesu, dzi\u0119ki czemu s\u0105 one dla pracownik\u00f3w doskona\u0142ym benefitem, a dla firmy inwestycj\u0105 w rozw\u00f3j i kapita\u0142 ludzki.&nbsp;<\/p>\n","protected":false},"excerpt":{"rendered":"<p>Szko\u0142a j\u0119zykowa w Piasecznie oferuje tak\u017ce kursy j\u0119zykowe online U nas znajdziesz kursy z j\u0119zyka obcego online oraz stacjonarne, co umo\u017cliwia wybranie kursantom najwygodniejszej formy nauczania. Do wyboru s\u0105 zaj\u0119cia w grupach oraz indywidualne dla os\u00f3b, kt\u00f3rym zale\u017cy na nauce w swoim tempie lub prac\u0105 nad wybranymi obszarami j\u0119zyka. Zapewniamy: wykwalifikowan\u0105 kadr\u0119; wysok\u0105 skuteczno\u015b\u0107 nauczania; [&hellip;]<\/p>\n","protected":false},"author":3,"featured_media":0,"parent":0,"menu_order":0,"comment_status":"closed","ping_status":"closed","template":"","meta":{"ngg_post_thumbnail":0},"acf":[],"yoast_head":"<!-- This site is optimized with the Yoast SEO plugin v18.9 - https:\/\/yoast.com\/wordpress\/plugins\/seo\/ -->\n<title>Kursy j\u0119zykowe online dla doros\u0142ych w Piasecznie - Leader School<\/title>\n<meta name=\"robots\" content=\"index, follow, max-snippet:-1, max-image-preview:large, max-video-preview:-1\" \/>\n<link rel=\"canonical\" href=\"https:\/\/leaderschool.pl\/piaseczno\/kursy-jezykowe-online-dla-doroslych\/\" \/>\n<meta property=\"og:locale\" content=\"pl_PL\" \/>\n<meta property=\"og:type\" content=\"article\" \/>\n<meta property=\"og:title\" content=\"Kursy j\u0119zykowe online dla doros\u0142ych w Piasecznie - Leader School\" \/>\n<meta property=\"og:description\" content=\"Szko\u0142a j\u0119zykowa w Piasecznie oferuje tak\u017ce kursy j\u0119zykowe online U nas znajdziesz kursy z j\u0119zyka obcego online oraz stacjonarne, co umo\u017cliwia wybranie kursantom najwygodniejszej formy nauczania. Do wyboru s\u0105 zaj\u0119cia w grupach oraz indywidualne dla os\u00f3b, kt\u00f3rym zale\u017cy na nauce w swoim tempie lub prac\u0105 nad wybranymi obszarami j\u0119zyka. Zapewniamy: wykwalifikowan\u0105 kadr\u0119; wysok\u0105 skuteczno\u015b\u0107 nauczania; [&hellip;]\" \/>\n<meta property=\"og:url\" content=\"https:\/\/leaderschool.pl\/piaseczno\/kursy-jezykowe-online-dla-doroslych\/\" \/>\n<meta property=\"og:site_name\" content=\"w Piasecznie - Leader School\" \/>\n<meta property=\"article:modified_time\" content=\"2022-08-18T11:23:07+00:00\" \/>\n<meta name=\"twitter:card\" content=\"summary_large_image\" \/>\n<meta name=\"twitter:label1\" content=\"Szacowany czas czytania\" \/>\n\t<meta name=\"twitter:data1\" content=\"3 minuty\" \/>\n<script type=\"application\/ld+json\" class=\"yoast-schema-graph\">{\"@context\":\"https:\/\/schema.org\",\"@graph\":[{\"@type\":\"WebSite\",\"@id\":\"https:\/\/leaderschool.pl\/piaseczno\/#website\",\"url\":\"https:\/\/leaderschool.pl\/piaseczno\/\",\"name\":\"w Piasecznie - Leader School\",\"description\":\"\",\"potentialAction\":[{\"@type\":\"SearchAction\",\"target\":{\"@type\":\"EntryPoint\",\"urlTemplate\":\"https:\/\/leaderschool.pl\/piaseczno\/?s={search_term_string}\"},\"query-input\":\"required name=search_term_string\"}],\"inLanguage\":\"pl-PL\"},{\"@type\":\"WebPage\",\"@id\":\"https:\/\/leaderschool.pl\/piaseczno\/kursy-jezykowe-online-dla-doroslych\/#webpage\",\"url\":\"https:\/\/leaderschool.pl\/piaseczno\/kursy-jezykowe-online-dla-doroslych\/\",\"name\":\"Kursy j\u0119zykowe online dla doros\u0142ych w Piasecznie - Leader School\",\"isPartOf\":{\"@id\":\"https:\/\/leaderschool.pl\/piaseczno\/#website\"},\"datePublished\":\"2022-07-24T13:16:15+00:00\",\"dateModified\":\"2022-08-18T11:23:07+00:00\",\"breadcrumb\":{\"@id\":\"https:\/\/leaderschool.pl\/piaseczno\/kursy-jezykowe-online-dla-doroslych\/#breadcrumb\"},\"inLanguage\":\"pl-PL\",\"potentialAction\":[{\"@type\":\"ReadAction\",\"target\":[\"https:\/\/leaderschool.pl\/piaseczno\/kursy-jezykowe-online-dla-doroslych\/\"]}]},{\"@type\":\"BreadcrumbList\",\"@id\":\"https:\/\/leaderschool.pl\/piaseczno\/kursy-jezykowe-online-dla-doroslych\/#breadcrumb\",\"itemListElement\":[{\"@type\":\"ListItem\",\"position\":1,\"name\":\"Home\",\"item\":\"https:\/\/leaderschool.pl\/piaseczno\/\"},{\"@type\":\"ListItem\",\"position\":2,\"name\":\"Kursy j\u0119zykowe online dla doros\u0142ych\"}]}]}<\/script>\n<!-- \/ Yoast SEO plugin. -->","yoast_head_json":{"title":"Kursy j\u0119zykowe online dla doros\u0142ych w Piasecznie - Leader School","robots":{"index":"index","follow":"follow","max-snippet":"max-snippet:-1","max-image-preview":"max-image-preview:large","max-video-preview":"max-video-preview:-1"},"canonical":"https:\/\/leaderschool.pl\/piaseczno\/kursy-jezykowe-online-dla-doroslych\/","og_locale":"pl_PL","og_type":"article","og_title":"Kursy j\u0119zykowe online dla doros\u0142ych w Piasecznie - Leader School","og_description":"Szko\u0142a j\u0119zykowa w Piasecznie oferuje tak\u017ce kursy j\u0119zykowe online U nas znajdziesz kursy z j\u0119zyka obcego online oraz stacjonarne, co umo\u017cliwia wybranie kursantom najwygodniejszej formy nauczania. Do wyboru s\u0105 zaj\u0119cia w grupach oraz indywidualne dla os\u00f3b, kt\u00f3rym zale\u017cy na nauce w swoim tempie lub prac\u0105 nad wybranymi obszarami j\u0119zyka. Zapewniamy: wykwalifikowan\u0105 kadr\u0119; wysok\u0105 skuteczno\u015b\u0107 nauczania; [&hellip;]","og_url":"https:\/\/leaderschool.pl\/piaseczno\/kursy-jezykowe-online-dla-doroslych\/","og_site_name":"w Piasecznie - Leader School","article_modified_time":"2022-08-18T11:23:07+00:00","twitter_card":"summary_large_image","twitter_misc":{"Szacowany czas czytania":"3 minuty"},"schema":{"@context":"https:\/\/schema.org","@graph":[{"@type":"WebSite","@id":"https:\/\/leaderschool.pl\/piaseczno\/#website","url":"https:\/\/leaderschool.pl\/piaseczno\/","name":"w Piasecznie - Leader School","description":"","potentialAction":[{"@type":"SearchAction","target":{"@type":"EntryPoint","urlTemplate":"https:\/\/leaderschool.pl\/piaseczno\/?s={search_term_string}"},"query-input":"required name=search_term_string"}],"inLanguage":"pl-PL"},{"@type":"WebPage","@id":"https:\/\/leaderschool.pl\/piaseczno\/kursy-jezykowe-online-dla-doroslych\/#webpage","url":"https:\/\/leaderschool.pl\/piaseczno\/kursy-jezykowe-online-dla-doroslych\/","name":"Kursy j\u0119zykowe online dla doros\u0142ych w Piasecznie - Leader School","isPartOf":{"@id":"https:\/\/leaderschool.pl\/piaseczno\/#website"},"datePublished":"2022-07-24T13:16:15+00:00","dateModified":"2022-08-18T11:23:07+00:00","breadcrumb":{"@id":"https:\/\/leaderschool.pl\/piaseczno\/kursy-jezykowe-online-dla-doroslych\/#breadcrumb"},"inLanguage":"pl-PL","potentialAction":[{"@type":"ReadAction","target":["https:\/\/leaderschool.pl\/piaseczno\/kursy-jezykowe-online-dla-doroslych\/"]}]},{"@type":"BreadcrumbList","@id":"https:\/\/leaderschool.pl\/piaseczno\/kursy-jezykowe-online-dla-doroslych\/#breadcrumb","itemListElement":[{"@type":"ListItem","position":1,"name":"Home","item":"https:\/\/leaderschool.pl\/piaseczno\/"},{"@type":"ListItem","position":2,"name":"Kursy j\u0119zykowe online dla doros\u0142ych"}]}]}},"_links":{"self":[{"href":"https:\/\/leaderschool.pl\/piaseczno\/wp-json\/wp\/v2\/pages\/2596"}],"collection":[{"href":"https:\/\/leaderschool.pl\/piaseczno\/wp-json\/wp\/v2\/pages"}],"about":[{"href":"https:\/\/leaderschool.pl\/piaseczno\/wp-json\/wp\/v2\/types\/page"}],"author":[{"embeddable":true,"href":"https:\/\/leaderschool.pl\/piaseczno\/wp-json\/wp\/v2\/users\/3"}],"replies":[{"embeddable":true,"href":"https:\/\/leaderschool.pl\/piaseczno\/wp-json\/wp\/v2\/comments?post=2596"}],"version-history":[{"count":3,"href":"https:\/\/leaderschool.pl\/piaseczno\/wp-json\/wp\/v2\/pages\/2596\/revisions"}],"predecessor-version":[{"id":2685,"href":"https:\/\/leaderschool.pl\/piaseczno\/wp-json\/wp\/v2\/pages\/2596\/revisions\/2685"}],"wp:attachment":[{"href":"https:\/\/leaderschool.pl\/piaseczno\/wp-json\/wp\/v2\/media?parent=2596"}],"curies":[{"name":"wp","href":"https:\/\/api.w.org\/{rel}","templated":true}]}}