{"id":2594,"date":"2022-07-24T15:15:33","date_gmt":"2022-07-24T13:15:33","guid":{"rendered":"https:\/\/leaderschool.sellision.dev\/piaseczno\/?page_id=2594"},"modified":"2022-07-29T11:07:17","modified_gmt":"2022-07-29T09:07:17","slug":"kursy-angielskiego-dla-mlodziezy","status":"publish","type":"page","link":"https:\/\/leaderschool.pl\/piaseczno\/kursy-angielskiego-dla-mlodziezy\/","title":{"rendered":"Kursy angielskiego dla m\u0142odzie\u017cy"},"content":{"rendered":"\n<p>Znajomo\u015b\u0107 <strong>j\u0119zyka angielskiego <\/strong>w dzisiejszych czasach to niezwykle wa\u017cna umiej\u0119tno\u015b\u0107, kt\u00f3ra wp\u0142ywa na mo\u017cliwo\u015bci rozwoju. Dlatego w naszej szkole prowadzimy <strong>kursy angielskiego dla m\u0142odzie\u017cy, <\/strong>zapewniaj\u0105c skuteczn\u0105 nauk\u0119, kt\u00f3ra umo\u017cliwi dalszy rozw\u00f3j oraz zwi\u0119kszy atrakcyjno\u015b\u0107 na rynku pracy. Poza standardowymi kursami oferujemy r\u00f3wnie\u017c <strong>nauk\u0119 angielskiego metod\u0105 BLS, przygotowanie do egzamin\u00f3w oraz przygotowanie do matury z angielskiego. <\/strong>Nasi kursanci mog\u0105 pochwali\u0107 si\u0119 wysokimi wynikami w szkole i na egzaminach oraz umiej\u0119tno\u015bci\u0105 sprawnego pos\u0142ugiwania si\u0119 j\u0119zykiem.&nbsp;<\/p>\n\n\n\n<h2>J\u0119zyk angielski dla m\u0142odzie\u017cy w Piasecznie<\/h2>\n\n\n\n<p>W naszej <strong>szkole j\u0119zykowej w Piasecznie <\/strong>zapewniamy efektywn\u0105 nauk\u0119 angielskiego zar\u00f3wno dla m\u0142odzie\u017cy, kt\u00f3ra odczuwa trudno\u015bci z nauk\u0105 nowego j\u0119zyka, jak i os\u00f3b, kt\u00f3re chc\u0105 poszerzy\u0107 swoj\u0105 wiedz\u0119 i doszlifowa\u0107 znajomo\u015b\u0107 angielskiego. Gwarantujemy:<\/p>\n\n\n\n<ul><li>wysok\u0105 skuteczno\u015b\u0107 nauczania;<\/li><li>zaj\u0119cia w ma\u0142ych grupach;<\/li><li>dopasowanie poziomu i metod nauczania do mo\u017cliwo\u015bci kursant\u00f3w;<\/li><li>r\u00f3\u017cnorodne materia\u0142y dydaktyczne i ciekawe zaj\u0119cia.<\/li><\/ul>\n\n\n\n<h3>Efektywna nauka angielskiego<\/h3>\n\n\n\n<p>Wszystkie <strong>zaj\u0119cia z angielskiego <\/strong>odbywaj\u0105 si\u0119 w ca\u0142o\u015bci w nauczanym j\u0119zyku. Dzi\u0119ki temu kursanci robi\u0105 ogromne post\u0119py w kr\u00f3tkim czasie. Do nauki wykorzystujemy m.in. metod\u0119 BLS, kt\u00f3ra jest unikatow\u0105 form\u0105 kszta\u0142cenia, stawiaj\u0105c\u0105 praktyczne aspekty j\u0119zyka na pierwszym miejscu. Uczestnicy szybko zaczynaj\u0105 rozumie\u0107 <strong>j\u0119zyk angielski <\/strong>i pokonuj\u0105 barier\u0119 j\u0119zykow\u0105, co umo\u017cliwia im swobodne prowadzenie konwersacji praktycznie na ka\u017cdy temat.<\/p>\n\n\n\n<h3>Przygotowanie do egzamin\u00f3w<\/h3>\n\n\n\n<p><strong>Szko\u0142a j\u0119zykowa w Piasecznie <\/strong>oferuje r\u00f3wnie\u017c pe\u0142ne <strong>przygotowanie do egzamin\u00f3w: \u00f3smoklasisty, matury oraz na certyfikaty j\u0119zykowe. <\/strong>Uczniowie zdobywaj\u0105 odpowiednie kompetencje, a dobra znajomo\u015b\u0107 angielskiego zmniejsza stres na egzaminie, co przek\u0142ada si\u0119 na lepsze wyniki. Nasi kursanci mog\u0105 pochwali\u0107 si\u0119 uzyskaniem wysokich wynik\u00f3w, co otwiera przed nimi nowe mo\u017cliwo\u015bci dalszego kszta\u0142cenia i rozwoju na rynku pracy.<\/p>\n\n\n\n<h3>Zaj\u0119cia dopasowane do potrzeb<\/h3>\n\n\n\n<p>Przed rozpocz\u0119ciem kursu przeprowadzany jest egzamin poziomuj\u0105cy, kt\u00f3ry pozwala nam oceni\u0107 aktualny poziom umiej\u0119tno\u015bci i skierowa\u0107 kursanta do odpowiedniej grupy. To wraz z dopasowaniem metod nauczania oraz pomocy dydaktycznych sprawia, \u017ce <strong>kurs j\u0119zykowy <\/strong>w pe\u0142ni odpowiada na potrzeby uczestnik\u00f3w, umo\u017cliwiaj\u0105c im prac\u0119 nad problematycznymi obszarami oraz rozw\u00f3j umiej\u0119tno\u015bci j\u0119zykowych. Dodatkowo zaj\u0119cia prowadzone s\u0105 w spos\u00f3b ciekawy, a kursanci mog\u0105 liczy\u0107 na sta\u0142\u0105 pomoc lektora.<\/p>\n\n\n\n<h2>Angielski w szkole j\u0119zykowej Piaseczno<\/h2>\n\n\n\n<p>Nasze <strong>kursy j\u0119zykowe <\/strong>prowadzone s\u0105 w formie, kt\u00f3ra pozwala uzyska\u0107 szybkie rezultaty, ale przede wszystkim uczy j\u0119zyka angielskiego w spos\u00f3b praktyczny. Do\u015bwiadczeni lektorzy ucz\u0105 m\u00f3wi\u0107 i my\u015ble\u0107 w nauczanym j\u0119zyku, dzi\u0119ki czemu uczniowie radz\u0105 sobie w r\u00f3\u017cnych sytuacjach, osi\u0105gaj\u0105c dobre rezultaty w szkole i na egzaminach oraz potrafi\u0105c komunikowa\u0107 si\u0119 w j\u0119zyku angielskim. Zaj\u0119cia prowadzone s\u0105 w spos\u00f3b ciekawy przez wykwalifikowan\u0105 kadr\u0119, a nauczyciele nie tylko posiadaj\u0105 ogromn\u0105 wiedz\u0119, ale przede wszystkim lubi\u0105 i potrafi\u0105 przekazywa\u0107 wiedz\u0119. To z kolei przek\u0142ada si\u0119 na wysok\u0105 jako\u015b\u0107 nauczania.<\/p>\n","protected":false},"excerpt":{"rendered":"<p>Znajomo\u015b\u0107 j\u0119zyka angielskiego w dzisiejszych czasach to niezwykle wa\u017cna umiej\u0119tno\u015b\u0107, kt\u00f3ra wp\u0142ywa na mo\u017cliwo\u015bci rozwoju. Dlatego w naszej szkole prowadzimy kursy angielskiego dla m\u0142odzie\u017cy, zapewniaj\u0105c skuteczn\u0105 nauk\u0119, kt\u00f3ra umo\u017cliwi dalszy rozw\u00f3j oraz zwi\u0119kszy atrakcyjno\u015b\u0107 na rynku pracy. Poza standardowymi kursami oferujemy r\u00f3wnie\u017c nauk\u0119 angielskiego metod\u0105 BLS, przygotowanie do egzamin\u00f3w oraz przygotowanie do matury z angielskiego. [&hellip;]<\/p>\n","protected":false},"author":3,"featured_media":0,"parent":0,"menu_order":0,"comment_status":"closed","ping_status":"closed","template":"","meta":{"ngg_post_thumbnail":0},"acf":[],"yoast_head":"<!-- This site is optimized with the Yoast SEO plugin v18.9 - https:\/\/yoast.com\/wordpress\/plugins\/seo\/ -->\n<title>Kursy angielskiego dla m\u0142odzie\u017cy w Piasecznie - Leader School<\/title>\n<meta name=\"robots\" content=\"index, follow, max-snippet:-1, max-image-preview:large, max-video-preview:-1\" \/>\n<link rel=\"canonical\" href=\"https:\/\/leaderschool.pl\/piaseczno\/kursy-angielskiego-dla-mlodziezy\/\" \/>\n<meta property=\"og:locale\" content=\"pl_PL\" \/>\n<meta property=\"og:type\" content=\"article\" \/>\n<meta property=\"og:title\" content=\"Kursy angielskiego dla m\u0142odzie\u017cy w Piasecznie - Leader School\" \/>\n<meta property=\"og:description\" content=\"Znajomo\u015b\u0107 j\u0119zyka angielskiego w dzisiejszych czasach to niezwykle wa\u017cna umiej\u0119tno\u015b\u0107, kt\u00f3ra wp\u0142ywa na mo\u017cliwo\u015bci rozwoju. Dlatego w naszej szkole prowadzimy kursy angielskiego dla m\u0142odzie\u017cy, zapewniaj\u0105c skuteczn\u0105 nauk\u0119, kt\u00f3ra umo\u017cliwi dalszy rozw\u00f3j oraz zwi\u0119kszy atrakcyjno\u015b\u0107 na rynku pracy. Poza standardowymi kursami oferujemy r\u00f3wnie\u017c nauk\u0119 angielskiego metod\u0105 BLS, przygotowanie do egzamin\u00f3w oraz przygotowanie do matury z angielskiego. [&hellip;]\" \/>\n<meta property=\"og:url\" content=\"https:\/\/leaderschool.pl\/piaseczno\/kursy-angielskiego-dla-mlodziezy\/\" \/>\n<meta property=\"og:site_name\" content=\"w Piasecznie - Leader School\" \/>\n<meta property=\"article:modified_time\" content=\"2022-07-29T09:07:17+00:00\" \/>\n<meta name=\"twitter:card\" content=\"summary_large_image\" \/>\n<meta name=\"twitter:label1\" content=\"Szacowany czas czytania\" \/>\n\t<meta name=\"twitter:data1\" content=\"3 minuty\" \/>\n<script type=\"application\/ld+json\" class=\"yoast-schema-graph\">{\"@context\":\"https:\/\/schema.org\",\"@graph\":[{\"@type\":\"WebSite\",\"@id\":\"https:\/\/leaderschool.pl\/piaseczno\/#website\",\"url\":\"https:\/\/leaderschool.pl\/piaseczno\/\",\"name\":\"w Piasecznie - Leader School\",\"description\":\"\",\"potentialAction\":[{\"@type\":\"SearchAction\",\"target\":{\"@type\":\"EntryPoint\",\"urlTemplate\":\"https:\/\/leaderschool.pl\/piaseczno\/?s={search_term_string}\"},\"query-input\":\"required name=search_term_string\"}],\"inLanguage\":\"pl-PL\"},{\"@type\":\"WebPage\",\"@id\":\"https:\/\/leaderschool.pl\/piaseczno\/kursy-angielskiego-dla-mlodziezy\/#webpage\",\"url\":\"https:\/\/leaderschool.pl\/piaseczno\/kursy-angielskiego-dla-mlodziezy\/\",\"name\":\"Kursy angielskiego dla m\u0142odzie\u017cy w Piasecznie - Leader School\",\"isPartOf\":{\"@id\":\"https:\/\/leaderschool.pl\/piaseczno\/#website\"},\"datePublished\":\"2022-07-24T13:15:33+00:00\",\"dateModified\":\"2022-07-29T09:07:17+00:00\",\"breadcrumb\":{\"@id\":\"https:\/\/leaderschool.pl\/piaseczno\/kursy-angielskiego-dla-mlodziezy\/#breadcrumb\"},\"inLanguage\":\"pl-PL\",\"potentialAction\":[{\"@type\":\"ReadAction\",\"target\":[\"https:\/\/leaderschool.pl\/piaseczno\/kursy-angielskiego-dla-mlodziezy\/\"]}]},{\"@type\":\"BreadcrumbList\",\"@id\":\"https:\/\/leaderschool.pl\/piaseczno\/kursy-angielskiego-dla-mlodziezy\/#breadcrumb\",\"itemListElement\":[{\"@type\":\"ListItem\",\"position\":1,\"name\":\"Home\",\"item\":\"https:\/\/leaderschool.pl\/piaseczno\/\"},{\"@type\":\"ListItem\",\"position\":2,\"name\":\"Kursy angielskiego dla m\u0142odzie\u017cy\"}]}]}<\/script>\n<!-- \/ Yoast SEO plugin. -->","yoast_head_json":{"title":"Kursy angielskiego dla m\u0142odzie\u017cy w Piasecznie - Leader School","robots":{"index":"index","follow":"follow","max-snippet":"max-snippet:-1","max-image-preview":"max-image-preview:large","max-video-preview":"max-video-preview:-1"},"canonical":"https:\/\/leaderschool.pl\/piaseczno\/kursy-angielskiego-dla-mlodziezy\/","og_locale":"pl_PL","og_type":"article","og_title":"Kursy angielskiego dla m\u0142odzie\u017cy w Piasecznie - Leader School","og_description":"Znajomo\u015b\u0107 j\u0119zyka angielskiego w dzisiejszych czasach to niezwykle wa\u017cna umiej\u0119tno\u015b\u0107, kt\u00f3ra wp\u0142ywa na mo\u017cliwo\u015bci rozwoju. Dlatego w naszej szkole prowadzimy kursy angielskiego dla m\u0142odzie\u017cy, zapewniaj\u0105c skuteczn\u0105 nauk\u0119, kt\u00f3ra umo\u017cliwi dalszy rozw\u00f3j oraz zwi\u0119kszy atrakcyjno\u015b\u0107 na rynku pracy. Poza standardowymi kursami oferujemy r\u00f3wnie\u017c nauk\u0119 angielskiego metod\u0105 BLS, przygotowanie do egzamin\u00f3w oraz przygotowanie do matury z angielskiego. [&hellip;]","og_url":"https:\/\/leaderschool.pl\/piaseczno\/kursy-angielskiego-dla-mlodziezy\/","og_site_name":"w Piasecznie - Leader School","article_modified_time":"2022-07-29T09:07:17+00:00","twitter_card":"summary_large_image","twitter_misc":{"Szacowany czas czytania":"3 minuty"},"schema":{"@context":"https:\/\/schema.org","@graph":[{"@type":"WebSite","@id":"https:\/\/leaderschool.pl\/piaseczno\/#website","url":"https:\/\/leaderschool.pl\/piaseczno\/","name":"w Piasecznie - Leader School","description":"","potentialAction":[{"@type":"SearchAction","target":{"@type":"EntryPoint","urlTemplate":"https:\/\/leaderschool.pl\/piaseczno\/?s={search_term_string}"},"query-input":"required name=search_term_string"}],"inLanguage":"pl-PL"},{"@type":"WebPage","@id":"https:\/\/leaderschool.pl\/piaseczno\/kursy-angielskiego-dla-mlodziezy\/#webpage","url":"https:\/\/leaderschool.pl\/piaseczno\/kursy-angielskiego-dla-mlodziezy\/","name":"Kursy angielskiego dla m\u0142odzie\u017cy w Piasecznie - Leader School","isPartOf":{"@id":"https:\/\/leaderschool.pl\/piaseczno\/#website"},"datePublished":"2022-07-24T13:15:33+00:00","dateModified":"2022-07-29T09:07:17+00:00","breadcrumb":{"@id":"https:\/\/leaderschool.pl\/piaseczno\/kursy-angielskiego-dla-mlodziezy\/#breadcrumb"},"inLanguage":"pl-PL","potentialAction":[{"@type":"ReadAction","target":["https:\/\/leaderschool.pl\/piaseczno\/kursy-angielskiego-dla-mlodziezy\/"]}]},{"@type":"BreadcrumbList","@id":"https:\/\/leaderschool.pl\/piaseczno\/kursy-angielskiego-dla-mlodziezy\/#breadcrumb","itemListElement":[{"@type":"ListItem","position":1,"name":"Home","item":"https:\/\/leaderschool.pl\/piaseczno\/"},{"@type":"ListItem","position":2,"name":"Kursy angielskiego dla m\u0142odzie\u017cy"}]}]}},"_links":{"self":[{"href":"https:\/\/leaderschool.pl\/piaseczno\/wp-json\/wp\/v2\/pages\/2594"}],"collection":[{"href":"https:\/\/leaderschool.pl\/piaseczno\/wp-json\/wp\/v2\/pages"}],"about":[{"href":"https:\/\/leaderschool.pl\/piaseczno\/wp-json\/wp\/v2\/types\/page"}],"author":[{"embeddable":true,"href":"https:\/\/leaderschool.pl\/piaseczno\/wp-json\/wp\/v2\/users\/3"}],"replies":[{"embeddable":true,"href":"https:\/\/leaderschool.pl\/piaseczno\/wp-json\/wp\/v2\/comments?post=2594"}],"version-history":[{"count":2,"href":"https:\/\/leaderschool.pl\/piaseczno\/wp-json\/wp\/v2\/pages\/2594\/revisions"}],"predecessor-version":[{"id":2628,"href":"https:\/\/leaderschool.pl\/piaseczno\/wp-json\/wp\/v2\/pages\/2594\/revisions\/2628"}],"wp:attachment":[{"href":"https:\/\/leaderschool.pl\/piaseczno\/wp-json\/wp\/v2\/media?parent=2594"}],"curies":[{"name":"wp","href":"https:\/\/api.w.org\/{rel}","templated":true}]}}