{"id":2620,"date":"2022-07-24T16:39:21","date_gmt":"2022-07-24T14:39:21","guid":{"rendered":"https:\/\/leaderschool.sellision.dev\/ostrow-wielkopolski\/?page_id=2620"},"modified":"2022-07-29T11:45:02","modified_gmt":"2022-07-29T09:45:02","slug":"jezyk-angielski-dla-mlodziezy","status":"publish","type":"page","link":"https:\/\/leaderschool.pl\/ostrow-wielkopolski\/jezyk-angielski-dla-mlodziezy\/","title":{"rendered":"J\u0119zyk angielski dla m\u0142odzie\u017cy"},"content":{"rendered":"\n<p>M\u0119czy Ci\u0119 odrabianie zada\u0144 z j\u0119zyka angielskiego? Czujesz, \u017ce lekcje w szkole to za ma\u0142o? <strong>Na zaj\u0119ciach dodatkowych z j\u0119zyka angielskiego w Ostrowie Wielkopolskim<\/strong> usystematyzujesz swoj\u0105 wiedz\u0119, zwi\u0119kszysz zas\u00f3b s\u0142\u00f3w i&nbsp;nabierzesz odwagi do wypowiedzi ustnych. Nadrobisz ewentualne zaleg\u0142o\u015bci i&nbsp;prze\u0107wiczysz tematy, kt\u00f3re sprawiaj\u0105 Ci trudno\u015b\u0107.<\/p>\n\n\n\n<h2>Przygotowanie do egzaminu \u00f3smoklasisty w Ostrowie Wielkopolskim<\/h2>\n\n\n\n<p><strong>Egzamin \u00f3smoklasisty<\/strong> to pierwszy powa\u017cny egzamin w \u017cyciu dziecka. Odpowiednie przygotowanie od egzaminu pozwoli na zmniejszenie stresu, kt\u00f3ry i tak jest ogromny. Na <strong>zaj\u0119cia dodatkowe z j\u0119zyka angielskiego<\/strong> zapraszamy uczni\u00f3w ju\u017c od 5. klasy szko\u0142y podstawowej.<\/p>\n\n\n\n<p><strong>W Leader School w Ostrowie Wielkopolskim<\/strong> najwi\u0119ksz\u0105 uwag\u0119 przyk\u0142adamy do:<\/p>\n\n\n\n<ul><li>czytania ze zrozumieniem<\/li><li>nauki swobodnej konwersacji<\/li><li>przygotowania wypowiedzi pisemnych<\/li><li>rozwijania umiej\u0119tno\u015bci rozumienia ze s\u0142uchu.<\/li><\/ul>\n\n\n\n<p>Wszystkie te elementy podlegaj\u0105 ocenie podczas egzaminu \u00f3smoklasisty.<\/p>\n\n\n\n<h3>Matura z angielskiego &#8211; jak j\u0105 zda\u0107 bez trudu?<\/h3>\n\n\n\n<p>Dla nieco powa\u017cniejszej m\u0142odzie\u017cy, kt\u00f3ra my\u015bli ju\u017c o studiach, proponujemy <strong>zaj\u0119cia przygotowawcze do matury z j\u0119zyka angielskiego<\/strong>. Przygotujemy Ci\u0119 do <strong>matury z j\u0119zyka angielskiego podstawowego i&nbsp;rozszerzonego<\/strong>.<\/p>\n\n\n\n<p>Nasz konsultant j\u0119zykowy sprawdzi Tw\u00f3j poziom zaawansowania i przygotuje dla Ciebie plan dzia\u0142ania. Podczas zaj\u0119\u0107 b\u0119dziesz powtarza\u0107 materia\u0142, kt\u00f3ry jest obowi\u0105zkowy na <strong>maturze z j\u0119zyka angielskiego na poziomie podstawowym<\/strong>. Przygotowujemy program na podstawie podstawy programowej.<\/p>\n\n\n\n<p>Na zaj\u0119ciach do <strong>matury z angielskiego<\/strong> w Ostrowie Wielkopolskim nauczysz si\u0119:<\/p>\n\n\n\n<ul><li>swobodnie pracowa\u0107 z czytanym tekstem<\/li><li>pisa\u0107 teksty, kt\u00f3re s\u0105 wymagane na egzaminie<\/li><li>s\u0142ucha\u0107 ze zrozumieniem<\/li><li>swobodnie rozmawia\u0107 w j\u0119zyku obcym.<\/li><\/ul>\n\n\n\n<p>Mo\u017cesz zacz\u0105\u0107, kiedy chcesz. Jednak, je\u017celi przygotowania zaczniesz odpowiednio wcze\u015bniej, do matury podejdziesz spokojnie i bez stresu. Mo\u017ce nawet zdecydujesz si\u0119 na matur\u0119 z j\u0119zyka angielskiego rozszerzonego. Zwi\u0119kszy to Twoje&nbsp;szanse w uzyskaniu indeksu&nbsp;na wymarzone&nbsp;studia.<\/p>\n\n\n\n<h3>Angielski w Ostrowie Wielkopolskim &#8211; jak pracujemy?<\/h3>\n\n\n\n<p>Zaj\u0119cia prowadz\u0105 <strong>do\u015bwiadczeni nauczyciele<\/strong>, kt\u00f3rzy pracuj\u0105 jako egzaminatorzy. Program nauczania przygotowujemy <strong>zgodnie z wytycznymi Centralnej Komisji Egzaminacyjnej<\/strong>. Grafik zaj\u0119\u0107 dostosowujemy do mo\u017cliwo\u015bci uczni\u00f3w. Wykorzystujemy <strong>r\u00f3\u017cnorodne materia\u0142y dydaktyczne<\/strong>, tradycyjne i multimedialne.<\/p>\n\n\n\n<p>Uczniowie pracuj\u0105 w grupach. Dlaczego? Nasze do\u015bwiadczenie pokazuje, \u017ce ucze\u0144 do efektywnej nauki potrzebuje interakcji z r\u00f3wie\u015bnikami. Grupy s\u0105 niewielkie- maksymalnie po 8 os\u00f3b. Zwi\u0119ksza to komfort nauki i umo\u017cliwia szybki kontakt z nauczycielem.<\/p>\n\n\n\n<p>Niezale\u017cnie od tego, do jakich cel\u00f3w chcesz wykorzysta\u0107 j\u0119zyk angielski- z ch\u0119ci\u0105 Ci pomo\u017cemy. Przygotujemy Ci\u0119 nie tylko do matury i egzaminu \u00f3smoklasisty. Je\u017celi Twoj\u0105 pasj\u0105 jest zwiedzanie \u015bwiata i chcesz lepiej komunikowa\u0107 si\u0119 z r\u00f3wie\u015bnikami, r\u00f3wnie\u017c dobierzemy dla Ciebie spersonalizowan\u0105 metod\u0119 nauki j\u0119zyka, kt\u00f3ra zaspokoi Twoj\u0105 potrzeb\u0119.<\/p>\n\n\n\n<p>Zapraszamy do Leader School w Ostrowie Wielkopolskim.<\/p>\n","protected":false},"excerpt":{"rendered":"<p>M\u0119czy Ci\u0119 odrabianie zada\u0144 z j\u0119zyka angielskiego? Czujesz, \u017ce lekcje w szkole to za ma\u0142o? Na zaj\u0119ciach dodatkowych z j\u0119zyka angielskiego w Ostrowie Wielkopolskim usystematyzujesz swoj\u0105 wiedz\u0119, zwi\u0119kszysz zas\u00f3b s\u0142\u00f3w i&nbsp;nabierzesz odwagi do wypowiedzi ustnych. Nadrobisz ewentualne zaleg\u0142o\u015bci i&nbsp;prze\u0107wiczysz tematy, kt\u00f3re sprawiaj\u0105 Ci trudno\u015b\u0107. Przygotowanie do egzaminu \u00f3smoklasisty w Ostrowie Wielkopolskim Egzamin \u00f3smoklasisty to pierwszy [&hellip;]<\/p>\n","protected":false},"author":3,"featured_media":0,"parent":0,"menu_order":0,"comment_status":"closed","ping_status":"closed","template":"","meta":{"ngg_post_thumbnail":0},"acf":[],"yoast_head":"<!-- This site is optimized with the Yoast SEO plugin v18.9 - https:\/\/yoast.com\/wordpress\/plugins\/seo\/ -->\n<title>J\u0119zyk angielski dla m\u0142odzie\u017cy w Ostrowie Wielkopolskim - Leader School<\/title>\n<meta name=\"robots\" content=\"index, follow, max-snippet:-1, max-image-preview:large, max-video-preview:-1\" \/>\n<link rel=\"canonical\" href=\"https:\/\/leaderschool.pl\/ostrow-wielkopolski\/jezyk-angielski-dla-mlodziezy\/\" \/>\n<meta property=\"og:locale\" content=\"pl_PL\" \/>\n<meta property=\"og:type\" content=\"article\" \/>\n<meta property=\"og:title\" content=\"J\u0119zyk angielski dla m\u0142odzie\u017cy w Ostrowie Wielkopolskim - Leader School\" \/>\n<meta property=\"og:description\" content=\"M\u0119czy Ci\u0119 odrabianie zada\u0144 z j\u0119zyka angielskiego? Czujesz, \u017ce lekcje w szkole to za ma\u0142o? Na zaj\u0119ciach dodatkowych z j\u0119zyka angielskiego w Ostrowie Wielkopolskim usystematyzujesz swoj\u0105 wiedz\u0119, zwi\u0119kszysz zas\u00f3b s\u0142\u00f3w i&nbsp;nabierzesz odwagi do wypowiedzi ustnych. Nadrobisz ewentualne zaleg\u0142o\u015bci i&nbsp;prze\u0107wiczysz tematy, kt\u00f3re sprawiaj\u0105 Ci trudno\u015b\u0107. Przygotowanie do egzaminu \u00f3smoklasisty w Ostrowie Wielkopolskim Egzamin \u00f3smoklasisty to pierwszy [&hellip;]\" \/>\n<meta property=\"og:url\" content=\"https:\/\/leaderschool.pl\/ostrow-wielkopolski\/jezyk-angielski-dla-mlodziezy\/\" \/>\n<meta property=\"og:site_name\" content=\"w Ostrowie Wielkopolskim - Leader School\" \/>\n<meta property=\"article:modified_time\" content=\"2022-07-29T09:45:02+00:00\" \/>\n<meta name=\"twitter:card\" content=\"summary_large_image\" \/>\n<meta name=\"twitter:label1\" content=\"Szacowany czas czytania\" \/>\n\t<meta name=\"twitter:data1\" content=\"3 minuty\" \/>\n<script type=\"application\/ld+json\" class=\"yoast-schema-graph\">{\"@context\":\"https:\/\/schema.org\",\"@graph\":[{\"@type\":\"WebSite\",\"@id\":\"https:\/\/leaderschool.pl\/ostrow-wielkopolski\/#website\",\"url\":\"https:\/\/leaderschool.pl\/ostrow-wielkopolski\/\",\"name\":\"w Ostrowie Wielkopolskim - Leader School\",\"description\":\"\",\"potentialAction\":[{\"@type\":\"SearchAction\",\"target\":{\"@type\":\"EntryPoint\",\"urlTemplate\":\"https:\/\/leaderschool.pl\/ostrow-wielkopolski\/?s={search_term_string}\"},\"query-input\":\"required name=search_term_string\"}],\"inLanguage\":\"pl-PL\"},{\"@type\":\"WebPage\",\"@id\":\"https:\/\/leaderschool.pl\/ostrow-wielkopolski\/jezyk-angielski-dla-mlodziezy\/#webpage\",\"url\":\"https:\/\/leaderschool.pl\/ostrow-wielkopolski\/jezyk-angielski-dla-mlodziezy\/\",\"name\":\"J\u0119zyk angielski dla m\u0142odzie\u017cy w Ostrowie Wielkopolskim - Leader School\",\"isPartOf\":{\"@id\":\"https:\/\/leaderschool.pl\/ostrow-wielkopolski\/#website\"},\"datePublished\":\"2022-07-24T14:39:21+00:00\",\"dateModified\":\"2022-07-29T09:45:02+00:00\",\"breadcrumb\":{\"@id\":\"https:\/\/leaderschool.pl\/ostrow-wielkopolski\/jezyk-angielski-dla-mlodziezy\/#breadcrumb\"},\"inLanguage\":\"pl-PL\",\"potentialAction\":[{\"@type\":\"ReadAction\",\"target\":[\"https:\/\/leaderschool.pl\/ostrow-wielkopolski\/jezyk-angielski-dla-mlodziezy\/\"]}]},{\"@type\":\"BreadcrumbList\",\"@id\":\"https:\/\/leaderschool.pl\/ostrow-wielkopolski\/jezyk-angielski-dla-mlodziezy\/#breadcrumb\",\"itemListElement\":[{\"@type\":\"ListItem\",\"position\":1,\"name\":\"Home\",\"item\":\"https:\/\/leaderschool.pl\/ostrow-wielkopolski\/\"},{\"@type\":\"ListItem\",\"position\":2,\"name\":\"J\u0119zyk angielski dla m\u0142odzie\u017cy\"}]}]}<\/script>\n<!-- \/ Yoast SEO plugin. -->","yoast_head_json":{"title":"J\u0119zyk angielski dla m\u0142odzie\u017cy w Ostrowie Wielkopolskim - Leader School","robots":{"index":"index","follow":"follow","max-snippet":"max-snippet:-1","max-image-preview":"max-image-preview:large","max-video-preview":"max-video-preview:-1"},"canonical":"https:\/\/leaderschool.pl\/ostrow-wielkopolski\/jezyk-angielski-dla-mlodziezy\/","og_locale":"pl_PL","og_type":"article","og_title":"J\u0119zyk angielski dla m\u0142odzie\u017cy w Ostrowie Wielkopolskim - Leader School","og_description":"M\u0119czy Ci\u0119 odrabianie zada\u0144 z j\u0119zyka angielskiego? Czujesz, \u017ce lekcje w szkole to za ma\u0142o? Na zaj\u0119ciach dodatkowych z j\u0119zyka angielskiego w Ostrowie Wielkopolskim usystematyzujesz swoj\u0105 wiedz\u0119, zwi\u0119kszysz zas\u00f3b s\u0142\u00f3w i&nbsp;nabierzesz odwagi do wypowiedzi ustnych. Nadrobisz ewentualne zaleg\u0142o\u015bci i&nbsp;prze\u0107wiczysz tematy, kt\u00f3re sprawiaj\u0105 Ci trudno\u015b\u0107. Przygotowanie do egzaminu \u00f3smoklasisty w Ostrowie Wielkopolskim Egzamin \u00f3smoklasisty to pierwszy [&hellip;]","og_url":"https:\/\/leaderschool.pl\/ostrow-wielkopolski\/jezyk-angielski-dla-mlodziezy\/","og_site_name":"w Ostrowie Wielkopolskim - Leader School","article_modified_time":"2022-07-29T09:45:02+00:00","twitter_card":"summary_large_image","twitter_misc":{"Szacowany czas czytania":"3 minuty"},"schema":{"@context":"https:\/\/schema.org","@graph":[{"@type":"WebSite","@id":"https:\/\/leaderschool.pl\/ostrow-wielkopolski\/#website","url":"https:\/\/leaderschool.pl\/ostrow-wielkopolski\/","name":"w Ostrowie Wielkopolskim - Leader School","description":"","potentialAction":[{"@type":"SearchAction","target":{"@type":"EntryPoint","urlTemplate":"https:\/\/leaderschool.pl\/ostrow-wielkopolski\/?s={search_term_string}"},"query-input":"required name=search_term_string"}],"inLanguage":"pl-PL"},{"@type":"WebPage","@id":"https:\/\/leaderschool.pl\/ostrow-wielkopolski\/jezyk-angielski-dla-mlodziezy\/#webpage","url":"https:\/\/leaderschool.pl\/ostrow-wielkopolski\/jezyk-angielski-dla-mlodziezy\/","name":"J\u0119zyk angielski dla m\u0142odzie\u017cy w Ostrowie Wielkopolskim - Leader School","isPartOf":{"@id":"https:\/\/leaderschool.pl\/ostrow-wielkopolski\/#website"},"datePublished":"2022-07-24T14:39:21+00:00","dateModified":"2022-07-29T09:45:02+00:00","breadcrumb":{"@id":"https:\/\/leaderschool.pl\/ostrow-wielkopolski\/jezyk-angielski-dla-mlodziezy\/#breadcrumb"},"inLanguage":"pl-PL","potentialAction":[{"@type":"ReadAction","target":["https:\/\/leaderschool.pl\/ostrow-wielkopolski\/jezyk-angielski-dla-mlodziezy\/"]}]},{"@type":"BreadcrumbList","@id":"https:\/\/leaderschool.pl\/ostrow-wielkopolski\/jezyk-angielski-dla-mlodziezy\/#breadcrumb","itemListElement":[{"@type":"ListItem","position":1,"name":"Home","item":"https:\/\/leaderschool.pl\/ostrow-wielkopolski\/"},{"@type":"ListItem","position":2,"name":"J\u0119zyk angielski dla m\u0142odzie\u017cy"}]}]}},"_links":{"self":[{"href":"https:\/\/leaderschool.pl\/ostrow-wielkopolski\/wp-json\/wp\/v2\/pages\/2620"}],"collection":[{"href":"https:\/\/leaderschool.pl\/ostrow-wielkopolski\/wp-json\/wp\/v2\/pages"}],"about":[{"href":"https:\/\/leaderschool.pl\/ostrow-wielkopolski\/wp-json\/wp\/v2\/types\/page"}],"author":[{"embeddable":true,"href":"https:\/\/leaderschool.pl\/ostrow-wielkopolski\/wp-json\/wp\/v2\/users\/3"}],"replies":[{"embeddable":true,"href":"https:\/\/leaderschool.pl\/ostrow-wielkopolski\/wp-json\/wp\/v2\/comments?post=2620"}],"version-history":[{"count":6,"href":"https:\/\/leaderschool.pl\/ostrow-wielkopolski\/wp-json\/wp\/v2\/pages\/2620\/revisions"}],"predecessor-version":[{"id":2640,"href":"https:\/\/leaderschool.pl\/ostrow-wielkopolski\/wp-json\/wp\/v2\/pages\/2620\/revisions\/2640"}],"wp:attachment":[{"href":"https:\/\/leaderschool.pl\/ostrow-wielkopolski\/wp-json\/wp\/v2\/media?parent=2620"}],"curies":[{"name":"wp","href":"https:\/\/api.w.org\/{rel}","templated":true}]}}