{"id":2617,"date":"2022-07-24T16:37:35","date_gmt":"2022-07-24T14:37:35","guid":{"rendered":"https:\/\/leaderschool.sellision.dev\/ostrow-wielkopolski\/?page_id=2617"},"modified":"2022-07-29T11:46:06","modified_gmt":"2022-07-29T09:46:06","slug":"angielski-dofinansowany","status":"publish","type":"page","link":"https:\/\/leaderschool.pl\/ostrow-wielkopolski\/angielski-dofinansowany\/","title":{"rendered":"Angielski dofinansowany"},"content":{"rendered":"\n<p>Prowadzisz jednoosobow\u0105 dzia\u0142alno\u015b\u0107 gospodarcz\u0105? Zatrudniasz pracownik\u00f3w? Chcesz lepiej komunikowa\u0107 si\u0119 z klientami angloj\u0119zycznymi? Planujesz otworzy\u0107 oddzia\u0142 firmy za granic\u0105? Pracownicy pytaj\u0105 Ci\u0119 o kursy w zakresie j\u0119zyka angielskiego? Chcesz zrobi\u0107 to wszystko, ale ograniczaj\u0105 Ci\u0119 finanse?<\/p>\n\n\n\n<p>Teraz mo\u017cesz zrealizowa\u0107 w swojej firmie kurs j\u0119zyka angielskiego z dofinansowaniem. Kursy s\u0105 dofinansowane ze \u015brodk\u00f3w Unii Europejskiej w ramach Regionalnego Programu Operacyjnego wojew\u00f3dztwa wielkopolskiego.<\/p>\n\n\n\n<h2>Dla kogo szkolenia dofinansowane z j\u0119zyka angielskiego w Ostrowie Wielkopolskim?<\/h2>\n\n\n\n<p>W <strong>szkoleniach dofinansowanych<\/strong> <strong>z subregionu kaliskiego<\/strong> mog\u0105 bra\u0107 udzia\u0142 zar\u00f3wno mikroprzedsi\u0119biorcy, jak i pracownicy M\u015aP (ma\u0142ych i \u015brednich przedsi\u0119biorstw)<strong>.<\/strong> Jest to propozycja dla pracodawc\u00f3w, kt\u00f3rzy chc\u0105:<\/p>\n\n\n\n<ul><li>poszerzy\u0107 swoje kompetencje j\u0119zykowe<\/li><li>przeprowadzi\u0107 grupowe <strong>kursy j\u0119zyka angielskiego dla pracownik\u00f3w<\/strong>.<\/li><\/ul>\n\n\n\n<h3>Na jakie dofinansowanie mo\u017ce liczy\u0107 przedsi\u0119biorca?<\/h3>\n\n\n\n<p>Wysoko\u015b\u0107 dofinansowania dla firm zale\u017cy od wielko\u015bci przedsi\u0119biorstwa.<\/p>\n\n\n\n<p>Procentowy poziom refundacji koszt\u00f3w wynosi odpowiednio dla:<\/p>\n\n\n\n<ul><li>mikroprzedsi\u0119biorstwa: 80%<\/li><li>ma\u0142e przedsi\u0119biorstwa: 70%<\/li><li>\u015brednie przedsi\u0119biorstwa: 50%<\/li><\/ul>\n\n\n\n<h3>Jak zdoby\u0107 dofinansowanie kursu angielskiego?<\/h3>\n\n\n\n<p>Zobacz, jaka jest kolejno\u015b\u0107 dzia\u0142a\u0144, aby pracodawca m\u00f3g\u0142 zrealizowa\u0107 kurs j\u0119zyka angielskiego:<\/p>\n\n\n\n<ul><li>spotkanie dotycz\u0105ce rodzaju kursu (j\u0119zyk, zakres i ilo\u015b\u0107 godzin)<\/li><li>wyb\u00f3r us\u0142ugi z BUR (Bazy Us\u0142ug Rozwojowych)<\/li><li>z\u0142o\u017cenie formularza zg\u0142oszeniowego i podpisanie Umowy Wsparcia<\/li><li>realizacja kursu j\u0119zykowego w Leader School w Ostrowie WIelkopolskim<\/li><li>refundacja koszt\u00f3w.<\/li><\/ul>\n\n\n\n<h3>Co otrzymujesz w ramach dofinansowanego kursu angielskiego w Ostrowie Wielkopolskim?<\/h3>\n\n\n\n<p>Je\u017celi wybierzesz <strong>dofinansowane szkolenie j\u0119zykowe w Ostrowie Wielkopolskim,<\/strong> otrzymasz:<\/p>\n\n\n\n<ul><li>intensywny kurs j\u0119zyka angielskiego dopasowany do Twoich umiej\u0119tno\u015bci<\/li><li>kurs indywidualny lub grupowy, kt\u00f3ry rozpoczynasz w dowolnym momencie<\/li><li>wsparcie do\u015bwiadczonego lektora<\/li><li>elastyczny grafik zaj\u0119\u0107 dopasowany do grafiku pracownik\u00f3w (r\u00f3wnie\u017c online)<\/li><li>pomoce naukowe (podr\u0119czniki drukowane, audiobooki, fiszki)<\/li><li>dost\u0119p do podr\u0119cznika multimedialnego (uczysz si\u0119 wtedy, kiedy chcesz)<\/li><li>za\u015bwiadczenie o uko\u0144czeniu kursu j\u0119zykowego.<\/li><\/ul>\n\n\n\n<p>Po zako\u0144czeniu kursu uczestnicy b\u0119d\u0105 sprawnie porozumiewa\u0107 si\u0119 z kontrahentami i klientami biznesowymi. Jednak nauka nie musi si\u0119 na tym sko\u0144czy\u0107. Po uko\u0144czeniu <strong>dofinansowanego kursu j\u0119zykowego w Leader School w Ostrowie Wielkopolskim<\/strong>, mo\u017cesz przyst\u0105pi\u0107 do egzaminu TELC. Jest to certyfikat honorowany przez wszystkie kraje europejskie.<\/p>\n\n\n\n<p><strong>Kursy j\u0119zyka angielskiego w Ostrowie Wielkopolskim<\/strong> to czysty zysk dla przedsi\u0119biorc\u00f3w. W\u0142a\u015bciciele firm poprzez udzia\u0142 w projekcie mog\u0105 podnie\u015b\u0107 kompetencje zawodowe, zar\u00f3wno kadry zarz\u0105dzaj\u0105cej, jak i pracownik\u00f3w. Sprawne pos\u0142ugiwanie si\u0119 j\u0119zykiem obcym przez pracownik\u00f3w mo\u017ce przynie\u015b\u0107 r\u00f3wnie\u017c wymierny rezultat w postaci lepszego wyniku finansowego Twojej firmy.<\/p>\n\n\n\n<p>Zainteresowa\u0142y Ci\u0119 kursy angielskiego z dofinansowaniem? Nie wiesz, jak to zrobi\u0107?<\/p>\n\n\n\n<p>Skontaktuj si\u0119 z nami. Pomo\u017cemy Ci w pozyskaniu pieni\u0119dzy na szkolenie.<\/p>\n","protected":false},"excerpt":{"rendered":"<p>Prowadzisz jednoosobow\u0105 dzia\u0142alno\u015b\u0107 gospodarcz\u0105? Zatrudniasz pracownik\u00f3w? Chcesz lepiej komunikowa\u0107 si\u0119 z klientami angloj\u0119zycznymi? Planujesz otworzy\u0107 oddzia\u0142 firmy za granic\u0105? Pracownicy pytaj\u0105 Ci\u0119 o kursy w zakresie j\u0119zyka angielskiego? Chcesz zrobi\u0107 to wszystko, ale ograniczaj\u0105 Ci\u0119 finanse? Teraz mo\u017cesz zrealizowa\u0107 w swojej firmie kurs j\u0119zyka angielskiego z dofinansowaniem. Kursy s\u0105 dofinansowane ze \u015brodk\u00f3w Unii Europejskiej w [&hellip;]<\/p>\n","protected":false},"author":3,"featured_media":0,"parent":0,"menu_order":0,"comment_status":"closed","ping_status":"closed","template":"","meta":{"ngg_post_thumbnail":0},"acf":[],"yoast_head":"<!-- This site is optimized with the Yoast SEO plugin v18.9 - https:\/\/yoast.com\/wordpress\/plugins\/seo\/ -->\n<title>Angielski dofinansowany w Ostrowie Wielkopolskim - Leader School<\/title>\n<meta name=\"robots\" content=\"index, follow, max-snippet:-1, max-image-preview:large, max-video-preview:-1\" \/>\n<link rel=\"canonical\" href=\"https:\/\/leaderschool.pl\/ostrow-wielkopolski\/angielski-dofinansowany\/\" \/>\n<meta property=\"og:locale\" content=\"pl_PL\" \/>\n<meta property=\"og:type\" content=\"article\" \/>\n<meta property=\"og:title\" content=\"Angielski dofinansowany w Ostrowie Wielkopolskim - Leader School\" \/>\n<meta property=\"og:description\" content=\"Prowadzisz jednoosobow\u0105 dzia\u0142alno\u015b\u0107 gospodarcz\u0105? Zatrudniasz pracownik\u00f3w? Chcesz lepiej komunikowa\u0107 si\u0119 z klientami angloj\u0119zycznymi? Planujesz otworzy\u0107 oddzia\u0142 firmy za granic\u0105? Pracownicy pytaj\u0105 Ci\u0119 o kursy w zakresie j\u0119zyka angielskiego? Chcesz zrobi\u0107 to wszystko, ale ograniczaj\u0105 Ci\u0119 finanse? Teraz mo\u017cesz zrealizowa\u0107 w swojej firmie kurs j\u0119zyka angielskiego z dofinansowaniem. Kursy s\u0105 dofinansowane ze \u015brodk\u00f3w Unii Europejskiej w [&hellip;]\" \/>\n<meta property=\"og:url\" content=\"https:\/\/leaderschool.pl\/ostrow-wielkopolski\/angielski-dofinansowany\/\" \/>\n<meta property=\"og:site_name\" content=\"w Ostrowie Wielkopolskim - Leader School\" \/>\n<meta property=\"article:modified_time\" content=\"2022-07-29T09:46:06+00:00\" \/>\n<meta name=\"twitter:card\" content=\"summary_large_image\" \/>\n<meta name=\"twitter:label1\" content=\"Szacowany czas czytania\" \/>\n\t<meta name=\"twitter:data1\" content=\"3 minuty\" \/>\n<script type=\"application\/ld+json\" class=\"yoast-schema-graph\">{\"@context\":\"https:\/\/schema.org\",\"@graph\":[{\"@type\":\"WebSite\",\"@id\":\"https:\/\/leaderschool.pl\/ostrow-wielkopolski\/#website\",\"url\":\"https:\/\/leaderschool.pl\/ostrow-wielkopolski\/\",\"name\":\"w Ostrowie Wielkopolskim - Leader School\",\"description\":\"\",\"potentialAction\":[{\"@type\":\"SearchAction\",\"target\":{\"@type\":\"EntryPoint\",\"urlTemplate\":\"https:\/\/leaderschool.pl\/ostrow-wielkopolski\/?s={search_term_string}\"},\"query-input\":\"required name=search_term_string\"}],\"inLanguage\":\"pl-PL\"},{\"@type\":\"WebPage\",\"@id\":\"https:\/\/leaderschool.pl\/ostrow-wielkopolski\/angielski-dofinansowany\/#webpage\",\"url\":\"https:\/\/leaderschool.pl\/ostrow-wielkopolski\/angielski-dofinansowany\/\",\"name\":\"Angielski dofinansowany w Ostrowie Wielkopolskim - Leader School\",\"isPartOf\":{\"@id\":\"https:\/\/leaderschool.pl\/ostrow-wielkopolski\/#website\"},\"datePublished\":\"2022-07-24T14:37:35+00:00\",\"dateModified\":\"2022-07-29T09:46:06+00:00\",\"breadcrumb\":{\"@id\":\"https:\/\/leaderschool.pl\/ostrow-wielkopolski\/angielski-dofinansowany\/#breadcrumb\"},\"inLanguage\":\"pl-PL\",\"potentialAction\":[{\"@type\":\"ReadAction\",\"target\":[\"https:\/\/leaderschool.pl\/ostrow-wielkopolski\/angielski-dofinansowany\/\"]}]},{\"@type\":\"BreadcrumbList\",\"@id\":\"https:\/\/leaderschool.pl\/ostrow-wielkopolski\/angielski-dofinansowany\/#breadcrumb\",\"itemListElement\":[{\"@type\":\"ListItem\",\"position\":1,\"name\":\"Home\",\"item\":\"https:\/\/leaderschool.pl\/ostrow-wielkopolski\/\"},{\"@type\":\"ListItem\",\"position\":2,\"name\":\"Angielski dofinansowany\"}]}]}<\/script>\n<!-- \/ Yoast SEO plugin. -->","yoast_head_json":{"title":"Angielski dofinansowany w Ostrowie Wielkopolskim - Leader School","robots":{"index":"index","follow":"follow","max-snippet":"max-snippet:-1","max-image-preview":"max-image-preview:large","max-video-preview":"max-video-preview:-1"},"canonical":"https:\/\/leaderschool.pl\/ostrow-wielkopolski\/angielski-dofinansowany\/","og_locale":"pl_PL","og_type":"article","og_title":"Angielski dofinansowany w Ostrowie Wielkopolskim - Leader School","og_description":"Prowadzisz jednoosobow\u0105 dzia\u0142alno\u015b\u0107 gospodarcz\u0105? Zatrudniasz pracownik\u00f3w? Chcesz lepiej komunikowa\u0107 si\u0119 z klientami angloj\u0119zycznymi? Planujesz otworzy\u0107 oddzia\u0142 firmy za granic\u0105? Pracownicy pytaj\u0105 Ci\u0119 o kursy w zakresie j\u0119zyka angielskiego? Chcesz zrobi\u0107 to wszystko, ale ograniczaj\u0105 Ci\u0119 finanse? Teraz mo\u017cesz zrealizowa\u0107 w swojej firmie kurs j\u0119zyka angielskiego z dofinansowaniem. Kursy s\u0105 dofinansowane ze \u015brodk\u00f3w Unii Europejskiej w [&hellip;]","og_url":"https:\/\/leaderschool.pl\/ostrow-wielkopolski\/angielski-dofinansowany\/","og_site_name":"w Ostrowie Wielkopolskim - Leader School","article_modified_time":"2022-07-29T09:46:06+00:00","twitter_card":"summary_large_image","twitter_misc":{"Szacowany czas czytania":"3 minuty"},"schema":{"@context":"https:\/\/schema.org","@graph":[{"@type":"WebSite","@id":"https:\/\/leaderschool.pl\/ostrow-wielkopolski\/#website","url":"https:\/\/leaderschool.pl\/ostrow-wielkopolski\/","name":"w Ostrowie Wielkopolskim - Leader School","description":"","potentialAction":[{"@type":"SearchAction","target":{"@type":"EntryPoint","urlTemplate":"https:\/\/leaderschool.pl\/ostrow-wielkopolski\/?s={search_term_string}"},"query-input":"required name=search_term_string"}],"inLanguage":"pl-PL"},{"@type":"WebPage","@id":"https:\/\/leaderschool.pl\/ostrow-wielkopolski\/angielski-dofinansowany\/#webpage","url":"https:\/\/leaderschool.pl\/ostrow-wielkopolski\/angielski-dofinansowany\/","name":"Angielski dofinansowany w Ostrowie Wielkopolskim - Leader School","isPartOf":{"@id":"https:\/\/leaderschool.pl\/ostrow-wielkopolski\/#website"},"datePublished":"2022-07-24T14:37:35+00:00","dateModified":"2022-07-29T09:46:06+00:00","breadcrumb":{"@id":"https:\/\/leaderschool.pl\/ostrow-wielkopolski\/angielski-dofinansowany\/#breadcrumb"},"inLanguage":"pl-PL","potentialAction":[{"@type":"ReadAction","target":["https:\/\/leaderschool.pl\/ostrow-wielkopolski\/angielski-dofinansowany\/"]}]},{"@type":"BreadcrumbList","@id":"https:\/\/leaderschool.pl\/ostrow-wielkopolski\/angielski-dofinansowany\/#breadcrumb","itemListElement":[{"@type":"ListItem","position":1,"name":"Home","item":"https:\/\/leaderschool.pl\/ostrow-wielkopolski\/"},{"@type":"ListItem","position":2,"name":"Angielski dofinansowany"}]}]}},"_links":{"self":[{"href":"https:\/\/leaderschool.pl\/ostrow-wielkopolski\/wp-json\/wp\/v2\/pages\/2617"}],"collection":[{"href":"https:\/\/leaderschool.pl\/ostrow-wielkopolski\/wp-json\/wp\/v2\/pages"}],"about":[{"href":"https:\/\/leaderschool.pl\/ostrow-wielkopolski\/wp-json\/wp\/v2\/types\/page"}],"author":[{"embeddable":true,"href":"https:\/\/leaderschool.pl\/ostrow-wielkopolski\/wp-json\/wp\/v2\/users\/3"}],"replies":[{"embeddable":true,"href":"https:\/\/leaderschool.pl\/ostrow-wielkopolski\/wp-json\/wp\/v2\/comments?post=2617"}],"version-history":[{"count":2,"href":"https:\/\/leaderschool.pl\/ostrow-wielkopolski\/wp-json\/wp\/v2\/pages\/2617\/revisions"}],"predecessor-version":[{"id":2641,"href":"https:\/\/leaderschool.pl\/ostrow-wielkopolski\/wp-json\/wp\/v2\/pages\/2617\/revisions\/2641"}],"wp:attachment":[{"href":"https:\/\/leaderschool.pl\/ostrow-wielkopolski\/wp-json\/wp\/v2\/media?parent=2617"}],"curies":[{"name":"wp","href":"https:\/\/api.w.org\/{rel}","templated":true}]}}