{"id":2598,"date":"2022-07-24T16:42:42","date_gmt":"2022-07-24T14:42:42","guid":{"rendered":"https:\/\/leaderschool.sellision.dev\/legionowo\/?page_id=2598"},"modified":"2022-07-24T16:42:43","modified_gmt":"2022-07-24T14:42:43","slug":"stanag-6001%ef%bf%bc","status":"publish","type":"page","link":"https:\/\/leaderschool.pl\/legionowo\/stanag-6001%ef%bf%bc\/","title":{"rendered":"STANAG 6001\ufffc"},"content":{"rendered":"\n<p>EGZAMIN RESORTOWY MON<br>Przygotowanie do egzaminu resortowego dla \u017co\u0142nierzy zawodowych, pracownik\u00f3w wojska &#8211; zaj\u0119cia pod k\u0105tem doskonalenia 4 sprawno\u015bci j\u0119zykowych niezb\u0119dnych do zdania egzaminu: CZYTANIE, S\u0141UCHANIE, M\u00d3WIENIE, PISANIE na poziomie 1 i 2.<\/p>\n\n\n\n<p>PRZYGOTOWANIE DO EGZAMINU RESORTOWEGO<br>ZE ZNAJOMO\u015aCI J\u0118ZYKA ANGIELSKIEGO wg STANAG 6001:<br>&#8211; na poziomie 1 (SPJ 1111)<br>&#8211; na poziomie 2 (SPJ 2222).<\/p>\n","protected":false},"excerpt":{"rendered":"<p>EGZAMIN RESORTOWY MONPrzygotowanie do egzaminu resortowego dla \u017co\u0142nierzy zawodowych, pracownik\u00f3w wojska &#8211; zaj\u0119cia pod k\u0105tem doskonalenia 4 sprawno\u015bci j\u0119zykowych niezb\u0119dnych do zdania egzaminu: CZYTANIE, S\u0141UCHANIE, M\u00d3WIENIE, PISANIE na poziomie 1 i 2. PRZYGOTOWANIE DO EGZAMINU RESORTOWEGOZE ZNAJOMO\u015aCI J\u0118ZYKA ANGIELSKIEGO wg STANAG 6001:&#8211; na poziomie 1 (SPJ 1111)&#8211; na poziomie 2 (SPJ 2222).<\/p>\n","protected":false},"author":3,"featured_media":0,"parent":0,"menu_order":0,"comment_status":"closed","ping_status":"closed","template":"","meta":{"ngg_post_thumbnail":0},"acf":[],"yoast_head":"<!-- This site is optimized with the Yoast SEO plugin v18.9 - https:\/\/yoast.com\/wordpress\/plugins\/seo\/ -->\n<title>STANAG 6001\ufffc w Legionowie - Leader School<\/title>\n<meta name=\"robots\" content=\"index, follow, max-snippet:-1, max-image-preview:large, max-video-preview:-1\" \/>\n<link rel=\"canonical\" href=\"https:\/\/leaderschool.pl\/legionowo\/stanag-6001\ufffc\/\" \/>\n<meta property=\"og:locale\" content=\"pl_PL\" \/>\n<meta property=\"og:type\" content=\"article\" \/>\n<meta property=\"og:title\" content=\"STANAG 6001\ufffc w Legionowie - Leader School\" \/>\n<meta property=\"og:description\" content=\"EGZAMIN RESORTOWY MONPrzygotowanie do egzaminu resortowego dla \u017co\u0142nierzy zawodowych, pracownik\u00f3w wojska &#8211; zaj\u0119cia pod k\u0105tem doskonalenia 4 sprawno\u015bci j\u0119zykowych niezb\u0119dnych do zdania egzaminu: CZYTANIE, S\u0141UCHANIE, M\u00d3WIENIE, PISANIE na poziomie 1 i 2. PRZYGOTOWANIE DO EGZAMINU RESORTOWEGOZE ZNAJOMO\u015aCI J\u0118ZYKA ANGIELSKIEGO wg STANAG 6001:&#8211; na poziomie 1 (SPJ 1111)&#8211; na poziomie 2 (SPJ 2222).\" \/>\n<meta property=\"og:url\" content=\"https:\/\/leaderschool.pl\/legionowo\/stanag-6001\ufffc\/\" \/>\n<meta property=\"og:site_name\" content=\"w Legionowie - Leader School\" \/>\n<meta property=\"article:modified_time\" content=\"2022-07-24T14:42:43+00:00\" \/>\n<meta name=\"twitter:card\" content=\"summary_large_image\" \/>\n<meta name=\"twitter:label1\" content=\"Szacowany czas czytania\" \/>\n\t<meta name=\"twitter:data1\" content=\"1 minuta\" \/>\n<script type=\"application\/ld+json\" class=\"yoast-schema-graph\">{\"@context\":\"https:\/\/schema.org\",\"@graph\":[{\"@type\":\"WebSite\",\"@id\":\"https:\/\/leaderschool.pl\/legionowo\/#website\",\"url\":\"https:\/\/leaderschool.pl\/legionowo\/\",\"name\":\"w Legionowie - Leader School\",\"description\":\"\",\"potentialAction\":[{\"@type\":\"SearchAction\",\"target\":{\"@type\":\"EntryPoint\",\"urlTemplate\":\"https:\/\/leaderschool.pl\/legionowo\/?s={search_term_string}\"},\"query-input\":\"required name=search_term_string\"}],\"inLanguage\":\"pl-PL\"},{\"@type\":\"WebPage\",\"@id\":\"https:\/\/leaderschool.pl\/legionowo\/stanag-6001%ef%bf%bc\/#webpage\",\"url\":\"https:\/\/leaderschool.pl\/legionowo\/stanag-6001%ef%bf%bc\/\",\"name\":\"STANAG 6001\ufffc w Legionowie - Leader School\",\"isPartOf\":{\"@id\":\"https:\/\/leaderschool.pl\/legionowo\/#website\"},\"datePublished\":\"2022-07-24T14:42:42+00:00\",\"dateModified\":\"2022-07-24T14:42:43+00:00\",\"breadcrumb\":{\"@id\":\"https:\/\/leaderschool.pl\/legionowo\/stanag-6001%ef%bf%bc\/#breadcrumb\"},\"inLanguage\":\"pl-PL\",\"potentialAction\":[{\"@type\":\"ReadAction\",\"target\":[\"https:\/\/leaderschool.pl\/legionowo\/stanag-6001%ef%bf%bc\/\"]}]},{\"@type\":\"BreadcrumbList\",\"@id\":\"https:\/\/leaderschool.pl\/legionowo\/stanag-6001%ef%bf%bc\/#breadcrumb\",\"itemListElement\":[{\"@type\":\"ListItem\",\"position\":1,\"name\":\"Home\",\"item\":\"https:\/\/leaderschool.pl\/legionowo\/\"},{\"@type\":\"ListItem\",\"position\":2,\"name\":\"STANAG 6001\ufffc\"}]}]}<\/script>\n<!-- \/ Yoast SEO plugin. -->","yoast_head_json":{"title":"STANAG 6001\ufffc w Legionowie - Leader School","robots":{"index":"index","follow":"follow","max-snippet":"max-snippet:-1","max-image-preview":"max-image-preview:large","max-video-preview":"max-video-preview:-1"},"canonical":"https:\/\/leaderschool.pl\/legionowo\/stanag-6001\ufffc\/","og_locale":"pl_PL","og_type":"article","og_title":"STANAG 6001\ufffc w Legionowie - Leader School","og_description":"EGZAMIN RESORTOWY MONPrzygotowanie do egzaminu resortowego dla \u017co\u0142nierzy zawodowych, pracownik\u00f3w wojska &#8211; zaj\u0119cia pod k\u0105tem doskonalenia 4 sprawno\u015bci j\u0119zykowych niezb\u0119dnych do zdania egzaminu: CZYTANIE, S\u0141UCHANIE, M\u00d3WIENIE, PISANIE na poziomie 1 i 2. PRZYGOTOWANIE DO EGZAMINU RESORTOWEGOZE ZNAJOMO\u015aCI J\u0118ZYKA ANGIELSKIEGO wg STANAG 6001:&#8211; na poziomie 1 (SPJ 1111)&#8211; na poziomie 2 (SPJ 2222).","og_url":"https:\/\/leaderschool.pl\/legionowo\/stanag-6001\ufffc\/","og_site_name":"w Legionowie - Leader School","article_modified_time":"2022-07-24T14:42:43+00:00","twitter_card":"summary_large_image","twitter_misc":{"Szacowany czas czytania":"1 minuta"},"schema":{"@context":"https:\/\/schema.org","@graph":[{"@type":"WebSite","@id":"https:\/\/leaderschool.pl\/legionowo\/#website","url":"https:\/\/leaderschool.pl\/legionowo\/","name":"w Legionowie - Leader School","description":"","potentialAction":[{"@type":"SearchAction","target":{"@type":"EntryPoint","urlTemplate":"https:\/\/leaderschool.pl\/legionowo\/?s={search_term_string}"},"query-input":"required name=search_term_string"}],"inLanguage":"pl-PL"},{"@type":"WebPage","@id":"https:\/\/leaderschool.pl\/legionowo\/stanag-6001%ef%bf%bc\/#webpage","url":"https:\/\/leaderschool.pl\/legionowo\/stanag-6001%ef%bf%bc\/","name":"STANAG 6001\ufffc w Legionowie - Leader School","isPartOf":{"@id":"https:\/\/leaderschool.pl\/legionowo\/#website"},"datePublished":"2022-07-24T14:42:42+00:00","dateModified":"2022-07-24T14:42:43+00:00","breadcrumb":{"@id":"https:\/\/leaderschool.pl\/legionowo\/stanag-6001%ef%bf%bc\/#breadcrumb"},"inLanguage":"pl-PL","potentialAction":[{"@type":"ReadAction","target":["https:\/\/leaderschool.pl\/legionowo\/stanag-6001%ef%bf%bc\/"]}]},{"@type":"BreadcrumbList","@id":"https:\/\/leaderschool.pl\/legionowo\/stanag-6001%ef%bf%bc\/#breadcrumb","itemListElement":[{"@type":"ListItem","position":1,"name":"Home","item":"https:\/\/leaderschool.pl\/legionowo\/"},{"@type":"ListItem","position":2,"name":"STANAG 6001\ufffc"}]}]}},"_links":{"self":[{"href":"https:\/\/leaderschool.pl\/legionowo\/wp-json\/wp\/v2\/pages\/2598"}],"collection":[{"href":"https:\/\/leaderschool.pl\/legionowo\/wp-json\/wp\/v2\/pages"}],"about":[{"href":"https:\/\/leaderschool.pl\/legionowo\/wp-json\/wp\/v2\/types\/page"}],"author":[{"embeddable":true,"href":"https:\/\/leaderschool.pl\/legionowo\/wp-json\/wp\/v2\/users\/3"}],"replies":[{"embeddable":true,"href":"https:\/\/leaderschool.pl\/legionowo\/wp-json\/wp\/v2\/comments?post=2598"}],"version-history":[{"count":1,"href":"https:\/\/leaderschool.pl\/legionowo\/wp-json\/wp\/v2\/pages\/2598\/revisions"}],"predecessor-version":[{"id":2599,"href":"https:\/\/leaderschool.pl\/legionowo\/wp-json\/wp\/v2\/pages\/2598\/revisions\/2599"}],"wp:attachment":[{"href":"https:\/\/leaderschool.pl\/legionowo\/wp-json\/wp\/v2\/media?parent=2598"}],"curies":[{"name":"wp","href":"https:\/\/api.w.org\/{rel}","templated":true}]}}