{"id":2596,"date":"2022-07-24T16:41:53","date_gmt":"2022-07-24T14:41:53","guid":{"rendered":"https:\/\/leaderschool.sellision.dev\/legionowo\/?page_id=2596"},"modified":"2022-07-29T17:41:19","modified_gmt":"2022-07-29T15:41:19","slug":"jezyk-rosyjski","status":"publish","type":"page","link":"https:\/\/leaderschool.pl\/legionowo\/jezyk-rosyjski\/","title":{"rendered":"J\u0119zyk rosyjski"},"content":{"rendered":"\n<p>Rosja to poezja Puszkina, proza Bu\u0142hakowa i Dostojewskiego oraz mityczna posta\u0107 Rasputina. To Cerkiew Wasyla B\u0142ogos\u0142awionego w Moskwie zachwycaj\u0105ca bogactwem kolor\u00f3w czy matrioszki ubrane w pi\u0119kne, ludowe wzory, uosabiaj\u0105ce tradycyjne warto\u015bci, a tak\u017ce rosyjski samowar.<\/p>\n\n\n\n<h2>J\u0119zyk rosyjski w Legionowie \u2013 wyj\u0105tkowa oferta Leader School<\/h2>\n\n\n\n<p>Jako pierwszym j\u0119zykiem pos\u0142uguje si\u0119 nim oko\u0142o 160 milion\u00f3w ludzi, a w\u0142ada \u2013 prawie 260 milion\u00f3w. Wywar\u0142 wp\u0142yw na kszta\u0142t j\u0119zyka polskiego i odwrotnie \u2013 niegdy\u015b nasza ojczysta mowa by\u0142a jednym z g\u0142\u00f3wnych \u017ar\u00f3de\u0142 wyraz\u00f3w europejskich oraz cieszy\u0142 si\u0119 popularno\u015bci\u0105 w\u015br\u00f3d rosyjskiej inteligencji. Oba j\u0119zyki s\u0105 silnie fleksyjne \u2013 w trakcie jego nauki b\u0119dziemy mie\u0107 do czynienia z trzema rodzajami gramatycznymi i sze\u015bcioma przypadkami.<\/p>\n\n\n\n<p>Nasza wyszkolona, certyfikowana kadra nauczycielska w swojej praktyce wykorzystuje nowoczesn\u0105 metod\u0119 efektywnego nauczania \u2013 BLS. Blended Learning System to unikalna metodyka zaj\u0119\u0107, podczas kt\u00f3rych wykorzystuje si\u0119 r\u00f3\u017cnorodne materia\u0142y, co przek\u0142ada si\u0119 na wzrost efektywno\u015bci przyswajania informacji.<\/p>\n\n\n\n<p>Zawsze maksymalnie wykorzystujemy czas zaj\u0119\u0107, nie przeci\u0105\u017caj\u0105c przy tym naszych uczni\u00f3w. Dbamy o balans pomi\u0119dzy skuteczno\u015bci\u0105 a przyjemno\u015bci\u0105 uczenia si\u0119, dzi\u0119ki czemu poznawanie j\u0119zyka rosyjskiego ma szans\u0119 sta\u0107 si\u0119 prawdziw\u0105 pasj\u0105.<\/p>\n\n\n\n<h2>Warto poznawa\u0107 j\u0119zyk rosyjski! Legionowo<\/h2>\n\n\n\n<p>J\u0119zyk rosyjski to nie tylko s\u0142ownictwo, gramatyka czy nauka poprawnej wymowy, ale tak\u017ce szansa na zrozumienie odmiennej kultury.<\/p>\n\n\n\n<p>Poprzez j\u0119zyk dowiadujemy si\u0119 czego\u015b o ludziach, dla kt\u00f3rych jest on ojczysty, o ich my\u015bleniu, zwyczajach, przes\u0105dach. To nie tylko niezwykle ciekawe, ale te\u017c warto\u015bciowe do\u015bwiadczenie dla ka\u017cdego bez wzgl\u0119du na wiek.<\/p>\n\n\n\n<p>Nauka j\u0119zyka rosyjskiego mo\u017ce by\u0107 przepi\u0119kn\u0105 podr\u00f3\u017c\u0105. Warto samemu si\u0119 o tym przekona\u0107.<\/p>\n\n\n\n<h2>Efektywna nauka rosyjskiego | Legionowo, Leader School<\/h2>\n\n\n\n<p>Nasze nauczanie to gwarancja wysokiej skuteczno\u015bci \u2013 dopasowujemy program oraz metody indywidualnie do ka\u017cdego ucznia, co pozwala mu wydajnie przyswaja\u0107 nowe informacje i rozwija\u0107 swoje kompetencje j\u0119zykowe.<\/p>\n\n\n\n<p>J\u0119zyka rosyjskiego uczymy tak\u017ce dzieci oraz m\u0142odzie\u017c z wykorzystaniem znajomo\u015bci naturalnego procesu nabywania przez najm\u0142odszych umiej\u0119tno\u015bci j\u0119zykowych i komunikowania si\u0119. Nauka j\u0119zyka rosyjskiego w naszej szkole to tak\u017ce korzystanie z przydatnych technik pami\u0119ciowych, a tak\u017ce doskonalenie koncentracji. Dzi\u0119ki nam dzieci nie kojarz\u0105 przyswajania j\u0119zyka rosyjskiego (Legionowo) z przykrym obowi\u0105zkiem szkolnym i lubi\u0105 uczestniczy\u0107 w naszych zaj\u0119ciach.<\/p>\n\n\n\n<p>Leader School to skuteczna nauka j\u0119zyka rosyjskiego, kt\u00f3ra szybko staje si\u0119 pasj\u0105!<\/p>\n","protected":false},"excerpt":{"rendered":"<p>Rosja to poezja Puszkina, proza Bu\u0142hakowa i Dostojewskiego oraz mityczna posta\u0107 Rasputina. To Cerkiew Wasyla B\u0142ogos\u0142awionego w Moskwie zachwycaj\u0105ca bogactwem kolor\u00f3w czy matrioszki ubrane w pi\u0119kne, ludowe wzory, uosabiaj\u0105ce tradycyjne warto\u015bci, a tak\u017ce rosyjski samowar. J\u0119zyk rosyjski w Legionowie \u2013 wyj\u0105tkowa oferta Leader School Jako pierwszym j\u0119zykiem pos\u0142uguje si\u0119 nim oko\u0142o 160 milion\u00f3w ludzi, a [&hellip;]<\/p>\n","protected":false},"author":3,"featured_media":0,"parent":0,"menu_order":0,"comment_status":"closed","ping_status":"closed","template":"","meta":{"ngg_post_thumbnail":0},"acf":[],"yoast_head":"<!-- This site is optimized with the Yoast SEO plugin v18.9 - https:\/\/yoast.com\/wordpress\/plugins\/seo\/ -->\n<title>J\u0119zyk rosyjski w Legionowie - Leader School<\/title>\n<meta name=\"robots\" content=\"index, follow, max-snippet:-1, max-image-preview:large, max-video-preview:-1\" \/>\n<link rel=\"canonical\" href=\"https:\/\/leaderschool.pl\/legionowo\/jezyk-rosyjski\/\" \/>\n<meta property=\"og:locale\" content=\"pl_PL\" \/>\n<meta property=\"og:type\" content=\"article\" \/>\n<meta property=\"og:title\" content=\"J\u0119zyk rosyjski w Legionowie - Leader School\" \/>\n<meta property=\"og:description\" content=\"Rosja to poezja Puszkina, proza Bu\u0142hakowa i Dostojewskiego oraz mityczna posta\u0107 Rasputina. To Cerkiew Wasyla B\u0142ogos\u0142awionego w Moskwie zachwycaj\u0105ca bogactwem kolor\u00f3w czy matrioszki ubrane w pi\u0119kne, ludowe wzory, uosabiaj\u0105ce tradycyjne warto\u015bci, a tak\u017ce rosyjski samowar. J\u0119zyk rosyjski w Legionowie \u2013 wyj\u0105tkowa oferta Leader School Jako pierwszym j\u0119zykiem pos\u0142uguje si\u0119 nim oko\u0142o 160 milion\u00f3w ludzi, a [&hellip;]\" \/>\n<meta property=\"og:url\" content=\"https:\/\/leaderschool.pl\/legionowo\/jezyk-rosyjski\/\" \/>\n<meta property=\"og:site_name\" content=\"w Legionowie - Leader School\" \/>\n<meta property=\"article:modified_time\" content=\"2022-07-29T15:41:19+00:00\" \/>\n<meta name=\"twitter:card\" content=\"summary_large_image\" \/>\n<meta name=\"twitter:label1\" content=\"Szacowany czas czytania\" \/>\n\t<meta name=\"twitter:data1\" content=\"3 minuty\" \/>\n<script type=\"application\/ld+json\" class=\"yoast-schema-graph\">{\"@context\":\"https:\/\/schema.org\",\"@graph\":[{\"@type\":\"WebSite\",\"@id\":\"https:\/\/leaderschool.pl\/legionowo\/#website\",\"url\":\"https:\/\/leaderschool.pl\/legionowo\/\",\"name\":\"w Legionowie - Leader School\",\"description\":\"\",\"potentialAction\":[{\"@type\":\"SearchAction\",\"target\":{\"@type\":\"EntryPoint\",\"urlTemplate\":\"https:\/\/leaderschool.pl\/legionowo\/?s={search_term_string}\"},\"query-input\":\"required name=search_term_string\"}],\"inLanguage\":\"pl-PL\"},{\"@type\":\"WebPage\",\"@id\":\"https:\/\/leaderschool.pl\/legionowo\/jezyk-rosyjski\/#webpage\",\"url\":\"https:\/\/leaderschool.pl\/legionowo\/jezyk-rosyjski\/\",\"name\":\"J\u0119zyk rosyjski w Legionowie - Leader School\",\"isPartOf\":{\"@id\":\"https:\/\/leaderschool.pl\/legionowo\/#website\"},\"datePublished\":\"2022-07-24T14:41:53+00:00\",\"dateModified\":\"2022-07-29T15:41:19+00:00\",\"breadcrumb\":{\"@id\":\"https:\/\/leaderschool.pl\/legionowo\/jezyk-rosyjski\/#breadcrumb\"},\"inLanguage\":\"pl-PL\",\"potentialAction\":[{\"@type\":\"ReadAction\",\"target\":[\"https:\/\/leaderschool.pl\/legionowo\/jezyk-rosyjski\/\"]}]},{\"@type\":\"BreadcrumbList\",\"@id\":\"https:\/\/leaderschool.pl\/legionowo\/jezyk-rosyjski\/#breadcrumb\",\"itemListElement\":[{\"@type\":\"ListItem\",\"position\":1,\"name\":\"Home\",\"item\":\"https:\/\/leaderschool.pl\/legionowo\/\"},{\"@type\":\"ListItem\",\"position\":2,\"name\":\"J\u0119zyk rosyjski\"}]}]}<\/script>\n<!-- \/ Yoast SEO plugin. -->","yoast_head_json":{"title":"J\u0119zyk rosyjski w Legionowie - Leader School","robots":{"index":"index","follow":"follow","max-snippet":"max-snippet:-1","max-image-preview":"max-image-preview:large","max-video-preview":"max-video-preview:-1"},"canonical":"https:\/\/leaderschool.pl\/legionowo\/jezyk-rosyjski\/","og_locale":"pl_PL","og_type":"article","og_title":"J\u0119zyk rosyjski w Legionowie - Leader School","og_description":"Rosja to poezja Puszkina, proza Bu\u0142hakowa i Dostojewskiego oraz mityczna posta\u0107 Rasputina. To Cerkiew Wasyla B\u0142ogos\u0142awionego w Moskwie zachwycaj\u0105ca bogactwem kolor\u00f3w czy matrioszki ubrane w pi\u0119kne, ludowe wzory, uosabiaj\u0105ce tradycyjne warto\u015bci, a tak\u017ce rosyjski samowar. J\u0119zyk rosyjski w Legionowie \u2013 wyj\u0105tkowa oferta Leader School Jako pierwszym j\u0119zykiem pos\u0142uguje si\u0119 nim oko\u0142o 160 milion\u00f3w ludzi, a [&hellip;]","og_url":"https:\/\/leaderschool.pl\/legionowo\/jezyk-rosyjski\/","og_site_name":"w Legionowie - Leader School","article_modified_time":"2022-07-29T15:41:19+00:00","twitter_card":"summary_large_image","twitter_misc":{"Szacowany czas czytania":"3 minuty"},"schema":{"@context":"https:\/\/schema.org","@graph":[{"@type":"WebSite","@id":"https:\/\/leaderschool.pl\/legionowo\/#website","url":"https:\/\/leaderschool.pl\/legionowo\/","name":"w Legionowie - Leader School","description":"","potentialAction":[{"@type":"SearchAction","target":{"@type":"EntryPoint","urlTemplate":"https:\/\/leaderschool.pl\/legionowo\/?s={search_term_string}"},"query-input":"required name=search_term_string"}],"inLanguage":"pl-PL"},{"@type":"WebPage","@id":"https:\/\/leaderschool.pl\/legionowo\/jezyk-rosyjski\/#webpage","url":"https:\/\/leaderschool.pl\/legionowo\/jezyk-rosyjski\/","name":"J\u0119zyk rosyjski w Legionowie - Leader School","isPartOf":{"@id":"https:\/\/leaderschool.pl\/legionowo\/#website"},"datePublished":"2022-07-24T14:41:53+00:00","dateModified":"2022-07-29T15:41:19+00:00","breadcrumb":{"@id":"https:\/\/leaderschool.pl\/legionowo\/jezyk-rosyjski\/#breadcrumb"},"inLanguage":"pl-PL","potentialAction":[{"@type":"ReadAction","target":["https:\/\/leaderschool.pl\/legionowo\/jezyk-rosyjski\/"]}]},{"@type":"BreadcrumbList","@id":"https:\/\/leaderschool.pl\/legionowo\/jezyk-rosyjski\/#breadcrumb","itemListElement":[{"@type":"ListItem","position":1,"name":"Home","item":"https:\/\/leaderschool.pl\/legionowo\/"},{"@type":"ListItem","position":2,"name":"J\u0119zyk rosyjski"}]}]}},"_links":{"self":[{"href":"https:\/\/leaderschool.pl\/legionowo\/wp-json\/wp\/v2\/pages\/2596"}],"collection":[{"href":"https:\/\/leaderschool.pl\/legionowo\/wp-json\/wp\/v2\/pages"}],"about":[{"href":"https:\/\/leaderschool.pl\/legionowo\/wp-json\/wp\/v2\/types\/page"}],"author":[{"embeddable":true,"href":"https:\/\/leaderschool.pl\/legionowo\/wp-json\/wp\/v2\/users\/3"}],"replies":[{"embeddable":true,"href":"https:\/\/leaderschool.pl\/legionowo\/wp-json\/wp\/v2\/comments?post=2596"}],"version-history":[{"count":2,"href":"https:\/\/leaderschool.pl\/legionowo\/wp-json\/wp\/v2\/pages\/2596\/revisions"}],"predecessor-version":[{"id":2623,"href":"https:\/\/leaderschool.pl\/legionowo\/wp-json\/wp\/v2\/pages\/2596\/revisions\/2623"}],"wp:attachment":[{"href":"https:\/\/leaderschool.pl\/legionowo\/wp-json\/wp\/v2\/media?parent=2596"}],"curies":[{"name":"wp","href":"https:\/\/api.w.org\/{rel}","templated":true}]}}