{"id":2594,"date":"2022-07-24T16:41:21","date_gmt":"2022-07-24T14:41:21","guid":{"rendered":"https:\/\/leaderschool.sellision.dev\/legionowo\/?page_id=2594"},"modified":"2022-07-29T17:41:14","modified_gmt":"2022-07-29T15:41:14","slug":"jezyk-ukrainski%ef%bf%bc","status":"publish","type":"page","link":"https:\/\/leaderschool.pl\/legionowo\/jezyk-ukrainski%ef%bf%bc\/","title":{"rendered":"J\u0119zyk ukrai\u0144ski"},"content":{"rendered":"\n<p>Ukraina \u2013 kraj, kt\u00f3rego mieszka\u0144cy obrali sobie za symbol promienny s\u0142onecznik, maj\u0105cy im zapewni\u0107 zdrowie oraz dobre \u017cycie. Kwiat ten pojawia si\u0119 tak\u017ce w wielu lokalnych legendach. Przynosi im si\u0142\u0119, a tak\u017ce dobre samopoczucie &#8211; pewnie dlatego jest to nar\u00f3d tak serdeczny i przyjazny, a j\u0119zyk ukrai\u0144ski pog\u0142\u0119bia to poczucie.<\/p>\n\n\n\n<h2>J\u0119zyk ukrai\u0144ski w Legionowie, Leader School<\/h2>\n\n\n\n<p>J\u0119zyk ukrai\u0144ski jako jeden ze wschodnios\u0142owia\u0144skich jest do nich podobny ze wzgl\u0119d\u00f3w geograficznych, jak i historycznych. Na kszta\u0142towanie si\u0119 s\u0142ownictwa d\u0142ugotrwa\u0142y wp\u0142yw mia\u0142 nasz ojczysty j\u0119zyk polski.<\/p>\n\n\n\n<p>Z tego powodu nauka tej mowy jest tak fascynuj\u0105ca. Odkrywanie tajemnic j\u0119zyka ukrai\u0144skiego, podobie\u0144stw i r\u00f3\u017cnic w stosunku do polskiego to wspania\u0142a przygoda i \u2013 trzeba przyzna\u0107 \u2013 nie a\u017c tak trudna, jak mog\u0142oby si\u0119 wydawa\u0107.<\/p>\n\n\n\n<p>Wiele s\u0142\u00f3w jest do siebie podobnych, co zwi\u0119ksza motywacj\u0119 do nauki j\u0119zyka ukrai\u0144skiego ju\u017c na samym pocz\u0105tku. Przygotowane przez nas profesjonalne metody nauczania pozwol\u0105 utrzyma\u0107 j\u0105 przez ca\u0142y okres przyswajania j\u0119zyka ukrai\u0144skiego i zmieni\u0107 nauk\u0119 w prawdziw\u0105 pasj\u0119 na ca\u0142e \u017cycie!<\/p>\n\n\n\n<h2>Nauka ukrai\u0144skiego, Legionowo \u2013 poznaj nasze skuteczne metody nauczania<\/h2>\n\n\n\n<p>Dzi\u0119ki stosowanym przez nas nowoczesnym metodom, dostosowanym do Twoich kompetencji j\u0119zykowych mo\u017cemy zapewni\u0107 szybk\u0105, a przede wszystkim efektywn\u0105 nauk\u0119 j\u0119zyka ukrai\u0144skiego w Legionowie. W naszej pracy wykorzystujemy renomowan\u0105 metod\u0119 BLS (Blended Learning System), kt\u00f3ra charakteryzuje si\u0119 \u0142\u0105czeniem wielu rodzaj\u00f3w materia\u0142\u00f3w dydaktycznych. Ksi\u0105\u017cki, audiobooki, platformy e-learningowe \u2013 prowadzimy zaj\u0119cia tak, aby nie by\u0142y monotonne, a zdobyta wiedza pozostaje w umy\u015ble na d\u0142ugo.<\/p>\n\n\n\n<p>Zapraszamy do um\u00f3wienia si\u0119 na bezp\u0142atne zaj\u0119cia pokazowe &#8211; w ten spos\u00f3b pokazujemy niezdecydowanym, jak przyjemna mo\u017ce by\u0107 nauka j\u0119zyka ukrai\u0144skiego!<\/p>\n\n\n\n<h2>Pozw\u00f3l si\u0119 oczarowa\u0107 ukrai\u0144skiej kulturze! | J\u0119zyk ukrai\u0144ski, Legionowo<\/h2>\n\n\n\n<p>Nauka j\u0119zyka ukrai\u0144skiego to nie tylko wkuwanie s\u0142\u00f3wek czy poznawanie zasad gramatyki, to w nim tkwi duch narodu i ca\u0142ej jego historii.<\/p>\n\n\n\n<p>Ukraina to r\u0119cznie wyszywane koszule i matrioszki, niebieskie \u015bciany dom\u00f3w oraz topola, wierzba czy d\u0105b \u2013 symbole tego ludu. To gatunki darowane bliskim jako znak dobrych intencji, a tak\u017ce hojno\u015bci, pracowito\u015bci oraz przywi\u0105zania do ojczyzny.<br>Nar\u00f3d ukrai\u0144ski jest nam bliski geograficznie oraz kulturowo. Przekonaj si\u0119, co nas \u0142\u0105czy, a co jest charakterystyczne i odr\u0119bne. Nauka j\u0119zyka ukrai\u0144skiego w Leader School to intryguj\u0105ca przygoda, kt\u00f3ra zmienia postrzeganie \u015bwiata i poszerza horyzonty.<\/p>\n\n\n\n<p>Leader School to certyfikowani, do\u015bwiadczeni nauczyciele wykorzystuj\u0105cy nowoczesne metody kszta\u0142cenia, kt\u00f3re pozwalaj\u0105 skutecznie i z przyjemno\u015bci\u0105 nauczy\u0107 si\u0119 ka\u017cdego j\u0119zyka. Tak\u017ce ukrai\u0144skiego!<\/p>\n","protected":false},"excerpt":{"rendered":"<p>Ukraina \u2013 kraj, kt\u00f3rego mieszka\u0144cy obrali sobie za symbol promienny s\u0142onecznik, maj\u0105cy im zapewni\u0107 zdrowie oraz dobre \u017cycie. Kwiat ten pojawia si\u0119 tak\u017ce w wielu lokalnych legendach. Przynosi im si\u0142\u0119, a tak\u017ce dobre samopoczucie &#8211; pewnie dlatego jest to nar\u00f3d tak serdeczny i przyjazny, a j\u0119zyk ukrai\u0144ski pog\u0142\u0119bia to poczucie. J\u0119zyk ukrai\u0144ski w Legionowie, Leader [&hellip;]<\/p>\n","protected":false},"author":3,"featured_media":0,"parent":0,"menu_order":0,"comment_status":"closed","ping_status":"closed","template":"","meta":{"ngg_post_thumbnail":0},"acf":[],"yoast_head":"<!-- This site is optimized with the Yoast SEO plugin v18.9 - https:\/\/yoast.com\/wordpress\/plugins\/seo\/ -->\n<title>J\u0119zyk ukrai\u0144ski w Legionowie - Leader School<\/title>\n<meta name=\"robots\" content=\"index, follow, max-snippet:-1, max-image-preview:large, max-video-preview:-1\" \/>\n<link rel=\"canonical\" href=\"https:\/\/leaderschool.pl\/legionowo\/jezyk-ukrainski\ufffc\/\" \/>\n<meta property=\"og:locale\" content=\"pl_PL\" \/>\n<meta property=\"og:type\" content=\"article\" \/>\n<meta property=\"og:title\" content=\"J\u0119zyk ukrai\u0144ski w Legionowie - Leader School\" \/>\n<meta property=\"og:description\" content=\"Ukraina \u2013 kraj, kt\u00f3rego mieszka\u0144cy obrali sobie za symbol promienny s\u0142onecznik, maj\u0105cy im zapewni\u0107 zdrowie oraz dobre \u017cycie. Kwiat ten pojawia si\u0119 tak\u017ce w wielu lokalnych legendach. Przynosi im si\u0142\u0119, a tak\u017ce dobre samopoczucie &#8211; pewnie dlatego jest to nar\u00f3d tak serdeczny i przyjazny, a j\u0119zyk ukrai\u0144ski pog\u0142\u0119bia to poczucie. J\u0119zyk ukrai\u0144ski w Legionowie, Leader [&hellip;]\" \/>\n<meta property=\"og:url\" content=\"https:\/\/leaderschool.pl\/legionowo\/jezyk-ukrainski\ufffc\/\" \/>\n<meta property=\"og:site_name\" content=\"w Legionowie - Leader School\" \/>\n<meta property=\"article:modified_time\" content=\"2022-07-29T15:41:14+00:00\" \/>\n<meta name=\"twitter:card\" content=\"summary_large_image\" \/>\n<meta name=\"twitter:label1\" content=\"Szacowany czas czytania\" \/>\n\t<meta name=\"twitter:data1\" content=\"3 minuty\" \/>\n<script type=\"application\/ld+json\" class=\"yoast-schema-graph\">{\"@context\":\"https:\/\/schema.org\",\"@graph\":[{\"@type\":\"WebSite\",\"@id\":\"https:\/\/leaderschool.pl\/legionowo\/#website\",\"url\":\"https:\/\/leaderschool.pl\/legionowo\/\",\"name\":\"w Legionowie - Leader School\",\"description\":\"\",\"potentialAction\":[{\"@type\":\"SearchAction\",\"target\":{\"@type\":\"EntryPoint\",\"urlTemplate\":\"https:\/\/leaderschool.pl\/legionowo\/?s={search_term_string}\"},\"query-input\":\"required name=search_term_string\"}],\"inLanguage\":\"pl-PL\"},{\"@type\":\"WebPage\",\"@id\":\"https:\/\/leaderschool.pl\/legionowo\/jezyk-ukrainski%ef%bf%bc\/#webpage\",\"url\":\"https:\/\/leaderschool.pl\/legionowo\/jezyk-ukrainski%ef%bf%bc\/\",\"name\":\"J\u0119zyk ukrai\u0144ski w Legionowie - Leader School\",\"isPartOf\":{\"@id\":\"https:\/\/leaderschool.pl\/legionowo\/#website\"},\"datePublished\":\"2022-07-24T14:41:21+00:00\",\"dateModified\":\"2022-07-29T15:41:14+00:00\",\"breadcrumb\":{\"@id\":\"https:\/\/leaderschool.pl\/legionowo\/jezyk-ukrainski%ef%bf%bc\/#breadcrumb\"},\"inLanguage\":\"pl-PL\",\"potentialAction\":[{\"@type\":\"ReadAction\",\"target\":[\"https:\/\/leaderschool.pl\/legionowo\/jezyk-ukrainski%ef%bf%bc\/\"]}]},{\"@type\":\"BreadcrumbList\",\"@id\":\"https:\/\/leaderschool.pl\/legionowo\/jezyk-ukrainski%ef%bf%bc\/#breadcrumb\",\"itemListElement\":[{\"@type\":\"ListItem\",\"position\":1,\"name\":\"Home\",\"item\":\"https:\/\/leaderschool.pl\/legionowo\/\"},{\"@type\":\"ListItem\",\"position\":2,\"name\":\"J\u0119zyk ukrai\u0144ski\"}]}]}<\/script>\n<!-- \/ Yoast SEO plugin. -->","yoast_head_json":{"title":"J\u0119zyk ukrai\u0144ski w Legionowie - Leader School","robots":{"index":"index","follow":"follow","max-snippet":"max-snippet:-1","max-image-preview":"max-image-preview:large","max-video-preview":"max-video-preview:-1"},"canonical":"https:\/\/leaderschool.pl\/legionowo\/jezyk-ukrainski\ufffc\/","og_locale":"pl_PL","og_type":"article","og_title":"J\u0119zyk ukrai\u0144ski w Legionowie - Leader School","og_description":"Ukraina \u2013 kraj, kt\u00f3rego mieszka\u0144cy obrali sobie za symbol promienny s\u0142onecznik, maj\u0105cy im zapewni\u0107 zdrowie oraz dobre \u017cycie. Kwiat ten pojawia si\u0119 tak\u017ce w wielu lokalnych legendach. Przynosi im si\u0142\u0119, a tak\u017ce dobre samopoczucie &#8211; pewnie dlatego jest to nar\u00f3d tak serdeczny i przyjazny, a j\u0119zyk ukrai\u0144ski pog\u0142\u0119bia to poczucie. J\u0119zyk ukrai\u0144ski w Legionowie, Leader [&hellip;]","og_url":"https:\/\/leaderschool.pl\/legionowo\/jezyk-ukrainski\ufffc\/","og_site_name":"w Legionowie - Leader School","article_modified_time":"2022-07-29T15:41:14+00:00","twitter_card":"summary_large_image","twitter_misc":{"Szacowany czas czytania":"3 minuty"},"schema":{"@context":"https:\/\/schema.org","@graph":[{"@type":"WebSite","@id":"https:\/\/leaderschool.pl\/legionowo\/#website","url":"https:\/\/leaderschool.pl\/legionowo\/","name":"w Legionowie - Leader School","description":"","potentialAction":[{"@type":"SearchAction","target":{"@type":"EntryPoint","urlTemplate":"https:\/\/leaderschool.pl\/legionowo\/?s={search_term_string}"},"query-input":"required name=search_term_string"}],"inLanguage":"pl-PL"},{"@type":"WebPage","@id":"https:\/\/leaderschool.pl\/legionowo\/jezyk-ukrainski%ef%bf%bc\/#webpage","url":"https:\/\/leaderschool.pl\/legionowo\/jezyk-ukrainski%ef%bf%bc\/","name":"J\u0119zyk ukrai\u0144ski w Legionowie - Leader School","isPartOf":{"@id":"https:\/\/leaderschool.pl\/legionowo\/#website"},"datePublished":"2022-07-24T14:41:21+00:00","dateModified":"2022-07-29T15:41:14+00:00","breadcrumb":{"@id":"https:\/\/leaderschool.pl\/legionowo\/jezyk-ukrainski%ef%bf%bc\/#breadcrumb"},"inLanguage":"pl-PL","potentialAction":[{"@type":"ReadAction","target":["https:\/\/leaderschool.pl\/legionowo\/jezyk-ukrainski%ef%bf%bc\/"]}]},{"@type":"BreadcrumbList","@id":"https:\/\/leaderschool.pl\/legionowo\/jezyk-ukrainski%ef%bf%bc\/#breadcrumb","itemListElement":[{"@type":"ListItem","position":1,"name":"Home","item":"https:\/\/leaderschool.pl\/legionowo\/"},{"@type":"ListItem","position":2,"name":"J\u0119zyk ukrai\u0144ski"}]}]}},"_links":{"self":[{"href":"https:\/\/leaderschool.pl\/legionowo\/wp-json\/wp\/v2\/pages\/2594"}],"collection":[{"href":"https:\/\/leaderschool.pl\/legionowo\/wp-json\/wp\/v2\/pages"}],"about":[{"href":"https:\/\/leaderschool.pl\/legionowo\/wp-json\/wp\/v2\/types\/page"}],"author":[{"embeddable":true,"href":"https:\/\/leaderschool.pl\/legionowo\/wp-json\/wp\/v2\/users\/3"}],"replies":[{"embeddable":true,"href":"https:\/\/leaderschool.pl\/legionowo\/wp-json\/wp\/v2\/comments?post=2594"}],"version-history":[{"count":2,"href":"https:\/\/leaderschool.pl\/legionowo\/wp-json\/wp\/v2\/pages\/2594\/revisions"}],"predecessor-version":[{"id":2622,"href":"https:\/\/leaderschool.pl\/legionowo\/wp-json\/wp\/v2\/pages\/2594\/revisions\/2622"}],"wp:attachment":[{"href":"https:\/\/leaderschool.pl\/legionowo\/wp-json\/wp\/v2\/media?parent=2594"}],"curies":[{"name":"wp","href":"https:\/\/api.w.org\/{rel}","templated":true}]}}