{"id":2592,"date":"2022-07-24T16:40:41","date_gmt":"2022-07-24T14:40:41","guid":{"rendered":"https:\/\/leaderschool.sellision.dev\/legionowo\/?page_id=2592"},"modified":"2022-07-29T17:43:53","modified_gmt":"2022-07-29T15:43:53","slug":"miedzynarodowe-egzaminy-cae","status":"publish","type":"page","link":"https:\/\/leaderschool.pl\/legionowo\/miedzynarodowe-egzaminy-cae\/","title":{"rendered":"Mi\u0119dzynarodowy egzamin CAE"},"content":{"rendered":"\n<h2>Mi\u0119dzynarodowe egzaminy CAE &#8211; Legionowo<\/h2>\n\n\n\n<p>Posiadanie certyfikatu CAE jest bardzo po\u017c\u0105dane zar\u00f3wno na rynku pracy, jak i w \u015brodowiskach naukowych. Pozwala on na zwolnienie studenta z obowi\u0105zku uczestnictwa na lektoratach z j\u0119zyka angielskiego czy z konieczno\u015bci odbywania egzamin\u00f3w ko\u0144cowych. Osoby, kt\u00f3rych umiej\u0119tno\u015bci po\u015bwiadczone s\u0105 certyfikatem CAE, mog\u0105 ubiega\u0107 si\u0119 o wzi\u0119cie udzia\u0142u w mi\u0119dzynarodowych programach wymiany mi\u0119dzy uczelniami. Opr\u00f3cz tego wiele \u015brodowisk zawodowych, w tym presti\u017cowi pracodawcy honoruj\u0105 ten certyfikat. \u0141\u0105cznie obejmuje on ponad 3 tysi\u0105ce instytucji na ca\u0142ym \u015bwiecie, w kt\u00f3rych sk\u0142ad wchodz\u0105 nawet agencje rz\u0105dowe.<\/p>\n\n\n\n<p>Co bardzo wa\u017cne &#8211; uzyskany certyfikat nigdy nie traci na wa\u017cno\u015bci. Uzyskany stopie\u0144 uznawany jest na ca\u0142ym \u015bwiecie bezterminowo. Postawienie sobie celu, jakim jest zdobycie tych kwalifikacji j\u0119zykowych po\u015bwiadczonych certyfikatem sprawia, \u017ce nauka mo\u017ce sta\u0107 si\u0119 jeszcze bardziej efektywna.<\/p>\n\n\n\n<h2>Struktura egzaminu<\/h2>\n\n\n\n<p>Egzamin sk\u0142ada si\u0119 z dw\u00f3ch cz\u0119\u015bci i czterech aspekt\u00f3w. Pierwsz\u0105 z nich jest cz\u0119\u015b\u0107 pisemna, obejmuj\u0105ca test gramatyczno-leksykalny. To najbardziej punktowana sk\u0142adowa egzaminu, poniewa\u017c stanowi a\u017c 40% warto\u015bci. Na odpowied\u017a na zawarte tu pytania zosta\u0142o przeznaczone p\u00f3\u0142torej godziny.<\/p>\n\n\n\n<p>Kolejnym elementem testu jest cz\u0119\u015b\u0107 dotycz\u0105ca pisania. Na jej wykonanie kandydat r\u00f3wnie\u017c ma p\u00f3\u0142torej godziny. Jej procentowy udzia\u0142 wynosi tu zaledwie 20%.<\/p>\n\n\n\n<p>Nast\u0119pnym elementem sk\u0142adowym egzaminu jest s\u0142uchanie. Przeznaczony czas na wykonanie tej cz\u0119\u015bci to 40 minut, a pytania wynosz\u0105 20% wk\u0142adu procentowego w ca\u0142o\u015b\u0107.<\/p>\n\n\n\n<p>Ostatni element, kt\u00f3ry zawiera si\u0119 w cz\u0119\u015bci ustnej, stanowi m\u00f3wienie. Przebiega ono w nieco odr\u0119bny spos\u00f3b, poniewa\u017c kandydat musi odby\u0107 rozmow\u0119 z innym uczestnikiem. Wszystko jest kontrolowane przez dwoje egzaminator\u00f3w.<\/p>\n\n\n\n<h2>Przygotowanie do egzaminu<\/h2>\n\n\n\n<p>Egzamin CAE jest z\u0142o\u017conym testem, kt\u00f3ry wymaga od kandydata sporych zdolno\u015bci z zakresu j\u0119zyka angielskiego. Samodzielne przygotowanie mo\u017ce si\u0119 okaza\u0107 niewystarczaj\u0105ce, gdy\u017c bez do\u015bwiadczonego nauczyciela mo\u017cna nie zauwa\u017cy\u0107 pope\u0142nianych b\u0142\u0119d\u00f3w. Niekt\u00f3re kwestie gramatyczne s\u0105 r\u00f3wnie\u017c skomplikowane na tyle, \u017ce ich fachowe, a przede wszystkim zrozumia\u0142e wyt\u0142umaczenie mo\u017ce zaowocowa\u0107 odpowiednim ich wykorzystywaniem.<\/p>\n\n\n\n<p>Zapraszamy do zapoznania si\u0119 z nasz\u0105 ofert\u0105 Mi\u0119dzynarodowego egzaminu CAE w Legionowie.<\/p>\n","protected":false},"excerpt":{"rendered":"<p>Mi\u0119dzynarodowe egzaminy CAE &#8211; Legionowo Posiadanie certyfikatu CAE jest bardzo po\u017c\u0105dane zar\u00f3wno na rynku pracy, jak i w \u015brodowiskach naukowych. Pozwala on na zwolnienie studenta z obowi\u0105zku uczestnictwa na lektoratach z j\u0119zyka angielskiego czy z konieczno\u015bci odbywania egzamin\u00f3w ko\u0144cowych. Osoby, kt\u00f3rych umiej\u0119tno\u015bci po\u015bwiadczone s\u0105 certyfikatem CAE, mog\u0105 ubiega\u0107 si\u0119 o wzi\u0119cie udzia\u0142u w mi\u0119dzynarodowych programach [&hellip;]<\/p>\n","protected":false},"author":3,"featured_media":0,"parent":0,"menu_order":0,"comment_status":"closed","ping_status":"closed","template":"","meta":{"ngg_post_thumbnail":0},"acf":[],"yoast_head":"<!-- This site is optimized with the Yoast SEO plugin v18.9 - https:\/\/yoast.com\/wordpress\/plugins\/seo\/ -->\n<title>Mi\u0119dzynarodowy egzamin CAE w Legionowie - Leader School<\/title>\n<meta name=\"robots\" content=\"index, follow, max-snippet:-1, max-image-preview:large, max-video-preview:-1\" \/>\n<link rel=\"canonical\" href=\"https:\/\/leaderschool.pl\/legionowo\/miedzynarodowe-egzaminy-cae\/\" \/>\n<meta property=\"og:locale\" content=\"pl_PL\" \/>\n<meta property=\"og:type\" content=\"article\" \/>\n<meta property=\"og:title\" content=\"Mi\u0119dzynarodowy egzamin CAE w Legionowie - Leader School\" \/>\n<meta property=\"og:description\" content=\"Mi\u0119dzynarodowe egzaminy CAE &#8211; Legionowo Posiadanie certyfikatu CAE jest bardzo po\u017c\u0105dane zar\u00f3wno na rynku pracy, jak i w \u015brodowiskach naukowych. Pozwala on na zwolnienie studenta z obowi\u0105zku uczestnictwa na lektoratach z j\u0119zyka angielskiego czy z konieczno\u015bci odbywania egzamin\u00f3w ko\u0144cowych. Osoby, kt\u00f3rych umiej\u0119tno\u015bci po\u015bwiadczone s\u0105 certyfikatem CAE, mog\u0105 ubiega\u0107 si\u0119 o wzi\u0119cie udzia\u0142u w mi\u0119dzynarodowych programach [&hellip;]\" \/>\n<meta property=\"og:url\" content=\"https:\/\/leaderschool.pl\/legionowo\/miedzynarodowe-egzaminy-cae\/\" \/>\n<meta property=\"og:site_name\" content=\"w Legionowie - Leader School\" \/>\n<meta property=\"article:modified_time\" content=\"2022-07-29T15:43:53+00:00\" \/>\n<meta name=\"twitter:card\" content=\"summary_large_image\" \/>\n<meta name=\"twitter:label1\" content=\"Szacowany czas czytania\" \/>\n\t<meta name=\"twitter:data1\" content=\"2 minuty\" \/>\n<script type=\"application\/ld+json\" class=\"yoast-schema-graph\">{\"@context\":\"https:\/\/schema.org\",\"@graph\":[{\"@type\":\"WebSite\",\"@id\":\"https:\/\/leaderschool.pl\/legionowo\/#website\",\"url\":\"https:\/\/leaderschool.pl\/legionowo\/\",\"name\":\"w Legionowie - Leader School\",\"description\":\"\",\"potentialAction\":[{\"@type\":\"SearchAction\",\"target\":{\"@type\":\"EntryPoint\",\"urlTemplate\":\"https:\/\/leaderschool.pl\/legionowo\/?s={search_term_string}\"},\"query-input\":\"required name=search_term_string\"}],\"inLanguage\":\"pl-PL\"},{\"@type\":\"WebPage\",\"@id\":\"https:\/\/leaderschool.pl\/legionowo\/miedzynarodowe-egzaminy-cae\/#webpage\",\"url\":\"https:\/\/leaderschool.pl\/legionowo\/miedzynarodowe-egzaminy-cae\/\",\"name\":\"Mi\u0119dzynarodowy egzamin CAE w Legionowie - Leader School\",\"isPartOf\":{\"@id\":\"https:\/\/leaderschool.pl\/legionowo\/#website\"},\"datePublished\":\"2022-07-24T14:40:41+00:00\",\"dateModified\":\"2022-07-29T15:43:53+00:00\",\"breadcrumb\":{\"@id\":\"https:\/\/leaderschool.pl\/legionowo\/miedzynarodowe-egzaminy-cae\/#breadcrumb\"},\"inLanguage\":\"pl-PL\",\"potentialAction\":[{\"@type\":\"ReadAction\",\"target\":[\"https:\/\/leaderschool.pl\/legionowo\/miedzynarodowe-egzaminy-cae\/\"]}]},{\"@type\":\"BreadcrumbList\",\"@id\":\"https:\/\/leaderschool.pl\/legionowo\/miedzynarodowe-egzaminy-cae\/#breadcrumb\",\"itemListElement\":[{\"@type\":\"ListItem\",\"position\":1,\"name\":\"Home\",\"item\":\"https:\/\/leaderschool.pl\/legionowo\/\"},{\"@type\":\"ListItem\",\"position\":2,\"name\":\"Mi\u0119dzynarodowy egzamin CAE\"}]}]}<\/script>\n<!-- \/ Yoast SEO plugin. -->","yoast_head_json":{"title":"Mi\u0119dzynarodowy egzamin CAE w Legionowie - Leader School","robots":{"index":"index","follow":"follow","max-snippet":"max-snippet:-1","max-image-preview":"max-image-preview:large","max-video-preview":"max-video-preview:-1"},"canonical":"https:\/\/leaderschool.pl\/legionowo\/miedzynarodowe-egzaminy-cae\/","og_locale":"pl_PL","og_type":"article","og_title":"Mi\u0119dzynarodowy egzamin CAE w Legionowie - Leader School","og_description":"Mi\u0119dzynarodowe egzaminy CAE &#8211; Legionowo Posiadanie certyfikatu CAE jest bardzo po\u017c\u0105dane zar\u00f3wno na rynku pracy, jak i w \u015brodowiskach naukowych. Pozwala on na zwolnienie studenta z obowi\u0105zku uczestnictwa na lektoratach z j\u0119zyka angielskiego czy z konieczno\u015bci odbywania egzamin\u00f3w ko\u0144cowych. Osoby, kt\u00f3rych umiej\u0119tno\u015bci po\u015bwiadczone s\u0105 certyfikatem CAE, mog\u0105 ubiega\u0107 si\u0119 o wzi\u0119cie udzia\u0142u w mi\u0119dzynarodowych programach [&hellip;]","og_url":"https:\/\/leaderschool.pl\/legionowo\/miedzynarodowe-egzaminy-cae\/","og_site_name":"w Legionowie - Leader School","article_modified_time":"2022-07-29T15:43:53+00:00","twitter_card":"summary_large_image","twitter_misc":{"Szacowany czas czytania":"2 minuty"},"schema":{"@context":"https:\/\/schema.org","@graph":[{"@type":"WebSite","@id":"https:\/\/leaderschool.pl\/legionowo\/#website","url":"https:\/\/leaderschool.pl\/legionowo\/","name":"w Legionowie - Leader School","description":"","potentialAction":[{"@type":"SearchAction","target":{"@type":"EntryPoint","urlTemplate":"https:\/\/leaderschool.pl\/legionowo\/?s={search_term_string}"},"query-input":"required name=search_term_string"}],"inLanguage":"pl-PL"},{"@type":"WebPage","@id":"https:\/\/leaderschool.pl\/legionowo\/miedzynarodowe-egzaminy-cae\/#webpage","url":"https:\/\/leaderschool.pl\/legionowo\/miedzynarodowe-egzaminy-cae\/","name":"Mi\u0119dzynarodowy egzamin CAE w Legionowie - Leader School","isPartOf":{"@id":"https:\/\/leaderschool.pl\/legionowo\/#website"},"datePublished":"2022-07-24T14:40:41+00:00","dateModified":"2022-07-29T15:43:53+00:00","breadcrumb":{"@id":"https:\/\/leaderschool.pl\/legionowo\/miedzynarodowe-egzaminy-cae\/#breadcrumb"},"inLanguage":"pl-PL","potentialAction":[{"@type":"ReadAction","target":["https:\/\/leaderschool.pl\/legionowo\/miedzynarodowe-egzaminy-cae\/"]}]},{"@type":"BreadcrumbList","@id":"https:\/\/leaderschool.pl\/legionowo\/miedzynarodowe-egzaminy-cae\/#breadcrumb","itemListElement":[{"@type":"ListItem","position":1,"name":"Home","item":"https:\/\/leaderschool.pl\/legionowo\/"},{"@type":"ListItem","position":2,"name":"Mi\u0119dzynarodowy egzamin CAE"}]}]}},"_links":{"self":[{"href":"https:\/\/leaderschool.pl\/legionowo\/wp-json\/wp\/v2\/pages\/2592"}],"collection":[{"href":"https:\/\/leaderschool.pl\/legionowo\/wp-json\/wp\/v2\/pages"}],"about":[{"href":"https:\/\/leaderschool.pl\/legionowo\/wp-json\/wp\/v2\/types\/page"}],"author":[{"embeddable":true,"href":"https:\/\/leaderschool.pl\/legionowo\/wp-json\/wp\/v2\/users\/3"}],"replies":[{"embeddable":true,"href":"https:\/\/leaderschool.pl\/legionowo\/wp-json\/wp\/v2\/comments?post=2592"}],"version-history":[{"count":3,"href":"https:\/\/leaderschool.pl\/legionowo\/wp-json\/wp\/v2\/pages\/2592\/revisions"}],"predecessor-version":[{"id":2629,"href":"https:\/\/leaderschool.pl\/legionowo\/wp-json\/wp\/v2\/pages\/2592\/revisions\/2629"}],"wp:attachment":[{"href":"https:\/\/leaderschool.pl\/legionowo\/wp-json\/wp\/v2\/media?parent=2592"}],"curies":[{"name":"wp","href":"https:\/\/api.w.org\/{rel}","templated":true}]}}