{"id":2590,"date":"2022-07-24T16:40:15","date_gmt":"2022-07-24T14:40:15","guid":{"rendered":"https:\/\/leaderschool.sellision.dev\/legionowo\/?page_id=2590"},"modified":"2022-07-29T17:44:00","modified_gmt":"2022-07-29T15:44:00","slug":"miedzynarodowy-egzamin-telc","status":"publish","type":"page","link":"https:\/\/leaderschool.pl\/legionowo\/miedzynarodowy-egzamin-telc\/","title":{"rendered":"Mi\u0119dzynarodowy egzamin TELC"},"content":{"rendered":"\n<p>Skr\u00f3t TELC pochodzi od angielskich s\u0142\u00f3w The European Language Certificates. Jest to system egzamin\u00f3w oparty na programie ramowym Common European Framework of Reference Rady Europy. Wszystkie certyfikaty j\u0119zykowe TELC uznawane s\u0105 w ka\u017cdym z kraj\u00f3w Unii Europejskiej. Honoruj\u0105 je zar\u00f3wno uniwersytety, jak i mi\u0119dzynarodowe przedsi\u0119biorstwa, a nawet rz\u0105dowe instytucje.<\/p>\n\n\n\n<p>TELC jest uznawany za najpopularniejszy certyfikat j\u0119zykowy w ca\u0142ej Europie. Zakres znajomo\u015bci pozwala okre\u015bli\u0107 literowo-cyfrowe oznaczenie. Odpowiednio A1 i A2 \u015bwiadczy\u0107 b\u0119d\u0105 o podstawowej bieg\u0142o\u015bci w kwestii danego j\u0119zyka, B1 oraz B2 s\u0105 ju\u017c poziomem \u015brednio zaawansowanym, a C1 i C2 \u015bwiadcz\u0105 o swobodnym pos\u0142ugiwaniu si\u0119 nim.<\/p>\n\n\n\n<p>Do egzaminu j\u0119zykowego TELC mo\u017cna przyst\u0105pi\u0107 w wielu j\u0119zykach. S\u0105 to mi\u0119dzy innymi: angielski, niemiecki, hiszpa\u0144ski, francuski, rosyjski czy portugalski. Wyb\u00f3r w tym zakresie jest naprawd\u0119 szeroki.<\/p>\n\n\n\n<h2>Egzamin TELC &#8211; Legionowo<\/h2>\n\n\n\n<p>Ten, jak i inny rodzaj certyfikatu mo\u017cna uzyska\u0107 po przyst\u0105pieniu do egzaminu, kt\u00f3ry odbywa si\u0119 w akredytowanej plac\u00f3wce. Posiadamy wiele takich miejsc w ca\u0142ej Polsce, dlatego przeprowadzenie egzaminu TELC w Legionowie jest mo\u017cliwe.<\/p>\n\n\n\n<h2>Struktura egzaminu<\/h2>\n\n\n\n<p>Za spraw\u0105 egzaminu TELC sprawdzane s\u0105 zdolno\u015bci s\u0142uchania, pisania, m\u00f3wienia i czytania. \u0141\u0105czna mo\u017cliwa do uzyskania liczba punkt\u00f3w wynosi 300.<\/p>\n\n\n\n<p>Pisemna cz\u0119\u015b\u0107 egzaminu dotyczy kompetencji z zakresu szczeg\u00f3\u0142owego i og\u00f3lnego czytania, s\u0142uchania ze zrozumieniem, a tak\u017ce wypowiedzi pisemnej, kt\u00f3ra najcz\u0119\u015bciej przybiera form\u0119 listu oficjalnego b\u0105d\u017a nieformalnego. W zakres egzaminu wchodzi tak\u017ce test wielokrotnego wyboru. Z tej cz\u0119\u015bci kandydat mo\u017ce uzyska\u0107 maksymalnie 225 punkt\u00f3w.<\/p>\n\n\n\n<p>Cz\u0119\u015b\u0107 ustna polega na odbyciu z innym kandydatem rozmowy w konkretnym j\u0119zyku na wybrany przez egzaminator\u00f3w temat. Mo\u017cliwe do uzyskania jest 75 punkt\u00f3w. Czas trwania egzaminu wynosi oko\u0142o 160 &#8211; 170 minut.<\/p>\n\n\n\n<p>W niekt\u00f3rych miejscach, np. w Niemczech pozytywny wynik egzaminu jest honorowany jako oficjalny dow\u00f3d bieg\u0142o\u015bci w j\u0119zyku niemieckim w przypadku os\u00f3b, kt\u00f3re ubiegaj\u0105 si\u0119 o tamtejsze obywatelstwo.<\/p>\n\n\n\n<p>Posiadanie certyfikatu j\u0119zykowego jest niezwykle przydatne zar\u00f3wno w kraju, jak i za granic\u0105. Odpowiednio dobrze napisany egzamin pozwala na rozw\u00f3j \u015bcie\u017cki kariery. Wiele polskich przedsi\u0119biorstw wymaga znajomo\u015bci szczeg\u00f3lnie j\u0119zyka angielskiego na danym poziomie. Nie warto si\u0119 jednak ogranicza\u0107, gdy\u017c dost\u0119pnych jest wiele kurs\u00f3w z r\u00f3\u017cnych j\u0119zyk\u00f3w, w\u015br\u00f3d kt\u00f3rych ka\u017cdy mo\u017ce znale\u017a\u0107 co\u015b odpowiedniego dla siebie.<\/p>\n","protected":false},"excerpt":{"rendered":"<p>Skr\u00f3t TELC pochodzi od angielskich s\u0142\u00f3w The European Language Certificates. Jest to system egzamin\u00f3w oparty na programie ramowym Common European Framework of Reference Rady Europy. Wszystkie certyfikaty j\u0119zykowe TELC uznawane s\u0105 w ka\u017cdym z kraj\u00f3w Unii Europejskiej. Honoruj\u0105 je zar\u00f3wno uniwersytety, jak i mi\u0119dzynarodowe przedsi\u0119biorstwa, a nawet rz\u0105dowe instytucje. TELC jest uznawany za najpopularniejszy certyfikat [&hellip;]<\/p>\n","protected":false},"author":3,"featured_media":0,"parent":0,"menu_order":0,"comment_status":"closed","ping_status":"closed","template":"","meta":{"ngg_post_thumbnail":0},"acf":[],"yoast_head":"<!-- This site is optimized with the Yoast SEO plugin v18.9 - https:\/\/yoast.com\/wordpress\/plugins\/seo\/ -->\n<title>Mi\u0119dzynarodowy egzamin TELC w Legionowie - Leader School<\/title>\n<meta name=\"robots\" content=\"index, follow, max-snippet:-1, max-image-preview:large, max-video-preview:-1\" \/>\n<link rel=\"canonical\" href=\"https:\/\/leaderschool.pl\/legionowo\/miedzynarodowy-egzamin-telc\/\" \/>\n<meta property=\"og:locale\" content=\"pl_PL\" \/>\n<meta property=\"og:type\" content=\"article\" \/>\n<meta property=\"og:title\" content=\"Mi\u0119dzynarodowy egzamin TELC w Legionowie - Leader School\" \/>\n<meta property=\"og:description\" content=\"Skr\u00f3t TELC pochodzi od angielskich s\u0142\u00f3w The European Language Certificates. Jest to system egzamin\u00f3w oparty na programie ramowym Common European Framework of Reference Rady Europy. Wszystkie certyfikaty j\u0119zykowe TELC uznawane s\u0105 w ka\u017cdym z kraj\u00f3w Unii Europejskiej. Honoruj\u0105 je zar\u00f3wno uniwersytety, jak i mi\u0119dzynarodowe przedsi\u0119biorstwa, a nawet rz\u0105dowe instytucje. TELC jest uznawany za najpopularniejszy certyfikat [&hellip;]\" \/>\n<meta property=\"og:url\" content=\"https:\/\/leaderschool.pl\/legionowo\/miedzynarodowy-egzamin-telc\/\" \/>\n<meta property=\"og:site_name\" content=\"w Legionowie - Leader School\" \/>\n<meta property=\"article:modified_time\" content=\"2022-07-29T15:44:00+00:00\" \/>\n<meta name=\"twitter:card\" content=\"summary_large_image\" \/>\n<meta name=\"twitter:label1\" content=\"Szacowany czas czytania\" \/>\n\t<meta name=\"twitter:data1\" content=\"3 minuty\" \/>\n<script type=\"application\/ld+json\" class=\"yoast-schema-graph\">{\"@context\":\"https:\/\/schema.org\",\"@graph\":[{\"@type\":\"WebSite\",\"@id\":\"https:\/\/leaderschool.pl\/legionowo\/#website\",\"url\":\"https:\/\/leaderschool.pl\/legionowo\/\",\"name\":\"w Legionowie - Leader School\",\"description\":\"\",\"potentialAction\":[{\"@type\":\"SearchAction\",\"target\":{\"@type\":\"EntryPoint\",\"urlTemplate\":\"https:\/\/leaderschool.pl\/legionowo\/?s={search_term_string}\"},\"query-input\":\"required name=search_term_string\"}],\"inLanguage\":\"pl-PL\"},{\"@type\":\"WebPage\",\"@id\":\"https:\/\/leaderschool.pl\/legionowo\/miedzynarodowy-egzamin-telc\/#webpage\",\"url\":\"https:\/\/leaderschool.pl\/legionowo\/miedzynarodowy-egzamin-telc\/\",\"name\":\"Mi\u0119dzynarodowy egzamin TELC w Legionowie - Leader School\",\"isPartOf\":{\"@id\":\"https:\/\/leaderschool.pl\/legionowo\/#website\"},\"datePublished\":\"2022-07-24T14:40:15+00:00\",\"dateModified\":\"2022-07-29T15:44:00+00:00\",\"breadcrumb\":{\"@id\":\"https:\/\/leaderschool.pl\/legionowo\/miedzynarodowy-egzamin-telc\/#breadcrumb\"},\"inLanguage\":\"pl-PL\",\"potentialAction\":[{\"@type\":\"ReadAction\",\"target\":[\"https:\/\/leaderschool.pl\/legionowo\/miedzynarodowy-egzamin-telc\/\"]}]},{\"@type\":\"BreadcrumbList\",\"@id\":\"https:\/\/leaderschool.pl\/legionowo\/miedzynarodowy-egzamin-telc\/#breadcrumb\",\"itemListElement\":[{\"@type\":\"ListItem\",\"position\":1,\"name\":\"Home\",\"item\":\"https:\/\/leaderschool.pl\/legionowo\/\"},{\"@type\":\"ListItem\",\"position\":2,\"name\":\"Mi\u0119dzynarodowy egzamin TELC\"}]}]}<\/script>\n<!-- \/ Yoast SEO plugin. -->","yoast_head_json":{"title":"Mi\u0119dzynarodowy egzamin TELC w Legionowie - Leader School","robots":{"index":"index","follow":"follow","max-snippet":"max-snippet:-1","max-image-preview":"max-image-preview:large","max-video-preview":"max-video-preview:-1"},"canonical":"https:\/\/leaderschool.pl\/legionowo\/miedzynarodowy-egzamin-telc\/","og_locale":"pl_PL","og_type":"article","og_title":"Mi\u0119dzynarodowy egzamin TELC w Legionowie - Leader School","og_description":"Skr\u00f3t TELC pochodzi od angielskich s\u0142\u00f3w The European Language Certificates. Jest to system egzamin\u00f3w oparty na programie ramowym Common European Framework of Reference Rady Europy. Wszystkie certyfikaty j\u0119zykowe TELC uznawane s\u0105 w ka\u017cdym z kraj\u00f3w Unii Europejskiej. Honoruj\u0105 je zar\u00f3wno uniwersytety, jak i mi\u0119dzynarodowe przedsi\u0119biorstwa, a nawet rz\u0105dowe instytucje. TELC jest uznawany za najpopularniejszy certyfikat [&hellip;]","og_url":"https:\/\/leaderschool.pl\/legionowo\/miedzynarodowy-egzamin-telc\/","og_site_name":"w Legionowie - Leader School","article_modified_time":"2022-07-29T15:44:00+00:00","twitter_card":"summary_large_image","twitter_misc":{"Szacowany czas czytania":"3 minuty"},"schema":{"@context":"https:\/\/schema.org","@graph":[{"@type":"WebSite","@id":"https:\/\/leaderschool.pl\/legionowo\/#website","url":"https:\/\/leaderschool.pl\/legionowo\/","name":"w Legionowie - Leader School","description":"","potentialAction":[{"@type":"SearchAction","target":{"@type":"EntryPoint","urlTemplate":"https:\/\/leaderschool.pl\/legionowo\/?s={search_term_string}"},"query-input":"required name=search_term_string"}],"inLanguage":"pl-PL"},{"@type":"WebPage","@id":"https:\/\/leaderschool.pl\/legionowo\/miedzynarodowy-egzamin-telc\/#webpage","url":"https:\/\/leaderschool.pl\/legionowo\/miedzynarodowy-egzamin-telc\/","name":"Mi\u0119dzynarodowy egzamin TELC w Legionowie - Leader School","isPartOf":{"@id":"https:\/\/leaderschool.pl\/legionowo\/#website"},"datePublished":"2022-07-24T14:40:15+00:00","dateModified":"2022-07-29T15:44:00+00:00","breadcrumb":{"@id":"https:\/\/leaderschool.pl\/legionowo\/miedzynarodowy-egzamin-telc\/#breadcrumb"},"inLanguage":"pl-PL","potentialAction":[{"@type":"ReadAction","target":["https:\/\/leaderschool.pl\/legionowo\/miedzynarodowy-egzamin-telc\/"]}]},{"@type":"BreadcrumbList","@id":"https:\/\/leaderschool.pl\/legionowo\/miedzynarodowy-egzamin-telc\/#breadcrumb","itemListElement":[{"@type":"ListItem","position":1,"name":"Home","item":"https:\/\/leaderschool.pl\/legionowo\/"},{"@type":"ListItem","position":2,"name":"Mi\u0119dzynarodowy egzamin TELC"}]}]}},"_links":{"self":[{"href":"https:\/\/leaderschool.pl\/legionowo\/wp-json\/wp\/v2\/pages\/2590"}],"collection":[{"href":"https:\/\/leaderschool.pl\/legionowo\/wp-json\/wp\/v2\/pages"}],"about":[{"href":"https:\/\/leaderschool.pl\/legionowo\/wp-json\/wp\/v2\/types\/page"}],"author":[{"embeddable":true,"href":"https:\/\/leaderschool.pl\/legionowo\/wp-json\/wp\/v2\/users\/3"}],"replies":[{"embeddable":true,"href":"https:\/\/leaderschool.pl\/legionowo\/wp-json\/wp\/v2\/comments?post=2590"}],"version-history":[{"count":2,"href":"https:\/\/leaderschool.pl\/legionowo\/wp-json\/wp\/v2\/pages\/2590\/revisions"}],"predecessor-version":[{"id":2630,"href":"https:\/\/leaderschool.pl\/legionowo\/wp-json\/wp\/v2\/pages\/2590\/revisions\/2630"}],"wp:attachment":[{"href":"https:\/\/leaderschool.pl\/legionowo\/wp-json\/wp\/v2\/media?parent=2590"}],"curies":[{"name":"wp","href":"https:\/\/api.w.org\/{rel}","templated":true}]}}