{"id":2588,"date":"2022-07-24T16:39:51","date_gmt":"2022-07-24T14:39:51","guid":{"rendered":"https:\/\/leaderschool.sellision.dev\/legionowo\/?page_id=2588"},"modified":"2022-07-29T17:43:31","modified_gmt":"2022-07-29T15:43:31","slug":"nauka-jezyka-dla-mlodziezy","status":"publish","type":"page","link":"https:\/\/leaderschool.pl\/legionowo\/nauka-jezyka-dla-mlodziezy\/","title":{"rendered":"Kursy j\u0119zykowe dla m\u0142odzie\u017cy"},"content":{"rendered":"\n<p>Bez w\u0105tpienia nauka j\u0119zyka obcego przynosi najlepsze efekty na etapie kszta\u0142towania rozwoju intelektualnego, a wi\u0119c w okresie m\u0142odzie\u0144czym. To w\u0142a\u015bnie ten czas jest idealny na poszerzanie swoich horyzont\u00f3w w r\u00f3\u017cnych dziedzinach \u017cycia. Niew\u0105tpliwie j\u0119zyki obce s\u0105 obecne w \u017cyciu ka\u017cdego z nas &#8211; czy to na etapie szko\u0142y czy w trakcie trwania kariery zawodowej. Stykamy si\u0119 z nimi tak\u017ce wyje\u017cd\u017caj\u0105c na wakacje za granic\u0119 czy ogl\u0105daj\u0105c zagraniczne filmy.<\/p>\n\n\n\n<p>Nauka j\u0119zyka obcego dla m\u0142odzie\u017cy jest niezwykle istotna, dlatego warto zdecydowa\u0107 si\u0119 na kurs wybranego w wyspecjalizowanej szkole j\u0119zykowej. Nasza szko\u0142a koncentruje si\u0119 przede wszystkim na rozwijaniu umiej\u0119tno\u015bci praktycznych w pos\u0142ugiwaniu si\u0119 danym j\u0119zykiem obcym. Niezwykle istotny jest aspekt swobody i bezstresowego komunikowania si\u0119.<\/p>\n\n\n\n<p>Niew\u0105tpliwym atutem naszego kursu jest logiczne i sprawne systematyzowanie wiedzy, co przek\u0142ada si\u0119 na szybkie efekty w nauce. Dzi\u0119ki oferowanym przez nas kursom j\u0119zykowym mo\u017cliwe jest nie tylko rozwijanie swoich umiej\u0119tno\u015bci w aspekcie pisania, s\u0142uchania, rozumienia ze s\u0142uchu czy te\u017c czytania, ale przede wszystkim sprawnego i p\u0142ynnego m\u00f3wienia w j\u0119zyku obcym.<\/p>\n\n\n\n<h2>Nauka j\u0119zyka obcego dla m\u0142odzie\u017cy &#8211; Legionowo<\/h2>\n\n\n\n<p>Nasza szko\u0142a j\u0119zykowa oferuje szeroki wyb\u00f3r kurs\u00f3w oraz j\u0119zyk\u00f3w obcych, podczas kt\u00f3rych wykorzystywane s\u0105 innowacyjne metody nauczania. Dzi\u0119ki nim kursant w szybki i \u0142atwy spos\u00f3b przyswaja materia\u0142. Nasza oferta skierowana jest zar\u00f3wno do os\u00f3b chc\u0105cych poszerzy\u0107 swoj\u0105 wiedz\u0119, jak i tych chc\u0105cych nauczy\u0107 si\u0119 j\u0119zyka od podstaw w kr\u00f3tkim czasie, zda\u0107 egzamin mi\u0119dzynarodowy czy przygotowa\u0107 si\u0119 do wyjazdu za granic\u0119.<\/p>\n\n\n\n<p>W przypadku kurs\u00f3w dla m\u0142odzie\u017cy gwarantujemy, \u017ce prowadzone przez nas zaj\u0119cia w pe\u0142ni przygotowuj\u0105 zar\u00f3wno do matury podstawowej, jak i rozszerzonej z j\u0119zyka angielskiego oraz niemieckiego. Dajemy r\u00f3wnie\u017c mo\u017cliwo\u015b\u0107 nauki na ka\u017cdym stopniu zaawansowania.<\/p>\n\n\n\n<p>W naszej szkole j\u0119zykowej mo\u017cliwe jest skuteczne i praktyczne nauczenie si\u0119 wybranego przez siebie j\u0119zyka obcego. Kszta\u0142cimy w spos\u00f3b praktyczny, dzi\u0119ki czemu kursant jest w stanie rozwija\u0107 swoje umiej\u0119tno\u015bci m\u00f3wienia, prze\u0142amuj\u0105c jednocze\u015bnie barier\u0119 j\u0119zykow\u0105. Proces ten wp\u0142ywa tak\u017ce na zyskanie pewno\u015bci siebie podczas komunikowania si\u0119 w j\u0119zyku obcym.<\/p>\n\n\n\n<h2>Nauka j\u0119zyka dla m\u0142odzie\u017cy &#8211; krok w lepsz\u0105 przysz\u0142o\u015b\u0107<\/h2>\n\n\n\n<p>Bez w\u0105tpienia decyduj\u0105c si\u0119 na intensywn\u0105 nauk\u0119 j\u0119zyk\u00f3w obcych w okresie m\u0142odzie\u0144czym, kursant robi krok naprz\u00f3d na swojej drodze do \u015bwietlanej przysz\u0142o\u015bci, zdobywaj\u0105c jednocze\u015bnie umiej\u0119tno\u015bci niezb\u0119dne do odniesienia sukcesu we wsp\u00f3\u0142czesnym \u015bwiecie.<\/p>\n\n\n\n<p>Oferowane przez nas zaj\u0119cia odbywaj\u0105 si\u0119 w spos\u00f3b przyjazny i bezstresowy, dzi\u0119ki czemu s\u0105 one swego rodzaju rozrywk\u0105 po\u0142\u0105czon\u0105 z efektywn\u0105 nauk\u0105. Tematyka zaj\u0119\u0107 dostosowana jest do wieku uczestnik\u00f3w, dzi\u0119ki czemu kursanci ch\u0119tnie uczestnicz\u0105 w lekcjach oraz szybciej si\u0119 ucz\u0105. Dodatkowo spotkanie rozpoczyna si\u0119 od kr\u00f3tkiej powt\u00f3rki materia\u0142u, co motywuje m\u0142odzie\u017c do pracy w domu, a tak\u017ce pomaga utrwali\u0107 nabyte ju\u017c umiej\u0119tno\u015bci.<\/p>\n","protected":false},"excerpt":{"rendered":"<p>Bez w\u0105tpienia nauka j\u0119zyka obcego przynosi najlepsze efekty na etapie kszta\u0142towania rozwoju intelektualnego, a wi\u0119c w okresie m\u0142odzie\u0144czym. To w\u0142a\u015bnie ten czas jest idealny na poszerzanie swoich horyzont\u00f3w w r\u00f3\u017cnych dziedzinach \u017cycia. Niew\u0105tpliwie j\u0119zyki obce s\u0105 obecne w \u017cyciu ka\u017cdego z nas &#8211; czy to na etapie szko\u0142y czy w trakcie trwania kariery zawodowej. Stykamy [&hellip;]<\/p>\n","protected":false},"author":3,"featured_media":0,"parent":0,"menu_order":0,"comment_status":"closed","ping_status":"closed","template":"","meta":{"ngg_post_thumbnail":0},"acf":[],"yoast_head":"<!-- This site is optimized with the Yoast SEO plugin v18.9 - https:\/\/yoast.com\/wordpress\/plugins\/seo\/ -->\n<title>Kursy j\u0119zykowe dla m\u0142odzie\u017cy w Legionowie - Leader School<\/title>\n<meta name=\"robots\" content=\"index, follow, max-snippet:-1, max-image-preview:large, max-video-preview:-1\" \/>\n<link rel=\"canonical\" href=\"https:\/\/leaderschool.pl\/legionowo\/nauka-jezyka-dla-mlodziezy\/\" \/>\n<meta property=\"og:locale\" content=\"pl_PL\" \/>\n<meta property=\"og:type\" content=\"article\" \/>\n<meta property=\"og:title\" content=\"Kursy j\u0119zykowe dla m\u0142odzie\u017cy w Legionowie - Leader School\" \/>\n<meta property=\"og:description\" content=\"Bez w\u0105tpienia nauka j\u0119zyka obcego przynosi najlepsze efekty na etapie kszta\u0142towania rozwoju intelektualnego, a wi\u0119c w okresie m\u0142odzie\u0144czym. To w\u0142a\u015bnie ten czas jest idealny na poszerzanie swoich horyzont\u00f3w w r\u00f3\u017cnych dziedzinach \u017cycia. Niew\u0105tpliwie j\u0119zyki obce s\u0105 obecne w \u017cyciu ka\u017cdego z nas &#8211; czy to na etapie szko\u0142y czy w trakcie trwania kariery zawodowej. Stykamy [&hellip;]\" \/>\n<meta property=\"og:url\" content=\"https:\/\/leaderschool.pl\/legionowo\/nauka-jezyka-dla-mlodziezy\/\" \/>\n<meta property=\"og:site_name\" content=\"w Legionowie - Leader School\" \/>\n<meta property=\"article:modified_time\" content=\"2022-07-29T15:43:31+00:00\" \/>\n<meta name=\"twitter:card\" content=\"summary_large_image\" \/>\n<meta name=\"twitter:label1\" content=\"Szacowany czas czytania\" \/>\n\t<meta name=\"twitter:data1\" content=\"3 minuty\" \/>\n<script type=\"application\/ld+json\" class=\"yoast-schema-graph\">{\"@context\":\"https:\/\/schema.org\",\"@graph\":[{\"@type\":\"WebSite\",\"@id\":\"https:\/\/leaderschool.pl\/legionowo\/#website\",\"url\":\"https:\/\/leaderschool.pl\/legionowo\/\",\"name\":\"w Legionowie - Leader School\",\"description\":\"\",\"potentialAction\":[{\"@type\":\"SearchAction\",\"target\":{\"@type\":\"EntryPoint\",\"urlTemplate\":\"https:\/\/leaderschool.pl\/legionowo\/?s={search_term_string}\"},\"query-input\":\"required name=search_term_string\"}],\"inLanguage\":\"pl-PL\"},{\"@type\":\"WebPage\",\"@id\":\"https:\/\/leaderschool.pl\/legionowo\/nauka-jezyka-dla-mlodziezy\/#webpage\",\"url\":\"https:\/\/leaderschool.pl\/legionowo\/nauka-jezyka-dla-mlodziezy\/\",\"name\":\"Kursy j\u0119zykowe dla m\u0142odzie\u017cy w Legionowie - Leader School\",\"isPartOf\":{\"@id\":\"https:\/\/leaderschool.pl\/legionowo\/#website\"},\"datePublished\":\"2022-07-24T14:39:51+00:00\",\"dateModified\":\"2022-07-29T15:43:31+00:00\",\"breadcrumb\":{\"@id\":\"https:\/\/leaderschool.pl\/legionowo\/nauka-jezyka-dla-mlodziezy\/#breadcrumb\"},\"inLanguage\":\"pl-PL\",\"potentialAction\":[{\"@type\":\"ReadAction\",\"target\":[\"https:\/\/leaderschool.pl\/legionowo\/nauka-jezyka-dla-mlodziezy\/\"]}]},{\"@type\":\"BreadcrumbList\",\"@id\":\"https:\/\/leaderschool.pl\/legionowo\/nauka-jezyka-dla-mlodziezy\/#breadcrumb\",\"itemListElement\":[{\"@type\":\"ListItem\",\"position\":1,\"name\":\"Home\",\"item\":\"https:\/\/leaderschool.pl\/legionowo\/\"},{\"@type\":\"ListItem\",\"position\":2,\"name\":\"Kursy j\u0119zykowe dla m\u0142odzie\u017cy\"}]}]}<\/script>\n<!-- \/ Yoast SEO plugin. -->","yoast_head_json":{"title":"Kursy j\u0119zykowe dla m\u0142odzie\u017cy w Legionowie - Leader School","robots":{"index":"index","follow":"follow","max-snippet":"max-snippet:-1","max-image-preview":"max-image-preview:large","max-video-preview":"max-video-preview:-1"},"canonical":"https:\/\/leaderschool.pl\/legionowo\/nauka-jezyka-dla-mlodziezy\/","og_locale":"pl_PL","og_type":"article","og_title":"Kursy j\u0119zykowe dla m\u0142odzie\u017cy w Legionowie - Leader School","og_description":"Bez w\u0105tpienia nauka j\u0119zyka obcego przynosi najlepsze efekty na etapie kszta\u0142towania rozwoju intelektualnego, a wi\u0119c w okresie m\u0142odzie\u0144czym. To w\u0142a\u015bnie ten czas jest idealny na poszerzanie swoich horyzont\u00f3w w r\u00f3\u017cnych dziedzinach \u017cycia. Niew\u0105tpliwie j\u0119zyki obce s\u0105 obecne w \u017cyciu ka\u017cdego z nas &#8211; czy to na etapie szko\u0142y czy w trakcie trwania kariery zawodowej. Stykamy [&hellip;]","og_url":"https:\/\/leaderschool.pl\/legionowo\/nauka-jezyka-dla-mlodziezy\/","og_site_name":"w Legionowie - Leader School","article_modified_time":"2022-07-29T15:43:31+00:00","twitter_card":"summary_large_image","twitter_misc":{"Szacowany czas czytania":"3 minuty"},"schema":{"@context":"https:\/\/schema.org","@graph":[{"@type":"WebSite","@id":"https:\/\/leaderschool.pl\/legionowo\/#website","url":"https:\/\/leaderschool.pl\/legionowo\/","name":"w Legionowie - Leader School","description":"","potentialAction":[{"@type":"SearchAction","target":{"@type":"EntryPoint","urlTemplate":"https:\/\/leaderschool.pl\/legionowo\/?s={search_term_string}"},"query-input":"required name=search_term_string"}],"inLanguage":"pl-PL"},{"@type":"WebPage","@id":"https:\/\/leaderschool.pl\/legionowo\/nauka-jezyka-dla-mlodziezy\/#webpage","url":"https:\/\/leaderschool.pl\/legionowo\/nauka-jezyka-dla-mlodziezy\/","name":"Kursy j\u0119zykowe dla m\u0142odzie\u017cy w Legionowie - Leader School","isPartOf":{"@id":"https:\/\/leaderschool.pl\/legionowo\/#website"},"datePublished":"2022-07-24T14:39:51+00:00","dateModified":"2022-07-29T15:43:31+00:00","breadcrumb":{"@id":"https:\/\/leaderschool.pl\/legionowo\/nauka-jezyka-dla-mlodziezy\/#breadcrumb"},"inLanguage":"pl-PL","potentialAction":[{"@type":"ReadAction","target":["https:\/\/leaderschool.pl\/legionowo\/nauka-jezyka-dla-mlodziezy\/"]}]},{"@type":"BreadcrumbList","@id":"https:\/\/leaderschool.pl\/legionowo\/nauka-jezyka-dla-mlodziezy\/#breadcrumb","itemListElement":[{"@type":"ListItem","position":1,"name":"Home","item":"https:\/\/leaderschool.pl\/legionowo\/"},{"@type":"ListItem","position":2,"name":"Kursy j\u0119zykowe dla m\u0142odzie\u017cy"}]}]}},"_links":{"self":[{"href":"https:\/\/leaderschool.pl\/legionowo\/wp-json\/wp\/v2\/pages\/2588"}],"collection":[{"href":"https:\/\/leaderschool.pl\/legionowo\/wp-json\/wp\/v2\/pages"}],"about":[{"href":"https:\/\/leaderschool.pl\/legionowo\/wp-json\/wp\/v2\/types\/page"}],"author":[{"embeddable":true,"href":"https:\/\/leaderschool.pl\/legionowo\/wp-json\/wp\/v2\/users\/3"}],"replies":[{"embeddable":true,"href":"https:\/\/leaderschool.pl\/legionowo\/wp-json\/wp\/v2\/comments?post=2588"}],"version-history":[{"count":2,"href":"https:\/\/leaderschool.pl\/legionowo\/wp-json\/wp\/v2\/pages\/2588\/revisions"}],"predecessor-version":[{"id":2627,"href":"https:\/\/leaderschool.pl\/legionowo\/wp-json\/wp\/v2\/pages\/2588\/revisions\/2627"}],"wp:attachment":[{"href":"https:\/\/leaderschool.pl\/legionowo\/wp-json\/wp\/v2\/media?parent=2588"}],"curies":[{"name":"wp","href":"https:\/\/api.w.org\/{rel}","templated":true}]}}