{"id":2586,"date":"2022-07-24T16:39:21","date_gmt":"2022-07-24T14:39:21","guid":{"rendered":"https:\/\/leaderschool.sellision.dev\/legionowo\/?page_id=2586"},"modified":"2022-07-29T17:43:20","modified_gmt":"2022-07-29T15:43:20","slug":"nauka-jezyka-do-egzaminu-osmej-klasy","status":"publish","type":"page","link":"https:\/\/leaderschool.pl\/legionowo\/nauka-jezyka-do-egzaminu-osmej-klasy\/","title":{"rendered":"Egzamin \u00d3smoklasisty"},"content":{"rendered":"\n<p>Egzamin w \u00f3smej klasie mo\u017ce wydawa\u0107 si\u0119 do\u015bwiadczeniem szczeg\u00f3lnie stresuj\u0105cym, jednak w rzeczywisto\u015bci wcale nie musi tak by\u0107. Odpowiednie zorganizowanie to najwi\u0119kszy klucz do sukcesu &#8211; b\u0119d\u0105c solidnie przygotowanym na wszystkie zagadnienia z podstawy programowej, na samym egzaminie mo\u017cna poczu\u0107 si\u0119 du\u017co pewniej. Natomiast cz\u0119sto najwi\u0119kszy problem dotyczy samej ch\u0119ci nauki takiej ilo\u015bci materia\u0142u. Jak zmotywowa\u0107 si\u0119 do nauki j\u0119zyka do egzaminu \u00f3smej klasy? Legionowo jest miastem, w kt\u00f3rym takie zadanie jest \u0142atwiejsze z uwagi na mo\u017cliwo\u015b\u0107 pracy z innymi. Zaj\u0119cie przedmiotowe i j\u0119zykowe s\u0105 prowadzone w grupach przez do\u015bwiadczonych nauczycieli. . Pracuj\u0105c pod czujnym okiem dydaktyk\u00f3w, mo\u017cna by\u0107 spokojnym o odpowiednie przygotowanie. Nauka j\u0119zyka do egzaminu \u00f3smej klasy w Legionowie prowadzona jest przez nauczycieli doskonale zaznajomionych z formu\u0142\u0105 egzaminu \u00f3smoklasisty. Dzi\u0119ki temu mo\u017cna mie\u0107 pewno\u015b\u0107, \u017ce materia\u0142 nie zawiera niepotrzebnych rzeczy, kt\u00f3rych przyswajanie jest bezcelowe. W toku zaj\u0119\u0107 licz\u0105 si\u0119 jedynie praktyczne umiej\u0119tno\u015bci, gotowe do wykorzystania ju\u017c podczas egzaminu. Nauka j\u0119zyka jeszcze nigdy nie by\u0142a tak prosta!<\/p>\n\n\n\n<h2>Nauka j\u0119zyka do egzaminu \u00f3smej klasy Legionowo &#8211; w grupie lub samodzielnie<\/h2>\n\n\n\n<p>Oferujemy zaj\u0119cia w grupach, kt\u00f3re pozwalaj\u0105 podnie\u015b\u0107 poziom motywacji, a dodatkowo podzieli\u0107 si\u0119 z innymi uczestnikami kursu swoimi spostrze\u017ceniami oraz ewentualnymi w\u0105tpliwo\u015bciami. Dzi\u0119ki ogromnemu do\u015bwiadczeniu w nauczaniu doskonale wiemy jednak, \u017ce nie jest to rozwi\u0105zanie dla ka\u017cdego. System przyswajania wiedzy powinien by\u0107 \u015bci\u015ble indywidualny, dlatego je\u015bli wolisz pracowa\u0107 samodzielnie, pod okiem specjalist\u00f3w oferujemy Tobie indywidualne zaj\u0119cia. Taka mo\u017cliwo\u015b\u0107 jest dost\u0119pna w ramach nauki do egzaminu \u00f3smej klasy. Legionowo stanowi miasto, w kt\u00f3rym system prowadzenia zaj\u0119\u0107 nastawiony jest na opanowanie przez s\u0142uchaczy zagadnie\u0144 na tym poziomie edukacji, kt\u00f3re s\u0105 zgodne z wytycznymi Centralnej Komisji Egzaminacyjnej na dany rok. Tak opracowane zaj\u0119cia sprawiaj\u0105, \u017ce ich uczestnicy doskonale oswajaj\u0105 si\u0119 ze struktur\u0105 w\u0142a\u015bciwego egzaminu, kt\u00f3ry ju\u017c po kilku spotkaniach nie b\u0119dzie mia\u0142 dla nich \u017cadnych tajemnic. Po jakim\u015b czasie rozwi\u0105zywanie konkretnych problem\u00f3w egzaminacyjnych staje si\u0119 w pe\u0142ni zrozumia\u0142e, co \u015bwiadczy o doskona\u0142ym przygotowaniu.<\/p>\n\n\n\n<h2>Nauka j\u0119zyka do egzaminu \u00f3smej klasy w Legionowie<\/h2>\n\n\n\n<p>Wielu naszych kursant\u00f3w jest szczeg\u00f3lnie ambitnych &#8211; to cecha, kt\u00f3ra wyj\u0105tkowo mocno procentuje podczas uczenia si\u0119, szczeg\u00f3lnie gdy cel obejmuje uzyskanie \u015bwietnych wynik\u00f3w. W ramach nauki j\u0119zyka do egzaminu w Legionowie udost\u0119pniamy tak\u017ce dodatkowe materia\u0142y pozwalaj\u0105ce poszerzy\u0107 swoj\u0105 wiedz\u0119 i przygotowa\u0107 si\u0119 jeszcze skuteczniej. Istnieje mo\u017cliwo\u015b\u0107 zintensyfikowania nauki oraz korzystania z dodatkowych konsultacji z lektorem. To szansa na uzyskanie jeszcze lepszych wynik\u00f3w na egzaminie ko\u0144cowym, wie\u0144cz\u0105cym nauk\u0119 w szkole podstawowej.<\/p>\n","protected":false},"excerpt":{"rendered":"<p>Egzamin w \u00f3smej klasie mo\u017ce wydawa\u0107 si\u0119 do\u015bwiadczeniem szczeg\u00f3lnie stresuj\u0105cym, jednak w rzeczywisto\u015bci wcale nie musi tak by\u0107. Odpowiednie zorganizowanie to najwi\u0119kszy klucz do sukcesu &#8211; b\u0119d\u0105c solidnie przygotowanym na wszystkie zagadnienia z podstawy programowej, na samym egzaminie mo\u017cna poczu\u0107 si\u0119 du\u017co pewniej. Natomiast cz\u0119sto najwi\u0119kszy problem dotyczy samej ch\u0119ci nauki takiej ilo\u015bci materia\u0142u. Jak [&hellip;]<\/p>\n","protected":false},"author":3,"featured_media":0,"parent":0,"menu_order":0,"comment_status":"closed","ping_status":"closed","template":"","meta":{"ngg_post_thumbnail":0},"acf":[],"yoast_head":"<!-- This site is optimized with the Yoast SEO plugin v18.9 - https:\/\/yoast.com\/wordpress\/plugins\/seo\/ -->\n<title>Egzamin \u00d3smoklasisty w Legionowie - Leader School<\/title>\n<meta name=\"robots\" content=\"index, follow, max-snippet:-1, max-image-preview:large, max-video-preview:-1\" \/>\n<link rel=\"canonical\" href=\"https:\/\/leaderschool.pl\/legionowo\/nauka-jezyka-do-egzaminu-osmej-klasy\/\" \/>\n<meta property=\"og:locale\" content=\"pl_PL\" \/>\n<meta property=\"og:type\" content=\"article\" \/>\n<meta property=\"og:title\" content=\"Egzamin \u00d3smoklasisty w Legionowie - Leader School\" \/>\n<meta property=\"og:description\" content=\"Egzamin w \u00f3smej klasie mo\u017ce wydawa\u0107 si\u0119 do\u015bwiadczeniem szczeg\u00f3lnie stresuj\u0105cym, jednak w rzeczywisto\u015bci wcale nie musi tak by\u0107. Odpowiednie zorganizowanie to najwi\u0119kszy klucz do sukcesu &#8211; b\u0119d\u0105c solidnie przygotowanym na wszystkie zagadnienia z podstawy programowej, na samym egzaminie mo\u017cna poczu\u0107 si\u0119 du\u017co pewniej. Natomiast cz\u0119sto najwi\u0119kszy problem dotyczy samej ch\u0119ci nauki takiej ilo\u015bci materia\u0142u. Jak [&hellip;]\" \/>\n<meta property=\"og:url\" content=\"https:\/\/leaderschool.pl\/legionowo\/nauka-jezyka-do-egzaminu-osmej-klasy\/\" \/>\n<meta property=\"og:site_name\" content=\"w Legionowie - Leader School\" \/>\n<meta property=\"article:modified_time\" content=\"2022-07-29T15:43:20+00:00\" \/>\n<meta name=\"twitter:card\" content=\"summary_large_image\" \/>\n<meta name=\"twitter:label1\" content=\"Szacowany czas czytania\" \/>\n\t<meta name=\"twitter:data1\" content=\"3 minuty\" \/>\n<script type=\"application\/ld+json\" class=\"yoast-schema-graph\">{\"@context\":\"https:\/\/schema.org\",\"@graph\":[{\"@type\":\"WebSite\",\"@id\":\"https:\/\/leaderschool.pl\/legionowo\/#website\",\"url\":\"https:\/\/leaderschool.pl\/legionowo\/\",\"name\":\"w Legionowie - Leader School\",\"description\":\"\",\"potentialAction\":[{\"@type\":\"SearchAction\",\"target\":{\"@type\":\"EntryPoint\",\"urlTemplate\":\"https:\/\/leaderschool.pl\/legionowo\/?s={search_term_string}\"},\"query-input\":\"required name=search_term_string\"}],\"inLanguage\":\"pl-PL\"},{\"@type\":\"WebPage\",\"@id\":\"https:\/\/leaderschool.pl\/legionowo\/nauka-jezyka-do-egzaminu-osmej-klasy\/#webpage\",\"url\":\"https:\/\/leaderschool.pl\/legionowo\/nauka-jezyka-do-egzaminu-osmej-klasy\/\",\"name\":\"Egzamin \u00d3smoklasisty w Legionowie - Leader School\",\"isPartOf\":{\"@id\":\"https:\/\/leaderschool.pl\/legionowo\/#website\"},\"datePublished\":\"2022-07-24T14:39:21+00:00\",\"dateModified\":\"2022-07-29T15:43:20+00:00\",\"breadcrumb\":{\"@id\":\"https:\/\/leaderschool.pl\/legionowo\/nauka-jezyka-do-egzaminu-osmej-klasy\/#breadcrumb\"},\"inLanguage\":\"pl-PL\",\"potentialAction\":[{\"@type\":\"ReadAction\",\"target\":[\"https:\/\/leaderschool.pl\/legionowo\/nauka-jezyka-do-egzaminu-osmej-klasy\/\"]}]},{\"@type\":\"BreadcrumbList\",\"@id\":\"https:\/\/leaderschool.pl\/legionowo\/nauka-jezyka-do-egzaminu-osmej-klasy\/#breadcrumb\",\"itemListElement\":[{\"@type\":\"ListItem\",\"position\":1,\"name\":\"Home\",\"item\":\"https:\/\/leaderschool.pl\/legionowo\/\"},{\"@type\":\"ListItem\",\"position\":2,\"name\":\"Egzamin \u00d3smoklasisty\"}]}]}<\/script>\n<!-- \/ Yoast SEO plugin. -->","yoast_head_json":{"title":"Egzamin \u00d3smoklasisty w Legionowie - Leader School","robots":{"index":"index","follow":"follow","max-snippet":"max-snippet:-1","max-image-preview":"max-image-preview:large","max-video-preview":"max-video-preview:-1"},"canonical":"https:\/\/leaderschool.pl\/legionowo\/nauka-jezyka-do-egzaminu-osmej-klasy\/","og_locale":"pl_PL","og_type":"article","og_title":"Egzamin \u00d3smoklasisty w Legionowie - Leader School","og_description":"Egzamin w \u00f3smej klasie mo\u017ce wydawa\u0107 si\u0119 do\u015bwiadczeniem szczeg\u00f3lnie stresuj\u0105cym, jednak w rzeczywisto\u015bci wcale nie musi tak by\u0107. Odpowiednie zorganizowanie to najwi\u0119kszy klucz do sukcesu &#8211; b\u0119d\u0105c solidnie przygotowanym na wszystkie zagadnienia z podstawy programowej, na samym egzaminie mo\u017cna poczu\u0107 si\u0119 du\u017co pewniej. Natomiast cz\u0119sto najwi\u0119kszy problem dotyczy samej ch\u0119ci nauki takiej ilo\u015bci materia\u0142u. Jak [&hellip;]","og_url":"https:\/\/leaderschool.pl\/legionowo\/nauka-jezyka-do-egzaminu-osmej-klasy\/","og_site_name":"w Legionowie - Leader School","article_modified_time":"2022-07-29T15:43:20+00:00","twitter_card":"summary_large_image","twitter_misc":{"Szacowany czas czytania":"3 minuty"},"schema":{"@context":"https:\/\/schema.org","@graph":[{"@type":"WebSite","@id":"https:\/\/leaderschool.pl\/legionowo\/#website","url":"https:\/\/leaderschool.pl\/legionowo\/","name":"w Legionowie - Leader School","description":"","potentialAction":[{"@type":"SearchAction","target":{"@type":"EntryPoint","urlTemplate":"https:\/\/leaderschool.pl\/legionowo\/?s={search_term_string}"},"query-input":"required name=search_term_string"}],"inLanguage":"pl-PL"},{"@type":"WebPage","@id":"https:\/\/leaderschool.pl\/legionowo\/nauka-jezyka-do-egzaminu-osmej-klasy\/#webpage","url":"https:\/\/leaderschool.pl\/legionowo\/nauka-jezyka-do-egzaminu-osmej-klasy\/","name":"Egzamin \u00d3smoklasisty w Legionowie - Leader School","isPartOf":{"@id":"https:\/\/leaderschool.pl\/legionowo\/#website"},"datePublished":"2022-07-24T14:39:21+00:00","dateModified":"2022-07-29T15:43:20+00:00","breadcrumb":{"@id":"https:\/\/leaderschool.pl\/legionowo\/nauka-jezyka-do-egzaminu-osmej-klasy\/#breadcrumb"},"inLanguage":"pl-PL","potentialAction":[{"@type":"ReadAction","target":["https:\/\/leaderschool.pl\/legionowo\/nauka-jezyka-do-egzaminu-osmej-klasy\/"]}]},{"@type":"BreadcrumbList","@id":"https:\/\/leaderschool.pl\/legionowo\/nauka-jezyka-do-egzaminu-osmej-klasy\/#breadcrumb","itemListElement":[{"@type":"ListItem","position":1,"name":"Home","item":"https:\/\/leaderschool.pl\/legionowo\/"},{"@type":"ListItem","position":2,"name":"Egzamin \u00d3smoklasisty"}]}]}},"_links":{"self":[{"href":"https:\/\/leaderschool.pl\/legionowo\/wp-json\/wp\/v2\/pages\/2586"}],"collection":[{"href":"https:\/\/leaderschool.pl\/legionowo\/wp-json\/wp\/v2\/pages"}],"about":[{"href":"https:\/\/leaderschool.pl\/legionowo\/wp-json\/wp\/v2\/types\/page"}],"author":[{"embeddable":true,"href":"https:\/\/leaderschool.pl\/legionowo\/wp-json\/wp\/v2\/users\/3"}],"replies":[{"embeddable":true,"href":"https:\/\/leaderschool.pl\/legionowo\/wp-json\/wp\/v2\/comments?post=2586"}],"version-history":[{"count":2,"href":"https:\/\/leaderschool.pl\/legionowo\/wp-json\/wp\/v2\/pages\/2586\/revisions"}],"predecessor-version":[{"id":2626,"href":"https:\/\/leaderschool.pl\/legionowo\/wp-json\/wp\/v2\/pages\/2586\/revisions\/2626"}],"wp:attachment":[{"href":"https:\/\/leaderschool.pl\/legionowo\/wp-json\/wp\/v2\/media?parent=2586"}],"curies":[{"name":"wp","href":"https:\/\/api.w.org\/{rel}","templated":true}]}}