{"id":2584,"date":"2022-07-24T16:38:53","date_gmt":"2022-07-24T14:38:53","guid":{"rendered":"https:\/\/leaderschool.sellision.dev\/legionowo\/?page_id=2584"},"modified":"2022-07-29T17:43:10","modified_gmt":"2022-07-29T15:43:10","slug":"nauka-jezyka-do-matury","status":"publish","type":"page","link":"https:\/\/leaderschool.pl\/legionowo\/nauka-jezyka-do-matury\/","title":{"rendered":"Kursy maturalne"},"content":{"rendered":"\n<p>Matura stanowi jeden z pierwszych najpowa\u017cniejszych egzamin\u00f3w w \u017cyciu ka\u017cdego m\u0142odego cz\u0142owieka. To r\u00f3wnie\u017c niezwykle stresuj\u0105cy okres, dlatego tak istotne jest odpowiednie przygotowanie. Pomo\u017ce ono zminimalizowa\u0107 niepotrzebny stres, co wp\u0142ywa na lepsze wyniki z egzaminu dojrza\u0142o\u015bci. Jednak samo ucz\u0119szczanie na zaj\u0119cia w szkole mo\u017ce nie by\u0107 wystarczaj\u0105ce. Niewielka liczba godzin, kr\u00f3tkie lekcje czy du\u017ca liczba os\u00f3b w klasie maj\u0105 niebagatelny wp\u0142yw na brak oczekiwanych rezultat\u00f3w w nauce. Dlatego przygotowuj\u0105c si\u0119 do egzaminu maturalnego, warto skorzysta\u0107 z us\u0142ug profesjonalnej i zaufanej szko\u0142y, jak\u0105 niew\u0105tpliwie tworzymy.<\/p>\n\n\n\n<p>W naszej plac\u00f3wce mo\u017cna uzyska\u0107 najlepsze rezultaty, kt\u00f3re prze\u0142o\u017c\u0105 si\u0119 na bardzo dobre wyniki z egzaminu. Stawiamy na kompleksowo\u015b\u0107, regularno\u015b\u0107 oraz pe\u0142ne zaanga\u017cowanie, poniewa\u017c wierzymy, \u017ce przyniesie to wymierne efekty, z kt\u00f3rych kursanci b\u0119d\u0105 zadowoleni.<\/p>\n\n\n\n<h2>Nauka j\u0119zyka do matury &#8211; Legionowo<\/h2>\n\n\n\n<p>Zapisuj\u0105c si\u0119 na prowadzone przez naszych specjalist\u00f3w zaj\u0119cia, mo\u017cna znacz\u0105co u\u0142atwi\u0107 sobie nauk\u0119 j\u0119zyka obcego. Podczas prowadzonych kurs\u00f3w staramy si\u0119 przekaza\u0107 naszym studentom solidn\u0105 dawk\u0119 wiedzy, kt\u00f3ra pozwoli im na odpowiednie os\u0142uchanie si\u0119 z wybranym j\u0119zykiem. Dzi\u0119ki temu mo\u017cliwe staje si\u0119 jego sprawniejsze przyswajanie, co prze\u0142o\u017cy si\u0119 na szybsze uzyskanie po\u017c\u0105danych rezultat\u00f3w.<\/p>\n\n\n\n<p>W naszej pracy wykorzystujemy metody pracy, kt\u00f3re najlepiej sprawdzaj\u0105 si\u0119 w przypadku danego kursanta. Dzi\u0119ki temu mo\u017cemy w prawid\u0142owy spos\u00f3b dopasowa\u0107 si\u0119 do kompetencji oraz wymaga\u0144 ka\u017cdej osoby. Pozwala to na osi\u0105gni\u0119cie doskona\u0142ych wynik\u00f3w w wyj\u0105tkowo kr\u00f3tkim czasie.<\/p>\n\n\n\n<p>Kursanci chwal\u0105 nas za przyjazne podej\u015bcie oraz skuteczne przygotowanie do egzaminu maturalnego. W naszej szkole zapewniamy szybk\u0105, ale efektywn\u0105 nauk\u0119 j\u0119zyka obcego, a tak\u017ce odpowiedni rozw\u00f3j umiej\u0119tno\u015bci j\u0119zykowych, kt\u00f3re maj\u0105 du\u017ce znaczenie w \u017cyciu. Nasi lektorzy posiadaj\u0105 kwalifikacje oraz nowoczesne metody. Za ich spraw\u0105 nauka j\u0119zyka obcego przebiega w sympatycznej, sprzyjaj\u0105cej rozwojowi i poszerzaniu wiedzy atmosferze.<\/p>\n\n\n\n<h2>Nauka j\u0119zyka do matury &#8211; Legionowo<\/h2>\n\n\n\n<p>Nasza szko\u0142a znana jest ze skutecznych metod nauczania, w kt\u00f3rych stawiamy na osi\u0105ganie jak najlepszych rezultat\u00f3w przynosz\u0105cych wiele korzy\u015bci. Dlatego chc\u0105c si\u0119 prawid\u0142owo przygotowa\u0107 do egzaminu maturalnego, warto bli\u017cej zapozna\u0107 si\u0119 z proponowan\u0105 przez nas ofert\u0105. W razie pojawienia si\u0119 jakichkolwiek w\u0105tpliwo\u015bci mo\u017cna si\u0119 z nami skontaktowa\u0107 w celu uzyskania odpowiedzi na nurtuj\u0105ce pytania. Pozwoli to na podj\u0119cie optymalnej decyzji i czerpanie maksymalnych korzy\u015bci z nauki wybranego j\u0119zyka.<\/p>\n","protected":false},"excerpt":{"rendered":"<p>Matura stanowi jeden z pierwszych najpowa\u017cniejszych egzamin\u00f3w w \u017cyciu ka\u017cdego m\u0142odego cz\u0142owieka. To r\u00f3wnie\u017c niezwykle stresuj\u0105cy okres, dlatego tak istotne jest odpowiednie przygotowanie. Pomo\u017ce ono zminimalizowa\u0107 niepotrzebny stres, co wp\u0142ywa na lepsze wyniki z egzaminu dojrza\u0142o\u015bci. Jednak samo ucz\u0119szczanie na zaj\u0119cia w szkole mo\u017ce nie by\u0107 wystarczaj\u0105ce. Niewielka liczba godzin, kr\u00f3tkie lekcje czy du\u017ca liczba [&hellip;]<\/p>\n","protected":false},"author":3,"featured_media":0,"parent":0,"menu_order":0,"comment_status":"closed","ping_status":"closed","template":"","meta":{"ngg_post_thumbnail":0},"acf":[],"yoast_head":"<!-- This site is optimized with the Yoast SEO plugin v18.9 - https:\/\/yoast.com\/wordpress\/plugins\/seo\/ -->\n<title>Kursy maturalne w Legionowie - Leader School<\/title>\n<meta name=\"robots\" content=\"index, follow, max-snippet:-1, max-image-preview:large, max-video-preview:-1\" \/>\n<link rel=\"canonical\" href=\"https:\/\/leaderschool.pl\/legionowo\/nauka-jezyka-do-matury\/\" \/>\n<meta property=\"og:locale\" content=\"pl_PL\" \/>\n<meta property=\"og:type\" content=\"article\" \/>\n<meta property=\"og:title\" content=\"Kursy maturalne w Legionowie - Leader School\" \/>\n<meta property=\"og:description\" content=\"Matura stanowi jeden z pierwszych najpowa\u017cniejszych egzamin\u00f3w w \u017cyciu ka\u017cdego m\u0142odego cz\u0142owieka. To r\u00f3wnie\u017c niezwykle stresuj\u0105cy okres, dlatego tak istotne jest odpowiednie przygotowanie. Pomo\u017ce ono zminimalizowa\u0107 niepotrzebny stres, co wp\u0142ywa na lepsze wyniki z egzaminu dojrza\u0142o\u015bci. Jednak samo ucz\u0119szczanie na zaj\u0119cia w szkole mo\u017ce nie by\u0107 wystarczaj\u0105ce. Niewielka liczba godzin, kr\u00f3tkie lekcje czy du\u017ca liczba [&hellip;]\" \/>\n<meta property=\"og:url\" content=\"https:\/\/leaderschool.pl\/legionowo\/nauka-jezyka-do-matury\/\" \/>\n<meta property=\"og:site_name\" content=\"w Legionowie - Leader School\" \/>\n<meta property=\"article:modified_time\" content=\"2022-07-29T15:43:10+00:00\" \/>\n<meta name=\"twitter:card\" content=\"summary_large_image\" \/>\n<meta name=\"twitter:label1\" content=\"Szacowany czas czytania\" \/>\n\t<meta name=\"twitter:data1\" content=\"3 minuty\" \/>\n<script type=\"application\/ld+json\" class=\"yoast-schema-graph\">{\"@context\":\"https:\/\/schema.org\",\"@graph\":[{\"@type\":\"WebSite\",\"@id\":\"https:\/\/leaderschool.pl\/legionowo\/#website\",\"url\":\"https:\/\/leaderschool.pl\/legionowo\/\",\"name\":\"w Legionowie - Leader School\",\"description\":\"\",\"potentialAction\":[{\"@type\":\"SearchAction\",\"target\":{\"@type\":\"EntryPoint\",\"urlTemplate\":\"https:\/\/leaderschool.pl\/legionowo\/?s={search_term_string}\"},\"query-input\":\"required name=search_term_string\"}],\"inLanguage\":\"pl-PL\"},{\"@type\":\"WebPage\",\"@id\":\"https:\/\/leaderschool.pl\/legionowo\/nauka-jezyka-do-matury\/#webpage\",\"url\":\"https:\/\/leaderschool.pl\/legionowo\/nauka-jezyka-do-matury\/\",\"name\":\"Kursy maturalne w Legionowie - Leader School\",\"isPartOf\":{\"@id\":\"https:\/\/leaderschool.pl\/legionowo\/#website\"},\"datePublished\":\"2022-07-24T14:38:53+00:00\",\"dateModified\":\"2022-07-29T15:43:10+00:00\",\"breadcrumb\":{\"@id\":\"https:\/\/leaderschool.pl\/legionowo\/nauka-jezyka-do-matury\/#breadcrumb\"},\"inLanguage\":\"pl-PL\",\"potentialAction\":[{\"@type\":\"ReadAction\",\"target\":[\"https:\/\/leaderschool.pl\/legionowo\/nauka-jezyka-do-matury\/\"]}]},{\"@type\":\"BreadcrumbList\",\"@id\":\"https:\/\/leaderschool.pl\/legionowo\/nauka-jezyka-do-matury\/#breadcrumb\",\"itemListElement\":[{\"@type\":\"ListItem\",\"position\":1,\"name\":\"Home\",\"item\":\"https:\/\/leaderschool.pl\/legionowo\/\"},{\"@type\":\"ListItem\",\"position\":2,\"name\":\"Kursy maturalne\"}]}]}<\/script>\n<!-- \/ Yoast SEO plugin. -->","yoast_head_json":{"title":"Kursy maturalne w Legionowie - Leader School","robots":{"index":"index","follow":"follow","max-snippet":"max-snippet:-1","max-image-preview":"max-image-preview:large","max-video-preview":"max-video-preview:-1"},"canonical":"https:\/\/leaderschool.pl\/legionowo\/nauka-jezyka-do-matury\/","og_locale":"pl_PL","og_type":"article","og_title":"Kursy maturalne w Legionowie - Leader School","og_description":"Matura stanowi jeden z pierwszych najpowa\u017cniejszych egzamin\u00f3w w \u017cyciu ka\u017cdego m\u0142odego cz\u0142owieka. To r\u00f3wnie\u017c niezwykle stresuj\u0105cy okres, dlatego tak istotne jest odpowiednie przygotowanie. Pomo\u017ce ono zminimalizowa\u0107 niepotrzebny stres, co wp\u0142ywa na lepsze wyniki z egzaminu dojrza\u0142o\u015bci. Jednak samo ucz\u0119szczanie na zaj\u0119cia w szkole mo\u017ce nie by\u0107 wystarczaj\u0105ce. Niewielka liczba godzin, kr\u00f3tkie lekcje czy du\u017ca liczba [&hellip;]","og_url":"https:\/\/leaderschool.pl\/legionowo\/nauka-jezyka-do-matury\/","og_site_name":"w Legionowie - Leader School","article_modified_time":"2022-07-29T15:43:10+00:00","twitter_card":"summary_large_image","twitter_misc":{"Szacowany czas czytania":"3 minuty"},"schema":{"@context":"https:\/\/schema.org","@graph":[{"@type":"WebSite","@id":"https:\/\/leaderschool.pl\/legionowo\/#website","url":"https:\/\/leaderschool.pl\/legionowo\/","name":"w Legionowie - Leader School","description":"","potentialAction":[{"@type":"SearchAction","target":{"@type":"EntryPoint","urlTemplate":"https:\/\/leaderschool.pl\/legionowo\/?s={search_term_string}"},"query-input":"required name=search_term_string"}],"inLanguage":"pl-PL"},{"@type":"WebPage","@id":"https:\/\/leaderschool.pl\/legionowo\/nauka-jezyka-do-matury\/#webpage","url":"https:\/\/leaderschool.pl\/legionowo\/nauka-jezyka-do-matury\/","name":"Kursy maturalne w Legionowie - Leader School","isPartOf":{"@id":"https:\/\/leaderschool.pl\/legionowo\/#website"},"datePublished":"2022-07-24T14:38:53+00:00","dateModified":"2022-07-29T15:43:10+00:00","breadcrumb":{"@id":"https:\/\/leaderschool.pl\/legionowo\/nauka-jezyka-do-matury\/#breadcrumb"},"inLanguage":"pl-PL","potentialAction":[{"@type":"ReadAction","target":["https:\/\/leaderschool.pl\/legionowo\/nauka-jezyka-do-matury\/"]}]},{"@type":"BreadcrumbList","@id":"https:\/\/leaderschool.pl\/legionowo\/nauka-jezyka-do-matury\/#breadcrumb","itemListElement":[{"@type":"ListItem","position":1,"name":"Home","item":"https:\/\/leaderschool.pl\/legionowo\/"},{"@type":"ListItem","position":2,"name":"Kursy maturalne"}]}]}},"_links":{"self":[{"href":"https:\/\/leaderschool.pl\/legionowo\/wp-json\/wp\/v2\/pages\/2584"}],"collection":[{"href":"https:\/\/leaderschool.pl\/legionowo\/wp-json\/wp\/v2\/pages"}],"about":[{"href":"https:\/\/leaderschool.pl\/legionowo\/wp-json\/wp\/v2\/types\/page"}],"author":[{"embeddable":true,"href":"https:\/\/leaderschool.pl\/legionowo\/wp-json\/wp\/v2\/users\/3"}],"replies":[{"embeddable":true,"href":"https:\/\/leaderschool.pl\/legionowo\/wp-json\/wp\/v2\/comments?post=2584"}],"version-history":[{"count":3,"href":"https:\/\/leaderschool.pl\/legionowo\/wp-json\/wp\/v2\/pages\/2584\/revisions"}],"predecessor-version":[{"id":2625,"href":"https:\/\/leaderschool.pl\/legionowo\/wp-json\/wp\/v2\/pages\/2584\/revisions\/2625"}],"wp:attachment":[{"href":"https:\/\/leaderschool.pl\/legionowo\/wp-json\/wp\/v2\/media?parent=2584"}],"curies":[{"name":"wp","href":"https:\/\/api.w.org\/{rel}","templated":true}]}}