{"id":3388,"date":"2026-04-10T22:34:39","date_gmt":"2026-04-10T20:34:39","guid":{"rendered":"https:\/\/leaderschool.pl\/krakow\/?page_id=3388"},"modified":"2026-04-13T20:24:42","modified_gmt":"2026-04-13T18:24:42","slug":"polkolonie-2026","status":"publish","type":"page","link":"https:\/\/leaderschool.pl\/krakow\/polkolonie-2026\/","title":{"rendered":"P\u00d3\u0141KOLONIE 2026"},"content":{"rendered":"\n<div style=\"font-family: inherit;color: inherit;max-width: 1100px;margin: auto\">\n\n  <div style=\"background: #eaf4ea;border-left: 4px solid #3a9a3a;border-radius: 0 8px 8px 0;padding: 10px 16px;margin-bottom: 20px;font-size: 14px;line-height: 1.6;color: #2a6a2a\">\n    Nasze p\u00f3\u0142kolonie s\u0105 zg\u0142oszone do <strong>Kuratorium O\u015bwiaty<\/strong>.\n  <\/div>\n\n  <h2 style=\"font-size: 22px;font-weight: 700;margin: 0 0 6px\">P\u00f3\u0142kolonie letnie 2026<\/h2>\n  <p style=\"font-size: 15px;color: #666;margin: 0 0 32px;padding-left: 14px;border-left: 4px solid #1a73e8\">ul. Urbanowicza 10a (os. Na Lotnisku), Krak\u00f3w<\/p>\n\n  <p style=\"font-size: 13px;font-weight: 700;text-transform: uppercase;letter-spacing: 0.05em;color: #444;margin: 0 0 16px\">Terminy i motywy<\/p>\n  <table style=\"width: 100%;border-collapse: collapse;margin-bottom: 32px\">\n    <thead>\n      <tr>\n        <th style=\"padding: 10px 14px;font-size: 14px;font-weight: 600;text-align: left;background: #1a73e8;color: #fff\">Termin<\/th>\n        <th style=\"padding: 10px 14px;font-size: 14px;font-weight: 600;text-align: left;background: #1a73e8;color: #fff\">Motyw przewodni<\/th>\n        <th style=\"padding: 10px 14px;font-size: 14px;font-weight: 600;text-align: left;background: #1a73e8;color: #fff\">Opis<\/th>\n      <\/tr>\n    <\/thead>\n    <tbody>\n      <tr style=\"border-bottom: 1px solid #e8e8e8\">\n        <td style=\"padding: 12px 14px;font-size: 14px;font-weight: 600;color: #1a73e8;vertical-align: top\">29.06 \u2013 03.07<\/td>\n        <td style=\"padding: 12px 14px;font-size: 14px;vertical-align: top\">Mali Odkrywcy \u015awiata<\/td>\n        <td style=\"padding: 12px 14px;font-size: 14px;vertical-align: top;line-height: 1.6\">Podr\u00f3\u017cujemy po \u015bwiecie, poznajemy kraje, kultury i prze\u017cywamy przygody<\/td>\n      <\/tr>\n      <tr style=\"border-bottom: 1px solid #e8e8e8;background: #f7f9ff\">\n        <td style=\"padding: 12px 14px;font-size: 14px;font-weight: 600;color: #1a73e8;vertical-align: top\">06.07 \u2013 10.07<\/td>\n        <td style=\"padding: 12px 14px;font-size: 14px;vertical-align: top\">Magiczny \u015awiat Marze\u0144<\/td>\n        <td style=\"padding: 12px 14px;font-size: 14px;vertical-align: top;line-height: 1.6\">Tworzymy w\u0142asne \u015bwiaty, postacie i historie \u2014 rozwijamy wyobra\u017ani\u0119 i kreatywno\u015b\u0107<\/td>\n      <\/tr>\n      <tr style=\"border-bottom: 1px solid #e8e8e8\">\n        <td style=\"padding: 12px 14px;font-size: 14px;font-weight: 600;color: #1a73e8;vertical-align: top\">13.07 \u2013 17.07<\/td>\n        <td style=\"padding: 12px 14px;font-size: 14px;vertical-align: top\">Tajna Misja \u2014 Detektywi<\/td>\n        <td style=\"padding: 12px 14px;font-size: 14px;vertical-align: top;line-height: 1.6\">Rozwi\u0105zujemy zagadki, tropimy wskaz\u00f3wki i odkrywamy tajemnice<\/td>\n      <\/tr>\n      <tr style=\"border-bottom: 1px solid #e8e8e8;background: #f7f9ff\">\n        <td style=\"padding: 12px 14px;font-size: 14px;font-weight: 600;color: #1a73e8;vertical-align: top\">03.08 \u2013 07.08<\/td>\n        <td style=\"padding: 12px 14px;font-size: 14px;vertical-align: top\">Kreatywne Laboratorium<\/td>\n        <td style=\"padding: 12px 14px;font-size: 14px;vertical-align: top;line-height: 1.6\">Tworzymy w\u0142asne projekty: slime, obrazy i r\u0119kodzie\u0142o, kt\u00f3re dzieci zabior\u0105 do domu<\/td>\n      <\/tr>\n      <tr style=\"border-bottom: 1px solid #e8e8e8\">\n        <td style=\"padding: 12px 14px;font-size: 14px;font-weight: 600;color: #1a73e8;vertical-align: top\">10.08 \u2013 14.08<\/td>\n        <td style=\"padding: 12px 14px;font-size: 14px;vertical-align: top\">Akademia Gwiazd \u2014 Teatr, Taniec &amp; Angielski<\/td>\n        <td style=\"padding: 12px 14px;font-size: 14px;vertical-align: top;line-height: 1.6\">Tworzymy przedstawienie z ta\u0144cem i scenkami po angielsku, kt\u00f3re dzieci zaprezentuj\u0105 podczas wielkiego fina\u0142u<\/td>\n      <\/tr>\n    <\/tbody>\n  <\/table>\n\n \n\n<\/div>\n\n\n\n<p><\/p>\n\n\n\n<div class=\"wp-container-2 wp-block-group\"><div class=\"wp-block-group__inner-container\">\n<div class=\"wp-container-1 wp-block-group alignwide\"><div class=\"wp-block-group__inner-container\"><\/div><\/div>\n<\/div><\/div>\n\n\n\n<div style=\"font-family: inherit;color: inherit;max-width: 1100px;margin: auto;margin-bottom: 4rem\">\n  <p style=\"font-size: 13px;font-weight: 700;text-transform: uppercase;letter-spacing: 0.05em;color: #444;margin: 0 0 16px\">Cennik<\/p>\n\n  <div style=\"margin-bottom: 16px\">\n    <div style=\"background: #f0f4ff;border-radius: 8px;padding: 14px 20px;margin-bottom: 10px\">\n      <p style=\"font-size: 12px;color: #666;margin: 0 0 4px;text-transform: uppercase;letter-spacing: 0.05em\">Koszt turnusu (5 dni) \u2013 obecni uczniowie<\/p>\n      <p style=\"font-size: 14px;margin: 0 0 4px\">Zapis do 30.04.2026: <strong style=\"color: #1a73e8;font-size: 18px\">750 z\u0142<\/strong><\/p>\n      <p style=\"font-size: 14px;margin: 0\">Zapis po 30.04.2026: <strong style=\"color: #1a73e8;font-size: 18px\">800 z\u0142<\/strong><\/p>\n    <\/div>\n  <\/div>\n\n  <div style=\"background: #fff7e6;border-left: 4px solid #f0a500;border-radius: 0 8px 8px 0;padding: 10px 16px;margin-bottom: 8px;font-size: 14px;line-height: 1.6\">\n    <strong style=\"color: #c47f00\">\u2014 200 z\u0142<\/strong> zni\u017cki na rodze\u0144stwo (drugie i kolejne dziecko)\n  <\/div>\n  <div style=\"background: #fff7e6;border-left: 4px solid #f0a500;border-radius: 0 8px 8px 0;padding: 10px 16px;font-size: 14px;line-height: 1.6\">\n    <strong style=\"color: #c47f00\">\u2014 100 z\u0142<\/strong> zni\u017cki przy zapisie na ka\u017cdy kolejny turnus\n  <\/div>\n<\/div>\n\n\n\n<div style=\"background:#00205B;border-radius:12px;padding:40px 28px;max-width:1100px;margin:auto\">\n  <table style=\"width:100%;border-collapse:collapse\">\n    <tr>\n      <td style=\"width:25%;text-align:center;padding:0 20px;vertical-align:top\">\n        <p style=\"color:#b5d93a;font-size:17px;font-weight:700;margin:0 0 10px\">zaj\u0119cia tematyczne<\/p>\n        <p style=\"color:#fff;font-size:14px;line-height:1.6;margin:0\">ka\u017cdego dnia zorganizowane zaj\u0119cia tematyczne adekwatne do obowi\u0105zuj\u0105cego tematu<\/p>\n      <\/td>\n      <td style=\"width:25%;text-align:center;padding:0 20px;vertical-align:top\">\n        <p style=\"color:#b5d93a;font-size:17px;font-weight:700;margin:0 0 10px\">odpocznij aktywnie<\/p>\n        <p style=\"color:#fff;font-size:14px;line-height:1.6;margin:0\">codzienny udzia\u0142 w zabawach na \u015bwie\u017cym powietrzu<\/p>\n      <\/td>\n      <td style=\"width:25%;text-align:center;padding:0 20px;vertical-align:top\">\n        <p style=\"color:#b5d93a;font-size:17px;font-weight:700;margin:0 0 10px\">pobud\u017a wyobra\u017ani\u0119<\/p>\n        <p style=\"color:#fff;font-size:14px;line-height:1.6;margin:0\">codziennie praktyczne warsztaty lub ciekawe eksperymenty<\/p>\n      <\/td>\n      <td style=\"width:25%;text-align:center;padding:0 20px;vertical-align:top\">\n        <p style=\"color:#b5d93a;font-size:17px;font-weight:700;margin:0 0 10px\">zwiedzaj z nami<\/p>\n        <p style=\"color:#fff;font-size:14px;line-height:1.6;margin:0\">jeden dzie\u0144 w ka\u017cdym turnusie obejmuje wycieczk\u0119 ca\u0142odniow\u0105 do wybranej atrakcji na terenie Krakowa<\/p>\n      <\/td>\n    <\/tr>\n  <\/table>\n<\/div>\n\n\n\n<div style=\"font-family: inherit;color: inherit;max-width: 1100px;margin: auto;margin-top: 4rem\">\n  <p style=\"font-size: 13px;font-weight: 700;text-transform: uppercase;letter-spacing: 0.05em;color: #444;margin: 0 0 16px\">Przyk\u0142adowy ramowy plan dnia<\/p>\n\n  <table style=\"width: 100%;border-collapse: collapse\">\n    <tbody>\n      <tr style=\"border-bottom: 1px solid #e8e8e8\">\n        <td style=\"padding: 10px 14px;font-size: 14px;font-weight: 600;color: #1a73e8;width: 140px\">07:30 \u2013 09:00<\/td>\n        <td style=\"padding: 10px 14px;font-size: 14px\">Rozpocz\u0119cie dnia, gry integracyjne, gry planszowe<\/td>\n      <\/tr>\n      <tr style=\"border-bottom: 1px solid #e8e8e8;background: #f7f9ff\">\n        <td style=\"padding: 10px 14px;font-size: 14px;font-weight: 600;color: #1a73e8\">09:00 \u2013 11:00<\/td>\n        <td style=\"padding: 10px 14px;font-size: 14px\">Warsztaty tematyczne, gry i zabawy zwi\u0105zane z tematyk\u0105 turnusu<\/td>\n      <\/tr>\n      <tr style=\"border-bottom: 1px solid #e8e8e8\">\n        <td style=\"padding: 10px 14px;font-size: 14px;font-weight: 600;color: #1a73e8\">11:00 \u2013 11:15<\/td>\n        <td style=\"padding: 10px 14px;font-size: 14px\">II \u015bniadanie<\/td>\n      <\/tr>\n      <tr style=\"border-bottom: 1px solid #e8e8e8;background: #f7f9ff\">\n        <td style=\"padding: 10px 14px;font-size: 14px;font-weight: 600;color: #1a73e8\">11:15 \u2013 13:00<\/td>\n        <td style=\"padding: 10px 14px;font-size: 14px\">Zaj\u0119cia sportowe w terenie<\/td>\n      <\/tr>\n      <tr style=\"border-bottom: 1px solid #e8e8e8\">\n        <td style=\"padding: 10px 14px;font-size: 14px;font-weight: 600;color: #1a73e8\">13:00 \u2013 13:30<\/td>\n        <td style=\"padding: 10px 14px;font-size: 14px\">Obiad (zupa, II danie)<\/td>\n      <\/tr>\n      <tr style=\"border-bottom: 1px solid #e8e8e8;background: #f7f9ff\">\n        <td style=\"padding: 10px 14px;font-size: 14px;font-weight: 600;color: #1a73e8\">13:30 \u2013 15:00<\/td>\n        <td style=\"padding: 10px 14px;font-size: 14px\">Warsztaty tematyczne, gry i zabawy zwi\u0105zane z tematyk\u0105 turnusu<\/td>\n      <\/tr>\n      <tr style=\"border-bottom: 1px solid #e8e8e8\">\n        <td style=\"padding: 10px 14px;font-size: 14px;font-weight: 600;color: #1a73e8\">15:00 \u2013 16:00<\/td>\n        <td style=\"padding: 10px 14px;font-size: 14px\">Gry i zabawy w terenie<\/td>\n      <\/tr>\n      <tr>\n        <td style=\"padding: 10px 14px;font-size: 14px;font-weight: 600;color: #1a73e8\">16:00 \u2013 16:30<\/td>\n        <td style=\"padding: 10px 14px;font-size: 14px\">Gry planszowe oraz zabawy \u015bwietlicowe<\/td>\n      <\/tr>\n    <\/tbody>\n  <\/table>\n<\/div>\n\n\n\n<div class=\"wp-container-3 wp-block-group\"><div class=\"wp-block-group__inner-container\">\n<figure class=\"wp-block-gallery aligncenter has-nested-images columns-default is-cropped\">\n<figure class=\"wp-block-image size-large\"><img loading=\"lazy\" width=\"730\" height=\"990\" src=\"data:image\/gif;base64,R0lGODlhAQABAAAAACH5BAEKAAEALAAAAAABAAEAAAICTAEAOw==\" alt=\"\" class=\"wp-image-3418 lazyload\" sizes=\"(max-width: 730px) 100vw, 730px\" data-src=\"https:\/\/leaderschool.pl\/krakow\/wp-content\/uploads\/sites\/39\/2026\/04\/Screenshot-2026-04-13-at-19.56.58.png\" data-srcset=\"https:\/\/leaderschool.pl\/krakow\/wp-content\/uploads\/sites\/39\/2026\/04\/Screenshot-2026-04-13-at-19.56.58.png 730w, https:\/\/leaderschool.pl\/krakow\/wp-content\/uploads\/sites\/39\/2026\/04\/Screenshot-2026-04-13-at-19.56.58-221x300.png 221w\"><\/figure>\n\n\n\n<figure class=\"wp-block-image size-large\"><img loading=\"lazy\" width=\"560\" height=\"678\" src=\"data:image\/gif;base64,R0lGODlhAQABAAAAACH5BAEKAAEALAAAAAABAAEAAAICTAEAOw==\" alt=\"\" class=\"wp-image-3417 lazyload\" sizes=\"(max-width: 560px) 100vw, 560px\" data-src=\"https:\/\/leaderschool.pl\/krakow\/wp-content\/uploads\/sites\/39\/2026\/04\/Screenshot-2026-04-13-at-19.56.36.png\" data-srcset=\"https:\/\/leaderschool.pl\/krakow\/wp-content\/uploads\/sites\/39\/2026\/04\/Screenshot-2026-04-13-at-19.56.36.png 560w, https:\/\/leaderschool.pl\/krakow\/wp-content\/uploads\/sites\/39\/2026\/04\/Screenshot-2026-04-13-at-19.56.36-248x300.png 248w\"><\/figure>\n\n\n\n<figure class=\"wp-block-image size-large\"><img loading=\"lazy\" width=\"554\" height=\"812\" src=\"data:image\/gif;base64,R0lGODlhAQABAAAAACH5BAEKAAEALAAAAAABAAEAAAICTAEAOw==\" alt=\"\" class=\"wp-image-3419 lazyload\" sizes=\"(max-width: 554px) 100vw, 554px\" data-src=\"https:\/\/leaderschool.pl\/krakow\/wp-content\/uploads\/sites\/39\/2026\/04\/Screenshot-2026-04-13-at-19.56.29-1.png\" data-srcset=\"https:\/\/leaderschool.pl\/krakow\/wp-content\/uploads\/sites\/39\/2026\/04\/Screenshot-2026-04-13-at-19.56.29-1.png 554w, https:\/\/leaderschool.pl\/krakow\/wp-content\/uploads\/sites\/39\/2026\/04\/Screenshot-2026-04-13-at-19.56.29-1-205x300.png 205w\"><\/figure>\n<\/figure>\n<\/div><\/div>\n\n\n\n<div class=\"wp-container-4 wp-block-group\"><div class=\"wp-block-group__inner-container\">\n<figure class=\"wp-block-gallery aligncenter has-nested-images columns-default is-cropped\">\n<figure class=\"wp-block-image size-full\"><img loading=\"lazy\" width=\"566\" height=\"816\" src=\"data:image\/gif;base64,R0lGODlhAQABAAAAACH5BAEKAAEALAAAAAABAAEAAAICTAEAOw==\" alt=\"\" class=\"wp-image-3429 lazyload\" sizes=\"(max-width: 566px) 100vw, 566px\" data-src=\"https:\/\/leaderschool.pl\/krakow\/wp-content\/uploads\/sites\/39\/2026\/04\/Screenshot-2026-04-13-at-19.56.21-1.png\" data-srcset=\"https:\/\/leaderschool.pl\/krakow\/wp-content\/uploads\/sites\/39\/2026\/04\/Screenshot-2026-04-13-at-19.56.21-1.png 566w, https:\/\/leaderschool.pl\/krakow\/wp-content\/uploads\/sites\/39\/2026\/04\/Screenshot-2026-04-13-at-19.56.21-1-208x300.png 208w\"><\/figure>\n\n\n\n<figure class=\"wp-block-image size-full\"><img loading=\"lazy\" width=\"742\" height=\"978\" src=\"data:image\/gif;base64,R0lGODlhAQABAAAAACH5BAEKAAEALAAAAAABAAEAAAICTAEAOw==\" alt=\"\" class=\"wp-image-3430 lazyload\" sizes=\"(max-width: 742px) 100vw, 742px\" data-src=\"https:\/\/leaderschool.pl\/krakow\/wp-content\/uploads\/sites\/39\/2026\/04\/Screenshot-2026-04-13-at-19.56.53-1.png\" data-srcset=\"https:\/\/leaderschool.pl\/krakow\/wp-content\/uploads\/sites\/39\/2026\/04\/Screenshot-2026-04-13-at-19.56.53-1.png 742w, https:\/\/leaderschool.pl\/krakow\/wp-content\/uploads\/sites\/39\/2026\/04\/Screenshot-2026-04-13-at-19.56.53-1-228x300.png 228w\"><\/figure>\n\n\n\n<figure class=\"wp-block-image size-full\"><img loading=\"lazy\" width=\"560\" height=\"680\" src=\"data:image\/gif;base64,R0lGODlhAQABAAAAACH5BAEKAAEALAAAAAABAAEAAAICTAEAOw==\" alt=\"\" class=\"wp-image-3432 lazyload\" sizes=\"(max-width: 560px) 100vw, 560px\" data-src=\"https:\/\/leaderschool.pl\/krakow\/wp-content\/uploads\/sites\/39\/2026\/04\/Screenshot-2026-04-13-at-19.56.42-1.png\" data-srcset=\"https:\/\/leaderschool.pl\/krakow\/wp-content\/uploads\/sites\/39\/2026\/04\/Screenshot-2026-04-13-at-19.56.42-1.png 560w, https:\/\/leaderschool.pl\/krakow\/wp-content\/uploads\/sites\/39\/2026\/04\/Screenshot-2026-04-13-at-19.56.42-1-247x300.png 247w\"><\/figure>\n<\/figure>\n<\/div><\/div>\n\n\n\n<div style=\"background:#00205B;border-radius:12px;padding:40px 28px;max-width:1100px;margin:auto\">\n  <table style=\"width:100%;border-collapse:collapse\">\n    <tr>\n      <td style=\"width:25%;text-align:center;padding:0 20px;vertical-align:top\">\n        <p style=\"color:#b5d93a;font-size:17px;font-weight:700;margin:0 0 10px\">zaj\u0119cia tematyczne<\/p>\n        <p style=\"color:#fff;font-size:14px;line-height:1.6;margin:0\">ka\u017cdego dnia zorganizowane zaj\u0119cia tematyczne adekwatne do obowi\u0105zuj\u0105cego tematu<\/p>\n      <\/td>\n      <td style=\"width:25%;text-align:center;padding:0 20px;vertical-align:top\">\n        <p style=\"color:#b5d93a;font-size:17px;font-weight:700;margin:0 0 10px\">odpocznij aktywnie<\/p>\n        <p style=\"color:#fff;font-size:14px;line-height:1.6;margin:0\">codzienny udzia\u0142 w zabawach na \u015bwie\u017cym powietrzu<\/p>\n      <\/td>\n      <td style=\"width:25%;text-align:center;padding:0 20px;vertical-align:top\">\n        <p style=\"color:#b5d93a;font-size:17px;font-weight:700;margin:0 0 10px\">pobud\u017a wyobra\u017ani\u0119<\/p>\n        <p style=\"color:#fff;font-size:14px;line-height:1.6;margin:0\">codziennie praktyczne warsztaty lub ciekawe eksperymenty<\/p>\n      <\/td>\n      <td style=\"width:25%;text-align:center;padding:0 20px;vertical-align:top\">\n        <p style=\"color:#b5d93a;font-size:17px;font-weight:700;margin:0 0 10px\">zwiedzaj z nami<\/p>\n        <p style=\"color:#fff;font-size:14px;line-height:1.6;margin:0\">jeden dzie\u0144 w ka\u017cdym turnusie obejmuje wycieczk\u0119 ca\u0142odniow\u0105 do wybranej atrakcji na terenie Krakowa<\/p>\n      <\/td>\n    <\/tr>\n  <\/table>\n<\/div>\n\n\n\n<p><\/p>\n","protected":false},"excerpt":{"rendered":"<p>Nasze p\u00f3\u0142kolonie s\u0105 zg\u0142oszone do Kuratorium O\u015bwiaty. P\u00f3\u0142kolonie letnie 2026 ul. Urbanowicza 10a (os. Na Lotnisku), Krak\u00f3w Terminy i motywy Termin Motyw przewodni Opis 29.06 \u2013 03.07 Mali Odkrywcy \u015awiata Podr\u00f3\u017cujemy po \u015bwiecie, poznajemy kraje, kultury i prze\u017cywamy przygody 06.07 \u2013 10.07 Magiczny \u015awiat Marze\u0144 Tworzymy w\u0142asne \u015bwiaty, postacie i historie \u2014 rozwijamy wyobra\u017ani\u0119 i [&hellip;]<\/p>\n","protected":false},"author":18,"featured_media":0,"parent":0,"menu_order":0,"comment_status":"closed","ping_status":"closed","template":"","meta":{"ngg_post_thumbnail":0},"acf":[],"yoast_head":"<!-- This site is optimized with the Yoast SEO plugin v18.9 - https:\/\/yoast.com\/wordpress\/plugins\/seo\/ -->\n<title>P\u00d3\u0141KOLONIE 2026 w Krakowie - Leader School<\/title>\n<meta name=\"description\" content=\"Zapisz ju\u017c dzi\u015b swoje dziecka na kolonie w Dar\u0142\u00f3wku z Leader School Krak\u00f3w. Zapraszamy!\" \/>\n<meta name=\"robots\" content=\"index, follow, max-snippet:-1, max-image-preview:large, max-video-preview:-1\" \/>\n<link rel=\"canonical\" href=\"https:\/\/leaderschool.pl\/krakow\/polkolonie-2026\/\" \/>\n<meta property=\"og:locale\" content=\"pl_PL\" \/>\n<meta property=\"og:type\" content=\"article\" \/>\n<meta property=\"og:title\" content=\"P\u00d3\u0141KOLONIE 2026 w Krakowie - Leader School\" \/>\n<meta property=\"og:description\" content=\"Zapisz ju\u017c dzi\u015b swoje dziecka na kolonie w Dar\u0142\u00f3wku z Leader School Krak\u00f3w. Zapraszamy!\" \/>\n<meta property=\"og:url\" content=\"https:\/\/leaderschool.pl\/krakow\/polkolonie-2026\/\" \/>\n<meta property=\"og:site_name\" content=\"w Krakowie - Leader School\" \/>\n<meta property=\"article:publisher\" content=\"https:\/\/www.facebook.com\/Leader.School.Krakow\" \/>\n<meta property=\"article:modified_time\" content=\"2026-04-13T18:24:42+00:00\" \/>\n<meta property=\"og:image\" content=\"https:\/\/leaderschool.pl\/krakow\/wp-content\/uploads\/sites\/39\/2026\/04\/Screenshot-2026-04-13-at-19.56.58.png\" \/>\n<meta name=\"twitter:card\" content=\"summary_large_image\" \/>\n<meta name=\"twitter:label1\" content=\"Szacowany czas czytania\" \/>\n\t<meta name=\"twitter:data1\" content=\"3 minuty\" \/>\n<script type=\"application\/ld+json\" class=\"yoast-schema-graph\">{\"@context\":\"https:\/\/schema.org\",\"@graph\":[{\"@type\":\"WebSite\",\"@id\":\"https:\/\/leaderschool.pl\/krakow\/#website\",\"url\":\"https:\/\/leaderschool.pl\/krakow\/\",\"name\":\"w Krakowie - Leader School\",\"description\":\"\",\"potentialAction\":[{\"@type\":\"SearchAction\",\"target\":{\"@type\":\"EntryPoint\",\"urlTemplate\":\"https:\/\/leaderschool.pl\/krakow\/?s={search_term_string}\"},\"query-input\":\"required name=search_term_string\"}],\"inLanguage\":\"pl-PL\"},{\"@type\":\"ImageObject\",\"inLanguage\":\"pl-PL\",\"@id\":\"https:\/\/leaderschool.pl\/krakow\/polkolonie-2026\/#primaryimage\",\"url\":\"https:\/\/leaderschool.pl\/krakow\/wp-content\/uploads\/sites\/39\/2026\/04\/Screenshot-2026-04-13-at-19.56.58.png\",\"contentUrl\":\"https:\/\/leaderschool.pl\/krakow\/wp-content\/uploads\/sites\/39\/2026\/04\/Screenshot-2026-04-13-at-19.56.58.png\",\"width\":730,\"height\":990},{\"@type\":\"WebPage\",\"@id\":\"https:\/\/leaderschool.pl\/krakow\/polkolonie-2026\/#webpage\",\"url\":\"https:\/\/leaderschool.pl\/krakow\/polkolonie-2026\/\",\"name\":\"P\u00d3\u0141KOLONIE 2026 w Krakowie - Leader School\",\"isPartOf\":{\"@id\":\"https:\/\/leaderschool.pl\/krakow\/#website\"},\"primaryImageOfPage\":{\"@id\":\"https:\/\/leaderschool.pl\/krakow\/polkolonie-2026\/#primaryimage\"},\"datePublished\":\"2026-04-10T20:34:39+00:00\",\"dateModified\":\"2026-04-13T18:24:42+00:00\",\"description\":\"Zapisz ju\u017c dzi\u015b swoje dziecka na kolonie w Dar\u0142\u00f3wku z Leader School Krak\u00f3w. Zapraszamy!\",\"breadcrumb\":{\"@id\":\"https:\/\/leaderschool.pl\/krakow\/polkolonie-2026\/#breadcrumb\"},\"inLanguage\":\"pl-PL\",\"potentialAction\":[{\"@type\":\"ReadAction\",\"target\":[\"https:\/\/leaderschool.pl\/krakow\/polkolonie-2026\/\"]}]},{\"@type\":\"BreadcrumbList\",\"@id\":\"https:\/\/leaderschool.pl\/krakow\/polkolonie-2026\/#breadcrumb\",\"itemListElement\":[{\"@type\":\"ListItem\",\"position\":1,\"name\":\"Home\",\"item\":\"https:\/\/leaderschool.pl\/krakow\/\"},{\"@type\":\"ListItem\",\"position\":2,\"name\":\"P\u00d3\u0141KOLONIE 2026\"}]}]}<\/script>\n<!-- \/ Yoast SEO plugin. -->","yoast_head_json":{"title":"P\u00d3\u0141KOLONIE 2026 w Krakowie - Leader School","description":"Zapisz ju\u017c dzi\u015b swoje dziecka na kolonie w Dar\u0142\u00f3wku z Leader School Krak\u00f3w. Zapraszamy!","robots":{"index":"index","follow":"follow","max-snippet":"max-snippet:-1","max-image-preview":"max-image-preview:large","max-video-preview":"max-video-preview:-1"},"canonical":"https:\/\/leaderschool.pl\/krakow\/polkolonie-2026\/","og_locale":"pl_PL","og_type":"article","og_title":"P\u00d3\u0141KOLONIE 2026 w Krakowie - Leader School","og_description":"Zapisz ju\u017c dzi\u015b swoje dziecka na kolonie w Dar\u0142\u00f3wku z Leader School Krak\u00f3w. Zapraszamy!","og_url":"https:\/\/leaderschool.pl\/krakow\/polkolonie-2026\/","og_site_name":"w Krakowie - Leader School","article_publisher":"https:\/\/www.facebook.com\/Leader.School.Krakow","article_modified_time":"2026-04-13T18:24:42+00:00","og_image":[{"url":"https:\/\/leaderschool.pl\/krakow\/wp-content\/uploads\/sites\/39\/2026\/04\/Screenshot-2026-04-13-at-19.56.58.png"}],"twitter_card":"summary_large_image","twitter_misc":{"Szacowany czas czytania":"3 minuty"},"schema":{"@context":"https:\/\/schema.org","@graph":[{"@type":"WebSite","@id":"https:\/\/leaderschool.pl\/krakow\/#website","url":"https:\/\/leaderschool.pl\/krakow\/","name":"w Krakowie - Leader School","description":"","potentialAction":[{"@type":"SearchAction","target":{"@type":"EntryPoint","urlTemplate":"https:\/\/leaderschool.pl\/krakow\/?s={search_term_string}"},"query-input":"required name=search_term_string"}],"inLanguage":"pl-PL"},{"@type":"ImageObject","inLanguage":"pl-PL","@id":"https:\/\/leaderschool.pl\/krakow\/polkolonie-2026\/#primaryimage","url":"https:\/\/leaderschool.pl\/krakow\/wp-content\/uploads\/sites\/39\/2026\/04\/Screenshot-2026-04-13-at-19.56.58.png","contentUrl":"https:\/\/leaderschool.pl\/krakow\/wp-content\/uploads\/sites\/39\/2026\/04\/Screenshot-2026-04-13-at-19.56.58.png","width":730,"height":990},{"@type":"WebPage","@id":"https:\/\/leaderschool.pl\/krakow\/polkolonie-2026\/#webpage","url":"https:\/\/leaderschool.pl\/krakow\/polkolonie-2026\/","name":"P\u00d3\u0141KOLONIE 2026 w Krakowie - Leader School","isPartOf":{"@id":"https:\/\/leaderschool.pl\/krakow\/#website"},"primaryImageOfPage":{"@id":"https:\/\/leaderschool.pl\/krakow\/polkolonie-2026\/#primaryimage"},"datePublished":"2026-04-10T20:34:39+00:00","dateModified":"2026-04-13T18:24:42+00:00","description":"Zapisz ju\u017c dzi\u015b swoje dziecka na kolonie w Dar\u0142\u00f3wku z Leader School Krak\u00f3w. Zapraszamy!","breadcrumb":{"@id":"https:\/\/leaderschool.pl\/krakow\/polkolonie-2026\/#breadcrumb"},"inLanguage":"pl-PL","potentialAction":[{"@type":"ReadAction","target":["https:\/\/leaderschool.pl\/krakow\/polkolonie-2026\/"]}]},{"@type":"BreadcrumbList","@id":"https:\/\/leaderschool.pl\/krakow\/polkolonie-2026\/#breadcrumb","itemListElement":[{"@type":"ListItem","position":1,"name":"Home","item":"https:\/\/leaderschool.pl\/krakow\/"},{"@type":"ListItem","position":2,"name":"P\u00d3\u0141KOLONIE 2026"}]}]}},"_links":{"self":[{"href":"https:\/\/leaderschool.pl\/krakow\/wp-json\/wp\/v2\/pages\/3388"}],"collection":[{"href":"https:\/\/leaderschool.pl\/krakow\/wp-json\/wp\/v2\/pages"}],"about":[{"href":"https:\/\/leaderschool.pl\/krakow\/wp-json\/wp\/v2\/types\/page"}],"author":[{"embeddable":true,"href":"https:\/\/leaderschool.pl\/krakow\/wp-json\/wp\/v2\/users\/18"}],"replies":[{"embeddable":true,"href":"https:\/\/leaderschool.pl\/krakow\/wp-json\/wp\/v2\/comments?post=3388"}],"version-history":[{"count":28,"href":"https:\/\/leaderschool.pl\/krakow\/wp-json\/wp\/v2\/pages\/3388\/revisions"}],"predecessor-version":[{"id":3450,"href":"https:\/\/leaderschool.pl\/krakow\/wp-json\/wp\/v2\/pages\/3388\/revisions\/3450"}],"wp:attachment":[{"href":"https:\/\/leaderschool.pl\/krakow\/wp-json\/wp\/v2\/media?parent=3388"}],"curies":[{"name":"wp","href":"https:\/\/api.w.org\/{rel}","templated":true}]}}