{"id":3075,"date":"2023-12-24T14:30:58","date_gmt":"2023-12-24T13:30:58","guid":{"rendered":"https:\/\/leaderschool.pl\/krakow\/?page_id=3075"},"modified":"2023-12-26T23:02:55","modified_gmt":"2023-12-26T22:02:55","slug":"zlap-je-wszystkie-polkolonie-z-pokemonami","status":"publish","type":"page","link":"https:\/\/leaderschool.pl\/krakow\/zlap-je-wszystkie-polkolonie-z-pokemonami\/","title":{"rendered":"Z\u0141AP JE WSZYSTKIE! &#8211; P\u00f3\u0142kolonie z Pokemonami"},"content":{"rendered":"\n<figure class=\"wp-block-pullquote\"><blockquote><p><br>Twoje dziecko uwielbia <mark class=\"has-inline-color has-vivid-cyan-blue-color\"><strong>Pokemony<\/strong><\/mark>?<\/p><p>\u015awietnie si\u0119 sk\u0142ada bo przygotowali\u015bmy <mark class=\"has-inline-color has-vivid-cyan-blue-color\"><strong>fantastyczny program p\u00f3\u0142kolonii<\/strong><\/mark> dla wszystkich fan\u00f3w tych sympatycznych stwork\u00f3w!<\/p><p>Pozw\u00f3l wej\u015b\u0107 dziecku do <mark class=\"has-inline-color has-vivid-cyan-blue-color\"><strong>bezpiecznego \u015bwiata magii <\/strong><\/mark>i zapisz je ju\u017c dzi\u015b!<br><br> <mark class=\"has-inline-color has-vivid-cyan-blue-color\"><strong>Termin 12-16.02.2024<\/strong><\/mark> <\/p><\/blockquote><\/figure>\n\n\n\n<figure class=\"wp-block-image size-full is-resized is-style-rounded\"><img loading=\"lazy\" src=\"data:image\/gif;base64,R0lGODlhAQABAAAAACH5BAEKAAEALAAAAAABAAEAAAICTAEAOw==\" alt=\"\" class=\"wp-image-3076 lazyload\" width=\"720\" height=\"540\" sizes=\"(max-width: 720px) 100vw, 720px\" data-src=\"https:\/\/leaderschool.pl\/krakow\/wp-content\/uploads\/sites\/39\/2023\/12\/pokemon-gen-1.jpg\" data-srcset=\"https:\/\/leaderschool.pl\/krakow\/wp-content\/uploads\/sites\/39\/2023\/12\/pokemon-gen-1.jpg 960w, https:\/\/leaderschool.pl\/krakow\/wp-content\/uploads\/sites\/39\/2023\/12\/pokemon-gen-1-300x225.jpg 300w, https:\/\/leaderschool.pl\/krakow\/wp-content\/uploads\/sites\/39\/2023\/12\/pokemon-gen-1-768x576.jpg 768w\"><\/figure>\n\n\n\n<h2>Podczas p\u00f3\u0142kolonii:<\/h2>\n\n\n\n<p><\/p>\n\n\n\n<ul><li>zaprojektujemy i wydrukujemy postaci Pok\u00e9mon\u00f3w w 3D<\/li><li>poznamy kultur\u0119 japo\u0144sk\u0105 podczas wizyty w Muzeum Manggha<\/li><li>stworzymy w\u0142asne Pok\u00e9balle i Pok\u00e9dexy<\/li><li>z\u0142apiemy Pokemony offline podczas zabawy terenowej<\/li><li>stworzymy brokatowego Pok\u00e9mona Ditto<\/li><li>zorganizujemy pojedynek Trener\u00f3w<\/li><li>wyhodujemy Pokemona Oddish w doniczce<\/li><li>obejrzymy szkolny seans filmowy &#8222;Pok\u00e9mon Go&#8221;<\/li><li>zaprojektujemy w\u0142asne karty do gry<\/li><li>stworzymy figurki Pok\u00e9mon\u00f3w z masy solnej i piankoliny<\/li><li>zagramy w gry: &#8222;Monopoly Pok\u00e9mon&#8221;, &#8222;Labirynt Pok\u00e9mon&#8221; i puzzle<\/li><\/ul>\n\n\n\n<div class=\"wp-container-1 wp-block-buttons\">\n<div class=\"wp-block-button\"><a class=\"wp-block-button__link\" href=\"https:\/\/manggha.pl\">Dowiedz si\u0119 wi\u0119cej o Muzeum Kultury Japo\u0144skiej Manggha<\/a><\/div>\n<\/div>\n\n\n\n<figure class=\"wp-block-gallery has-nested-images columns-default is-cropped\">\n<figure class=\"wp-block-image size-large is-style-rounded\"><img loading=\"lazy\" width=\"1024\" height=\"683\" data-id=\"3077\" src=\"data:image\/gif;base64,R0lGODlhAQABAAAAACH5BAEKAAEALAAAAAABAAEAAAICTAEAOw==\" alt=\"\" class=\"wp-image-3077 lazyload\" sizes=\"(max-width: 1024px) 100vw, 1024px\" data-src=\"https:\/\/leaderschool.pl\/krakow\/wp-content\/uploads\/sites\/39\/2023\/12\/AdobeStock_414613593_Editorial_Use_Only-1024x683.jpeg\" data-srcset=\"https:\/\/leaderschool.pl\/krakow\/wp-content\/uploads\/sites\/39\/2023\/12\/AdobeStock_414613593_Editorial_Use_Only-1024x683.jpeg 1024w, https:\/\/leaderschool.pl\/krakow\/wp-content\/uploads\/sites\/39\/2023\/12\/AdobeStock_414613593_Editorial_Use_Only-300x200.jpeg 300w, https:\/\/leaderschool.pl\/krakow\/wp-content\/uploads\/sites\/39\/2023\/12\/AdobeStock_414613593_Editorial_Use_Only-768x512.jpeg 768w, https:\/\/leaderschool.pl\/krakow\/wp-content\/uploads\/sites\/39\/2023\/12\/AdobeStock_414613593_Editorial_Use_Only-1536x1025.jpeg 1536w, https:\/\/leaderschool.pl\/krakow\/wp-content\/uploads\/sites\/39\/2023\/12\/AdobeStock_414613593_Editorial_Use_Only.jpeg 1895w\"><\/figure>\n\n\n\n<figure class=\"wp-block-image size-full is-style-rounded\"><img loading=\"lazy\" width=\"800\" height=\"800\" data-id=\"3081\" src=\"data:image\/gif;base64,R0lGODlhAQABAAAAACH5BAEKAAEALAAAAAABAAEAAAICTAEAOw==\" alt=\"\" class=\"wp-image-3081 lazyload\" sizes=\"(max-width: 800px) 100vw, 800px\" data-src=\"https:\/\/leaderschool.pl\/krakow\/wp-content\/uploads\/sites\/39\/2023\/12\/57926e0448debe20cc557aa33a5a.jpeg\" data-srcset=\"https:\/\/leaderschool.pl\/krakow\/wp-content\/uploads\/sites\/39\/2023\/12\/57926e0448debe20cc557aa33a5a.jpeg 800w, https:\/\/leaderschool.pl\/krakow\/wp-content\/uploads\/sites\/39\/2023\/12\/57926e0448debe20cc557aa33a5a-300x300.jpeg 300w, https:\/\/leaderschool.pl\/krakow\/wp-content\/uploads\/sites\/39\/2023\/12\/57926e0448debe20cc557aa33a5a-150x150.jpeg 150w, https:\/\/leaderschool.pl\/krakow\/wp-content\/uploads\/sites\/39\/2023\/12\/57926e0448debe20cc557aa33a5a-768x768.jpeg 768w\"><\/figure>\n\n\n\n<figure class=\"wp-block-image size-large is-style-rounded\"><img loading=\"lazy\" width=\"1024\" height=\"768\" data-id=\"3079\" src=\"data:image\/gif;base64,R0lGODlhAQABAAAAACH5BAEKAAEALAAAAAABAAEAAAICTAEAOw==\" alt=\"\" class=\"wp-image-3079 lazyload\" sizes=\"(max-width: 1024px) 100vw, 1024px\" data-src=\"https:\/\/leaderschool.pl\/krakow\/wp-content\/uploads\/sites\/39\/2023\/12\/AdobeStock_409080611_Editorial_Use_Only-1024x768.jpeg\" data-srcset=\"https:\/\/leaderschool.pl\/krakow\/wp-content\/uploads\/sites\/39\/2023\/12\/AdobeStock_409080611_Editorial_Use_Only-1024x768.jpeg 1024w, https:\/\/leaderschool.pl\/krakow\/wp-content\/uploads\/sites\/39\/2023\/12\/AdobeStock_409080611_Editorial_Use_Only-300x225.jpeg 300w, https:\/\/leaderschool.pl\/krakow\/wp-content\/uploads\/sites\/39\/2023\/12\/AdobeStock_409080611_Editorial_Use_Only-768x576.jpeg 768w, https:\/\/leaderschool.pl\/krakow\/wp-content\/uploads\/sites\/39\/2023\/12\/AdobeStock_409080611_Editorial_Use_Only-1536x1152.jpeg 1536w, https:\/\/leaderschool.pl\/krakow\/wp-content\/uploads\/sites\/39\/2023\/12\/AdobeStock_409080611_Editorial_Use_Only-2048x1536.jpeg 2048w\"><\/figure>\n<\/figure>\n\n\n\n<figure class=\"wp-block-pullquote\"><blockquote><p>W kameralnych 15-20 osobowych grupach dzieci (6-12) b\u0119dziemy praktykowa\u0107:<\/p><\/blockquote><\/figure>\n\n\n\n<ul><li>skuteczne dzia\u0142anie w zespole<\/li><li>empatyczne s\u0142uchanie i wyra\u017canie swoich my\u015bli i potrzeb<\/li><li>kreatywne rozwi\u0105zywanie problem\u00f3w<\/li><li>odwa\u017cne realizowanie swoich pomys\u0142\u00f3w<\/li><li>my\u015blenie &#8222;out of the box&#8221;<\/li><li>wdzi\u0119czno\u015b\u0107 i \u017cyczliwo\u015b\u0107<\/li><li>komunikacj\u0119 w j\u0119zyku angielskim<\/li><\/ul>\n\n\n\n<figure class=\"wp-block-gallery has-nested-images columns-default is-cropped\">\n<figure class=\"wp-block-image size-large is-style-rounded\"><img loading=\"lazy\" width=\"769\" height=\"1024\" data-id=\"3082\" src=\"data:image\/gif;base64,R0lGODlhAQABAAAAACH5BAEKAAEALAAAAAABAAEAAAICTAEAOw==\" alt=\"\" class=\"wp-image-3082 lazyload\" sizes=\"(max-width: 769px) 100vw, 769px\" data-src=\"https:\/\/leaderschool.pl\/krakow\/wp-content\/uploads\/sites\/39\/2023\/12\/1688539317492-769x1024.jpg\" data-srcset=\"https:\/\/leaderschool.pl\/krakow\/wp-content\/uploads\/sites\/39\/2023\/12\/1688539317492-769x1024.jpg 769w, https:\/\/leaderschool.pl\/krakow\/wp-content\/uploads\/sites\/39\/2023\/12\/1688539317492-225x300.jpg 225w, https:\/\/leaderschool.pl\/krakow\/wp-content\/uploads\/sites\/39\/2023\/12\/1688539317492-768x1023.jpg 768w, https:\/\/leaderschool.pl\/krakow\/wp-content\/uploads\/sites\/39\/2023\/12\/1688539317492-1153x1536.jpg 1153w, https:\/\/leaderschool.pl\/krakow\/wp-content\/uploads\/sites\/39\/2023\/12\/1688539317492-1538x2048.jpg 1538w, https:\/\/leaderschool.pl\/krakow\/wp-content\/uploads\/sites\/39\/2023\/12\/1688539317492-scaled.jpg 1922w\"><\/figure>\n\n\n\n<figure class=\"wp-block-image size-large is-style-rounded\"><img loading=\"lazy\" width=\"885\" height=\"1024\" data-id=\"3083\" src=\"data:image\/gif;base64,R0lGODlhAQABAAAAACH5BAEKAAEALAAAAAABAAEAAAICTAEAOw==\" alt=\"\" class=\"wp-image-3083 lazyload\" sizes=\"(max-width: 885px) 100vw, 885px\" data-src=\"https:\/\/leaderschool.pl\/krakow\/wp-content\/uploads\/sites\/39\/2023\/12\/1688737737854-885x1024.jpg\" data-srcset=\"https:\/\/leaderschool.pl\/krakow\/wp-content\/uploads\/sites\/39\/2023\/12\/1688737737854-885x1024.jpg 885w, https:\/\/leaderschool.pl\/krakow\/wp-content\/uploads\/sites\/39\/2023\/12\/1688737737854-259x300.jpg 259w, https:\/\/leaderschool.pl\/krakow\/wp-content\/uploads\/sites\/39\/2023\/12\/1688737737854-768x888.jpg 768w, https:\/\/leaderschool.pl\/krakow\/wp-content\/uploads\/sites\/39\/2023\/12\/1688737737854-1328x1536.jpg 1328w, https:\/\/leaderschool.pl\/krakow\/wp-content\/uploads\/sites\/39\/2023\/12\/1688737737854-1771x2048.jpg 1771w\"><\/figure>\n\n\n\n<figure class=\"wp-block-image size-large is-style-rounded\"><img loading=\"lazy\" width=\"769\" height=\"1024\" data-id=\"3084\" src=\"data:image\/gif;base64,R0lGODlhAQABAAAAACH5BAEKAAEALAAAAAABAAEAAAICTAEAOw==\" alt=\"\" class=\"wp-image-3084 lazyload\" sizes=\"(max-width: 769px) 100vw, 769px\" data-src=\"https:\/\/leaderschool.pl\/krakow\/wp-content\/uploads\/sites\/39\/2023\/12\/1688737737532-769x1024.jpg\" data-srcset=\"https:\/\/leaderschool.pl\/krakow\/wp-content\/uploads\/sites\/39\/2023\/12\/1688737737532-769x1024.jpg 769w, https:\/\/leaderschool.pl\/krakow\/wp-content\/uploads\/sites\/39\/2023\/12\/1688737737532-225x300.jpg 225w, https:\/\/leaderschool.pl\/krakow\/wp-content\/uploads\/sites\/39\/2023\/12\/1688737737532-768x1023.jpg 768w, https:\/\/leaderschool.pl\/krakow\/wp-content\/uploads\/sites\/39\/2023\/12\/1688737737532-1153x1536.jpg 1153w, https:\/\/leaderschool.pl\/krakow\/wp-content\/uploads\/sites\/39\/2023\/12\/1688737737532-1538x2048.jpg 1538w, https:\/\/leaderschool.pl\/krakow\/wp-content\/uploads\/sites\/39\/2023\/12\/1688737737532-scaled.jpg 1922w\"><\/figure>\n<\/figure>\n\n\n\n<figure class=\"wp-block-pullquote\"><blockquote><p>Cena 900 z\u0142 zawiera:<\/p><\/blockquote><\/figure>\n\n\n\n<ul><li>zaj\u0119cia programowe w godzinach 9:00-16:00<\/li><li>\u015bwietlic\u0119 szkoln\u0105 w godzinach 7:30-9:00 oraz 16:00-17:00<\/li><li>bilety wst\u0119pu do Muzeum Manggha<\/li><li>2-daniowy obiad i podwieczorek<\/li><li>bilety komunikacji miejskiej<\/li><li>opiek\u0119 wykwalifikowanej kadry pedagogicznej<\/li><li>ubezpieczenie NNW<\/li><li>dost\u0119p do galerii zdj\u0119\u0107 z p\u00f3\u0142kolonii<\/li><li>\u015bwietn\u0105 zabaw\u0119!<\/li><\/ul>\n\n\n\n<div class=\"wp-container-2 wp-block-buttons\"><\/div>\n\n\n\n<figure class=\"wp-block-pullquote\"><blockquote><p>Informacje i zapisy:<\/p><p>tel. 12 658 61 15<\/p><p>email: krakow@leaderschool.pl<\/p><\/blockquote><\/figure>\n\n\n\n<h2 class=\"has-text-align-center\">Sprawd\u017a jak bawili\u015bmy si\u0119 w poprzednich latach:<\/h2>\n\n\n\n<figure class=\"wp-block-gallery has-nested-images columns-default is-cropped\">\n<figure class=\"wp-block-image size-large is-style-rounded\"><img loading=\"lazy\" width=\"768\" height=\"1024\" data-id=\"2996\" src=\"data:image\/gif;base64,R0lGODlhAQABAAAAACH5BAEKAAEALAAAAAABAAEAAAICTAEAOw==\" alt=\"Zdj\u0119cia z p\u00f3\u0142kolonii j\u0119zykowych\" class=\"wp-image-2996 lazyload\" sizes=\"(max-width: 768px) 100vw, 768px\" data-src=\"https:\/\/leaderschool.pl\/krakow\/wp-content\/uploads\/sites\/39\/2023\/03\/IMG_4421-768x1024.jpeg\" data-srcset=\"https:\/\/leaderschool.pl\/krakow\/wp-content\/uploads\/sites\/39\/2023\/03\/IMG_4421-768x1024.jpeg 768w, https:\/\/leaderschool.pl\/krakow\/wp-content\/uploads\/sites\/39\/2023\/03\/IMG_4421-225x300.jpeg 225w, https:\/\/leaderschool.pl\/krakow\/wp-content\/uploads\/sites\/39\/2023\/03\/IMG_4421-1152x1536.jpeg 1152w, https:\/\/leaderschool.pl\/krakow\/wp-content\/uploads\/sites\/39\/2023\/03\/IMG_4421-1536x2048.jpeg 1536w, https:\/\/leaderschool.pl\/krakow\/wp-content\/uploads\/sites\/39\/2023\/03\/IMG_4421-scaled.jpeg 1920w\"><\/figure>\n\n\n\n<figure class=\"wp-block-image size-large is-style-rounded\"><img loading=\"lazy\" width=\"1024\" height=\"768\" data-id=\"2954\" src=\"data:image\/gif;base64,R0lGODlhAQABAAAAACH5BAEKAAEALAAAAAABAAEAAAICTAEAOw==\" alt=\"\" class=\"wp-image-2954 lazyload\" sizes=\"(max-width: 1024px) 100vw, 1024px\" data-src=\"https:\/\/leaderschool.pl\/krakow\/wp-content\/uploads\/sites\/39\/2023\/03\/IMG_2746-1-1024x768.jpg\" data-srcset=\"https:\/\/leaderschool.pl\/krakow\/wp-content\/uploads\/sites\/39\/2023\/03\/IMG_2746-1-1024x768.jpg 1024w, https:\/\/leaderschool.pl\/krakow\/wp-content\/uploads\/sites\/39\/2023\/03\/IMG_2746-1-300x225.jpg 300w, https:\/\/leaderschool.pl\/krakow\/wp-content\/uploads\/sites\/39\/2023\/03\/IMG_2746-1-768x576.jpg 768w, https:\/\/leaderschool.pl\/krakow\/wp-content\/uploads\/sites\/39\/2023\/03\/IMG_2746-1-1536x1152.jpg 1536w, https:\/\/leaderschool.pl\/krakow\/wp-content\/uploads\/sites\/39\/2023\/03\/IMG_2746-1-2048x1536.jpg 2048w\"><\/figure>\n\n\n\n<figure class=\"wp-block-image size-large is-style-rounded\"><img loading=\"lazy\" width=\"750\" height=\"1001\" data-id=\"2944\" src=\"data:image\/gif;base64,R0lGODlhAQABAAAAACH5BAEKAAEALAAAAAABAAEAAAICTAEAOw==\" alt=\"\" class=\"wp-image-2944 lazyload\" sizes=\"(max-width: 750px) 100vw, 750px\" data-src=\"https:\/\/leaderschool.pl\/krakow\/wp-content\/uploads\/sites\/39\/2023\/03\/IMG_4104-2.jpg\" data-srcset=\"https:\/\/leaderschool.pl\/krakow\/wp-content\/uploads\/sites\/39\/2023\/03\/IMG_4104-2.jpg 750w, https:\/\/leaderschool.pl\/krakow\/wp-content\/uploads\/sites\/39\/2023\/03\/IMG_4104-2-225x300.jpg 225w\"><\/figure>\n\n\n\n<figure class=\"wp-block-image size-large is-style-rounded\"><img loading=\"lazy\" width=\"1024\" height=\"683\" data-id=\"2960\" src=\"data:image\/gif;base64,R0lGODlhAQABAAAAACH5BAEKAAEALAAAAAABAAEAAAICTAEAOw==\" alt=\"\" class=\"wp-image-2960 lazyload\" sizes=\"(max-width: 1024px) 100vw, 1024px\" data-src=\"https:\/\/leaderschool.pl\/krakow\/wp-content\/uploads\/sites\/39\/2023\/03\/IMG_7581-1024x683.jpg\" data-srcset=\"https:\/\/leaderschool.pl\/krakow\/wp-content\/uploads\/sites\/39\/2023\/03\/IMG_7581-1024x683.jpg 1024w, https:\/\/leaderschool.pl\/krakow\/wp-content\/uploads\/sites\/39\/2023\/03\/IMG_7581-300x200.jpg 300w, https:\/\/leaderschool.pl\/krakow\/wp-content\/uploads\/sites\/39\/2023\/03\/IMG_7581-768x512.jpg 768w, https:\/\/leaderschool.pl\/krakow\/wp-content\/uploads\/sites\/39\/2023\/03\/IMG_7581-1536x1024.jpg 1536w, https:\/\/leaderschool.pl\/krakow\/wp-content\/uploads\/sites\/39\/2023\/03\/IMG_7581-2048x1365.jpg 2048w\"><\/figure>\n\n\n\n<figure class=\"wp-block-image size-large is-style-rounded\"><img loading=\"lazy\" width=\"768\" height=\"1024\" data-id=\"2949\" src=\"data:image\/gif;base64,R0lGODlhAQABAAAAACH5BAEKAAEALAAAAAABAAEAAAICTAEAOw==\" alt=\"\" class=\"wp-image-2949 lazyload\" sizes=\"(max-width: 768px) 100vw, 768px\" data-src=\"https:\/\/leaderschool.pl\/krakow\/wp-content\/uploads\/sites\/39\/2023\/03\/IMG_3600-2-2-768x1024.jpg\" data-srcset=\"https:\/\/leaderschool.pl\/krakow\/wp-content\/uploads\/sites\/39\/2023\/03\/IMG_3600-2-2-768x1024.jpg 768w, https:\/\/leaderschool.pl\/krakow\/wp-content\/uploads\/sites\/39\/2023\/03\/IMG_3600-2-2-225x300.jpg 225w, https:\/\/leaderschool.pl\/krakow\/wp-content\/uploads\/sites\/39\/2023\/03\/IMG_3600-2-2-1152x1536.jpg 1152w, https:\/\/leaderschool.pl\/krakow\/wp-content\/uploads\/sites\/39\/2023\/03\/IMG_3600-2-2-1536x2048.jpg 1536w, https:\/\/leaderschool.pl\/krakow\/wp-content\/uploads\/sites\/39\/2023\/03\/IMG_3600-2-2-scaled.jpg 1920w\"><\/figure>\n\n\n\n<figure class=\"wp-block-image size-large is-style-rounded\"><img loading=\"lazy\" width=\"768\" height=\"1024\" data-id=\"2956\" src=\"data:image\/gif;base64,R0lGODlhAQABAAAAACH5BAEKAAEALAAAAAABAAEAAAICTAEAOw==\" alt=\"\" class=\"wp-image-2956 lazyload\" sizes=\"(max-width: 768px) 100vw, 768px\" data-src=\"https:\/\/leaderschool.pl\/krakow\/wp-content\/uploads\/sites\/39\/2023\/03\/IMG_3610-2-768x1024.jpg\" data-srcset=\"https:\/\/leaderschool.pl\/krakow\/wp-content\/uploads\/sites\/39\/2023\/03\/IMG_3610-2-768x1024.jpg 768w, https:\/\/leaderschool.pl\/krakow\/wp-content\/uploads\/sites\/39\/2023\/03\/IMG_3610-2-225x300.jpg 225w, https:\/\/leaderschool.pl\/krakow\/wp-content\/uploads\/sites\/39\/2023\/03\/IMG_3610-2-1152x1536.jpg 1152w, https:\/\/leaderschool.pl\/krakow\/wp-content\/uploads\/sites\/39\/2023\/03\/IMG_3610-2-1536x2048.jpg 1536w, https:\/\/leaderschool.pl\/krakow\/wp-content\/uploads\/sites\/39\/2023\/03\/IMG_3610-2-scaled.jpg 1920w\"><\/figure>\n<\/figure>\n\n\n\n<p><a href=\"https:\/\/www.facebook.com\/hashtag\/wakacjedladzieci?__eep__=6&amp;__cft__[0]=AZW69B6JlLPKDHn_-d0r1KY679VmkP19EGmpZseDlq6SgAKRaPVF0lXj8EQXumL1N_SV2Xs0F4JB57iXXi8Ifrm3zu_B0f10aFBgRIEJX9RWx8BxU84OcaU_JCAYudGaahw&amp;__tn__=*NK-R\">#feriedladzieci<\/a><a href=\"https:\/\/www.facebook.com\/hashtag\/pierwszywyjazd?__eep__=6&amp;__cft__[0]=AZW69B6JlLPKDHn_-d0r1KY679VmkP19EGmpZseDlq6SgAKRaPVF0lXj8EQXumL1N_SV2Xs0F4JB57iXXi8Ifrm3zu_B0f10aFBgRIEJX9RWx8BxU84OcaU_JCAYudGaahw&amp;__tn__=*NK-R\"> #feriewkrakowie<\/a><a href=\"https:\/\/www.facebook.com\/hashtag\/pierwszekolonie?__eep__=6&amp;__cft__[0]=AZW69B6JlLPKDHn_-d0r1KY679VmkP19EGmpZseDlq6SgAKRaPVF0lXj8EQXumL1N_SV2Xs0F4JB57iXXi8Ifrm3zu_B0f10aFBgRIEJX9RWx8BxU84OcaU_JCAYudGaahw&amp;__tn__=*NK-R\"> #ferie2024<\/a> #p\u00f3\u0142koloniedladzieci <\/p>\n","protected":false},"excerpt":{"rendered":"<p>Twoje dziecko uwielbia Pokemony? \u015awietnie si\u0119 sk\u0142ada bo przygotowali\u015bmy fantastyczny program p\u00f3\u0142kolonii dla wszystkich fan\u00f3w tych sympatycznych stwork\u00f3w! Pozw\u00f3l wej\u015b\u0107 dziecku do bezpiecznego \u015bwiata magii i zapisz je ju\u017c dzi\u015b! Termin 12-16.02.2024 Podczas p\u00f3\u0142kolonii: zaprojektujemy i wydrukujemy postaci Pok\u00e9mon\u00f3w w 3D poznamy kultur\u0119 japo\u0144sk\u0105 podczas wizyty w Muzeum Manggha stworzymy w\u0142asne Pok\u00e9balle i Pok\u00e9dexy z\u0142apiemy [&hellip;]<\/p>\n","protected":false},"author":18,"featured_media":0,"parent":0,"menu_order":0,"comment_status":"closed","ping_status":"closed","template":"","meta":{"ngg_post_thumbnail":0},"acf":[],"yoast_head":"<!-- This site is optimized with the Yoast SEO plugin v18.9 - https:\/\/yoast.com\/wordpress\/plugins\/seo\/ -->\n<title>Z\u0141AP JE WSZYSTKIE! - P\u00f3\u0142kolonie z Pokemonami w Krakowie - Leader School<\/title>\n<meta name=\"description\" content=\"Zapisz ju\u017c dzi\u015b swoje dziecka na kolonie w Dar\u0142\u00f3wku z Leader School Krak\u00f3w. Zapraszamy!\" \/>\n<meta name=\"robots\" content=\"index, follow, max-snippet:-1, max-image-preview:large, max-video-preview:-1\" \/>\n<link rel=\"canonical\" href=\"https:\/\/leaderschool.pl\/krakow\/zlap-je-wszystkie-polkolonie-z-pokemonami\/\" \/>\n<meta property=\"og:locale\" content=\"pl_PL\" \/>\n<meta property=\"og:type\" content=\"article\" \/>\n<meta property=\"og:title\" content=\"Z\u0141AP JE WSZYSTKIE! - P\u00f3\u0142kolonie z Pokemonami w Krakowie - Leader School\" \/>\n<meta property=\"og:description\" content=\"Zapisz ju\u017c dzi\u015b swoje dziecka na kolonie w Dar\u0142\u00f3wku z Leader School Krak\u00f3w. Zapraszamy!\" \/>\n<meta property=\"og:url\" content=\"https:\/\/leaderschool.pl\/krakow\/zlap-je-wszystkie-polkolonie-z-pokemonami\/\" \/>\n<meta property=\"og:site_name\" content=\"w Krakowie - Leader School\" \/>\n<meta property=\"article:publisher\" content=\"https:\/\/www.facebook.com\/Leader.School.Krakow\" \/>\n<meta property=\"article:modified_time\" content=\"2023-12-26T22:02:55+00:00\" \/>\n<meta property=\"og:image\" content=\"https:\/\/leaderschool.pl\/krakow\/wp-content\/uploads\/sites\/39\/2023\/12\/pokemon-gen-1.jpg\" \/>\n<meta name=\"twitter:card\" content=\"summary_large_image\" \/>\n<meta name=\"twitter:label1\" content=\"Szacowany czas czytania\" \/>\n\t<meta name=\"twitter:data1\" content=\"4 minuty\" \/>\n<script type=\"application\/ld+json\" class=\"yoast-schema-graph\">{\"@context\":\"https:\/\/schema.org\",\"@graph\":[{\"@type\":\"WebSite\",\"@id\":\"https:\/\/leaderschool.pl\/krakow\/#website\",\"url\":\"https:\/\/leaderschool.pl\/krakow\/\",\"name\":\"w Krakowie - Leader School\",\"description\":\"\",\"potentialAction\":[{\"@type\":\"SearchAction\",\"target\":{\"@type\":\"EntryPoint\",\"urlTemplate\":\"https:\/\/leaderschool.pl\/krakow\/?s={search_term_string}\"},\"query-input\":\"required name=search_term_string\"}],\"inLanguage\":\"pl-PL\"},{\"@type\":\"ImageObject\",\"inLanguage\":\"pl-PL\",\"@id\":\"https:\/\/leaderschool.pl\/krakow\/zlap-je-wszystkie-polkolonie-z-pokemonami\/#primaryimage\",\"url\":\"https:\/\/leaderschool.pl\/krakow\/wp-content\/uploads\/sites\/39\/2023\/12\/pokemon-gen-1.jpg\",\"contentUrl\":\"https:\/\/leaderschool.pl\/krakow\/wp-content\/uploads\/sites\/39\/2023\/12\/pokemon-gen-1.jpg\",\"width\":960,\"height\":720,\"caption\":\"P\u00f3\u0142kolonie z Pokemonami\"},{\"@type\":\"WebPage\",\"@id\":\"https:\/\/leaderschool.pl\/krakow\/zlap-je-wszystkie-polkolonie-z-pokemonami\/#webpage\",\"url\":\"https:\/\/leaderschool.pl\/krakow\/zlap-je-wszystkie-polkolonie-z-pokemonami\/\",\"name\":\"Z\u0141AP JE WSZYSTKIE! - P\u00f3\u0142kolonie z Pokemonami w Krakowie - Leader School\",\"isPartOf\":{\"@id\":\"https:\/\/leaderschool.pl\/krakow\/#website\"},\"primaryImageOfPage\":{\"@id\":\"https:\/\/leaderschool.pl\/krakow\/zlap-je-wszystkie-polkolonie-z-pokemonami\/#primaryimage\"},\"datePublished\":\"2023-12-24T13:30:58+00:00\",\"dateModified\":\"2023-12-26T22:02:55+00:00\",\"description\":\"Zapisz ju\u017c dzi\u015b swoje dziecka na kolonie w Dar\u0142\u00f3wku z Leader School Krak\u00f3w. Zapraszamy!\",\"breadcrumb\":{\"@id\":\"https:\/\/leaderschool.pl\/krakow\/zlap-je-wszystkie-polkolonie-z-pokemonami\/#breadcrumb\"},\"inLanguage\":\"pl-PL\",\"potentialAction\":[{\"@type\":\"ReadAction\",\"target\":[\"https:\/\/leaderschool.pl\/krakow\/zlap-je-wszystkie-polkolonie-z-pokemonami\/\"]}]},{\"@type\":\"BreadcrumbList\",\"@id\":\"https:\/\/leaderschool.pl\/krakow\/zlap-je-wszystkie-polkolonie-z-pokemonami\/#breadcrumb\",\"itemListElement\":[{\"@type\":\"ListItem\",\"position\":1,\"name\":\"Home\",\"item\":\"https:\/\/leaderschool.pl\/krakow\/\"},{\"@type\":\"ListItem\",\"position\":2,\"name\":\"Z\u0141AP JE WSZYSTKIE! &#8211; P\u00f3\u0142kolonie z Pokemonami\"}]}]}<\/script>\n<!-- \/ Yoast SEO plugin. -->","yoast_head_json":{"title":"Z\u0141AP JE WSZYSTKIE! - P\u00f3\u0142kolonie z Pokemonami w Krakowie - Leader School","description":"Zapisz ju\u017c dzi\u015b swoje dziecka na kolonie w Dar\u0142\u00f3wku z Leader School Krak\u00f3w. Zapraszamy!","robots":{"index":"index","follow":"follow","max-snippet":"max-snippet:-1","max-image-preview":"max-image-preview:large","max-video-preview":"max-video-preview:-1"},"canonical":"https:\/\/leaderschool.pl\/krakow\/zlap-je-wszystkie-polkolonie-z-pokemonami\/","og_locale":"pl_PL","og_type":"article","og_title":"Z\u0141AP JE WSZYSTKIE! - P\u00f3\u0142kolonie z Pokemonami w Krakowie - Leader School","og_description":"Zapisz ju\u017c dzi\u015b swoje dziecka na kolonie w Dar\u0142\u00f3wku z Leader School Krak\u00f3w. Zapraszamy!","og_url":"https:\/\/leaderschool.pl\/krakow\/zlap-je-wszystkie-polkolonie-z-pokemonami\/","og_site_name":"w Krakowie - Leader School","article_publisher":"https:\/\/www.facebook.com\/Leader.School.Krakow","article_modified_time":"2023-12-26T22:02:55+00:00","og_image":[{"url":"https:\/\/leaderschool.pl\/krakow\/wp-content\/uploads\/sites\/39\/2023\/12\/pokemon-gen-1.jpg"}],"twitter_card":"summary_large_image","twitter_misc":{"Szacowany czas czytania":"4 minuty"},"schema":{"@context":"https:\/\/schema.org","@graph":[{"@type":"WebSite","@id":"https:\/\/leaderschool.pl\/krakow\/#website","url":"https:\/\/leaderschool.pl\/krakow\/","name":"w Krakowie - Leader School","description":"","potentialAction":[{"@type":"SearchAction","target":{"@type":"EntryPoint","urlTemplate":"https:\/\/leaderschool.pl\/krakow\/?s={search_term_string}"},"query-input":"required name=search_term_string"}],"inLanguage":"pl-PL"},{"@type":"ImageObject","inLanguage":"pl-PL","@id":"https:\/\/leaderschool.pl\/krakow\/zlap-je-wszystkie-polkolonie-z-pokemonami\/#primaryimage","url":"https:\/\/leaderschool.pl\/krakow\/wp-content\/uploads\/sites\/39\/2023\/12\/pokemon-gen-1.jpg","contentUrl":"https:\/\/leaderschool.pl\/krakow\/wp-content\/uploads\/sites\/39\/2023\/12\/pokemon-gen-1.jpg","width":960,"height":720,"caption":"P\u00f3\u0142kolonie z Pokemonami"},{"@type":"WebPage","@id":"https:\/\/leaderschool.pl\/krakow\/zlap-je-wszystkie-polkolonie-z-pokemonami\/#webpage","url":"https:\/\/leaderschool.pl\/krakow\/zlap-je-wszystkie-polkolonie-z-pokemonami\/","name":"Z\u0141AP JE WSZYSTKIE! - P\u00f3\u0142kolonie z Pokemonami w Krakowie - Leader School","isPartOf":{"@id":"https:\/\/leaderschool.pl\/krakow\/#website"},"primaryImageOfPage":{"@id":"https:\/\/leaderschool.pl\/krakow\/zlap-je-wszystkie-polkolonie-z-pokemonami\/#primaryimage"},"datePublished":"2023-12-24T13:30:58+00:00","dateModified":"2023-12-26T22:02:55+00:00","description":"Zapisz ju\u017c dzi\u015b swoje dziecka na kolonie w Dar\u0142\u00f3wku z Leader School Krak\u00f3w. Zapraszamy!","breadcrumb":{"@id":"https:\/\/leaderschool.pl\/krakow\/zlap-je-wszystkie-polkolonie-z-pokemonami\/#breadcrumb"},"inLanguage":"pl-PL","potentialAction":[{"@type":"ReadAction","target":["https:\/\/leaderschool.pl\/krakow\/zlap-je-wszystkie-polkolonie-z-pokemonami\/"]}]},{"@type":"BreadcrumbList","@id":"https:\/\/leaderschool.pl\/krakow\/zlap-je-wszystkie-polkolonie-z-pokemonami\/#breadcrumb","itemListElement":[{"@type":"ListItem","position":1,"name":"Home","item":"https:\/\/leaderschool.pl\/krakow\/"},{"@type":"ListItem","position":2,"name":"Z\u0141AP JE WSZYSTKIE! &#8211; P\u00f3\u0142kolonie z Pokemonami"}]}]}},"_links":{"self":[{"href":"https:\/\/leaderschool.pl\/krakow\/wp-json\/wp\/v2\/pages\/3075"}],"collection":[{"href":"https:\/\/leaderschool.pl\/krakow\/wp-json\/wp\/v2\/pages"}],"about":[{"href":"https:\/\/leaderschool.pl\/krakow\/wp-json\/wp\/v2\/types\/page"}],"author":[{"embeddable":true,"href":"https:\/\/leaderschool.pl\/krakow\/wp-json\/wp\/v2\/users\/18"}],"replies":[{"embeddable":true,"href":"https:\/\/leaderschool.pl\/krakow\/wp-json\/wp\/v2\/comments?post=3075"}],"version-history":[{"count":3,"href":"https:\/\/leaderschool.pl\/krakow\/wp-json\/wp\/v2\/pages\/3075\/revisions"}],"predecessor-version":[{"id":3139,"href":"https:\/\/leaderschool.pl\/krakow\/wp-json\/wp\/v2\/pages\/3075\/revisions\/3139"}],"wp:attachment":[{"href":"https:\/\/leaderschool.pl\/krakow\/wp-json\/wp\/v2\/media?parent=3075"}],"curies":[{"name":"wp","href":"https:\/\/api.w.org\/{rel}","templated":true}]}}