{"id":2753,"date":"2023-03-06T19:56:21","date_gmt":"2023-03-06T18:56:21","guid":{"rendered":"https:\/\/leaderschool.pl\/krakow\/?page_id=2753"},"modified":"2025-08-11T17:30:08","modified_gmt":"2025-08-11T15:30:08","slug":"lato-2023","status":"publish","type":"page","link":"https:\/\/leaderschool.pl\/krakow\/lato-2023\/","title":{"rendered":"ZIMOWE P\u00d3\u0141KOLONIE 2026"},"content":{"rendered":"\n<h2 class=\"has-text-align-center\">Szukasz ciekawego pomys\u0142u na FERIE w mie\u015bcie dla swojego dziecka?<\/h2>\n\n\n\n<figure class=\"wp-block-pullquote\"><blockquote><p>Nie czekaj i ju\u017c dzi\u015b zarezerwuj miejsce na jednym z naszych turnus\u00f3w!<\/p><\/blockquote><\/figure>\n\n\n\n<div class=\"wp-block-columns\">\n<div class=\"wp-block-column\"><\/div>\n\n\n\n<div class=\"wp-block-column\"><\/div>\n\n\n\n<div class=\"wp-block-column\"><\/div>\n<\/div>\n\n\n\n<div class=\"wp-container-1 wp-block-buttons\"><\/div>\n\n\n\n<div class=\"wp-block-columns\">\n<div class=\"wp-block-column\" style=\"flex-basis:100%\">\n<div class=\"wp-container-2 wp-block-buttons\"><\/div>\n<\/div>\n<\/div>\n\n\n\n<p>I turnus p\u00f3\u0142kolonii zimowych: 2-6.02.2026,<br>II turnus p\u00f3\u0142kolonii zimowych: 9-13.02.2026<\/p>\n\n\n\n<p><\/p>\n\n\n\n<p>LOKAL<strong>IZACJA<\/strong><br>ul. Urbanowicza 10a<\/p>\n\n\n\n<p>P\u00f3\u0142kolonie prowadzimy w ma\u0142ych 10-osobowych grupach.<br>Liczba miejsc ograniczona \u2013 obowi\u0105zuje zasada pierwsze\u0144stwa przy<br>rezerwacji.<\/p>\n\n\n\n<p>Nie chcesz, \u017ceby Twoje dziecko sp\u0119dza\u0142o czas samo w swoim pokoju, przed<br>komputerem, z dala od r\u00f3wie\u015bnik\u00f3w?\u200b<\/p>\n\n\n\n<p>Zapraszamy na nasze zimowe p\u00f3\u0142kolonie dzieci w wieku:<br>5-6 lat (przedszkolaki),<br>7-11 lat (1-5 kl. SP).<\/p>\n\n\n\n<p>P\u00f3\u0142kolonie to ca\u0142odzienne warsztaty (7.30-16.30) pe\u0142ne dobrej zabawy,<br>zaj\u0119\u0107 j\u0119zykowych, tematycznych atrakcji oraz niespodzianek!<\/p>\n\n\n\n<p>INF<strong>ORMACJE I ZAPISY:<\/strong><br>tel. 12 658 61 15<\/p>\n","protected":false},"excerpt":{"rendered":"<p>Szukasz ciekawego pomys\u0142u na FERIE w mie\u015bcie dla swojego dziecka? Nie czekaj i ju\u017c dzi\u015b zarezerwuj miejsce na jednym z naszych turnus\u00f3w! I turnus p\u00f3\u0142kolonii zimowych: 2-6.02.2026,II turnus p\u00f3\u0142kolonii zimowych: 9-13.02.2026 LOKALIZACJAul. Urbanowicza 10a P\u00f3\u0142kolonie prowadzimy w ma\u0142ych 10-osobowych grupach.Liczba miejsc ograniczona \u2013 obowi\u0105zuje zasada pierwsze\u0144stwa przyrezerwacji. Nie chcesz, \u017ceby Twoje dziecko sp\u0119dza\u0142o czas samo [&hellip;]<\/p>\n","protected":false},"author":18,"featured_media":0,"parent":0,"menu_order":0,"comment_status":"closed","ping_status":"closed","template":"","meta":{"ngg_post_thumbnail":0},"acf":[],"yoast_head":"<!-- This site is optimized with the Yoast SEO plugin v18.9 - https:\/\/yoast.com\/wordpress\/plugins\/seo\/ -->\n<title>ZIMOWE P\u00d3\u0141KOLONIE 2026<\/title>\n<meta name=\"description\" content=\"Sprawd\u017a ofert\u0119 naszej szko\u0142y j\u0119zykowej Leader School Krak\u00f3w na Lato 2023.\" \/>\n<meta name=\"robots\" content=\"index, follow, max-snippet:-1, max-image-preview:large, max-video-preview:-1\" \/>\n<link rel=\"canonical\" href=\"https:\/\/leaderschool.pl\/krakow\/lato-2023\/\" \/>\n<meta property=\"og:locale\" content=\"pl_PL\" \/>\n<meta property=\"og:type\" content=\"article\" \/>\n<meta property=\"og:title\" content=\"ZIMOWE P\u00d3\u0141KOLONIE 2026\" \/>\n<meta property=\"og:description\" content=\"Sprawd\u017a ofert\u0119 naszej szko\u0142y j\u0119zykowej Leader School Krak\u00f3w na Lato 2023.\" \/>\n<meta property=\"og:url\" content=\"https:\/\/leaderschool.pl\/krakow\/lato-2023\/\" \/>\n<meta property=\"og:site_name\" content=\"w Krakowie - Leader School\" \/>\n<meta property=\"article:publisher\" content=\"https:\/\/www.facebook.com\/Leader.School.Krakow\" \/>\n<meta property=\"article:modified_time\" content=\"2025-08-11T15:30:08+00:00\" \/>\n<meta property=\"og:image\" content=\"https:\/\/leaderschool.pl\/krakow\/wp-content\/uploads\/sites\/39\/2022\/06\/cropped-favicon-leader-school.png\" \/>\n\t<meta property=\"og:image:width\" content=\"512\" \/>\n\t<meta property=\"og:image:height\" content=\"512\" \/>\n\t<meta property=\"og:image:type\" content=\"image\/png\" \/>\n<meta name=\"twitter:card\" content=\"summary_large_image\" \/>\n<meta name=\"twitter:label1\" content=\"Szacowany czas czytania\" \/>\n\t<meta name=\"twitter:data1\" content=\"1 minuta\" \/>\n<script type=\"application\/ld+json\" class=\"yoast-schema-graph\">{\"@context\":\"https:\/\/schema.org\",\"@graph\":[{\"@type\":\"WebSite\",\"@id\":\"https:\/\/leaderschool.pl\/krakow\/#website\",\"url\":\"https:\/\/leaderschool.pl\/krakow\/\",\"name\":\"w Krakowie - Leader School\",\"description\":\"\",\"potentialAction\":[{\"@type\":\"SearchAction\",\"target\":{\"@type\":\"EntryPoint\",\"urlTemplate\":\"https:\/\/leaderschool.pl\/krakow\/?s={search_term_string}\"},\"query-input\":\"required name=search_term_string\"}],\"inLanguage\":\"pl-PL\"},{\"@type\":\"WebPage\",\"@id\":\"https:\/\/leaderschool.pl\/krakow\/lato-2023\/#webpage\",\"url\":\"https:\/\/leaderschool.pl\/krakow\/lato-2023\/\",\"name\":\"ZIMOWE P\u00d3\u0141KOLONIE 2026\",\"isPartOf\":{\"@id\":\"https:\/\/leaderschool.pl\/krakow\/#website\"},\"datePublished\":\"2023-03-06T18:56:21+00:00\",\"dateModified\":\"2025-08-11T15:30:08+00:00\",\"description\":\"Sprawd\u017a ofert\u0119 naszej szko\u0142y j\u0119zykowej Leader School Krak\u00f3w na Lato 2023.\",\"breadcrumb\":{\"@id\":\"https:\/\/leaderschool.pl\/krakow\/lato-2023\/#breadcrumb\"},\"inLanguage\":\"pl-PL\",\"potentialAction\":[{\"@type\":\"ReadAction\",\"target\":[\"https:\/\/leaderschool.pl\/krakow\/lato-2023\/\"]}]},{\"@type\":\"BreadcrumbList\",\"@id\":\"https:\/\/leaderschool.pl\/krakow\/lato-2023\/#breadcrumb\",\"itemListElement\":[{\"@type\":\"ListItem\",\"position\":1,\"name\":\"Home\",\"item\":\"https:\/\/leaderschool.pl\/krakow\/\"},{\"@type\":\"ListItem\",\"position\":2,\"name\":\"ZIMOWE P\u00d3\u0141KOLONIE 2026\"}]}]}<\/script>\n<!-- \/ Yoast SEO plugin. -->","yoast_head_json":{"title":"ZIMOWE P\u00d3\u0141KOLONIE 2026","description":"Sprawd\u017a ofert\u0119 naszej szko\u0142y j\u0119zykowej Leader School Krak\u00f3w na Lato 2023.","robots":{"index":"index","follow":"follow","max-snippet":"max-snippet:-1","max-image-preview":"max-image-preview:large","max-video-preview":"max-video-preview:-1"},"canonical":"https:\/\/leaderschool.pl\/krakow\/lato-2023\/","og_locale":"pl_PL","og_type":"article","og_title":"ZIMOWE P\u00d3\u0141KOLONIE 2026","og_description":"Sprawd\u017a ofert\u0119 naszej szko\u0142y j\u0119zykowej Leader School Krak\u00f3w na Lato 2023.","og_url":"https:\/\/leaderschool.pl\/krakow\/lato-2023\/","og_site_name":"w Krakowie - Leader School","article_publisher":"https:\/\/www.facebook.com\/Leader.School.Krakow","article_modified_time":"2025-08-11T15:30:08+00:00","og_image":[{"width":512,"height":512,"url":"https:\/\/leaderschool.pl\/krakow\/wp-content\/uploads\/sites\/39\/2022\/06\/cropped-favicon-leader-school.png","type":"image\/png"}],"twitter_card":"summary_large_image","twitter_misc":{"Szacowany czas czytania":"1 minuta"},"schema":{"@context":"https:\/\/schema.org","@graph":[{"@type":"WebSite","@id":"https:\/\/leaderschool.pl\/krakow\/#website","url":"https:\/\/leaderschool.pl\/krakow\/","name":"w Krakowie - Leader School","description":"","potentialAction":[{"@type":"SearchAction","target":{"@type":"EntryPoint","urlTemplate":"https:\/\/leaderschool.pl\/krakow\/?s={search_term_string}"},"query-input":"required name=search_term_string"}],"inLanguage":"pl-PL"},{"@type":"WebPage","@id":"https:\/\/leaderschool.pl\/krakow\/lato-2023\/#webpage","url":"https:\/\/leaderschool.pl\/krakow\/lato-2023\/","name":"ZIMOWE P\u00d3\u0141KOLONIE 2026","isPartOf":{"@id":"https:\/\/leaderschool.pl\/krakow\/#website"},"datePublished":"2023-03-06T18:56:21+00:00","dateModified":"2025-08-11T15:30:08+00:00","description":"Sprawd\u017a ofert\u0119 naszej szko\u0142y j\u0119zykowej Leader School Krak\u00f3w na Lato 2023.","breadcrumb":{"@id":"https:\/\/leaderschool.pl\/krakow\/lato-2023\/#breadcrumb"},"inLanguage":"pl-PL","potentialAction":[{"@type":"ReadAction","target":["https:\/\/leaderschool.pl\/krakow\/lato-2023\/"]}]},{"@type":"BreadcrumbList","@id":"https:\/\/leaderschool.pl\/krakow\/lato-2023\/#breadcrumb","itemListElement":[{"@type":"ListItem","position":1,"name":"Home","item":"https:\/\/leaderschool.pl\/krakow\/"},{"@type":"ListItem","position":2,"name":"ZIMOWE P\u00d3\u0141KOLONIE 2026"}]}]}},"_links":{"self":[{"href":"https:\/\/leaderschool.pl\/krakow\/wp-json\/wp\/v2\/pages\/2753"}],"collection":[{"href":"https:\/\/leaderschool.pl\/krakow\/wp-json\/wp\/v2\/pages"}],"about":[{"href":"https:\/\/leaderschool.pl\/krakow\/wp-json\/wp\/v2\/types\/page"}],"author":[{"embeddable":true,"href":"https:\/\/leaderschool.pl\/krakow\/wp-json\/wp\/v2\/users\/18"}],"replies":[{"embeddable":true,"href":"https:\/\/leaderschool.pl\/krakow\/wp-json\/wp\/v2\/comments?post=2753"}],"version-history":[{"count":10,"href":"https:\/\/leaderschool.pl\/krakow\/wp-json\/wp\/v2\/pages\/2753\/revisions"}],"predecessor-version":[{"id":3294,"href":"https:\/\/leaderschool.pl\/krakow\/wp-json\/wp\/v2\/pages\/2753\/revisions\/3294"}],"wp:attachment":[{"href":"https:\/\/leaderschool.pl\/krakow\/wp-json\/wp\/v2\/media?parent=2753"}],"curies":[{"name":"wp","href":"https:\/\/api.w.org\/{rel}","templated":true}]}}