{"id":2675,"date":"2022-08-01T11:33:07","date_gmt":"2022-08-01T09:33:07","guid":{"rendered":"https:\/\/leaderschool.sellision.dev\/krakow\/?page_id=2675"},"modified":"2023-10-25T12:15:33","modified_gmt":"2023-10-25T10:15:33","slug":"polkolonie-jezykowe","status":"publish","type":"page","link":"https:\/\/leaderschool.pl\/krakow\/polkolonie-jezykowe\/","title":{"rendered":"P\u00f3\u0142kolonie j\u0119zykowe &#8211; wakacje w mie\u015bcie"},"content":{"rendered":"\n<p>Jak co sezon zapraszamy dzieci na p\u00f3\u0142kolonie j\u0119zykowe. Jest to najlepszy spos\u00f3b na aktywne sp\u0119dzenie czasu wolnego, pozostaj\u0105c w mie\u015bcie. Ka\u017cdy z turnus\u00f3w zawiera starannie opracowany program warsztat\u00f3w stacjonarnych oraz wycieczek i zaj\u0119\u0107 plenerowych, kt\u00f3ry realizowany jest w grupach max. 25-osobowych przez Lektor\u00f3w i Trener\u00f3w na co dzie\u0144 pracuj\u0105cych z dzie\u0107mi w Leonardo School.<\/p>\n\n\n\n<p><strong>Zaj\u0119cia przeznaczone s\u0105 dla dzieci od 5 do 12 lat.<\/strong><br><strong>Terminy zaj\u0119\u0107: okres wakacji i ferii zimowych.<\/strong><\/p>\n\n\n\n<p>Serdecznie zapraszamy dzieci oraz m\u0142odzie\u017c na nasze p\u00f3\u0142kolonie j\u0119zykowe. To ciekawy spos\u00f3b na aktywne sp\u0119dzenie czasu wolnego w mie\u015bcie. To r\u00f3wnie\u017c doskona\u0142a metoda na doskonalenie j\u0119zyk\u00f3w obcych i rozwijanie zainteresowa\u0144 \u2013 zar\u00f3wno w trakcie wakacji, jak i podczas ferii zimowych.<\/p>\n\n\n\n<p><h2>Warsztaty j\u0119zykowe letnie i zimowe &#8211; p\u00f3\u0142kolonie  w Krakowie<\/h2><\/p>\n\n\n\n<p>Proponowane przez nas turnusy posiadaj\u0105 starannie opracowany program warsztat\u00f3w stacjonarnych, a tak\u017ce interesuj\u0105cych wycieczek, zaj\u0119\u0107 plenerowych czy warsztat\u00f3w r\u0119kodzielniczych. Nios\u0105 ze sob\u0105 same zalety: pomagaj\u0105 w odkrywaniu kreatywno\u015bci dzieci i m\u0142odzie\u017cy, zwi\u0119kszaj\u0105 ich pewno\u015b\u0107 siebie, a tak\u017ce rozwijaj\u0105 dodatkowe zdolno\u015bci interpersonalne.<\/p>\n\n\n\n<p>Nie zapominajmy jednak o tak potrzebnym wypoczynku \u2013 podczas p\u00f3\u0142kolonii dzieci mog\u0105 liczy\u0107 na mn\u00f3stwo zabawy, zaj\u0119\u0107 sportowych, wycieczek po mie\u015bcie oraz szereg innych wci\u0105gaj\u0105cych atrakcji, kt\u00f3re pozwol\u0105 im zapomnie\u0107 o nudzie. Stale jednak b\u0119d\u0105 szlifowa\u0107 sw\u00f3j warsztat, zdobywaj\u0105c coraz wi\u0119cej umiej\u0119tno\u015bci j\u0119zykowych.<\/p>\n\n\n\n<p>Nasze p\u00f3\u0142kolonie zimowe i letnie realizowane s\u0105 w grupach (maksymalnie 25-osobowych). Zaj\u0119cia prowadzone s\u0105 przez do\u015bwiadczonych lektor\u00f3w oraz trener\u00f3w, kt\u00f3rzy na co dzie\u0144 pracuj\u0105 z dzie\u0107mi w Leonardo School w Krakowie.<\/p>\n","protected":false},"excerpt":{"rendered":"<p>Jak co sezon zapraszamy dzieci na p\u00f3\u0142kolonie j\u0119zykowe. Jest to najlepszy spos\u00f3b na aktywne sp\u0119dzenie czasu wolnego, pozostaj\u0105c w mie\u015bcie. Ka\u017cdy z turnus\u00f3w zawiera starannie opracowany program warsztat\u00f3w stacjonarnych oraz wycieczek i zaj\u0119\u0107 plenerowych, kt\u00f3ry realizowany jest w grupach max. 25-osobowych przez Lektor\u00f3w i Trener\u00f3w na co dzie\u0144 pracuj\u0105cych z dzie\u0107mi w Leonardo School. Zaj\u0119cia [&hellip;]<\/p>\n","protected":false},"author":3,"featured_media":0,"parent":0,"menu_order":0,"comment_status":"closed","ping_status":"closed","template":"","meta":{"ngg_post_thumbnail":0},"acf":[],"yoast_head":"<!-- This site is optimized with the Yoast SEO plugin v18.9 - https:\/\/yoast.com\/wordpress\/plugins\/seo\/ -->\n<title>P\u00f3\u0142kolonie j\u0119zykowe w Krakowie - Leader School<\/title>\n<meta name=\"description\" content=\"Chcesz wys\u0142a\u0107 swoje dziecko w wakacje na p\u00f3\u0142kolonie j\u0119zykowe? Wejd\u017a i sprawd\u017a ofert\u0119 szko\u0142y j\u0119zykowej Leader School Krak\u00f3w.\" \/>\n<meta name=\"robots\" content=\"index, follow, max-snippet:-1, max-image-preview:large, max-video-preview:-1\" \/>\n<link rel=\"canonical\" href=\"https:\/\/leaderschool.pl\/krakow\/polkolonie-jezykowe\/\" \/>\n<meta property=\"og:locale\" content=\"pl_PL\" \/>\n<meta property=\"og:type\" content=\"article\" \/>\n<meta property=\"og:title\" content=\"P\u00f3\u0142kolonie j\u0119zykowe w Krakowie - Leader School\" \/>\n<meta property=\"og:description\" content=\"Chcesz wys\u0142a\u0107 swoje dziecko w wakacje na p\u00f3\u0142kolonie j\u0119zykowe? Wejd\u017a i sprawd\u017a ofert\u0119 szko\u0142y j\u0119zykowej Leader School Krak\u00f3w.\" \/>\n<meta property=\"og:url\" content=\"https:\/\/leaderschool.pl\/krakow\/polkolonie-jezykowe\/\" \/>\n<meta property=\"og:site_name\" content=\"w Krakowie - Leader School\" \/>\n<meta property=\"article:publisher\" content=\"https:\/\/www.facebook.com\/Leader.School.Krakow\" \/>\n<meta property=\"article:modified_time\" content=\"2023-10-25T10:15:33+00:00\" \/>\n<meta property=\"og:image\" content=\"https:\/\/leaderschool.pl\/krakow\/wp-content\/uploads\/sites\/39\/2022\/06\/cropped-favicon-leader-school.png\" \/>\n\t<meta property=\"og:image:width\" content=\"512\" \/>\n\t<meta property=\"og:image:height\" content=\"512\" \/>\n\t<meta property=\"og:image:type\" content=\"image\/png\" \/>\n<meta name=\"twitter:card\" content=\"summary_large_image\" \/>\n<meta name=\"twitter:label1\" content=\"Szacowany czas czytania\" \/>\n\t<meta name=\"twitter:data1\" content=\"2 minuty\" \/>\n<script type=\"application\/ld+json\" class=\"yoast-schema-graph\">{\"@context\":\"https:\/\/schema.org\",\"@graph\":[{\"@type\":\"WebSite\",\"@id\":\"https:\/\/leaderschool.pl\/krakow\/#website\",\"url\":\"https:\/\/leaderschool.pl\/krakow\/\",\"name\":\"w Krakowie - Leader School\",\"description\":\"\",\"potentialAction\":[{\"@type\":\"SearchAction\",\"target\":{\"@type\":\"EntryPoint\",\"urlTemplate\":\"https:\/\/leaderschool.pl\/krakow\/?s={search_term_string}\"},\"query-input\":\"required name=search_term_string\"}],\"inLanguage\":\"pl-PL\"},{\"@type\":\"WebPage\",\"@id\":\"https:\/\/leaderschool.pl\/krakow\/polkolonie-jezykowe\/#webpage\",\"url\":\"https:\/\/leaderschool.pl\/krakow\/polkolonie-jezykowe\/\",\"name\":\"P\u00f3\u0142kolonie j\u0119zykowe w Krakowie - Leader School\",\"isPartOf\":{\"@id\":\"https:\/\/leaderschool.pl\/krakow\/#website\"},\"datePublished\":\"2022-08-01T09:33:07+00:00\",\"dateModified\":\"2023-10-25T10:15:33+00:00\",\"description\":\"Chcesz wys\u0142a\u0107 swoje dziecko w wakacje na p\u00f3\u0142kolonie j\u0119zykowe? Wejd\u017a i sprawd\u017a ofert\u0119 szko\u0142y j\u0119zykowej Leader School Krak\u00f3w.\",\"breadcrumb\":{\"@id\":\"https:\/\/leaderschool.pl\/krakow\/polkolonie-jezykowe\/#breadcrumb\"},\"inLanguage\":\"pl-PL\",\"potentialAction\":[{\"@type\":\"ReadAction\",\"target\":[\"https:\/\/leaderschool.pl\/krakow\/polkolonie-jezykowe\/\"]}]},{\"@type\":\"BreadcrumbList\",\"@id\":\"https:\/\/leaderschool.pl\/krakow\/polkolonie-jezykowe\/#breadcrumb\",\"itemListElement\":[{\"@type\":\"ListItem\",\"position\":1,\"name\":\"Home\",\"item\":\"https:\/\/leaderschool.pl\/krakow\/\"},{\"@type\":\"ListItem\",\"position\":2,\"name\":\"P\u00f3\u0142kolonie j\u0119zykowe &#8211; wakacje w mie\u015bcie\"}]}]}<\/script>\n<!-- \/ Yoast SEO plugin. -->","yoast_head_json":{"title":"P\u00f3\u0142kolonie j\u0119zykowe w Krakowie - Leader School","description":"Chcesz wys\u0142a\u0107 swoje dziecko w wakacje na p\u00f3\u0142kolonie j\u0119zykowe? Wejd\u017a i sprawd\u017a ofert\u0119 szko\u0142y j\u0119zykowej Leader School Krak\u00f3w.","robots":{"index":"index","follow":"follow","max-snippet":"max-snippet:-1","max-image-preview":"max-image-preview:large","max-video-preview":"max-video-preview:-1"},"canonical":"https:\/\/leaderschool.pl\/krakow\/polkolonie-jezykowe\/","og_locale":"pl_PL","og_type":"article","og_title":"P\u00f3\u0142kolonie j\u0119zykowe w Krakowie - Leader School","og_description":"Chcesz wys\u0142a\u0107 swoje dziecko w wakacje na p\u00f3\u0142kolonie j\u0119zykowe? Wejd\u017a i sprawd\u017a ofert\u0119 szko\u0142y j\u0119zykowej Leader School Krak\u00f3w.","og_url":"https:\/\/leaderschool.pl\/krakow\/polkolonie-jezykowe\/","og_site_name":"w Krakowie - Leader School","article_publisher":"https:\/\/www.facebook.com\/Leader.School.Krakow","article_modified_time":"2023-10-25T10:15:33+00:00","og_image":[{"width":512,"height":512,"url":"https:\/\/leaderschool.pl\/krakow\/wp-content\/uploads\/sites\/39\/2022\/06\/cropped-favicon-leader-school.png","type":"image\/png"}],"twitter_card":"summary_large_image","twitter_misc":{"Szacowany czas czytania":"2 minuty"},"schema":{"@context":"https:\/\/schema.org","@graph":[{"@type":"WebSite","@id":"https:\/\/leaderschool.pl\/krakow\/#website","url":"https:\/\/leaderschool.pl\/krakow\/","name":"w Krakowie - Leader School","description":"","potentialAction":[{"@type":"SearchAction","target":{"@type":"EntryPoint","urlTemplate":"https:\/\/leaderschool.pl\/krakow\/?s={search_term_string}"},"query-input":"required name=search_term_string"}],"inLanguage":"pl-PL"},{"@type":"WebPage","@id":"https:\/\/leaderschool.pl\/krakow\/polkolonie-jezykowe\/#webpage","url":"https:\/\/leaderschool.pl\/krakow\/polkolonie-jezykowe\/","name":"P\u00f3\u0142kolonie j\u0119zykowe w Krakowie - Leader School","isPartOf":{"@id":"https:\/\/leaderschool.pl\/krakow\/#website"},"datePublished":"2022-08-01T09:33:07+00:00","dateModified":"2023-10-25T10:15:33+00:00","description":"Chcesz wys\u0142a\u0107 swoje dziecko w wakacje na p\u00f3\u0142kolonie j\u0119zykowe? Wejd\u017a i sprawd\u017a ofert\u0119 szko\u0142y j\u0119zykowej Leader School Krak\u00f3w.","breadcrumb":{"@id":"https:\/\/leaderschool.pl\/krakow\/polkolonie-jezykowe\/#breadcrumb"},"inLanguage":"pl-PL","potentialAction":[{"@type":"ReadAction","target":["https:\/\/leaderschool.pl\/krakow\/polkolonie-jezykowe\/"]}]},{"@type":"BreadcrumbList","@id":"https:\/\/leaderschool.pl\/krakow\/polkolonie-jezykowe\/#breadcrumb","itemListElement":[{"@type":"ListItem","position":1,"name":"Home","item":"https:\/\/leaderschool.pl\/krakow\/"},{"@type":"ListItem","position":2,"name":"P\u00f3\u0142kolonie j\u0119zykowe &#8211; wakacje w mie\u015bcie"}]}]}},"_links":{"self":[{"href":"https:\/\/leaderschool.pl\/krakow\/wp-json\/wp\/v2\/pages\/2675"}],"collection":[{"href":"https:\/\/leaderschool.pl\/krakow\/wp-json\/wp\/v2\/pages"}],"about":[{"href":"https:\/\/leaderschool.pl\/krakow\/wp-json\/wp\/v2\/types\/page"}],"author":[{"embeddable":true,"href":"https:\/\/leaderschool.pl\/krakow\/wp-json\/wp\/v2\/users\/3"}],"replies":[{"embeddable":true,"href":"https:\/\/leaderschool.pl\/krakow\/wp-json\/wp\/v2\/comments?post=2675"}],"version-history":[{"count":11,"href":"https:\/\/leaderschool.pl\/krakow\/wp-json\/wp\/v2\/pages\/2675\/revisions"}],"predecessor-version":[{"id":3048,"href":"https:\/\/leaderschool.pl\/krakow\/wp-json\/wp\/v2\/pages\/2675\/revisions\/3048"}],"wp:attachment":[{"href":"https:\/\/leaderschool.pl\/krakow\/wp-json\/wp\/v2\/media?parent=2675"}],"curies":[{"name":"wp","href":"https:\/\/api.w.org\/{rel}","templated":true}]}}