{"id":2651,"date":"2022-07-28T18:24:44","date_gmt":"2022-07-28T16:24:44","guid":{"rendered":"https:\/\/leaderschool.sellision.dev\/krakow\/?page_id=2651"},"modified":"2025-08-12T20:42:16","modified_gmt":"2025-08-12T18:42:16","slug":"kursy-dla-firm-bls-for-business","status":"publish","type":"page","link":"https:\/\/leaderschool.pl\/krakow\/kursy-dla-firm-bls-for-business\/","title":{"rendered":"Kursy dla firm \u2013 BLS FOR BUSINESS"},"content":{"rendered":"\n<p><a href=\"https:\/\/leaderschool.pl\/krakow\/\">Leader School w Krakowie<\/a> zach\u0119ca do udzia\u0142u w specjalnych zaj\u0119ciach przeznaczonych dla os\u00f3b chc\u0105cych podnie\u015b\u0107 swoje kwalifikacje zawodowe. Angielski dla firm skierowany jest r\u00f3wnie\u017c do przedsi\u0119biorstw, kt\u00f3re my\u015bl\u0105 o rozwini\u0119ciu umiej\u0119tno\u015bci j\u0119zykowych pracownik\u00f3w, a tak\u017ce pragn\u0105 otworzy\u0107 si\u0119 na rynki zagraniczne.<\/p>\n\n\n\n<h2>Angielski dla firm &#8211; Leader School Krak\u00f3w<\/h2>\n\n\n\n<p>Proponujemy spersonalizowany system nauki dla firm, dzi\u0119ki kt\u00f3remu mo\u017cna uzyska\u0107 kompetencje pozwalaj\u0105ce na p\u0142ynne pos\u0142ugiwanie si\u0119 j\u0119zykiem angielskim w mowie oraz pi\u015bmie. Ponadto osoby bior\u0105ce udzia\u0142 w naszych kursach pozbywaj\u0105 si\u0119 skr\u0119powania wynikaj\u0105cego z prowadzenia rozm\u00f3w w j\u0119zyku obcym, doskonal\u0105c przy tym swoje zdolno\u015bci interpersonalne.<\/p>\n\n\n\n<h2>Jak wygl\u0105daj\u0105 zaj\u0119cia z angielskiego dla firm w Krakowie?<\/h2>\n\n\n\n<p>Zaj\u0119cia obejmuj\u0105 nauk\u0119 s\u0142ownictwa specjalistycznego, umo\u017cliwiaj\u0105cego m.in. przeprowadzanie rozm\u00f3w i korespondencji, organizowanie prezentacji ofertowych oraz sporz\u0105dzanie dokumentacji biznesowej. Prowadzone s\u0105 przy pe\u0142nym wsparciu wykwalifikowanego lektora, z wykorzystaniem r\u00f3\u017cnorodnego materia\u0142u dydaktycznego, w dogodnym dla kursanta czasie.<\/p>\n\n\n\n<p>Po zako\u0144czeniu kursu j\u0119zyka angielskiego dla firm pracownicy zyskuj\u0105 znajomo\u015b\u0107 j\u0119zyka na poziomie C1 oraz szereg innych, przydatnych kompetencji, maj\u0105cych pozytywny wp\u0142yw na rozw\u00f3j biznesu zar\u00f3wno w kraju, jak i za granic\u0105.<\/p>\n\n\n\n<ul><li>Chcesz podnie\u015b\u0107 kwalifikacje pracownik\u00f3w?<\/li><li>Chcesz zwi\u0119kszy\u0107 konkurencyjno\u015b\u0107 Firmy?<\/li><li>Prowadzisz biznes mi\u0119dzynarodowy?<\/li><\/ul>\n\n\n\n<p><strong>BLS oferuje wszystko, czego potrzebujesz, aby Twoi pracownicy opanowali wybrany j\u0119zyk w stopniu komunikatywnym, r\u00f3wnocze\u015bnie nie zabieraj\u0105c im cennego czasu.<br><br>Gwarantuje unikaln\u0105 metodyk\u0119 zaj\u0119\u0107, bogactwo r\u00f3\u017cnorodnych materia\u0142\u00f3w dydaktycznych oraz dopasowanie do Waszych mo\u017cliwo\u015bci czasowych i predyspozycji, jak r\u00f3wnie\u017c stylu uczenia si\u0119.&#8221;(..) Wysoka jako\u015b\u0107 oferowanych kurs\u00f3w, profesjonalny spos\u00f3b prowadzenia zaj\u0119\u0107 stwarzaj\u0105cy atmosfer\u0119 motywacji do nauki, sprawia, \u017ce mo\u017cemy poleci\u0107 Leader School jako szko\u0142\u0119 gwarantuj\u0105c\u0105 sukces w nauczaniu j\u0119zyk\u00f3w obcych.&#8221;<br>&#8211; Hotel Ibis<\/strong><\/p>\n\n\n\n<h2>Czy poni\u017csze umiej\u0119tno\u015bci pracownik\u00f3w rozwin\u0105 Twoja Firm\u0119?<\/h2>\n\n\n\n<ul><li>znajomo\u015b\u0107 j\u0119zyka angielskiego lub niemieckiego na poziomie C1<\/li><li>prowadzenie negocjacji, rozm\u00f3w telefonicznych i prezentacji w j\u0119zyku obcym<\/li><li>prowadzenie wewn\u0119trznej i zewn\u0119trznej korespondencji firmowej<\/li><li>sporz\u0105dzanie dokumentacji firmowej<\/li><li>znajomo\u015b\u0107 s\u0142ownictwa bran\u017cowego<\/li><\/ul>\n\n\n\n<ul><li>Przedstawiamy odpowied\u017a na potrzeby rynku biznesowego w zakresie nauczania j\u0119zyk\u00f3w obcych<\/li><\/ul>\n\n\n\n<h2>Blended Learning System for Business to:<\/h2>\n\n\n\n<ul><li>precyzyjny system kwalifikacji &#8211; metoda BLS to a\u017c 8 poziom\u00f3w j\u0119zykowych, daj\u0105cych mo\u017cliwo\u015b\u0107 rozpocz\u0119cia nauki na odpowiednim poziomie<\/li><li>gwarancja szybkiej komunikacji &#8211; zaj\u0119cia w 80% oparte na m\u00f3wieniu<\/li><li>personalizowany system nauki &#8211; system dostosowany do indywidualnych potrzeb Firmy w tym j\u0119zyk bran\u017cowy<\/li><li>monitoring wynik\u00f3w nauki &#8211; system BLS MONITORING pozwala na realn\u0105 ocen\u0119 skuteczno\u015bci zaj\u0119\u0107<\/li><li>dost\u0119p do podr\u0119cznika multimedialnego &#8211; pozwala na prac\u0119 24h\/dob\u0119 w dowolnym miejscu i czasie<\/li><li>akredytowana kadra lektorska &#8211; gwarancja najwy\u017cszej jako\u015bci nauczania<\/li><li>nowoczesne materia\u0142y dydaktyczne &#8211; ksi\u0105\u017cki, podr\u0119cznik mulimedialny, audiobooki, fiszki wspomagaj\u0105ce proces nauczania<\/li><li>mo\u017cliwo\u015b\u0107 zaj\u0119\u0107 u Klienta &#8211; minimalizacja czasu dojazdu<\/li><li>tylko metoda BLS uwzgl\u0119dnia indywidualne predyspozycje s\u0142uchaczy tj. wzrokowcy, s\u0142uchowcy, kinestetycy<\/li><\/ul>\n\n\n\n<ul><li>Z metod\u0105 BLS minimalizujemy Tw\u00f3j czas nauki<\/li><\/ul>\n\n\n\n<ul><li>Opiekun projektu BLS for Business: +12 658 61 15<\/li><\/ul>\n\n\n\n<p><\/p>\n","protected":false},"excerpt":{"rendered":"<p>Leader School w Krakowie zach\u0119ca do udzia\u0142u w specjalnych zaj\u0119ciach przeznaczonych dla os\u00f3b chc\u0105cych podnie\u015b\u0107 swoje kwalifikacje zawodowe. Angielski dla firm skierowany jest r\u00f3wnie\u017c do przedsi\u0119biorstw, kt\u00f3re my\u015bl\u0105 o rozwini\u0119ciu umiej\u0119tno\u015bci j\u0119zykowych pracownik\u00f3w, a tak\u017ce pragn\u0105 otworzy\u0107 si\u0119 na rynki zagraniczne. Angielski dla firm &#8211; Leader School Krak\u00f3w Proponujemy spersonalizowany system nauki dla firm, dzi\u0119ki [&hellip;]<\/p>\n","protected":false},"author":3,"featured_media":0,"parent":0,"menu_order":0,"comment_status":"closed","ping_status":"closed","template":"","meta":{"ngg_post_thumbnail":0},"acf":[],"yoast_head":"<!-- This site is optimized with the Yoast SEO plugin v18.9 - https:\/\/yoast.com\/wordpress\/plugins\/seo\/ -->\n<title>Kursy dla firm \u2013 BLS FOR BUSINESS w Krakowie - Leader School<\/title>\n<meta name=\"description\" content=\"Sprawd\u017a ofert\u0119 Leader School Krak\u00f3w na specjalne kursy j\u0119zykowe dla firm. Zaj\u0119cia dla os\u00f3b chc\u0105cych podnie\u015b\u0107 swoje kwalifikacje zawodowe.\" \/>\n<meta name=\"robots\" content=\"index, follow, max-snippet:-1, max-image-preview:large, max-video-preview:-1\" \/>\n<link rel=\"canonical\" href=\"https:\/\/leaderschool.pl\/krakow\/kursy-dla-firm-bls-for-business\/\" \/>\n<meta property=\"og:locale\" content=\"pl_PL\" \/>\n<meta property=\"og:type\" content=\"article\" \/>\n<meta property=\"og:title\" content=\"Kursy dla firm \u2013 BLS FOR BUSINESS w Krakowie - Leader School\" \/>\n<meta property=\"og:description\" content=\"Sprawd\u017a ofert\u0119 Leader School Krak\u00f3w na specjalne kursy j\u0119zykowe dla firm. Zaj\u0119cia dla os\u00f3b chc\u0105cych podnie\u015b\u0107 swoje kwalifikacje zawodowe.\" \/>\n<meta property=\"og:url\" content=\"https:\/\/leaderschool.pl\/krakow\/kursy-dla-firm-bls-for-business\/\" \/>\n<meta property=\"og:site_name\" content=\"w Krakowie - Leader School\" \/>\n<meta property=\"article:publisher\" content=\"https:\/\/www.facebook.com\/Leader.School.Krakow\" \/>\n<meta property=\"article:modified_time\" content=\"2025-08-12T18:42:16+00:00\" \/>\n<meta property=\"og:image\" content=\"https:\/\/leaderschool.pl\/krakow\/wp-content\/uploads\/sites\/39\/2022\/06\/cropped-favicon-leader-school.png\" \/>\n\t<meta property=\"og:image:width\" content=\"512\" \/>\n\t<meta property=\"og:image:height\" content=\"512\" \/>\n\t<meta property=\"og:image:type\" content=\"image\/png\" \/>\n<meta name=\"twitter:card\" content=\"summary_large_image\" \/>\n<meta name=\"twitter:label1\" content=\"Szacowany czas czytania\" \/>\n\t<meta name=\"twitter:data1\" content=\"3 minuty\" \/>\n<script type=\"application\/ld+json\" class=\"yoast-schema-graph\">{\"@context\":\"https:\/\/schema.org\",\"@graph\":[{\"@type\":\"WebSite\",\"@id\":\"https:\/\/leaderschool.pl\/krakow\/#website\",\"url\":\"https:\/\/leaderschool.pl\/krakow\/\",\"name\":\"w Krakowie - Leader School\",\"description\":\"\",\"potentialAction\":[{\"@type\":\"SearchAction\",\"target\":{\"@type\":\"EntryPoint\",\"urlTemplate\":\"https:\/\/leaderschool.pl\/krakow\/?s={search_term_string}\"},\"query-input\":\"required name=search_term_string\"}],\"inLanguage\":\"pl-PL\"},{\"@type\":\"WebPage\",\"@id\":\"https:\/\/leaderschool.pl\/krakow\/kursy-dla-firm-bls-for-business\/#webpage\",\"url\":\"https:\/\/leaderschool.pl\/krakow\/kursy-dla-firm-bls-for-business\/\",\"name\":\"Kursy dla firm \u2013 BLS FOR BUSINESS w Krakowie - Leader School\",\"isPartOf\":{\"@id\":\"https:\/\/leaderschool.pl\/krakow\/#website\"},\"datePublished\":\"2022-07-28T16:24:44+00:00\",\"dateModified\":\"2025-08-12T18:42:16+00:00\",\"description\":\"Sprawd\u017a ofert\u0119 Leader School Krak\u00f3w na specjalne kursy j\u0119zykowe dla firm. Zaj\u0119cia dla os\u00f3b chc\u0105cych podnie\u015b\u0107 swoje kwalifikacje zawodowe.\",\"breadcrumb\":{\"@id\":\"https:\/\/leaderschool.pl\/krakow\/kursy-dla-firm-bls-for-business\/#breadcrumb\"},\"inLanguage\":\"pl-PL\",\"potentialAction\":[{\"@type\":\"ReadAction\",\"target\":[\"https:\/\/leaderschool.pl\/krakow\/kursy-dla-firm-bls-for-business\/\"]}]},{\"@type\":\"BreadcrumbList\",\"@id\":\"https:\/\/leaderschool.pl\/krakow\/kursy-dla-firm-bls-for-business\/#breadcrumb\",\"itemListElement\":[{\"@type\":\"ListItem\",\"position\":1,\"name\":\"Home\",\"item\":\"https:\/\/leaderschool.pl\/krakow\/\"},{\"@type\":\"ListItem\",\"position\":2,\"name\":\"Kursy dla firm \u2013 BLS FOR BUSINESS\"}]}]}<\/script>\n<!-- \/ Yoast SEO plugin. -->","yoast_head_json":{"title":"Kursy dla firm \u2013 BLS FOR BUSINESS w Krakowie - Leader School","description":"Sprawd\u017a ofert\u0119 Leader School Krak\u00f3w na specjalne kursy j\u0119zykowe dla firm. Zaj\u0119cia dla os\u00f3b chc\u0105cych podnie\u015b\u0107 swoje kwalifikacje zawodowe.","robots":{"index":"index","follow":"follow","max-snippet":"max-snippet:-1","max-image-preview":"max-image-preview:large","max-video-preview":"max-video-preview:-1"},"canonical":"https:\/\/leaderschool.pl\/krakow\/kursy-dla-firm-bls-for-business\/","og_locale":"pl_PL","og_type":"article","og_title":"Kursy dla firm \u2013 BLS FOR BUSINESS w Krakowie - Leader School","og_description":"Sprawd\u017a ofert\u0119 Leader School Krak\u00f3w na specjalne kursy j\u0119zykowe dla firm. Zaj\u0119cia dla os\u00f3b chc\u0105cych podnie\u015b\u0107 swoje kwalifikacje zawodowe.","og_url":"https:\/\/leaderschool.pl\/krakow\/kursy-dla-firm-bls-for-business\/","og_site_name":"w Krakowie - Leader School","article_publisher":"https:\/\/www.facebook.com\/Leader.School.Krakow","article_modified_time":"2025-08-12T18:42:16+00:00","og_image":[{"width":512,"height":512,"url":"https:\/\/leaderschool.pl\/krakow\/wp-content\/uploads\/sites\/39\/2022\/06\/cropped-favicon-leader-school.png","type":"image\/png"}],"twitter_card":"summary_large_image","twitter_misc":{"Szacowany czas czytania":"3 minuty"},"schema":{"@context":"https:\/\/schema.org","@graph":[{"@type":"WebSite","@id":"https:\/\/leaderschool.pl\/krakow\/#website","url":"https:\/\/leaderschool.pl\/krakow\/","name":"w Krakowie - Leader School","description":"","potentialAction":[{"@type":"SearchAction","target":{"@type":"EntryPoint","urlTemplate":"https:\/\/leaderschool.pl\/krakow\/?s={search_term_string}"},"query-input":"required name=search_term_string"}],"inLanguage":"pl-PL"},{"@type":"WebPage","@id":"https:\/\/leaderschool.pl\/krakow\/kursy-dla-firm-bls-for-business\/#webpage","url":"https:\/\/leaderschool.pl\/krakow\/kursy-dla-firm-bls-for-business\/","name":"Kursy dla firm \u2013 BLS FOR BUSINESS w Krakowie - Leader School","isPartOf":{"@id":"https:\/\/leaderschool.pl\/krakow\/#website"},"datePublished":"2022-07-28T16:24:44+00:00","dateModified":"2025-08-12T18:42:16+00:00","description":"Sprawd\u017a ofert\u0119 Leader School Krak\u00f3w na specjalne kursy j\u0119zykowe dla firm. Zaj\u0119cia dla os\u00f3b chc\u0105cych podnie\u015b\u0107 swoje kwalifikacje zawodowe.","breadcrumb":{"@id":"https:\/\/leaderschool.pl\/krakow\/kursy-dla-firm-bls-for-business\/#breadcrumb"},"inLanguage":"pl-PL","potentialAction":[{"@type":"ReadAction","target":["https:\/\/leaderschool.pl\/krakow\/kursy-dla-firm-bls-for-business\/"]}]},{"@type":"BreadcrumbList","@id":"https:\/\/leaderschool.pl\/krakow\/kursy-dla-firm-bls-for-business\/#breadcrumb","itemListElement":[{"@type":"ListItem","position":1,"name":"Home","item":"https:\/\/leaderschool.pl\/krakow\/"},{"@type":"ListItem","position":2,"name":"Kursy dla firm \u2013 BLS FOR BUSINESS"}]}]}},"_links":{"self":[{"href":"https:\/\/leaderschool.pl\/krakow\/wp-json\/wp\/v2\/pages\/2651"}],"collection":[{"href":"https:\/\/leaderschool.pl\/krakow\/wp-json\/wp\/v2\/pages"}],"about":[{"href":"https:\/\/leaderschool.pl\/krakow\/wp-json\/wp\/v2\/types\/page"}],"author":[{"embeddable":true,"href":"https:\/\/leaderschool.pl\/krakow\/wp-json\/wp\/v2\/users\/3"}],"replies":[{"embeddable":true,"href":"https:\/\/leaderschool.pl\/krakow\/wp-json\/wp\/v2\/comments?post=2651"}],"version-history":[{"count":5,"href":"https:\/\/leaderschool.pl\/krakow\/wp-json\/wp\/v2\/pages\/2651\/revisions"}],"predecessor-version":[{"id":3309,"href":"https:\/\/leaderschool.pl\/krakow\/wp-json\/wp\/v2\/pages\/2651\/revisions\/3309"}],"wp:attachment":[{"href":"https:\/\/leaderschool.pl\/krakow\/wp-json\/wp\/v2\/media?parent=2651"}],"curies":[{"name":"wp","href":"https:\/\/api.w.org\/{rel}","templated":true}]}}