{"id":2639,"date":"2022-07-28T17:51:43","date_gmt":"2022-07-28T15:51:43","guid":{"rendered":"https:\/\/leaderschool.sellision.dev\/krakow\/?page_id=2639"},"modified":"2025-08-12T20:40:55","modified_gmt":"2025-08-12T18:40:55","slug":"angielski-dla-mlodziezy-metoda-komunikacyjna","status":"publish","type":"page","link":"https:\/\/leaderschool.pl\/krakow\/angielski-dla-mlodziezy-metoda-komunikacyjna\/","title":{"rendered":"Angielski dla m\u0142odzie\u017cy metod\u0105 komunikacyjn\u0105 Krak\u00f3w"},"content":{"rendered":"\n<h2>Dla kogo przeznaczone s\u0105 zaj\u0119cia metod\u0105 komunikacyjn\u0105?<\/h2>\n\n\n\n<p>Zaj\u0119cia przeznaczone dla m\u0142odzie\u017cy w wieku 11-18 lat kontynuuj\u0105cej nauk\u0119 j\u0119zyka angielskiego.<\/p>\n\n\n\n<h2>Jaki jest g\u0142\u00f3wny cel metody komunikacyjnej w nauce angielskiego dla m\u0142odzie\u017cy?<\/h2>\n\n\n\n<p>G\u0142\u00f3wnym celem metody bezpo\u015bredniej jest nauczanie umiej\u0119tno\u015bci komunikacji w j\u0119zyku obcym, poprzez minimalizowanie u\u017cycia j\u0119zyka ojczystego w czasie lekcji i wykszta\u0142cenie pewnych odruch\u00f3w j\u0119zykowych. To prowadzi do my\u015blenia w j\u0119zyku, kt\u00f3rego si\u0119 chcemy nauczy\u0107, a dzi\u0119ki temu \u0142atwo\u015bci w pos\u0142ugiwaniu si\u0119 nim w praktyce.<a href=\"https:\/\/krakow.leaderschool.pl\/wp-content\/uploads\/sites\/13\/2019\/02\/Gold-Experience-2nd.png\"><\/a><\/p>\n\n\n\n<h3>Jak wygl\u0105daj\u0105 zaj\u0119cia prowadzone t\u0105 metod\u0105?<\/h3>\n\n\n\n<p>Metoda bezpo\u015brednia k\u0142adzie du\u017cy nacisk na praktyk\u0119 i prac\u0119 ustn\u0105 \u2013 s\u0142uchanie i m\u00f3wienie. Oko\u0142o 80% lekcji to praca ustna z lektorem, polegaj\u0105ca na kontrolowanym dialogu, w kt\u00f3rym lektor zadaje pytania w oparciu o wprowadzone wcze\u015bniej s\u0142ownictwo oraz zagadnienia gramatyczne. W ten spos\u00f3b nowy materia\u0142 jest \u0107wiczony zar\u00f3wno w praktyce jak i w odpowiednim kontek\u015bcie.<br>Ca\u0142y zas\u00f3b dotychczasowej wiedzy zostaje utrwalony w komunikacji poprzez liczne gry i zadania j\u0119zykowe. Metoda bezpo\u015brednia pomaga m\u0142odemu s\u0142uchaczowi opanowa\u0107 szybko i w przyjemnej atmosferze najwa\u017cniejsze umiej\u0119tno\u015bci j\u0119zykowe \u2013 m\u00f3wienie i rozumienie ze s\u0142uchu. Metoda komunikacyjna pomaga utrwali\u0107 gramatyk\u0119 oraz s\u0142ownictwo w naturalnych kontekstach \u017cycia codziennego.<\/p>\n\n\n\n<h2>Jakie s\u0105 korzy\u015bci z nauki metod\u0105 komunikacyjn\u0105 w Krakowie?<\/h2>\n\n\n\n<p>M\u0142odzie\u017c, kt\u00f3ra trafia do nas na zaj\u0119cia cz\u0119sto posiada ju\u017c wiedz\u0119 j\u0119zykow\u0105 ze szko\u0142y podstawowej czy \u015bredniej. Najwi\u0119ksz\u0105 trudno\u015bci\u0105 jest dla nich jednak wykorzystanie swojej wiedzy w praktyce, a wi\u0119c w konstruowaniu poprawnych wypowiedzi ustnych.<\/p>\n\n\n\n<p>\u0106wiczenie pyta\u0144 i odpowiedzi jest prawdopodobnie najbardziej rozpowszechnionym sposobem nauki, znanym od setek lat. Intensywna wymiana pyta\u0144 i odpowiedzi mi\u0119dzy nauczycielem a uczniem s\u0142u\u017cy wyrobieniu nawyk\u00f3w j\u0119zykowych. Ucze\u0144 osi\u0105ga automatyzm odpowiedzi dzi\u0119ki na\u015bladowaniu ca\u0142ych fraz i zda\u0144.<\/p>\n\n\n\n<p>Nauczyciel z <a href=\"https:\/\/leaderschool.pl\/krakow\/\">Leader School Krak\u00f3w<\/a> k\u0142adzie du\u017cy nacisk na poprawno\u015b\u0107 wypowiedzi pod wzgl\u0119dem wymowy, s\u0142ownictwa i gramatyki, co utrwala prawid\u0142owe nawyki j\u0119zykowe u s\u0142uchaczy, a tak\u017ce motywuje ich do dbania o formu\u0142owanie bezb\u0142\u0119dnych zda\u0144.<\/p>\n\n\n\n<p>Znajomo\u015b\u0107 zasad gramatycznych pojawia si\u0119 z biegiem czasu: potrzebne zagadnienia gramatyczne poznajemy podczas lekcji, \u0107wicz\u0105c je od razu w praktyce w zdaniach, natomiast co jaki\u015b czas robione s\u0105 lekcje gramatyczne, po\u015bwi\u0119cone w ca\u0142o\u015bci utrwaleniu i wyja\u015bnieniu gramatyki.<\/p>\n\n\n\n<h3>Dodatkiem do metody bezpo\u015bredniej na tym poziomie jest metoda tradycyjna \u2013 praca na nowoczesnym podr\u0119czniku prowadz\u0105cym uczni\u00f3w od poziomu Beginners do Upper Intermediate.<\/h3>\n\n\n\n<ul><li><strong>Zaj\u0119cia odbywaj\u0105 si\u0119 2 razy w tygodniu po 75 minut.<\/strong><\/li><\/ul>\n","protected":false},"excerpt":{"rendered":"<p>Dla kogo przeznaczone s\u0105 zaj\u0119cia metod\u0105 komunikacyjn\u0105? Zaj\u0119cia przeznaczone dla m\u0142odzie\u017cy w wieku 11-18 lat kontynuuj\u0105cej nauk\u0119 j\u0119zyka angielskiego. Jaki jest g\u0142\u00f3wny cel metody komunikacyjnej w nauce angielskiego dla m\u0142odzie\u017cy? G\u0142\u00f3wnym celem metody bezpo\u015bredniej jest nauczanie umiej\u0119tno\u015bci komunikacji w j\u0119zyku obcym, poprzez minimalizowanie u\u017cycia j\u0119zyka ojczystego w czasie lekcji i wykszta\u0142cenie pewnych odruch\u00f3w j\u0119zykowych. To [&hellip;]<\/p>\n","protected":false},"author":3,"featured_media":0,"parent":0,"menu_order":0,"comment_status":"closed","ping_status":"closed","template":"","meta":{"ngg_post_thumbnail":0},"acf":[],"yoast_head":"<!-- This site is optimized with the Yoast SEO plugin v18.9 - https:\/\/yoast.com\/wordpress\/plugins\/seo\/ -->\n<title>Angielski dla m\u0142odzie\u017cy metod\u0105 komunikacyjn\u0105 Krak\u00f3w w Krakowie - Leader School<\/title>\n<meta name=\"description\" content=\"Szukasz kursu angielskiego dla m\u0142odzie\u017cy w Krakowie? Sprawd\u017a ofert\u0119 Leader School i zacznij nauk\u0119 metoda komunikacyjn\u0105 ju\u017c dzi\u015b!\" \/>\n<meta name=\"robots\" content=\"index, follow, max-snippet:-1, max-image-preview:large, max-video-preview:-1\" \/>\n<link rel=\"canonical\" href=\"https:\/\/leaderschool.pl\/krakow\/angielski-dla-mlodziezy-metoda-komunikacyjna\/\" \/>\n<meta property=\"og:locale\" content=\"pl_PL\" \/>\n<meta property=\"og:type\" content=\"article\" \/>\n<meta property=\"og:title\" content=\"Angielski dla m\u0142odzie\u017cy metod\u0105 komunikacyjn\u0105 Krak\u00f3w w Krakowie - Leader School\" \/>\n<meta property=\"og:description\" content=\"Szukasz kursu angielskiego dla m\u0142odzie\u017cy w Krakowie? Sprawd\u017a ofert\u0119 Leader School i zacznij nauk\u0119 metoda komunikacyjn\u0105 ju\u017c dzi\u015b!\" \/>\n<meta property=\"og:url\" content=\"https:\/\/leaderschool.pl\/krakow\/angielski-dla-mlodziezy-metoda-komunikacyjna\/\" \/>\n<meta property=\"og:site_name\" content=\"w Krakowie - Leader School\" \/>\n<meta property=\"article:publisher\" content=\"https:\/\/www.facebook.com\/Leader.School.Krakow\" \/>\n<meta property=\"article:modified_time\" content=\"2025-08-12T18:40:55+00:00\" \/>\n<meta property=\"og:image\" content=\"https:\/\/leaderschool.pl\/krakow\/wp-content\/uploads\/sites\/39\/2022\/06\/cropped-favicon-leader-school.png\" \/>\n\t<meta property=\"og:image:width\" content=\"512\" \/>\n\t<meta property=\"og:image:height\" content=\"512\" \/>\n\t<meta property=\"og:image:type\" content=\"image\/png\" \/>\n<meta name=\"twitter:card\" content=\"summary_large_image\" \/>\n<meta name=\"twitter:label1\" content=\"Szacowany czas czytania\" \/>\n\t<meta name=\"twitter:data1\" content=\"3 minuty\" \/>\n<script type=\"application\/ld+json\" class=\"yoast-schema-graph\">{\"@context\":\"https:\/\/schema.org\",\"@graph\":[{\"@type\":\"WebSite\",\"@id\":\"https:\/\/leaderschool.pl\/krakow\/#website\",\"url\":\"https:\/\/leaderschool.pl\/krakow\/\",\"name\":\"w Krakowie - Leader School\",\"description\":\"\",\"potentialAction\":[{\"@type\":\"SearchAction\",\"target\":{\"@type\":\"EntryPoint\",\"urlTemplate\":\"https:\/\/leaderschool.pl\/krakow\/?s={search_term_string}\"},\"query-input\":\"required name=search_term_string\"}],\"inLanguage\":\"pl-PL\"},{\"@type\":\"WebPage\",\"@id\":\"https:\/\/leaderschool.pl\/krakow\/angielski-dla-mlodziezy-metoda-komunikacyjna\/#webpage\",\"url\":\"https:\/\/leaderschool.pl\/krakow\/angielski-dla-mlodziezy-metoda-komunikacyjna\/\",\"name\":\"Angielski dla m\u0142odzie\u017cy metod\u0105 komunikacyjn\u0105 Krak\u00f3w w Krakowie - Leader School\",\"isPartOf\":{\"@id\":\"https:\/\/leaderschool.pl\/krakow\/#website\"},\"datePublished\":\"2022-07-28T15:51:43+00:00\",\"dateModified\":\"2025-08-12T18:40:55+00:00\",\"description\":\"Szukasz kursu angielskiego dla m\u0142odzie\u017cy w Krakowie? Sprawd\u017a ofert\u0119 Leader School i zacznij nauk\u0119 metoda komunikacyjn\u0105 ju\u017c dzi\u015b!\",\"breadcrumb\":{\"@id\":\"https:\/\/leaderschool.pl\/krakow\/angielski-dla-mlodziezy-metoda-komunikacyjna\/#breadcrumb\"},\"inLanguage\":\"pl-PL\",\"potentialAction\":[{\"@type\":\"ReadAction\",\"target\":[\"https:\/\/leaderschool.pl\/krakow\/angielski-dla-mlodziezy-metoda-komunikacyjna\/\"]}]},{\"@type\":\"BreadcrumbList\",\"@id\":\"https:\/\/leaderschool.pl\/krakow\/angielski-dla-mlodziezy-metoda-komunikacyjna\/#breadcrumb\",\"itemListElement\":[{\"@type\":\"ListItem\",\"position\":1,\"name\":\"Home\",\"item\":\"https:\/\/leaderschool.pl\/krakow\/\"},{\"@type\":\"ListItem\",\"position\":2,\"name\":\"Angielski dla m\u0142odzie\u017cy metod\u0105 komunikacyjn\u0105 Krak\u00f3w\"}]}]}<\/script>\n<!-- \/ Yoast SEO plugin. -->","yoast_head_json":{"title":"Angielski dla m\u0142odzie\u017cy metod\u0105 komunikacyjn\u0105 Krak\u00f3w w Krakowie - Leader School","description":"Szukasz kursu angielskiego dla m\u0142odzie\u017cy w Krakowie? Sprawd\u017a ofert\u0119 Leader School i zacznij nauk\u0119 metoda komunikacyjn\u0105 ju\u017c dzi\u015b!","robots":{"index":"index","follow":"follow","max-snippet":"max-snippet:-1","max-image-preview":"max-image-preview:large","max-video-preview":"max-video-preview:-1"},"canonical":"https:\/\/leaderschool.pl\/krakow\/angielski-dla-mlodziezy-metoda-komunikacyjna\/","og_locale":"pl_PL","og_type":"article","og_title":"Angielski dla m\u0142odzie\u017cy metod\u0105 komunikacyjn\u0105 Krak\u00f3w w Krakowie - Leader School","og_description":"Szukasz kursu angielskiego dla m\u0142odzie\u017cy w Krakowie? Sprawd\u017a ofert\u0119 Leader School i zacznij nauk\u0119 metoda komunikacyjn\u0105 ju\u017c dzi\u015b!","og_url":"https:\/\/leaderschool.pl\/krakow\/angielski-dla-mlodziezy-metoda-komunikacyjna\/","og_site_name":"w Krakowie - Leader School","article_publisher":"https:\/\/www.facebook.com\/Leader.School.Krakow","article_modified_time":"2025-08-12T18:40:55+00:00","og_image":[{"width":512,"height":512,"url":"https:\/\/leaderschool.pl\/krakow\/wp-content\/uploads\/sites\/39\/2022\/06\/cropped-favicon-leader-school.png","type":"image\/png"}],"twitter_card":"summary_large_image","twitter_misc":{"Szacowany czas czytania":"3 minuty"},"schema":{"@context":"https:\/\/schema.org","@graph":[{"@type":"WebSite","@id":"https:\/\/leaderschool.pl\/krakow\/#website","url":"https:\/\/leaderschool.pl\/krakow\/","name":"w Krakowie - Leader School","description":"","potentialAction":[{"@type":"SearchAction","target":{"@type":"EntryPoint","urlTemplate":"https:\/\/leaderschool.pl\/krakow\/?s={search_term_string}"},"query-input":"required name=search_term_string"}],"inLanguage":"pl-PL"},{"@type":"WebPage","@id":"https:\/\/leaderschool.pl\/krakow\/angielski-dla-mlodziezy-metoda-komunikacyjna\/#webpage","url":"https:\/\/leaderschool.pl\/krakow\/angielski-dla-mlodziezy-metoda-komunikacyjna\/","name":"Angielski dla m\u0142odzie\u017cy metod\u0105 komunikacyjn\u0105 Krak\u00f3w w Krakowie - Leader School","isPartOf":{"@id":"https:\/\/leaderschool.pl\/krakow\/#website"},"datePublished":"2022-07-28T15:51:43+00:00","dateModified":"2025-08-12T18:40:55+00:00","description":"Szukasz kursu angielskiego dla m\u0142odzie\u017cy w Krakowie? Sprawd\u017a ofert\u0119 Leader School i zacznij nauk\u0119 metoda komunikacyjn\u0105 ju\u017c dzi\u015b!","breadcrumb":{"@id":"https:\/\/leaderschool.pl\/krakow\/angielski-dla-mlodziezy-metoda-komunikacyjna\/#breadcrumb"},"inLanguage":"pl-PL","potentialAction":[{"@type":"ReadAction","target":["https:\/\/leaderschool.pl\/krakow\/angielski-dla-mlodziezy-metoda-komunikacyjna\/"]}]},{"@type":"BreadcrumbList","@id":"https:\/\/leaderschool.pl\/krakow\/angielski-dla-mlodziezy-metoda-komunikacyjna\/#breadcrumb","itemListElement":[{"@type":"ListItem","position":1,"name":"Home","item":"https:\/\/leaderschool.pl\/krakow\/"},{"@type":"ListItem","position":2,"name":"Angielski dla m\u0142odzie\u017cy metod\u0105 komunikacyjn\u0105 Krak\u00f3w"}]}]}},"_links":{"self":[{"href":"https:\/\/leaderschool.pl\/krakow\/wp-json\/wp\/v2\/pages\/2639"}],"collection":[{"href":"https:\/\/leaderschool.pl\/krakow\/wp-json\/wp\/v2\/pages"}],"about":[{"href":"https:\/\/leaderschool.pl\/krakow\/wp-json\/wp\/v2\/types\/page"}],"author":[{"embeddable":true,"href":"https:\/\/leaderschool.pl\/krakow\/wp-json\/wp\/v2\/users\/3"}],"replies":[{"embeddable":true,"href":"https:\/\/leaderschool.pl\/krakow\/wp-json\/wp\/v2\/comments?post=2639"}],"version-history":[{"count":5,"href":"https:\/\/leaderschool.pl\/krakow\/wp-json\/wp\/v2\/pages\/2639\/revisions"}],"predecessor-version":[{"id":3308,"href":"https:\/\/leaderschool.pl\/krakow\/wp-json\/wp\/v2\/pages\/2639\/revisions\/3308"}],"wp:attachment":[{"href":"https:\/\/leaderschool.pl\/krakow\/wp-json\/wp\/v2\/media?parent=2639"}],"curies":[{"name":"wp","href":"https:\/\/api.w.org\/{rel}","templated":true}]}}