{"id":2614,"date":"2022-07-24T00:12:27","date_gmt":"2022-07-23T22:12:27","guid":{"rendered":"https:\/\/leaderschool.sellision.dev\/krakow\/?page_id=2614"},"modified":"2025-03-04T12:34:41","modified_gmt":"2025-03-04T11:34:41","slug":"tlumaczenia","status":"publish","type":"page","link":"https:\/\/leaderschool.pl\/krakow\/tlumaczenia\/","title":{"rendered":"T\u0142umaczenia Krak\u00f3w"},"content":{"rendered":"\n<p>W dobie dynamicznego post\u0119pu cywilizacyjnego mo\u017cemy zauwa\u017cy\u0107 rosn\u0105ce tendencje otwierania si\u0119 firm niemal ka\u017cdej bran\u017cy na rynki mi\u0119dzynarodowe. W przypadku korespondencji biznesowej niezwykle wa\u017cne jest tworzenie poprawnych j\u0119zykowo pism i dokument\u00f3w.<\/p>\n\n\n\n<p>Jednak nikt nie wymaga od Ciebie nag\u0142ej umiej\u0119tno\u015bci bieg\u0142ego pos\u0142ugiwania si\u0119 innym j\u0119zykiem. Specjalnie dla Ciebie poszerzyli\u015bmy ofert\u0119<a href=\"https:\/\/leaderschool.pl\/krakow\/\"> naszej krakowskiej szko\u0142y <\/a>o specjalistyczne i tanie t\u0142umaczenia pisemne. Dzi\u0119ki nim b\u0119dziesz mia\u0142 pewno\u015b\u0107, \u017ce korespondencja z potencjalnym klientem czy partnerem biznesowym b\u0119dzie prowadzona na najwy\u017cszym poziomie.<\/p>\n\n\n\n<h2>T\u0142umacz przysi\u0119g\u0142y Krak\u00f3w<\/h2>\n\n\n\n<p>Dzi\u0119ki naszej wsp\u00f3\u0142pracy ze specjalistami, kt\u00f3rzy posiadaj\u0105 wieloletnie do\u015bwiadczenie w zawodzie, mo\u017cemy zaoferowa\u0107 naszym klientom doskona\u0142\u0105 jako\u015b\u0107 us\u0142ug w atrakcyjnej cenie. Jeste\u015bmy otwarci zar\u00f3wno na jednorazowe zlecenia, jak i regularn\u0105 wsp\u00f3\u0142prac\u0119. Realizujemy zlecenia od klient\u00f3w indywidualnych oraz biznesowych.<\/p>\n\n\n\n<p>Zawsze dok\u0142adamy wszelki stara\u0144, aby wykonywane przez nas t\u0142umaczenia najlepiej oddawa\u0142y sens danego dokumentu b\u0105d\u017a pisma. Niew\u0105tpliwym atutem naszych us\u0142ug jest tak\u017ce fakt, \u017ce realizujemy tak\u017ce zlecenia dotycz\u0105ce niszowych, specjalistycznych t\u0142umacze\u0144 z zakresu praktycznie wszystkich bran\u017c, dost\u0119pnych na rynku.<\/p>\n\n\n\n<p>Je\u017celi potrzebujesz t\u0142umacza lub chcesz tanio przet\u0142umaczy\u0107 dokument \u2013 zach\u0119camy do kontaktu telefonicznego mailowego lub osobistego.<\/p>\n\n\n\n<h2>\u015awiadczymy us\u0142ugi t\u0142umacze\u0144:<\/h2>\n\n\n\n<ul><li>pisemnych<\/li><li>przysi\u0119g\u0142ych<\/li><li>specjalistycznych<\/li><li>ustnych<br>Zapraszamy do wsp\u00f3\u0142pracy zar\u00f3wno Klient\u00f3w Indywidualnych jak i Biznesowych.<br>Kontakt: krakow@leaderschool.pl<br>tel. 12 658 61 15<\/li><\/ul>\n","protected":false},"excerpt":{"rendered":"<p>W dobie dynamicznego post\u0119pu cywilizacyjnego mo\u017cemy zauwa\u017cy\u0107 rosn\u0105ce tendencje otwierania si\u0119 firm niemal ka\u017cdej bran\u017cy na rynki mi\u0119dzynarodowe. W przypadku korespondencji biznesowej niezwykle wa\u017cne jest tworzenie poprawnych j\u0119zykowo pism i dokument\u00f3w. Jednak nikt nie wymaga od Ciebie nag\u0142ej umiej\u0119tno\u015bci bieg\u0142ego pos\u0142ugiwania si\u0119 innym j\u0119zykiem. Specjalnie dla Ciebie poszerzyli\u015bmy ofert\u0119 naszej krakowskiej szko\u0142y o specjalistyczne i [&hellip;]<\/p>\n","protected":false},"author":3,"featured_media":0,"parent":0,"menu_order":0,"comment_status":"closed","ping_status":"closed","template":"","meta":{"ngg_post_thumbnail":0},"acf":[],"yoast_head":"<!-- This site is optimized with the Yoast SEO plugin v18.9 - https:\/\/yoast.com\/wordpress\/plugins\/seo\/ -->\n<title>T\u0142umaczenia Krak\u00f3w w Krakowie - Leader School<\/title>\n<meta name=\"description\" content=\"Szukasz firmy, kt\u00f3ra zajmuje si\u0119 t\u0142umaczeniami? Leader School Krak\u00f3w oferuje t\u0142umaczenia: pisemne, przysi\u0119g\u0142e, specjalistyczne oraz ustne.\" \/>\n<meta name=\"robots\" content=\"index, follow, max-snippet:-1, max-image-preview:large, max-video-preview:-1\" \/>\n<link rel=\"canonical\" href=\"https:\/\/leaderschool.pl\/krakow\/tlumaczenia\/\" \/>\n<meta property=\"og:locale\" content=\"pl_PL\" \/>\n<meta property=\"og:type\" content=\"article\" \/>\n<meta property=\"og:title\" content=\"T\u0142umaczenia Krak\u00f3w w Krakowie - Leader School\" \/>\n<meta property=\"og:description\" content=\"Szukasz firmy, kt\u00f3ra zajmuje si\u0119 t\u0142umaczeniami? Leader School Krak\u00f3w oferuje t\u0142umaczenia: pisemne, przysi\u0119g\u0142e, specjalistyczne oraz ustne.\" \/>\n<meta property=\"og:url\" content=\"https:\/\/leaderschool.pl\/krakow\/tlumaczenia\/\" \/>\n<meta property=\"og:site_name\" content=\"w Krakowie - Leader School\" \/>\n<meta property=\"article:publisher\" content=\"https:\/\/www.facebook.com\/Leader.School.Krakow\" \/>\n<meta property=\"article:modified_time\" content=\"2025-03-04T11:34:41+00:00\" \/>\n<meta property=\"og:image\" content=\"https:\/\/leaderschool.pl\/krakow\/wp-content\/uploads\/sites\/39\/2022\/06\/cropped-favicon-leader-school.png\" \/>\n\t<meta property=\"og:image:width\" content=\"512\" \/>\n\t<meta property=\"og:image:height\" content=\"512\" \/>\n\t<meta property=\"og:image:type\" content=\"image\/png\" \/>\n<meta name=\"twitter:card\" content=\"summary_large_image\" \/>\n<meta name=\"twitter:label1\" content=\"Szacowany czas czytania\" \/>\n\t<meta name=\"twitter:data1\" content=\"2 minuty\" \/>\n<script type=\"application\/ld+json\" class=\"yoast-schema-graph\">{\"@context\":\"https:\/\/schema.org\",\"@graph\":[{\"@type\":\"WebSite\",\"@id\":\"https:\/\/leaderschool.pl\/krakow\/#website\",\"url\":\"https:\/\/leaderschool.pl\/krakow\/\",\"name\":\"w Krakowie - Leader School\",\"description\":\"\",\"potentialAction\":[{\"@type\":\"SearchAction\",\"target\":{\"@type\":\"EntryPoint\",\"urlTemplate\":\"https:\/\/leaderschool.pl\/krakow\/?s={search_term_string}\"},\"query-input\":\"required name=search_term_string\"}],\"inLanguage\":\"pl-PL\"},{\"@type\":\"WebPage\",\"@id\":\"https:\/\/leaderschool.pl\/krakow\/tlumaczenia\/#webpage\",\"url\":\"https:\/\/leaderschool.pl\/krakow\/tlumaczenia\/\",\"name\":\"T\u0142umaczenia Krak\u00f3w w Krakowie - Leader School\",\"isPartOf\":{\"@id\":\"https:\/\/leaderschool.pl\/krakow\/#website\"},\"datePublished\":\"2022-07-23T22:12:27+00:00\",\"dateModified\":\"2025-03-04T11:34:41+00:00\",\"description\":\"Szukasz firmy, kt\u00f3ra zajmuje si\u0119 t\u0142umaczeniami? Leader School Krak\u00f3w oferuje t\u0142umaczenia: pisemne, przysi\u0119g\u0142e, specjalistyczne oraz ustne.\",\"breadcrumb\":{\"@id\":\"https:\/\/leaderschool.pl\/krakow\/tlumaczenia\/#breadcrumb\"},\"inLanguage\":\"pl-PL\",\"potentialAction\":[{\"@type\":\"ReadAction\",\"target\":[\"https:\/\/leaderschool.pl\/krakow\/tlumaczenia\/\"]}]},{\"@type\":\"BreadcrumbList\",\"@id\":\"https:\/\/leaderschool.pl\/krakow\/tlumaczenia\/#breadcrumb\",\"itemListElement\":[{\"@type\":\"ListItem\",\"position\":1,\"name\":\"Home\",\"item\":\"https:\/\/leaderschool.pl\/krakow\/\"},{\"@type\":\"ListItem\",\"position\":2,\"name\":\"T\u0142umaczenia Krak\u00f3w\"}]}]}<\/script>\n<!-- \/ Yoast SEO plugin. -->","yoast_head_json":{"title":"T\u0142umaczenia Krak\u00f3w w Krakowie - Leader School","description":"Szukasz firmy, kt\u00f3ra zajmuje si\u0119 t\u0142umaczeniami? Leader School Krak\u00f3w oferuje t\u0142umaczenia: pisemne, przysi\u0119g\u0142e, specjalistyczne oraz ustne.","robots":{"index":"index","follow":"follow","max-snippet":"max-snippet:-1","max-image-preview":"max-image-preview:large","max-video-preview":"max-video-preview:-1"},"canonical":"https:\/\/leaderschool.pl\/krakow\/tlumaczenia\/","og_locale":"pl_PL","og_type":"article","og_title":"T\u0142umaczenia Krak\u00f3w w Krakowie - Leader School","og_description":"Szukasz firmy, kt\u00f3ra zajmuje si\u0119 t\u0142umaczeniami? Leader School Krak\u00f3w oferuje t\u0142umaczenia: pisemne, przysi\u0119g\u0142e, specjalistyczne oraz ustne.","og_url":"https:\/\/leaderschool.pl\/krakow\/tlumaczenia\/","og_site_name":"w Krakowie - Leader School","article_publisher":"https:\/\/www.facebook.com\/Leader.School.Krakow","article_modified_time":"2025-03-04T11:34:41+00:00","og_image":[{"width":512,"height":512,"url":"https:\/\/leaderschool.pl\/krakow\/wp-content\/uploads\/sites\/39\/2022\/06\/cropped-favicon-leader-school.png","type":"image\/png"}],"twitter_card":"summary_large_image","twitter_misc":{"Szacowany czas czytania":"2 minuty"},"schema":{"@context":"https:\/\/schema.org","@graph":[{"@type":"WebSite","@id":"https:\/\/leaderschool.pl\/krakow\/#website","url":"https:\/\/leaderschool.pl\/krakow\/","name":"w Krakowie - Leader School","description":"","potentialAction":[{"@type":"SearchAction","target":{"@type":"EntryPoint","urlTemplate":"https:\/\/leaderschool.pl\/krakow\/?s={search_term_string}"},"query-input":"required name=search_term_string"}],"inLanguage":"pl-PL"},{"@type":"WebPage","@id":"https:\/\/leaderschool.pl\/krakow\/tlumaczenia\/#webpage","url":"https:\/\/leaderschool.pl\/krakow\/tlumaczenia\/","name":"T\u0142umaczenia Krak\u00f3w w Krakowie - Leader School","isPartOf":{"@id":"https:\/\/leaderschool.pl\/krakow\/#website"},"datePublished":"2022-07-23T22:12:27+00:00","dateModified":"2025-03-04T11:34:41+00:00","description":"Szukasz firmy, kt\u00f3ra zajmuje si\u0119 t\u0142umaczeniami? Leader School Krak\u00f3w oferuje t\u0142umaczenia: pisemne, przysi\u0119g\u0142e, specjalistyczne oraz ustne.","breadcrumb":{"@id":"https:\/\/leaderschool.pl\/krakow\/tlumaczenia\/#breadcrumb"},"inLanguage":"pl-PL","potentialAction":[{"@type":"ReadAction","target":["https:\/\/leaderschool.pl\/krakow\/tlumaczenia\/"]}]},{"@type":"BreadcrumbList","@id":"https:\/\/leaderschool.pl\/krakow\/tlumaczenia\/#breadcrumb","itemListElement":[{"@type":"ListItem","position":1,"name":"Home","item":"https:\/\/leaderschool.pl\/krakow\/"},{"@type":"ListItem","position":2,"name":"T\u0142umaczenia Krak\u00f3w"}]}]}},"_links":{"self":[{"href":"https:\/\/leaderschool.pl\/krakow\/wp-json\/wp\/v2\/pages\/2614"}],"collection":[{"href":"https:\/\/leaderschool.pl\/krakow\/wp-json\/wp\/v2\/pages"}],"about":[{"href":"https:\/\/leaderschool.pl\/krakow\/wp-json\/wp\/v2\/types\/page"}],"author":[{"embeddable":true,"href":"https:\/\/leaderschool.pl\/krakow\/wp-json\/wp\/v2\/users\/3"}],"replies":[{"embeddable":true,"href":"https:\/\/leaderschool.pl\/krakow\/wp-json\/wp\/v2\/comments?post=2614"}],"version-history":[{"count":4,"href":"https:\/\/leaderschool.pl\/krakow\/wp-json\/wp\/v2\/pages\/2614\/revisions"}],"predecessor-version":[{"id":3229,"href":"https:\/\/leaderschool.pl\/krakow\/wp-json\/wp\/v2\/pages\/2614\/revisions\/3229"}],"wp:attachment":[{"href":"https:\/\/leaderschool.pl\/krakow\/wp-json\/wp\/v2\/media?parent=2614"}],"curies":[{"name":"wp","href":"https:\/\/api.w.org\/{rel}","templated":true}]}}