{"id":2612,"date":"2022-07-24T00:11:36","date_gmt":"2022-07-23T22:11:36","guid":{"rendered":"https:\/\/leaderschool.sellision.dev\/krakow\/?page_id=2612"},"modified":"2025-03-04T12:22:18","modified_gmt":"2025-03-04T11:22:18","slug":"kompleksowa-obsluga-przedszkoli","status":"publish","type":"page","link":"https:\/\/leaderschool.pl\/krakow\/kompleksowa-obsluga-przedszkoli\/","title":{"rendered":"Kompleksowa obs\u0142uga przedszkoli w Krakowie"},"content":{"rendered":"\n<p>Zapraszamy do wsp\u00f3\u0142pracy Przedszkola, kt\u00f3re chcia\u0142yby poszerza\u0107 swoj\u0105 ofert\u0119 zaj\u0119\u0107 dodatkowych dla dzieci z <a href=\"https:\/\/leaderschool.pl\/krakow\/\">Leader School Krak\u00f3w<\/a>.<\/p>\n\n\n\n<p>Wychodzimy naprzeciw ambitnym Przedszkolom oraz Rodzicom, kt\u00f3rzy coraz cz\u0119\u015bciej szukaj\u0105 niestandardowych zaj\u0119\u0107 dodatkowych dla swoich Pociech.<\/p>\n\n\n\n<p>To doskona\u0142a okazja, \u017ceby wspiera\u0107 kilkulatka w poszukiwaniu talent\u00f3w, kt\u00f3re w nim drzemi\u0105 oraz wzmacnia\u0107 w nim wiar\u0119 we w\u0142asne mo\u017cliwo\u015bci.<\/p>\n\n\n\n<p>Nasi Lektorzy i Trenerzy &#8211; absolwenci studi\u00f3w kierunkowych wiedz\u0105, jak prowadzi\u0107 zaj\u0119cia, aby by\u0142y one efektywne oraz uwielbiane przez dzieci.<\/p>\n\n\n\n<p>Poza zaj\u0119ciami stacjonarnymi proponujemy organizacje event\u00f3w dla przedszkoli: organizacj\u0119 wycieczek, zielonych przedszkoli, wyst\u0119p\u00f3w teatrzyk\u00f3w, klaun\u00f3w, przygotowania piknik\u00f3w przedszkolnych itp.<\/p>\n\n\n\n<h2>W swojej ofercie zaj\u0119\u0107 dodatkowych posiadamy:<\/h2>\n\n\n\n<ul><li>j\u0119zyk angielski prowadzony autorsk\u0105 <a href=\"https:\/\/leaderschool.pl\/krakow\/metody\/leo-english\/\">metod\u0105 Leo English<\/a><\/li><li>j\u0119zyk niemiecki, hiszpa\u0144ski, w\u0142oski, francuski i rosyjski dla dzieci<\/li><li>zaj\u0119cia sportowe z pi\u0142kami &#8211; Przedszkoliada.pl<\/li><li>logopedi\u0119<\/li><li>nauk\u0119 czytania i matematyki &#8211; Program Mali Geniusze<\/li><li>muzykoterapi\u0119<\/li><li>robotyk\u0119<\/li><li>balet<\/li><li>zaj\u0119cia szachowe<\/li><li>gimnastyk\u0119 korekcyjn\u0105<\/li><li>zaj\u0119cia rytmiczne i taneczne<\/li><\/ul>\n\n\n\n<p>Nasz konsultant z przyjemno\u015bci\u0105 odwiedzi Pa\u0144stwa plac\u00f3wk\u0119 oraz pomo\u017ce wybra\u0107 najkorzystniejsz\u0105 promocj\u0119 i ofert\u0119 cenow\u0105<\/p>\n\n\n\n<p>Kontakt: Maja Rudol tel. 606 870 990 email: krakow@leaderschool.pl<\/p>\n","protected":false},"excerpt":{"rendered":"<p>Zapraszamy do wsp\u00f3\u0142pracy Przedszkola, kt\u00f3re chcia\u0142yby poszerza\u0107 swoj\u0105 ofert\u0119 zaj\u0119\u0107 dodatkowych dla dzieci z Leader School Krak\u00f3w. Wychodzimy naprzeciw ambitnym Przedszkolom oraz Rodzicom, kt\u00f3rzy coraz cz\u0119\u015bciej szukaj\u0105 niestandardowych zaj\u0119\u0107 dodatkowych dla swoich Pociech. To doskona\u0142a okazja, \u017ceby wspiera\u0107 kilkulatka w poszukiwaniu talent\u00f3w, kt\u00f3re w nim drzemi\u0105 oraz wzmacnia\u0107 w nim wiar\u0119 we w\u0142asne mo\u017cliwo\u015bci. Nasi [&hellip;]<\/p>\n","protected":false},"author":3,"featured_media":0,"parent":0,"menu_order":0,"comment_status":"closed","ping_status":"closed","template":"","meta":{"ngg_post_thumbnail":0},"acf":[],"yoast_head":"<!-- This site is optimized with the Yoast SEO plugin v18.9 - https:\/\/yoast.com\/wordpress\/plugins\/seo\/ -->\n<title>Kompleksowa obs\u0142uga przedszkoli w Krakowie w Krakowie - Leader School<\/title>\n<meta name=\"description\" content=\"Sprawd\u017a nasz\u0105 ofert\u0119 na kompleksow\u0105 obs\u0142ug\u0119 przedszkoli w Krakowie. Serdecznie zapraszamy do wsp\u00f3\u0142pracy z nasz\u0105 firm\u0105.\" \/>\n<meta name=\"robots\" content=\"index, follow, max-snippet:-1, max-image-preview:large, max-video-preview:-1\" \/>\n<link rel=\"canonical\" href=\"https:\/\/leaderschool.pl\/krakow\/kompleksowa-obsluga-przedszkoli\/\" \/>\n<meta property=\"og:locale\" content=\"pl_PL\" \/>\n<meta property=\"og:type\" content=\"article\" \/>\n<meta property=\"og:title\" content=\"Kompleksowa obs\u0142uga przedszkoli w Krakowie w Krakowie - Leader School\" \/>\n<meta property=\"og:description\" content=\"Sprawd\u017a nasz\u0105 ofert\u0119 na kompleksow\u0105 obs\u0142ug\u0119 przedszkoli w Krakowie. Serdecznie zapraszamy do wsp\u00f3\u0142pracy z nasz\u0105 firm\u0105.\" \/>\n<meta property=\"og:url\" content=\"https:\/\/leaderschool.pl\/krakow\/kompleksowa-obsluga-przedszkoli\/\" \/>\n<meta property=\"og:site_name\" content=\"w Krakowie - Leader School\" \/>\n<meta property=\"article:publisher\" content=\"https:\/\/www.facebook.com\/Leader.School.Krakow\" \/>\n<meta property=\"article:modified_time\" content=\"2025-03-04T11:22:18+00:00\" \/>\n<meta property=\"og:image\" content=\"https:\/\/leaderschool.pl\/krakow\/wp-content\/uploads\/sites\/39\/2022\/06\/cropped-favicon-leader-school.png\" \/>\n\t<meta property=\"og:image:width\" content=\"512\" \/>\n\t<meta property=\"og:image:height\" content=\"512\" \/>\n\t<meta property=\"og:image:type\" content=\"image\/png\" \/>\n<meta name=\"twitter:card\" content=\"summary_large_image\" \/>\n<meta name=\"twitter:label1\" content=\"Szacowany czas czytania\" \/>\n\t<meta name=\"twitter:data1\" content=\"1 minuta\" \/>\n<script type=\"application\/ld+json\" class=\"yoast-schema-graph\">{\"@context\":\"https:\/\/schema.org\",\"@graph\":[{\"@type\":\"WebSite\",\"@id\":\"https:\/\/leaderschool.pl\/krakow\/#website\",\"url\":\"https:\/\/leaderschool.pl\/krakow\/\",\"name\":\"w Krakowie - Leader School\",\"description\":\"\",\"potentialAction\":[{\"@type\":\"SearchAction\",\"target\":{\"@type\":\"EntryPoint\",\"urlTemplate\":\"https:\/\/leaderschool.pl\/krakow\/?s={search_term_string}\"},\"query-input\":\"required name=search_term_string\"}],\"inLanguage\":\"pl-PL\"},{\"@type\":\"WebPage\",\"@id\":\"https:\/\/leaderschool.pl\/krakow\/kompleksowa-obsluga-przedszkoli\/#webpage\",\"url\":\"https:\/\/leaderschool.pl\/krakow\/kompleksowa-obsluga-przedszkoli\/\",\"name\":\"Kompleksowa obs\u0142uga przedszkoli w Krakowie w Krakowie - Leader School\",\"isPartOf\":{\"@id\":\"https:\/\/leaderschool.pl\/krakow\/#website\"},\"datePublished\":\"2022-07-23T22:11:36+00:00\",\"dateModified\":\"2025-03-04T11:22:18+00:00\",\"description\":\"Sprawd\u017a nasz\u0105 ofert\u0119 na kompleksow\u0105 obs\u0142ug\u0119 przedszkoli w Krakowie. Serdecznie zapraszamy do wsp\u00f3\u0142pracy z nasz\u0105 firm\u0105.\",\"breadcrumb\":{\"@id\":\"https:\/\/leaderschool.pl\/krakow\/kompleksowa-obsluga-przedszkoli\/#breadcrumb\"},\"inLanguage\":\"pl-PL\",\"potentialAction\":[{\"@type\":\"ReadAction\",\"target\":[\"https:\/\/leaderschool.pl\/krakow\/kompleksowa-obsluga-przedszkoli\/\"]}]},{\"@type\":\"BreadcrumbList\",\"@id\":\"https:\/\/leaderschool.pl\/krakow\/kompleksowa-obsluga-przedszkoli\/#breadcrumb\",\"itemListElement\":[{\"@type\":\"ListItem\",\"position\":1,\"name\":\"Home\",\"item\":\"https:\/\/leaderschool.pl\/krakow\/\"},{\"@type\":\"ListItem\",\"position\":2,\"name\":\"Kompleksowa obs\u0142uga przedszkoli w Krakowie\"}]}]}<\/script>\n<!-- \/ Yoast SEO plugin. -->","yoast_head_json":{"title":"Kompleksowa obs\u0142uga przedszkoli w Krakowie w Krakowie - Leader School","description":"Sprawd\u017a nasz\u0105 ofert\u0119 na kompleksow\u0105 obs\u0142ug\u0119 przedszkoli w Krakowie. Serdecznie zapraszamy do wsp\u00f3\u0142pracy z nasz\u0105 firm\u0105.","robots":{"index":"index","follow":"follow","max-snippet":"max-snippet:-1","max-image-preview":"max-image-preview:large","max-video-preview":"max-video-preview:-1"},"canonical":"https:\/\/leaderschool.pl\/krakow\/kompleksowa-obsluga-przedszkoli\/","og_locale":"pl_PL","og_type":"article","og_title":"Kompleksowa obs\u0142uga przedszkoli w Krakowie w Krakowie - Leader School","og_description":"Sprawd\u017a nasz\u0105 ofert\u0119 na kompleksow\u0105 obs\u0142ug\u0119 przedszkoli w Krakowie. Serdecznie zapraszamy do wsp\u00f3\u0142pracy z nasz\u0105 firm\u0105.","og_url":"https:\/\/leaderschool.pl\/krakow\/kompleksowa-obsluga-przedszkoli\/","og_site_name":"w Krakowie - Leader School","article_publisher":"https:\/\/www.facebook.com\/Leader.School.Krakow","article_modified_time":"2025-03-04T11:22:18+00:00","og_image":[{"width":512,"height":512,"url":"https:\/\/leaderschool.pl\/krakow\/wp-content\/uploads\/sites\/39\/2022\/06\/cropped-favicon-leader-school.png","type":"image\/png"}],"twitter_card":"summary_large_image","twitter_misc":{"Szacowany czas czytania":"1 minuta"},"schema":{"@context":"https:\/\/schema.org","@graph":[{"@type":"WebSite","@id":"https:\/\/leaderschool.pl\/krakow\/#website","url":"https:\/\/leaderschool.pl\/krakow\/","name":"w Krakowie - Leader School","description":"","potentialAction":[{"@type":"SearchAction","target":{"@type":"EntryPoint","urlTemplate":"https:\/\/leaderschool.pl\/krakow\/?s={search_term_string}"},"query-input":"required name=search_term_string"}],"inLanguage":"pl-PL"},{"@type":"WebPage","@id":"https:\/\/leaderschool.pl\/krakow\/kompleksowa-obsluga-przedszkoli\/#webpage","url":"https:\/\/leaderschool.pl\/krakow\/kompleksowa-obsluga-przedszkoli\/","name":"Kompleksowa obs\u0142uga przedszkoli w Krakowie w Krakowie - Leader School","isPartOf":{"@id":"https:\/\/leaderschool.pl\/krakow\/#website"},"datePublished":"2022-07-23T22:11:36+00:00","dateModified":"2025-03-04T11:22:18+00:00","description":"Sprawd\u017a nasz\u0105 ofert\u0119 na kompleksow\u0105 obs\u0142ug\u0119 przedszkoli w Krakowie. Serdecznie zapraszamy do wsp\u00f3\u0142pracy z nasz\u0105 firm\u0105.","breadcrumb":{"@id":"https:\/\/leaderschool.pl\/krakow\/kompleksowa-obsluga-przedszkoli\/#breadcrumb"},"inLanguage":"pl-PL","potentialAction":[{"@type":"ReadAction","target":["https:\/\/leaderschool.pl\/krakow\/kompleksowa-obsluga-przedszkoli\/"]}]},{"@type":"BreadcrumbList","@id":"https:\/\/leaderschool.pl\/krakow\/kompleksowa-obsluga-przedszkoli\/#breadcrumb","itemListElement":[{"@type":"ListItem","position":1,"name":"Home","item":"https:\/\/leaderschool.pl\/krakow\/"},{"@type":"ListItem","position":2,"name":"Kompleksowa obs\u0142uga przedszkoli w Krakowie"}]}]}},"_links":{"self":[{"href":"https:\/\/leaderschool.pl\/krakow\/wp-json\/wp\/v2\/pages\/2612"}],"collection":[{"href":"https:\/\/leaderschool.pl\/krakow\/wp-json\/wp\/v2\/pages"}],"about":[{"href":"https:\/\/leaderschool.pl\/krakow\/wp-json\/wp\/v2\/types\/page"}],"author":[{"embeddable":true,"href":"https:\/\/leaderschool.pl\/krakow\/wp-json\/wp\/v2\/users\/3"}],"replies":[{"embeddable":true,"href":"https:\/\/leaderschool.pl\/krakow\/wp-json\/wp\/v2\/comments?post=2612"}],"version-history":[{"count":6,"href":"https:\/\/leaderschool.pl\/krakow\/wp-json\/wp\/v2\/pages\/2612\/revisions"}],"predecessor-version":[{"id":3219,"href":"https:\/\/leaderschool.pl\/krakow\/wp-json\/wp\/v2\/pages\/2612\/revisions\/3219"}],"wp:attachment":[{"href":"https:\/\/leaderschool.pl\/krakow\/wp-json\/wp\/v2\/media?parent=2612"}],"curies":[{"name":"wp","href":"https:\/\/api.w.org\/{rel}","templated":true}]}}