{"id":2610,"date":"2022-07-24T00:10:34","date_gmt":"2022-07-23T22:10:34","guid":{"rendered":"https:\/\/leaderschool.sellision.dev\/krakow\/?page_id=2610"},"modified":"2025-03-04T12:35:12","modified_gmt":"2025-03-04T11:35:12","slug":"egzaminy-telc","status":"publish","type":"page","link":"https:\/\/leaderschool.pl\/krakow\/egzaminy-telc\/","title":{"rendered":"Egzaminy TELC w Krakowie"},"content":{"rendered":"\n<h2><a href=\"https:\/\/leaderschool.pl\/krakow\/\">Leader School Krak\u00f3w Bie\u0144czyce<\/a> jest certyfikowanym O\u015brodkiem Egzaminacyjnym TELC<\/h2>\n\n\n\n<p>Egzaminy TELC organizowane przez Rade Europy we Frankfurcie sprawdzaj\u0105 znajomo\u015b\u0107 j\u0119zyka uwzgl\u0119dniaj\u0105c r\u00f3\u017cne poziomy zaawansowania.<br>Obecnie obejmuj\u0105 10 j\u0119zyk\u00f3w europejskich (<a href=\"https:\/\/leaderschool.pl\/krakow\/metody\/bls\/\">angielski, niemiecki<\/a>,&nbsp;francuski, hiszpa\u0144ski, w\u0142oski, du\u0144ski, holenderski, portugalski, rosyjski i turecki).<br><br>Podczas egzaminu szczeg\u00f3lnie nacisk po\u0142o\u017cony jest na umiej\u0119tno\u015bci komunikowania si\u0119, a zakres egzaminacyjny zagadnie\u0144 obejmuje podstawowe dziedziny \u017cycia.<br><br>Certyfikaty TELC s\u0105 uznawane przez instytucje, pracodawc\u00f3w, uczelnie, jak i Ministerstwo Edukacji Narodowej. Pozwalaj\u0105 tak\u017ce na ubieganie si\u0119 o stypendium programu Socrtes\/ Erasmus.<br><br>Egzaminy TELC zosta\u0142y opracowane na podstawie skali poziom\u00f3w bieg\u0142o\u015bci j\u0119zykowej uj\u0119tej w Europejskim Systemie Opisu Kszta\u0142cenia J\u0119zykowego (Common European Framework) Rady Europy A1-B2. Dodatkowo z j\u0119zyka angielskiego i niemieckiego egzamin mo\u017cna zdawa\u0107 na poziomie C1, kt\u00f3ry jest nazwany poziomem bieg\u0142o\u015bci j\u0119zykowej.<\/p>\n\n\n\n<h2>Jak mo\u017cna uzyska\u0107 certyfikat j\u0119zykowy TELC?<\/h2>\n\n\n\n<p>Certyfikat j\u0119zykowy TELC mo\u017cna uzyska\u0107 zdaj\u0105c z pozytywnym wynikiem egzamin organizowany przez TELC GmbH. Egzamin ten mo\u017cna zdawa\u0107 w Autoryzowanym O\u015brodku Egzaminacyjnym TELC Leader School Krak\u00f3w Bie\u0144czyce.<\/p>\n\n\n\n<h2>Co testuj\u0105 egzaminy TELC?<\/h2>\n\n\n\n<p>Egzaminy TELC testuj\u0105 praktyczne umiej\u0119tno\u015bci zdobyte przez ucz\u0105cych si\u0119 j\u0119zyk\u00f3w obcych np:<\/p>\n\n\n\n<ul><li>umiej\u0119tno\u015b\u0107 czytania w celu uchwycenia konkretnych informacji (znale\u017a\u0107 cen\u0119 pokoju jednoosobowego w folderze hotelu),<\/li><li>umiej\u0119tno\u015b\u0107 s\u0142uchania i uchwycenia godziny odjazdu poci\u0105gu w nagraniu zapowiedzi z dworca,<\/li><li>umiej\u0119tno\u015b\u0107 napisania listu z zapytaniem o ceny wynajmu pokoju,<\/li><li>podczas prowadzenia rozmowy umiej\u0119tno\u015b\u0107 przekonania drugiej osoby do p\u00f3j\u015bcia do kina na film wybrany przez siebie,<\/li><li>\u2022 umiej\u0119tno\u015b\u0107 zastosowania gramatyki w konkretnej sytuacji, kontek\u015bcie np. uzupe\u0142niaj\u0105c list formalny do instytucji odpowiednimi formami czasownik\u00f3w, rzeczownik\u00f3w itp.<\/li><\/ul>\n\n\n\n<h2>Z jakich cz\u0119\u015bci sk\u0142ada si\u0119 egzamin TELC?<\/h2>\n\n\n\n<p>Egzaminy TELC sk\u0142adaj\u0105 si\u0119 z cz\u0119\u015bci pisemnej oraz ustnej. Cz\u0119\u015b\u0107 pisemna to teksty do czytania i s\u0142uchania ze zrozumieniem; cz\u0119\u015b\u0107 ustna to rozmowa w danym j\u0119zyku. Poszczeg\u00f3lne cz\u0119\u015bci egzaminu mog\u0105 si\u0119 w pewnym stopniu r\u00f3\u017cni\u0107 w zale\u017cno\u015bci od poziomu, ale nie j\u0119zyka. Struktura egzaminu na poziomie B1 (\u015brednio zaawansowany) jest identyczna dla wszystkich j\u0119zyk\u00f3w i wygl\u0105da nast\u0119puj\u0105co:<\/p>\n\n\n\n<ul><li>Cz\u0119\u015b\u0107 pisemna egzaminu TELC sprawdza umiej\u0119tno\u015b\u0107 zrozumienia og\u00f3lnego sensu tekst\u00f3w autentycznych, kt\u00f3re nale\u017cy przeczyta\u0107 oraz tekst\u00f3w, kt\u00f3re nale\u017cy wys\u0142ucha\u0107.<\/li><li>Kolejnym zadaniem jest napisanie listu do instytucji lub osoby prywatnej.<\/li><li>Cz\u0119\u015b\u0107 gramatyczna egzaminu TELC polega na uzupe\u0142nieniu tekst\u00f3w brakuj\u0105cymi wyrazami.<\/li><li>Cz\u0119\u015b\u0107 ustna egzaminu TELC sk\u0142ada si\u0119 z trzech zada\u0144, kt\u00f3re musz\u0105 wsp\u00f3lnie rozwi\u0105za\u0107 dwaj kandydaci w przeprowadzanej mi\u0119dzy sob\u0105 rozmowie.<\/li><\/ul>\n\n\n\n<h2>Co gwarantuje certyfikat TELC?<\/h2>\n\n\n\n<ul><li>mi\u0119dzynarodowy dokument j\u0119zykowy uznawany przez administracje pa\u0144stwowe, firmy, instytucje publiczne i gospodarcze w krajach Unii Europejskiej<\/li><li>zwolnienie z j\u0119zykowego egzaminu wst\u0119pnego lub ko\u0144cowego oraz lektorat\u00f3w na wielu polskich uczelniach pa\u0144stwowych i niepa\u0144stwowych<\/li><li>dodatkowe punkty w programach studenckich wymian miedzynarodowych np. Erasmus Plus<\/li><li>uznawalno\u015b\u0107 przez Ministerstwo Spraw Wewn\u0119trznych i Administracji oraz Ministerstwo Edukacji Narodowej. Egzaminy TELC spe\u0142niaj\u0105 wymogi post\u0119powania kwalifikacyjnego w s\u0142u\u017cbie cywilnej oraz dokumentowania znajomo\u015bci j\u0119zyka obcego przez przewodnik\u00f3w turystycznych i pilot\u00f3w wycieczek<\/li><li>uznawalno\u015b\u0107 przez Ministerstwo Nauki i Szkolnictwa Wy\u017cszego. Egzaminy TELC stanowi\u0105 podstaw\u0119 do zwolnienia z egzaminu doktorskiego w zakresie nowo\u017cytnego j\u0119zyka obcego<\/li><li>certyfikat TELC umo\u017cliwia ubieganie si\u0119 o stanowisko urz\u0119dnika mianowanego<\/li><\/ul>\n\n\n\n<h2>Kto ocenia egzamin TELC?<\/h2>\n\n\n\n<p>Cz\u0119\u015b\u0107 pisemna egzaminu jest sprawdzana komputerowo w Centralnym Biurze Egzaminacyjnym we Frankfurcie nad Menem. Listy natomiast oceniane s\u0105 dwustopniowo przez dw\u00f3ch r\u00f3\u017cnych uprawnionych egzaminator\u00f3w. Cze\u015b\u0107 ustna jest oceniana w Szkole J\u0119zyk\u00f3w Obcych Leader School przez licencjonowanych egzaminator\u00f3w szkolonych w Polsce przez partner\u00f3w TELC GmbH.<\/p>\n\n\n\n<h2>Czy uzyskuje si\u0119 jaki\u015b dokument potwierdzaj\u0105cy zdanie egzaminu TELC?<\/h2>\n\n\n\n<p>Po zdaniu egzaminu TELC otrzymuje si\u0119 certyfikat potwierdzaj\u0105cy znajomo\u015b\u0107 j\u0119zyka wraz z ocen\u0105 z egzaminu. Certyfikaty s\u0105 drukowane i przysy\u0142ane z Centralnego Biura Egzaminacyjnego z Niemiec. Certyfikaty TELC s\u0105 znane i honorowane na terenie Unii Europejskiej.<\/p>\n\n\n\n<h2>Jaki jest okres oczekiwania na wyniki egzaminu TELC?<\/h2>\n\n\n\n<p>Arkusze odpowiedzi kandydat\u00f3w s\u0105 wysy\u0142ane do Centralnego Biura Egzaminacyjnego we Frankfurcie nad Menem, gdzie s\u0105 sprawdzane dwukrotnie. Nast\u0119pnie przygotowywane s\u0105 certyfikaty. Ca\u0142a procedura trwa oko\u0142o 8 tygodni.<\/p>\n","protected":false},"excerpt":{"rendered":"<p>Leader School Krak\u00f3w Bie\u0144czyce jest certyfikowanym O\u015brodkiem Egzaminacyjnym TELC Egzaminy TELC organizowane przez Rade Europy we Frankfurcie sprawdzaj\u0105 znajomo\u015b\u0107 j\u0119zyka uwzgl\u0119dniaj\u0105c r\u00f3\u017cne poziomy zaawansowania.Obecnie obejmuj\u0105 10 j\u0119zyk\u00f3w europejskich (angielski, niemiecki,&nbsp;francuski, hiszpa\u0144ski, w\u0142oski, du\u0144ski, holenderski, portugalski, rosyjski i turecki). Podczas egzaminu szczeg\u00f3lnie nacisk po\u0142o\u017cony jest na umiej\u0119tno\u015bci komunikowania si\u0119, a zakres egzaminacyjny zagadnie\u0144 obejmuje podstawowe dziedziny [&hellip;]<\/p>\n","protected":false},"author":3,"featured_media":0,"parent":0,"menu_order":0,"comment_status":"closed","ping_status":"closed","template":"","meta":{"ngg_post_thumbnail":0},"acf":[],"yoast_head":"<!-- This site is optimized with the Yoast SEO plugin v18.9 - https:\/\/yoast.com\/wordpress\/plugins\/seo\/ -->\n<title>Egzaminy TELC w Krakowie w Krakowie - Leader School<\/title>\n<meta name=\"description\" content=\"Chcesz zda\u0107 egzamin TELC w Krakowie? Przyjd\u017a do naszej szko\u0142y, a my przygotujemy Ci\u0119 do tego wa\u017cnego egzaminu.\" \/>\n<meta name=\"robots\" content=\"index, follow, max-snippet:-1, max-image-preview:large, max-video-preview:-1\" \/>\n<link rel=\"canonical\" href=\"https:\/\/leaderschool.pl\/krakow\/egzaminy-telc\/\" \/>\n<meta property=\"og:locale\" content=\"pl_PL\" \/>\n<meta property=\"og:type\" content=\"article\" \/>\n<meta property=\"og:title\" content=\"Egzaminy TELC w Krakowie w Krakowie - Leader School\" \/>\n<meta property=\"og:description\" content=\"Chcesz zda\u0107 egzamin TELC w Krakowie? Przyjd\u017a do naszej szko\u0142y, a my przygotujemy Ci\u0119 do tego wa\u017cnego egzaminu.\" \/>\n<meta property=\"og:url\" content=\"https:\/\/leaderschool.pl\/krakow\/egzaminy-telc\/\" \/>\n<meta property=\"og:site_name\" content=\"w Krakowie - Leader School\" \/>\n<meta property=\"article:publisher\" content=\"https:\/\/www.facebook.com\/Leader.School.Krakow\" \/>\n<meta property=\"article:modified_time\" content=\"2025-03-04T11:35:12+00:00\" \/>\n<meta property=\"og:image\" content=\"https:\/\/leaderschool.pl\/krakow\/wp-content\/uploads\/sites\/39\/2022\/06\/cropped-favicon-leader-school.png\" \/>\n\t<meta property=\"og:image:width\" content=\"512\" \/>\n\t<meta property=\"og:image:height\" content=\"512\" \/>\n\t<meta property=\"og:image:type\" content=\"image\/png\" \/>\n<meta name=\"twitter:card\" content=\"summary_large_image\" \/>\n<meta name=\"twitter:label1\" content=\"Szacowany czas czytania\" \/>\n\t<meta name=\"twitter:data1\" content=\"4 minuty\" \/>\n<script type=\"application\/ld+json\" class=\"yoast-schema-graph\">{\"@context\":\"https:\/\/schema.org\",\"@graph\":[{\"@type\":\"WebSite\",\"@id\":\"https:\/\/leaderschool.pl\/krakow\/#website\",\"url\":\"https:\/\/leaderschool.pl\/krakow\/\",\"name\":\"w Krakowie - Leader School\",\"description\":\"\",\"potentialAction\":[{\"@type\":\"SearchAction\",\"target\":{\"@type\":\"EntryPoint\",\"urlTemplate\":\"https:\/\/leaderschool.pl\/krakow\/?s={search_term_string}\"},\"query-input\":\"required name=search_term_string\"}],\"inLanguage\":\"pl-PL\"},{\"@type\":\"WebPage\",\"@id\":\"https:\/\/leaderschool.pl\/krakow\/egzaminy-telc\/#webpage\",\"url\":\"https:\/\/leaderschool.pl\/krakow\/egzaminy-telc\/\",\"name\":\"Egzaminy TELC w Krakowie w Krakowie - Leader School\",\"isPartOf\":{\"@id\":\"https:\/\/leaderschool.pl\/krakow\/#website\"},\"datePublished\":\"2022-07-23T22:10:34+00:00\",\"dateModified\":\"2025-03-04T11:35:12+00:00\",\"description\":\"Chcesz zda\u0107 egzamin TELC w Krakowie? Przyjd\u017a do naszej szko\u0142y, a my przygotujemy Ci\u0119 do tego wa\u017cnego egzaminu.\",\"breadcrumb\":{\"@id\":\"https:\/\/leaderschool.pl\/krakow\/egzaminy-telc\/#breadcrumb\"},\"inLanguage\":\"pl-PL\",\"potentialAction\":[{\"@type\":\"ReadAction\",\"target\":[\"https:\/\/leaderschool.pl\/krakow\/egzaminy-telc\/\"]}]},{\"@type\":\"BreadcrumbList\",\"@id\":\"https:\/\/leaderschool.pl\/krakow\/egzaminy-telc\/#breadcrumb\",\"itemListElement\":[{\"@type\":\"ListItem\",\"position\":1,\"name\":\"Home\",\"item\":\"https:\/\/leaderschool.pl\/krakow\/\"},{\"@type\":\"ListItem\",\"position\":2,\"name\":\"Egzaminy TELC w Krakowie\"}]}]}<\/script>\n<!-- \/ Yoast SEO plugin. -->","yoast_head_json":{"title":"Egzaminy TELC w Krakowie w Krakowie - Leader School","description":"Chcesz zda\u0107 egzamin TELC w Krakowie? Przyjd\u017a do naszej szko\u0142y, a my przygotujemy Ci\u0119 do tego wa\u017cnego egzaminu.","robots":{"index":"index","follow":"follow","max-snippet":"max-snippet:-1","max-image-preview":"max-image-preview:large","max-video-preview":"max-video-preview:-1"},"canonical":"https:\/\/leaderschool.pl\/krakow\/egzaminy-telc\/","og_locale":"pl_PL","og_type":"article","og_title":"Egzaminy TELC w Krakowie w Krakowie - Leader School","og_description":"Chcesz zda\u0107 egzamin TELC w Krakowie? Przyjd\u017a do naszej szko\u0142y, a my przygotujemy Ci\u0119 do tego wa\u017cnego egzaminu.","og_url":"https:\/\/leaderschool.pl\/krakow\/egzaminy-telc\/","og_site_name":"w Krakowie - Leader School","article_publisher":"https:\/\/www.facebook.com\/Leader.School.Krakow","article_modified_time":"2025-03-04T11:35:12+00:00","og_image":[{"width":512,"height":512,"url":"https:\/\/leaderschool.pl\/krakow\/wp-content\/uploads\/sites\/39\/2022\/06\/cropped-favicon-leader-school.png","type":"image\/png"}],"twitter_card":"summary_large_image","twitter_misc":{"Szacowany czas czytania":"4 minuty"},"schema":{"@context":"https:\/\/schema.org","@graph":[{"@type":"WebSite","@id":"https:\/\/leaderschool.pl\/krakow\/#website","url":"https:\/\/leaderschool.pl\/krakow\/","name":"w Krakowie - Leader School","description":"","potentialAction":[{"@type":"SearchAction","target":{"@type":"EntryPoint","urlTemplate":"https:\/\/leaderschool.pl\/krakow\/?s={search_term_string}"},"query-input":"required name=search_term_string"}],"inLanguage":"pl-PL"},{"@type":"WebPage","@id":"https:\/\/leaderschool.pl\/krakow\/egzaminy-telc\/#webpage","url":"https:\/\/leaderschool.pl\/krakow\/egzaminy-telc\/","name":"Egzaminy TELC w Krakowie w Krakowie - Leader School","isPartOf":{"@id":"https:\/\/leaderschool.pl\/krakow\/#website"},"datePublished":"2022-07-23T22:10:34+00:00","dateModified":"2025-03-04T11:35:12+00:00","description":"Chcesz zda\u0107 egzamin TELC w Krakowie? Przyjd\u017a do naszej szko\u0142y, a my przygotujemy Ci\u0119 do tego wa\u017cnego egzaminu.","breadcrumb":{"@id":"https:\/\/leaderschool.pl\/krakow\/egzaminy-telc\/#breadcrumb"},"inLanguage":"pl-PL","potentialAction":[{"@type":"ReadAction","target":["https:\/\/leaderschool.pl\/krakow\/egzaminy-telc\/"]}]},{"@type":"BreadcrumbList","@id":"https:\/\/leaderschool.pl\/krakow\/egzaminy-telc\/#breadcrumb","itemListElement":[{"@type":"ListItem","position":1,"name":"Home","item":"https:\/\/leaderschool.pl\/krakow\/"},{"@type":"ListItem","position":2,"name":"Egzaminy TELC w Krakowie"}]}]}},"_links":{"self":[{"href":"https:\/\/leaderschool.pl\/krakow\/wp-json\/wp\/v2\/pages\/2610"}],"collection":[{"href":"https:\/\/leaderschool.pl\/krakow\/wp-json\/wp\/v2\/pages"}],"about":[{"href":"https:\/\/leaderschool.pl\/krakow\/wp-json\/wp\/v2\/types\/page"}],"author":[{"embeddable":true,"href":"https:\/\/leaderschool.pl\/krakow\/wp-json\/wp\/v2\/users\/3"}],"replies":[{"embeddable":true,"href":"https:\/\/leaderschool.pl\/krakow\/wp-json\/wp\/v2\/comments?post=2610"}],"version-history":[{"count":8,"href":"https:\/\/leaderschool.pl\/krakow\/wp-json\/wp\/v2\/pages\/2610\/revisions"}],"predecessor-version":[{"id":3230,"href":"https:\/\/leaderschool.pl\/krakow\/wp-json\/wp\/v2\/pages\/2610\/revisions\/3230"}],"wp:attachment":[{"href":"https:\/\/leaderschool.pl\/krakow\/wp-json\/wp\/v2\/media?parent=2610"}],"curies":[{"name":"wp","href":"https:\/\/api.w.org\/{rel}","templated":true}]}}