{"id":2603,"date":"2022-07-24T00:08:14","date_gmt":"2022-07-23T22:08:14","guid":{"rendered":"https:\/\/leaderschool.sellision.dev\/krakow\/?page_id=2603"},"modified":"2025-03-04T12:35:47","modified_gmt":"2025-03-04T11:35:47","slug":"angielski-dofinansowany","status":"publish","type":"page","link":"https:\/\/leaderschool.pl\/krakow\/angielski-dofinansowany\/","title":{"rendered":"Angielski dofinansowany"},"content":{"rendered":"\n<p>Chcesz podnie\u015b\u0107 kwalifikacje swoich pracownik\u00f3w? Wej\u015b\u0107 na rynki zagraniczne? Jak to zrobi\u0107 bez dobrej znajomo\u015bci j\u0119zyka obcego? Szko\u0142a j\u0119zyka angielskiego w&nbsp;Krakowie Bie\u0144czycach wsp\u00f3\u0142pracuje z&nbsp;Urz\u0119dem Pracy i Polsk\u0105 Agencj\u0105 Rozwoju Regionalnego w zakresie szkole\u0144 dofinansowanych.<\/p>\n\n\n\n<p>Mo\u017cesz skorzysta\u0107 z r\u00f3\u017cnych program\u00f3w. W PARP mo\u017cesz uzyska\u0107 MBony i Bony Plus. W Urz\u0119dzie Pracy pytaj o \u201eKierunek Kariera\u201d, \u201eKierunek Kariera Zawodowa\u201d i \u201e\u0141ap Skill\u2019a\u201d.&nbsp;<\/p>\n\n\n\n<h2>&nbsp;Szkolenia dofinansowane z j\u0119zyka angielskiego w Krakowie &#8211; dla kogo?<\/h2>\n\n\n\n<p>&nbsp;\u201eKierunek Kariera Zawodowa\u201d i \u201eKierunek Kariera\u201d ma na celu podwy\u017cszanie kompetencji os\u00f3b:<\/p>\n\n\n\n<ul><li>mieszkaj\u0105cych<\/li><li>pracuj\u0105cych<\/li><li>ucz\u0105cych si\u0119 na terenie wojew\u00f3dztwa ma\u0142opolskiego.<\/li><\/ul>\n\n\n\n<p>Projekt skierowany jest do os\u00f3b doros\u0142ych.<\/p>\n\n\n\n<p>Wniosek o <strong>dofinansowanie kursu j\u0119zyka angielskiego<\/strong> w ramach mBon\u00f3w i Bon\u00f3w Plus mog\u0105 sk\u0142ada\u0107:<\/p>\n\n\n\n<ul><li>mikroprzedsi\u0119biorstwa<\/li><li>ma\u0142e lub \u015brednie przedsi\u0119biorstwa.<\/li><\/ul>\n\n\n\n<p>Projekt mBon\u00f3w i Bon\u00f3w Plus dotyczy Krakowskiego Obszaru Metropolitalnego wraz z&nbsp;metropoli\u0105 krakowsk\u0105 (Miasto Krak\u00f3w, powiaty: krakowski, miechowski, proszowicki, wielicki, boche\u0144ski i&nbsp;my\u015blenicki). W&nbsp;ramach projektu mo\u017cna uzyska\u0107 50% lub 80% dofinansowania bonu rozwojowego.<\/p>\n\n\n\n<h2><strong>Dofinansowanie kursu j\u0119zykowego &#8211; jak to dzia\u0142a?<\/strong><\/h2>\n\n\n\n<p>Wystarczy kilka krok\u00f3w, \u017ceby uzyska\u0107 dofinansowanie i wzi\u0105\u0107 udzia\u0142 w <strong><a href=\"https:\/\/leaderschool.pl\/krakow\/metody\/bls\/\">kursie j\u0119zyka angielskiego<\/a> Leader School w Krakowie<\/strong>. Kontaktujesz si\u0119 z Urz\u0119dem Pracy lub z Ma\u0142opolsk\u0105 Agencj\u0105 Rozwoju Regionalnego. Podpisujesz umow\u0119 o dofinansowanie i otrzymujesz bony szkoleniowe. Nast\u0119pnie wybierasz nasz\u0105 us\u0142ug\u0119 w BUR i&nbsp;wysy\u0142asz formularz zg\u0142oszeniowy.<\/p>\n\n\n\n<p>Otrzymujesz test poziomuj\u0105cy <strong>z Leader School w Krakowie Bie\u0144czycach<\/strong>. Refundacja koszt\u00f3w nast\u0119puje po zako\u0144czeniu us\u0142ugi. Pracownicy szko\u0142y j\u0119zykowej w Krakowie Bie\u0144czycach pomog\u0105 Ci wype\u0142ni\u0107 kwestionariusz do Urz\u0119du Pracy, przypilnuj\u0105 termin\u00f3w i kolejno\u015bci dzia\u0142a\u0144.<\/p>\n\n\n\n<h3><strong>Co to jest BUR?<\/strong><\/h3>\n\n\n\n<p>Baza Us\u0142ug Rozwojowych (BUR) to platforma administrowana przez Polsk\u0105 Agencj\u0119 Rozwoju Przedsi\u0119biorczo\u015bci (PARP). Podstawowym celem dzia\u0142ania BUR jest podniesienie dost\u0119pno\u015bci kurs\u00f3w i&nbsp;szkole\u0144, aby ka\u017cdy m\u00f3g\u0142 skorzysta\u0107 ze wsparcia finansowego na sw\u00f3j rozw\u00f3j. Mikro, ma\u0142y lub \u015bredni przedsi\u0119biorca mo\u017ce otrzyma\u0107 dofinansowanie w ramach&nbsp;Regionalnych Program\u00f3w Operacyjnych (RPO), kt\u00f3rymi zarz\u0105dzaj\u0105 Urz\u0119dy Marsza\u0142kowskie.<\/p>\n\n\n\n<h2><strong>Korzy\u015bci z dofinansowanego kursu angielskiego w Krakowie Bie\u0144czycach?<\/strong><\/h2>\n\n\n\n<p>Je\u017celi zdecydujesz si\u0119 na <strong>szkolenie j\u0119zykowe w Krakowie Bie\u0144czycach,<\/strong> zyskasz nast\u0119puj\u0105ce korzy\u015bci:<\/p>\n\n\n\n<ul><li>kurs j\u0119zyka angielskiego prowadzony metod\u0105 tradycyjn\u0105<\/li><li>wsparcie do\u015bwiadczonego lektora<\/li><li>za\u015bwiadczenie o uko\u0144czeniu kursu j\u0119zykowego.<\/li><\/ul>\n\n\n\n<p>Po uko\u0144czeniu <strong>dofinansowanego <a href=\"https:\/\/leaderschool.pl\/krakow\/\">kursu j\u0119zykowego w Leader School w Krakowie Bie\u0144czycach<\/a><\/strong>, masz obowi\u0105zek przyst\u0105pi\u0107 do egzaminu mi\u0119dzynarodowego. Je\u017celi zdasz egzamin, otrzymasz certyfikat, kt\u00f3ry honoruj\u0105 wszystkie kraje europejskie.&nbsp;<\/p>\n\n\n\n<p>Zainteresowa\u0142y Ci\u0119 kursy angielskiego z dofinansowaniem? Chcesz przeszkoli\u0107 swoich pracownik\u00f3w?<\/p>\n\n\n\n<p>Dowiedz si\u0119 wi\u0119cej.<\/p>\n","protected":false},"excerpt":{"rendered":"<p>Chcesz podnie\u015b\u0107 kwalifikacje swoich pracownik\u00f3w? Wej\u015b\u0107 na rynki zagraniczne? Jak to zrobi\u0107 bez dobrej znajomo\u015bci j\u0119zyka obcego? Szko\u0142a j\u0119zyka angielskiego w&nbsp;Krakowie Bie\u0144czycach wsp\u00f3\u0142pracuje z&nbsp;Urz\u0119dem Pracy i Polsk\u0105 Agencj\u0105 Rozwoju Regionalnego w zakresie szkole\u0144 dofinansowanych. Mo\u017cesz skorzysta\u0107 z r\u00f3\u017cnych program\u00f3w. W PARP mo\u017cesz uzyska\u0107 MBony i Bony Plus. W Urz\u0119dzie Pracy pytaj o \u201eKierunek Kariera\u201d, \u201eKierunek [&hellip;]<\/p>\n","protected":false},"author":3,"featured_media":0,"parent":0,"menu_order":0,"comment_status":"closed","ping_status":"closed","template":"","meta":{"ngg_post_thumbnail":0},"acf":[],"yoast_head":"<!-- This site is optimized with the Yoast SEO plugin v18.9 - https:\/\/yoast.com\/wordpress\/plugins\/seo\/ -->\n<title>Angielski dofinansowany w Krakowie - Leader School<\/title>\n<meta name=\"description\" content=\"Szukasz zaj\u0119\u0107 z j\u0119zyka angielskiego, kt\u00f3re mog\u0105 by\u0107 dofinansowane? Sprawd\u017a szczeg\u00f3\u0142y i zacznij nauk\u0119 w Leader School Krak\u00f3w.\" \/>\n<meta name=\"robots\" content=\"index, follow, max-snippet:-1, max-image-preview:large, max-video-preview:-1\" \/>\n<link rel=\"canonical\" href=\"https:\/\/leaderschool.pl\/krakow\/angielski-dofinansowany\/\" \/>\n<meta property=\"og:locale\" content=\"pl_PL\" \/>\n<meta property=\"og:type\" content=\"article\" \/>\n<meta property=\"og:title\" content=\"Angielski dofinansowany w Krakowie - Leader School\" \/>\n<meta property=\"og:description\" content=\"Szukasz zaj\u0119\u0107 z j\u0119zyka angielskiego, kt\u00f3re mog\u0105 by\u0107 dofinansowane? Sprawd\u017a szczeg\u00f3\u0142y i zacznij nauk\u0119 w Leader School Krak\u00f3w.\" \/>\n<meta property=\"og:url\" content=\"https:\/\/leaderschool.pl\/krakow\/angielski-dofinansowany\/\" \/>\n<meta property=\"og:site_name\" content=\"w Krakowie - Leader School\" \/>\n<meta property=\"article:publisher\" content=\"https:\/\/www.facebook.com\/Leader.School.Krakow\" \/>\n<meta property=\"article:modified_time\" content=\"2025-03-04T11:35:47+00:00\" \/>\n<meta property=\"og:image\" content=\"https:\/\/leaderschool.pl\/krakow\/wp-content\/uploads\/sites\/39\/2022\/06\/cropped-favicon-leader-school.png\" \/>\n\t<meta property=\"og:image:width\" content=\"512\" \/>\n\t<meta property=\"og:image:height\" content=\"512\" \/>\n\t<meta property=\"og:image:type\" content=\"image\/png\" \/>\n<meta name=\"twitter:card\" content=\"summary_large_image\" \/>\n<meta name=\"twitter:label1\" content=\"Szacowany czas czytania\" \/>\n\t<meta name=\"twitter:data1\" content=\"3 minuty\" \/>\n<script type=\"application\/ld+json\" class=\"yoast-schema-graph\">{\"@context\":\"https:\/\/schema.org\",\"@graph\":[{\"@type\":\"WebSite\",\"@id\":\"https:\/\/leaderschool.pl\/krakow\/#website\",\"url\":\"https:\/\/leaderschool.pl\/krakow\/\",\"name\":\"w Krakowie - Leader School\",\"description\":\"\",\"potentialAction\":[{\"@type\":\"SearchAction\",\"target\":{\"@type\":\"EntryPoint\",\"urlTemplate\":\"https:\/\/leaderschool.pl\/krakow\/?s={search_term_string}\"},\"query-input\":\"required name=search_term_string\"}],\"inLanguage\":\"pl-PL\"},{\"@type\":\"WebPage\",\"@id\":\"https:\/\/leaderschool.pl\/krakow\/angielski-dofinansowany\/#webpage\",\"url\":\"https:\/\/leaderschool.pl\/krakow\/angielski-dofinansowany\/\",\"name\":\"Angielski dofinansowany w Krakowie - Leader School\",\"isPartOf\":{\"@id\":\"https:\/\/leaderschool.pl\/krakow\/#website\"},\"datePublished\":\"2022-07-23T22:08:14+00:00\",\"dateModified\":\"2025-03-04T11:35:47+00:00\",\"description\":\"Szukasz zaj\u0119\u0107 z j\u0119zyka angielskiego, kt\u00f3re mog\u0105 by\u0107 dofinansowane? Sprawd\u017a szczeg\u00f3\u0142y i zacznij nauk\u0119 w Leader School Krak\u00f3w.\",\"breadcrumb\":{\"@id\":\"https:\/\/leaderschool.pl\/krakow\/angielski-dofinansowany\/#breadcrumb\"},\"inLanguage\":\"pl-PL\",\"potentialAction\":[{\"@type\":\"ReadAction\",\"target\":[\"https:\/\/leaderschool.pl\/krakow\/angielski-dofinansowany\/\"]}]},{\"@type\":\"BreadcrumbList\",\"@id\":\"https:\/\/leaderschool.pl\/krakow\/angielski-dofinansowany\/#breadcrumb\",\"itemListElement\":[{\"@type\":\"ListItem\",\"position\":1,\"name\":\"Home\",\"item\":\"https:\/\/leaderschool.pl\/krakow\/\"},{\"@type\":\"ListItem\",\"position\":2,\"name\":\"Angielski dofinansowany\"}]}]}<\/script>\n<!-- \/ Yoast SEO plugin. -->","yoast_head_json":{"title":"Angielski dofinansowany w Krakowie - Leader School","description":"Szukasz zaj\u0119\u0107 z j\u0119zyka angielskiego, kt\u00f3re mog\u0105 by\u0107 dofinansowane? Sprawd\u017a szczeg\u00f3\u0142y i zacznij nauk\u0119 w Leader School Krak\u00f3w.","robots":{"index":"index","follow":"follow","max-snippet":"max-snippet:-1","max-image-preview":"max-image-preview:large","max-video-preview":"max-video-preview:-1"},"canonical":"https:\/\/leaderschool.pl\/krakow\/angielski-dofinansowany\/","og_locale":"pl_PL","og_type":"article","og_title":"Angielski dofinansowany w Krakowie - Leader School","og_description":"Szukasz zaj\u0119\u0107 z j\u0119zyka angielskiego, kt\u00f3re mog\u0105 by\u0107 dofinansowane? Sprawd\u017a szczeg\u00f3\u0142y i zacznij nauk\u0119 w Leader School Krak\u00f3w.","og_url":"https:\/\/leaderschool.pl\/krakow\/angielski-dofinansowany\/","og_site_name":"w Krakowie - Leader School","article_publisher":"https:\/\/www.facebook.com\/Leader.School.Krakow","article_modified_time":"2025-03-04T11:35:47+00:00","og_image":[{"width":512,"height":512,"url":"https:\/\/leaderschool.pl\/krakow\/wp-content\/uploads\/sites\/39\/2022\/06\/cropped-favicon-leader-school.png","type":"image\/png"}],"twitter_card":"summary_large_image","twitter_misc":{"Szacowany czas czytania":"3 minuty"},"schema":{"@context":"https:\/\/schema.org","@graph":[{"@type":"WebSite","@id":"https:\/\/leaderschool.pl\/krakow\/#website","url":"https:\/\/leaderschool.pl\/krakow\/","name":"w Krakowie - Leader School","description":"","potentialAction":[{"@type":"SearchAction","target":{"@type":"EntryPoint","urlTemplate":"https:\/\/leaderschool.pl\/krakow\/?s={search_term_string}"},"query-input":"required name=search_term_string"}],"inLanguage":"pl-PL"},{"@type":"WebPage","@id":"https:\/\/leaderschool.pl\/krakow\/angielski-dofinansowany\/#webpage","url":"https:\/\/leaderschool.pl\/krakow\/angielski-dofinansowany\/","name":"Angielski dofinansowany w Krakowie - Leader School","isPartOf":{"@id":"https:\/\/leaderschool.pl\/krakow\/#website"},"datePublished":"2022-07-23T22:08:14+00:00","dateModified":"2025-03-04T11:35:47+00:00","description":"Szukasz zaj\u0119\u0107 z j\u0119zyka angielskiego, kt\u00f3re mog\u0105 by\u0107 dofinansowane? Sprawd\u017a szczeg\u00f3\u0142y i zacznij nauk\u0119 w Leader School Krak\u00f3w.","breadcrumb":{"@id":"https:\/\/leaderschool.pl\/krakow\/angielski-dofinansowany\/#breadcrumb"},"inLanguage":"pl-PL","potentialAction":[{"@type":"ReadAction","target":["https:\/\/leaderschool.pl\/krakow\/angielski-dofinansowany\/"]}]},{"@type":"BreadcrumbList","@id":"https:\/\/leaderschool.pl\/krakow\/angielski-dofinansowany\/#breadcrumb","itemListElement":[{"@type":"ListItem","position":1,"name":"Home","item":"https:\/\/leaderschool.pl\/krakow\/"},{"@type":"ListItem","position":2,"name":"Angielski dofinansowany"}]}]}},"_links":{"self":[{"href":"https:\/\/leaderschool.pl\/krakow\/wp-json\/wp\/v2\/pages\/2603"}],"collection":[{"href":"https:\/\/leaderschool.pl\/krakow\/wp-json\/wp\/v2\/pages"}],"about":[{"href":"https:\/\/leaderschool.pl\/krakow\/wp-json\/wp\/v2\/types\/page"}],"author":[{"embeddable":true,"href":"https:\/\/leaderschool.pl\/krakow\/wp-json\/wp\/v2\/users\/3"}],"replies":[{"embeddable":true,"href":"https:\/\/leaderschool.pl\/krakow\/wp-json\/wp\/v2\/comments?post=2603"}],"version-history":[{"count":11,"href":"https:\/\/leaderschool.pl\/krakow\/wp-json\/wp\/v2\/pages\/2603\/revisions"}],"predecessor-version":[{"id":3231,"href":"https:\/\/leaderschool.pl\/krakow\/wp-json\/wp\/v2\/pages\/2603\/revisions\/3231"}],"wp:attachment":[{"href":"https:\/\/leaderschool.pl\/krakow\/wp-json\/wp\/v2\/media?parent=2603"}],"curies":[{"name":"wp","href":"https:\/\/api.w.org\/{rel}","templated":true}]}}