{"id":2600,"date":"2022-07-24T00:07:25","date_gmt":"2022-07-23T22:07:25","guid":{"rendered":"https:\/\/leaderschool.sellision.dev\/krakow\/?page_id=2600"},"modified":"2025-03-04T12:36:08","modified_gmt":"2025-03-04T11:36:08","slug":"kursy-online-krakow-bienczyce","status":"publish","type":"page","link":"https:\/\/leaderschool.pl\/krakow\/kursy-online-krakow-bienczyce\/","title":{"rendered":"Coaching j\u0119zykowy &#8211; spersonalizowany kurs indywidualny"},"content":{"rendered":"\n<p>Czy co roku 1 stycznia robisz postanowienie, \u017ce b\u0119dziesz uczy\u0107 si\u0119 angielskiego, a p\u00f3\u017aniej nic z tego nie wychodzi? Zapisujesz si\u0119 na si\u0142owni\u0119 i zapominasz o przychodzeniu na zaj\u0119cia? Je\u017celi u\u015bmiechasz si\u0119 z&nbsp;pow\u0105tpiewaniem, wyobra\u017a sobie, \u017ce mo\u017cesz zrealizowa\u0107 postanowienie noworoczne opanowania j\u0119zyka angielskiego. Jest tylko jeden warunek: potrzebujesz kogo\u015b, kto b\u0119dzie Ci\u0119 dopingowa\u0107 do systematycznej pracy. Tym kim\u015b jest trener j\u0119zykowy z <strong><a href=\"https:\/\/leaderschool.pl\/krakow\/\">Leader School w Krakowie Bie\u0144czycach<\/a>.<\/strong><\/p>\n\n\n\n<h2>Coaching j\u0119zykowy w szkole j\u0119zykowej w Krakowie Bie\u0144czycach<\/h2>\n\n\n\n<p>Coaching j\u0119zykowy (language coaching) to niestandardowa <strong>metoda nauki j\u0119zyka angielskiego dla os\u00f3b doros\u0142ych<\/strong>. Metoda polega na pracy online zgodnie ze \u015bci\u015ble zaplanowanym scenariuszem. Zosta\u0142a opracowana zgodnie z filozofi\u0105 ma\u0142ych krok\u00f3w (Kaizen). <strong>Kursy angielskiego online w Leader School Krak\u00f3w Bie\u0144czyce<\/strong> pozwalaj\u0105 uczniom na uzyskanie bieg\u0142o\u015bci j\u0119zykowej w jak najkr\u00f3tszym czasie.&nbsp;<\/p>\n\n\n\n<p>Przydzielimy Ci osobistego trenera j\u0119zykowego. Pracujesz z nim przez ca\u0142y czas kursu. Trener przygotuje dla Ciebie Indywidualny Plan Pracy, szyty na miar\u0119. Podstawowym za\u0142o\u017ceniem planu s\u0105 kr\u00f3tkie zadania, kt\u00f3re musisz codziennie wykonywa\u0107.<\/p>\n\n\n\n<p>Opr\u00f3cz cotygodniowej <strong>lekcji angielskiego online<\/strong> trener jest raz w tygodniu do Twojej dyspozycji. Mo\u017cesz do niego zadzwoni\u0107 czy napisa\u0107 maila w sprawie zwi\u0105zanej z realizacj\u0105 zada\u0144. Rozmowa z&nbsp;trenerem ma przede wszystkim za zadanie zmotywowa\u0107 Ci\u0119 do systematycznej pracy.<\/p>\n\n\n\n<h2>Kurs angielskiego online w Krakowie Bie\u0144czycach &#8211; jak to dzia\u0142a?<\/h2>\n\n\n\n<ul><li>Sprawdzamy Twoje umiej\u0119tno\u015bci i ustalamy poziom, od kt\u00f3rego wystartujesz.<\/li><li>Wykupujesz pakiet 25 godzin- jest to jeden cykl treningu j\u0119zykowego.<\/li><li>Dostajesz Indywidualny Plan Pracy.<\/li><li>Rozpisujemy grafik dostosowany do Twoich mo\u017cliwo\u015bci.<\/li><li>Spotykasz si\u0119 ze swoim trenerem online 1 raz w tygodniu. Spotkanie trwa 60 minut.<\/li><li>Codziennie uczysz si\u0119 sam przez 15-20 minut, korzystaj\u0105c z platformy e-learningowej.<\/li><li>Raz w tygodniu mo\u017cesz skontaktowa\u0107 si\u0119 z trenerem telefonicznie lub mailowo w sprawach zwi\u0105zanych z realizacj\u0105 planu.<\/li><\/ul>\n\n\n\n<h2>Rodzaje kurs\u00f3w j\u0119zykowych online w Krakowie Bie\u0144czycach<\/h2>\n\n\n\n<p>W zale\u017cno\u015bci od Twoich potrzeb mo\u017cemy przygotowa\u0107 dla Ciebie spersonalizowan\u0105 ofert\u0119:<\/p>\n\n\n\n<ul><li>j\u0119zyk angielski og\u00f3lny<\/li><li>j\u0119zyk angielski biznesowy specjalistyczny, medyczny lub prawniczy.<\/li><\/ul>\n\n\n\n<h3>Korzy\u015bci z kursu angielskiego online<\/h3>\n\n\n\n<p>Uczestnicy <strong>kurs\u00f3w j\u0119zykowych w Leader School w Krakowie Bie\u0144czycach<\/strong> oceniaj\u0105, \u017ce metoda coachingu j\u0119zykowego pozwoli\u0142a im na bardziej <strong>efektywne przyswajanie wiedzy<\/strong>, ni\u017c mia\u0142o to miejsce na kursach stacjonarnych. Zmotywowany ucze\u0144 ju\u017c po jednym cyklu nauki (25&nbsp;tygodni) mo\u017ce przej\u015b\u0107 z&nbsp;poziomu A1 na A2.<\/p>\n\n\n\n<p>Spotkanie online z trenerem pozwala na utrzymanie motywacji do nauki na wysokim poziomie. <strong>Regularny kontakt z j\u0119zykiem<\/strong> angielskim szybko zwi\u0119ksza zas\u00f3b s\u0142\u00f3w. Niekt\u00f3rzy kursanci por\u00f3wnuj\u0105 spotkania z coachem j\u0119zykowym do spotka\u0144 z trenerem personalnym na si\u0142owni.&nbsp;<\/p>\n\n\n\n<p>Uczymy j\u0119zyka angielskiego zmotywowanych. Pomagamy realizowa\u0107 j\u0119zykowe postanowienia noworoczne. Zapraszamy do rozmowy z naszym trenerem.<\/p>\n","protected":false},"excerpt":{"rendered":"<p>Czy co roku 1 stycznia robisz postanowienie, \u017ce b\u0119dziesz uczy\u0107 si\u0119 angielskiego, a p\u00f3\u017aniej nic z tego nie wychodzi? Zapisujesz si\u0119 na si\u0142owni\u0119 i zapominasz o przychodzeniu na zaj\u0119cia? Je\u017celi u\u015bmiechasz si\u0119 z&nbsp;pow\u0105tpiewaniem, wyobra\u017a sobie, \u017ce mo\u017cesz zrealizowa\u0107 postanowienie noworoczne opanowania j\u0119zyka angielskiego. Jest tylko jeden warunek: potrzebujesz kogo\u015b, kto b\u0119dzie Ci\u0119 dopingowa\u0107 do systematycznej [&hellip;]<\/p>\n","protected":false},"author":3,"featured_media":0,"parent":0,"menu_order":0,"comment_status":"closed","ping_status":"closed","template":"","meta":{"ngg_post_thumbnail":0},"acf":[],"yoast_head":"<!-- This site is optimized with the Yoast SEO plugin v18.9 - https:\/\/yoast.com\/wordpress\/plugins\/seo\/ -->\n<title>Coaching j\u0119zykowy - spersonalizowany kurs indywidualny w Krakowie - Leader School<\/title>\n<meta name=\"description\" content=\"Coaching j\u0119zykowy w szkole j\u0119zykowej Leader School w Krakowie Bie\u0144czycach. Sprawd\u017a nasz\u0105 ofert\u0119 i zapisz si\u0119 na zaj\u0119cia ju\u017c dzi\u015b!\" \/>\n<meta name=\"robots\" content=\"index, follow, max-snippet:-1, max-image-preview:large, max-video-preview:-1\" \/>\n<link rel=\"canonical\" href=\"https:\/\/leaderschool.pl\/krakow\/kursy-online-krakow-bienczyce\/\" \/>\n<meta property=\"og:locale\" content=\"pl_PL\" \/>\n<meta property=\"og:type\" content=\"article\" \/>\n<meta property=\"og:title\" content=\"Coaching j\u0119zykowy - spersonalizowany kurs indywidualny w Krakowie - Leader School\" \/>\n<meta property=\"og:description\" content=\"Coaching j\u0119zykowy w szkole j\u0119zykowej Leader School w Krakowie Bie\u0144czycach. Sprawd\u017a nasz\u0105 ofert\u0119 i zapisz si\u0119 na zaj\u0119cia ju\u017c dzi\u015b!\" \/>\n<meta property=\"og:url\" content=\"https:\/\/leaderschool.pl\/krakow\/kursy-online-krakow-bienczyce\/\" \/>\n<meta property=\"og:site_name\" content=\"w Krakowie - Leader School\" \/>\n<meta property=\"article:publisher\" content=\"https:\/\/www.facebook.com\/Leader.School.Krakow\" \/>\n<meta property=\"article:modified_time\" content=\"2025-03-04T11:36:08+00:00\" \/>\n<meta property=\"og:image\" content=\"https:\/\/leaderschool.pl\/krakow\/wp-content\/uploads\/sites\/39\/2022\/06\/cropped-favicon-leader-school.png\" \/>\n\t<meta property=\"og:image:width\" content=\"512\" \/>\n\t<meta property=\"og:image:height\" content=\"512\" \/>\n\t<meta property=\"og:image:type\" content=\"image\/png\" \/>\n<meta name=\"twitter:card\" content=\"summary_large_image\" \/>\n<meta name=\"twitter:label1\" content=\"Szacowany czas czytania\" \/>\n\t<meta name=\"twitter:data1\" content=\"3 minuty\" \/>\n<script type=\"application\/ld+json\" class=\"yoast-schema-graph\">{\"@context\":\"https:\/\/schema.org\",\"@graph\":[{\"@type\":\"WebSite\",\"@id\":\"https:\/\/leaderschool.pl\/krakow\/#website\",\"url\":\"https:\/\/leaderschool.pl\/krakow\/\",\"name\":\"w Krakowie - Leader School\",\"description\":\"\",\"potentialAction\":[{\"@type\":\"SearchAction\",\"target\":{\"@type\":\"EntryPoint\",\"urlTemplate\":\"https:\/\/leaderschool.pl\/krakow\/?s={search_term_string}\"},\"query-input\":\"required name=search_term_string\"}],\"inLanguage\":\"pl-PL\"},{\"@type\":\"WebPage\",\"@id\":\"https:\/\/leaderschool.pl\/krakow\/kursy-online-krakow-bienczyce\/#webpage\",\"url\":\"https:\/\/leaderschool.pl\/krakow\/kursy-online-krakow-bienczyce\/\",\"name\":\"Coaching j\u0119zykowy - spersonalizowany kurs indywidualny w Krakowie - Leader School\",\"isPartOf\":{\"@id\":\"https:\/\/leaderschool.pl\/krakow\/#website\"},\"datePublished\":\"2022-07-23T22:07:25+00:00\",\"dateModified\":\"2025-03-04T11:36:08+00:00\",\"description\":\"Coaching j\u0119zykowy w szkole j\u0119zykowej Leader School w Krakowie Bie\u0144czycach. Sprawd\u017a nasz\u0105 ofert\u0119 i zapisz si\u0119 na zaj\u0119cia ju\u017c dzi\u015b!\",\"breadcrumb\":{\"@id\":\"https:\/\/leaderschool.pl\/krakow\/kursy-online-krakow-bienczyce\/#breadcrumb\"},\"inLanguage\":\"pl-PL\",\"potentialAction\":[{\"@type\":\"ReadAction\",\"target\":[\"https:\/\/leaderschool.pl\/krakow\/kursy-online-krakow-bienczyce\/\"]}]},{\"@type\":\"BreadcrumbList\",\"@id\":\"https:\/\/leaderschool.pl\/krakow\/kursy-online-krakow-bienczyce\/#breadcrumb\",\"itemListElement\":[{\"@type\":\"ListItem\",\"position\":1,\"name\":\"Home\",\"item\":\"https:\/\/leaderschool.pl\/krakow\/\"},{\"@type\":\"ListItem\",\"position\":2,\"name\":\"Coaching j\u0119zykowy &#8211; spersonalizowany kurs indywidualny\"}]}]}<\/script>\n<!-- \/ Yoast SEO plugin. -->","yoast_head_json":{"title":"Coaching j\u0119zykowy - spersonalizowany kurs indywidualny w Krakowie - Leader School","description":"Coaching j\u0119zykowy w szkole j\u0119zykowej Leader School w Krakowie Bie\u0144czycach. Sprawd\u017a nasz\u0105 ofert\u0119 i zapisz si\u0119 na zaj\u0119cia ju\u017c dzi\u015b!","robots":{"index":"index","follow":"follow","max-snippet":"max-snippet:-1","max-image-preview":"max-image-preview:large","max-video-preview":"max-video-preview:-1"},"canonical":"https:\/\/leaderschool.pl\/krakow\/kursy-online-krakow-bienczyce\/","og_locale":"pl_PL","og_type":"article","og_title":"Coaching j\u0119zykowy - spersonalizowany kurs indywidualny w Krakowie - Leader School","og_description":"Coaching j\u0119zykowy w szkole j\u0119zykowej Leader School w Krakowie Bie\u0144czycach. Sprawd\u017a nasz\u0105 ofert\u0119 i zapisz si\u0119 na zaj\u0119cia ju\u017c dzi\u015b!","og_url":"https:\/\/leaderschool.pl\/krakow\/kursy-online-krakow-bienczyce\/","og_site_name":"w Krakowie - Leader School","article_publisher":"https:\/\/www.facebook.com\/Leader.School.Krakow","article_modified_time":"2025-03-04T11:36:08+00:00","og_image":[{"width":512,"height":512,"url":"https:\/\/leaderschool.pl\/krakow\/wp-content\/uploads\/sites\/39\/2022\/06\/cropped-favicon-leader-school.png","type":"image\/png"}],"twitter_card":"summary_large_image","twitter_misc":{"Szacowany czas czytania":"3 minuty"},"schema":{"@context":"https:\/\/schema.org","@graph":[{"@type":"WebSite","@id":"https:\/\/leaderschool.pl\/krakow\/#website","url":"https:\/\/leaderschool.pl\/krakow\/","name":"w Krakowie - Leader School","description":"","potentialAction":[{"@type":"SearchAction","target":{"@type":"EntryPoint","urlTemplate":"https:\/\/leaderschool.pl\/krakow\/?s={search_term_string}"},"query-input":"required name=search_term_string"}],"inLanguage":"pl-PL"},{"@type":"WebPage","@id":"https:\/\/leaderschool.pl\/krakow\/kursy-online-krakow-bienczyce\/#webpage","url":"https:\/\/leaderschool.pl\/krakow\/kursy-online-krakow-bienczyce\/","name":"Coaching j\u0119zykowy - spersonalizowany kurs indywidualny w Krakowie - Leader School","isPartOf":{"@id":"https:\/\/leaderschool.pl\/krakow\/#website"},"datePublished":"2022-07-23T22:07:25+00:00","dateModified":"2025-03-04T11:36:08+00:00","description":"Coaching j\u0119zykowy w szkole j\u0119zykowej Leader School w Krakowie Bie\u0144czycach. Sprawd\u017a nasz\u0105 ofert\u0119 i zapisz si\u0119 na zaj\u0119cia ju\u017c dzi\u015b!","breadcrumb":{"@id":"https:\/\/leaderschool.pl\/krakow\/kursy-online-krakow-bienczyce\/#breadcrumb"},"inLanguage":"pl-PL","potentialAction":[{"@type":"ReadAction","target":["https:\/\/leaderschool.pl\/krakow\/kursy-online-krakow-bienczyce\/"]}]},{"@type":"BreadcrumbList","@id":"https:\/\/leaderschool.pl\/krakow\/kursy-online-krakow-bienczyce\/#breadcrumb","itemListElement":[{"@type":"ListItem","position":1,"name":"Home","item":"https:\/\/leaderschool.pl\/krakow\/"},{"@type":"ListItem","position":2,"name":"Coaching j\u0119zykowy &#8211; spersonalizowany kurs indywidualny"}]}]}},"_links":{"self":[{"href":"https:\/\/leaderschool.pl\/krakow\/wp-json\/wp\/v2\/pages\/2600"}],"collection":[{"href":"https:\/\/leaderschool.pl\/krakow\/wp-json\/wp\/v2\/pages"}],"about":[{"href":"https:\/\/leaderschool.pl\/krakow\/wp-json\/wp\/v2\/types\/page"}],"author":[{"embeddable":true,"href":"https:\/\/leaderschool.pl\/krakow\/wp-json\/wp\/v2\/users\/3"}],"replies":[{"embeddable":true,"href":"https:\/\/leaderschool.pl\/krakow\/wp-json\/wp\/v2\/comments?post=2600"}],"version-history":[{"count":10,"href":"https:\/\/leaderschool.pl\/krakow\/wp-json\/wp\/v2\/pages\/2600\/revisions"}],"predecessor-version":[{"id":3232,"href":"https:\/\/leaderschool.pl\/krakow\/wp-json\/wp\/v2\/pages\/2600\/revisions\/3232"}],"wp:attachment":[{"href":"https:\/\/leaderschool.pl\/krakow\/wp-json\/wp\/v2\/media?parent=2600"}],"curies":[{"name":"wp","href":"https:\/\/api.w.org\/{rel}","templated":true}]}}