{"id":1176,"date":"2022-06-22T11:54:26","date_gmt":"2022-06-22T09:54:26","guid":{"rendered":"http:\/\/leader-school.lan\/oddzial\/?page_id=1176"},"modified":"2023-10-13T09:09:37","modified_gmt":"2023-10-13T07:09:37","slug":"kursy","status":"publish","type":"page","link":"https:\/\/leaderschool.pl\/krakow\/kursy\/","title":{"rendered":"Kursy"},"content":{"rendered":"","protected":false},"excerpt":{"rendered":"","protected":false},"author":1,"featured_media":0,"parent":0,"menu_order":0,"comment_status":"closed","ping_status":"closed","template":"page-templates\/courses.php","meta":{"ngg_post_thumbnail":0},"acf":[],"yoast_head":"<!-- This site is optimized with the Yoast SEO plugin v18.9 - https:\/\/yoast.com\/wordpress\/plugins\/seo\/ -->\n<title>Kursy w Krakowie - Leader School<\/title>\n<meta name=\"description\" content=\"Sprawd\u017a ofert\u0119 kurs\u00f3w j\u0119zykowych w Leader School Krak\u00f3w. Zobacz i wybierz kurs najlepszy dla siebie. \ud83d\udcde+ 12 658 61 15\" \/>\n<meta name=\"robots\" content=\"index, follow, max-snippet:-1, max-image-preview:large, max-video-preview:-1\" \/>\n<link rel=\"canonical\" href=\"https:\/\/leaderschool.pl\/krakow\/kursy\/\" \/>\n<meta property=\"og:locale\" content=\"pl_PL\" \/>\n<meta property=\"og:type\" content=\"article\" \/>\n<meta property=\"og:title\" content=\"Kursy w Krakowie - Leader School\" \/>\n<meta property=\"og:description\" content=\"Sprawd\u017a ofert\u0119 kurs\u00f3w j\u0119zykowych w Leader School Krak\u00f3w. Zobacz i wybierz kurs najlepszy dla siebie. \ud83d\udcde+ 12 658 61 15\" \/>\n<meta property=\"og:url\" content=\"https:\/\/leaderschool.pl\/krakow\/kursy\/\" \/>\n<meta property=\"og:site_name\" content=\"w Krakowie - Leader School\" \/>\n<meta property=\"article:publisher\" content=\"https:\/\/www.facebook.com\/Leader.School.Krakow\" \/>\n<meta property=\"article:modified_time\" content=\"2023-10-13T07:09:37+00:00\" \/>\n<meta property=\"og:image\" content=\"https:\/\/leaderschool.pl\/krakow\/wp-content\/uploads\/sites\/39\/2022\/06\/cropped-favicon-leader-school.png\" \/>\n\t<meta property=\"og:image:width\" content=\"512\" \/>\n\t<meta property=\"og:image:height\" content=\"512\" \/>\n\t<meta property=\"og:image:type\" content=\"image\/png\" \/>\n<meta name=\"twitter:card\" content=\"summary_large_image\" \/>\n<script type=\"application\/ld+json\" class=\"yoast-schema-graph\">{\"@context\":\"https:\/\/schema.org\",\"@graph\":[{\"@type\":\"WebSite\",\"@id\":\"https:\/\/leaderschool.pl\/krakow\/#website\",\"url\":\"https:\/\/leaderschool.pl\/krakow\/\",\"name\":\"w Krakowie - Leader School\",\"description\":\"\",\"potentialAction\":[{\"@type\":\"SearchAction\",\"target\":{\"@type\":\"EntryPoint\",\"urlTemplate\":\"https:\/\/leaderschool.pl\/krakow\/?s={search_term_string}\"},\"query-input\":\"required name=search_term_string\"}],\"inLanguage\":\"pl-PL\"},{\"@type\":\"WebPage\",\"@id\":\"https:\/\/leaderschool.pl\/krakow\/kursy\/#webpage\",\"url\":\"https:\/\/leaderschool.pl\/krakow\/kursy\/\",\"name\":\"Kursy w Krakowie - Leader School\",\"isPartOf\":{\"@id\":\"https:\/\/leaderschool.pl\/krakow\/#website\"},\"datePublished\":\"2022-06-22T09:54:26+00:00\",\"dateModified\":\"2023-10-13T07:09:37+00:00\",\"description\":\"Sprawd\u017a ofert\u0119 kurs\u00f3w j\u0119zykowych w Leader School Krak\u00f3w. Zobacz i wybierz kurs najlepszy dla siebie. \ud83d\udcde+ 12 658 61 15\",\"breadcrumb\":{\"@id\":\"https:\/\/leaderschool.pl\/krakow\/kursy\/#breadcrumb\"},\"inLanguage\":\"pl-PL\",\"potentialAction\":[{\"@type\":\"ReadAction\",\"target\":[\"https:\/\/leaderschool.pl\/krakow\/kursy\/\"]}]},{\"@type\":\"BreadcrumbList\",\"@id\":\"https:\/\/leaderschool.pl\/krakow\/kursy\/#breadcrumb\",\"itemListElement\":[{\"@type\":\"ListItem\",\"position\":1,\"name\":\"Home\",\"item\":\"https:\/\/leaderschool.pl\/krakow\/\"},{\"@type\":\"ListItem\",\"position\":2,\"name\":\"Kursy\"}]}]}<\/script>\n<!-- \/ Yoast SEO plugin. -->","yoast_head_json":{"title":"Kursy w Krakowie - Leader School","description":"Sprawd\u017a ofert\u0119 kurs\u00f3w j\u0119zykowych w Leader School Krak\u00f3w. Zobacz i wybierz kurs najlepszy dla siebie. \ud83d\udcde+ 12 658 61 15","robots":{"index":"index","follow":"follow","max-snippet":"max-snippet:-1","max-image-preview":"max-image-preview:large","max-video-preview":"max-video-preview:-1"},"canonical":"https:\/\/leaderschool.pl\/krakow\/kursy\/","og_locale":"pl_PL","og_type":"article","og_title":"Kursy w Krakowie - Leader School","og_description":"Sprawd\u017a ofert\u0119 kurs\u00f3w j\u0119zykowych w Leader School Krak\u00f3w. Zobacz i wybierz kurs najlepszy dla siebie. \ud83d\udcde+ 12 658 61 15","og_url":"https:\/\/leaderschool.pl\/krakow\/kursy\/","og_site_name":"w Krakowie - Leader School","article_publisher":"https:\/\/www.facebook.com\/Leader.School.Krakow","article_modified_time":"2023-10-13T07:09:37+00:00","og_image":[{"width":512,"height":512,"url":"https:\/\/leaderschool.pl\/krakow\/wp-content\/uploads\/sites\/39\/2022\/06\/cropped-favicon-leader-school.png","type":"image\/png"}],"twitter_card":"summary_large_image","schema":{"@context":"https:\/\/schema.org","@graph":[{"@type":"WebSite","@id":"https:\/\/leaderschool.pl\/krakow\/#website","url":"https:\/\/leaderschool.pl\/krakow\/","name":"w Krakowie - Leader School","description":"","potentialAction":[{"@type":"SearchAction","target":{"@type":"EntryPoint","urlTemplate":"https:\/\/leaderschool.pl\/krakow\/?s={search_term_string}"},"query-input":"required name=search_term_string"}],"inLanguage":"pl-PL"},{"@type":"WebPage","@id":"https:\/\/leaderschool.pl\/krakow\/kursy\/#webpage","url":"https:\/\/leaderschool.pl\/krakow\/kursy\/","name":"Kursy w Krakowie - Leader School","isPartOf":{"@id":"https:\/\/leaderschool.pl\/krakow\/#website"},"datePublished":"2022-06-22T09:54:26+00:00","dateModified":"2023-10-13T07:09:37+00:00","description":"Sprawd\u017a ofert\u0119 kurs\u00f3w j\u0119zykowych w Leader School Krak\u00f3w. Zobacz i wybierz kurs najlepszy dla siebie. \ud83d\udcde+ 12 658 61 15","breadcrumb":{"@id":"https:\/\/leaderschool.pl\/krakow\/kursy\/#breadcrumb"},"inLanguage":"pl-PL","potentialAction":[{"@type":"ReadAction","target":["https:\/\/leaderschool.pl\/krakow\/kursy\/"]}]},{"@type":"BreadcrumbList","@id":"https:\/\/leaderschool.pl\/krakow\/kursy\/#breadcrumb","itemListElement":[{"@type":"ListItem","position":1,"name":"Home","item":"https:\/\/leaderschool.pl\/krakow\/"},{"@type":"ListItem","position":2,"name":"Kursy"}]}]}},"_links":{"self":[{"href":"https:\/\/leaderschool.pl\/krakow\/wp-json\/wp\/v2\/pages\/1176"}],"collection":[{"href":"https:\/\/leaderschool.pl\/krakow\/wp-json\/wp\/v2\/pages"}],"about":[{"href":"https:\/\/leaderschool.pl\/krakow\/wp-json\/wp\/v2\/types\/page"}],"author":[{"embeddable":true,"href":"https:\/\/leaderschool.pl\/krakow\/wp-json\/wp\/v2\/users\/1"}],"replies":[{"embeddable":true,"href":"https:\/\/leaderschool.pl\/krakow\/wp-json\/wp\/v2\/comments?post=1176"}],"version-history":[{"count":1,"href":"https:\/\/leaderschool.pl\/krakow\/wp-json\/wp\/v2\/pages\/1176\/revisions"}],"predecessor-version":[{"id":1177,"href":"https:\/\/leaderschool.pl\/krakow\/wp-json\/wp\/v2\/pages\/1176\/revisions\/1177"}],"wp:attachment":[{"href":"https:\/\/leaderschool.pl\/krakow\/wp-json\/wp\/v2\/media?parent=1176"}],"curies":[{"name":"wp","href":"https:\/\/api.w.org\/{rel}","templated":true}]}}