{"id":706,"date":"2022-05-30T13:49:36","date_gmt":"2022-05-30T11:49:36","guid":{"rendered":"http:\/\/leader-school.lan\/oddzial\/?page_id=706"},"modified":"2025-04-04T09:52:05","modified_gmt":"2025-04-04T07:52:05","slug":"leo-english","status":"publish","type":"page","link":"https:\/\/leaderschool.pl\/konin\/metody\/leo-english\/","title":{"rendered":"Leo English Angielski dla dzieci 3-11 lat"},"content":{"rendered":"","protected":false},"excerpt":{"rendered":"","protected":false},"author":1,"featured_media":0,"parent":596,"menu_order":0,"comment_status":"closed","ping_status":"closed","template":"page-templates\/methods-leo-english.php","meta":{"ngg_post_thumbnail":0},"acf":[],"yoast_head":"<!-- This site is optimized with the Yoast SEO plugin v18.9 - https:\/\/yoast.com\/wordpress\/plugins\/seo\/ -->\n<title>Leo English Angielski dla dzieci 3-11 lat Szko\u0142a j\u0119zykowa w Koninie - Leader School<\/title>\n<meta name=\"description\" content=\"Szukasz zaj\u0119\u0107 z j\u0119zyka angielskiego dla dzieci? Sprawd\u017a ofert\u0119 Leo English w Leader School Konin! \ud83d\udcde+48 500 867 807\" \/>\n<meta name=\"robots\" content=\"index, follow, max-snippet:-1, max-image-preview:large, max-video-preview:-1\" \/>\n<link rel=\"canonical\" href=\"https:\/\/leaderschool.pl\/konin\/metody\/leo-english\/\" \/>\n<meta property=\"og:locale\" content=\"pl_PL\" \/>\n<meta property=\"og:type\" content=\"article\" \/>\n<meta property=\"og:title\" content=\"Leo English Angielski dla dzieci 3-11 lat Szko\u0142a j\u0119zykowa w Koninie - Leader School\" \/>\n<meta property=\"og:description\" content=\"Szukasz zaj\u0119\u0107 z j\u0119zyka angielskiego dla dzieci? Sprawd\u017a ofert\u0119 Leo English w Leader School Konin! \ud83d\udcde+48 500 867 807\" \/>\n<meta property=\"og:url\" content=\"https:\/\/leaderschool.pl\/konin\/metody\/leo-english\/\" \/>\n<meta property=\"og:site_name\" content=\"Szko\u0142a j\u0119zykowa w Koninie - Leader School\" \/>\n<meta property=\"article:publisher\" content=\"https:\/\/www.facebook.com\/leaderschoolkonin\" \/>\n<meta property=\"article:modified_time\" content=\"2025-04-04T07:52:05+00:00\" \/>\n<meta property=\"og:image\" content=\"https:\/\/leaderschool.pl\/konin\/wp-content\/uploads\/sites\/38\/2022\/06\/cropped-favicon-leader-school.png\" \/>\n\t<meta property=\"og:image:width\" content=\"512\" \/>\n\t<meta property=\"og:image:height\" content=\"512\" \/>\n\t<meta property=\"og:image:type\" content=\"image\/png\" \/>\n<meta name=\"twitter:card\" content=\"summary_large_image\" \/>\n<script type=\"application\/ld+json\" class=\"yoast-schema-graph\">{\"@context\":\"https:\/\/schema.org\",\"@graph\":[{\"@type\":\"Organization\",\"@id\":\"https:\/\/leaderschool.pl\/konin\/#organization\",\"name\":\"Leader School Konin\",\"url\":\"https:\/\/leaderschool.pl\/konin\/\",\"sameAs\":[\"https:\/\/www.facebook.com\/leaderschoolkonin\"],\"logo\":{\"@type\":\"ImageObject\",\"inLanguage\":\"pl-PL\",\"@id\":\"https:\/\/leaderschool.pl\/konin\/#\/schema\/logo\/image\/\",\"url\":\"https:\/\/leaderschool.pl\/konin\/wp-content\/uploads\/sites\/38\/2022\/06\/favicon-leader-school.png\",\"contentUrl\":\"https:\/\/leaderschool.pl\/konin\/wp-content\/uploads\/sites\/38\/2022\/06\/favicon-leader-school.png\",\"width\":515,\"height\":515,\"caption\":\"Leader School Konin\"},\"image\":{\"@id\":\"https:\/\/leaderschool.pl\/konin\/#\/schema\/logo\/image\/\"}},{\"@type\":\"WebSite\",\"@id\":\"https:\/\/leaderschool.pl\/konin\/#website\",\"url\":\"https:\/\/leaderschool.pl\/konin\/\",\"name\":\"Szko\u0142a j\u0119zykowa w Koninie - Leader School\",\"description\":\"\",\"publisher\":{\"@id\":\"https:\/\/leaderschool.pl\/konin\/#organization\"},\"potentialAction\":[{\"@type\":\"SearchAction\",\"target\":{\"@type\":\"EntryPoint\",\"urlTemplate\":\"https:\/\/leaderschool.pl\/konin\/?s={search_term_string}\"},\"query-input\":\"required name=search_term_string\"}],\"inLanguage\":\"pl-PL\"},{\"@type\":\"WebPage\",\"@id\":\"https:\/\/leaderschool.pl\/konin\/metody\/leo-english\/#webpage\",\"url\":\"https:\/\/leaderschool.pl\/konin\/metody\/leo-english\/\",\"name\":\"Leo English Angielski dla dzieci 3-11 lat Szko\u0142a j\u0119zykowa w Koninie - Leader School\",\"isPartOf\":{\"@id\":\"https:\/\/leaderschool.pl\/konin\/#website\"},\"datePublished\":\"2022-05-30T11:49:36+00:00\",\"dateModified\":\"2025-04-04T07:52:05+00:00\",\"description\":\"Szukasz zaj\u0119\u0107 z j\u0119zyka angielskiego dla dzieci? Sprawd\u017a ofert\u0119 Leo English w Leader School Konin! \ud83d\udcde+48 500 867 807\",\"breadcrumb\":{\"@id\":\"https:\/\/leaderschool.pl\/konin\/metody\/leo-english\/#breadcrumb\"},\"inLanguage\":\"pl-PL\",\"potentialAction\":[{\"@type\":\"ReadAction\",\"target\":[\"https:\/\/leaderschool.pl\/konin\/metody\/leo-english\/\"]}]},{\"@type\":\"BreadcrumbList\",\"@id\":\"https:\/\/leaderschool.pl\/konin\/metody\/leo-english\/#breadcrumb\",\"itemListElement\":[{\"@type\":\"ListItem\",\"position\":1,\"name\":\"Home\",\"item\":\"https:\/\/leaderschool.pl\/konin\/\"},{\"@type\":\"ListItem\",\"position\":2,\"name\":\"Metody\",\"item\":\"https:\/\/leaderschool.pl\/konin\/metody\/\"},{\"@type\":\"ListItem\",\"position\":3,\"name\":\"Leo English Angielski dla dzieci 3-11 lat\"}]}]}<\/script>\n<!-- \/ Yoast SEO plugin. -->","yoast_head_json":{"title":"Leo English Angielski dla dzieci 3-11 lat Szko\u0142a j\u0119zykowa w Koninie - Leader School","description":"Szukasz zaj\u0119\u0107 z j\u0119zyka angielskiego dla dzieci? Sprawd\u017a ofert\u0119 Leo English w Leader School Konin! \ud83d\udcde+48 500 867 807","robots":{"index":"index","follow":"follow","max-snippet":"max-snippet:-1","max-image-preview":"max-image-preview:large","max-video-preview":"max-video-preview:-1"},"canonical":"https:\/\/leaderschool.pl\/konin\/metody\/leo-english\/","og_locale":"pl_PL","og_type":"article","og_title":"Leo English Angielski dla dzieci 3-11 lat Szko\u0142a j\u0119zykowa w Koninie - Leader School","og_description":"Szukasz zaj\u0119\u0107 z j\u0119zyka angielskiego dla dzieci? Sprawd\u017a ofert\u0119 Leo English w Leader School Konin! \ud83d\udcde+48 500 867 807","og_url":"https:\/\/leaderschool.pl\/konin\/metody\/leo-english\/","og_site_name":"Szko\u0142a j\u0119zykowa w Koninie - Leader School","article_publisher":"https:\/\/www.facebook.com\/leaderschoolkonin","article_modified_time":"2025-04-04T07:52:05+00:00","og_image":[{"width":512,"height":512,"url":"https:\/\/leaderschool.pl\/konin\/wp-content\/uploads\/sites\/38\/2022\/06\/cropped-favicon-leader-school.png","type":"image\/png"}],"twitter_card":"summary_large_image","schema":{"@context":"https:\/\/schema.org","@graph":[{"@type":"Organization","@id":"https:\/\/leaderschool.pl\/konin\/#organization","name":"Leader School Konin","url":"https:\/\/leaderschool.pl\/konin\/","sameAs":["https:\/\/www.facebook.com\/leaderschoolkonin"],"logo":{"@type":"ImageObject","inLanguage":"pl-PL","@id":"https:\/\/leaderschool.pl\/konin\/#\/schema\/logo\/image\/","url":"https:\/\/leaderschool.pl\/konin\/wp-content\/uploads\/sites\/38\/2022\/06\/favicon-leader-school.png","contentUrl":"https:\/\/leaderschool.pl\/konin\/wp-content\/uploads\/sites\/38\/2022\/06\/favicon-leader-school.png","width":515,"height":515,"caption":"Leader School Konin"},"image":{"@id":"https:\/\/leaderschool.pl\/konin\/#\/schema\/logo\/image\/"}},{"@type":"WebSite","@id":"https:\/\/leaderschool.pl\/konin\/#website","url":"https:\/\/leaderschool.pl\/konin\/","name":"Szko\u0142a j\u0119zykowa w Koninie - Leader School","description":"","publisher":{"@id":"https:\/\/leaderschool.pl\/konin\/#organization"},"potentialAction":[{"@type":"SearchAction","target":{"@type":"EntryPoint","urlTemplate":"https:\/\/leaderschool.pl\/konin\/?s={search_term_string}"},"query-input":"required name=search_term_string"}],"inLanguage":"pl-PL"},{"@type":"WebPage","@id":"https:\/\/leaderschool.pl\/konin\/metody\/leo-english\/#webpage","url":"https:\/\/leaderschool.pl\/konin\/metody\/leo-english\/","name":"Leo English Angielski dla dzieci 3-11 lat Szko\u0142a j\u0119zykowa w Koninie - Leader School","isPartOf":{"@id":"https:\/\/leaderschool.pl\/konin\/#website"},"datePublished":"2022-05-30T11:49:36+00:00","dateModified":"2025-04-04T07:52:05+00:00","description":"Szukasz zaj\u0119\u0107 z j\u0119zyka angielskiego dla dzieci? Sprawd\u017a ofert\u0119 Leo English w Leader School Konin! \ud83d\udcde+48 500 867 807","breadcrumb":{"@id":"https:\/\/leaderschool.pl\/konin\/metody\/leo-english\/#breadcrumb"},"inLanguage":"pl-PL","potentialAction":[{"@type":"ReadAction","target":["https:\/\/leaderschool.pl\/konin\/metody\/leo-english\/"]}]},{"@type":"BreadcrumbList","@id":"https:\/\/leaderschool.pl\/konin\/metody\/leo-english\/#breadcrumb","itemListElement":[{"@type":"ListItem","position":1,"name":"Home","item":"https:\/\/leaderschool.pl\/konin\/"},{"@type":"ListItem","position":2,"name":"Metody","item":"https:\/\/leaderschool.pl\/konin\/metody\/"},{"@type":"ListItem","position":3,"name":"Leo English Angielski dla dzieci 3-11 lat"}]}]}},"_links":{"self":[{"href":"https:\/\/leaderschool.pl\/konin\/wp-json\/wp\/v2\/pages\/706"}],"collection":[{"href":"https:\/\/leaderschool.pl\/konin\/wp-json\/wp\/v2\/pages"}],"about":[{"href":"https:\/\/leaderschool.pl\/konin\/wp-json\/wp\/v2\/types\/page"}],"author":[{"embeddable":true,"href":"https:\/\/leaderschool.pl\/konin\/wp-json\/wp\/v2\/users\/1"}],"replies":[{"embeddable":true,"href":"https:\/\/leaderschool.pl\/konin\/wp-json\/wp\/v2\/comments?post=706"}],"version-history":[{"count":33,"href":"https:\/\/leaderschool.pl\/konin\/wp-json\/wp\/v2\/pages\/706\/revisions"}],"predecessor-version":[{"id":2901,"href":"https:\/\/leaderschool.pl\/konin\/wp-json\/wp\/v2\/pages\/706\/revisions\/2901"}],"up":[{"embeddable":true,"href":"https:\/\/leaderschool.pl\/konin\/wp-json\/wp\/v2\/pages\/596"}],"wp:attachment":[{"href":"https:\/\/leaderschool.pl\/konin\/wp-json\/wp\/v2\/media?parent=706"}],"curies":[{"name":"wp","href":"https:\/\/api.w.org\/{rel}","templated":true}]}}