{"id":2860,"date":"2024-09-03T16:29:38","date_gmt":"2024-09-03T14:29:38","guid":{"rendered":"https:\/\/leaderschool.pl\/konin\/jak-wyglada-nasza-szkola\/"},"modified":"2024-09-03T16:29:38","modified_gmt":"2024-09-03T14:29:38","slug":"jak-wyglada-nasza-szkola","status":"publish","type":"page","link":"https:\/\/leaderschool.pl\/konin\/jak-wyglada-nasza-szkola\/","title":{"rendered":"Jak wygl\u0105da nasza szko\u0142a"},"content":{"rendered":"<!-- default-view.php -->\n<div\n\tclass=\"ngg-galleryoverview default-view \"\n\tid=\"ngg-gallery-2de01f5abe103e72f0aab1b968d72aac-1\">\n\n\t\t<!-- Thumbnails -->\n\t\t\t\t<div id=\"ngg-image-0\" class=\"ngg-gallery-thumbnail-box ngg-3-columns\" >\n\t\t\t\t        <div class=\"ngg-gallery-thumbnail\">\n            <a href=\"https:\/\/leaderschool.pl\/konin\/wp-content\/uploads\/sites\/38\/nggallery\/jak-wyglada-nasza-szkola\/4-1.jpg\"\n               title=\"\"\n               data-src=\"https:\/\/leaderschool.pl\/konin\/wp-content\/uploads\/sites\/38\/nggallery\/jak-wyglada-nasza-szkola\/4-1.jpg\"\n               data-thumbnail=\"https:\/\/leaderschool.pl\/konin\/wp-content\/uploads\/sites\/38\/nggallery\/jak-wyglada-nasza-szkola\/thumbs\/thumbs-4-1.jpg\"\n               data-image-id=\"14\"\n               data-title=\"4-1\"\n               data-description=\"\"\n               data-image-slug=\"4-1\"\n               class=\"ngg-simplelightbox\" rel=\"2de01f5abe103e72f0aab1b968d72aac\">\n                <img title=\"4-1\" alt=\"4-1\" src=\"data:image\/gif;base64,R0lGODlhAQABAAAAACH5BAEKAAEALAAAAAABAAEAAAICTAEAOw==\" width=\"360\" height=\"226\" style=\"max-width:100%;\" class=\"lazyload\" data-src=\"https:\/\/leaderschool.pl\/konin\/wp-content\/uploads\/sites\/38\/nggallery\/jak-wyglada-nasza-szkola\/cache\/4-1.jpg-nggid0214-ngg0dyn-360x226x100-00f0w010c011r110f110r010t010.jpg\">\n            <\/a>\n        <\/div>\n\t\t\t\t\t\t\t<\/div> \n\t\t\t\n\t\t\t\t<div id=\"ngg-image-1\" class=\"ngg-gallery-thumbnail-box ngg-3-columns\" >\n\t\t\t\t        <div class=\"ngg-gallery-thumbnail\">\n            <a href=\"https:\/\/leaderschool.pl\/konin\/wp-content\/uploads\/sites\/38\/nggallery\/jak-wyglada-nasza-szkola\/8.jpg\"\n               title=\"\"\n               data-src=\"https:\/\/leaderschool.pl\/konin\/wp-content\/uploads\/sites\/38\/nggallery\/jak-wyglada-nasza-szkola\/8.jpg\"\n               data-thumbnail=\"https:\/\/leaderschool.pl\/konin\/wp-content\/uploads\/sites\/38\/nggallery\/jak-wyglada-nasza-szkola\/thumbs\/thumbs-8.jpg\"\n               data-image-id=\"15\"\n               data-title=\"8\"\n               data-description=\"\"\n               data-image-slug=\"8\"\n               class=\"ngg-simplelightbox\" rel=\"2de01f5abe103e72f0aab1b968d72aac\">\n                <img title=\"8\" alt=\"8\" src=\"data:image\/gif;base64,R0lGODlhAQABAAAAACH5BAEKAAEALAAAAAABAAEAAAICTAEAOw==\" width=\"360\" height=\"226\" style=\"max-width:100%;\" class=\"lazyload\" data-src=\"https:\/\/leaderschool.pl\/konin\/wp-content\/uploads\/sites\/38\/nggallery\/jak-wyglada-nasza-szkola\/cache\/8.jpg-nggid0215-ngg0dyn-360x226x100-00f0w010c011r110f110r010t010.jpg\">\n            <\/a>\n        <\/div>\n\t\t\t\t\t\t\t<\/div> \n\t\t\t\n\t\t\t\t<div id=\"ngg-image-2\" class=\"ngg-gallery-thumbnail-box ngg-3-columns\" >\n\t\t\t\t        <div class=\"ngg-gallery-thumbnail\">\n            <a href=\"https:\/\/leaderschool.pl\/konin\/wp-content\/uploads\/sites\/38\/nggallery\/jak-wyglada-nasza-szkola\/27.jpg\"\n               title=\"\"\n               data-src=\"https:\/\/leaderschool.pl\/konin\/wp-content\/uploads\/sites\/38\/nggallery\/jak-wyglada-nasza-szkola\/27.jpg\"\n               data-thumbnail=\"https:\/\/leaderschool.pl\/konin\/wp-content\/uploads\/sites\/38\/nggallery\/jak-wyglada-nasza-szkola\/thumbs\/thumbs-27.jpg\"\n               data-image-id=\"16\"\n               data-title=\"27\"\n               data-description=\"\"\n               data-image-slug=\"27\"\n               class=\"ngg-simplelightbox\" rel=\"2de01f5abe103e72f0aab1b968d72aac\">\n                <img title=\"27\" alt=\"27\" src=\"data:image\/gif;base64,R0lGODlhAQABAAAAACH5BAEKAAEALAAAAAABAAEAAAICTAEAOw==\" width=\"360\" height=\"226\" style=\"max-width:100%;\" class=\"lazyload\" data-src=\"https:\/\/leaderschool.pl\/konin\/wp-content\/uploads\/sites\/38\/nggallery\/jak-wyglada-nasza-szkola\/cache\/27.jpg-nggid0216-ngg0dyn-360x226x100-00f0w010c011r110f110r010t010.jpg\">\n            <\/a>\n        <\/div>\n\t\t\t\t\t\t\t<\/div> \n\t\t\t\n\t\t\t\t<div id=\"ngg-image-3\" class=\"ngg-gallery-thumbnail-box ngg-3-columns\" >\n\t\t\t\t        <div class=\"ngg-gallery-thumbnail\">\n            <a href=\"https:\/\/leaderschool.pl\/konin\/wp-content\/uploads\/sites\/38\/nggallery\/jak-wyglada-nasza-szkola\/20230809_185128.jpg\"\n               title=\"\"\n               data-src=\"https:\/\/leaderschool.pl\/konin\/wp-content\/uploads\/sites\/38\/nggallery\/jak-wyglada-nasza-szkola\/20230809_185128.jpg\"\n               data-thumbnail=\"https:\/\/leaderschool.pl\/konin\/wp-content\/uploads\/sites\/38\/nggallery\/jak-wyglada-nasza-szkola\/thumbs\/thumbs-20230809_185128.jpg\"\n               data-image-id=\"17\"\n               data-title=\"20230809_185128\"\n               data-description=\"\"\n               data-image-slug=\"20230809_185128\"\n               class=\"ngg-simplelightbox\" rel=\"2de01f5abe103e72f0aab1b968d72aac\">\n                <img title=\"20230809_185128\" alt=\"20230809_185128\" src=\"data:image\/gif;base64,R0lGODlhAQABAAAAACH5BAEKAAEALAAAAAABAAEAAAICTAEAOw==\" width=\"360\" height=\"226\" style=\"max-width:100%;\" class=\"lazyload\" data-src=\"https:\/\/leaderschool.pl\/konin\/wp-content\/uploads\/sites\/38\/nggallery\/jak-wyglada-nasza-szkola\/cache\/20230809_185128.jpg-nggid0217-ngg0dyn-360x226x100-00f0w010c011r110f110r010t010.jpg\">\n            <\/a>\n        <\/div>\n\t\t\t\t\t\t\t<\/div> \n\t\t\t\n\t\t\t\t<div id=\"ngg-image-4\" class=\"ngg-gallery-thumbnail-box ngg-3-columns\" >\n\t\t\t\t        <div class=\"ngg-gallery-thumbnail\">\n            <a href=\"https:\/\/leaderschool.pl\/konin\/wp-content\/uploads\/sites\/38\/nggallery\/jak-wyglada-nasza-szkola\/20221024_171814.jpg\"\n               title=\"\"\n               data-src=\"https:\/\/leaderschool.pl\/konin\/wp-content\/uploads\/sites\/38\/nggallery\/jak-wyglada-nasza-szkola\/20221024_171814.jpg\"\n               data-thumbnail=\"https:\/\/leaderschool.pl\/konin\/wp-content\/uploads\/sites\/38\/nggallery\/jak-wyglada-nasza-szkola\/thumbs\/thumbs-20221024_171814.jpg\"\n               data-image-id=\"18\"\n               data-title=\"20221024_171814\"\n               data-description=\"\"\n               data-image-slug=\"20221024_171814\"\n               class=\"ngg-simplelightbox\" rel=\"2de01f5abe103e72f0aab1b968d72aac\">\n                <img title=\"20221024_171814\" alt=\"20221024_171814\" src=\"data:image\/gif;base64,R0lGODlhAQABAAAAACH5BAEKAAEALAAAAAABAAEAAAICTAEAOw==\" width=\"360\" height=\"226\" style=\"max-width:100%;\" class=\"lazyload\" data-src=\"https:\/\/leaderschool.pl\/konin\/wp-content\/uploads\/sites\/38\/nggallery\/jak-wyglada-nasza-szkola\/cache\/20221024_171814.jpg-nggid0218-ngg0dyn-360x226x100-00f0w010c011r110f110r010t010.jpg\">\n            <\/a>\n        <\/div>\n\t\t\t\t\t\t\t<\/div> \n\t\t\t\n\t\n\t<br style=\"clear: both\" \/>\n\n\t\n\t\t<!-- Pagination -->\n\t<div class='ngg-clear'><\/div>\t<\/div>\n\n","protected":false},"excerpt":{"rendered":"","protected":false},"author":22,"featured_media":0,"parent":0,"menu_order":0,"comment_status":"closed","ping_status":"closed","template":"","meta":{"ngg_post_thumbnail":0},"acf":[],"yoast_head":"<!-- This site is optimized with the Yoast SEO plugin v18.9 - https:\/\/yoast.com\/wordpress\/plugins\/seo\/ -->\n<title>Jak wygl\u0105da nasza szko\u0142a Szko\u0142a j\u0119zykowa w Koninie - Leader School<\/title>\n<meta name=\"robots\" content=\"index, follow, max-snippet:-1, max-image-preview:large, max-video-preview:-1\" \/>\n<link rel=\"canonical\" href=\"https:\/\/leaderschool.pl\/konin\/jak-wyglada-nasza-szkola\/\" \/>\n<meta property=\"og:locale\" content=\"pl_PL\" \/>\n<meta property=\"og:type\" content=\"article\" \/>\n<meta property=\"og:title\" content=\"Jak wygl\u0105da nasza szko\u0142a Szko\u0142a j\u0119zykowa w Koninie - Leader School\" \/>\n<meta property=\"og:url\" content=\"https:\/\/leaderschool.pl\/konin\/jak-wyglada-nasza-szkola\/\" \/>\n<meta property=\"og:site_name\" content=\"Szko\u0142a j\u0119zykowa w Koninie - Leader School\" \/>\n<meta property=\"article:publisher\" content=\"https:\/\/www.facebook.com\/leaderschoolkonin\" \/>\n<meta property=\"og:image\" content=\"https:\/\/leaderschool.pl\/konin\/wp-content\/uploads\/sites\/38\/2022\/06\/cropped-favicon-leader-school.png\" \/>\n\t<meta property=\"og:image:width\" content=\"512\" \/>\n\t<meta property=\"og:image:height\" content=\"512\" \/>\n\t<meta property=\"og:image:type\" content=\"image\/png\" \/>\n<meta name=\"twitter:card\" content=\"summary_large_image\" \/>\n<script type=\"application\/ld+json\" class=\"yoast-schema-graph\">{\"@context\":\"https:\/\/schema.org\",\"@graph\":[{\"@type\":\"Organization\",\"@id\":\"https:\/\/leaderschool.pl\/konin\/#organization\",\"name\":\"Leader School Konin\",\"url\":\"https:\/\/leaderschool.pl\/konin\/\",\"sameAs\":[\"https:\/\/www.facebook.com\/leaderschoolkonin\"],\"logo\":{\"@type\":\"ImageObject\",\"inLanguage\":\"pl-PL\",\"@id\":\"https:\/\/leaderschool.pl\/konin\/#\/schema\/logo\/image\/\",\"url\":\"https:\/\/leaderschool.pl\/konin\/wp-content\/uploads\/sites\/38\/2022\/06\/favicon-leader-school.png\",\"contentUrl\":\"https:\/\/leaderschool.pl\/konin\/wp-content\/uploads\/sites\/38\/2022\/06\/favicon-leader-school.png\",\"width\":515,\"height\":515,\"caption\":\"Leader School Konin\"},\"image\":{\"@id\":\"https:\/\/leaderschool.pl\/konin\/#\/schema\/logo\/image\/\"}},{\"@type\":\"WebSite\",\"@id\":\"https:\/\/leaderschool.pl\/konin\/#website\",\"url\":\"https:\/\/leaderschool.pl\/konin\/\",\"name\":\"Szko\u0142a j\u0119zykowa w Koninie - Leader School\",\"description\":\"\",\"publisher\":{\"@id\":\"https:\/\/leaderschool.pl\/konin\/#organization\"},\"potentialAction\":[{\"@type\":\"SearchAction\",\"target\":{\"@type\":\"EntryPoint\",\"urlTemplate\":\"https:\/\/leaderschool.pl\/konin\/?s={search_term_string}\"},\"query-input\":\"required name=search_term_string\"}],\"inLanguage\":\"pl-PL\"},{\"@type\":\"WebPage\",\"@id\":\"https:\/\/leaderschool.pl\/konin\/jak-wyglada-nasza-szkola\/#webpage\",\"url\":\"https:\/\/leaderschool.pl\/konin\/jak-wyglada-nasza-szkola\/\",\"name\":\"Jak wygl\u0105da nasza szko\u0142a Szko\u0142a j\u0119zykowa w Koninie - Leader School\",\"isPartOf\":{\"@id\":\"https:\/\/leaderschool.pl\/konin\/#website\"},\"datePublished\":\"2024-09-03T14:29:38+00:00\",\"dateModified\":\"2024-09-03T14:29:38+00:00\",\"breadcrumb\":{\"@id\":\"https:\/\/leaderschool.pl\/konin\/jak-wyglada-nasza-szkola\/#breadcrumb\"},\"inLanguage\":\"pl-PL\",\"potentialAction\":[{\"@type\":\"ReadAction\",\"target\":[\"https:\/\/leaderschool.pl\/konin\/jak-wyglada-nasza-szkola\/\"]}]},{\"@type\":\"BreadcrumbList\",\"@id\":\"https:\/\/leaderschool.pl\/konin\/jak-wyglada-nasza-szkola\/#breadcrumb\",\"itemListElement\":[{\"@type\":\"ListItem\",\"position\":1,\"name\":\"Home\",\"item\":\"https:\/\/leaderschool.pl\/konin\/\"},{\"@type\":\"ListItem\",\"position\":2,\"name\":\"Jak wygl\u0105da nasza szko\u0142a\"}]}]}<\/script>\n<!-- \/ Yoast SEO plugin. -->","yoast_head_json":{"title":"Jak wygl\u0105da nasza szko\u0142a Szko\u0142a j\u0119zykowa w Koninie - Leader School","robots":{"index":"index","follow":"follow","max-snippet":"max-snippet:-1","max-image-preview":"max-image-preview:large","max-video-preview":"max-video-preview:-1"},"canonical":"https:\/\/leaderschool.pl\/konin\/jak-wyglada-nasza-szkola\/","og_locale":"pl_PL","og_type":"article","og_title":"Jak wygl\u0105da nasza szko\u0142a Szko\u0142a j\u0119zykowa w Koninie - Leader School","og_url":"https:\/\/leaderschool.pl\/konin\/jak-wyglada-nasza-szkola\/","og_site_name":"Szko\u0142a j\u0119zykowa w Koninie - Leader School","article_publisher":"https:\/\/www.facebook.com\/leaderschoolkonin","og_image":[{"width":512,"height":512,"url":"https:\/\/leaderschool.pl\/konin\/wp-content\/uploads\/sites\/38\/2022\/06\/cropped-favicon-leader-school.png","type":"image\/png"}],"twitter_card":"summary_large_image","schema":{"@context":"https:\/\/schema.org","@graph":[{"@type":"Organization","@id":"https:\/\/leaderschool.pl\/konin\/#organization","name":"Leader School Konin","url":"https:\/\/leaderschool.pl\/konin\/","sameAs":["https:\/\/www.facebook.com\/leaderschoolkonin"],"logo":{"@type":"ImageObject","inLanguage":"pl-PL","@id":"https:\/\/leaderschool.pl\/konin\/#\/schema\/logo\/image\/","url":"https:\/\/leaderschool.pl\/konin\/wp-content\/uploads\/sites\/38\/2022\/06\/favicon-leader-school.png","contentUrl":"https:\/\/leaderschool.pl\/konin\/wp-content\/uploads\/sites\/38\/2022\/06\/favicon-leader-school.png","width":515,"height":515,"caption":"Leader School Konin"},"image":{"@id":"https:\/\/leaderschool.pl\/konin\/#\/schema\/logo\/image\/"}},{"@type":"WebSite","@id":"https:\/\/leaderschool.pl\/konin\/#website","url":"https:\/\/leaderschool.pl\/konin\/","name":"Szko\u0142a j\u0119zykowa w Koninie - Leader School","description":"","publisher":{"@id":"https:\/\/leaderschool.pl\/konin\/#organization"},"potentialAction":[{"@type":"SearchAction","target":{"@type":"EntryPoint","urlTemplate":"https:\/\/leaderschool.pl\/konin\/?s={search_term_string}"},"query-input":"required name=search_term_string"}],"inLanguage":"pl-PL"},{"@type":"WebPage","@id":"https:\/\/leaderschool.pl\/konin\/jak-wyglada-nasza-szkola\/#webpage","url":"https:\/\/leaderschool.pl\/konin\/jak-wyglada-nasza-szkola\/","name":"Jak wygl\u0105da nasza szko\u0142a Szko\u0142a j\u0119zykowa w Koninie - Leader School","isPartOf":{"@id":"https:\/\/leaderschool.pl\/konin\/#website"},"datePublished":"2024-09-03T14:29:38+00:00","dateModified":"2024-09-03T14:29:38+00:00","breadcrumb":{"@id":"https:\/\/leaderschool.pl\/konin\/jak-wyglada-nasza-szkola\/#breadcrumb"},"inLanguage":"pl-PL","potentialAction":[{"@type":"ReadAction","target":["https:\/\/leaderschool.pl\/konin\/jak-wyglada-nasza-szkola\/"]}]},{"@type":"BreadcrumbList","@id":"https:\/\/leaderschool.pl\/konin\/jak-wyglada-nasza-szkola\/#breadcrumb","itemListElement":[{"@type":"ListItem","position":1,"name":"Home","item":"https:\/\/leaderschool.pl\/konin\/"},{"@type":"ListItem","position":2,"name":"Jak wygl\u0105da nasza szko\u0142a"}]}]}},"_links":{"self":[{"href":"https:\/\/leaderschool.pl\/konin\/wp-json\/wp\/v2\/pages\/2860"}],"collection":[{"href":"https:\/\/leaderschool.pl\/konin\/wp-json\/wp\/v2\/pages"}],"about":[{"href":"https:\/\/leaderschool.pl\/konin\/wp-json\/wp\/v2\/types\/page"}],"author":[{"embeddable":true,"href":"https:\/\/leaderschool.pl\/konin\/wp-json\/wp\/v2\/users\/22"}],"replies":[{"embeddable":true,"href":"https:\/\/leaderschool.pl\/konin\/wp-json\/wp\/v2\/comments?post=2860"}],"version-history":[{"count":0,"href":"https:\/\/leaderschool.pl\/konin\/wp-json\/wp\/v2\/pages\/2860\/revisions"}],"wp:attachment":[{"href":"https:\/\/leaderschool.pl\/konin\/wp-json\/wp\/v2\/media?parent=2860"}],"curies":[{"name":"wp","href":"https:\/\/api.w.org\/{rel}","templated":true}]}}