{"id":2620,"date":"2022-07-24T12:33:11","date_gmt":"2022-07-24T10:33:11","guid":{"rendered":"https:\/\/leaderschool.sellision.dev\/konin\/?page_id=2620"},"modified":"2025-04-04T10:02:27","modified_gmt":"2025-04-04T08:02:27","slug":"wynajem-sal-szkoleniowych","status":"publish","type":"page","link":"https:\/\/leaderschool.pl\/konin\/wynajem-sal-szkoleniowych\/","title":{"rendered":"Wynajem sal szkoleniowych Konin"},"content":{"rendered":"\n<p>Szukasz miejsca, w kt\u00f3rym zorganizujesz szkolenie, prelekcj\u0119 czy inne spotkanie? Potrzebujesz sali z dost\u0119pem do internetu oraz wyposa\u017conej w niezb\u0119dne akcesoria i narz\u0119dzia multimedialne? Zale\u017cy Ci na kompleksowej obs\u0142udze uczestnik\u00f3w i pomocy w przygotowaniu materia\u0142\u00f3w szkoleniowych? \u015awietnie trafi\u0142e\u015b! Oferujemy&nbsp;<strong>wynajem sal szkoleniowych<\/strong>&nbsp;w naszej szkole Leader School w Koninie. Sprawd\u017a, dlaczego warto skorzysta\u0107!<\/p>\n\n\n\n<h2>Sale szkoleniowe w Koninie \u2013 idealne miejsce dla wymagaj\u0105cych<\/h2>\n\n\n\n<p>Organizacja szkole\u0144, kurs\u00f3w, spotka\u0144 rekrutacyjnych czy konferencji to nie lada wyzwanie \u2013 przede wszystkim trzeba zadba\u0107 o odpowiednie miejsce. Zapraszamy do nas! Zapewniamy do wyboru 7 sal, kt\u00f3re pomieszcz\u0105 do kilkudziesi\u0119ciu os\u00f3b. Wszystkie s\u0105 zaopatrzone w:<\/p>\n\n\n\n<ul><li>wygodne krzes\u0142a z \u0142awkami, aby uczestnicy mieli zagwarantowan\u0105 ergonomi\u0119 i komfort robienia notatek,<\/li><li>odtwarzacze CD,<\/li><li>tablice sucho\u015bcieralne,<\/li><li>nowoczesny sprz\u0119t multimedialny.<\/li><\/ul>\n\n\n\n<h3>Kompleksowa obs\u0142uga Twojego spotkania<\/h3>\n\n\n\n<p>Planujesz d\u0142u\u017csze spotkanie? Z ch\u0119ci\u0105 zajmiemy si\u0119 organizacj\u0105 przerw na kaw\u0119 czy lunch \u2013 zadbamy o Twoich go\u015bci. Pomagamy tak\u017ce w przygotowaniu materia\u0142\u00f3w szkoleniowych. Niezale\u017cnie od tego, czy potrzebna Ci&nbsp;<strong>sala szkoleniowa na godziny<\/strong>, kilka dni czy d\u0142u\u017cej \u2013 z pewno\u015bci\u0105 znajdziesz u nas satysfakcjonuj\u0105ce rozwi\u0105zanie! Jeste\u015bmy elastyczni i dostosowujemy swoj\u0105 ofert\u0119 do indywidualnego zapotrzebowania ka\u017cdego z klient\u00f3w. Zapraszamy do um\u00f3wienia si\u0119 na spotkanie i obejrzenia dost\u0119pnych sal. Oprowadzimy Ci\u0119 po naszej plac\u00f3wce i pomo\u017cemy wybra\u0107 najlepsz\u0105 sal\u0119, w kt\u00f3rej Twoje spotkanie odb\u0119dzie si\u0119 w komfortowej i przyjemnej atmosferze.<br><br>Atutem oferty jest r\u00f3wnie\u017c nasza lokalizacja. Sale mieszcz\u0105 si\u0119 w budynku przy ul. Wojska Polskiego 37, z dost\u0119pem do du\u017cego, bezp\u0142atnego parkingu, mi\u0119dzy starym a nowym Koninem. W odleg\u0142o\u015bci 100 m od przystanku MZK, ok. 1000 m od dworca PKP i PKS.<\/p>\n\n\n\n<p><strong>Sale mieszcz\u0105 si\u0119 w budynku przy ul. Wojska Polskiego 37, z dost\u0119pem do du\u017cego, bezp\u0142atnego parkingu, mi\u0119dzy starym a nowym Koninem. W odleg\u0142o\u015bci 100 m od przystanku MZK, ok. 800 m od dworca PKS oraz 1000 m od dworca PKP.<\/strong><\/p>\n\n\n\n<figure class=\"wp-block-image size-full\"><img loading=\"lazy\" width=\"651\" height=\"560\" src=\"data:image\/gif;base64,R0lGODlhAQABAAAAACH5BAEKAAEALAAAAAABAAEAAAICTAEAOw==\" alt=\"\" class=\"wp-image-2621 lazyload\" sizes=\"(max-width: 651px) 100vw, 651px\" data-src=\"https:\/\/leaderschool.sellision.dev\/konin\/wp-content\/uploads\/sites\/38\/2022\/07\/Szyld-wejs\u0301cie.jpeg\" data-srcset=\"https:\/\/leaderschool.pl\/konin\/wp-content\/uploads\/sites\/38\/2022\/07\/Szyld-wejs\u0301cie.jpeg 651w, https:\/\/leaderschool.pl\/konin\/wp-content\/uploads\/sites\/38\/2022\/07\/Szyld-wejs\u0301cie-300x258.jpeg 300w\"><figcaption>Wej\u015bcie do szko\u0142y<\/figcaption><\/figure>\n\n\n\n<figure class=\"wp-block-image size-full\"><img loading=\"lazy\" width=\"1024\" height=\"768\" src=\"data:image\/gif;base64,R0lGODlhAQABAAAAACH5BAEKAAEALAAAAAABAAEAAAICTAEAOw==\" alt=\"\" class=\"wp-image-2622 lazyload\" sizes=\"(max-width: 1024px) 100vw, 1024px\" data-src=\"https:\/\/leaderschool.sellision.dev\/konin\/wp-content\/uploads\/sites\/38\/2022\/07\/3.jpeg\" data-srcset=\"https:\/\/leaderschool.pl\/konin\/wp-content\/uploads\/sites\/38\/2022\/07\/3.jpeg 1024w, https:\/\/leaderschool.pl\/konin\/wp-content\/uploads\/sites\/38\/2022\/07\/3-300x225.jpeg 300w, https:\/\/leaderschool.pl\/konin\/wp-content\/uploads\/sites\/38\/2022\/07\/3-768x576.jpeg 768w\"><figcaption>Leader School Konin Sala 1<\/figcaption><\/figure>\n\n\n\n<figure class=\"wp-block-image size-large\"><img loading=\"lazy\" width=\"1024\" height=\"768\" src=\"data:image\/gif;base64,R0lGODlhAQABAAAAACH5BAEKAAEALAAAAAABAAEAAAICTAEAOw==\" alt=\"\" class=\"wp-image-2623 lazyload\" sizes=\"(max-width: 1024px) 100vw, 1024px\" data-src=\"https:\/\/leaderschool.sellision.dev\/konin\/wp-content\/uploads\/sites\/38\/2022\/07\/DSC08213-1024x768.jpeg\" data-srcset=\"https:\/\/leaderschool.pl\/konin\/wp-content\/uploads\/sites\/38\/2022\/07\/DSC08213-1024x768.jpeg 1024w, https:\/\/leaderschool.pl\/konin\/wp-content\/uploads\/sites\/38\/2022\/07\/DSC08213-300x225.jpeg 300w, https:\/\/leaderschool.pl\/konin\/wp-content\/uploads\/sites\/38\/2022\/07\/DSC08213-768x576.jpeg 768w, https:\/\/leaderschool.pl\/konin\/wp-content\/uploads\/sites\/38\/2022\/07\/DSC08213-1536x1152.jpeg 1536w, https:\/\/leaderschool.pl\/konin\/wp-content\/uploads\/sites\/38\/2022\/07\/DSC08213-2048x1536.jpeg 2048w\"><figcaption>Leader School Konin sala 2<\/figcaption><\/figure>\n\n\n\n<figure class=\"wp-block-image size-full\"><img loading=\"lazy\" width=\"512\" height=\"384\" src=\"data:image\/gif;base64,R0lGODlhAQABAAAAACH5BAEKAAEALAAAAAABAAEAAAICTAEAOw==\" alt=\"\" class=\"wp-image-2624 lazyload\" sizes=\"(max-width: 512px) 100vw, 512px\" data-src=\"https:\/\/leaderschool.sellision.dev\/konin\/wp-content\/uploads\/sites\/38\/2022\/07\/sala5.jpeg\" data-srcset=\"https:\/\/leaderschool.pl\/konin\/wp-content\/uploads\/sites\/38\/2022\/07\/sala5.jpeg 512w, https:\/\/leaderschool.pl\/konin\/wp-content\/uploads\/sites\/38\/2022\/07\/sala5-300x225.jpeg 300w\"><figcaption>Leader School Konin sala 3<\/figcaption><\/figure>\n\n\n\n<figure class=\"wp-block-image size-large\"><img loading=\"lazy\" width=\"1024\" height=\"768\" src=\"data:image\/gif;base64,R0lGODlhAQABAAAAACH5BAEKAAEALAAAAAABAAEAAAICTAEAOw==\" alt=\"\" class=\"wp-image-2625 lazyload\" sizes=\"(max-width: 1024px) 100vw, 1024px\" data-src=\"https:\/\/leaderschool.sellision.dev\/konin\/wp-content\/uploads\/sites\/38\/2022\/07\/1-1024x768.jpeg\" data-srcset=\"https:\/\/leaderschool.pl\/konin\/wp-content\/uploads\/sites\/38\/2022\/07\/1-1024x768.jpeg 1024w, https:\/\/leaderschool.pl\/konin\/wp-content\/uploads\/sites\/38\/2022\/07\/1-300x225.jpeg 300w, https:\/\/leaderschool.pl\/konin\/wp-content\/uploads\/sites\/38\/2022\/07\/1-768x576.jpeg 768w, https:\/\/leaderschool.pl\/konin\/wp-content\/uploads\/sites\/38\/2022\/07\/1-1536x1152.jpeg 1536w, https:\/\/leaderschool.pl\/konin\/wp-content\/uploads\/sites\/38\/2022\/07\/1.jpeg 2048w\"><figcaption>Leader School Konin sala 4 <\/figcaption><\/figure>\n\n\n\n<figure class=\"wp-block-image size-large\"><img loading=\"lazy\" width=\"1024\" height=\"768\" src=\"data:image\/gif;base64,R0lGODlhAQABAAAAACH5BAEKAAEALAAAAAABAAEAAAICTAEAOw==\" alt=\"\" class=\"wp-image-2626 lazyload\" sizes=\"(max-width: 1024px) 100vw, 1024px\" data-src=\"https:\/\/leaderschool.sellision.dev\/konin\/wp-content\/uploads\/sites\/38\/2022\/07\/sala2-1024x768.jpeg\" data-srcset=\"https:\/\/leaderschool.pl\/konin\/wp-content\/uploads\/sites\/38\/2022\/07\/sala2-1024x768.jpeg 1024w, https:\/\/leaderschool.pl\/konin\/wp-content\/uploads\/sites\/38\/2022\/07\/sala2-300x225.jpeg 300w, https:\/\/leaderschool.pl\/konin\/wp-content\/uploads\/sites\/38\/2022\/07\/sala2-768x576.jpeg 768w, https:\/\/leaderschool.pl\/konin\/wp-content\/uploads\/sites\/38\/2022\/07\/sala2-1536x1152.jpeg 1536w, https:\/\/leaderschool.pl\/konin\/wp-content\/uploads\/sites\/38\/2022\/07\/sala2-2048x1536.jpeg 2048w\"><figcaption>Leader School Konin sala 5<\/figcaption><\/figure>\n","protected":false},"excerpt":{"rendered":"<p>Szukasz miejsca, w kt\u00f3rym zorganizujesz szkolenie, prelekcj\u0119 czy inne spotkanie? Potrzebujesz sali z dost\u0119pem do internetu oraz wyposa\u017conej w niezb\u0119dne akcesoria i narz\u0119dzia multimedialne? Zale\u017cy Ci na kompleksowej obs\u0142udze uczestnik\u00f3w i pomocy w przygotowaniu materia\u0142\u00f3w szkoleniowych? \u015awietnie trafi\u0142e\u015b! Oferujemy&nbsp;wynajem sal szkoleniowych&nbsp;w naszej szkole Leader School w Koninie. Sprawd\u017a, dlaczego warto skorzysta\u0107! Sale szkoleniowe w Koninie [&hellip;]<\/p>\n","protected":false},"author":3,"featured_media":0,"parent":0,"menu_order":0,"comment_status":"closed","ping_status":"closed","template":"","meta":{"ngg_post_thumbnail":0},"acf":[],"yoast_head":"<!-- This site is optimized with the Yoast SEO plugin v18.9 - https:\/\/yoast.com\/wordpress\/plugins\/seo\/ -->\n<title>Wynajem sal szkoleniowych Konin Szko\u0142a j\u0119zykowa w Koninie - Leader School<\/title>\n<meta name=\"description\" content=\"Potrzebujesz sali szkoleniowej do wynaj\u0119cia? Zg\u0142o\u015b si\u0119 do Leader School Konin - pomo\u017cemy Ci i wynajmiemy odpowiedni\u0105 sal\u0119. \ud83d\udcde+48 500 867 807\" \/>\n<meta name=\"robots\" content=\"index, follow, max-snippet:-1, max-image-preview:large, max-video-preview:-1\" \/>\n<link rel=\"canonical\" href=\"https:\/\/leaderschool.pl\/konin\/wynajem-sal-szkoleniowych\/\" \/>\n<meta property=\"og:locale\" content=\"pl_PL\" \/>\n<meta property=\"og:type\" content=\"article\" \/>\n<meta property=\"og:title\" content=\"Wynajem sal szkoleniowych Konin Szko\u0142a j\u0119zykowa w Koninie - Leader School\" \/>\n<meta property=\"og:description\" content=\"Potrzebujesz sali szkoleniowej do wynaj\u0119cia? Zg\u0142o\u015b si\u0119 do Leader School Konin - pomo\u017cemy Ci i wynajmiemy odpowiedni\u0105 sal\u0119. \ud83d\udcde+48 500 867 807\" \/>\n<meta property=\"og:url\" content=\"https:\/\/leaderschool.pl\/konin\/wynajem-sal-szkoleniowych\/\" \/>\n<meta property=\"og:site_name\" content=\"Szko\u0142a j\u0119zykowa w Koninie - Leader School\" \/>\n<meta property=\"article:publisher\" content=\"https:\/\/www.facebook.com\/leaderschoolkonin\" \/>\n<meta property=\"article:modified_time\" content=\"2025-04-04T08:02:27+00:00\" \/>\n<meta property=\"og:image\" content=\"https:\/\/leaderschool.sellision.dev\/konin\/wp-content\/uploads\/sites\/38\/2022\/07\/3.jpeg\" \/>\n<meta name=\"twitter:card\" content=\"summary_large_image\" \/>\n<meta name=\"twitter:label1\" content=\"Szacowany czas czytania\" \/>\n\t<meta name=\"twitter:data1\" content=\"4 minuty\" \/>\n<script type=\"application\/ld+json\" class=\"yoast-schema-graph\">{\"@context\":\"https:\/\/schema.org\",\"@graph\":[{\"@type\":\"Organization\",\"@id\":\"https:\/\/leaderschool.pl\/konin\/#organization\",\"name\":\"Leader School Konin\",\"url\":\"https:\/\/leaderschool.pl\/konin\/\",\"sameAs\":[\"https:\/\/www.facebook.com\/leaderschoolkonin\"],\"logo\":{\"@type\":\"ImageObject\",\"inLanguage\":\"pl-PL\",\"@id\":\"https:\/\/leaderschool.pl\/konin\/#\/schema\/logo\/image\/\",\"url\":\"https:\/\/leaderschool.pl\/konin\/wp-content\/uploads\/sites\/38\/2022\/06\/favicon-leader-school.png\",\"contentUrl\":\"https:\/\/leaderschool.pl\/konin\/wp-content\/uploads\/sites\/38\/2022\/06\/favicon-leader-school.png\",\"width\":515,\"height\":515,\"caption\":\"Leader School Konin\"},\"image\":{\"@id\":\"https:\/\/leaderschool.pl\/konin\/#\/schema\/logo\/image\/\"}},{\"@type\":\"WebSite\",\"@id\":\"https:\/\/leaderschool.pl\/konin\/#website\",\"url\":\"https:\/\/leaderschool.pl\/konin\/\",\"name\":\"Szko\u0142a j\u0119zykowa w Koninie - Leader School\",\"description\":\"\",\"publisher\":{\"@id\":\"https:\/\/leaderschool.pl\/konin\/#organization\"},\"potentialAction\":[{\"@type\":\"SearchAction\",\"target\":{\"@type\":\"EntryPoint\",\"urlTemplate\":\"https:\/\/leaderschool.pl\/konin\/?s={search_term_string}\"},\"query-input\":\"required name=search_term_string\"}],\"inLanguage\":\"pl-PL\"},{\"@type\":\"ImageObject\",\"inLanguage\":\"pl-PL\",\"@id\":\"https:\/\/leaderschool.pl\/konin\/wynajem-sal-szkoleniowych\/#primaryimage\",\"url\":\"https:\/\/leaderschool.sellision.dev\/konin\/wp-content\/uploads\/sites\/38\/2022\/07\/3.jpeg\",\"contentUrl\":\"https:\/\/leaderschool.sellision.dev\/konin\/wp-content\/uploads\/sites\/38\/2022\/07\/3.jpeg\"},{\"@type\":\"WebPage\",\"@id\":\"https:\/\/leaderschool.pl\/konin\/wynajem-sal-szkoleniowych\/#webpage\",\"url\":\"https:\/\/leaderschool.pl\/konin\/wynajem-sal-szkoleniowych\/\",\"name\":\"Wynajem sal szkoleniowych Konin Szko\u0142a j\u0119zykowa w Koninie - Leader School\",\"isPartOf\":{\"@id\":\"https:\/\/leaderschool.pl\/konin\/#website\"},\"primaryImageOfPage\":{\"@id\":\"https:\/\/leaderschool.pl\/konin\/wynajem-sal-szkoleniowych\/#primaryimage\"},\"datePublished\":\"2022-07-24T10:33:11+00:00\",\"dateModified\":\"2025-04-04T08:02:27+00:00\",\"description\":\"Potrzebujesz sali szkoleniowej do wynaj\u0119cia? Zg\u0142o\u015b si\u0119 do Leader School Konin - pomo\u017cemy Ci i wynajmiemy odpowiedni\u0105 sal\u0119. \ud83d\udcde+48 500 867 807\",\"breadcrumb\":{\"@id\":\"https:\/\/leaderschool.pl\/konin\/wynajem-sal-szkoleniowych\/#breadcrumb\"},\"inLanguage\":\"pl-PL\",\"potentialAction\":[{\"@type\":\"ReadAction\",\"target\":[\"https:\/\/leaderschool.pl\/konin\/wynajem-sal-szkoleniowych\/\"]}]},{\"@type\":\"BreadcrumbList\",\"@id\":\"https:\/\/leaderschool.pl\/konin\/wynajem-sal-szkoleniowych\/#breadcrumb\",\"itemListElement\":[{\"@type\":\"ListItem\",\"position\":1,\"name\":\"Home\",\"item\":\"https:\/\/leaderschool.pl\/konin\/\"},{\"@type\":\"ListItem\",\"position\":2,\"name\":\"Wynajem sal szkoleniowych Konin\"}]}]}<\/script>\n<!-- \/ Yoast SEO plugin. -->","yoast_head_json":{"title":"Wynajem sal szkoleniowych Konin Szko\u0142a j\u0119zykowa w Koninie - Leader School","description":"Potrzebujesz sali szkoleniowej do wynaj\u0119cia? Zg\u0142o\u015b si\u0119 do Leader School Konin - pomo\u017cemy Ci i wynajmiemy odpowiedni\u0105 sal\u0119. \ud83d\udcde+48 500 867 807","robots":{"index":"index","follow":"follow","max-snippet":"max-snippet:-1","max-image-preview":"max-image-preview:large","max-video-preview":"max-video-preview:-1"},"canonical":"https:\/\/leaderschool.pl\/konin\/wynajem-sal-szkoleniowych\/","og_locale":"pl_PL","og_type":"article","og_title":"Wynajem sal szkoleniowych Konin Szko\u0142a j\u0119zykowa w Koninie - Leader School","og_description":"Potrzebujesz sali szkoleniowej do wynaj\u0119cia? Zg\u0142o\u015b si\u0119 do Leader School Konin - pomo\u017cemy Ci i wynajmiemy odpowiedni\u0105 sal\u0119. \ud83d\udcde+48 500 867 807","og_url":"https:\/\/leaderschool.pl\/konin\/wynajem-sal-szkoleniowych\/","og_site_name":"Szko\u0142a j\u0119zykowa w Koninie - Leader School","article_publisher":"https:\/\/www.facebook.com\/leaderschoolkonin","article_modified_time":"2025-04-04T08:02:27+00:00","og_image":[{"url":"https:\/\/leaderschool.sellision.dev\/konin\/wp-content\/uploads\/sites\/38\/2022\/07\/3.jpeg"}],"twitter_card":"summary_large_image","twitter_misc":{"Szacowany czas czytania":"4 minuty"},"schema":{"@context":"https:\/\/schema.org","@graph":[{"@type":"Organization","@id":"https:\/\/leaderschool.pl\/konin\/#organization","name":"Leader School Konin","url":"https:\/\/leaderschool.pl\/konin\/","sameAs":["https:\/\/www.facebook.com\/leaderschoolkonin"],"logo":{"@type":"ImageObject","inLanguage":"pl-PL","@id":"https:\/\/leaderschool.pl\/konin\/#\/schema\/logo\/image\/","url":"https:\/\/leaderschool.pl\/konin\/wp-content\/uploads\/sites\/38\/2022\/06\/favicon-leader-school.png","contentUrl":"https:\/\/leaderschool.pl\/konin\/wp-content\/uploads\/sites\/38\/2022\/06\/favicon-leader-school.png","width":515,"height":515,"caption":"Leader School Konin"},"image":{"@id":"https:\/\/leaderschool.pl\/konin\/#\/schema\/logo\/image\/"}},{"@type":"WebSite","@id":"https:\/\/leaderschool.pl\/konin\/#website","url":"https:\/\/leaderschool.pl\/konin\/","name":"Szko\u0142a j\u0119zykowa w Koninie - Leader School","description":"","publisher":{"@id":"https:\/\/leaderschool.pl\/konin\/#organization"},"potentialAction":[{"@type":"SearchAction","target":{"@type":"EntryPoint","urlTemplate":"https:\/\/leaderschool.pl\/konin\/?s={search_term_string}"},"query-input":"required name=search_term_string"}],"inLanguage":"pl-PL"},{"@type":"ImageObject","inLanguage":"pl-PL","@id":"https:\/\/leaderschool.pl\/konin\/wynajem-sal-szkoleniowych\/#primaryimage","url":"https:\/\/leaderschool.sellision.dev\/konin\/wp-content\/uploads\/sites\/38\/2022\/07\/3.jpeg","contentUrl":"https:\/\/leaderschool.sellision.dev\/konin\/wp-content\/uploads\/sites\/38\/2022\/07\/3.jpeg"},{"@type":"WebPage","@id":"https:\/\/leaderschool.pl\/konin\/wynajem-sal-szkoleniowych\/#webpage","url":"https:\/\/leaderschool.pl\/konin\/wynajem-sal-szkoleniowych\/","name":"Wynajem sal szkoleniowych Konin Szko\u0142a j\u0119zykowa w Koninie - Leader School","isPartOf":{"@id":"https:\/\/leaderschool.pl\/konin\/#website"},"primaryImageOfPage":{"@id":"https:\/\/leaderschool.pl\/konin\/wynajem-sal-szkoleniowych\/#primaryimage"},"datePublished":"2022-07-24T10:33:11+00:00","dateModified":"2025-04-04T08:02:27+00:00","description":"Potrzebujesz sali szkoleniowej do wynaj\u0119cia? Zg\u0142o\u015b si\u0119 do Leader School Konin - pomo\u017cemy Ci i wynajmiemy odpowiedni\u0105 sal\u0119. \ud83d\udcde+48 500 867 807","breadcrumb":{"@id":"https:\/\/leaderschool.pl\/konin\/wynajem-sal-szkoleniowych\/#breadcrumb"},"inLanguage":"pl-PL","potentialAction":[{"@type":"ReadAction","target":["https:\/\/leaderschool.pl\/konin\/wynajem-sal-szkoleniowych\/"]}]},{"@type":"BreadcrumbList","@id":"https:\/\/leaderschool.pl\/konin\/wynajem-sal-szkoleniowych\/#breadcrumb","itemListElement":[{"@type":"ListItem","position":1,"name":"Home","item":"https:\/\/leaderschool.pl\/konin\/"},{"@type":"ListItem","position":2,"name":"Wynajem sal szkoleniowych Konin"}]}]}},"_links":{"self":[{"href":"https:\/\/leaderschool.pl\/konin\/wp-json\/wp\/v2\/pages\/2620"}],"collection":[{"href":"https:\/\/leaderschool.pl\/konin\/wp-json\/wp\/v2\/pages"}],"about":[{"href":"https:\/\/leaderschool.pl\/konin\/wp-json\/wp\/v2\/types\/page"}],"author":[{"embeddable":true,"href":"https:\/\/leaderschool.pl\/konin\/wp-json\/wp\/v2\/users\/3"}],"replies":[{"embeddable":true,"href":"https:\/\/leaderschool.pl\/konin\/wp-json\/wp\/v2\/comments?post=2620"}],"version-history":[{"count":2,"href":"https:\/\/leaderschool.pl\/konin\/wp-json\/wp\/v2\/pages\/2620\/revisions"}],"predecessor-version":[{"id":2908,"href":"https:\/\/leaderschool.pl\/konin\/wp-json\/wp\/v2\/pages\/2620\/revisions\/2908"}],"wp:attachment":[{"href":"https:\/\/leaderschool.pl\/konin\/wp-json\/wp\/v2\/media?parent=2620"}],"curies":[{"name":"wp","href":"https:\/\/api.w.org\/{rel}","templated":true}]}}