{"id":2616,"date":"2022-07-24T12:23:44","date_gmt":"2022-07-24T10:23:44","guid":{"rendered":"https:\/\/leaderschool.sellision.dev\/konin\/?page_id=2616"},"modified":"2025-04-04T10:01:11","modified_gmt":"2025-04-04T08:01:11","slug":"oferta-dla-firm","status":"publish","type":"page","link":"https:\/\/leaderschool.pl\/konin\/oferta-dla-firm\/","title":{"rendered":"Oferta dla firm w Koninie"},"content":{"rendered":"\n<p>Chcesz podnie\u015b\u0107 kwalifikacje swoich pracownik\u00f3w? Zale\u017cy Ci na ich rozwoju j\u0119zykowym i maksymalizacji kompetencji w tym zakresie? W <a href=\"https:\/\/leaderschool.pl\/konin\/\">Leader School w Koninie<\/a> prowadzimy&nbsp;<strong>kursy j\u0119zyk\u00f3w obcych dla firm<\/strong>, wykorzystuj\u0105c dwie skuteczne metody \u2013 komunikatywn\u0105 BLS oraz metod\u0119 bezpo\u015bredni\u0105. To sprawdzone i starannie opracowane drogi nauczania, dzi\u0119ki kt\u00f3rym kursanci zyskuj\u0105 swobod\u0119 m\u00f3wienia, prze\u0142amuj\u0105 bariery oraz ucz\u0105 si\u0119 prowadzi\u0107 konwersacje. To umiej\u0119tno\u015b\u0107 przydatna zw\u0142aszcza wtedy, gdy Twoja dzia\u0142alno\u015b\u0107 obliguje do cz\u0119stych kontakt\u00f3w z zagranicznymi klientami lub kontrahentami.<\/p>\n\n\n\n<h2>Nauka j\u0119zyka obcego dla firm Konin \u2013 poznaj nasz\u0105 ofert\u0119!<\/h2>\n\n\n\n<p>Poszukujesz kurs\u00f3w j\u0119zykowych dla firm? W naszej szkole prowadzimy zaj\u0119cia z:<br><br>\u2022 angielskiego,<br>\u2022 niemieckiego,<br>\u2022 w\u0142oskiego,<br>\u2022 hiszpa\u0144skiego,<br>\u2022 francuskiego.<br><br>Co wa\u017cne, zapewniamy pe\u0142n\u0105 elastyczno\u015b\u0107 podczas ustalania harmonogramu szkole\u0144, dzi\u0119ki czemu bez trudu zmie\u015bcisz je w grafiku codziennych obowi\u0105zk\u00f3w swoich pracownik\u00f3w. Niezale\u017cnie od tego, czy preferujesz lekcje w naszej siedzibie w Koninie czy wolisz, aby odbywa\u0142y si\u0119 one w Twojej firmie \u2013 zawsze uwzgl\u0119dniamy Twoj\u0105 dyspozycyjno\u015b\u0107, aby dodatkowe zaj\u0119cia nie wp\u0142ywa\u0142y negatywnie na efektywno\u015b\u0107 pracy.<\/p>\n\n\n\n<h2>Nauka angielskiego i niemieckiego metod\u0105 BLS \u2013 skuteczny i szybki spos\u00f3b na opanowanie j\u0119zyka<\/h2>\n\n\n\n<p><a href=\"https:\/\/leaderschool.pl\/konin\/metody\/bls\/\"><strong>Kurs angielskiego i niemieckiego dla firm<\/strong>&nbsp;prowadzimy metod\u0105 BLS.<\/a><br><br>Do jej najwa\u017cniejszych zalet nale\u017cy zaliczy\u0107:<br><br>\u2022 d\u0105\u017cenie do osi\u0105gni\u0119cia swobody komunikacyjnej,<br>\u2022 prze\u0142amywanie bariery m\u00f3wienia,<br>\u2022 ci\u0105g\u0142e obcowanie z j\u0119zykiem podczas zaj\u0119\u0107 \u2013 nasi lektorzy biegle pos\u0142uguj\u0105 si\u0119 angielskim i niemieckim, wi\u0119c Twoi pracownicy os\u0142uchuj\u0105 si\u0119 z wymow\u0105 oraz akcentem, co wp\u0142ywa na poprawno\u015b\u0107 ich wypowiedzi,<br>\u2022 uwzgl\u0119dnienie indywidualnych preferencji i styl\u00f3w uczenia si\u0119 ka\u017cdego z uczestnik\u00f3w \u2013 pozwala to zmaksymalizowa\u0107 skuteczno\u015b\u0107 nauki i skr\u00f3ci\u0107 jej czas.<\/p>\n\n\n\n<h2>Hiszpa\u0144ski, w\u0142oski i francuski dla firm \u2013 aktywna nauka metod\u0105 bezpo\u015bredni\u0105<\/h2>\n\n\n\n<p>J\u0119zyk obcy jest przyswajany efektywnie i trwale, je\u015bli jest wykorzystywany w praktyce. W Leader School Konin doskonale o tym wiemy, dlatego prowadz\u0105c&nbsp;<strong>w\u0142oski, francuski<\/strong>&nbsp;lub&nbsp;<strong>hiszpa\u0144ski dla firm<\/strong>, stawiamy na aktywne u\u017cycie tych j\u0119zyk\u00f3w podczas zaj\u0119\u0107. Lektorzy zach\u0119caj\u0105 kursant\u00f3w do prowadzenia konwersacji, co wp\u0142ywa na wzmocnienie poczucia kompetencji j\u0119zykowych oraz sprawia, \u017ce Twoi pracownicy coraz odwa\u017cniej i ch\u0119tniej buduj\u0105 w\u0142asne wypowiedzi. Zyskujesz zatem pewno\u015b\u0107, \u017ce poradz\u0105 sobie podczas rozm\u00f3w z partnerami biznesowymi i klientami, godnie reprezentuj\u0105c Twoj\u0105 firm\u0119.<\/p>\n\n\n\n<h3>Nauka j\u0119zyk\u00f3w obcych w Koninie\u2013 dlaczego my?<\/h3>\n\n\n\n<p>Wybieraj\u0105c&nbsp;<strong>kursy j\u0119zykowe dla firm<\/strong>&nbsp;w naszej szkole w Koninie, zyskujesz:<br><br>\u2022 elastyczne godziny zaj\u0119\u0107,<br>\u2022 dowolno\u015b\u0107 w wyborze miejsca, w jakim odbywaj\u0105 si\u0119 lekcje \u2013 w naszej siedzibie lub na terenie Twojej firmy,<br>\u2022 poziom nauczania dostosowany do indywidualnych umiej\u0119tno\u015bci uczestnik\u00f3w,<br>\u2022 dopasowanie tematyki do bran\u017cy i profilu Twojej dzia\u0142alno\u015bci,<br>\u2022 zaj\u0119cia skoncentrowane na praktycznym wykorzystaniu j\u0119zyka obcego, skutkuj\u0105ce osi\u0105gni\u0119ciem swobody komunikacyjnej i rozbudow\u0105 s\u0142ownictwa Twoich pracownik\u00f3w.<\/p>\n","protected":false},"excerpt":{"rendered":"<p>Chcesz podnie\u015b\u0107 kwalifikacje swoich pracownik\u00f3w? Zale\u017cy Ci na ich rozwoju j\u0119zykowym i maksymalizacji kompetencji w tym zakresie? W Leader School w Koninie prowadzimy&nbsp;kursy j\u0119zyk\u00f3w obcych dla firm, wykorzystuj\u0105c dwie skuteczne metody \u2013 komunikatywn\u0105 BLS oraz metod\u0119 bezpo\u015bredni\u0105. To sprawdzone i starannie opracowane drogi nauczania, dzi\u0119ki kt\u00f3rym kursanci zyskuj\u0105 swobod\u0119 m\u00f3wienia, prze\u0142amuj\u0105 bariery oraz ucz\u0105 si\u0119 [&hellip;]<\/p>\n","protected":false},"author":3,"featured_media":0,"parent":0,"menu_order":0,"comment_status":"closed","ping_status":"closed","template":"","meta":{"ngg_post_thumbnail":0},"acf":[],"yoast_head":"<!-- This site is optimized with the Yoast SEO plugin v18.9 - https:\/\/yoast.com\/wordpress\/plugins\/seo\/ -->\n<title>Oferta dla firm w Koninie Szko\u0142a j\u0119zykowa w Koninie - Leader School<\/title>\n<meta name=\"description\" content=\"Oferujemy kursy j\u0119zykowe dla firm. Szeroka oferta Leader School Konin sprawi, \u017ce Twoi pracownicy podnios\u0105 swoje kwalifikacje. Zapraszamy!\" \/>\n<meta name=\"robots\" content=\"index, follow, max-snippet:-1, max-image-preview:large, max-video-preview:-1\" \/>\n<link rel=\"canonical\" href=\"https:\/\/leaderschool.pl\/konin\/oferta-dla-firm\/\" \/>\n<meta property=\"og:locale\" content=\"pl_PL\" \/>\n<meta property=\"og:type\" content=\"article\" \/>\n<meta property=\"og:title\" content=\"Oferta dla firm w Koninie Szko\u0142a j\u0119zykowa w Koninie - Leader School\" \/>\n<meta property=\"og:description\" content=\"Oferujemy kursy j\u0119zykowe dla firm. Szeroka oferta Leader School Konin sprawi, \u017ce Twoi pracownicy podnios\u0105 swoje kwalifikacje. Zapraszamy!\" \/>\n<meta property=\"og:url\" content=\"https:\/\/leaderschool.pl\/konin\/oferta-dla-firm\/\" \/>\n<meta property=\"og:site_name\" content=\"Szko\u0142a j\u0119zykowa w Koninie - Leader School\" \/>\n<meta property=\"article:publisher\" content=\"https:\/\/www.facebook.com\/leaderschoolkonin\" \/>\n<meta property=\"article:modified_time\" content=\"2025-04-04T08:01:11+00:00\" \/>\n<meta property=\"og:image\" content=\"https:\/\/leaderschool.pl\/konin\/wp-content\/uploads\/sites\/38\/2022\/06\/cropped-favicon-leader-school.png\" \/>\n\t<meta property=\"og:image:width\" content=\"512\" \/>\n\t<meta property=\"og:image:height\" content=\"512\" \/>\n\t<meta property=\"og:image:type\" content=\"image\/png\" \/>\n<meta name=\"twitter:card\" content=\"summary_large_image\" \/>\n<meta name=\"twitter:label1\" content=\"Szacowany czas czytania\" \/>\n\t<meta name=\"twitter:data1\" content=\"3 minuty\" \/>\n<script type=\"application\/ld+json\" class=\"yoast-schema-graph\">{\"@context\":\"https:\/\/schema.org\",\"@graph\":[{\"@type\":\"Organization\",\"@id\":\"https:\/\/leaderschool.pl\/konin\/#organization\",\"name\":\"Leader School Konin\",\"url\":\"https:\/\/leaderschool.pl\/konin\/\",\"sameAs\":[\"https:\/\/www.facebook.com\/leaderschoolkonin\"],\"logo\":{\"@type\":\"ImageObject\",\"inLanguage\":\"pl-PL\",\"@id\":\"https:\/\/leaderschool.pl\/konin\/#\/schema\/logo\/image\/\",\"url\":\"https:\/\/leaderschool.pl\/konin\/wp-content\/uploads\/sites\/38\/2022\/06\/favicon-leader-school.png\",\"contentUrl\":\"https:\/\/leaderschool.pl\/konin\/wp-content\/uploads\/sites\/38\/2022\/06\/favicon-leader-school.png\",\"width\":515,\"height\":515,\"caption\":\"Leader School Konin\"},\"image\":{\"@id\":\"https:\/\/leaderschool.pl\/konin\/#\/schema\/logo\/image\/\"}},{\"@type\":\"WebSite\",\"@id\":\"https:\/\/leaderschool.pl\/konin\/#website\",\"url\":\"https:\/\/leaderschool.pl\/konin\/\",\"name\":\"Szko\u0142a j\u0119zykowa w Koninie - Leader School\",\"description\":\"\",\"publisher\":{\"@id\":\"https:\/\/leaderschool.pl\/konin\/#organization\"},\"potentialAction\":[{\"@type\":\"SearchAction\",\"target\":{\"@type\":\"EntryPoint\",\"urlTemplate\":\"https:\/\/leaderschool.pl\/konin\/?s={search_term_string}\"},\"query-input\":\"required name=search_term_string\"}],\"inLanguage\":\"pl-PL\"},{\"@type\":\"WebPage\",\"@id\":\"https:\/\/leaderschool.pl\/konin\/oferta-dla-firm\/#webpage\",\"url\":\"https:\/\/leaderschool.pl\/konin\/oferta-dla-firm\/\",\"name\":\"Oferta dla firm w Koninie Szko\u0142a j\u0119zykowa w Koninie - Leader School\",\"isPartOf\":{\"@id\":\"https:\/\/leaderschool.pl\/konin\/#website\"},\"datePublished\":\"2022-07-24T10:23:44+00:00\",\"dateModified\":\"2025-04-04T08:01:11+00:00\",\"description\":\"Oferujemy kursy j\u0119zykowe dla firm. Szeroka oferta Leader School Konin sprawi, \u017ce Twoi pracownicy podnios\u0105 swoje kwalifikacje. Zapraszamy!\",\"breadcrumb\":{\"@id\":\"https:\/\/leaderschool.pl\/konin\/oferta-dla-firm\/#breadcrumb\"},\"inLanguage\":\"pl-PL\",\"potentialAction\":[{\"@type\":\"ReadAction\",\"target\":[\"https:\/\/leaderschool.pl\/konin\/oferta-dla-firm\/\"]}]},{\"@type\":\"BreadcrumbList\",\"@id\":\"https:\/\/leaderschool.pl\/konin\/oferta-dla-firm\/#breadcrumb\",\"itemListElement\":[{\"@type\":\"ListItem\",\"position\":1,\"name\":\"Home\",\"item\":\"https:\/\/leaderschool.pl\/konin\/\"},{\"@type\":\"ListItem\",\"position\":2,\"name\":\"Oferta dla firm w Koninie\"}]}]}<\/script>\n<!-- \/ Yoast SEO plugin. -->","yoast_head_json":{"title":"Oferta dla firm w Koninie Szko\u0142a j\u0119zykowa w Koninie - Leader School","description":"Oferujemy kursy j\u0119zykowe dla firm. Szeroka oferta Leader School Konin sprawi, \u017ce Twoi pracownicy podnios\u0105 swoje kwalifikacje. Zapraszamy!","robots":{"index":"index","follow":"follow","max-snippet":"max-snippet:-1","max-image-preview":"max-image-preview:large","max-video-preview":"max-video-preview:-1"},"canonical":"https:\/\/leaderschool.pl\/konin\/oferta-dla-firm\/","og_locale":"pl_PL","og_type":"article","og_title":"Oferta dla firm w Koninie Szko\u0142a j\u0119zykowa w Koninie - Leader School","og_description":"Oferujemy kursy j\u0119zykowe dla firm. Szeroka oferta Leader School Konin sprawi, \u017ce Twoi pracownicy podnios\u0105 swoje kwalifikacje. Zapraszamy!","og_url":"https:\/\/leaderschool.pl\/konin\/oferta-dla-firm\/","og_site_name":"Szko\u0142a j\u0119zykowa w Koninie - Leader School","article_publisher":"https:\/\/www.facebook.com\/leaderschoolkonin","article_modified_time":"2025-04-04T08:01:11+00:00","og_image":[{"width":512,"height":512,"url":"https:\/\/leaderschool.pl\/konin\/wp-content\/uploads\/sites\/38\/2022\/06\/cropped-favicon-leader-school.png","type":"image\/png"}],"twitter_card":"summary_large_image","twitter_misc":{"Szacowany czas czytania":"3 minuty"},"schema":{"@context":"https:\/\/schema.org","@graph":[{"@type":"Organization","@id":"https:\/\/leaderschool.pl\/konin\/#organization","name":"Leader School Konin","url":"https:\/\/leaderschool.pl\/konin\/","sameAs":["https:\/\/www.facebook.com\/leaderschoolkonin"],"logo":{"@type":"ImageObject","inLanguage":"pl-PL","@id":"https:\/\/leaderschool.pl\/konin\/#\/schema\/logo\/image\/","url":"https:\/\/leaderschool.pl\/konin\/wp-content\/uploads\/sites\/38\/2022\/06\/favicon-leader-school.png","contentUrl":"https:\/\/leaderschool.pl\/konin\/wp-content\/uploads\/sites\/38\/2022\/06\/favicon-leader-school.png","width":515,"height":515,"caption":"Leader School Konin"},"image":{"@id":"https:\/\/leaderschool.pl\/konin\/#\/schema\/logo\/image\/"}},{"@type":"WebSite","@id":"https:\/\/leaderschool.pl\/konin\/#website","url":"https:\/\/leaderschool.pl\/konin\/","name":"Szko\u0142a j\u0119zykowa w Koninie - Leader School","description":"","publisher":{"@id":"https:\/\/leaderschool.pl\/konin\/#organization"},"potentialAction":[{"@type":"SearchAction","target":{"@type":"EntryPoint","urlTemplate":"https:\/\/leaderschool.pl\/konin\/?s={search_term_string}"},"query-input":"required name=search_term_string"}],"inLanguage":"pl-PL"},{"@type":"WebPage","@id":"https:\/\/leaderschool.pl\/konin\/oferta-dla-firm\/#webpage","url":"https:\/\/leaderschool.pl\/konin\/oferta-dla-firm\/","name":"Oferta dla firm w Koninie Szko\u0142a j\u0119zykowa w Koninie - Leader School","isPartOf":{"@id":"https:\/\/leaderschool.pl\/konin\/#website"},"datePublished":"2022-07-24T10:23:44+00:00","dateModified":"2025-04-04T08:01:11+00:00","description":"Oferujemy kursy j\u0119zykowe dla firm. Szeroka oferta Leader School Konin sprawi, \u017ce Twoi pracownicy podnios\u0105 swoje kwalifikacje. Zapraszamy!","breadcrumb":{"@id":"https:\/\/leaderschool.pl\/konin\/oferta-dla-firm\/#breadcrumb"},"inLanguage":"pl-PL","potentialAction":[{"@type":"ReadAction","target":["https:\/\/leaderschool.pl\/konin\/oferta-dla-firm\/"]}]},{"@type":"BreadcrumbList","@id":"https:\/\/leaderschool.pl\/konin\/oferta-dla-firm\/#breadcrumb","itemListElement":[{"@type":"ListItem","position":1,"name":"Home","item":"https:\/\/leaderschool.pl\/konin\/"},{"@type":"ListItem","position":2,"name":"Oferta dla firm w Koninie"}]}]}},"_links":{"self":[{"href":"https:\/\/leaderschool.pl\/konin\/wp-json\/wp\/v2\/pages\/2616"}],"collection":[{"href":"https:\/\/leaderschool.pl\/konin\/wp-json\/wp\/v2\/pages"}],"about":[{"href":"https:\/\/leaderschool.pl\/konin\/wp-json\/wp\/v2\/types\/page"}],"author":[{"embeddable":true,"href":"https:\/\/leaderschool.pl\/konin\/wp-json\/wp\/v2\/users\/3"}],"replies":[{"embeddable":true,"href":"https:\/\/leaderschool.pl\/konin\/wp-json\/wp\/v2\/comments?post=2616"}],"version-history":[{"count":5,"href":"https:\/\/leaderschool.pl\/konin\/wp-json\/wp\/v2\/pages\/2616\/revisions"}],"predecessor-version":[{"id":2907,"href":"https:\/\/leaderschool.pl\/konin\/wp-json\/wp\/v2\/pages\/2616\/revisions\/2907"}],"wp:attachment":[{"href":"https:\/\/leaderschool.pl\/konin\/wp-json\/wp\/v2\/media?parent=2616"}],"curies":[{"name":"wp","href":"https:\/\/api.w.org\/{rel}","templated":true}]}}