{"id":2607,"date":"2022-07-24T00:35:57","date_gmt":"2022-07-23T22:35:57","guid":{"rendered":"https:\/\/leaderschool.sellision.dev\/konin\/?page_id=2607"},"modified":"2025-03-20T10:19:48","modified_gmt":"2025-03-20T09:19:48","slug":"kursy-jezykowe-z-dofinansowaniem-dla-doroslych","status":"publish","type":"page","link":"https:\/\/leaderschool.pl\/konin\/kursy-jezykowe-z-dofinansowaniem-dla-doroslych\/","title":{"rendered":"Kursy j\u0119zykowe z dofinansowaniem dla doros\u0142ych"},"content":{"rendered":"\n<h2>Szkolenia dofinansowane \u2013 BUR<\/h2>\n\n\n\n<p>Szukasz sposobu na popraw\u0119 swoich umiej\u0119tno\u015bci j\u0119zykowych? A mo\u017ce zale\u017cy Ci na kszta\u0142ceniu pracownik\u00f3w w tym zakresie? Skorzystaj z mo\u017cliwo\u015bci, jakie daje Baza Us\u0142ug Rozwojowych \u2013 to zar\u00f3wno szkolenia stacjonarne, online, jak i w formie e-learningowej, doradztwo w zakresie j\u0119zykowego rozwoju na p\u0142aszczy\u017anie zawodowej i prywatnej. Z ch\u0119ci\u0105 pomo\u017cemy Ci wybra\u0107 najlepsze rozwi\u0105zanie, dzi\u0119ki kt\u00f3remu podniesiesz swoje kompetencje! Sprawd\u017a, jak skorzysta\u0107 z tej us\u0142ugi.<\/p>\n\n\n\n<h3>Na jakie dofinansowanie mo\u017cna liczy\u0107?<\/h3>\n\n\n\n<p>Szkolenia dofinansowane s\u0105 oferowane zar\u00f3wno przedsi\u0119biorcom i pracownikom M\u015aP, jak i osobom indywidualnym.<br><em>Prowadzisz firm\u0119?<\/em>&nbsp;Uzyskaj dofinansowanie na nauk\u0119 dowolnego j\u0119zyka obcego dla siebie lub zatrudnianych os\u00f3b! To nawet 50.000 z\u0142 dla firmy (nie wi\u0119cej ni\u017c 80% dla mikro, 70% dla ma\u0142ego i 50% dla \u015bredniego przedsi\u0119biorstwa).<br><em>Starasz si\u0119 o wsparcie jako osoba indywidualna?<\/em>&nbsp;Mo\u017cesz otrzyma\u0107 5.000 z\u0142 do wybranego kursu to stanowi 90% dofinansowania.<\/p>\n\n\n\n<h3>Dofinansowanie szkolenia \u2013 jak to dzia\u0142a w praktyce?<\/h3>\n\n\n\n<p>Baza Us\u0142ug Rozwojowych to platforma administrowana przez PARP (Polsk\u0105 Agencj\u0119 Rozwoju Przedsi\u0119biorczo\u015bci) \u2013 jej celem jest podniesienie dost\u0119pno\u015bci kurs\u00f3w i szkole\u0144, aby ka\u017cdy (pracodawca, pracownik oraz osoba indywidualna) mia\u0142 mo\u017cliwo\u015b\u0107 skorzysta\u0107 ze wsparcia finansowego na sw\u00f3j rozw\u00f3j. Wystarczy, \u017ce wybierzesz j\u0119zyk obcy, kt\u00f3rego chcesz si\u0119 uczy\u0107 i zwr\u00f3cisz si\u0119 do nas, a my stworzymy kart\u0119 us\u0142ugi w BUR i pomo\u017cemy Ci wype\u0142ni\u0107 formularz zg\u0142oszeniowy. Nast\u0119pnie Twoim zadaniem b\u0119dzie skompletowanie stosownych dokument\u00f3w i podpisanie umowy z Operatorem o dofinansowanie \u2013 po tym kroku pozostaje Ci cieszy\u0107 si\u0119 z nauki i jej efekt\u00f3w! Mo\u017cesz by\u0107 pewny, \u017ce po kursie j\u0119zykowym Twoje praktyczne umiej\u0119tno\u015bci w pos\u0142ugiwaniu si\u0119 j\u0119zyk\u00f3w obcych znacznie wzrosn\u0105.<br>Przez ca\u0142y okres trwania szkolenia op\u0142acasz comiesi\u0119czne rachunki za kurs \u2013 po uko\u0144czeniu nauki wype\u0142niasz formularz rozliczeniowy i otrzymujesz zwrot zagwarantowanej w umowie kwoty. To bardzo proste, a je\u015bli masz w\u0105tpliwo\u015bci, z ch\u0119ci\u0105 je rozwiejemy.<\/p>\n\n\n\n<h3>Dofinansowanie na szkolenia w Leader School Konin<\/h3>\n\n\n\n<p>W naszej plac\u00f3wce dofinansowanie przeznaczone jest na:<\/p>\n\n\n\n<ul><li><a href=\"https:\/\/leaderschool.pl\/konin\/metody\/bls\/\">kursy angielskiego i niemieckiego<\/a> od podstaw do poziomu C1,<\/li><li>nauk\u0119 hiszpa\u0144skiego, francuskiego, w\u0142oskiego i rosyjskiego od podstaw do poziomu B2,<\/li><li><a href=\"https:\/\/leaderschool.pl\/konin\/osrodek-egzaminacyjny-telc\/\">egzaminy TELC<\/a> z angielskiego i niemieckiego na poziomie A1 do B2.<\/li><\/ul>\n\n\n\n<p>U nas zrealizujesz tak\u017ce szkolenia j\u0119zykowe w swoim zawodzie:<br><em>Barman, Elektryk, Florysta, Grafik komputerowy, Kelner, Kucharz, Logistyk- spedytor, Monter instalacji sanitarnych, grzewczych i klimatyzacji, Opiekun dzieci\u0119cy, Opiekun os\u00f3b starszych, Organizator ruchu turystycznego, Pracownik obs\u0142ugi biurowej, Przedstawiciel handlowy, Spawacz, \u015alusarz, Tokarz\/frezer,<\/em><br><br><a href=\"https:\/\/kursykonin.pl\/\">Dowiedz si\u0119 wi\u0119cej<\/a>&nbsp;i b\u0105d\u017a na bie\u017c\u0105co.<\/p>\n\n\n\n<h3>10 krok\u00f3w do refundacji Twojego szkolenia<\/h3>\n\n\n\n<ul><li>Wyszukaj w Bazie Us\u0142ug Rozwojowych \u2013 BUR ( https:\/\/uslugirozwojowe.parp.gov.pl) odpowiednie szkolenie i\/lub us\u0142ug\u0119 doradcz\u0105 dostosowane do potrzeb rozwoju firmy.<\/li><li>Wype\u0142nij Formularz zg\u0142oszeniowy oraz z\u0142\u00f3\u017c go do Operatora regionalnego (zgodnie z miejscem rejestracji firmy lub rejestracji filii lub oddzia\u0142u firmy), dla subregionu koni\u0144skiego jest to Agencja Rozwoju Regionalnego Konin.<\/li><li>Podpisz z Operatorem umow\u0119 na refundacj\u0119 koszt\u00f3w wybranej us\u0142ugi rozwojowej.<\/li><li>Zarejestruj si\u0119 w Bazie Us\u0142ug Rozwojowych \u2013 BUR.<\/li><li>Zapisz si\u0119 na us\u0142ug\u0119 za po\u015brednictwem BUR.<\/li><li>Skorzystaj z us\u0142ugi rozwojowej.<\/li><li>Zap\u0142a\u0107 z w\u0142asnych \u015brodk\u00f3w za us\u0142ug\u0119 rozwojow\u0105.<\/li><li>Oce\u0144 us\u0142ug\u0119 rozwojow\u0105 w BUR.<\/li><li>Wype\u0142nij Formularz rozliczeniowy i z\u0142\u00f3\u017c go do Operatora.<\/li><li>Otrzymaj refundacj\u0119 poniesionych koszt\u00f3w us\u0142ugi rozwojowej.<\/li><\/ul>\n\n\n\n<h3>Szkolenia online<\/h3>\n\n\n\n<ul><li> <strong>Szkolenia online realizujemy w 100% \u201ena \u017cywo\u201d<\/strong>, co oznacza, \u017ce zapewniamy pe\u0142n\u0105 interaktywno\u015b\u0107 na platformie online. Uczestnicy mog\u0105&nbsp;zadawa\u0107 pytania u\u017cywaj\u0105c mikrofonu&nbsp;-mog\u0105 rozmawia\u0107 w czasie rzeczywistym nie tylko z trenerem, ale r\u00f3wnie\u017c z innymi uczestnikami szkolenia.&nbsp;Opcja czatu&nbsp;w trakcie szkolenia jest r\u00f3wnie\u017c dost\u0119pna i mo\u017cna z niej korzysta\u0107 r\u00f3wnolegle.<\/li><li><strong>Zapewniamy wsparcie techniczne i instrukta\u017c&nbsp;<\/strong>\u201ekrok po kroku\u201d dla Uczestnik\u00f3w, kt\u00f3rzy czuj\u0105 si\u0119 mniej pewnie korzystaj\u0105c z nowoczesnych technologii.<\/li><li><strong>Stawiamy na jako\u015b\u0107 i efekt<\/strong> \u2013 zaj\u0119cia indywidualne lub ma\u0142e grupy&nbsp;sprzyjaj\u0105 przyswajaniu wiedzy i daj\u0105 przestrze\u0144 indywidualnego podej\u015bcia do Uczestnik\u00f3w i ich potrzeb.<\/li><\/ul>\n\n\n\n<p><strong>Przebieg szkole\u0144 online<\/strong><\/p>\n\n\n\n<p>Szkolenia realizowane s\u0105 &#8222;na \u017cywo&#8221;. Trener prowadzi szkolenie w taki sam spos\u00f3b, jak realizowane s\u0105 szkolenia stacjonarne, wed\u0142ug tego samego harmonogramu, z zachowaniem przerw i blok\u00f3w tematycznych. R\u00f3\u017cnica polega tylko na tym, \u017ce szkolenie odbywa si\u0119 w \u201ewirtualnej sali szkoleniowej\u201d \u2013 wygodnie, bez wychodzenia z domu i ponoszenia dodatkowych koszt\u00f3w. Trener realizuje szkolenie online w taki spos\u00f3b, by by\u0142o ono nie tylko merytoryczne, ale r\u00f3wnie\u017c anga\u017cuj\u0105ce i interesuj\u0105ce. Wykorzystuj\u0105c nowoczesne, a zarazem przyjazne technologie w trakcie szkolenia online, uczestnicy mog\u0105 \u015bledzi\u0107 prezentacj\u0119 na ekranie swojego monitora, przegl\u0105da\u0107 udost\u0119pnione materia\u0142y, zadawa\u0107 pytania, uczestniczy\u0107 w dyskusji nie tylko z trenerem, ale r\u00f3wnie\u017c z innymi uczestnikami szkolenia, sprawdzi\u0107 swoj\u0105 wiedz\u0119 za pomoc\u0105 test\u00f3w oraz egzamin\u00f3w.<\/p>\n\n\n\n<p><strong>Wymagania techniczne<\/strong><\/p>\n\n\n\n<p>Do wzi\u0119cia udzia\u0142u w szkoleniu online potrzebny jest komputer lub inne urz\u0105dzenie pod\u0142\u0105czone do stabilnego \u0142\u0105cza internetowego. Nie ma potrzeby instalacji dodatkowego oprogramowania &#8211; wystarczy przegl\u0105darka internetowa, np. Google Chrom lub Mozilla Firefox. Kamera i mikrofon s\u0105 konieczne, \u017ceby aktywnie uczestniczy\u0107 w szkoleniu. Niezb\u0119dny jest jednak mikrofon, kt\u00f3ry pozwala aktywnie uczestniczy\u0107 w szkoleniu. Przed szkoleniem ka\u017cdy uczestnik otrzymuje maila z instrukcj\u0105 krok po kroku jak do\u0142\u0105czy\u0107 do \u201ewirtualnej sali szkoleniowej\u201d. Istnieje r\u00f3wnie\u017c mo\u017cliwo\u015b\u0107 przetestowania po\u0142\u0105czenia przed szkoleniem. W tym czasie s\u0142u\u017cymy wsparciem, je\u017celi pojawi\u0105 si\u0119 jakiekolwiek trudno\u015bci techniczne.<\/p>\n\n\n\n<p>Minimalne wymagania sprz\u0119towe (komputer osobisty, tablet, smartfon):<\/p>\n\n\n\n<ul><li>Procesor dwurdzeniowy 2GHz lub lepszy (zalecany czterordzeniowy);<\/li><li>2GB pami\u0119ci RAM (zalecane 4GB lub wi\u0119cej);<\/li><li>System operacyjny taki jak Windows 8 (zalecany Windows 10),&nbsp;android;<\/li><li>Korzystanie z najaktualniejszych wersji przegl\u0105darek internetowych Google Chrome, Mozilla Firefox;<\/li><li>Kamera internetowa, mikrofon lub zestaw s\u0142uchawkowy;<\/li><li>Wymagania sieciowe: pr\u0119dko\u015b\u0107 nadawania i pobierania min. 5 Mbps.<\/li><\/ul>\n\n\n\n<p><strong>Korzy\u015bci udzia\u0142u w szkoleniu online<\/strong><\/p>\n\n\n\n<ul><li>Wygoda&nbsp;i komfort- zdobywanie wiedzy na odleg\u0142o\u015b\u0107 z lokalizacji najdogodniejszej dla uczestnika szkolenia<\/li><li>Niewielkie wymagania techniczne: dost\u0119p do internetu, komputer z kamer\u0105 i mikrofonem<\/li><li>\u0141atwo\u015b\u0107 obs\u0142ugi \u2013 \u0142\u0105czno\u015b\u0107 za pomoc\u0105 otrzymanego linku<\/li><li>Oszcz\u0119dno\u015b\u0107&nbsp;\u2013 uczestnik oszcz\u0119dza czas i koszty dojazdu do naszej szko\u0142y<\/li><li>Jako\u015b\u0107&nbsp;\u2013 szkolenie prowadzone jest na \u017cywo w czasie rzeczywistym, wi\u0119c s\u0142uchacz ma kontakt z lektorem, mo\u017ce na bie\u017c\u0105co zadawa\u0107 pytania i rozwi\u0105zywa\u0107 problemy<\/li><li>Uniwersalno\u015b\u0107 \u2013 nasze materia\u0142y dydaktyczne dostosowane s\u0105 zar\u00f3wno do szkolenia stacjonarnego, jak i online.<\/li><li>Nowoczesna i przyjazna technologia&nbsp;&#8211; mo\u017cliwo\u015b\u0107 skorzystania z prostej i wygodnej formy zdobywania wiedzy na odleg\u0142o\u015b\u0107<\/li><li>Bezpiecze\u0144stwo i zdrowie&nbsp;&#8211; uczestniczenie w szkoleniu on-line jest obecnie bardziej bezpieczne dla uczestnik\u00f3w jak i prowadz\u0105cego szkolenie<\/li><li>Wsparcie techniczne \u2013 uczestnik szkolenia mo\u017ce otrzyma\u0107 pomoc techniczn\u0105 w ramach mo\u017cliwo\u015bci szko\u0142y poprzez kontakt z sekretariatem:<\/li><\/ul>\n\n\n\n<p>Sekretariat Leader School Konin<\/p>\n\n\n\n<p>tel.: 500&nbsp;867 807<\/p>\n\n\n\n<p>e-mail: sekretariatkonin@leaderschool.pl<\/p>\n\n\n\n<h2>Szkolenia dofinansowane \u2013 KFS<\/h2>\n\n\n\n<p>Chcesz uczy\u0107 si\u0119 j\u0119zyka obcego, jednak ograniczaj\u0105 Ci\u0119 finanse? Szukasz wsparcia, dzi\u0119ki kt\u00f3remu poszerzysz swoje kompetencje, ugruntujesz pozycj\u0119 na rynku pracy i zyskasz swobod\u0119 m\u00f3wienia w wybranym przez siebie j\u0119zyku obcym? Skorzystaj z oferty dofinansowania KFS \u2013 Krajowy Fundusz Szkoleniowy pokrywa nawet 100% koszt\u00f3w kursu! Sprawd\u017a, do kogo dedykowana jest ta oferta i postaw na sw\u00f3j rozw\u00f3j! W razie jakichkolwiek pyta\u0144 ch\u0119tnie s\u0142u\u017cymy pomoc\u0105.<\/p>\n\n\n\n<h3>Jak skorzysta\u0107 z dofinansowania?<\/h3>\n\n\n\n<p>KFS to rozwi\u0105zanie systemowe dedykowane pracodawcom chc\u0105cym inwestowa\u0107 w poszerzanie kompetencji swoich oraz zatrudnianych os\u00f3b. Oferta dofinansowania jest kierowana zar\u00f3wno do pracownik\u00f3w chc\u0105cych wzi\u0105\u0107 udzia\u0142 w kursach indywidualnych, jak i do pracodawc\u00f3w, kt\u00f3rzy planuj\u0105 zorganizowa\u0107 grupowe szkolenie j\u0119zykowe dla os\u00f3b zatrudnianych w swojej firmie. Wystarczy wype\u0142ni\u0107 wniosek i z\u0142o\u017cy\u0107 go do Powiatowego Urz\u0119du Pracy w\u0142a\u015bciwego dla siedziby pracodawcy i miejsca prowadzenia dzia\u0142alno\u015bci. Masz w\u0105tpliwo\u015bci? Zg\u0142o\u015b si\u0119 do nas \u2013 z ch\u0119ci\u0105 je rozwiejemy i pomo\u017cemy Ci w pozyskaniu pieni\u0119dzy na szkolenie!<\/p>\n\n\n\n<h3>Dlaczego warto?<\/h3>\n\n\n\n<p>Decyduj\u0105c si\u0119 na skorzystanie z oferowanego przez KFS dofinansowania, mo\u017cesz zyska\u0107 pokrycie nawet do 100% koszt\u00f3w kursu w przypadku mikroprzedsi\u0119biorstw, nie wi\u0119cej jednak ni\u017c 300% przeci\u0119tnego wynagrodzenia w danym roku na jednego uczestnika. W przypadku pozosta\u0142ych pracodawc\u00f3w \u2013 80% koszt\u00f3w kszta\u0142cenia ustawicznego, nie wi\u0119cej jednak ni\u017c 300% przeci\u0119tnego wynagrodzenia w danym roku na jednego uczestnika. Zacznij ju\u017c dzi\u015b nowoczesny kurs j\u0119zykowy bez ogranicze\u0144 finansowych i postaw na rozw\u00f3j sw\u00f3j i swojej firmy!<br><br>To jednak nie wszystko \u2013 zapisz si\u0119 na szkolenie j\u0119zykowe w Leader School Konin, a otrzymasz:<\/p>\n\n\n\n<ul><li>pe\u0142nowarto\u015bciowy kurs j\u0119zykowy \u2013 100% intensywnej nauki sprawdzonymi metodami: BLS Communication i Metod\u0105 Bezpo\u015bredni\u0105,<\/li><li>kompleksowe wyposa\u017cenie w pomoce naukowe \u2013 podr\u0119czniki, audiobooki, ksi\u0105\u017cki i fiszki dostosowane do wybranego poziomu nauczania,<\/li><li>dost\u0119p do rozbudowanej platformy e-learningowej,<\/li><li>za\u015bwiadczenie o uko\u0144czeniu kursu j\u0119zyka na okre\u015blonym poziomie,<\/li><li>mi\u0119dzynarodowy certyfikat j\u0119zykowy \u2013 po uko\u0144czeniu naszych kurs\u00f3w mo\u017cesz przyst\u0105pi\u0107 do egzaminu TELC, kt\u00f3rego zwie\u0144czeniem jest certyfikat honorowany przez pracodawc\u00f3w we wszystkich krajach europejskich!<\/li><\/ul>\n\n\n\n<h3>Poznaj Krajowy Fundusz Szkoleniowy<\/h3>\n\n\n\n<p>Efektem udzia\u0142u w naszych szkoleniach j\u0119zykowych jest osi\u0105gni\u0119cie pe\u0142nej swobody komunikacyjnej w wybranym j\u0119zyku. Stawiamy na elastyczno\u015b\u0107 \u2013 dostosowujemy harmonogram zaj\u0119\u0107 do indywidualnych preferencji kursant\u00f3w. W ramach dofinansowania KFS mo\u017cesz skorzysta\u0107 ze szkolenia na dowolnym stopniu nauczania. Uczymy j\u0119zyk\u00f3w: angielskiego, niemieckiego, w\u0142oskiego, hiszpa\u0144skiego i francuskiego na wszystkich poziomach \u2013 od podstaw dla pocz\u0105tkuj\u0105cych po bardziej zaawansowane. Ich zakres jest dostosowany do Twoich preferencji. W ramach tego wsparcia wybierasz kurs indywidualny lub grupowy, kt\u00f3ry rozpoczynasz w dowolnym momencie.<br>Po uko\u0144czeniu kursu bez trudu porozumiesz si\u0119 z kontrahentami, klientami biznesowymi i znajomymi z zagranicy. Zyskaj praktyczn\u0105 umiej\u0119tno\u015b\u0107, poszerz swoje kompetencje j\u0119zykowe i postaw na sw\u00f3j rozw\u00f3j z Leader School w Koninie.<br><br><a href=\"https:\/\/konin.praca.gov.pl\/-\/55453-krajowy-fundusz-szkoleniowy\">Dowiedz si\u0119 wi\u0119cej<\/a>&nbsp;i b\u0105d\u017a na bie\u017c\u0105co.<\/p>\n","protected":false},"excerpt":{"rendered":"<p>Szkolenia dofinansowane \u2013 BUR Szukasz sposobu na popraw\u0119 swoich umiej\u0119tno\u015bci j\u0119zykowych? A mo\u017ce zale\u017cy Ci na kszta\u0142ceniu pracownik\u00f3w w tym zakresie? Skorzystaj z mo\u017cliwo\u015bci, jakie daje Baza Us\u0142ug Rozwojowych \u2013 to zar\u00f3wno szkolenia stacjonarne, online, jak i w formie e-learningowej, doradztwo w zakresie j\u0119zykowego rozwoju na p\u0142aszczy\u017anie zawodowej i prywatnej. Z ch\u0119ci\u0105 pomo\u017cemy Ci wybra\u0107 [&hellip;]<\/p>\n","protected":false},"author":3,"featured_media":0,"parent":0,"menu_order":0,"comment_status":"closed","ping_status":"closed","template":"","meta":{"ngg_post_thumbnail":0},"acf":[],"yoast_head":"<!-- This site is optimized with the Yoast SEO plugin v18.9 - https:\/\/yoast.com\/wordpress\/plugins\/seo\/ -->\n<title>Kursy j\u0119zykowe z dofinansowaniem dla doros\u0142ych Szko\u0142a j\u0119zykowa w Koninie - Leader School<\/title>\n<meta name=\"description\" content=\"Oferujemy kursy j\u0119zykowe z dofinansowaniem dla doros\u0142ych. Sprawd\u017a ofert\u0119 Leader School Konin i zapisz si\u0119 na kurs. \ud83d\udcde+48 500 867 807\" \/>\n<meta name=\"robots\" content=\"index, follow, max-snippet:-1, max-image-preview:large, max-video-preview:-1\" \/>\n<link rel=\"canonical\" href=\"https:\/\/leaderschool.pl\/konin\/kursy-jezykowe-z-dofinansowaniem-dla-doroslych\/\" \/>\n<meta property=\"og:locale\" content=\"pl_PL\" \/>\n<meta property=\"og:type\" content=\"article\" \/>\n<meta property=\"og:title\" content=\"Kursy j\u0119zykowe z dofinansowaniem dla doros\u0142ych Szko\u0142a j\u0119zykowa w Koninie - Leader School\" \/>\n<meta property=\"og:description\" content=\"Oferujemy kursy j\u0119zykowe z dofinansowaniem dla doros\u0142ych. Sprawd\u017a ofert\u0119 Leader School Konin i zapisz si\u0119 na kurs. \ud83d\udcde+48 500 867 807\" \/>\n<meta property=\"og:url\" content=\"https:\/\/leaderschool.pl\/konin\/kursy-jezykowe-z-dofinansowaniem-dla-doroslych\/\" \/>\n<meta property=\"og:site_name\" content=\"Szko\u0142a j\u0119zykowa w Koninie - Leader School\" \/>\n<meta property=\"article:publisher\" content=\"https:\/\/www.facebook.com\/leaderschoolkonin\" \/>\n<meta property=\"article:modified_time\" content=\"2025-03-20T09:19:48+00:00\" \/>\n<meta property=\"og:image\" content=\"https:\/\/leaderschool.pl\/konin\/wp-content\/uploads\/sites\/38\/2022\/06\/cropped-favicon-leader-school.png\" \/>\n\t<meta property=\"og:image:width\" content=\"512\" \/>\n\t<meta property=\"og:image:height\" content=\"512\" \/>\n\t<meta property=\"og:image:type\" content=\"image\/png\" \/>\n<meta name=\"twitter:card\" content=\"summary_large_image\" \/>\n<meta name=\"twitter:label1\" content=\"Szacowany czas czytania\" \/>\n\t<meta name=\"twitter:data1\" content=\"9 minut\" \/>\n<script type=\"application\/ld+json\" class=\"yoast-schema-graph\">{\"@context\":\"https:\/\/schema.org\",\"@graph\":[{\"@type\":\"Organization\",\"@id\":\"https:\/\/leaderschool.pl\/konin\/#organization\",\"name\":\"Leader School Konin\",\"url\":\"https:\/\/leaderschool.pl\/konin\/\",\"sameAs\":[\"https:\/\/www.facebook.com\/leaderschoolkonin\"],\"logo\":{\"@type\":\"ImageObject\",\"inLanguage\":\"pl-PL\",\"@id\":\"https:\/\/leaderschool.pl\/konin\/#\/schema\/logo\/image\/\",\"url\":\"https:\/\/leaderschool.pl\/konin\/wp-content\/uploads\/sites\/38\/2022\/06\/favicon-leader-school.png\",\"contentUrl\":\"https:\/\/leaderschool.pl\/konin\/wp-content\/uploads\/sites\/38\/2022\/06\/favicon-leader-school.png\",\"width\":515,\"height\":515,\"caption\":\"Leader School Konin\"},\"image\":{\"@id\":\"https:\/\/leaderschool.pl\/konin\/#\/schema\/logo\/image\/\"}},{\"@type\":\"WebSite\",\"@id\":\"https:\/\/leaderschool.pl\/konin\/#website\",\"url\":\"https:\/\/leaderschool.pl\/konin\/\",\"name\":\"Szko\u0142a j\u0119zykowa w Koninie - Leader School\",\"description\":\"\",\"publisher\":{\"@id\":\"https:\/\/leaderschool.pl\/konin\/#organization\"},\"potentialAction\":[{\"@type\":\"SearchAction\",\"target\":{\"@type\":\"EntryPoint\",\"urlTemplate\":\"https:\/\/leaderschool.pl\/konin\/?s={search_term_string}\"},\"query-input\":\"required name=search_term_string\"}],\"inLanguage\":\"pl-PL\"},{\"@type\":\"WebPage\",\"@id\":\"https:\/\/leaderschool.pl\/konin\/kursy-jezykowe-z-dofinansowaniem-dla-doroslych\/#webpage\",\"url\":\"https:\/\/leaderschool.pl\/konin\/kursy-jezykowe-z-dofinansowaniem-dla-doroslych\/\",\"name\":\"Kursy j\u0119zykowe z dofinansowaniem dla doros\u0142ych Szko\u0142a j\u0119zykowa w Koninie - Leader School\",\"isPartOf\":{\"@id\":\"https:\/\/leaderschool.pl\/konin\/#website\"},\"datePublished\":\"2022-07-23T22:35:57+00:00\",\"dateModified\":\"2025-03-20T09:19:48+00:00\",\"description\":\"Oferujemy kursy j\u0119zykowe z dofinansowaniem dla doros\u0142ych. Sprawd\u017a ofert\u0119 Leader School Konin i zapisz si\u0119 na kurs. \ud83d\udcde+48 500 867 807\",\"breadcrumb\":{\"@id\":\"https:\/\/leaderschool.pl\/konin\/kursy-jezykowe-z-dofinansowaniem-dla-doroslych\/#breadcrumb\"},\"inLanguage\":\"pl-PL\",\"potentialAction\":[{\"@type\":\"ReadAction\",\"target\":[\"https:\/\/leaderschool.pl\/konin\/kursy-jezykowe-z-dofinansowaniem-dla-doroslych\/\"]}]},{\"@type\":\"BreadcrumbList\",\"@id\":\"https:\/\/leaderschool.pl\/konin\/kursy-jezykowe-z-dofinansowaniem-dla-doroslych\/#breadcrumb\",\"itemListElement\":[{\"@type\":\"ListItem\",\"position\":1,\"name\":\"Home\",\"item\":\"https:\/\/leaderschool.pl\/konin\/\"},{\"@type\":\"ListItem\",\"position\":2,\"name\":\"Kursy j\u0119zykowe z dofinansowaniem dla doros\u0142ych\"}]}]}<\/script>\n<!-- \/ Yoast SEO plugin. -->","yoast_head_json":{"title":"Kursy j\u0119zykowe z dofinansowaniem dla doros\u0142ych Szko\u0142a j\u0119zykowa w Koninie - Leader School","description":"Oferujemy kursy j\u0119zykowe z dofinansowaniem dla doros\u0142ych. Sprawd\u017a ofert\u0119 Leader School Konin i zapisz si\u0119 na kurs. \ud83d\udcde+48 500 867 807","robots":{"index":"index","follow":"follow","max-snippet":"max-snippet:-1","max-image-preview":"max-image-preview:large","max-video-preview":"max-video-preview:-1"},"canonical":"https:\/\/leaderschool.pl\/konin\/kursy-jezykowe-z-dofinansowaniem-dla-doroslych\/","og_locale":"pl_PL","og_type":"article","og_title":"Kursy j\u0119zykowe z dofinansowaniem dla doros\u0142ych Szko\u0142a j\u0119zykowa w Koninie - Leader School","og_description":"Oferujemy kursy j\u0119zykowe z dofinansowaniem dla doros\u0142ych. Sprawd\u017a ofert\u0119 Leader School Konin i zapisz si\u0119 na kurs. \ud83d\udcde+48 500 867 807","og_url":"https:\/\/leaderschool.pl\/konin\/kursy-jezykowe-z-dofinansowaniem-dla-doroslych\/","og_site_name":"Szko\u0142a j\u0119zykowa w Koninie - Leader School","article_publisher":"https:\/\/www.facebook.com\/leaderschoolkonin","article_modified_time":"2025-03-20T09:19:48+00:00","og_image":[{"width":512,"height":512,"url":"https:\/\/leaderschool.pl\/konin\/wp-content\/uploads\/sites\/38\/2022\/06\/cropped-favicon-leader-school.png","type":"image\/png"}],"twitter_card":"summary_large_image","twitter_misc":{"Szacowany czas czytania":"9 minut"},"schema":{"@context":"https:\/\/schema.org","@graph":[{"@type":"Organization","@id":"https:\/\/leaderschool.pl\/konin\/#organization","name":"Leader School Konin","url":"https:\/\/leaderschool.pl\/konin\/","sameAs":["https:\/\/www.facebook.com\/leaderschoolkonin"],"logo":{"@type":"ImageObject","inLanguage":"pl-PL","@id":"https:\/\/leaderschool.pl\/konin\/#\/schema\/logo\/image\/","url":"https:\/\/leaderschool.pl\/konin\/wp-content\/uploads\/sites\/38\/2022\/06\/favicon-leader-school.png","contentUrl":"https:\/\/leaderschool.pl\/konin\/wp-content\/uploads\/sites\/38\/2022\/06\/favicon-leader-school.png","width":515,"height":515,"caption":"Leader School Konin"},"image":{"@id":"https:\/\/leaderschool.pl\/konin\/#\/schema\/logo\/image\/"}},{"@type":"WebSite","@id":"https:\/\/leaderschool.pl\/konin\/#website","url":"https:\/\/leaderschool.pl\/konin\/","name":"Szko\u0142a j\u0119zykowa w Koninie - Leader School","description":"","publisher":{"@id":"https:\/\/leaderschool.pl\/konin\/#organization"},"potentialAction":[{"@type":"SearchAction","target":{"@type":"EntryPoint","urlTemplate":"https:\/\/leaderschool.pl\/konin\/?s={search_term_string}"},"query-input":"required name=search_term_string"}],"inLanguage":"pl-PL"},{"@type":"WebPage","@id":"https:\/\/leaderschool.pl\/konin\/kursy-jezykowe-z-dofinansowaniem-dla-doroslych\/#webpage","url":"https:\/\/leaderschool.pl\/konin\/kursy-jezykowe-z-dofinansowaniem-dla-doroslych\/","name":"Kursy j\u0119zykowe z dofinansowaniem dla doros\u0142ych Szko\u0142a j\u0119zykowa w Koninie - Leader School","isPartOf":{"@id":"https:\/\/leaderschool.pl\/konin\/#website"},"datePublished":"2022-07-23T22:35:57+00:00","dateModified":"2025-03-20T09:19:48+00:00","description":"Oferujemy kursy j\u0119zykowe z dofinansowaniem dla doros\u0142ych. Sprawd\u017a ofert\u0119 Leader School Konin i zapisz si\u0119 na kurs. \ud83d\udcde+48 500 867 807","breadcrumb":{"@id":"https:\/\/leaderschool.pl\/konin\/kursy-jezykowe-z-dofinansowaniem-dla-doroslych\/#breadcrumb"},"inLanguage":"pl-PL","potentialAction":[{"@type":"ReadAction","target":["https:\/\/leaderschool.pl\/konin\/kursy-jezykowe-z-dofinansowaniem-dla-doroslych\/"]}]},{"@type":"BreadcrumbList","@id":"https:\/\/leaderschool.pl\/konin\/kursy-jezykowe-z-dofinansowaniem-dla-doroslych\/#breadcrumb","itemListElement":[{"@type":"ListItem","position":1,"name":"Home","item":"https:\/\/leaderschool.pl\/konin\/"},{"@type":"ListItem","position":2,"name":"Kursy j\u0119zykowe z dofinansowaniem dla doros\u0142ych"}]}]}},"_links":{"self":[{"href":"https:\/\/leaderschool.pl\/konin\/wp-json\/wp\/v2\/pages\/2607"}],"collection":[{"href":"https:\/\/leaderschool.pl\/konin\/wp-json\/wp\/v2\/pages"}],"about":[{"href":"https:\/\/leaderschool.pl\/konin\/wp-json\/wp\/v2\/types\/page"}],"author":[{"embeddable":true,"href":"https:\/\/leaderschool.pl\/konin\/wp-json\/wp\/v2\/users\/3"}],"replies":[{"embeddable":true,"href":"https:\/\/leaderschool.pl\/konin\/wp-json\/wp\/v2\/comments?post=2607"}],"version-history":[{"count":9,"href":"https:\/\/leaderschool.pl\/konin\/wp-json\/wp\/v2\/pages\/2607\/revisions"}],"predecessor-version":[{"id":2895,"href":"https:\/\/leaderschool.pl\/konin\/wp-json\/wp\/v2\/pages\/2607\/revisions\/2895"}],"wp:attachment":[{"href":"https:\/\/leaderschool.pl\/konin\/wp-json\/wp\/v2\/media?parent=2607"}],"curies":[{"name":"wp","href":"https:\/\/api.w.org\/{rel}","templated":true}]}}