{"id":2605,"date":"2022-07-24T00:32:21","date_gmt":"2022-07-23T22:32:21","guid":{"rendered":"https:\/\/leaderschool.sellision.dev\/konin\/?page_id=2605"},"modified":"2025-04-04T09:53:53","modified_gmt":"2025-04-04T07:53:53","slug":"jezyk-polski-dla-obcokrajowcow","status":"publish","type":"page","link":"https:\/\/leaderschool.pl\/konin\/jezyk-polski-dla-obcokrajowcow\/","title":{"rendered":"J\u0119zyk polski dla obcokrajowc\u00f3w w Koninie"},"content":{"rendered":"\n<p>Kurs j\u0119zyka polskiego dla obcokrajowc\u00f3w, tego potrzebujesz? To dobrze, \u017ce jeste\u015b z nami.<br>Proponujemy rozbudowan\u0105 <a href=\"https:\/\/leaderschool.pl\/konin\/\">ofert\u0119 kurs\u00f3w j\u0119zykowych<\/a> dla uczestnik\u00f3w z r\u00f3\u017cnych grup wiekowych, niezale\u017cnie od poziomu ich umiej\u0119tno\u015bci. Ka\u017cdy znajdzie u nas odpowiedni\u0105 propozycj\u0119 dla siebie. Sprawd\u017a dost\u0119pne rozwi\u0105zania i wybierz zaj\u0119cia, kt\u00f3re pomog\u0105 Ci si\u0119 rozwin\u0105\u0107 j\u0119zykowo!<br>J\u0119zyk polski nie jest \u0142atwym j\u0119zykiem, ale my wiemy, jak sprawi\u0107, \u017ce b\u0119dzie przyst\u0119pny i zrozumia\u0142y. Podczas zaj\u0119\u0107 stawiamy na najbardziej potrzebny element, czyli komunikacj\u0119. Praktyczn\u0105 nauk\u0119 j\u0119zyka maj\u0105c\u0105 na celu prze\u0142amanie bariery w m\u00f3wieniu i wyja\u015bnieniu zawi\u0142o\u015bci polskiej gramatyki.<br>Prowadzimy zaj\u0119cia na ka\u017cdym poziomie zaawansowania, wyr\u00f3\u017cnia nas indywidualne podej\u015bcie do klienta.<br>Ka\u017cdy nasz ucze\u0144 na koniec kursu mo\u017ce przyst\u0105pi\u0107 do egzaminu z j\u0119zyka polskiego i otrzyma\u0107 mi\u0119dzynarodowy certyfikat uko\u0144czenia kursu.<\/p>\n\n\n\n<h2>Polish for foreigners<\/h2>\n\n\n\n<p>Polish language course for foreigners, do you need it? It\u2019s good that you found us.<br>We offer an extensive range of language courses for participants of various age groups, regardless of their skill level. Everyone will find a suitable offer for themselves. Check out the available solutions and choose classes that will help you develop your language skills!<br>Polish is not an easy language, but we know how to make it accessible and understandable. During the classes, we focus on the most necessary element, i.e. communication. Practical language learning aimed at breaking the speaking barier and explaining the intricacies of Polish grammar is essential to us. We conduct classes at every level of advancement, we stand out by taking an individual approach to the client.<br>At the end of the course, each of our students can take the Polish language exam and receive an international certificate of completion of the course.<\/p>\n\n\n\n<h2>Polnisch f\u00fcr Ausl\u00e4nder<\/h2>\n\n\n\n<p>Brauchst du einen Polnischkurs f\u00fcr Ausl\u00e4nder? Gut, dass du mit uns bist!<br>In unserer Schule bieten wir ein breites Angebot an Sprachkursen f\u00fcr Teilnehmer aus verschiedenen Altersgruppen und unabh\u00e4ngig von ihrem Sprachniveau an. Jeder findet hier f\u00fcr sich einen entsprechenden Kurs. Pr\u00fcf die vorhandene L\u00f6sungen und w\u00e4hl diese, die dir helfen, sich sprachlich zu entwickeln!<br>Polnisch geh\u00f6rt nicht zu den einfachsten Sprachen, aber wir wissen, was gemacht werden soll, damit es allgemein verst\u00e4ndlich wird. W\u00e4hrend des Kurses legen wir das Schwergewicht auf das notwendigste Element, d.h. die Kommunikation. Das Ziel unseres Kurses ist, die Sprachbarierre zu brechen und die Kompliziertheiten der polnischen Grammatik zu erkl\u00e4ren.<\/p>\n\n\n\n<p>Die Sprachkursen in unserer Schule werden f\u00fcr allen Sprachstufen gef\u00fchrt. Wir werden durch eine individuelle Einstellung zu jeden Klienten ausgezeichnet. Am Ende des Kurses kann jeder Sch\u00fcler ein Examen in Polnisch ablegen und ein internationales Zertifikat bekommen.<\/p>\n\n\n\n<h2>\u041f\u043e\u043b\u044c\u0441\u043a\u0438\u0439 \u044f\u0437\u044b\u043a \u0434\u043b\u044f \u0438\u043d\u043e\u0441\u0442\u0440\u0430\u043d\u0446\u0435\u0432<\/h2>\n\n\n\n<p>\u0422\u0435\u0431\u0435 \u043d\u0443\u0436\u043d\u044b \u043a\u0443\u0440\u0441\u044b \u043f\u043e\u043b\u044c\u0441\u043a\u043e\u0433\u043e \u044f\u0437\u044b\u043a\u0430 \u0434\u043b\u044f \u0438\u043d\u043e\u0441\u0442\u0440\u0430\u043d\u0446\u0435\u0432? \u0422\u043e\u0433\u0434\u0430 \u0445\u043e\u0440\u043e\u0448\u043e, \u0447\u0442\u043e \u0442\u044b \u0441 \u043d\u0430\u043c\u0438.<br>\u041c\u044b \u043f\u0440\u0435\u0434\u043b\u0430\u0433\u0430\u0435\u043c \u0448\u0438\u0440\u043e\u043a\u0438\u0439 \u0441\u043f\u0435\u043a\u0442\u0440 \u044f\u0437\u044b\u043a\u043e\u0432\u044b\u0445 \u043a\u0443\u0440\u0441\u043e\u0432 \u0434\u043b\u044f \u0443\u0447\u0430\u0441\u0442\u043d\u0438\u043a\u043e\u0432 \u0440\u0430\u0437\u043d\u044b\u0445 \u0432\u043e\u0437\u0440\u0430\u0441\u0442\u043d\u044b\u0445 \u0433\u0440\u0443\u043f\u043f, \u043d\u0435\u0437\u0430\u0432\u0438\u0441\u0438\u043c\u043e \u043e\u0442 \u0443\u0440\u043e\u0432\u043d\u044f \u043f\u043e\u0434\u0433\u043e\u0442\u043e\u0432\u043a\u0438. \u041a\u0430\u0436\u0434\u044b\u0439 \u043d\u0430\u0439\u0434\u0435\u0442 \u0434\u043b\u044f \u0441\u0435\u0431\u044f \u043f\u043e\u0434\u0445\u043e\u0434\u044f\u0449\u0435\u0435 \u043f\u0440\u0435\u0434\u043b\u043e\u0436\u0435\u043d\u0438\u0435. \u041e\u0437\u043d\u0430\u043a\u043e\u043c\u044c\u0441\u044f \u0441 \u0434\u043e\u0441\u0442\u0443\u043f\u043d\u044b\u043c\u0438 \u043f\u0440\u0435\u0434\u043b\u043e\u0436\u0435\u043d\u0438\u044f\u043c\u0438 \u0438 \u0432\u044b\u0431\u0438\u0440\u0430\u0439 \u0434\u043b\u044f \u0441\u0435\u0431\u0435 \u0437\u0430\u043d\u044f\u0442\u0438\u044f, \u043a\u043e\u0442\u043e\u0440\u044b\u0435 \u043f\u043e\u043c\u043e\u0433\u0443\u0442 \u0440\u0430\u0437\u0432\u0438\u0432\u0430\u0442\u044c\u0441\u044f \u043b\u0438\u043d\u0433\u0432\u0438\u0441\u0442\u0438\u0447\u0435\u0441\u043a\u0438!<br>\u041f\u043e\u043b\u044c\u0441\u043a\u0438\u0439 \u2013 \u044d\u0442\u043e \u043d\u0435\u043f\u0440\u043e\u0441\u0442\u043e\u0439 \u044f\u0437\u044b\u043a, \u043d\u043e \u043c\u044b \u0437\u043d\u0430\u0435\u043c, \u043a\u0430\u043a \u0441\u0434\u0435\u043b\u0430\u0442\u044c \u0435\u0433\u043e \u0434\u043e\u0441\u0442\u0443\u043f\u043d\u044b\u043c \u0438 \u043f\u043e\u043d\u044f\u0442\u043d\u044b\u043c. \u0412\u043e \u0432\u0440\u0435\u043c\u044f \u0437\u0430\u043d\u044f\u0442\u0438\u0439 \u043c\u044b \u0443\u0434\u0435\u043b\u044f\u0435\u043c \u043e\u0441\u043e\u0431\u043e\u0435 \u0432\u043d\u0438\u043c\u0430\u043d\u0438\u0435 \u0441\u0430\u043c\u043e\u043c\u0443 \u043d\u0435\u043e\u0431\u0445\u043e\u0434\u0438\u043c\u043e\u043c\u0443 \u044d\u043b\u0435\u043c\u0435\u043d\u0442\u0443 &#8211; \u043e\u0431\u0449\u0435\u043d\u0438\u044e. \u041f\u0440\u0430\u043a\u0442\u0438\u0447\u0435\u0441\u043a\u043e\u0435 \u043e\u0431\u0443\u0447\u0435\u043d\u0438\u0435 \u044f\u0437\u044b\u043a\u0443 \u043d\u0430\u043f\u0440\u0430\u0432\u043b\u0435\u043d\u043e \u043d\u0430 \u043f\u0440\u0435\u043e\u0434\u043e\u043b\u0435\u043d\u0438\u0435 \u0440\u0430\u0437\u0433\u043e\u0432\u043e\u0440\u043d\u043e\u0433\u043e \u0431\u0430\u0440\u044c\u0435\u0440\u0430 \u0438 \u043e\u0431\u044a\u044f\u0441\u043d\u0435\u043d\u0438\u0435 \u0442\u043e\u043d\u043a\u043e\u0441\u0442\u0435\u0439 \u043f\u043e\u043b\u044c\u0441\u043a\u043e\u0439 \u0433\u0440\u0430\u043c\u043c\u0430\u0442\u0438\u043a\u0438.<br>\u041c\u044b \u043f\u0440\u0435\u043f\u043e\u0434\u0430\u0435\u043c \u043d\u0430 \u0432\u0441\u0435\u0445 \u0443\u0440\u043e\u0432\u043d\u044f\u0445, \u0438 \u043d\u0430\u0441 \u043e\u0442\u043b\u0438\u0447\u0430\u0435\u0442 \u0438\u043d\u0434\u0438\u0432\u0438\u0434\u0443\u0430\u043b\u044c\u043d\u044b\u0439 \u043f\u043e\u0434\u0445\u043e\u0434 \u043a \u043d\u0430\u0448\u0438\u043c \u043a\u043b\u0438\u0435\u043d\u0442\u0430\u043c.<br>\u0412 \u043a\u043e\u043d\u0446\u0435 \u043a\u0443\u0440\u0441\u0430 \u043a\u0430\u0436\u0434\u044b\u0439 \u0438\u0437 \u043d\u0430\u0448\u0438\u0445 \u0441\u0442\u0443\u0434\u0435\u043d\u0442\u043e\u0432 \u043c\u043e\u0436\u0435\u0442 \u0441\u0434\u0430\u0442\u044c \u044d\u043a\u0437\u0430\u043c\u0435\u043d \u043f\u043e \u043f\u043e\u043b\u044c\u0441\u043a\u043e\u043c\u0443 \u044f\u0437\u044b\u043a\u0443 \u0438 \u043f\u043e\u043b\u0443\u0447\u0438\u0442\u044c \u043c\u0435\u0436\u0434\u0443\u043d\u0430\u0440\u043e\u0434\u043d\u044b\u0439 \u0441\u0435\u0440\u0442\u0438\u0444\u0438\u043a\u0430\u0442 \u043e\u0431 \u043e\u043a\u043e\u043d\u0447\u0430\u043d\u0438\u0438 \u043a\u0443\u0440\u0441\u0430.<\/p>\n\n\n\n<h2>\u041f\u043e\u043b\u044c\u0441\u044c\u043a\u0430 \u043c\u043e\u0432\u0430 \u0434\u043b\u044f \u0456\u043d\u043e\u0437\u0435\u043c\u0446\u0456\u0432<\/h2>\n\n\n\n<p>\u0422\u043e\u0431\u0456 \u043f\u043e\u0442\u0440\u0456\u0431\u043d\u0456 \u043a\u0443\u0440\u0441\u0438 \u043f\u043e\u043b\u044c\u0441\u044c\u043a\u043e\u0457 \u043c\u043e\u0432\u0438 \u0434\u043b\u044f \u0456\u043d\u043e\u0437\u0435\u043c\u0446\u0456\u0432? \u0422\u043e\u0434\u0456 \u0446\u0435 \u0434\u043e\u0431\u0440\u0435, \u0449\u043e \u0442\u0438 \u0437 \u043d\u0430\u043c\u0438.<br>\u041c\u0438 \u043f\u0440\u043e\u043f\u043e\u043d\u0443\u0454\u043c\u043e \u0448\u0438\u0440\u043e\u043a\u0438\u0439 \u0441\u043f\u0435\u043a\u0442\u0440 \u043c\u043e\u0432\u043d\u0438\u0445 \u043a\u0443\u0440\u0441\u0456\u0432 \u0434\u043b\u044f \u0443\u0447\u0430\u0441\u043d\u0438\u043a\u0456\u0432 \u0440\u0456\u0437\u043d\u0438\u0445 \u0432\u0456\u043a\u043e\u0432\u0438\u0445 \u0433\u0440\u0443\u043f \u043d\u0435\u0437\u0430\u043b\u0435\u0436\u043d\u043e \u0432\u0456\u0434 \u0440\u0456\u0432\u043d\u044f \u043f\u0456\u0434\u0433\u043e\u0442\u043e\u0432\u043a\u0438. \u041a\u043e\u0436\u0435\u043d \u0437\u043d\u0430\u0439\u0434\u0435 \u0434\u043b\u044f \u0441\u0435\u0431\u0435 \u043f\u043e\u0442\u0440\u0456\u0431\u043d\u0443 \u043f\u0440\u043e\u043f\u043e\u0437\u0438\u0446\u0456\u044e. \u041e\u0437\u043d\u0430\u0439\u043e\u043c\u0441\u044f \u0437 \u0434\u043e\u0441\u0442\u0443\u043f\u043d\u0438\u043c\u0438 \u043f\u0440\u043e\u043f\u043e\u0437\u0438\u0446\u0456\u044f\u043c\u0438 \u0442\u0430 \u043e\u0431\u0438\u0440\u0430\u0439 \u0434\u043b\u044f \u0441\u0435\u0431\u0435 \u0437\u0430\u043d\u044f\u0442\u0442\u044f, \u044f\u043a\u0456 \u0434\u043e\u043f\u043e\u043c\u043e\u0436\u0443\u0442\u044c \u0440\u043e\u0437\u0432\u0438\u0432\u0430\u0442\u0438\u0441\u044f \u043b\u0456\u043d\u0433\u0432\u0456\u0441\u0442\u0438\u0447\u043d\u043e!<br>\u041f\u043e\u043b\u044c\u0441\u044c\u043a\u0430 \u2013 \u0446\u0435 \u043d\u0435\u043f\u0440\u043e\u0441\u0442\u0430 \u043c\u043e\u0432\u0430, \u0430\u043b\u0435 \u043c\u0438 \u0437\u043d\u0430\u0454\u043c\u043e, \u044f\u043a \u0437\u0440\u043e\u0431\u0438\u0442\u0438 \u0457\u0457 \u0434\u043e\u0441\u0442\u0443\u043f\u043d\u043e\u044e \u0442\u0430 \u0437\u0440\u043e\u0437\u0443\u043c\u0456\u043b\u043e\u044e. \u041f\u0456\u0434 \u0447\u0430\u0441 \u0437\u0430\u043d\u044f\u0442\u044c \u043c\u0438 \u043f\u0440\u0438\u0434\u0456\u043b\u044f\u0454\u043c\u043e \u043e\u0441\u043e\u0431\u043b\u0438\u0432\u0443 \u0443\u0432\u0430\u0433\u0443 \u043d\u0430\u0439\u043d\u0435\u043e\u0431\u0445\u0456\u0434\u043d\u0456\u0448\u043e\u043c\u0443 \u0435\u043b\u0435\u043c\u0435\u043d\u0442\u0443 \u2013 \u0441\u043f\u0456\u043b\u043a\u0443\u0432\u0430\u043d\u043d\u044e. \u041f\u0440\u0430\u043a\u0442\u0438\u0447\u043d\u0435 \u043d\u0430\u0432\u0447\u0430\u043d\u043d\u044f \u043c\u043e\u0432\u0438 \u0441\u043f\u0440\u044f\u043c\u043e\u0432\u0430\u043d\u0435 \u043d\u0430 \u043f\u043e\u0434\u043e\u043b\u0430\u043d\u043d\u044f \u0440\u043e\u0437\u043c\u043e\u0432\u043d\u043e\u0433\u043e \u0431\u0430\u0440&#8217;\u0454\u0440\u0443 \u0442\u0430 \u043f\u043e\u044f\u0441\u043d\u0435\u043d\u043d\u044f \u0442\u043e\u043d\u043a\u043e\u0449\u0456\u0432 \u043f\u043e\u043b\u044c\u0441\u044c\u043a\u043e\u0457 \u0433\u0440\u0430\u043c\u0430\u0442\u0438\u043a\u0438.<br>\u041c\u0438 \u0432\u0438\u043a\u043b\u0430\u0434\u0430\u0454\u043c\u043e \u043d\u0430 \u0432\u0441\u0456\u0445 \u0440\u0456\u0432\u043d\u044f\u0445 \u0456 \u043d\u0430\u0441 \u0432\u0456\u0434\u0440\u0456\u0437\u043d\u044f\u0454 \u0456\u043d\u0434\u0438\u0432\u0456\u0434\u0443\u0430\u043b\u044c\u043d\u0438\u0439 \u043f\u0456\u0434\u0445\u0456\u0434 \u0434\u043e \u043d\u0430\u0448\u0438\u0445 \u043a\u043b\u0456\u0454\u043d\u0442\u0456\u0432.<br>\u041d\u0430\u043f\u0440\u0438\u043a\u0456\u043d\u0446\u0456 \u043a\u0443\u0440\u0441\u0443 \u043a\u043e\u0436\u0435\u043d \u0437 \u043d\u0430\u0448\u0438\u0445 \u0441\u0442\u0443\u0434\u0435\u043d\u0442\u0456\u0432 \u043c\u043e\u0436\u0435 \u0441\u043a\u043b\u0430\u0441\u0442\u0438 \u0456\u0441\u043f\u0438\u0442 \u0437 \u043f\u043e\u043b\u044c\u0441\u044c\u043a\u043e\u0457 \u043c\u043e\u0432\u0438 \u0442\u0430 \u043e\u0442\u0440\u0438\u043c\u0430\u0442\u0438 \u043c\u0456\u0436\u043d\u0430\u0440\u043e\u0434\u043d\u0438\u0439 \u0441\u0435\u0440\u0442\u0438\u0444\u0456\u043a\u0430\u0442 \u043f\u0440\u043e \u0437\u0430\u043a\u0456\u043d\u0447\u0435\u043d\u043d\u044f \u043a\u0443\u0440\u0441\u0443.<\/p>\n","protected":false},"excerpt":{"rendered":"<p>Kurs j\u0119zyka polskiego dla obcokrajowc\u00f3w, tego potrzebujesz? To dobrze, \u017ce jeste\u015b z nami.Proponujemy rozbudowan\u0105 ofert\u0119 kurs\u00f3w j\u0119zykowych dla uczestnik\u00f3w z r\u00f3\u017cnych grup wiekowych, niezale\u017cnie od poziomu ich umiej\u0119tno\u015bci. Ka\u017cdy znajdzie u nas odpowiedni\u0105 propozycj\u0119 dla siebie. Sprawd\u017a dost\u0119pne rozwi\u0105zania i wybierz zaj\u0119cia, kt\u00f3re pomog\u0105 Ci si\u0119 rozwin\u0105\u0107 j\u0119zykowo!J\u0119zyk polski nie jest \u0142atwym j\u0119zykiem, ale my [&hellip;]<\/p>\n","protected":false},"author":3,"featured_media":0,"parent":0,"menu_order":0,"comment_status":"closed","ping_status":"closed","template":"","meta":{"ngg_post_thumbnail":0},"acf":[],"yoast_head":"<!-- This site is optimized with the Yoast SEO plugin v18.9 - https:\/\/yoast.com\/wordpress\/plugins\/seo\/ -->\n<title>J\u0119zyk polski dla obcokrajowc\u00f3w w Koninie Szko\u0142a j\u0119zykowa w Koninie - Leader School<\/title>\n<meta name=\"description\" content=\"Oferta kursu j\u0119zyka angielskiego dla obcokrajowc\u00f3w. Sprawd\u017a ofert\u0119 szko\u0142y j\u0119zykowej Leader School Konin. \ud83d\udcde+48 500 867 807\" \/>\n<meta name=\"robots\" content=\"index, follow, max-snippet:-1, max-image-preview:large, max-video-preview:-1\" \/>\n<link rel=\"canonical\" href=\"https:\/\/leaderschool.pl\/konin\/jezyk-polski-dla-obcokrajowcow\/\" \/>\n<meta property=\"og:locale\" content=\"pl_PL\" \/>\n<meta property=\"og:type\" content=\"article\" \/>\n<meta property=\"og:title\" content=\"J\u0119zyk polski dla obcokrajowc\u00f3w w Koninie Szko\u0142a j\u0119zykowa w Koninie - Leader School\" \/>\n<meta property=\"og:description\" content=\"Oferta kursu j\u0119zyka angielskiego dla obcokrajowc\u00f3w. Sprawd\u017a ofert\u0119 szko\u0142y j\u0119zykowej Leader School Konin. \ud83d\udcde+48 500 867 807\" \/>\n<meta property=\"og:url\" content=\"https:\/\/leaderschool.pl\/konin\/jezyk-polski-dla-obcokrajowcow\/\" \/>\n<meta property=\"og:site_name\" content=\"Szko\u0142a j\u0119zykowa w Koninie - Leader School\" \/>\n<meta property=\"article:publisher\" content=\"https:\/\/www.facebook.com\/leaderschoolkonin\" \/>\n<meta property=\"article:modified_time\" content=\"2025-04-04T07:53:53+00:00\" \/>\n<meta property=\"og:image\" content=\"https:\/\/leaderschool.pl\/konin\/wp-content\/uploads\/sites\/38\/2022\/06\/cropped-favicon-leader-school.png\" \/>\n\t<meta property=\"og:image:width\" content=\"512\" \/>\n\t<meta property=\"og:image:height\" content=\"512\" \/>\n\t<meta property=\"og:image:type\" content=\"image\/png\" \/>\n<meta name=\"twitter:card\" content=\"summary_large_image\" \/>\n<meta name=\"twitter:label1\" content=\"Szacowany czas czytania\" \/>\n\t<meta name=\"twitter:data1\" content=\"4 minuty\" \/>\n<script type=\"application\/ld+json\" class=\"yoast-schema-graph\">{\"@context\":\"https:\/\/schema.org\",\"@graph\":[{\"@type\":\"Organization\",\"@id\":\"https:\/\/leaderschool.pl\/konin\/#organization\",\"name\":\"Leader School Konin\",\"url\":\"https:\/\/leaderschool.pl\/konin\/\",\"sameAs\":[\"https:\/\/www.facebook.com\/leaderschoolkonin\"],\"logo\":{\"@type\":\"ImageObject\",\"inLanguage\":\"pl-PL\",\"@id\":\"https:\/\/leaderschool.pl\/konin\/#\/schema\/logo\/image\/\",\"url\":\"https:\/\/leaderschool.pl\/konin\/wp-content\/uploads\/sites\/38\/2022\/06\/favicon-leader-school.png\",\"contentUrl\":\"https:\/\/leaderschool.pl\/konin\/wp-content\/uploads\/sites\/38\/2022\/06\/favicon-leader-school.png\",\"width\":515,\"height\":515,\"caption\":\"Leader School Konin\"},\"image\":{\"@id\":\"https:\/\/leaderschool.pl\/konin\/#\/schema\/logo\/image\/\"}},{\"@type\":\"WebSite\",\"@id\":\"https:\/\/leaderschool.pl\/konin\/#website\",\"url\":\"https:\/\/leaderschool.pl\/konin\/\",\"name\":\"Szko\u0142a j\u0119zykowa w Koninie - Leader School\",\"description\":\"\",\"publisher\":{\"@id\":\"https:\/\/leaderschool.pl\/konin\/#organization\"},\"potentialAction\":[{\"@type\":\"SearchAction\",\"target\":{\"@type\":\"EntryPoint\",\"urlTemplate\":\"https:\/\/leaderschool.pl\/konin\/?s={search_term_string}\"},\"query-input\":\"required name=search_term_string\"}],\"inLanguage\":\"pl-PL\"},{\"@type\":\"WebPage\",\"@id\":\"https:\/\/leaderschool.pl\/konin\/jezyk-polski-dla-obcokrajowcow\/#webpage\",\"url\":\"https:\/\/leaderschool.pl\/konin\/jezyk-polski-dla-obcokrajowcow\/\",\"name\":\"J\u0119zyk polski dla obcokrajowc\u00f3w w Koninie Szko\u0142a j\u0119zykowa w Koninie - Leader School\",\"isPartOf\":{\"@id\":\"https:\/\/leaderschool.pl\/konin\/#website\"},\"datePublished\":\"2022-07-23T22:32:21+00:00\",\"dateModified\":\"2025-04-04T07:53:53+00:00\",\"description\":\"Oferta kursu j\u0119zyka angielskiego dla obcokrajowc\u00f3w. Sprawd\u017a ofert\u0119 szko\u0142y j\u0119zykowej Leader School Konin. \ud83d\udcde+48 500 867 807\",\"breadcrumb\":{\"@id\":\"https:\/\/leaderschool.pl\/konin\/jezyk-polski-dla-obcokrajowcow\/#breadcrumb\"},\"inLanguage\":\"pl-PL\",\"potentialAction\":[{\"@type\":\"ReadAction\",\"target\":[\"https:\/\/leaderschool.pl\/konin\/jezyk-polski-dla-obcokrajowcow\/\"]}]},{\"@type\":\"BreadcrumbList\",\"@id\":\"https:\/\/leaderschool.pl\/konin\/jezyk-polski-dla-obcokrajowcow\/#breadcrumb\",\"itemListElement\":[{\"@type\":\"ListItem\",\"position\":1,\"name\":\"Home\",\"item\":\"https:\/\/leaderschool.pl\/konin\/\"},{\"@type\":\"ListItem\",\"position\":2,\"name\":\"J\u0119zyk polski dla obcokrajowc\u00f3w w Koninie\"}]}]}<\/script>\n<!-- \/ Yoast SEO plugin. -->","yoast_head_json":{"title":"J\u0119zyk polski dla obcokrajowc\u00f3w w Koninie Szko\u0142a j\u0119zykowa w Koninie - Leader School","description":"Oferta kursu j\u0119zyka angielskiego dla obcokrajowc\u00f3w. Sprawd\u017a ofert\u0119 szko\u0142y j\u0119zykowej Leader School Konin. \ud83d\udcde+48 500 867 807","robots":{"index":"index","follow":"follow","max-snippet":"max-snippet:-1","max-image-preview":"max-image-preview:large","max-video-preview":"max-video-preview:-1"},"canonical":"https:\/\/leaderschool.pl\/konin\/jezyk-polski-dla-obcokrajowcow\/","og_locale":"pl_PL","og_type":"article","og_title":"J\u0119zyk polski dla obcokrajowc\u00f3w w Koninie Szko\u0142a j\u0119zykowa w Koninie - Leader School","og_description":"Oferta kursu j\u0119zyka angielskiego dla obcokrajowc\u00f3w. Sprawd\u017a ofert\u0119 szko\u0142y j\u0119zykowej Leader School Konin. \ud83d\udcde+48 500 867 807","og_url":"https:\/\/leaderschool.pl\/konin\/jezyk-polski-dla-obcokrajowcow\/","og_site_name":"Szko\u0142a j\u0119zykowa w Koninie - Leader School","article_publisher":"https:\/\/www.facebook.com\/leaderschoolkonin","article_modified_time":"2025-04-04T07:53:53+00:00","og_image":[{"width":512,"height":512,"url":"https:\/\/leaderschool.pl\/konin\/wp-content\/uploads\/sites\/38\/2022\/06\/cropped-favicon-leader-school.png","type":"image\/png"}],"twitter_card":"summary_large_image","twitter_misc":{"Szacowany czas czytania":"4 minuty"},"schema":{"@context":"https:\/\/schema.org","@graph":[{"@type":"Organization","@id":"https:\/\/leaderschool.pl\/konin\/#organization","name":"Leader School Konin","url":"https:\/\/leaderschool.pl\/konin\/","sameAs":["https:\/\/www.facebook.com\/leaderschoolkonin"],"logo":{"@type":"ImageObject","inLanguage":"pl-PL","@id":"https:\/\/leaderschool.pl\/konin\/#\/schema\/logo\/image\/","url":"https:\/\/leaderschool.pl\/konin\/wp-content\/uploads\/sites\/38\/2022\/06\/favicon-leader-school.png","contentUrl":"https:\/\/leaderschool.pl\/konin\/wp-content\/uploads\/sites\/38\/2022\/06\/favicon-leader-school.png","width":515,"height":515,"caption":"Leader School Konin"},"image":{"@id":"https:\/\/leaderschool.pl\/konin\/#\/schema\/logo\/image\/"}},{"@type":"WebSite","@id":"https:\/\/leaderschool.pl\/konin\/#website","url":"https:\/\/leaderschool.pl\/konin\/","name":"Szko\u0142a j\u0119zykowa w Koninie - Leader School","description":"","publisher":{"@id":"https:\/\/leaderschool.pl\/konin\/#organization"},"potentialAction":[{"@type":"SearchAction","target":{"@type":"EntryPoint","urlTemplate":"https:\/\/leaderschool.pl\/konin\/?s={search_term_string}"},"query-input":"required name=search_term_string"}],"inLanguage":"pl-PL"},{"@type":"WebPage","@id":"https:\/\/leaderschool.pl\/konin\/jezyk-polski-dla-obcokrajowcow\/#webpage","url":"https:\/\/leaderschool.pl\/konin\/jezyk-polski-dla-obcokrajowcow\/","name":"J\u0119zyk polski dla obcokrajowc\u00f3w w Koninie Szko\u0142a j\u0119zykowa w Koninie - Leader School","isPartOf":{"@id":"https:\/\/leaderschool.pl\/konin\/#website"},"datePublished":"2022-07-23T22:32:21+00:00","dateModified":"2025-04-04T07:53:53+00:00","description":"Oferta kursu j\u0119zyka angielskiego dla obcokrajowc\u00f3w. Sprawd\u017a ofert\u0119 szko\u0142y j\u0119zykowej Leader School Konin. \ud83d\udcde+48 500 867 807","breadcrumb":{"@id":"https:\/\/leaderschool.pl\/konin\/jezyk-polski-dla-obcokrajowcow\/#breadcrumb"},"inLanguage":"pl-PL","potentialAction":[{"@type":"ReadAction","target":["https:\/\/leaderschool.pl\/konin\/jezyk-polski-dla-obcokrajowcow\/"]}]},{"@type":"BreadcrumbList","@id":"https:\/\/leaderschool.pl\/konin\/jezyk-polski-dla-obcokrajowcow\/#breadcrumb","itemListElement":[{"@type":"ListItem","position":1,"name":"Home","item":"https:\/\/leaderschool.pl\/konin\/"},{"@type":"ListItem","position":2,"name":"J\u0119zyk polski dla obcokrajowc\u00f3w w Koninie"}]}]}},"_links":{"self":[{"href":"https:\/\/leaderschool.pl\/konin\/wp-json\/wp\/v2\/pages\/2605"}],"collection":[{"href":"https:\/\/leaderschool.pl\/konin\/wp-json\/wp\/v2\/pages"}],"about":[{"href":"https:\/\/leaderschool.pl\/konin\/wp-json\/wp\/v2\/types\/page"}],"author":[{"embeddable":true,"href":"https:\/\/leaderschool.pl\/konin\/wp-json\/wp\/v2\/users\/3"}],"replies":[{"embeddable":true,"href":"https:\/\/leaderschool.pl\/konin\/wp-json\/wp\/v2\/comments?post=2605"}],"version-history":[{"count":3,"href":"https:\/\/leaderschool.pl\/konin\/wp-json\/wp\/v2\/pages\/2605\/revisions"}],"predecessor-version":[{"id":2902,"href":"https:\/\/leaderschool.pl\/konin\/wp-json\/wp\/v2\/pages\/2605\/revisions\/2902"}],"wp:attachment":[{"href":"https:\/\/leaderschool.pl\/konin\/wp-json\/wp\/v2\/media?parent=2605"}],"curies":[{"name":"wp","href":"https:\/\/api.w.org\/{rel}","templated":true}]}}