{"id":2601,"date":"2022-07-24T00:29:13","date_gmt":"2022-07-23T22:29:13","guid":{"rendered":"https:\/\/leaderschool.sellision.dev\/konin\/?page_id=2601"},"modified":"2025-04-04T09:55:32","modified_gmt":"2025-04-04T07:55:32","slug":"inne-jezyki","status":"publish","type":"page","link":"https:\/\/leaderschool.pl\/konin\/inne-jezyki\/","title":{"rendered":"Inne j\u0119zyki"},"content":{"rendered":"\n<p>Proponujemy rozbudowan\u0105 ofert\u0119 kurs\u00f3w j\u0119zykowych dla uczestnik\u00f3w z r\u00f3\u017cnych grup wiekowych, niezale\u017cnie od poziomu ich umiej\u0119tno\u015bci. <a href=\"https:\/\/leaderschool.pl\/konin\/\">W naszej szkole w Koninie<\/a> prowadzimy kursy hiszpa\u0144skiego, w\u0142oskiego, francuskiego, rosyjskiego i niemieckiego dla dzieci, m\u0142odzie\u017cy, doros\u0142ych oraz firm. Ka\u017cdy znajdzie u nas odpowiedni\u0105 propozycj\u0119 dla siebie. Sprawd\u017a dost\u0119pne rozwi\u0105zania i wybierz zaj\u0119cia, kt\u00f3re pomog\u0105 Ci si\u0119 rozwin\u0105\u0107 j\u0119zykowo!<\/p>\n\n\n\n<h2>Nauka j\u0119zyka hiszpa\u0144skiego, w\u0142oskiego, francuskiego i rosyjskiego metod\u0105 bezpo\u015bredni\u0105 \u2013 efektywnie i szybko w Koninie<\/h2>\n\n\n\n<p>Podczas zaj\u0119\u0107 wykorzystujemy metod\u0119 bezpo\u015bredni\u0105 nauczania j\u0119zyka obcego \u2013 poznaj jej podstawowe zasady i dowiedz si\u0119, z czego wynika jej skuteczno\u015b\u0107:<\/p>\n\n\n\n<ul><li>minimalizacja u\u017cycia j\u0119zyka ojczystego \u2013 niezale\u017cnie od tego, czy wybra\u0142e\u015b&nbsp;<strong>kurs hiszpa\u0144skiego<\/strong>,&nbsp;<strong>w\u0142oskiego<\/strong>,&nbsp;<strong>francuskiego<\/strong>, czy&nbsp;<strong>rosyjskiego<\/strong>, do\u015bwiadczysz pe\u0142nego zanurzenia w tym j\u0119zyku. Nasi lektorzy biegle pos\u0142uguj\u0105 si\u0119 j\u0119zykiem obcym, co daje Ci mo\u017cliwo\u015b\u0107 opanowania poprawnej wymowy i akcentu. Os\u0142uchuj\u0105c si\u0119 z ich wypowiedziami, a tak\u017ce podejmuj\u0105c pierwsze pr\u00f3by samodzielnej konwersacji, oswajasz si\u0119 z obc\u0105 wymow\u0105 i likwidujesz barier\u0119 m\u00f3wienia,<\/li><li>nacisk na rozmow\u0119 \u2013 \u017cmudna nauka zasad gramatycznych mo\u017ce zniech\u0119ci\u0107 i zburzy\u0107 motywacj\u0119. W naszej szkole stawiamy na rozbudowywanie s\u0142ownictwa, aby\u015b m\u00f3g\u0142 tworzy\u0107 coraz bardziej zaawansowane dialogi i rozwija\u0107 si\u0119 komunikacyjnie. Dzi\u0119ki temu zyskujesz praktyczne umiej\u0119tno\u015bci, kt\u00f3re wykorzystasz na co dzie\u0144 \u2013 podczas wakacji, w pracy czy w trakcie rozm\u00f3w z lektorem i innymi kursantami,<\/li><li>utrwalanie prawid\u0142owych nawyk\u00f3w j\u0119zykowych \u2013 poprawno\u015b\u0107 wymowy to priorytet, aby\u015b m\u00f3g\u0142 u\u017cywa\u0107 j\u0119zyka obcego w praktyce. Nasi lektorzy prowadz\u0105&nbsp;<strong>lekcje hiszpa\u0144skiego, w\u0142oskiego, francuskiego i rosyjskiego<\/strong>&nbsp;w taki spos\u00f3b, \u017ceby Twoje umiej\u0119tno\u015bci komunikacyjne stale wzrasta\u0142y.<\/li><\/ul>\n\n\n\n<h3>Niemiecki, hiszpa\u0144ski, w\u0142oski francuski i rosyjski dla dzieci \u2013 uczymy tych j\u0119zyk\u00f3w nawet najm\u0142odszych!<\/h3>\n\n\n\n<p>Interesuje Ci\u0119&nbsp;<strong>nauka niemieckiego dla dzieci?&nbsp;<\/strong>Chcesz zapisa\u0107 swoj\u0105 pociech\u0119 na&nbsp;<strong>lekcje francuskiego<\/strong>,&nbsp;<strong>hiszpa\u0144skiego<\/strong>,&nbsp;<strong>w\u0142oskiego<\/strong>&nbsp;lub&nbsp;<strong>rosyjskiego<\/strong>? Zapraszamy do nas! Zapewniamy starannie opracowane scenariusze zaj\u0119\u0107, podczas kt\u00f3rych zapoznajemy ma\u0142ych uczestnik\u00f3w z wybranym j\u0119zykiem obcym i stopniowo poszerzamy s\u0142ownictwo. Stawiamy na nauk\u0119 przez praktyczne u\u017cycie j\u0119zyka, dlatego Twoje dziecko od pierwszych zaj\u0119\u0107 zaczyna budowa\u0107 samodzielne wypowiedzi i poznaje podstawowe wyra\u017cenia pozwalaj\u0105ce mu na prowadzenie prostych rozm\u00f3w.<\/p>\n\n\n\n<h3>Francuski, hiszpa\u0144ski, niemiecki, w\u0142oski i rosyjski dla m\u0142odzie\u017cy i doros\u0142ych w Koninie<\/h3>\n\n\n\n<p>Oferujemy r\u00f3wnie\u017c&nbsp;<strong>lekcje francuskiego<\/strong>,&nbsp;<strong>hiszpa\u0144skiego<\/strong>,&nbsp;<strong><a href=\"https:\/\/leaderschool.pl\/konin\/bls-dla-mlodziezy\/\">niemieckiego<\/a><\/strong>,&nbsp;<strong>w\u0142oskiego<\/strong>&nbsp;i&nbsp;<strong>rosyjskiego dla m\u0142odzie\u017cy<\/strong>&nbsp;oraz doros\u0142ych. Niezale\u017cnie od tego, na jakim poziomie opanowa\u0142e\u015b j\u0119zyk obcy, z nami rozwiniesz te umiej\u0119tno\u015bci i zyskasz pe\u0142n\u0105 swobod\u0119 m\u00f3wienia. Ka\u017cdy kurs jest zoptymalizowany do indywidualnych potrzeb \u2013 jeste\u015bmy elastyczni i uwzgl\u0119dniamy Twoje preferencje czasowe oraz zapewniamy nauk\u0119 w kameralnych grupach, tworzonych zgodnie ze stopniem zaawansowania uczestnik\u00f3w. W naszej szkole prowadzimy tak\u017ce <a href=\"https:\/\/leaderschool.pl\/konin\/oferta-dla-firm\/\">szkolenia j\u0119zykowe dla firm<\/a>.<\/p>\n","protected":false},"excerpt":{"rendered":"<p>Proponujemy rozbudowan\u0105 ofert\u0119 kurs\u00f3w j\u0119zykowych dla uczestnik\u00f3w z r\u00f3\u017cnych grup wiekowych, niezale\u017cnie od poziomu ich umiej\u0119tno\u015bci. W naszej szkole w Koninie prowadzimy kursy hiszpa\u0144skiego, w\u0142oskiego, francuskiego, rosyjskiego i niemieckiego dla dzieci, m\u0142odzie\u017cy, doros\u0142ych oraz firm. Ka\u017cdy znajdzie u nas odpowiedni\u0105 propozycj\u0119 dla siebie. Sprawd\u017a dost\u0119pne rozwi\u0105zania i wybierz zaj\u0119cia, kt\u00f3re pomog\u0105 Ci si\u0119 rozwin\u0105\u0107 j\u0119zykowo! [&hellip;]<\/p>\n","protected":false},"author":3,"featured_media":0,"parent":0,"menu_order":0,"comment_status":"closed","ping_status":"closed","template":"","meta":{"ngg_post_thumbnail":0},"acf":[],"yoast_head":"<!-- This site is optimized with the Yoast SEO plugin v18.9 - https:\/\/yoast.com\/wordpress\/plugins\/seo\/ -->\n<title>Inne j\u0119zyki Szko\u0142a j\u0119zykowa w Koninie - Leader School<\/title>\n<meta name=\"description\" content=\"Szukasz kurs\u00f3w j\u0119zykowych? Interesuje Ci\u0119 j\u0119zyk hiszpa\u0144ski, w\u0142oski lub francuski? Sprawd\u017a ofert\u0119 szko\u0142y Leader School Konin!\" \/>\n<meta name=\"robots\" content=\"index, follow, max-snippet:-1, max-image-preview:large, max-video-preview:-1\" \/>\n<link rel=\"canonical\" href=\"https:\/\/leaderschool.pl\/konin\/inne-jezyki\/\" \/>\n<meta property=\"og:locale\" content=\"pl_PL\" \/>\n<meta property=\"og:type\" content=\"article\" \/>\n<meta property=\"og:title\" content=\"Inne j\u0119zyki Szko\u0142a j\u0119zykowa w Koninie - Leader School\" \/>\n<meta property=\"og:description\" content=\"Szukasz kurs\u00f3w j\u0119zykowych? Interesuje Ci\u0119 j\u0119zyk hiszpa\u0144ski, w\u0142oski lub francuski? Sprawd\u017a ofert\u0119 szko\u0142y Leader School Konin!\" \/>\n<meta property=\"og:url\" content=\"https:\/\/leaderschool.pl\/konin\/inne-jezyki\/\" \/>\n<meta property=\"og:site_name\" content=\"Szko\u0142a j\u0119zykowa w Koninie - Leader School\" \/>\n<meta property=\"article:publisher\" content=\"https:\/\/www.facebook.com\/leaderschoolkonin\" \/>\n<meta property=\"article:modified_time\" content=\"2025-04-04T07:55:32+00:00\" \/>\n<meta property=\"og:image\" content=\"https:\/\/leaderschool.pl\/konin\/wp-content\/uploads\/sites\/38\/2022\/06\/cropped-favicon-leader-school.png\" \/>\n\t<meta property=\"og:image:width\" content=\"512\" \/>\n\t<meta property=\"og:image:height\" content=\"512\" \/>\n\t<meta property=\"og:image:type\" content=\"image\/png\" \/>\n<meta name=\"twitter:card\" content=\"summary_large_image\" \/>\n<meta name=\"twitter:label1\" content=\"Szacowany czas czytania\" \/>\n\t<meta name=\"twitter:data1\" content=\"3 minuty\" \/>\n<script type=\"application\/ld+json\" class=\"yoast-schema-graph\">{\"@context\":\"https:\/\/schema.org\",\"@graph\":[{\"@type\":\"Organization\",\"@id\":\"https:\/\/leaderschool.pl\/konin\/#organization\",\"name\":\"Leader School Konin\",\"url\":\"https:\/\/leaderschool.pl\/konin\/\",\"sameAs\":[\"https:\/\/www.facebook.com\/leaderschoolkonin\"],\"logo\":{\"@type\":\"ImageObject\",\"inLanguage\":\"pl-PL\",\"@id\":\"https:\/\/leaderschool.pl\/konin\/#\/schema\/logo\/image\/\",\"url\":\"https:\/\/leaderschool.pl\/konin\/wp-content\/uploads\/sites\/38\/2022\/06\/favicon-leader-school.png\",\"contentUrl\":\"https:\/\/leaderschool.pl\/konin\/wp-content\/uploads\/sites\/38\/2022\/06\/favicon-leader-school.png\",\"width\":515,\"height\":515,\"caption\":\"Leader School Konin\"},\"image\":{\"@id\":\"https:\/\/leaderschool.pl\/konin\/#\/schema\/logo\/image\/\"}},{\"@type\":\"WebSite\",\"@id\":\"https:\/\/leaderschool.pl\/konin\/#website\",\"url\":\"https:\/\/leaderschool.pl\/konin\/\",\"name\":\"Szko\u0142a j\u0119zykowa w Koninie - Leader School\",\"description\":\"\",\"publisher\":{\"@id\":\"https:\/\/leaderschool.pl\/konin\/#organization\"},\"potentialAction\":[{\"@type\":\"SearchAction\",\"target\":{\"@type\":\"EntryPoint\",\"urlTemplate\":\"https:\/\/leaderschool.pl\/konin\/?s={search_term_string}\"},\"query-input\":\"required name=search_term_string\"}],\"inLanguage\":\"pl-PL\"},{\"@type\":\"WebPage\",\"@id\":\"https:\/\/leaderschool.pl\/konin\/inne-jezyki\/#webpage\",\"url\":\"https:\/\/leaderschool.pl\/konin\/inne-jezyki\/\",\"name\":\"Inne j\u0119zyki Szko\u0142a j\u0119zykowa w Koninie - Leader School\",\"isPartOf\":{\"@id\":\"https:\/\/leaderschool.pl\/konin\/#website\"},\"datePublished\":\"2022-07-23T22:29:13+00:00\",\"dateModified\":\"2025-04-04T07:55:32+00:00\",\"description\":\"Szukasz kurs\u00f3w j\u0119zykowych? Interesuje Ci\u0119 j\u0119zyk hiszpa\u0144ski, w\u0142oski lub francuski? Sprawd\u017a ofert\u0119 szko\u0142y Leader School Konin!\",\"breadcrumb\":{\"@id\":\"https:\/\/leaderschool.pl\/konin\/inne-jezyki\/#breadcrumb\"},\"inLanguage\":\"pl-PL\",\"potentialAction\":[{\"@type\":\"ReadAction\",\"target\":[\"https:\/\/leaderschool.pl\/konin\/inne-jezyki\/\"]}]},{\"@type\":\"BreadcrumbList\",\"@id\":\"https:\/\/leaderschool.pl\/konin\/inne-jezyki\/#breadcrumb\",\"itemListElement\":[{\"@type\":\"ListItem\",\"position\":1,\"name\":\"Home\",\"item\":\"https:\/\/leaderschool.pl\/konin\/\"},{\"@type\":\"ListItem\",\"position\":2,\"name\":\"Inne j\u0119zyki\"}]}]}<\/script>\n<!-- \/ Yoast SEO plugin. -->","yoast_head_json":{"title":"Inne j\u0119zyki Szko\u0142a j\u0119zykowa w Koninie - Leader School","description":"Szukasz kurs\u00f3w j\u0119zykowych? Interesuje Ci\u0119 j\u0119zyk hiszpa\u0144ski, w\u0142oski lub francuski? Sprawd\u017a ofert\u0119 szko\u0142y Leader School Konin!","robots":{"index":"index","follow":"follow","max-snippet":"max-snippet:-1","max-image-preview":"max-image-preview:large","max-video-preview":"max-video-preview:-1"},"canonical":"https:\/\/leaderschool.pl\/konin\/inne-jezyki\/","og_locale":"pl_PL","og_type":"article","og_title":"Inne j\u0119zyki Szko\u0142a j\u0119zykowa w Koninie - Leader School","og_description":"Szukasz kurs\u00f3w j\u0119zykowych? Interesuje Ci\u0119 j\u0119zyk hiszpa\u0144ski, w\u0142oski lub francuski? Sprawd\u017a ofert\u0119 szko\u0142y Leader School Konin!","og_url":"https:\/\/leaderschool.pl\/konin\/inne-jezyki\/","og_site_name":"Szko\u0142a j\u0119zykowa w Koninie - Leader School","article_publisher":"https:\/\/www.facebook.com\/leaderschoolkonin","article_modified_time":"2025-04-04T07:55:32+00:00","og_image":[{"width":512,"height":512,"url":"https:\/\/leaderschool.pl\/konin\/wp-content\/uploads\/sites\/38\/2022\/06\/cropped-favicon-leader-school.png","type":"image\/png"}],"twitter_card":"summary_large_image","twitter_misc":{"Szacowany czas czytania":"3 minuty"},"schema":{"@context":"https:\/\/schema.org","@graph":[{"@type":"Organization","@id":"https:\/\/leaderschool.pl\/konin\/#organization","name":"Leader School Konin","url":"https:\/\/leaderschool.pl\/konin\/","sameAs":["https:\/\/www.facebook.com\/leaderschoolkonin"],"logo":{"@type":"ImageObject","inLanguage":"pl-PL","@id":"https:\/\/leaderschool.pl\/konin\/#\/schema\/logo\/image\/","url":"https:\/\/leaderschool.pl\/konin\/wp-content\/uploads\/sites\/38\/2022\/06\/favicon-leader-school.png","contentUrl":"https:\/\/leaderschool.pl\/konin\/wp-content\/uploads\/sites\/38\/2022\/06\/favicon-leader-school.png","width":515,"height":515,"caption":"Leader School Konin"},"image":{"@id":"https:\/\/leaderschool.pl\/konin\/#\/schema\/logo\/image\/"}},{"@type":"WebSite","@id":"https:\/\/leaderschool.pl\/konin\/#website","url":"https:\/\/leaderschool.pl\/konin\/","name":"Szko\u0142a j\u0119zykowa w Koninie - Leader School","description":"","publisher":{"@id":"https:\/\/leaderschool.pl\/konin\/#organization"},"potentialAction":[{"@type":"SearchAction","target":{"@type":"EntryPoint","urlTemplate":"https:\/\/leaderschool.pl\/konin\/?s={search_term_string}"},"query-input":"required name=search_term_string"}],"inLanguage":"pl-PL"},{"@type":"WebPage","@id":"https:\/\/leaderschool.pl\/konin\/inne-jezyki\/#webpage","url":"https:\/\/leaderschool.pl\/konin\/inne-jezyki\/","name":"Inne j\u0119zyki Szko\u0142a j\u0119zykowa w Koninie - Leader School","isPartOf":{"@id":"https:\/\/leaderschool.pl\/konin\/#website"},"datePublished":"2022-07-23T22:29:13+00:00","dateModified":"2025-04-04T07:55:32+00:00","description":"Szukasz kurs\u00f3w j\u0119zykowych? Interesuje Ci\u0119 j\u0119zyk hiszpa\u0144ski, w\u0142oski lub francuski? Sprawd\u017a ofert\u0119 szko\u0142y Leader School Konin!","breadcrumb":{"@id":"https:\/\/leaderschool.pl\/konin\/inne-jezyki\/#breadcrumb"},"inLanguage":"pl-PL","potentialAction":[{"@type":"ReadAction","target":["https:\/\/leaderschool.pl\/konin\/inne-jezyki\/"]}]},{"@type":"BreadcrumbList","@id":"https:\/\/leaderschool.pl\/konin\/inne-jezyki\/#breadcrumb","itemListElement":[{"@type":"ListItem","position":1,"name":"Home","item":"https:\/\/leaderschool.pl\/konin\/"},{"@type":"ListItem","position":2,"name":"Inne j\u0119zyki"}]}]}},"_links":{"self":[{"href":"https:\/\/leaderschool.pl\/konin\/wp-json\/wp\/v2\/pages\/2601"}],"collection":[{"href":"https:\/\/leaderschool.pl\/konin\/wp-json\/wp\/v2\/pages"}],"about":[{"href":"https:\/\/leaderschool.pl\/konin\/wp-json\/wp\/v2\/types\/page"}],"author":[{"embeddable":true,"href":"https:\/\/leaderschool.pl\/konin\/wp-json\/wp\/v2\/users\/3"}],"replies":[{"embeddable":true,"href":"https:\/\/leaderschool.pl\/konin\/wp-json\/wp\/v2\/comments?post=2601"}],"version-history":[{"count":6,"href":"https:\/\/leaderschool.pl\/konin\/wp-json\/wp\/v2\/pages\/2601\/revisions"}],"predecessor-version":[{"id":2904,"href":"https:\/\/leaderschool.pl\/konin\/wp-json\/wp\/v2\/pages\/2601\/revisions\/2904"}],"wp:attachment":[{"href":"https:\/\/leaderschool.pl\/konin\/wp-json\/wp\/v2\/media?parent=2601"}],"curies":[{"name":"wp","href":"https:\/\/api.w.org\/{rel}","templated":true}]}}