{"id":18,"date":"2022-05-16T15:31:52","date_gmt":"2022-05-16T13:31:52","guid":{"rendered":"http:\/\/leader-school.lan\/oddzial\/?page_id=18"},"modified":"2023-03-14T10:04:59","modified_gmt":"2023-03-14T09:04:59","slug":"strona-glowna","status":"publish","type":"page","link":"https:\/\/leaderschool.pl\/konin\/","title":{"rendered":"Strona g\u0142\u00f3wna"},"content":{"rendered":"","protected":false},"excerpt":{"rendered":"","protected":false},"author":1,"featured_media":0,"parent":0,"menu_order":0,"comment_status":"closed","ping_status":"closed","template":"","meta":{"ngg_post_thumbnail":0},"acf":[],"yoast_head":"<!-- This site is optimized with the Yoast SEO plugin v18.9 - https:\/\/yoast.com\/wordpress\/plugins\/seo\/ -->\n<title>Szko\u0142a j\u0119zykowa Szko\u0142a j\u0119zykowa w Koninie - Leader School<\/title>\n<meta name=\"description\" content=\"Szukasz szko\u0142y j\u0119zykowej w Koninie? Chcesz nauczy\u0107 si\u0119 angielskiego, niemieckiego lub innego j\u0119zyka obcego? Dobrze trafi\u0142e\u015b! \u260e 500 867 807\" \/>\n<meta name=\"robots\" content=\"index, follow, max-snippet:-1, max-image-preview:large, max-video-preview:-1\" \/>\n<link rel=\"canonical\" href=\"https:\/\/leaderschool.pl\/konin\/\" \/>\n<meta property=\"og:locale\" content=\"pl_PL\" \/>\n<meta property=\"og:type\" content=\"article\" \/>\n<meta property=\"og:title\" content=\"Szko\u0142a j\u0119zykowa Szko\u0142a j\u0119zykowa w Koninie - Leader School\" \/>\n<meta property=\"og:description\" content=\"Szukasz szko\u0142y j\u0119zykowej w Koninie? Chcesz nauczy\u0107 si\u0119 angielskiego, niemieckiego lub innego j\u0119zyka obcego? Dobrze trafi\u0142e\u015b! \u260e 500 867 807\" \/>\n<meta property=\"og:url\" content=\"https:\/\/leaderschool.pl\/konin\/\" \/>\n<meta property=\"og:site_name\" content=\"Szko\u0142a j\u0119zykowa w Koninie - Leader School\" \/>\n<meta property=\"article:publisher\" content=\"https:\/\/www.facebook.com\/leaderschoolkonin\" \/>\n<meta property=\"article:modified_time\" content=\"2023-03-14T09:04:59+00:00\" \/>\n<meta property=\"og:image\" content=\"https:\/\/leaderschool.pl\/konin\/wp-content\/uploads\/sites\/38\/2022\/06\/cropped-favicon-leader-school.png\" \/>\n\t<meta property=\"og:image:width\" content=\"512\" \/>\n\t<meta property=\"og:image:height\" content=\"512\" \/>\n\t<meta property=\"og:image:type\" content=\"image\/png\" \/>\n<meta name=\"twitter:card\" content=\"summary_large_image\" \/>\n<script type=\"application\/ld+json\" class=\"yoast-schema-graph\">{\"@context\":\"https:\/\/schema.org\",\"@graph\":[{\"@type\":\"Organization\",\"@id\":\"https:\/\/leaderschool.pl\/konin\/#organization\",\"name\":\"Leader School Konin\",\"url\":\"https:\/\/leaderschool.pl\/konin\/\",\"sameAs\":[\"https:\/\/www.facebook.com\/leaderschoolkonin\"],\"logo\":{\"@type\":\"ImageObject\",\"inLanguage\":\"pl-PL\",\"@id\":\"https:\/\/leaderschool.pl\/konin\/#\/schema\/logo\/image\/\",\"url\":\"https:\/\/leaderschool.pl\/konin\/wp-content\/uploads\/sites\/38\/2022\/06\/favicon-leader-school.png\",\"contentUrl\":\"https:\/\/leaderschool.pl\/konin\/wp-content\/uploads\/sites\/38\/2022\/06\/favicon-leader-school.png\",\"width\":515,\"height\":515,\"caption\":\"Leader School Konin\"},\"image\":{\"@id\":\"https:\/\/leaderschool.pl\/konin\/#\/schema\/logo\/image\/\"}},{\"@type\":\"WebSite\",\"@id\":\"https:\/\/leaderschool.pl\/konin\/#website\",\"url\":\"https:\/\/leaderschool.pl\/konin\/\",\"name\":\"Szko\u0142a j\u0119zykowa w Koninie - Leader School\",\"description\":\"\",\"publisher\":{\"@id\":\"https:\/\/leaderschool.pl\/konin\/#organization\"},\"potentialAction\":[{\"@type\":\"SearchAction\",\"target\":{\"@type\":\"EntryPoint\",\"urlTemplate\":\"https:\/\/leaderschool.pl\/konin\/?s={search_term_string}\"},\"query-input\":\"required name=search_term_string\"}],\"inLanguage\":\"pl-PL\"},{\"@type\":\"WebPage\",\"@id\":\"https:\/\/leaderschool.pl\/konin\/#webpage\",\"url\":\"https:\/\/leaderschool.pl\/konin\/\",\"name\":\"Szko\u0142a j\u0119zykowa Szko\u0142a j\u0119zykowa w Koninie - Leader School\",\"isPartOf\":{\"@id\":\"https:\/\/leaderschool.pl\/konin\/#website\"},\"datePublished\":\"2022-05-16T13:31:52+00:00\",\"dateModified\":\"2023-03-14T09:04:59+00:00\",\"description\":\"Szukasz szko\u0142y j\u0119zykowej w Koninie? Chcesz nauczy\u0107 si\u0119 angielskiego, niemieckiego lub innego j\u0119zyka obcego? Dobrze trafi\u0142e\u015b! \u260e 500 867 807\",\"breadcrumb\":{\"@id\":\"https:\/\/leaderschool.pl\/konin\/#breadcrumb\"},\"inLanguage\":\"pl-PL\",\"potentialAction\":[{\"@type\":\"ReadAction\",\"target\":[\"https:\/\/leaderschool.pl\/konin\/\"]}]},{\"@type\":\"BreadcrumbList\",\"@id\":\"https:\/\/leaderschool.pl\/konin\/#breadcrumb\",\"itemListElement\":[{\"@type\":\"ListItem\",\"position\":1,\"name\":\"Home\",\"item\":\"https:\/\/leaderschool.pl\/konin\/\"},{\"@type\":\"ListItem\",\"position\":2,\"name\":\"Strona g\u0142\u00f3wna\"}]}]}<\/script>\n<!-- \/ Yoast SEO plugin. -->","yoast_head_json":{"title":"Szko\u0142a j\u0119zykowa Szko\u0142a j\u0119zykowa w Koninie - Leader School","description":"Szukasz szko\u0142y j\u0119zykowej w Koninie? Chcesz nauczy\u0107 si\u0119 angielskiego, niemieckiego lub innego j\u0119zyka obcego? Dobrze trafi\u0142e\u015b! \u260e 500 867 807","robots":{"index":"index","follow":"follow","max-snippet":"max-snippet:-1","max-image-preview":"max-image-preview:large","max-video-preview":"max-video-preview:-1"},"canonical":"https:\/\/leaderschool.pl\/konin\/","og_locale":"pl_PL","og_type":"article","og_title":"Szko\u0142a j\u0119zykowa Szko\u0142a j\u0119zykowa w Koninie - Leader School","og_description":"Szukasz szko\u0142y j\u0119zykowej w Koninie? Chcesz nauczy\u0107 si\u0119 angielskiego, niemieckiego lub innego j\u0119zyka obcego? Dobrze trafi\u0142e\u015b! \u260e 500 867 807","og_url":"https:\/\/leaderschool.pl\/konin\/","og_site_name":"Szko\u0142a j\u0119zykowa w Koninie - Leader School","article_publisher":"https:\/\/www.facebook.com\/leaderschoolkonin","article_modified_time":"2023-03-14T09:04:59+00:00","og_image":[{"width":512,"height":512,"url":"https:\/\/leaderschool.pl\/konin\/wp-content\/uploads\/sites\/38\/2022\/06\/cropped-favicon-leader-school.png","type":"image\/png"}],"twitter_card":"summary_large_image","schema":{"@context":"https:\/\/schema.org","@graph":[{"@type":"Organization","@id":"https:\/\/leaderschool.pl\/konin\/#organization","name":"Leader School Konin","url":"https:\/\/leaderschool.pl\/konin\/","sameAs":["https:\/\/www.facebook.com\/leaderschoolkonin"],"logo":{"@type":"ImageObject","inLanguage":"pl-PL","@id":"https:\/\/leaderschool.pl\/konin\/#\/schema\/logo\/image\/","url":"https:\/\/leaderschool.pl\/konin\/wp-content\/uploads\/sites\/38\/2022\/06\/favicon-leader-school.png","contentUrl":"https:\/\/leaderschool.pl\/konin\/wp-content\/uploads\/sites\/38\/2022\/06\/favicon-leader-school.png","width":515,"height":515,"caption":"Leader School Konin"},"image":{"@id":"https:\/\/leaderschool.pl\/konin\/#\/schema\/logo\/image\/"}},{"@type":"WebSite","@id":"https:\/\/leaderschool.pl\/konin\/#website","url":"https:\/\/leaderschool.pl\/konin\/","name":"Szko\u0142a j\u0119zykowa w Koninie - Leader School","description":"","publisher":{"@id":"https:\/\/leaderschool.pl\/konin\/#organization"},"potentialAction":[{"@type":"SearchAction","target":{"@type":"EntryPoint","urlTemplate":"https:\/\/leaderschool.pl\/konin\/?s={search_term_string}"},"query-input":"required name=search_term_string"}],"inLanguage":"pl-PL"},{"@type":"WebPage","@id":"https:\/\/leaderschool.pl\/konin\/#webpage","url":"https:\/\/leaderschool.pl\/konin\/","name":"Szko\u0142a j\u0119zykowa Szko\u0142a j\u0119zykowa w Koninie - Leader School","isPartOf":{"@id":"https:\/\/leaderschool.pl\/konin\/#website"},"datePublished":"2022-05-16T13:31:52+00:00","dateModified":"2023-03-14T09:04:59+00:00","description":"Szukasz szko\u0142y j\u0119zykowej w Koninie? Chcesz nauczy\u0107 si\u0119 angielskiego, niemieckiego lub innego j\u0119zyka obcego? Dobrze trafi\u0142e\u015b! \u260e 500 867 807","breadcrumb":{"@id":"https:\/\/leaderschool.pl\/konin\/#breadcrumb"},"inLanguage":"pl-PL","potentialAction":[{"@type":"ReadAction","target":["https:\/\/leaderschool.pl\/konin\/"]}]},{"@type":"BreadcrumbList","@id":"https:\/\/leaderschool.pl\/konin\/#breadcrumb","itemListElement":[{"@type":"ListItem","position":1,"name":"Home","item":"https:\/\/leaderschool.pl\/konin\/"},{"@type":"ListItem","position":2,"name":"Strona g\u0142\u00f3wna"}]}]}},"_links":{"self":[{"href":"https:\/\/leaderschool.pl\/konin\/wp-json\/wp\/v2\/pages\/18"}],"collection":[{"href":"https:\/\/leaderschool.pl\/konin\/wp-json\/wp\/v2\/pages"}],"about":[{"href":"https:\/\/leaderschool.pl\/konin\/wp-json\/wp\/v2\/types\/page"}],"author":[{"embeddable":true,"href":"https:\/\/leaderschool.pl\/konin\/wp-json\/wp\/v2\/users\/1"}],"replies":[{"embeddable":true,"href":"https:\/\/leaderschool.pl\/konin\/wp-json\/wp\/v2\/comments?post=18"}],"version-history":[{"count":10,"href":"https:\/\/leaderschool.pl\/konin\/wp-json\/wp\/v2\/pages\/18\/revisions"}],"predecessor-version":[{"id":2776,"href":"https:\/\/leaderschool.pl\/konin\/wp-json\/wp\/v2\/pages\/18\/revisions\/2776"}],"wp:attachment":[{"href":"https:\/\/leaderschool.pl\/konin\/wp-json\/wp\/v2\/media?parent=18"}],"curies":[{"name":"wp","href":"https:\/\/api.w.org\/{rel}","templated":true}]}}