{"id":1174,"date":"2022-06-22T11:53:24","date_gmt":"2022-06-22T09:53:24","guid":{"rendered":"http:\/\/leader-school.lan\/oddzial\/?page_id=1174"},"modified":"2024-05-31T17:57:41","modified_gmt":"2024-05-31T15:57:41","slug":"cennik","status":"publish","type":"page","link":"https:\/\/leaderschool.pl\/konin\/cennik\/","title":{"rendered":"Cennik"},"content":{"rendered":"","protected":false},"excerpt":{"rendered":"","protected":false},"author":22,"featured_media":0,"parent":0,"menu_order":0,"comment_status":"closed","ping_status":"closed","template":"page-templates\/price-list.php","meta":{"ngg_post_thumbnail":0},"acf":[],"yoast_head":"<!-- This site is optimized with the Yoast SEO plugin v18.9 - https:\/\/yoast.com\/wordpress\/plugins\/seo\/ -->\n<title>Cennik Szko\u0142a j\u0119zykowa w Koninie - Leader School %<\/title>\n<meta name=\"description\" content=\"Sprawd\u017a cennik kurs\u00f3w j\u0119zykowych w Ledader School Konin. Atrakcyjna oferta na zaj\u0119cia stacjonarne oraz online.\" \/>\n<meta name=\"robots\" content=\"index, follow, max-snippet:-1, max-image-preview:large, max-video-preview:-1\" \/>\n<link rel=\"canonical\" href=\"https:\/\/leaderschool.pl\/konin\/cennik\/\" \/>\n<meta property=\"og:locale\" content=\"pl_PL\" \/>\n<meta property=\"og:type\" content=\"article\" \/>\n<meta property=\"og:title\" content=\"Cennik Szko\u0142a j\u0119zykowa w Koninie - Leader School %\" \/>\n<meta property=\"og:description\" content=\"Sprawd\u017a cennik kurs\u00f3w j\u0119zykowych w Ledader School Konin. Atrakcyjna oferta na zaj\u0119cia stacjonarne oraz online.\" \/>\n<meta property=\"og:url\" content=\"https:\/\/leaderschool.pl\/konin\/cennik\/\" \/>\n<meta property=\"og:site_name\" content=\"Szko\u0142a j\u0119zykowa w Koninie - Leader School\" \/>\n<meta property=\"article:publisher\" content=\"https:\/\/www.facebook.com\/leaderschoolkonin\" \/>\n<meta property=\"article:modified_time\" content=\"2024-05-31T15:57:41+00:00\" \/>\n<meta property=\"og:image\" content=\"https:\/\/leaderschool.pl\/konin\/wp-content\/uploads\/sites\/38\/2022\/06\/cropped-favicon-leader-school.png\" \/>\n\t<meta property=\"og:image:width\" content=\"512\" \/>\n\t<meta property=\"og:image:height\" content=\"512\" \/>\n\t<meta property=\"og:image:type\" content=\"image\/png\" \/>\n<meta name=\"twitter:card\" content=\"summary_large_image\" \/>\n<script type=\"application\/ld+json\" class=\"yoast-schema-graph\">{\"@context\":\"https:\/\/schema.org\",\"@graph\":[{\"@type\":\"Organization\",\"@id\":\"https:\/\/leaderschool.pl\/konin\/#organization\",\"name\":\"Leader School Konin\",\"url\":\"https:\/\/leaderschool.pl\/konin\/\",\"sameAs\":[\"https:\/\/www.facebook.com\/leaderschoolkonin\"],\"logo\":{\"@type\":\"ImageObject\",\"inLanguage\":\"pl-PL\",\"@id\":\"https:\/\/leaderschool.pl\/konin\/#\/schema\/logo\/image\/\",\"url\":\"https:\/\/leaderschool.pl\/konin\/wp-content\/uploads\/sites\/38\/2022\/06\/favicon-leader-school.png\",\"contentUrl\":\"https:\/\/leaderschool.pl\/konin\/wp-content\/uploads\/sites\/38\/2022\/06\/favicon-leader-school.png\",\"width\":515,\"height\":515,\"caption\":\"Leader School Konin\"},\"image\":{\"@id\":\"https:\/\/leaderschool.pl\/konin\/#\/schema\/logo\/image\/\"}},{\"@type\":\"WebSite\",\"@id\":\"https:\/\/leaderschool.pl\/konin\/#website\",\"url\":\"https:\/\/leaderschool.pl\/konin\/\",\"name\":\"Szko\u0142a j\u0119zykowa w Koninie - Leader School\",\"description\":\"\",\"publisher\":{\"@id\":\"https:\/\/leaderschool.pl\/konin\/#organization\"},\"potentialAction\":[{\"@type\":\"SearchAction\",\"target\":{\"@type\":\"EntryPoint\",\"urlTemplate\":\"https:\/\/leaderschool.pl\/konin\/?s={search_term_string}\"},\"query-input\":\"required name=search_term_string\"}],\"inLanguage\":\"pl-PL\"},{\"@type\":\"WebPage\",\"@id\":\"https:\/\/leaderschool.pl\/konin\/cennik\/#webpage\",\"url\":\"https:\/\/leaderschool.pl\/konin\/cennik\/\",\"name\":\"Cennik Szko\u0142a j\u0119zykowa w Koninie - Leader School %\",\"isPartOf\":{\"@id\":\"https:\/\/leaderschool.pl\/konin\/#website\"},\"datePublished\":\"2022-06-22T09:53:24+00:00\",\"dateModified\":\"2024-05-31T15:57:41+00:00\",\"description\":\"Sprawd\u017a cennik kurs\u00f3w j\u0119zykowych w Ledader School Konin. Atrakcyjna oferta na zaj\u0119cia stacjonarne oraz online.\",\"breadcrumb\":{\"@id\":\"https:\/\/leaderschool.pl\/konin\/cennik\/#breadcrumb\"},\"inLanguage\":\"pl-PL\",\"potentialAction\":[{\"@type\":\"ReadAction\",\"target\":[\"https:\/\/leaderschool.pl\/konin\/cennik\/\"]}]},{\"@type\":\"BreadcrumbList\",\"@id\":\"https:\/\/leaderschool.pl\/konin\/cennik\/#breadcrumb\",\"itemListElement\":[{\"@type\":\"ListItem\",\"position\":1,\"name\":\"Home\",\"item\":\"https:\/\/leaderschool.pl\/konin\/\"},{\"@type\":\"ListItem\",\"position\":2,\"name\":\"Cennik\"}]}]}<\/script>\n<!-- \/ Yoast SEO plugin. -->","yoast_head_json":{"title":"Cennik Szko\u0142a j\u0119zykowa w Koninie - Leader School %","description":"Sprawd\u017a cennik kurs\u00f3w j\u0119zykowych w Ledader School Konin. Atrakcyjna oferta na zaj\u0119cia stacjonarne oraz online.","robots":{"index":"index","follow":"follow","max-snippet":"max-snippet:-1","max-image-preview":"max-image-preview:large","max-video-preview":"max-video-preview:-1"},"canonical":"https:\/\/leaderschool.pl\/konin\/cennik\/","og_locale":"pl_PL","og_type":"article","og_title":"Cennik Szko\u0142a j\u0119zykowa w Koninie - Leader School %","og_description":"Sprawd\u017a cennik kurs\u00f3w j\u0119zykowych w Ledader School Konin. Atrakcyjna oferta na zaj\u0119cia stacjonarne oraz online.","og_url":"https:\/\/leaderschool.pl\/konin\/cennik\/","og_site_name":"Szko\u0142a j\u0119zykowa w Koninie - Leader School","article_publisher":"https:\/\/www.facebook.com\/leaderschoolkonin","article_modified_time":"2024-05-31T15:57:41+00:00","og_image":[{"width":512,"height":512,"url":"https:\/\/leaderschool.pl\/konin\/wp-content\/uploads\/sites\/38\/2022\/06\/cropped-favicon-leader-school.png","type":"image\/png"}],"twitter_card":"summary_large_image","schema":{"@context":"https:\/\/schema.org","@graph":[{"@type":"Organization","@id":"https:\/\/leaderschool.pl\/konin\/#organization","name":"Leader School Konin","url":"https:\/\/leaderschool.pl\/konin\/","sameAs":["https:\/\/www.facebook.com\/leaderschoolkonin"],"logo":{"@type":"ImageObject","inLanguage":"pl-PL","@id":"https:\/\/leaderschool.pl\/konin\/#\/schema\/logo\/image\/","url":"https:\/\/leaderschool.pl\/konin\/wp-content\/uploads\/sites\/38\/2022\/06\/favicon-leader-school.png","contentUrl":"https:\/\/leaderschool.pl\/konin\/wp-content\/uploads\/sites\/38\/2022\/06\/favicon-leader-school.png","width":515,"height":515,"caption":"Leader School Konin"},"image":{"@id":"https:\/\/leaderschool.pl\/konin\/#\/schema\/logo\/image\/"}},{"@type":"WebSite","@id":"https:\/\/leaderschool.pl\/konin\/#website","url":"https:\/\/leaderschool.pl\/konin\/","name":"Szko\u0142a j\u0119zykowa w Koninie - Leader School","description":"","publisher":{"@id":"https:\/\/leaderschool.pl\/konin\/#organization"},"potentialAction":[{"@type":"SearchAction","target":{"@type":"EntryPoint","urlTemplate":"https:\/\/leaderschool.pl\/konin\/?s={search_term_string}"},"query-input":"required name=search_term_string"}],"inLanguage":"pl-PL"},{"@type":"WebPage","@id":"https:\/\/leaderschool.pl\/konin\/cennik\/#webpage","url":"https:\/\/leaderschool.pl\/konin\/cennik\/","name":"Cennik Szko\u0142a j\u0119zykowa w Koninie - Leader School %","isPartOf":{"@id":"https:\/\/leaderschool.pl\/konin\/#website"},"datePublished":"2022-06-22T09:53:24+00:00","dateModified":"2024-05-31T15:57:41+00:00","description":"Sprawd\u017a cennik kurs\u00f3w j\u0119zykowych w Ledader School Konin. Atrakcyjna oferta na zaj\u0119cia stacjonarne oraz online.","breadcrumb":{"@id":"https:\/\/leaderschool.pl\/konin\/cennik\/#breadcrumb"},"inLanguage":"pl-PL","potentialAction":[{"@type":"ReadAction","target":["https:\/\/leaderschool.pl\/konin\/cennik\/"]}]},{"@type":"BreadcrumbList","@id":"https:\/\/leaderschool.pl\/konin\/cennik\/#breadcrumb","itemListElement":[{"@type":"ListItem","position":1,"name":"Home","item":"https:\/\/leaderschool.pl\/konin\/"},{"@type":"ListItem","position":2,"name":"Cennik"}]}]}},"_links":{"self":[{"href":"https:\/\/leaderschool.pl\/konin\/wp-json\/wp\/v2\/pages\/1174"}],"collection":[{"href":"https:\/\/leaderschool.pl\/konin\/wp-json\/wp\/v2\/pages"}],"about":[{"href":"https:\/\/leaderschool.pl\/konin\/wp-json\/wp\/v2\/types\/page"}],"author":[{"embeddable":true,"href":"https:\/\/leaderschool.pl\/konin\/wp-json\/wp\/v2\/users\/22"}],"replies":[{"embeddable":true,"href":"https:\/\/leaderschool.pl\/konin\/wp-json\/wp\/v2\/comments?post=1174"}],"version-history":[{"count":27,"href":"https:\/\/leaderschool.pl\/konin\/wp-json\/wp\/v2\/pages\/1174\/revisions"}],"predecessor-version":[{"id":2834,"href":"https:\/\/leaderschool.pl\/konin\/wp-json\/wp\/v2\/pages\/1174\/revisions\/2834"}],"wp:attachment":[{"href":"https:\/\/leaderschool.pl\/konin\/wp-json\/wp\/v2\/media?parent=1174"}],"curies":[{"name":"wp","href":"https:\/\/api.w.org\/{rel}","templated":true}]}}