{"id":708,"date":"2022-05-30T13:50:00","date_gmt":"2022-05-30T11:50:00","guid":{"rendered":"http:\/\/leader-school.lan\/oddzial\/?page_id=708"},"modified":"2025-07-08T09:32:20","modified_gmt":"2025-07-08T07:32:20","slug":"leo-maniak","status":"publish","type":"page","link":"https:\/\/leaderschool.pl\/kalisz\/metody\/leo-maniak\/","title":{"rendered":"Leo Maniak &#8211; Lepsze ni\u017c korepetycje dla uczni\u00f3w"},"content":{"rendered":"","protected":false},"excerpt":{"rendered":"","protected":false},"author":1,"featured_media":0,"parent":596,"menu_order":0,"comment_status":"closed","ping_status":"closed","template":"page-templates\/methods-leo-maniak.php","meta":{"ngg_post_thumbnail":0},"acf":[],"yoast_head":"<!-- This site is optimized with the Yoast SEO plugin v18.9 - https:\/\/yoast.com\/wordpress\/plugins\/seo\/ -->\n<title>Leo Maniak - Lepsze ni\u017c korepetycje dla uczni\u00f3w w Kaliszu - Leader School<\/title>\n<meta name=\"description\" content=\"Szukasz zaj\u0119\u0107 dla swojego dziecka? Sprawd\u017a Leo Maniak w Leader School Kalisz. Nauka przez zabaw\u0119 to najlepszy spos\u00f3b dla najm\u0142odszych.\" \/>\n<meta name=\"robots\" content=\"index, follow, max-snippet:-1, max-image-preview:large, max-video-preview:-1\" \/>\n<link rel=\"canonical\" href=\"https:\/\/leaderschool.pl\/kalisz\/metody\/leo-maniak\/\" \/>\n<meta property=\"og:locale\" content=\"pl_PL\" \/>\n<meta property=\"og:type\" content=\"article\" \/>\n<meta property=\"og:title\" content=\"Leo Maniak - Lepsze ni\u017c korepetycje dla uczni\u00f3w w Kaliszu - Leader School\" \/>\n<meta property=\"og:description\" content=\"Szukasz zaj\u0119\u0107 dla swojego dziecka? Sprawd\u017a Leo Maniak w Leader School Kalisz. Nauka przez zabaw\u0119 to najlepszy spos\u00f3b dla najm\u0142odszych.\" \/>\n<meta property=\"og:url\" content=\"https:\/\/leaderschool.pl\/kalisz\/metody\/leo-maniak\/\" \/>\n<meta property=\"og:site_name\" content=\"w Kaliszu - Leader School\" \/>\n<meta property=\"article:modified_time\" content=\"2025-07-08T07:32:20+00:00\" \/>\n<meta name=\"twitter:card\" content=\"summary_large_image\" \/>\n<script type=\"application\/ld+json\" class=\"yoast-schema-graph\">{\"@context\":\"https:\/\/schema.org\",\"@graph\":[{\"@type\":\"WebSite\",\"@id\":\"https:\/\/leaderschool.pl\/kalisz\/#website\",\"url\":\"https:\/\/leaderschool.pl\/kalisz\/\",\"name\":\"w Kaliszu - Leader School\",\"description\":\"\",\"potentialAction\":[{\"@type\":\"SearchAction\",\"target\":{\"@type\":\"EntryPoint\",\"urlTemplate\":\"https:\/\/leaderschool.pl\/kalisz\/?s={search_term_string}\"},\"query-input\":\"required name=search_term_string\"}],\"inLanguage\":\"pl-PL\"},{\"@type\":\"WebPage\",\"@id\":\"https:\/\/leaderschool.pl\/kalisz\/metody\/leo-maniak\/#webpage\",\"url\":\"https:\/\/leaderschool.pl\/kalisz\/metody\/leo-maniak\/\",\"name\":\"Leo Maniak - Lepsze ni\u017c korepetycje dla uczni\u00f3w w Kaliszu - Leader School\",\"isPartOf\":{\"@id\":\"https:\/\/leaderschool.pl\/kalisz\/#website\"},\"datePublished\":\"2022-05-30T11:50:00+00:00\",\"dateModified\":\"2025-07-08T07:32:20+00:00\",\"description\":\"Szukasz zaj\u0119\u0107 dla swojego dziecka? Sprawd\u017a Leo Maniak w Leader School Kalisz. Nauka przez zabaw\u0119 to najlepszy spos\u00f3b dla najm\u0142odszych.\",\"breadcrumb\":{\"@id\":\"https:\/\/leaderschool.pl\/kalisz\/metody\/leo-maniak\/#breadcrumb\"},\"inLanguage\":\"pl-PL\",\"potentialAction\":[{\"@type\":\"ReadAction\",\"target\":[\"https:\/\/leaderschool.pl\/kalisz\/metody\/leo-maniak\/\"]}]},{\"@type\":\"BreadcrumbList\",\"@id\":\"https:\/\/leaderschool.pl\/kalisz\/metody\/leo-maniak\/#breadcrumb\",\"itemListElement\":[{\"@type\":\"ListItem\",\"position\":1,\"name\":\"Home\",\"item\":\"https:\/\/leaderschool.pl\/kalisz\/\"},{\"@type\":\"ListItem\",\"position\":2,\"name\":\"Metody\",\"item\":\"https:\/\/leaderschool.pl\/kalisz\/metody\/\"},{\"@type\":\"ListItem\",\"position\":3,\"name\":\"Leo Maniak &#8211; Lepsze ni\u017c korepetycje dla uczni\u00f3w\"}]}]}<\/script>\n<!-- \/ Yoast SEO plugin. -->","yoast_head_json":{"title":"Leo Maniak - Lepsze ni\u017c korepetycje dla uczni\u00f3w w Kaliszu - Leader School","description":"Szukasz zaj\u0119\u0107 dla swojego dziecka? Sprawd\u017a Leo Maniak w Leader School Kalisz. Nauka przez zabaw\u0119 to najlepszy spos\u00f3b dla najm\u0142odszych.","robots":{"index":"index","follow":"follow","max-snippet":"max-snippet:-1","max-image-preview":"max-image-preview:large","max-video-preview":"max-video-preview:-1"},"canonical":"https:\/\/leaderschool.pl\/kalisz\/metody\/leo-maniak\/","og_locale":"pl_PL","og_type":"article","og_title":"Leo Maniak - Lepsze ni\u017c korepetycje dla uczni\u00f3w w Kaliszu - Leader School","og_description":"Szukasz zaj\u0119\u0107 dla swojego dziecka? Sprawd\u017a Leo Maniak w Leader School Kalisz. Nauka przez zabaw\u0119 to najlepszy spos\u00f3b dla najm\u0142odszych.","og_url":"https:\/\/leaderschool.pl\/kalisz\/metody\/leo-maniak\/","og_site_name":"w Kaliszu - Leader School","article_modified_time":"2025-07-08T07:32:20+00:00","twitter_card":"summary_large_image","schema":{"@context":"https:\/\/schema.org","@graph":[{"@type":"WebSite","@id":"https:\/\/leaderschool.pl\/kalisz\/#website","url":"https:\/\/leaderschool.pl\/kalisz\/","name":"w Kaliszu - Leader School","description":"","potentialAction":[{"@type":"SearchAction","target":{"@type":"EntryPoint","urlTemplate":"https:\/\/leaderschool.pl\/kalisz\/?s={search_term_string}"},"query-input":"required name=search_term_string"}],"inLanguage":"pl-PL"},{"@type":"WebPage","@id":"https:\/\/leaderschool.pl\/kalisz\/metody\/leo-maniak\/#webpage","url":"https:\/\/leaderschool.pl\/kalisz\/metody\/leo-maniak\/","name":"Leo Maniak - Lepsze ni\u017c korepetycje dla uczni\u00f3w w Kaliszu - Leader School","isPartOf":{"@id":"https:\/\/leaderschool.pl\/kalisz\/#website"},"datePublished":"2022-05-30T11:50:00+00:00","dateModified":"2025-07-08T07:32:20+00:00","description":"Szukasz zaj\u0119\u0107 dla swojego dziecka? Sprawd\u017a Leo Maniak w Leader School Kalisz. Nauka przez zabaw\u0119 to najlepszy spos\u00f3b dla najm\u0142odszych.","breadcrumb":{"@id":"https:\/\/leaderschool.pl\/kalisz\/metody\/leo-maniak\/#breadcrumb"},"inLanguage":"pl-PL","potentialAction":[{"@type":"ReadAction","target":["https:\/\/leaderschool.pl\/kalisz\/metody\/leo-maniak\/"]}]},{"@type":"BreadcrumbList","@id":"https:\/\/leaderschool.pl\/kalisz\/metody\/leo-maniak\/#breadcrumb","itemListElement":[{"@type":"ListItem","position":1,"name":"Home","item":"https:\/\/leaderschool.pl\/kalisz\/"},{"@type":"ListItem","position":2,"name":"Metody","item":"https:\/\/leaderschool.pl\/kalisz\/metody\/"},{"@type":"ListItem","position":3,"name":"Leo Maniak &#8211; Lepsze ni\u017c korepetycje dla uczni\u00f3w"}]}]}},"_links":{"self":[{"href":"https:\/\/leaderschool.pl\/kalisz\/wp-json\/wp\/v2\/pages\/708"}],"collection":[{"href":"https:\/\/leaderschool.pl\/kalisz\/wp-json\/wp\/v2\/pages"}],"about":[{"href":"https:\/\/leaderschool.pl\/kalisz\/wp-json\/wp\/v2\/types\/page"}],"author":[{"embeddable":true,"href":"https:\/\/leaderschool.pl\/kalisz\/wp-json\/wp\/v2\/users\/1"}],"replies":[{"embeddable":true,"href":"https:\/\/leaderschool.pl\/kalisz\/wp-json\/wp\/v2\/comments?post=708"}],"version-history":[{"count":16,"href":"https:\/\/leaderschool.pl\/kalisz\/wp-json\/wp\/v2\/pages\/708\/revisions"}],"predecessor-version":[{"id":2913,"href":"https:\/\/leaderschool.pl\/kalisz\/wp-json\/wp\/v2\/pages\/708\/revisions\/2913"}],"up":[{"embeddable":true,"href":"https:\/\/leaderschool.pl\/kalisz\/wp-json\/wp\/v2\/pages\/596"}],"wp:attachment":[{"href":"https:\/\/leaderschool.pl\/kalisz\/wp-json\/wp\/v2\/media?parent=708"}],"curies":[{"name":"wp","href":"https:\/\/api.w.org\/{rel}","templated":true}]}}