{"id":2670,"date":"2022-07-24T19:12:09","date_gmt":"2022-07-24T17:12:09","guid":{"rendered":"https:\/\/leaderschool.sellision.dev\/kalisz\/?page_id=2670"},"modified":"2023-11-22T12:22:34","modified_gmt":"2023-11-22T11:22:34","slug":"jezyk-wloski","status":"publish","type":"page","link":"https:\/\/leaderschool.pl\/kalisz\/jezyk-wloski\/","title":{"rendered":"J\u0119zyk w\u0142oski \u2013 Kalisz"},"content":{"rendered":"\n<p>W\u0142oski to wspania\u0142y j\u0119zyk o niezwyk\u0142ej melodyjno\u015bci i wspania\u0142ym brzmieniu. To jeden z naj\u0142atwiejszych dla Polak\u00f3w j\u0119zyk\u00f3w obcych, co motywuje do nauki i pozwala na szybkie osi\u0105gni\u0119cie cel\u00f3w. Znajomo\u015b\u0107 <strong>j\u0119zyka w\u0142oskiego<\/strong> przydaje si\u0119 w \u017cyciu zawodowym, otwieraj\u0105c nowe mo\u017cliwo\u015bci zatrudnienia oraz w \u017cyciu prywatnym podczas podr\u00f3\u017cy. <a href=\"https:\/\/leaderschool.pl\/kalisz\/\">W naszej <strong>szkole j\u0119zykowej w Kaliszu<\/strong><\/a> prowadzimy<strong> kursy j\u0119zyka w\u0142oskiego dla doros\u0142ych,<\/strong> gwarantuj\u0105c szybkie efekty.<\/p>\n\n\n\n<h2>Nauka w\u0142oskiego w Leader School<\/h2>\n\n\n\n<p><strong>Leader School<\/strong> to przede wszystkim innowacyjne metody nauczania, kt\u00f3re zapewniaj\u0105 dobre poznanie wszystkich aspekt\u00f3w j\u0119zykowych:<\/p>\n\n\n\n<ul><li>s\u0142uchania;<\/li><li>m\u00f3wienia;<\/li><li>czytania;<\/li><li>pisania.<\/li><\/ul>\n\n\n\n<p>U\u0142atwia to komunikacj\u0119 i pozwala na wykorzystanie umiej\u0119tno\u015bci w r\u00f3\u017cnych sytuacjach, zapewniaj\u0105c p\u0142ynn\u0105 komunikacj\u0119.<\/p>\n\n\n\n<h3>Autorskie metody nauczania<\/h3>\n\n\n\n<p>W trakcie zaj\u0119\u0107 wykorzystujemy <strong>autorskie metody nauczania,<\/strong> kt\u00f3re opieraj\u0105 si\u0119 o nowoczesne techniki uczenia si\u0119 i r\u00f3\u017cnorodne materia\u0142y dydaktyczne. To sprawia, ze zaj\u0119cia s\u0105 ciekawe i niezwykle efektywne. Szybko opanujesz podstawy i b\u0119dzie m\u00f3g\u0142 dalej rozwija\u0107 swoje umiej\u0119tno\u015bci.<\/p>\n\n\n\n<h3>Szybkie post\u0119py<\/h3>\n\n\n\n<p>Dobrze zaplanowany program nauczania to pewno\u015b\u0107 poznania wszystkich aspekt\u00f3w j\u0119zykowych i sta\u0142ego poszerzania s\u0142ownictwa. Nauczyciele od pierwszych zaj\u0119\u0107 pos\u0142uguj\u0105 si\u0119 <strong>j\u0119zykiem w\u0142oskim,<\/strong> co pomaga prze\u0142ama\u0107 barier\u0119 j\u0119zykow\u0105 i sprawia, \u017ce kursanci szybko zaczynaj\u0105 rozumie\u0107 i pos\u0142ugiwa\u0107 si\u0119 z j\u0119zykiem. Dzi\u0119ki temu w kr\u00f3tkim czasie czyni\u0105 ogromne post\u0119py i rozwijaj\u0105 swoj\u0105 wiedz\u0119.<\/p>\n\n\n\n<h3>Wykwalifikowana kadra<\/h3>\n\n\n\n<p>Lektorzy z ogromn\u0105 wiedz\u0105 i du\u017cym zaanga\u017cowaniem to jeden z najwi\u0119kszych naszych atut\u00f3w. Zaj\u0119cia prowadzone s\u0105 w spos\u00f3b ciekawy, a nauczyciele dbaj\u0105 o to, aby maksymalnie wykorzysta\u0107 czas podczas <strong>kursu j\u0119zyka w\u0142oskiego.<\/strong> Przyjazna atmosfera i nieustanna pomoc u\u0142atwiaj\u0105 podnoszenie umiej\u0119tno\u015bci i motywuj\u0105 do dalszej nauki.<\/p>\n\n\n\n<h2>Dla kogo nauka j\u0119zyka w\u0142oskiego?<\/h2>\n\n\n\n<h3>Dla doros\u0142ych<\/h3>\n\n\n\n<p><strong>Nauka w\u0142oskiego<\/strong> to dobry spos\u00f3b na zwi\u0119kszenie swojej atrakcyjno\u015bci na rynku pracy i szybkie podniesienie kwalifikacji. Znajomo\u015b\u0107 j\u0119zyk\u00f3w obcych, kt\u00f3re nie s\u0105 tak popularne, jak angielski, czy niemiecki cz\u0119sto jest mocnym atutem pracownika.<\/p>\n\n\n\n<h3>Dla student\u00f3w<\/h3>\n\n\n\n<p>Wyjazdy zagraniczne, wymiany studenckie, czy ch\u0119\u0107 szybkiego znalezienia dobrej pracy to najlepsze powody, dla kt\u00f3rych warto rozpocz\u0105\u0107 <strong>nauk\u0119 w\u0142oskiego<\/strong> w trakcie studi\u00f3w.<\/p>\n\n\n\n<h3>Dla ciekawych \u015bwiata<\/h3>\n\n\n\n<p>Znajomo\u015b\u0107 j\u0119zyka w\u0142oskiego pozwoli Ci swobodnie zwiedza\u0107 wiele kraj\u00f3w, czyta\u0107 dzie\u0142a w oryginale i wszechstronnie si\u0119 rozwija\u0107.<\/p>\n\n\n\n<h2>Korzy\u015bci nauki w Leader School<\/h2>\n\n\n\n<h3>Efektywna nauka<\/h3>\n\n\n\n<p>Nowoczesne metody nauczania i dobrze zaplanowane zaj\u0119cia gwarantuj\u0105, \u017ce czas podczas kursu zostanie maksymalnie wykorzystany, a Ty nie b\u0119dziesz mia\u0142 poczucia marnowania czasu.<\/p>\n\n\n\n<h3>Nacisk na m\u00f3wienie<\/h3>\n\n\n\n<p>K\u0142adziemy du\u017cy nacisk na m\u00f3wienie, gdy\u017c to ono jest podstaw\u0105 sprawnej komunikacji, a jednocze\u015bnie sprawia najwi\u0119cej trudno\u015bci. W naszej szkole szybko pokonasz barier\u0119 j\u0119zykow\u0105 i nauczysz si\u0119 p\u0142ynnie komunikowa\u0107 w j\u0119zyku w\u0142oskim!<\/p>\n\n\n\n<h3>Przyjazna atmosfera<\/h3>\n\n\n\n<p>W naszej szkole panuje przyjazna atmosfera, kt\u00f3ra u\u0142atwia nauk\u0119 i sprawia, \u017ce jest ona przyjemno\u015bci\u0105 sam\u0105 w sobie.<\/p>\n","protected":false},"excerpt":{"rendered":"<p>W\u0142oski to wspania\u0142y j\u0119zyk o niezwyk\u0142ej melodyjno\u015bci i wspania\u0142ym brzmieniu. To jeden z naj\u0142atwiejszych dla Polak\u00f3w j\u0119zyk\u00f3w obcych, co motywuje do nauki i pozwala na szybkie osi\u0105gni\u0119cie cel\u00f3w. Znajomo\u015b\u0107 j\u0119zyka w\u0142oskiego przydaje si\u0119 w \u017cyciu zawodowym, otwieraj\u0105c nowe mo\u017cliwo\u015bci zatrudnienia oraz w \u017cyciu prywatnym podczas podr\u00f3\u017cy. W naszej szkole j\u0119zykowej w Kaliszu prowadzimy kursy j\u0119zyka [&hellip;]<\/p>\n","protected":false},"author":3,"featured_media":0,"parent":0,"menu_order":0,"comment_status":"closed","ping_status":"closed","template":"","meta":{"ngg_post_thumbnail":0},"acf":[],"yoast_head":"<!-- This site is optimized with the Yoast SEO plugin v18.9 - https:\/\/yoast.com\/wordpress\/plugins\/seo\/ -->\n<title>J\u0119zyk w\u0142oski w Kaliszu - Leader School<\/title>\n<meta name=\"description\" content=\"Chcesz zacz\u0105\u0107 nauk\u0119 j\u0119zyka w\u0142oskiego w naszej szkole j\u0119zykowej w Kaliszu? Wejd\u017a i sprawd\u017a co mo\u017cemy Ci zaoferowa\u0107.\" \/>\n<meta name=\"robots\" content=\"index, follow, max-snippet:-1, max-image-preview:large, max-video-preview:-1\" \/>\n<link rel=\"canonical\" href=\"https:\/\/leaderschool.pl\/kalisz\/jezyk-wloski\/\" \/>\n<meta property=\"og:locale\" content=\"pl_PL\" \/>\n<meta property=\"og:type\" content=\"article\" \/>\n<meta property=\"og:title\" content=\"J\u0119zyk w\u0142oski w Kaliszu - Leader School\" \/>\n<meta property=\"og:description\" content=\"Chcesz zacz\u0105\u0107 nauk\u0119 j\u0119zyka w\u0142oskiego w naszej szkole j\u0119zykowej w Kaliszu? Wejd\u017a i sprawd\u017a co mo\u017cemy Ci zaoferowa\u0107.\" \/>\n<meta property=\"og:url\" content=\"https:\/\/leaderschool.pl\/kalisz\/jezyk-wloski\/\" \/>\n<meta property=\"og:site_name\" content=\"w Kaliszu - Leader School\" \/>\n<meta property=\"article:modified_time\" content=\"2023-11-22T11:22:34+00:00\" \/>\n<meta name=\"twitter:card\" content=\"summary_large_image\" \/>\n<meta name=\"twitter:label1\" content=\"Szacowany czas czytania\" \/>\n\t<meta name=\"twitter:data1\" content=\"3 minuty\" \/>\n<script type=\"application\/ld+json\" class=\"yoast-schema-graph\">{\"@context\":\"https:\/\/schema.org\",\"@graph\":[{\"@type\":\"WebSite\",\"@id\":\"https:\/\/leaderschool.pl\/kalisz\/#website\",\"url\":\"https:\/\/leaderschool.pl\/kalisz\/\",\"name\":\"w Kaliszu - Leader School\",\"description\":\"\",\"potentialAction\":[{\"@type\":\"SearchAction\",\"target\":{\"@type\":\"EntryPoint\",\"urlTemplate\":\"https:\/\/leaderschool.pl\/kalisz\/?s={search_term_string}\"},\"query-input\":\"required name=search_term_string\"}],\"inLanguage\":\"pl-PL\"},{\"@type\":\"WebPage\",\"@id\":\"https:\/\/leaderschool.pl\/kalisz\/jezyk-wloski\/#webpage\",\"url\":\"https:\/\/leaderschool.pl\/kalisz\/jezyk-wloski\/\",\"name\":\"J\u0119zyk w\u0142oski w Kaliszu - Leader School\",\"isPartOf\":{\"@id\":\"https:\/\/leaderschool.pl\/kalisz\/#website\"},\"datePublished\":\"2022-07-24T17:12:09+00:00\",\"dateModified\":\"2023-11-22T11:22:34+00:00\",\"description\":\"Chcesz zacz\u0105\u0107 nauk\u0119 j\u0119zyka w\u0142oskiego w naszej szkole j\u0119zykowej w Kaliszu? Wejd\u017a i sprawd\u017a co mo\u017cemy Ci zaoferowa\u0107.\",\"breadcrumb\":{\"@id\":\"https:\/\/leaderschool.pl\/kalisz\/jezyk-wloski\/#breadcrumb\"},\"inLanguage\":\"pl-PL\",\"potentialAction\":[{\"@type\":\"ReadAction\",\"target\":[\"https:\/\/leaderschool.pl\/kalisz\/jezyk-wloski\/\"]}]},{\"@type\":\"BreadcrumbList\",\"@id\":\"https:\/\/leaderschool.pl\/kalisz\/jezyk-wloski\/#breadcrumb\",\"itemListElement\":[{\"@type\":\"ListItem\",\"position\":1,\"name\":\"Home\",\"item\":\"https:\/\/leaderschool.pl\/kalisz\/\"},{\"@type\":\"ListItem\",\"position\":2,\"name\":\"J\u0119zyk w\u0142oski \u2013 Kalisz\"}]}]}<\/script>\n<!-- \/ Yoast SEO plugin. -->","yoast_head_json":{"title":"J\u0119zyk w\u0142oski w Kaliszu - Leader School","description":"Chcesz zacz\u0105\u0107 nauk\u0119 j\u0119zyka w\u0142oskiego w naszej szkole j\u0119zykowej w Kaliszu? Wejd\u017a i sprawd\u017a co mo\u017cemy Ci zaoferowa\u0107.","robots":{"index":"index","follow":"follow","max-snippet":"max-snippet:-1","max-image-preview":"max-image-preview:large","max-video-preview":"max-video-preview:-1"},"canonical":"https:\/\/leaderschool.pl\/kalisz\/jezyk-wloski\/","og_locale":"pl_PL","og_type":"article","og_title":"J\u0119zyk w\u0142oski w Kaliszu - Leader School","og_description":"Chcesz zacz\u0105\u0107 nauk\u0119 j\u0119zyka w\u0142oskiego w naszej szkole j\u0119zykowej w Kaliszu? Wejd\u017a i sprawd\u017a co mo\u017cemy Ci zaoferowa\u0107.","og_url":"https:\/\/leaderschool.pl\/kalisz\/jezyk-wloski\/","og_site_name":"w Kaliszu - Leader School","article_modified_time":"2023-11-22T11:22:34+00:00","twitter_card":"summary_large_image","twitter_misc":{"Szacowany czas czytania":"3 minuty"},"schema":{"@context":"https:\/\/schema.org","@graph":[{"@type":"WebSite","@id":"https:\/\/leaderschool.pl\/kalisz\/#website","url":"https:\/\/leaderschool.pl\/kalisz\/","name":"w Kaliszu - Leader School","description":"","potentialAction":[{"@type":"SearchAction","target":{"@type":"EntryPoint","urlTemplate":"https:\/\/leaderschool.pl\/kalisz\/?s={search_term_string}"},"query-input":"required name=search_term_string"}],"inLanguage":"pl-PL"},{"@type":"WebPage","@id":"https:\/\/leaderschool.pl\/kalisz\/jezyk-wloski\/#webpage","url":"https:\/\/leaderschool.pl\/kalisz\/jezyk-wloski\/","name":"J\u0119zyk w\u0142oski w Kaliszu - Leader School","isPartOf":{"@id":"https:\/\/leaderschool.pl\/kalisz\/#website"},"datePublished":"2022-07-24T17:12:09+00:00","dateModified":"2023-11-22T11:22:34+00:00","description":"Chcesz zacz\u0105\u0107 nauk\u0119 j\u0119zyka w\u0142oskiego w naszej szkole j\u0119zykowej w Kaliszu? Wejd\u017a i sprawd\u017a co mo\u017cemy Ci zaoferowa\u0107.","breadcrumb":{"@id":"https:\/\/leaderschool.pl\/kalisz\/jezyk-wloski\/#breadcrumb"},"inLanguage":"pl-PL","potentialAction":[{"@type":"ReadAction","target":["https:\/\/leaderschool.pl\/kalisz\/jezyk-wloski\/"]}]},{"@type":"BreadcrumbList","@id":"https:\/\/leaderschool.pl\/kalisz\/jezyk-wloski\/#breadcrumb","itemListElement":[{"@type":"ListItem","position":1,"name":"Home","item":"https:\/\/leaderschool.pl\/kalisz\/"},{"@type":"ListItem","position":2,"name":"J\u0119zyk w\u0142oski \u2013 Kalisz"}]}]}},"_links":{"self":[{"href":"https:\/\/leaderschool.pl\/kalisz\/wp-json\/wp\/v2\/pages\/2670"}],"collection":[{"href":"https:\/\/leaderschool.pl\/kalisz\/wp-json\/wp\/v2\/pages"}],"about":[{"href":"https:\/\/leaderschool.pl\/kalisz\/wp-json\/wp\/v2\/types\/page"}],"author":[{"embeddable":true,"href":"https:\/\/leaderschool.pl\/kalisz\/wp-json\/wp\/v2\/users\/3"}],"replies":[{"embeddable":true,"href":"https:\/\/leaderschool.pl\/kalisz\/wp-json\/wp\/v2\/comments?post=2670"}],"version-history":[{"count":6,"href":"https:\/\/leaderschool.pl\/kalisz\/wp-json\/wp\/v2\/pages\/2670\/revisions"}],"predecessor-version":[{"id":2872,"href":"https:\/\/leaderschool.pl\/kalisz\/wp-json\/wp\/v2\/pages\/2670\/revisions\/2872"}],"wp:attachment":[{"href":"https:\/\/leaderschool.pl\/kalisz\/wp-json\/wp\/v2\/media?parent=2670"}],"curies":[{"name":"wp","href":"https:\/\/api.w.org\/{rel}","templated":true}]}}