{"id":2664,"date":"2022-07-24T19:11:36","date_gmt":"2022-07-24T17:11:36","guid":{"rendered":"https:\/\/leaderschool.sellision.dev\/kalisz\/?page_id=2664"},"modified":"2024-10-16T12:40:00","modified_gmt":"2024-10-16T10:40:00","slug":"baza-uslug-rozwojowych-bur-kursy-dofinansowane-dla-firm-2","status":"publish","type":"page","link":"https:\/\/leaderschool.pl\/kalisz\/baza-uslug-rozwojowych-bur-kursy-dofinansowane-dla-firm-2\/","title":{"rendered":"Baza Us\u0142ug Rozwojowych BUR \u2013&nbsp; kursy dofinansowane dla firm"},"content":{"rendered":"\n<p><strong>Kursy j\u0119zykowe dla firm<\/strong> to doskona\u0142y spos\u00f3b na inwestycj\u0119 w rozw\u00f3j przedsi\u0119biorstwa i kapita\u0142 ludzki. Dodatkowo kursy angielskiego lub innego j\u0119zyka s\u0105 doskona\u0142ym benefitem pracowniczym, kt\u00f3ry u\u0142atwia zbudowanie zadowolonego i lojalnego zespo\u0142u. Znajomo\u015b\u0107 j\u0119zyk\u00f3w obcych przez pracownik\u00f3w przynosi wiele korzy\u015bci:<\/p>\n\n\n\n<ul><li>mo\u017cliwo\u015b\u0107 wej\u015bcia na zagraniczne rynki;<\/li><li>tworzenie i podtrzymywanie trwa\u0142ych relacji z zagranicznymi kontrahentami;<\/li><li>obs\u0142uga obcokrajowc\u00f3w na wysokim poziomie;<\/li><li>wi\u0119ksze zadowolenie pracownik\u00f3w.<\/li><\/ul>\n\n\n\n<p>W naszej <strong>szkole j\u0119zykowej w Kaliszu<\/strong> mog\u0105 Pa\u0144stwo skorzysta\u0107 z <strong>kurs\u00f3w dofinansowanych dla firmy z Bazy Us\u0142ug Rozwojowych.<\/strong> To mo\u017cliwo\u015b\u0107 uzyskania zwrotu wi\u0119kszo\u015bci koszt\u00f3w kursu dla pracodawc\u00f3w i pracownik\u00f3w.<\/p>\n\n\n\n<h2>Kursy angielskiego i nie tylko<\/h2>\n\n\n\n<p>W ramach <strong>kurs\u00f3w dofinansowanych<\/strong> oferujemy g\u0142\u00f3wnie <strong>nauk\u0119 angielskiego i niemieckiego,<\/strong> ale niekt\u00f3re programy dofinansowania obejmuj\u0105 r\u00f3wnie\u017c nauk\u0119 innych j\u0119zyk\u00f3w obcych lub <strong>nauk\u0119 polskiego dla obcokrajowc\u00f3w.<\/strong><\/p>\n\n\n\n<h2>Efektywna nauka w Leader School<\/h2>\n\n\n\n<h3>Kursy dopasowane do potrzeb<\/h3>\n\n\n\n<p>Proponujemy kursy r\u00f3\u017cnych j\u0119zyk\u00f3w obcych, kt\u00f3re mog\u0105 odbywa\u0107 si\u0119 stacjonarnie, online lub indywidualnie w zale\u017cno\u015bci od formy dofinansowania. Dopasowujemy nauk\u0119 do bran\u017cy, w kt\u00f3rej dzia\u0142a firma, aby kursanci odnie\u015bli jak najwi\u0119cej korzy\u015bci.<\/p>\n\n\n\n<h3>Wykwalifikowana kadra<\/h3>\n\n\n\n<p>Nasza kadra to nauczyciele z du\u017cym do\u015bwiadczeniem i pasj\u0105 do nauczania, co przek\u0142ada si\u0119 na lepsze efekty. Wykorzystuj\u0105 nowoczesne metody nauczania oraz ciekawe materia\u0142y dydaktyczne, kt\u00f3re u\u0142atwiaj\u0105 przyswajanie wiedzy i zapewniaj\u0105 du\u017ce post\u0119py w kr\u00f3tkim czasie.<\/p>\n\n\n\n<h2>&nbsp;Jak skorzysta\u0107 z kurs\u00f3w dofinansowanych dla firm?<\/h2>\n\n\n\n<p>Skorzystanie z <strong>kurs\u00f3w j\u0119zykowych z dofinansowaniem dla firm<\/strong> jest niezwykle proste \u2013 wystarczy si\u0119 z nami skontaktowa\u0107, a przy najbli\u017cszym naborze na dofinansowania za\u0142atwimy za Pa\u0144stwa wszelkie formalno\u015bci. Nie trzeba \u015bledzi\u0107 aktualnych program\u00f3w, wype\u0142nia\u0107 wniosk\u00f3w ani martwi\u0107 si\u0119, czy spe\u0142nia si\u0119 wszystkie wymagania. Nasi pracownicy wszystkim si\u0119 zajm\u0105 i zaproponuj\u0105 najlepsze rozwi\u0105zania.<\/p>\n\n\n\n<h2>Kto mo\u017ce skorzysta\u0107 z kurs\u00f3w z Bazy Us\u0142ug Rozwojowych?<\/h2>\n\n\n\n<h3>Przedsi\u0119biorcy<\/h3>\n\n\n\n<p>Kursy dofinansowane z BUR dedykowane s\u0105 przedsi\u0119biorcom, kt\u00f3rzy chc\u0105 podnie\u015b\u0107 swoje kwalifikacje, aby m\u00f3c lepiej zarz\u0105dza\u0107 firm\u0105 lub rozpocz\u0105\u0107 dzia\u0142alno\u015b\u0107 mi\u0119dzynarodow\u0105.<\/p>\n\n\n\n<h3>Firmy<\/h3>\n\n\n\n<p>\u015arednie przedsi\u0119biorstwa mog\u0105 skorzysta\u0107 z dofinansowanych kurs\u00f3w j\u0119zykowych dla pracownik\u00f3w i pracodawc\u00f3w.<\/p>\n\n\n\n<h3>Du\u017ce przedsi\u0119biorstwa<\/h3>\n\n\n\n<p>Dla du\u017cych firm <strong>kursy j\u0119zykowe<\/strong> to wspania\u0142y spos\u00f3b na inwestycj\u0119 w rozw\u00f3j firmy i kapita\u0142 ludzki.<\/p>\n\n\n\n<h2>Najwi\u0119ksze zalety kurs\u00f3w dofinansowanych dla firm<\/h2>\n\n\n\n<h3>Wysokie dofinansowanie<\/h3>\n\n\n\n<p>Dofinansowania nawet do 100&nbsp;000 z\u0142 dla jednego przedsi\u0119biorstwa (w zale\u017cno\u015bci od wielko\u015bci firmy) pozwala na przeprowadzenie intensywnych kurs\u00f3w dla du\u017cej liczby pracownik\u00f3w.<\/p>\n\n\n\n<h3>Inwestycja w rozw\u00f3j firmy<\/h3>\n\n\n\n<p><strong>Nauka j\u0119zyk\u00f3w obcych<\/strong> to najlepsza inwestycja w rozw\u00f3j firmy, kt\u00f3ra umo\u017cliwia dzia\u0142alno\u015b\u0107 na rynku mi\u0119dzynarodowym i u\u0142atwia komunikacj\u0119 z zagranicznymi kontrahentami.<\/p>\n\n\n\n<h3>Benefit dla pracownik\u00f3w<\/h3>\n\n\n\n<p>Zapomnij o owocowych czwartkach! Z nami zapewnisz pracownikom benefit, kt\u00f3ry ma prawdziw\u0105 warto\u015b\u0107.<\/p>\n","protected":false},"excerpt":{"rendered":"<p>Kursy j\u0119zykowe dla firm to doskona\u0142y spos\u00f3b na inwestycj\u0119 w rozw\u00f3j przedsi\u0119biorstwa i kapita\u0142 ludzki. Dodatkowo kursy angielskiego lub innego j\u0119zyka s\u0105 doskona\u0142ym benefitem pracowniczym, kt\u00f3ry u\u0142atwia zbudowanie zadowolonego i lojalnego zespo\u0142u. Znajomo\u015b\u0107 j\u0119zyk\u00f3w obcych przez pracownik\u00f3w przynosi wiele korzy\u015bci: mo\u017cliwo\u015b\u0107 wej\u015bcia na zagraniczne rynki; tworzenie i podtrzymywanie trwa\u0142ych relacji z zagranicznymi kontrahentami; obs\u0142uga obcokrajowc\u00f3w [&hellip;]<\/p>\n","protected":false},"author":3,"featured_media":0,"parent":0,"menu_order":0,"comment_status":"closed","ping_status":"closed","template":"","meta":{"ngg_post_thumbnail":0},"acf":[],"yoast_head":"<!-- This site is optimized with the Yoast SEO plugin v18.9 - https:\/\/yoast.com\/wordpress\/plugins\/seo\/ -->\n<title>Baza Us\u0142ug Rozwojowych BUR \u2013&nbsp; kursy dofinansowane dla firm w Kaliszu - Leader School<\/title>\n<meta name=\"description\" content=\"Sprawd\u017a ofert\u0119 kurs\u00f3w dofinansowanych dla firm w szkole j\u0119zykowej Leader School Kalisz. \ud83d\udcde+48 62 767 21 21\" \/>\n<meta name=\"robots\" content=\"index, follow, max-snippet:-1, max-image-preview:large, max-video-preview:-1\" \/>\n<link rel=\"canonical\" href=\"https:\/\/leaderschool.pl\/kalisz\/baza-uslug-rozwojowych-bur-kursy-dofinansowane-dla-firm-2\/\" \/>\n<meta property=\"og:locale\" content=\"pl_PL\" \/>\n<meta property=\"og:type\" content=\"article\" \/>\n<meta property=\"og:title\" content=\"Baza Us\u0142ug Rozwojowych BUR \u2013&nbsp; kursy dofinansowane dla firm w Kaliszu - Leader School\" \/>\n<meta property=\"og:description\" content=\"Sprawd\u017a ofert\u0119 kurs\u00f3w dofinansowanych dla firm w szkole j\u0119zykowej Leader School Kalisz. \ud83d\udcde+48 62 767 21 21\" \/>\n<meta property=\"og:url\" content=\"https:\/\/leaderschool.pl\/kalisz\/baza-uslug-rozwojowych-bur-kursy-dofinansowane-dla-firm-2\/\" \/>\n<meta property=\"og:site_name\" content=\"w Kaliszu - Leader School\" \/>\n<meta property=\"article:modified_time\" content=\"2024-10-16T10:40:00+00:00\" \/>\n<meta name=\"twitter:card\" content=\"summary_large_image\" \/>\n<meta name=\"twitter:label1\" content=\"Szacowany czas czytania\" \/>\n\t<meta name=\"twitter:data1\" content=\"3 minuty\" \/>\n<script type=\"application\/ld+json\" class=\"yoast-schema-graph\">{\"@context\":\"https:\/\/schema.org\",\"@graph\":[{\"@type\":\"WebSite\",\"@id\":\"https:\/\/leaderschool.pl\/kalisz\/#website\",\"url\":\"https:\/\/leaderschool.pl\/kalisz\/\",\"name\":\"w Kaliszu - Leader School\",\"description\":\"\",\"potentialAction\":[{\"@type\":\"SearchAction\",\"target\":{\"@type\":\"EntryPoint\",\"urlTemplate\":\"https:\/\/leaderschool.pl\/kalisz\/?s={search_term_string}\"},\"query-input\":\"required name=search_term_string\"}],\"inLanguage\":\"pl-PL\"},{\"@type\":\"WebPage\",\"@id\":\"https:\/\/leaderschool.pl\/kalisz\/baza-uslug-rozwojowych-bur-kursy-dofinansowane-dla-firm-2\/#webpage\",\"url\":\"https:\/\/leaderschool.pl\/kalisz\/baza-uslug-rozwojowych-bur-kursy-dofinansowane-dla-firm-2\/\",\"name\":\"Baza Us\u0142ug Rozwojowych BUR \u2013&nbsp; kursy dofinansowane dla firm w Kaliszu - Leader School\",\"isPartOf\":{\"@id\":\"https:\/\/leaderschool.pl\/kalisz\/#website\"},\"datePublished\":\"2022-07-24T17:11:36+00:00\",\"dateModified\":\"2024-10-16T10:40:00+00:00\",\"description\":\"Sprawd\u017a ofert\u0119 kurs\u00f3w dofinansowanych dla firm w szkole j\u0119zykowej Leader School Kalisz. \ud83d\udcde+48 62 767 21 21\",\"breadcrumb\":{\"@id\":\"https:\/\/leaderschool.pl\/kalisz\/baza-uslug-rozwojowych-bur-kursy-dofinansowane-dla-firm-2\/#breadcrumb\"},\"inLanguage\":\"pl-PL\",\"potentialAction\":[{\"@type\":\"ReadAction\",\"target\":[\"https:\/\/leaderschool.pl\/kalisz\/baza-uslug-rozwojowych-bur-kursy-dofinansowane-dla-firm-2\/\"]}]},{\"@type\":\"BreadcrumbList\",\"@id\":\"https:\/\/leaderschool.pl\/kalisz\/baza-uslug-rozwojowych-bur-kursy-dofinansowane-dla-firm-2\/#breadcrumb\",\"itemListElement\":[{\"@type\":\"ListItem\",\"position\":1,\"name\":\"Home\",\"item\":\"https:\/\/leaderschool.pl\/kalisz\/\"},{\"@type\":\"ListItem\",\"position\":2,\"name\":\"Baza Us\u0142ug Rozwojowych BUR \u2013&nbsp; kursy dofinansowane dla firm\"}]}]}<\/script>\n<!-- \/ Yoast SEO plugin. -->","yoast_head_json":{"title":"Baza Us\u0142ug Rozwojowych BUR \u2013&nbsp; kursy dofinansowane dla firm w Kaliszu - Leader School","description":"Sprawd\u017a ofert\u0119 kurs\u00f3w dofinansowanych dla firm w szkole j\u0119zykowej Leader School Kalisz. \ud83d\udcde+48 62 767 21 21","robots":{"index":"index","follow":"follow","max-snippet":"max-snippet:-1","max-image-preview":"max-image-preview:large","max-video-preview":"max-video-preview:-1"},"canonical":"https:\/\/leaderschool.pl\/kalisz\/baza-uslug-rozwojowych-bur-kursy-dofinansowane-dla-firm-2\/","og_locale":"pl_PL","og_type":"article","og_title":"Baza Us\u0142ug Rozwojowych BUR \u2013&nbsp; kursy dofinansowane dla firm w Kaliszu - Leader School","og_description":"Sprawd\u017a ofert\u0119 kurs\u00f3w dofinansowanych dla firm w szkole j\u0119zykowej Leader School Kalisz. \ud83d\udcde+48 62 767 21 21","og_url":"https:\/\/leaderschool.pl\/kalisz\/baza-uslug-rozwojowych-bur-kursy-dofinansowane-dla-firm-2\/","og_site_name":"w Kaliszu - Leader School","article_modified_time":"2024-10-16T10:40:00+00:00","twitter_card":"summary_large_image","twitter_misc":{"Szacowany czas czytania":"3 minuty"},"schema":{"@context":"https:\/\/schema.org","@graph":[{"@type":"WebSite","@id":"https:\/\/leaderschool.pl\/kalisz\/#website","url":"https:\/\/leaderschool.pl\/kalisz\/","name":"w Kaliszu - Leader School","description":"","potentialAction":[{"@type":"SearchAction","target":{"@type":"EntryPoint","urlTemplate":"https:\/\/leaderschool.pl\/kalisz\/?s={search_term_string}"},"query-input":"required name=search_term_string"}],"inLanguage":"pl-PL"},{"@type":"WebPage","@id":"https:\/\/leaderschool.pl\/kalisz\/baza-uslug-rozwojowych-bur-kursy-dofinansowane-dla-firm-2\/#webpage","url":"https:\/\/leaderschool.pl\/kalisz\/baza-uslug-rozwojowych-bur-kursy-dofinansowane-dla-firm-2\/","name":"Baza Us\u0142ug Rozwojowych BUR \u2013&nbsp; kursy dofinansowane dla firm w Kaliszu - Leader School","isPartOf":{"@id":"https:\/\/leaderschool.pl\/kalisz\/#website"},"datePublished":"2022-07-24T17:11:36+00:00","dateModified":"2024-10-16T10:40:00+00:00","description":"Sprawd\u017a ofert\u0119 kurs\u00f3w dofinansowanych dla firm w szkole j\u0119zykowej Leader School Kalisz. \ud83d\udcde+48 62 767 21 21","breadcrumb":{"@id":"https:\/\/leaderschool.pl\/kalisz\/baza-uslug-rozwojowych-bur-kursy-dofinansowane-dla-firm-2\/#breadcrumb"},"inLanguage":"pl-PL","potentialAction":[{"@type":"ReadAction","target":["https:\/\/leaderschool.pl\/kalisz\/baza-uslug-rozwojowych-bur-kursy-dofinansowane-dla-firm-2\/"]}]},{"@type":"BreadcrumbList","@id":"https:\/\/leaderschool.pl\/kalisz\/baza-uslug-rozwojowych-bur-kursy-dofinansowane-dla-firm-2\/#breadcrumb","itemListElement":[{"@type":"ListItem","position":1,"name":"Home","item":"https:\/\/leaderschool.pl\/kalisz\/"},{"@type":"ListItem","position":2,"name":"Baza Us\u0142ug Rozwojowych BUR \u2013&nbsp; kursy dofinansowane dla firm"}]}]}},"_links":{"self":[{"href":"https:\/\/leaderschool.pl\/kalisz\/wp-json\/wp\/v2\/pages\/2664"}],"collection":[{"href":"https:\/\/leaderschool.pl\/kalisz\/wp-json\/wp\/v2\/pages"}],"about":[{"href":"https:\/\/leaderschool.pl\/kalisz\/wp-json\/wp\/v2\/types\/page"}],"author":[{"embeddable":true,"href":"https:\/\/leaderschool.pl\/kalisz\/wp-json\/wp\/v2\/users\/3"}],"replies":[{"embeddable":true,"href":"https:\/\/leaderschool.pl\/kalisz\/wp-json\/wp\/v2\/comments?post=2664"}],"version-history":[{"count":3,"href":"https:\/\/leaderschool.pl\/kalisz\/wp-json\/wp\/v2\/pages\/2664\/revisions"}],"predecessor-version":[{"id":2899,"href":"https:\/\/leaderschool.pl\/kalisz\/wp-json\/wp\/v2\/pages\/2664\/revisions\/2899"}],"wp:attachment":[{"href":"https:\/\/leaderschool.pl\/kalisz\/wp-json\/wp\/v2\/media?parent=2664"}],"curies":[{"name":"wp","href":"https:\/\/api.w.org\/{rel}","templated":true}]}}