{"id":2662,"date":"2022-07-24T19:11:21","date_gmt":"2022-07-24T17:11:21","guid":{"rendered":"https:\/\/leaderschool.sellision.dev\/kalisz\/?page_id=2662"},"modified":"2023-11-22T12:23:00","modified_gmt":"2023-11-22T11:23:00","slug":"angielski-z-dojazdem-do-klienta-kalisz","status":"publish","type":"page","link":"https:\/\/leaderschool.pl\/kalisz\/angielski-z-dojazdem-do-klienta-kalisz\/","title":{"rendered":"Angielski z dojazdem do klienta \u2013 Kalisz"},"content":{"rendered":"\n<p><a href=\"https:\/\/leaderschool.pl\/kalisz\/\">Nasza <strong>szko\u0142a j\u0119zykowa w Kaliszu<\/strong><\/a> oferuje nauk\u0119 <strong>angielskiego z dojazdem do klienta.<\/strong> Ta forma zaj\u0119\u0107 dedykowana jest klientom indywidualnym oraz firmom, zapewniaj\u0105c wygodn\u0105 nauk\u0119. Zaj\u0119cia s\u0105 dok\u0142adnie dopasowane do potrzeb klienta, co zapewnia najlepsze efekty. Doje\u017cd\u017camy na terenie ca\u0142ego Kalisza oraz do okolicznych miejscowo\u015bci.<\/p>\n\n\n\n<h2>Nauka angielskiego<\/h2>\n\n\n\n<p><strong>Angielski z dojazdem do klienta w Kaliszu<\/strong> to zaj\u0119cia przeznaczone dla wszystkich grup wiekowych. Program nauczania dopasowany jest do:<\/p>\n\n\n\n<ul><li>wieku kursant\u00f3w;<\/li><li>umiej\u0119tno\u015bci;<\/li><li>mo\u017cliwo\u015bci uczestnik\u00f3w;<\/li><li>cel\u00f3w kursant\u00f3w.<\/li><\/ul>\n\n\n\n<p>Nauka dla dzieci i m\u0142odzie\u017cy<\/p>\n\n\n\n<p>Doje\u017cd\u017camy do dzieci, zapewniaj\u0105c nauk\u0119 przez zabaw\u0119 w przedszkolu lub domu, gwarantuj\u0105c szybkie efekty. M\u0142odzie\u017cy, oferujemy <strong>kursy przygotowuj\u0105ce do egzamin\u00f3w<\/strong> oraz efektywn\u0105 nauk\u0119 angielskiego.<\/p>\n\n\n\n<p>Nauka angielskiego dla doros\u0142ych<\/p>\n\n\n\n<p><strong>Angielski dla doros\u0142ych<\/strong> z dojazdem do klienta to doskona\u0142y spos\u00f3b na intensywn\u0105 nauk\u0119, kt\u00f3ra b\u0119dzie doskonale dopasowana do potrzeb. Zaj\u0119cia w domu s\u0105 du\u017co wygodniejsze i pozwalaj\u0105 zaoszcz\u0119dzi\u0107 mn\u00f3stwo czasu na dojazdach.<\/p>\n\n\n\n<p>Kursy j\u0119zykowe dla firm<\/p>\n\n\n\n<p><strong>Kursy angielskiego dla firm<\/strong> s\u0105 dobrze dopasowane do bran\u017cy, w kt\u00f3rej dzia\u0142a przedsi\u0119biorstwo. Dzi\u0119ki temu <strong>nauka angielskiego<\/strong> jest doskona\u0142\u0105 inwestycj\u0105 w firm\u0119 oraz kapita\u0142 ludzki.<\/p>\n\n\n\n<h2>Nowoczesne metody nauczania<\/h2>\n\n\n\n<p>W zale\u017cno\u015bci od cel\u00f3w okre\u015blonych przez klienta kursy prowadzone s\u0105 metod\u0105 BLS lub metod\u0105 akademick\u0105. Pierwsza k\u0142adzie du\u017cy nacisk na m\u00f3wienie i praktyczn\u0105 nauk\u0119 j\u0119zyka, zapewniaj\u0105c nauk\u0119 gramatyki w naturalny spos\u00f3b i mo\u017cliwo\u015b\u0107 prze\u0142amania bariery j\u0119zykowe. Metoda BLS przeznaczona jest dla os\u00f3b, kt\u00f3re chc\u0105c szybko zacz\u0105\u0107 rozumie\u0107 i stosowa\u0107 j\u0119zyki angielski. <strong>Nauka angielskiego<\/strong> metod\u0105 akademick\u0105 pozwala gruntownie pozna\u0107 gramatyk\u0119 i \u0107wiczy\u0107 niezb\u0119dne umiej\u0119tno\u015bci. Jest szczeg\u00f3lnie polecana osobom, kt\u00f3re przygotowuj\u0105 si\u0119 do egzamin\u00f3w.<\/p>\n\n\n\n<h2>Dla kogo kursy j\u0119zykowe z dojazdem do klienta?<\/h2>\n\n\n\n<h3>Dla klient\u00f3w indywidualnych<\/h3>\n\n\n\n<p>Doje\u017cd\u017camy do klient\u00f3w w Kaliszu i okolicach, zapewniaj\u0105c indywidualne <strong>lekcje angielskiego.<\/strong> Co wi\u0119cej, w zaj\u0119ciach mo\u017ce bra\u0107 udzia\u0142 ca\u0142a rodzina, co zapewnia du\u017c\u0105 oszcz\u0119dno\u015b\u0107 czasu.<\/p>\n\n\n\n<h3>Dla firm<\/h3>\n\n\n\n<p>Oferujemy <strong>nauk\u0119 angielskiego<\/strong> w siedzibie firmy, a kursy dopasowane s\u0105 do bran\u017cy, w kt\u00f3rej dzia\u0142a przedsi\u0119biorstwo. To wspania\u0142y benefit pracowniczy i dobry spos\u00f3b na inwestycj\u0119 w kapita\u0142 ludzi.<\/p>\n\n\n\n<h3>Dla szk\u00f3\u0142 i przedszkoli<\/h3>\n\n\n\n<p>Nasi lektorzy przygotowuj\u0105 r\u00f3wnie\u017c kursy dla dzieci i m\u0142odzie\u017cy, kt\u00f3re mog\u0105 odbywa\u0107 si\u0119 w plac\u00f3wce. Dzi\u0119ki temu rodzice nie trac\u0105 czasu na dojazdy i czekanie na dziecko, a kursanci maj\u0105 mo\u017cliwo\u015b\u0107 rozwoju swoich umiej\u0119tno\u015bci.<\/p>\n\n\n\n<h2>Najwi\u0119ksze zalety angielskiego z dojazdem do klienta<\/h2>\n\n\n\n<h3>Wygodna forma zaj\u0119\u0107<\/h3>\n\n\n\n<p><strong>Nauka angielskiego z dojazdem do klienta<\/strong> to najwygodniejsza forma zaj\u0119\u0107 dla os\u00f3b, kt\u00f3re chc\u0105 mie\u0107 bezpo\u015bredni kontakt z nauczycielem, a jednocze\u015bnie nie mog\u0105 lub nie chc\u0105 doje\u017cd\u017ca\u0107 do <strong>szko\u0142y j\u0119zykowej.<\/strong><\/p>\n\n\n\n<h3>Oszcz\u0119dno\u015b\u0107 czasu<\/h3>\n\n\n\n<p>Nauka we w\u0142asnym domu lub w siedzibie firmy to ogromna oszcz\u0119dno\u015b\u0107 czasu. Nie trzeba nigdzie doje\u017cd\u017ca\u0107, a zaj\u0119cia mog\u0105 odbywa\u0107 si\u0119 w najdogodniejszym czasie.<\/p>\n\n\n\n<h3>Zaj\u0119cia dopasowane do potrzeb<\/h3>\n\n\n\n<p><strong>Kursy angielskiego z dojazdem do klienta<\/strong> s\u0105 indywidualnie tworzone, co umo\u017cliwia ich dok\u0142adne dopasowanie do potrzeb i cel\u00f3w kursant\u00f3w.<\/p>\n","protected":false},"excerpt":{"rendered":"<p>Nasza szko\u0142a j\u0119zykowa w Kaliszu oferuje nauk\u0119 angielskiego z dojazdem do klienta. Ta forma zaj\u0119\u0107 dedykowana jest klientom indywidualnym oraz firmom, zapewniaj\u0105c wygodn\u0105 nauk\u0119. Zaj\u0119cia s\u0105 dok\u0142adnie dopasowane do potrzeb klienta, co zapewnia najlepsze efekty. Doje\u017cd\u017camy na terenie ca\u0142ego Kalisza oraz do okolicznych miejscowo\u015bci. Nauka angielskiego Angielski z dojazdem do klienta w Kaliszu to zaj\u0119cia [&hellip;]<\/p>\n","protected":false},"author":3,"featured_media":0,"parent":0,"menu_order":0,"comment_status":"closed","ping_status":"closed","template":"","meta":{"ngg_post_thumbnail":0},"acf":[],"yoast_head":"<!-- This site is optimized with the Yoast SEO plugin v18.9 - https:\/\/yoast.com\/wordpress\/plugins\/seo\/ -->\n<title>Angielski z dojazdem do klienta \u2013 Kalisz w Kaliszu - Leader School<\/title>\n<meta name=\"description\" content=\"Chcesz zacz\u0105\u0107 nauk\u0119 j\u0119zyka angielskiego, ale z jakich\u015b powod\u00f3w wolisz to robi\u0107 u siebie w domu? Sprawd\u017a ofert\u0119 szko\u0142y j\u0119zykowej w Kaliszu.\" \/>\n<meta name=\"robots\" content=\"index, follow, max-snippet:-1, max-image-preview:large, max-video-preview:-1\" \/>\n<link rel=\"canonical\" href=\"https:\/\/leaderschool.pl\/kalisz\/angielski-z-dojazdem-do-klienta-kalisz\/\" \/>\n<meta property=\"og:locale\" content=\"pl_PL\" \/>\n<meta property=\"og:type\" content=\"article\" \/>\n<meta property=\"og:title\" content=\"Angielski z dojazdem do klienta \u2013 Kalisz w Kaliszu - Leader School\" \/>\n<meta property=\"og:description\" content=\"Chcesz zacz\u0105\u0107 nauk\u0119 j\u0119zyka angielskiego, ale z jakich\u015b powod\u00f3w wolisz to robi\u0107 u siebie w domu? Sprawd\u017a ofert\u0119 szko\u0142y j\u0119zykowej w Kaliszu.\" \/>\n<meta property=\"og:url\" content=\"https:\/\/leaderschool.pl\/kalisz\/angielski-z-dojazdem-do-klienta-kalisz\/\" \/>\n<meta property=\"og:site_name\" content=\"w Kaliszu - Leader School\" \/>\n<meta property=\"article:modified_time\" content=\"2023-11-22T11:23:00+00:00\" \/>\n<meta name=\"twitter:card\" content=\"summary_large_image\" \/>\n<meta name=\"twitter:label1\" content=\"Szacowany czas czytania\" \/>\n\t<meta name=\"twitter:data1\" content=\"3 minuty\" \/>\n<script type=\"application\/ld+json\" class=\"yoast-schema-graph\">{\"@context\":\"https:\/\/schema.org\",\"@graph\":[{\"@type\":\"WebSite\",\"@id\":\"https:\/\/leaderschool.pl\/kalisz\/#website\",\"url\":\"https:\/\/leaderschool.pl\/kalisz\/\",\"name\":\"w Kaliszu - Leader School\",\"description\":\"\",\"potentialAction\":[{\"@type\":\"SearchAction\",\"target\":{\"@type\":\"EntryPoint\",\"urlTemplate\":\"https:\/\/leaderschool.pl\/kalisz\/?s={search_term_string}\"},\"query-input\":\"required name=search_term_string\"}],\"inLanguage\":\"pl-PL\"},{\"@type\":\"WebPage\",\"@id\":\"https:\/\/leaderschool.pl\/kalisz\/angielski-z-dojazdem-do-klienta-kalisz\/#webpage\",\"url\":\"https:\/\/leaderschool.pl\/kalisz\/angielski-z-dojazdem-do-klienta-kalisz\/\",\"name\":\"Angielski z dojazdem do klienta \u2013 Kalisz w Kaliszu - Leader School\",\"isPartOf\":{\"@id\":\"https:\/\/leaderschool.pl\/kalisz\/#website\"},\"datePublished\":\"2022-07-24T17:11:21+00:00\",\"dateModified\":\"2023-11-22T11:23:00+00:00\",\"description\":\"Chcesz zacz\u0105\u0107 nauk\u0119 j\u0119zyka angielskiego, ale z jakich\u015b powod\u00f3w wolisz to robi\u0107 u siebie w domu? Sprawd\u017a ofert\u0119 szko\u0142y j\u0119zykowej w Kaliszu.\",\"breadcrumb\":{\"@id\":\"https:\/\/leaderschool.pl\/kalisz\/angielski-z-dojazdem-do-klienta-kalisz\/#breadcrumb\"},\"inLanguage\":\"pl-PL\",\"potentialAction\":[{\"@type\":\"ReadAction\",\"target\":[\"https:\/\/leaderschool.pl\/kalisz\/angielski-z-dojazdem-do-klienta-kalisz\/\"]}]},{\"@type\":\"BreadcrumbList\",\"@id\":\"https:\/\/leaderschool.pl\/kalisz\/angielski-z-dojazdem-do-klienta-kalisz\/#breadcrumb\",\"itemListElement\":[{\"@type\":\"ListItem\",\"position\":1,\"name\":\"Home\",\"item\":\"https:\/\/leaderschool.pl\/kalisz\/\"},{\"@type\":\"ListItem\",\"position\":2,\"name\":\"Angielski z dojazdem do klienta \u2013 Kalisz\"}]}]}<\/script>\n<!-- \/ Yoast SEO plugin. -->","yoast_head_json":{"title":"Angielski z dojazdem do klienta \u2013 Kalisz w Kaliszu - Leader School","description":"Chcesz zacz\u0105\u0107 nauk\u0119 j\u0119zyka angielskiego, ale z jakich\u015b powod\u00f3w wolisz to robi\u0107 u siebie w domu? Sprawd\u017a ofert\u0119 szko\u0142y j\u0119zykowej w Kaliszu.","robots":{"index":"index","follow":"follow","max-snippet":"max-snippet:-1","max-image-preview":"max-image-preview:large","max-video-preview":"max-video-preview:-1"},"canonical":"https:\/\/leaderschool.pl\/kalisz\/angielski-z-dojazdem-do-klienta-kalisz\/","og_locale":"pl_PL","og_type":"article","og_title":"Angielski z dojazdem do klienta \u2013 Kalisz w Kaliszu - Leader School","og_description":"Chcesz zacz\u0105\u0107 nauk\u0119 j\u0119zyka angielskiego, ale z jakich\u015b powod\u00f3w wolisz to robi\u0107 u siebie w domu? Sprawd\u017a ofert\u0119 szko\u0142y j\u0119zykowej w Kaliszu.","og_url":"https:\/\/leaderschool.pl\/kalisz\/angielski-z-dojazdem-do-klienta-kalisz\/","og_site_name":"w Kaliszu - Leader School","article_modified_time":"2023-11-22T11:23:00+00:00","twitter_card":"summary_large_image","twitter_misc":{"Szacowany czas czytania":"3 minuty"},"schema":{"@context":"https:\/\/schema.org","@graph":[{"@type":"WebSite","@id":"https:\/\/leaderschool.pl\/kalisz\/#website","url":"https:\/\/leaderschool.pl\/kalisz\/","name":"w Kaliszu - Leader School","description":"","potentialAction":[{"@type":"SearchAction","target":{"@type":"EntryPoint","urlTemplate":"https:\/\/leaderschool.pl\/kalisz\/?s={search_term_string}"},"query-input":"required name=search_term_string"}],"inLanguage":"pl-PL"},{"@type":"WebPage","@id":"https:\/\/leaderschool.pl\/kalisz\/angielski-z-dojazdem-do-klienta-kalisz\/#webpage","url":"https:\/\/leaderschool.pl\/kalisz\/angielski-z-dojazdem-do-klienta-kalisz\/","name":"Angielski z dojazdem do klienta \u2013 Kalisz w Kaliszu - Leader School","isPartOf":{"@id":"https:\/\/leaderschool.pl\/kalisz\/#website"},"datePublished":"2022-07-24T17:11:21+00:00","dateModified":"2023-11-22T11:23:00+00:00","description":"Chcesz zacz\u0105\u0107 nauk\u0119 j\u0119zyka angielskiego, ale z jakich\u015b powod\u00f3w wolisz to robi\u0107 u siebie w domu? Sprawd\u017a ofert\u0119 szko\u0142y j\u0119zykowej w Kaliszu.","breadcrumb":{"@id":"https:\/\/leaderschool.pl\/kalisz\/angielski-z-dojazdem-do-klienta-kalisz\/#breadcrumb"},"inLanguage":"pl-PL","potentialAction":[{"@type":"ReadAction","target":["https:\/\/leaderschool.pl\/kalisz\/angielski-z-dojazdem-do-klienta-kalisz\/"]}]},{"@type":"BreadcrumbList","@id":"https:\/\/leaderschool.pl\/kalisz\/angielski-z-dojazdem-do-klienta-kalisz\/#breadcrumb","itemListElement":[{"@type":"ListItem","position":1,"name":"Home","item":"https:\/\/leaderschool.pl\/kalisz\/"},{"@type":"ListItem","position":2,"name":"Angielski z dojazdem do klienta \u2013 Kalisz"}]}]}},"_links":{"self":[{"href":"https:\/\/leaderschool.pl\/kalisz\/wp-json\/wp\/v2\/pages\/2662"}],"collection":[{"href":"https:\/\/leaderschool.pl\/kalisz\/wp-json\/wp\/v2\/pages"}],"about":[{"href":"https:\/\/leaderschool.pl\/kalisz\/wp-json\/wp\/v2\/types\/page"}],"author":[{"embeddable":true,"href":"https:\/\/leaderschool.pl\/kalisz\/wp-json\/wp\/v2\/users\/3"}],"replies":[{"embeddable":true,"href":"https:\/\/leaderschool.pl\/kalisz\/wp-json\/wp\/v2\/comments?post=2662"}],"version-history":[{"count":4,"href":"https:\/\/leaderschool.pl\/kalisz\/wp-json\/wp\/v2\/pages\/2662\/revisions"}],"predecessor-version":[{"id":2873,"href":"https:\/\/leaderschool.pl\/kalisz\/wp-json\/wp\/v2\/pages\/2662\/revisions\/2873"}],"wp:attachment":[{"href":"https:\/\/leaderschool.pl\/kalisz\/wp-json\/wp\/v2\/media?parent=2662"}],"curies":[{"name":"wp","href":"https:\/\/api.w.org\/{rel}","templated":true}]}}