{"id":2660,"date":"2022-07-24T19:11:07","date_gmt":"2022-07-24T17:11:07","guid":{"rendered":"https:\/\/leaderschool.sellision.dev\/kalisz\/?page_id=2660"},"modified":"2023-11-22T12:24:33","modified_gmt":"2023-11-22T11:24:33","slug":"przyspieszone-kursy-wakacyjne","status":"publish","type":"page","link":"https:\/\/leaderschool.pl\/kalisz\/przyspieszone-kursy-wakacyjne\/","title":{"rendered":"Przyspieszone kursy wakacyjne"},"content":{"rendered":"\n<p><strong><a href=\"https:\/\/leaderschool.pl\/kalisz\/\">Szko\u0142a j\u0119zykowa w Kaliszu<\/a><\/strong> oferuje <strong>intensywne kursy angielskiego,<\/strong> kt\u00f3re umo\u017cliwiaj\u0105 szybkie podniesienie kwalifikacji. Intensywny program, wyd\u0142u\u017cone zaj\u0119cia i wi\u0119ksza cz\u0119stotliwo\u015b\u0107 lekcji to mo\u017cliwo\u015b\u0107 szybkiego poszerzenia s\u0142ownictwa i poznanie gramatyki.<\/p>\n\n\n\n<h2>Przyspieszone kursy angielskiego<\/h2>\n\n\n\n<p><strong>Wakacyjne kursy angielskiego<\/strong> to intensywna nauka przez kilka tygodni, kt\u00f3ra pozwala na szybkie podniesienie swoich umiej\u0119tno\u015bci. Zapewniamy przyjazn\u0105 atmosfer\u0119, wykwalifikowan\u0105 kadr\u0119 i nauk\u0119 z wykorzystaniem r\u00f3\u017cnych technik nauczania oraz ogromnej ilo\u015bci materia\u0142\u00f3w dydaktycznych.<\/p>\n\n\n\n<h3>Dopasowanie do potrzeb<\/h3>\n\n\n\n<p>Kursy poprzedzone s\u0105 egzaminem poziomuj\u0105cym, kt\u00f3ry umo\u017cliwia skierowanie kursanta do odpowiedniej grupy. Wykorzystanie nowoczesnych metod nauczania pozwala dopasowa\u0107 zaj\u0119cia do mo\u017cliwo\u015bci uczestnik\u00f3w oraz pozwala osi\u0105gni\u0119cie dobrych wynik\u00f3w wszystkim kursantom, niezale\u017cnie od ich stylu uczenia si\u0119.<\/p>\n\n\n\n<h3>Efektywne nauczenie<\/h3>\n\n\n\n<p>Du\u017ca cz\u0119stotliwo\u015b\u0107 lekcji i intensywny program umo\u017cliwiaj\u0105 szybkie podniesienie umiej\u0119tno\u015bci i osi\u0105gni\u0119cie za\u0142o\u017conych cel\u00f3w. Wszystkie zaj\u0119cia s\u0105 dok\u0142adnie zaplanowane, co pozwala doskonale wykorzysta\u0107 ka\u017cd\u0105 minut\u0119 lekcji, a kursanci nie maj\u0105 poczucia traconego czasu.<\/p>\n\n\n\n<h3>Opieka lektor\u00f3w<\/h3>\n\n\n\n<p>Naszym najwi\u0119kszym atutem jest autorska metoda nauczania i wykwalifikowana kadra. Nauczyciele wspieraj\u0105 kursant\u00f3w na ka\u017cdym etapie nauki i dok\u0142adaj\u0105 stara\u0144, aby zaj\u0119cia by\u0142y interesuj\u0105ce i efektywne. Umiej\u0119tno\u015b\u0107 nauczania i przekazywania wiedzy w \u0142atwy spos\u00f3b to cechy charakterystyczne wszystkich naszych lektor\u00f3w.<\/p>\n\n\n\n<h2>Nauka metod\u0105 BLS<\/h2>\n\n\n\n<p>Nasza <strong>szko\u0142a j\u0119zykowa w Kaliszu<\/strong> oferuje nauk\u0119 angielskiego metod\u0105 BLS, kt\u00f3ra jest po\u0142\u0105czeniem innowacyjnych technik nauczania, dobrze zaplanowanego procesu uczenia oraz r\u00f3\u017cnorodnych materia\u0142\u00f3w. Du\u017cy nacisk na m\u00f3wienie i p\u0142ynn\u0105 komunikacj\u0119 oraz naturalna nauka gramatyki skutkuj\u0105 znacznymi post\u0119pami w kr\u00f3tkim czasie.<\/p>\n\n\n\n<h2>Dla kogo s\u0105 kursy wakacyjne?<\/h2>\n\n\n\n<h3>Dla doros\u0142ych<\/h3>\n\n\n\n<p><strong>Wakacyjny kurs angielskiego<\/strong> to propozycja skierowana do doros\u0142ych, kt\u00f3rzy chc\u0105 szybko i skutecznie nauczy\u0107 si\u0119 j\u0119zyka lub poprawi\u0107 swoje umiej\u0119tno\u015bci.<\/p>\n\n\n\n<h3>Dla m\u0142odzie\u017cy<\/h3>\n\n\n\n<p>Na <strong>wakacyjne kursy j\u0119zykowe<\/strong> przyjmujemy m\u0142odzie\u017c, kt\u00f3rej zale\u017cy na osi\u0105gni\u0119ciu szybkich efekt\u00f3w w kilka tygodni.<\/p>\n\n\n\n<h3>Dla ambitnych<\/h3>\n\n\n\n<p>Intensywny kurs angielskiego przyda si\u0119 wszystkim, kt\u00f3rzy chc\u0105 w kr\u00f3tkim czasie podnie\u015b\u0107 swoje kwalifikacje, aby przygotowa\u0107 si\u0119 do wyjazdu za granic\u0105 lub podnie\u015b\u0107 swoje kompetencje.<\/p>\n\n\n\n<h2>Co otrzymasz, wybieraj\u0105c wakacyjny kurs angielskiego?<\/h2>\n\n\n\n<h3>Intensywna nauka<\/h3>\n\n\n\n<p><strong>Wakacyjne kursy j\u0119zykowe<\/strong> to intensywna nauka angielskiego, kt\u00f3ra pozwala szybko podnie\u015b\u0107 kwalifikacje i umo\u017cliwia osi\u0105gni\u0119cie ogromnych post\u0119p\u00f3w.<\/p>\n\n\n\n<h3>Wi\u0119ksza cz\u0119stotliwo\u015b\u0107 zaj\u0119\u0107<\/h3>\n\n\n\n<p>Zaj\u0119cia z angielskiego odbywaj\u0105 si\u0119 2 lub 3 razy w tygodniu, a ich czas zosta\u0142 wyd\u0142u\u017cony, co pozwala na du\u017c\u0105 dawk\u0119 wiedzy w kr\u00f3tkim czasie.<\/p>\n\n\n\n<h3>Nauka metod\u0105 BLS<\/h3>\n\n\n\n<p>W trakcie kurs\u00f3w wakacyjnych wykorzystujemy metod\u0119 BLS, kt\u00f3ra pozwala na szybk\u0105 <strong>nauk\u0119 angielskiego<\/strong> z naciskiem na m\u00f3wienie. Kursanci szybko prze\u0142amuj\u0105 barier\u0119 j\u0119zykow\u0105 i zaczynaj\u0105 swobodnie pos\u0142ugiwa\u0107 si\u0119 angielskim.<\/p>\n","protected":false},"excerpt":{"rendered":"<p>Szko\u0142a j\u0119zykowa w Kaliszu oferuje intensywne kursy angielskiego, kt\u00f3re umo\u017cliwiaj\u0105 szybkie podniesienie kwalifikacji. Intensywny program, wyd\u0142u\u017cone zaj\u0119cia i wi\u0119ksza cz\u0119stotliwo\u015b\u0107 lekcji to mo\u017cliwo\u015b\u0107 szybkiego poszerzenia s\u0142ownictwa i poznanie gramatyki. Przyspieszone kursy angielskiego Wakacyjne kursy angielskiego to intensywna nauka przez kilka tygodni, kt\u00f3ra pozwala na szybkie podniesienie swoich umiej\u0119tno\u015bci. Zapewniamy przyjazn\u0105 atmosfer\u0119, wykwalifikowan\u0105 kadr\u0119 i nauk\u0119 [&hellip;]<\/p>\n","protected":false},"author":3,"featured_media":0,"parent":0,"menu_order":0,"comment_status":"closed","ping_status":"closed","template":"","meta":{"ngg_post_thumbnail":0},"acf":[],"yoast_head":"<!-- This site is optimized with the Yoast SEO plugin v18.9 - https:\/\/yoast.com\/wordpress\/plugins\/seo\/ -->\n<title>Przyspieszone kursy wakacyjne w Kaliszu - Leader School<\/title>\n<meta name=\"description\" content=\"Chcesz szybko i efektywnie nauczy\u0107 si\u0119 j\u0119zyka obcego? Zapraszamy na nasz przy\u015bpieszony kurs wakacyjny w Leader School Kalisz.\" \/>\n<meta name=\"robots\" content=\"index, follow, max-snippet:-1, max-image-preview:large, max-video-preview:-1\" \/>\n<link rel=\"canonical\" href=\"https:\/\/leaderschool.pl\/kalisz\/przyspieszone-kursy-wakacyjne\/\" \/>\n<meta property=\"og:locale\" content=\"pl_PL\" \/>\n<meta property=\"og:type\" content=\"article\" \/>\n<meta property=\"og:title\" content=\"Przyspieszone kursy wakacyjne w Kaliszu - Leader School\" \/>\n<meta property=\"og:description\" content=\"Chcesz szybko i efektywnie nauczy\u0107 si\u0119 j\u0119zyka obcego? Zapraszamy na nasz przy\u015bpieszony kurs wakacyjny w Leader School Kalisz.\" \/>\n<meta property=\"og:url\" content=\"https:\/\/leaderschool.pl\/kalisz\/przyspieszone-kursy-wakacyjne\/\" \/>\n<meta property=\"og:site_name\" content=\"w Kaliszu - Leader School\" \/>\n<meta property=\"article:modified_time\" content=\"2023-11-22T11:24:33+00:00\" \/>\n<meta name=\"twitter:card\" content=\"summary_large_image\" \/>\n<meta name=\"twitter:label1\" content=\"Szacowany czas czytania\" \/>\n\t<meta name=\"twitter:data1\" content=\"3 minuty\" \/>\n<script type=\"application\/ld+json\" class=\"yoast-schema-graph\">{\"@context\":\"https:\/\/schema.org\",\"@graph\":[{\"@type\":\"WebSite\",\"@id\":\"https:\/\/leaderschool.pl\/kalisz\/#website\",\"url\":\"https:\/\/leaderschool.pl\/kalisz\/\",\"name\":\"w Kaliszu - Leader School\",\"description\":\"\",\"potentialAction\":[{\"@type\":\"SearchAction\",\"target\":{\"@type\":\"EntryPoint\",\"urlTemplate\":\"https:\/\/leaderschool.pl\/kalisz\/?s={search_term_string}\"},\"query-input\":\"required name=search_term_string\"}],\"inLanguage\":\"pl-PL\"},{\"@type\":\"WebPage\",\"@id\":\"https:\/\/leaderschool.pl\/kalisz\/przyspieszone-kursy-wakacyjne\/#webpage\",\"url\":\"https:\/\/leaderschool.pl\/kalisz\/przyspieszone-kursy-wakacyjne\/\",\"name\":\"Przyspieszone kursy wakacyjne w Kaliszu - Leader School\",\"isPartOf\":{\"@id\":\"https:\/\/leaderschool.pl\/kalisz\/#website\"},\"datePublished\":\"2022-07-24T17:11:07+00:00\",\"dateModified\":\"2023-11-22T11:24:33+00:00\",\"description\":\"Chcesz szybko i efektywnie nauczy\u0107 si\u0119 j\u0119zyka obcego? Zapraszamy na nasz przy\u015bpieszony kurs wakacyjny w Leader School Kalisz.\",\"breadcrumb\":{\"@id\":\"https:\/\/leaderschool.pl\/kalisz\/przyspieszone-kursy-wakacyjne\/#breadcrumb\"},\"inLanguage\":\"pl-PL\",\"potentialAction\":[{\"@type\":\"ReadAction\",\"target\":[\"https:\/\/leaderschool.pl\/kalisz\/przyspieszone-kursy-wakacyjne\/\"]}]},{\"@type\":\"BreadcrumbList\",\"@id\":\"https:\/\/leaderschool.pl\/kalisz\/przyspieszone-kursy-wakacyjne\/#breadcrumb\",\"itemListElement\":[{\"@type\":\"ListItem\",\"position\":1,\"name\":\"Home\",\"item\":\"https:\/\/leaderschool.pl\/kalisz\/\"},{\"@type\":\"ListItem\",\"position\":2,\"name\":\"Przyspieszone kursy wakacyjne\"}]}]}<\/script>\n<!-- \/ Yoast SEO plugin. -->","yoast_head_json":{"title":"Przyspieszone kursy wakacyjne w Kaliszu - Leader School","description":"Chcesz szybko i efektywnie nauczy\u0107 si\u0119 j\u0119zyka obcego? Zapraszamy na nasz przy\u015bpieszony kurs wakacyjny w Leader School Kalisz.","robots":{"index":"index","follow":"follow","max-snippet":"max-snippet:-1","max-image-preview":"max-image-preview:large","max-video-preview":"max-video-preview:-1"},"canonical":"https:\/\/leaderschool.pl\/kalisz\/przyspieszone-kursy-wakacyjne\/","og_locale":"pl_PL","og_type":"article","og_title":"Przyspieszone kursy wakacyjne w Kaliszu - Leader School","og_description":"Chcesz szybko i efektywnie nauczy\u0107 si\u0119 j\u0119zyka obcego? Zapraszamy na nasz przy\u015bpieszony kurs wakacyjny w Leader School Kalisz.","og_url":"https:\/\/leaderschool.pl\/kalisz\/przyspieszone-kursy-wakacyjne\/","og_site_name":"w Kaliszu - Leader School","article_modified_time":"2023-11-22T11:24:33+00:00","twitter_card":"summary_large_image","twitter_misc":{"Szacowany czas czytania":"3 minuty"},"schema":{"@context":"https:\/\/schema.org","@graph":[{"@type":"WebSite","@id":"https:\/\/leaderschool.pl\/kalisz\/#website","url":"https:\/\/leaderschool.pl\/kalisz\/","name":"w Kaliszu - Leader School","description":"","potentialAction":[{"@type":"SearchAction","target":{"@type":"EntryPoint","urlTemplate":"https:\/\/leaderschool.pl\/kalisz\/?s={search_term_string}"},"query-input":"required name=search_term_string"}],"inLanguage":"pl-PL"},{"@type":"WebPage","@id":"https:\/\/leaderschool.pl\/kalisz\/przyspieszone-kursy-wakacyjne\/#webpage","url":"https:\/\/leaderschool.pl\/kalisz\/przyspieszone-kursy-wakacyjne\/","name":"Przyspieszone kursy wakacyjne w Kaliszu - Leader School","isPartOf":{"@id":"https:\/\/leaderschool.pl\/kalisz\/#website"},"datePublished":"2022-07-24T17:11:07+00:00","dateModified":"2023-11-22T11:24:33+00:00","description":"Chcesz szybko i efektywnie nauczy\u0107 si\u0119 j\u0119zyka obcego? Zapraszamy na nasz przy\u015bpieszony kurs wakacyjny w Leader School Kalisz.","breadcrumb":{"@id":"https:\/\/leaderschool.pl\/kalisz\/przyspieszone-kursy-wakacyjne\/#breadcrumb"},"inLanguage":"pl-PL","potentialAction":[{"@type":"ReadAction","target":["https:\/\/leaderschool.pl\/kalisz\/przyspieszone-kursy-wakacyjne\/"]}]},{"@type":"BreadcrumbList","@id":"https:\/\/leaderschool.pl\/kalisz\/przyspieszone-kursy-wakacyjne\/#breadcrumb","itemListElement":[{"@type":"ListItem","position":1,"name":"Home","item":"https:\/\/leaderschool.pl\/kalisz\/"},{"@type":"ListItem","position":2,"name":"Przyspieszone kursy wakacyjne"}]}]}},"_links":{"self":[{"href":"https:\/\/leaderschool.pl\/kalisz\/wp-json\/wp\/v2\/pages\/2660"}],"collection":[{"href":"https:\/\/leaderschool.pl\/kalisz\/wp-json\/wp\/v2\/pages"}],"about":[{"href":"https:\/\/leaderschool.pl\/kalisz\/wp-json\/wp\/v2\/types\/page"}],"author":[{"embeddable":true,"href":"https:\/\/leaderschool.pl\/kalisz\/wp-json\/wp\/v2\/users\/3"}],"replies":[{"embeddable":true,"href":"https:\/\/leaderschool.pl\/kalisz\/wp-json\/wp\/v2\/comments?post=2660"}],"version-history":[{"count":4,"href":"https:\/\/leaderschool.pl\/kalisz\/wp-json\/wp\/v2\/pages\/2660\/revisions"}],"predecessor-version":[{"id":2876,"href":"https:\/\/leaderschool.pl\/kalisz\/wp-json\/wp\/v2\/pages\/2660\/revisions\/2876"}],"wp:attachment":[{"href":"https:\/\/leaderschool.pl\/kalisz\/wp-json\/wp\/v2\/media?parent=2660"}],"curies":[{"name":"wp","href":"https:\/\/api.w.org\/{rel}","templated":true}]}}