{"id":2656,"date":"2022-07-24T19:10:18","date_gmt":"2022-07-24T17:10:18","guid":{"rendered":"https:\/\/leaderschool.sellision.dev\/kalisz\/?page_id=2656"},"modified":"2023-11-22T12:23:42","modified_gmt":"2023-11-22T11:23:42","slug":"business-english","status":"publish","type":"page","link":"https:\/\/leaderschool.pl\/kalisz\/business-english\/","title":{"rendered":"Business English"},"content":{"rendered":"\n<p><strong>Angielski biznesowy<\/strong> to specjalna oferta dla os\u00f3b, kt\u00f3re chc\u0105 dobrze pozna\u0107 s\u0142ownictwo i frazy charakterystyczne dla danej bran\u017cy. Zaj\u0119cia prowadzone s\u0105 w formie indywidualnej, co zapewnia doskona\u0142e dopasowanie kursy do potrzeb uczestnika. W naszej <strong><a href=\"https:\/\/leaderschool.pl\/kalisz\/\">szkole j\u0119zykowej w Kaliszu<\/a><\/strong> zapewnimy Ci intensywn\u0105 nauk\u0119 i rozw\u00f3j w obszarze, na kt\u00f3rym najbardziej Ci zale\u017cy!<\/p>\n\n\n\n<h2>Angielski bran\u017cowy<\/h2>\n\n\n\n<p><strong>Business English<\/strong> to <strong>zaj\u0119cia indywidualne z angielskiego,<\/strong> kt\u00f3re umo\u017cliwiaj\u0105 rozw\u00f3j w obszarze zawodowym. Dopasowujemy zaj\u0119cia i nauk\u0119 s\u0142ownictwa do bran\u017cy, w kt\u00f3rej kszta\u0142ci si\u0119 lub pracuje kursant, zapewniaj\u0105c mu wi\u0119ksze mo\u017cliwo\u015bci rozwoju zawodowego. Zaj\u0119cia prowadzone s\u0105 przed do\u015bwiadczonych lektor\u00f3w, kt\u00f3rzy potrafi\u0105 prowadzi\u0107 zaj\u0119cia w spos\u00f3b efektywny i ciekawy.<\/p>\n\n\n\n<h2>Nauka angielskiego w Leader School<\/h2>\n\n\n\n<p>W naszej szkole stawiamy nacisk na praktyczn\u0105 <strong>nauk\u0119 j\u0119zyka angielskiego.<\/strong> Zwracamy du\u017c\u0105 uwag\u0119 na prawid\u0142ow\u0105 wymow\u0105 i swobodn\u0105 komunikacj\u0119, kt\u00f3ra jest tak wa\u017cna w kontaktach zawodowych. Zwi\u0119ksza to pewno\u015b\u0107 siebie kursant\u00f3w i pozwala prze\u0142ama\u0107 barier\u0119 j\u0119zykow\u0105.<\/p>\n\n\n\n<h3>Dopasowanie do potrzeb<\/h3>\n\n\n\n<p>Zaj\u0119cia z <strong>angielskiego bran\u017cowego<\/strong> s\u0105 w pe\u0142ni dopasowane do potrzeb kursant\u00f3w i bran\u017cy, w kt\u00f3rej si\u0119 specjalizuj\u0105. Oferujemy m.in. nauk\u0119 w nast\u0119puj\u0105cych dziedzinach:<\/p>\n\n\n\n<ul><li><strong>angielski biznesowy;<\/strong><\/li><li><strong>angielski prawniczy;<\/strong><\/li><li><strong>angielski medyczny;<\/strong><\/li><li><strong>angielski dla programist\u00f3w.<\/strong><\/li><\/ul>\n\n\n\n<h3>Du\u017ca elastyczno\u015b\u0107<\/h3>\n\n\n\n<p>Indywidualne zaj\u0119cia to mo\u017cliwo\u015b\u0107 ich dok\u0142adnego dopasowania do mo\u017cliwo\u015bci, umiej\u0119tno\u015bci i stylu uczenia si\u0119 kursanta. Uczestnik ma du\u017cy wp\u0142yw na proces nauczania, co jest motywuj\u0105ce i pozwala szybko osi\u0105gn\u0105\u0107 efekty.<\/p>\n\n\n\n<h3>Szybkie efekty<\/h3>\n\n\n\n<p>Wszystkie nasze <strong>kursy j\u0119zykowe<\/strong> odznaczaj\u0105 si\u0119 du\u017c\u0105 efektywno\u015bci\u0105 dzi\u0119ki wykorzystaniu nowoczesnych technik nauczania oraz du\u017cego zaanga\u017cowania lektor\u00f3w. Wykwalifikowana kadra zapewnia ciekawe materia\u0142y dydaktyczne, kt\u00f3re u\u0142atwiaj\u0105 przyswajanie wiedzy. Dodatkowo regularne powt\u00f3rki i dobrze zaplanowane zaj\u0119cia pozwalaj\u0105 optymalnie wykorzysta\u0107 czas nauki.<\/p>\n\n\n\n<h2>Dla kogo Business English?<\/h2>\n\n\n\n<h3>Dla student\u00f3w<\/h3>\n\n\n\n<p>Studenci mog\u0105 skorzysta\u0107 z zaj\u0119\u0107 Business English, co zapewni mo\u017cliwo\u015b\u0107 studiowania lub znalezienia pracy poza granicami kraju. To tak\u017ce mo\u017cliwo\u015b\u0107 wi\u0119kszego rozwoju zawodowego w Polsce.<\/p>\n\n\n\n<h3>Dla pracownik\u00f3w<\/h3>\n\n\n\n<p><strong>Kurs angielskiego biznesowego<\/strong> to mo\u017cliwo\u015b\u0107 rozwoju kariery zawodowej, inwestycji w siebie oraz poszukania lepszej pracy lub osi\u0105gni\u0119cie awansu zawodowego.<\/p>\n\n\n\n<h3>Dla przedsi\u0119biorc\u00f3w<\/h3>\n\n\n\n<p><strong>English Business<\/strong> pozwala wzbogaci\u0107 s\u0142ownictwo o zwroty niezb\u0119dne do wkroczenia na zagraniczne rynki i rozw\u00f3j firmy. Znajomo\u015b\u0107 angielskiego bran\u017cowego jest niezb\u0119dna dla nawi\u0105zania i utrzymania odpowiednich kontakt\u00f3w biznesowych oraz z klientami.<\/p>\n\n\n\n<h2>Najwa\u017cniejsze zalety nauki angielskiego bran\u017cowego<\/h2>\n\n\n\n<h3>Mo\u017cliwo\u015b\u0107 rozwoju<\/h3>\n\n\n\n<p><strong>English Business<\/strong> otwiera zupe\u0142nie nowe mo\u017cliwo\u015bci rozwoju zawodowego, umo\u017cliwiaj\u0105c podj\u0119cie pracy w mi\u0119dzynarodowych firmach oraz poza granicami Polski.<\/p>\n\n\n\n<h3>Elastyczno\u015b\u0107<\/h3>\n\n\n\n<p>Dobrze dopasowane zaj\u0119cia do potrzeb kursanta pozwalaj\u0105 osi\u0105gn\u0105\u0107 za\u0142o\u017cone cele i skupi\u0107 si\u0119 na aspektach najwa\u017cniejszych dla uczestnika kursu.<\/p>\n\n\n\n<h3>Wysoka efektywno\u015b\u0107<\/h3>\n\n\n\n<p>Nowoczesne metody nauczania i dobrze zaplanowana \u015bcie\u017cka edukacji gwarantuje szybkie efekty i pozwala rozwija\u0107 umiej\u0119tno\u015bci.<\/p>\n","protected":false},"excerpt":{"rendered":"<p>Angielski biznesowy to specjalna oferta dla os\u00f3b, kt\u00f3re chc\u0105 dobrze pozna\u0107 s\u0142ownictwo i frazy charakterystyczne dla danej bran\u017cy. Zaj\u0119cia prowadzone s\u0105 w formie indywidualnej, co zapewnia doskona\u0142e dopasowanie kursy do potrzeb uczestnika. W naszej szkole j\u0119zykowej w Kaliszu zapewnimy Ci intensywn\u0105 nauk\u0119 i rozw\u00f3j w obszarze, na kt\u00f3rym najbardziej Ci zale\u017cy! Angielski bran\u017cowy Business English [&hellip;]<\/p>\n","protected":false},"author":3,"featured_media":0,"parent":0,"menu_order":0,"comment_status":"closed","ping_status":"closed","template":"","meta":{"ngg_post_thumbnail":0},"acf":[],"yoast_head":"<!-- This site is optimized with the Yoast SEO plugin v18.9 - https:\/\/yoast.com\/wordpress\/plugins\/seo\/ -->\n<title>Business English w Kaliszu - Leader School<\/title>\n<meta name=\"description\" content=\"Szukasz kursu biznesowego angielskiego dla siebie lub swoich pracownik\u00f3w? Sprawd\u017a ofert\u0119 szko\u0142y j\u0119zykowej Leader School Kalisz.\" \/>\n<meta name=\"robots\" content=\"index, follow, max-snippet:-1, max-image-preview:large, max-video-preview:-1\" \/>\n<link rel=\"canonical\" href=\"https:\/\/leaderschool.pl\/kalisz\/business-english\/\" \/>\n<meta property=\"og:locale\" content=\"pl_PL\" \/>\n<meta property=\"og:type\" content=\"article\" \/>\n<meta property=\"og:title\" content=\"Business English w Kaliszu - Leader School\" \/>\n<meta property=\"og:description\" content=\"Szukasz kursu biznesowego angielskiego dla siebie lub swoich pracownik\u00f3w? Sprawd\u017a ofert\u0119 szko\u0142y j\u0119zykowej Leader School Kalisz.\" \/>\n<meta property=\"og:url\" content=\"https:\/\/leaderschool.pl\/kalisz\/business-english\/\" \/>\n<meta property=\"og:site_name\" content=\"w Kaliszu - Leader School\" \/>\n<meta property=\"article:modified_time\" content=\"2023-11-22T11:23:42+00:00\" \/>\n<meta name=\"twitter:card\" content=\"summary_large_image\" \/>\n<meta name=\"twitter:label1\" content=\"Szacowany czas czytania\" \/>\n\t<meta name=\"twitter:data1\" content=\"3 minuty\" \/>\n<script type=\"application\/ld+json\" class=\"yoast-schema-graph\">{\"@context\":\"https:\/\/schema.org\",\"@graph\":[{\"@type\":\"WebSite\",\"@id\":\"https:\/\/leaderschool.pl\/kalisz\/#website\",\"url\":\"https:\/\/leaderschool.pl\/kalisz\/\",\"name\":\"w Kaliszu - Leader School\",\"description\":\"\",\"potentialAction\":[{\"@type\":\"SearchAction\",\"target\":{\"@type\":\"EntryPoint\",\"urlTemplate\":\"https:\/\/leaderschool.pl\/kalisz\/?s={search_term_string}\"},\"query-input\":\"required name=search_term_string\"}],\"inLanguage\":\"pl-PL\"},{\"@type\":\"WebPage\",\"@id\":\"https:\/\/leaderschool.pl\/kalisz\/business-english\/#webpage\",\"url\":\"https:\/\/leaderschool.pl\/kalisz\/business-english\/\",\"name\":\"Business English w Kaliszu - Leader School\",\"isPartOf\":{\"@id\":\"https:\/\/leaderschool.pl\/kalisz\/#website\"},\"datePublished\":\"2022-07-24T17:10:18+00:00\",\"dateModified\":\"2023-11-22T11:23:42+00:00\",\"description\":\"Szukasz kursu biznesowego angielskiego dla siebie lub swoich pracownik\u00f3w? Sprawd\u017a ofert\u0119 szko\u0142y j\u0119zykowej Leader School Kalisz.\",\"breadcrumb\":{\"@id\":\"https:\/\/leaderschool.pl\/kalisz\/business-english\/#breadcrumb\"},\"inLanguage\":\"pl-PL\",\"potentialAction\":[{\"@type\":\"ReadAction\",\"target\":[\"https:\/\/leaderschool.pl\/kalisz\/business-english\/\"]}]},{\"@type\":\"BreadcrumbList\",\"@id\":\"https:\/\/leaderschool.pl\/kalisz\/business-english\/#breadcrumb\",\"itemListElement\":[{\"@type\":\"ListItem\",\"position\":1,\"name\":\"Home\",\"item\":\"https:\/\/leaderschool.pl\/kalisz\/\"},{\"@type\":\"ListItem\",\"position\":2,\"name\":\"Business English\"}]}]}<\/script>\n<!-- \/ Yoast SEO plugin. -->","yoast_head_json":{"title":"Business English w Kaliszu - Leader School","description":"Szukasz kursu biznesowego angielskiego dla siebie lub swoich pracownik\u00f3w? Sprawd\u017a ofert\u0119 szko\u0142y j\u0119zykowej Leader School Kalisz.","robots":{"index":"index","follow":"follow","max-snippet":"max-snippet:-1","max-image-preview":"max-image-preview:large","max-video-preview":"max-video-preview:-1"},"canonical":"https:\/\/leaderschool.pl\/kalisz\/business-english\/","og_locale":"pl_PL","og_type":"article","og_title":"Business English w Kaliszu - Leader School","og_description":"Szukasz kursu biznesowego angielskiego dla siebie lub swoich pracownik\u00f3w? Sprawd\u017a ofert\u0119 szko\u0142y j\u0119zykowej Leader School Kalisz.","og_url":"https:\/\/leaderschool.pl\/kalisz\/business-english\/","og_site_name":"w Kaliszu - Leader School","article_modified_time":"2023-11-22T11:23:42+00:00","twitter_card":"summary_large_image","twitter_misc":{"Szacowany czas czytania":"3 minuty"},"schema":{"@context":"https:\/\/schema.org","@graph":[{"@type":"WebSite","@id":"https:\/\/leaderschool.pl\/kalisz\/#website","url":"https:\/\/leaderschool.pl\/kalisz\/","name":"w Kaliszu - Leader School","description":"","potentialAction":[{"@type":"SearchAction","target":{"@type":"EntryPoint","urlTemplate":"https:\/\/leaderschool.pl\/kalisz\/?s={search_term_string}"},"query-input":"required name=search_term_string"}],"inLanguage":"pl-PL"},{"@type":"WebPage","@id":"https:\/\/leaderschool.pl\/kalisz\/business-english\/#webpage","url":"https:\/\/leaderschool.pl\/kalisz\/business-english\/","name":"Business English w Kaliszu - Leader School","isPartOf":{"@id":"https:\/\/leaderschool.pl\/kalisz\/#website"},"datePublished":"2022-07-24T17:10:18+00:00","dateModified":"2023-11-22T11:23:42+00:00","description":"Szukasz kursu biznesowego angielskiego dla siebie lub swoich pracownik\u00f3w? Sprawd\u017a ofert\u0119 szko\u0142y j\u0119zykowej Leader School Kalisz.","breadcrumb":{"@id":"https:\/\/leaderschool.pl\/kalisz\/business-english\/#breadcrumb"},"inLanguage":"pl-PL","potentialAction":[{"@type":"ReadAction","target":["https:\/\/leaderschool.pl\/kalisz\/business-english\/"]}]},{"@type":"BreadcrumbList","@id":"https:\/\/leaderschool.pl\/kalisz\/business-english\/#breadcrumb","itemListElement":[{"@type":"ListItem","position":1,"name":"Home","item":"https:\/\/leaderschool.pl\/kalisz\/"},{"@type":"ListItem","position":2,"name":"Business English"}]}]}},"_links":{"self":[{"href":"https:\/\/leaderschool.pl\/kalisz\/wp-json\/wp\/v2\/pages\/2656"}],"collection":[{"href":"https:\/\/leaderschool.pl\/kalisz\/wp-json\/wp\/v2\/pages"}],"about":[{"href":"https:\/\/leaderschool.pl\/kalisz\/wp-json\/wp\/v2\/types\/page"}],"author":[{"embeddable":true,"href":"https:\/\/leaderschool.pl\/kalisz\/wp-json\/wp\/v2\/users\/3"}],"replies":[{"embeddable":true,"href":"https:\/\/leaderschool.pl\/kalisz\/wp-json\/wp\/v2\/comments?post=2656"}],"version-history":[{"count":4,"href":"https:\/\/leaderschool.pl\/kalisz\/wp-json\/wp\/v2\/pages\/2656\/revisions"}],"predecessor-version":[{"id":2874,"href":"https:\/\/leaderschool.pl\/kalisz\/wp-json\/wp\/v2\/pages\/2656\/revisions\/2874"}],"wp:attachment":[{"href":"https:\/\/leaderschool.pl\/kalisz\/wp-json\/wp\/v2\/media?parent=2656"}],"curies":[{"name":"wp","href":"https:\/\/api.w.org\/{rel}","templated":true}]}}