{"id":2650,"date":"2022-07-24T19:09:48","date_gmt":"2022-07-24T17:09:48","guid":{"rendered":"https:\/\/leaderschool.sellision.dev\/kalisz\/?page_id=2650"},"modified":"2023-10-13T09:48:47","modified_gmt":"2023-10-13T07:48:47","slug":"niemiecki-dla-mlodziezy","status":"publish","type":"page","link":"https:\/\/leaderschool.pl\/kalisz\/niemiecki-dla-mlodziezy\/","title":{"rendered":"Niemiecki dla m\u0142odzie\u017cy w Kaliszu"},"content":{"rendered":"\n<p><strong>Szko\u0142a j\u0119zykowa w Kaliszu<\/strong> oferuje nauk\u0119 niemieckiego od podstaw dla pocz\u0105tkuj\u0105cych i bardziej zaawansowanych s\u0142uchaczy. Zapewniamy r\u00f3\u017cnorodne techniki nauczania i ciekawe materia\u0142y dydaktyczne, kt\u00f3re sprawiaj\u0105, \u017ce <strong>kurs niemieckiego dla m\u0142odzie\u017cy<\/strong> przynosi doskona\u0142e efekty, a zaj\u0119cia s\u0105 interesuj\u0105ce i dopasowane do potrzeb s\u0142uchaczy. K\u0142adziemy du\u017cy nacisk na mow\u0119, co pomaga prze\u0142ama\u0107 barier\u0119 j\u0119zykow\u0105, kt\u00f3ra jest najcz\u0119stsz\u0105 przyczyn\u0105 niech\u0119ci do nauki j\u0119zyka obcego.<\/p>\n\n\n\n<h2>Metody dopasowane do potrzeb<\/h2>\n\n\n\n<p>W <strong><a href=\"https:\/\/leaderschool.pl\/kalisz\/\">Leader School w Kaliszu<\/a><\/strong> proponujemy <strong>nauk\u0119 niemieckiego<\/strong> jedn\u0105 z dw\u00f3ch metod: tradycyjn\u0105 (akademick\u0105) lub BLS. Obydwie metody daj\u0105 kursantowi szybkie efekty i pozwalaj\u0105 opanowa\u0107 j\u0119zyk, jednak ka\u017cda z nich k\u0142adzie nacisk na inne aspekty j\u0119zykowe.<\/p>\n\n\n\n<h3>Niemiecki metod\u0105 BLS<\/h3>\n\n\n\n<p><strong>Kurs niemieckiego dla m\u0142odzie\u017cy metod\u0105 BLS<\/strong> to specjalnie opracowana metodyka zaj\u0119\u0107 po\u0142\u0105czona z r\u00f3\u017cnorodnymi materia\u0142ami dydaktycznymi. Od pierwszych zaj\u0119\u0107 lektorzy pos\u0142uguj\u0105 si\u0119 nauczanym j\u0119zykiem, co sprawia, \u017ce kursanci szybko zaczynaj\u0105 rozumie\u0107 i stosowa\u0107 niemiecki. Metoda BLS rozwija przede wszystkim p\u0142ynne m\u00f3wienie po niemiecku, umo\u017cliwiaj\u0105c swobodne prowadzenie konwersacji. Gramatyka wprowadzana jest na zaj\u0119cia tak, aby jej nauka by\u0142a naturalna i przyjemna.<\/p>\n\n\n\n<h3>Nauka niemieckiego metod\u0105 tradycyjn\u0105<\/h3>\n\n\n\n<p>Akademicka metoda <strong>nauki niemieckiego<\/strong> to mo\u017cliwo\u015b\u0107 doskona\u0142ego przygotowania si\u0119 do egzamin\u00f3w i matury oraz dalszej edukacji szkolnej. Mimo \u017ce program nauczania zak\u0142ada dobre poznanie gramatyki oraz konstrukcji j\u0119zyka, to nasi lektorzy zwracaj\u0105 r\u00f3wnie\u017c du\u017c\u0105 uwag\u0119 na prawid\u0142ow\u0105 wymow\u0119 i sta\u0142y kontakt z j\u0119zykiem. Kursanci nie maj\u0105 problemu z porozumiewaniem si\u0119 po niemiecku i zyskuj\u0105 pewno\u015b\u0107 siebie niezb\u0119dn\u0105 do p\u0142ynnego m\u00f3wienia.<\/p>\n\n\n\n<h2>Przygotowanie do egzamin\u00f3w<\/h2>\n\n\n\n<p>Nasze <strong>kursy j\u0119zyka niemieckiego<\/strong> to doskona\u0142y spos\u00f3b na przygotowanie si\u0119 do r\u00f3\u017cnego rodzaju egzamin\u00f3w: matury i egzamin\u00f3w na <strong>certyfikaty j\u0119zykowe.<\/strong> Ucz\u0105c si\u0119 w naszej szkole, zyskujesz:<\/p>\n\n\n\n<ul><li>opiek\u0119 najlepszych lektor\u00f3w;<\/li><li>innowacyjne metody nauczania;<\/li><li>r\u00f3\u017cnorodne materia\u0142y dydaktyczne;<\/li><li>ciekawe zaj\u0119cia;<\/li><li>mo\u017cliwo\u015b\u0107 szybkiego podniesienia swoich umiej\u0119tno\u015bci;<\/li><li>mo\u017cliwo\u015b\u0107 prze\u0142amania bariery j\u0119zykowej.<\/li><\/ul>\n\n\n\n<h2>Dla kogo nauka niemieckiego w Leader School?<\/h2>\n\n\n\n<h3>Dla uczni\u00f3w<\/h3>\n\n\n\n<p><strong>Kursy niemieckiego w Leader School<\/strong> to doskona\u0142a okazja na rozw\u00f3j umiej\u0119tno\u015bci oraz pokonanie trudno\u015bci szkolnych.<\/p>\n\n\n\n<h3>Dla maturzyst\u00f3w<\/h3>\n\n\n\n<p>Pomo\u017cemy Ci dobrze opanowa\u0107 j\u0119zyk i zniwelowa\u0107 stres zwi\u0105zany z m\u00f3wieniem, co zapewni Ci wysoki wynik na maturze.<\/p>\n\n\n\n<h3>Dla wyje\u017cd\u017caj\u0105cych za granic\u0119<\/h3>\n\n\n\n<p>Planowany wyjazd za granic\u0119 to doskona\u0142a okazja, aby po\u0107wiczy\u0107 lub rozpocz\u0105\u0107 <strong>nauk\u0119 niemieckiego.<\/strong> W kr\u00f3tkim czasie nauczymy Ci\u0119 podstaw, co u\u0142atwi wej\u015bcie w nowe \u015brodowisko.<\/p>\n\n\n\n<h2>Najwa\u017cniejsze korzy\u015bci nauki niemieckiego<\/h2>\n\n\n\n<h3>Pokonanie bariery j\u0119zykowej<\/h3>\n\n\n\n<p>Na zaj\u0119ciach k\u0142adziemy nacisk na m\u00f3wienie, kt\u00f3re jest najwa\u017cniejsze, aby m\u00f3c si\u0119 swobodnie porozumiewa\u0107 w j\u0119zyku niemieckim.<\/p>\n\n\n\n<h3>Dobre wyniki na egzaminach<\/h3>\n\n\n\n<p>Gwarantujemy dobre przygotowanie do egzamin\u00f3w, a nasi kursanci mog\u0105 pochwali\u0107 si\u0119 wysokimi wynikami na maturze.<\/p>\n\n\n\n<h3>Wa\u017cne umiej\u0119tno\u015bci<\/h3>\n\n\n\n<p>Zapewniamy rozw\u00f3j wszystkich kluczowych umiej\u0119tno\u015bci: m\u00f3wienia, s\u0142uchania, czytania i pisania. Dzi\u0119ki temu bez problemu b\u0119dziesz pos\u0142ugiwa\u0142 si\u0119 niemieckim w r\u00f3\u017cnych sytuacjach.<\/p>\n","protected":false},"excerpt":{"rendered":"<p>Szko\u0142a j\u0119zykowa w Kaliszu oferuje nauk\u0119 niemieckiego od podstaw dla pocz\u0105tkuj\u0105cych i bardziej zaawansowanych s\u0142uchaczy. Zapewniamy r\u00f3\u017cnorodne techniki nauczania i ciekawe materia\u0142y dydaktyczne, kt\u00f3re sprawiaj\u0105, \u017ce kurs niemieckiego dla m\u0142odzie\u017cy przynosi doskona\u0142e efekty, a zaj\u0119cia s\u0105 interesuj\u0105ce i dopasowane do potrzeb s\u0142uchaczy. K\u0142adziemy du\u017cy nacisk na mow\u0119, co pomaga prze\u0142ama\u0107 barier\u0119 j\u0119zykow\u0105, kt\u00f3ra jest najcz\u0119stsz\u0105 [&hellip;]<\/p>\n","protected":false},"author":3,"featured_media":0,"parent":0,"menu_order":0,"comment_status":"closed","ping_status":"closed","template":"","meta":{"ngg_post_thumbnail":0},"acf":[],"yoast_head":"<!-- This site is optimized with the Yoast SEO plugin v18.9 - https:\/\/yoast.com\/wordpress\/plugins\/seo\/ -->\n<title>Niemiecki dla m\u0142odzie\u017cy w Kaliszu w Kaliszu - Leader School<\/title>\n<meta name=\"description\" content=\"Szukasz kursu j\u0119zyka niemieckiego dla m\u0142odzie\u017cy? Sprawd\u017a ofert\u0119 szko\u0142y j\u0119zykowej Leader School Kalisz ju\u017c dzi\u015b!\" \/>\n<meta name=\"robots\" content=\"index, follow, max-snippet:-1, max-image-preview:large, max-video-preview:-1\" \/>\n<link rel=\"canonical\" href=\"https:\/\/leaderschool.pl\/kalisz\/niemiecki-dla-mlodziezy\/\" \/>\n<meta property=\"og:locale\" content=\"pl_PL\" \/>\n<meta property=\"og:type\" content=\"article\" \/>\n<meta property=\"og:title\" content=\"Niemiecki dla m\u0142odzie\u017cy w Kaliszu w Kaliszu - Leader School\" \/>\n<meta property=\"og:description\" content=\"Szukasz kursu j\u0119zyka niemieckiego dla m\u0142odzie\u017cy? Sprawd\u017a ofert\u0119 szko\u0142y j\u0119zykowej Leader School Kalisz ju\u017c dzi\u015b!\" \/>\n<meta property=\"og:url\" content=\"https:\/\/leaderschool.pl\/kalisz\/niemiecki-dla-mlodziezy\/\" \/>\n<meta property=\"og:site_name\" content=\"w Kaliszu - Leader School\" \/>\n<meta property=\"article:modified_time\" content=\"2023-10-13T07:48:47+00:00\" \/>\n<meta name=\"twitter:card\" content=\"summary_large_image\" \/>\n<meta name=\"twitter:label1\" content=\"Szacowany czas czytania\" \/>\n\t<meta name=\"twitter:data1\" content=\"3 minuty\" \/>\n<script type=\"application\/ld+json\" class=\"yoast-schema-graph\">{\"@context\":\"https:\/\/schema.org\",\"@graph\":[{\"@type\":\"WebSite\",\"@id\":\"https:\/\/leaderschool.pl\/kalisz\/#website\",\"url\":\"https:\/\/leaderschool.pl\/kalisz\/\",\"name\":\"w Kaliszu - Leader School\",\"description\":\"\",\"potentialAction\":[{\"@type\":\"SearchAction\",\"target\":{\"@type\":\"EntryPoint\",\"urlTemplate\":\"https:\/\/leaderschool.pl\/kalisz\/?s={search_term_string}\"},\"query-input\":\"required name=search_term_string\"}],\"inLanguage\":\"pl-PL\"},{\"@type\":\"WebPage\",\"@id\":\"https:\/\/leaderschool.pl\/kalisz\/niemiecki-dla-mlodziezy\/#webpage\",\"url\":\"https:\/\/leaderschool.pl\/kalisz\/niemiecki-dla-mlodziezy\/\",\"name\":\"Niemiecki dla m\u0142odzie\u017cy w Kaliszu w Kaliszu - Leader School\",\"isPartOf\":{\"@id\":\"https:\/\/leaderschool.pl\/kalisz\/#website\"},\"datePublished\":\"2022-07-24T17:09:48+00:00\",\"dateModified\":\"2023-10-13T07:48:47+00:00\",\"description\":\"Szukasz kursu j\u0119zyka niemieckiego dla m\u0142odzie\u017cy? Sprawd\u017a ofert\u0119 szko\u0142y j\u0119zykowej Leader School Kalisz ju\u017c dzi\u015b!\",\"breadcrumb\":{\"@id\":\"https:\/\/leaderschool.pl\/kalisz\/niemiecki-dla-mlodziezy\/#breadcrumb\"},\"inLanguage\":\"pl-PL\",\"potentialAction\":[{\"@type\":\"ReadAction\",\"target\":[\"https:\/\/leaderschool.pl\/kalisz\/niemiecki-dla-mlodziezy\/\"]}]},{\"@type\":\"BreadcrumbList\",\"@id\":\"https:\/\/leaderschool.pl\/kalisz\/niemiecki-dla-mlodziezy\/#breadcrumb\",\"itemListElement\":[{\"@type\":\"ListItem\",\"position\":1,\"name\":\"Home\",\"item\":\"https:\/\/leaderschool.pl\/kalisz\/\"},{\"@type\":\"ListItem\",\"position\":2,\"name\":\"Niemiecki dla m\u0142odzie\u017cy w Kaliszu\"}]}]}<\/script>\n<!-- \/ Yoast SEO plugin. -->","yoast_head_json":{"title":"Niemiecki dla m\u0142odzie\u017cy w Kaliszu w Kaliszu - Leader School","description":"Szukasz kursu j\u0119zyka niemieckiego dla m\u0142odzie\u017cy? Sprawd\u017a ofert\u0119 szko\u0142y j\u0119zykowej Leader School Kalisz ju\u017c dzi\u015b!","robots":{"index":"index","follow":"follow","max-snippet":"max-snippet:-1","max-image-preview":"max-image-preview:large","max-video-preview":"max-video-preview:-1"},"canonical":"https:\/\/leaderschool.pl\/kalisz\/niemiecki-dla-mlodziezy\/","og_locale":"pl_PL","og_type":"article","og_title":"Niemiecki dla m\u0142odzie\u017cy w Kaliszu w Kaliszu - Leader School","og_description":"Szukasz kursu j\u0119zyka niemieckiego dla m\u0142odzie\u017cy? Sprawd\u017a ofert\u0119 szko\u0142y j\u0119zykowej Leader School Kalisz ju\u017c dzi\u015b!","og_url":"https:\/\/leaderschool.pl\/kalisz\/niemiecki-dla-mlodziezy\/","og_site_name":"w Kaliszu - Leader School","article_modified_time":"2023-10-13T07:48:47+00:00","twitter_card":"summary_large_image","twitter_misc":{"Szacowany czas czytania":"3 minuty"},"schema":{"@context":"https:\/\/schema.org","@graph":[{"@type":"WebSite","@id":"https:\/\/leaderschool.pl\/kalisz\/#website","url":"https:\/\/leaderschool.pl\/kalisz\/","name":"w Kaliszu - Leader School","description":"","potentialAction":[{"@type":"SearchAction","target":{"@type":"EntryPoint","urlTemplate":"https:\/\/leaderschool.pl\/kalisz\/?s={search_term_string}"},"query-input":"required name=search_term_string"}],"inLanguage":"pl-PL"},{"@type":"WebPage","@id":"https:\/\/leaderschool.pl\/kalisz\/niemiecki-dla-mlodziezy\/#webpage","url":"https:\/\/leaderschool.pl\/kalisz\/niemiecki-dla-mlodziezy\/","name":"Niemiecki dla m\u0142odzie\u017cy w Kaliszu w Kaliszu - Leader School","isPartOf":{"@id":"https:\/\/leaderschool.pl\/kalisz\/#website"},"datePublished":"2022-07-24T17:09:48+00:00","dateModified":"2023-10-13T07:48:47+00:00","description":"Szukasz kursu j\u0119zyka niemieckiego dla m\u0142odzie\u017cy? Sprawd\u017a ofert\u0119 szko\u0142y j\u0119zykowej Leader School Kalisz ju\u017c dzi\u015b!","breadcrumb":{"@id":"https:\/\/leaderschool.pl\/kalisz\/niemiecki-dla-mlodziezy\/#breadcrumb"},"inLanguage":"pl-PL","potentialAction":[{"@type":"ReadAction","target":["https:\/\/leaderschool.pl\/kalisz\/niemiecki-dla-mlodziezy\/"]}]},{"@type":"BreadcrumbList","@id":"https:\/\/leaderschool.pl\/kalisz\/niemiecki-dla-mlodziezy\/#breadcrumb","itemListElement":[{"@type":"ListItem","position":1,"name":"Home","item":"https:\/\/leaderschool.pl\/kalisz\/"},{"@type":"ListItem","position":2,"name":"Niemiecki dla m\u0142odzie\u017cy w Kaliszu"}]}]}},"_links":{"self":[{"href":"https:\/\/leaderschool.pl\/kalisz\/wp-json\/wp\/v2\/pages\/2650"}],"collection":[{"href":"https:\/\/leaderschool.pl\/kalisz\/wp-json\/wp\/v2\/pages"}],"about":[{"href":"https:\/\/leaderschool.pl\/kalisz\/wp-json\/wp\/v2\/types\/page"}],"author":[{"embeddable":true,"href":"https:\/\/leaderschool.pl\/kalisz\/wp-json\/wp\/v2\/users\/3"}],"replies":[{"embeddable":true,"href":"https:\/\/leaderschool.pl\/kalisz\/wp-json\/wp\/v2\/comments?post=2650"}],"version-history":[{"count":4,"href":"https:\/\/leaderschool.pl\/kalisz\/wp-json\/wp\/v2\/pages\/2650\/revisions"}],"predecessor-version":[{"id":2834,"href":"https:\/\/leaderschool.pl\/kalisz\/wp-json\/wp\/v2\/pages\/2650\/revisions\/2834"}],"wp:attachment":[{"href":"https:\/\/leaderschool.pl\/kalisz\/wp-json\/wp\/v2\/media?parent=2650"}],"curies":[{"name":"wp","href":"https:\/\/api.w.org\/{rel}","templated":true}]}}