{"id":2648,"date":"2022-07-24T19:09:38","date_gmt":"2022-07-24T17:09:38","guid":{"rendered":"https:\/\/leaderschool.sellision.dev\/kalisz\/?page_id=2648"},"modified":"2023-10-12T09:39:09","modified_gmt":"2023-10-12T07:39:09","slug":"angielski-dla-mlodziezy","status":"publish","type":"page","link":"https:\/\/leaderschool.pl\/kalisz\/angielski-dla-mlodziezy\/","title":{"rendered":"Angielski dla m\u0142odzie\u017cy w Kaliszu"},"content":{"rendered":"\n<p><strong>Szko\u0142a j\u0119zykowa Leader School<\/strong> oferuje <strong>nauk\u0119 angielskiego dla m\u0142odzie\u017cy.<\/strong> Zapewniamy nowoczesne techniki nauczania, r\u00f3\u017cnorodne materia\u0142y dydaktyczne oraz zaj\u0119cia w przyjaznej atmosferze. K\u0142adziemy du\u017cy nacisk na m\u00f3wienie, aby umo\u017cliwi\u0107 kursantom prze\u0142amanie bariery j\u0119zykowe. Szybkie efekty oraz umiej\u0119tno\u015b\u0107 p\u0142ynnego m\u00f3wienia to najwa\u017cniejsze zalety naszych kurs\u00f3w.<\/p>\n\n\n\n<h2>Nauka angielskiego dla m\u0142odzie\u017cy<\/h2>\n\n\n\n<p>Oferujemy <strong>kursy angielskiego<\/strong> prowadzone metod\u0105 BLS lub tradycyjn\u0105 w zale\u017cno\u015bci od cel\u00f3w naszych kursant\u00f3w. W zale\u017cno\u015bci od preferencji i mo\u017cliwo\u015bci zaj\u0119cia mog\u0105 odbywa\u0107 si\u0119 w r\u00f3\u017cnych formach:<\/p>\n\n\n\n<ul><li>zaj\u0119cia grupowe;<\/li><li>zaj\u0119cia indywidualne;<\/li><li>zaj\u0119cia online;<\/li><li>zaj\u0119cia stacjonarne;<\/li><li>zaj\u0119cia z dojazdem do klienta.<\/li><\/ul>\n\n\n\n<h3>Angielski metod\u0105 BLS<\/h3>\n\n\n\n<p><strong>Nauka angielskiego<\/strong> metod\u0105 BLS to du\u017cy nacisk na m\u00f3wienie i kontakt z j\u0119zykiem, co pomaga zdoby\u0107 najwa\u017cniejsz\u0105 umiej\u0119tno\u015b\u0107, czyli prowadzenie swobodnej rozmowy w nauczanym j\u0119zyku. Innowacyjne podej\u015bcie do nauczania wraz z r\u00f3\u017cnymi materia\u0142ami dydaktycznymi zapewniaj\u0105 szybkie efekty i nauk\u0119 j\u0119zyka w spos\u00f3b naturalny, co u\u0142atwia przyswajanie wiedzy i zapewnia przyjemne poznanie gramatyki.<\/p>\n\n\n\n<h3>Tradycyjna nauka angielskiego<\/h3>\n\n\n\n<p><strong>Kursy angielskiego<\/strong> metod\u0105 akademick\u0105 to doskona\u0142y spos\u00f3b na przygotowanie si\u0119 do r\u00f3\u017cnorodnych egzamin\u00f3w i podniesienie swoich umiej\u0119tno\u015bci. Lekcje s\u0105 dobrze przygotowane, co zapewnia du\u017c\u0105 dawk\u0119 wiedzy na ka\u017cdej lekcji. Kursanci szybko poznaj\u0105 zasady gramatyki, a dodatkowo maj\u0105 szans\u0119 \u0107wiczenia wszystkich aspekt\u00f3w: czytania, pisania, m\u00f3wienia i s\u0142uchania.<\/p>\n\n\n\n<h2>Przygotowanie do egzamin\u00f3w z angielskiego<\/h2>\n\n\n\n<p><strong><a href=\"https:\/\/leaderschool.pl\/kalisz\/\">W naszej szkole j\u0119zykowej w Kaliszu<\/a><\/strong> otrzymasz niezb\u0119dn\u0105 pomoc, kt\u00f3ra zapewni Ci dobre wyniki na egzaminach. Dodatkowo podniesienie umiej\u0119tno\u015bci w spos\u00f3b przyst\u0119pny i mo\u017cliwo\u015b\u0107 sta\u0142ego kontaktu z j\u0119zykiem, zapewniaj\u0105 redukcj\u0119 stresu, co pozwala w pe\u0142ni wykorzysta\u0107 potencja\u0142 uczni\u00f3w. <strong>Kursy przygotowuj\u0105ce do egzamin\u00f3w<\/strong> tworzone s\u0105 na podstawie aktualnych wymaga\u0144, co u\u0142atwia uzyskanie wysokiego wyniku i umo\u017cliwia dok\u0142adne przygotowanie si\u0119 do egzaminu. To r\u00f3wnie\u017c wa\u017cna cz\u0119\u015b\u0107 nauki, kt\u00f3ra umo\u017cliwia dalszy rozw\u00f3j i zapewnia solidne podstawy do dok\u0142adnego poznania j\u0119zyka angielskiego.<\/p>\n\n\n\n<h2>Dla kogo kursy angielskiego w Leader School?<\/h2>\n\n\n\n<h3>Dla uczni\u00f3w<\/h3>\n\n\n\n<p><strong>Kursy angielskiego dla m\u0142odzie\u017cy<\/strong> to doskona\u0142y spos\u00f3b na pokonanie problem\u00f3w szkolnych i szybki rozw\u00f3j umiej\u0119tno\u015bci.<\/p>\n\n\n\n<h3>Dla maturzyst\u00f3w<\/h3>\n\n\n\n<p>Proponujemy <strong>przygotowanie do matury z angielskiego<\/strong> w oparciu o aktualne wymagania egzaminacyjne. Gruntownie przygotujemy Ci\u0119 do egzaminu dojrza\u0142o\u015bci, kt\u00f3ry na pewno zdasz z wysokim wynikiem.<\/p>\n\n\n\n<h3>Dla \u00f3smoklasist\u00f3w<\/h3>\n\n\n\n<p>Oferujemy <strong>kursy przygotowuj\u0105ce do egzamin\u00f3w \u00f3smoklasisty<\/strong> \u2013 nasi kursanci mog\u0105 pochwali\u0107 si\u0119 wysokimi wynikami, kt\u00f3re u\u0142atwiaj\u0105, dostanie si\u0119 do wymarzonej szko\u0142y.<\/p>\n\n\n\n<h2>Kursy angielskiego dla m\u0142odzie\u017cy \u2013 co otrzymujesz?<\/h2>\n\n\n\n<h3>P\u0142ynne m\u00f3wienie<\/h3>\n\n\n\n<p>Nasze kursy to przede wszystkim mo\u017cliwo\u015b\u0107 prze\u0142amania bariery j\u0119zykowej i mo\u017cliwo\u015b\u0107 nauki p\u0142ynnej konwersacji na ka\u017cdy temat.<\/p>\n\n\n\n<h3>Szybkie efekty<\/h3>\n\n\n\n<p>Dobrze opracowany program zaj\u0119\u0107, nowoczesne metody nauczania i wykwalifikowana kadra to pewno\u015b\u0107 du\u017cych post\u0119p\u00f3w w kr\u00f3tkim czasie.<\/p>\n\n\n\n<h3>Wysokie wyniki na egzaminach<\/h3>\n\n\n\n<p>Zapewniamy kompleksowe przygotowanie do egzamin\u00f3w, kt\u00f3re obejmuje: usystematyzowanie wiedzy, powt\u00f3rki i nauk\u0119 wymaganych poj\u0119\u0107. Z nami szybko poszerzysz s\u0142ownictwo i zdob\u0119dziesz pewno\u015b\u0107 siebie, kt\u00f3ra u\u0142atwi zdanie egzaminu.<\/p>\n","protected":false},"excerpt":{"rendered":"<p>Szko\u0142a j\u0119zykowa Leader School oferuje nauk\u0119 angielskiego dla m\u0142odzie\u017cy. Zapewniamy nowoczesne techniki nauczania, r\u00f3\u017cnorodne materia\u0142y dydaktyczne oraz zaj\u0119cia w przyjaznej atmosferze. K\u0142adziemy du\u017cy nacisk na m\u00f3wienie, aby umo\u017cliwi\u0107 kursantom prze\u0142amanie bariery j\u0119zykowe. Szybkie efekty oraz umiej\u0119tno\u015b\u0107 p\u0142ynnego m\u00f3wienia to najwa\u017cniejsze zalety naszych kurs\u00f3w. Nauka angielskiego dla m\u0142odzie\u017cy Oferujemy kursy angielskiego prowadzone metod\u0105 BLS lub tradycyjn\u0105 [&hellip;]<\/p>\n","protected":false},"author":3,"featured_media":0,"parent":0,"menu_order":0,"comment_status":"closed","ping_status":"closed","template":"","meta":{"ngg_post_thumbnail":0},"acf":[],"yoast_head":"<!-- This site is optimized with the Yoast SEO plugin v18.9 - https:\/\/yoast.com\/wordpress\/plugins\/seo\/ -->\n<title>Angielski dla m\u0142odzie\u017cy w Kaliszu w Kaliszu - Leader School<\/title>\n<meta name=\"description\" content=\"Szukasz kursu j\u0119zyka angielskiego dla m\u0142odzie\u017cy w Kaliszu? Sprawd\u017a ofert\u0119 szko\u0142y j\u0119zykowej Leader School. \ud83d\udcde+48 62 767 21 21\" \/>\n<meta name=\"robots\" content=\"index, follow, max-snippet:-1, max-image-preview:large, max-video-preview:-1\" \/>\n<link rel=\"canonical\" href=\"https:\/\/leaderschool.pl\/kalisz\/angielski-dla-mlodziezy\/\" \/>\n<meta property=\"og:locale\" content=\"pl_PL\" \/>\n<meta property=\"og:type\" content=\"article\" \/>\n<meta property=\"og:title\" content=\"Angielski dla m\u0142odzie\u017cy w Kaliszu w Kaliszu - Leader School\" \/>\n<meta property=\"og:description\" content=\"Szukasz kursu j\u0119zyka angielskiego dla m\u0142odzie\u017cy w Kaliszu? Sprawd\u017a ofert\u0119 szko\u0142y j\u0119zykowej Leader School. \ud83d\udcde+48 62 767 21 21\" \/>\n<meta property=\"og:url\" content=\"https:\/\/leaderschool.pl\/kalisz\/angielski-dla-mlodziezy\/\" \/>\n<meta property=\"og:site_name\" content=\"w Kaliszu - Leader School\" \/>\n<meta property=\"article:modified_time\" content=\"2023-10-12T07:39:09+00:00\" \/>\n<meta name=\"twitter:card\" content=\"summary_large_image\" \/>\n<meta name=\"twitter:label1\" content=\"Szacowany czas czytania\" \/>\n\t<meta name=\"twitter:data1\" content=\"3 minuty\" \/>\n<script type=\"application\/ld+json\" class=\"yoast-schema-graph\">{\"@context\":\"https:\/\/schema.org\",\"@graph\":[{\"@type\":\"WebSite\",\"@id\":\"https:\/\/leaderschool.pl\/kalisz\/#website\",\"url\":\"https:\/\/leaderschool.pl\/kalisz\/\",\"name\":\"w Kaliszu - Leader School\",\"description\":\"\",\"potentialAction\":[{\"@type\":\"SearchAction\",\"target\":{\"@type\":\"EntryPoint\",\"urlTemplate\":\"https:\/\/leaderschool.pl\/kalisz\/?s={search_term_string}\"},\"query-input\":\"required name=search_term_string\"}],\"inLanguage\":\"pl-PL\"},{\"@type\":\"WebPage\",\"@id\":\"https:\/\/leaderschool.pl\/kalisz\/angielski-dla-mlodziezy\/#webpage\",\"url\":\"https:\/\/leaderschool.pl\/kalisz\/angielski-dla-mlodziezy\/\",\"name\":\"Angielski dla m\u0142odzie\u017cy w Kaliszu w Kaliszu - Leader School\",\"isPartOf\":{\"@id\":\"https:\/\/leaderschool.pl\/kalisz\/#website\"},\"datePublished\":\"2022-07-24T17:09:38+00:00\",\"dateModified\":\"2023-10-12T07:39:09+00:00\",\"description\":\"Szukasz kursu j\u0119zyka angielskiego dla m\u0142odzie\u017cy w Kaliszu? Sprawd\u017a ofert\u0119 szko\u0142y j\u0119zykowej Leader School. \ud83d\udcde+48 62 767 21 21\",\"breadcrumb\":{\"@id\":\"https:\/\/leaderschool.pl\/kalisz\/angielski-dla-mlodziezy\/#breadcrumb\"},\"inLanguage\":\"pl-PL\",\"potentialAction\":[{\"@type\":\"ReadAction\",\"target\":[\"https:\/\/leaderschool.pl\/kalisz\/angielski-dla-mlodziezy\/\"]}]},{\"@type\":\"BreadcrumbList\",\"@id\":\"https:\/\/leaderschool.pl\/kalisz\/angielski-dla-mlodziezy\/#breadcrumb\",\"itemListElement\":[{\"@type\":\"ListItem\",\"position\":1,\"name\":\"Home\",\"item\":\"https:\/\/leaderschool.pl\/kalisz\/\"},{\"@type\":\"ListItem\",\"position\":2,\"name\":\"Angielski dla m\u0142odzie\u017cy w Kaliszu\"}]}]}<\/script>\n<!-- \/ Yoast SEO plugin. -->","yoast_head_json":{"title":"Angielski dla m\u0142odzie\u017cy w Kaliszu w Kaliszu - Leader School","description":"Szukasz kursu j\u0119zyka angielskiego dla m\u0142odzie\u017cy w Kaliszu? Sprawd\u017a ofert\u0119 szko\u0142y j\u0119zykowej Leader School. \ud83d\udcde+48 62 767 21 21","robots":{"index":"index","follow":"follow","max-snippet":"max-snippet:-1","max-image-preview":"max-image-preview:large","max-video-preview":"max-video-preview:-1"},"canonical":"https:\/\/leaderschool.pl\/kalisz\/angielski-dla-mlodziezy\/","og_locale":"pl_PL","og_type":"article","og_title":"Angielski dla m\u0142odzie\u017cy w Kaliszu w Kaliszu - Leader School","og_description":"Szukasz kursu j\u0119zyka angielskiego dla m\u0142odzie\u017cy w Kaliszu? Sprawd\u017a ofert\u0119 szko\u0142y j\u0119zykowej Leader School. \ud83d\udcde+48 62 767 21 21","og_url":"https:\/\/leaderschool.pl\/kalisz\/angielski-dla-mlodziezy\/","og_site_name":"w Kaliszu - Leader School","article_modified_time":"2023-10-12T07:39:09+00:00","twitter_card":"summary_large_image","twitter_misc":{"Szacowany czas czytania":"3 minuty"},"schema":{"@context":"https:\/\/schema.org","@graph":[{"@type":"WebSite","@id":"https:\/\/leaderschool.pl\/kalisz\/#website","url":"https:\/\/leaderschool.pl\/kalisz\/","name":"w Kaliszu - Leader School","description":"","potentialAction":[{"@type":"SearchAction","target":{"@type":"EntryPoint","urlTemplate":"https:\/\/leaderschool.pl\/kalisz\/?s={search_term_string}"},"query-input":"required name=search_term_string"}],"inLanguage":"pl-PL"},{"@type":"WebPage","@id":"https:\/\/leaderschool.pl\/kalisz\/angielski-dla-mlodziezy\/#webpage","url":"https:\/\/leaderschool.pl\/kalisz\/angielski-dla-mlodziezy\/","name":"Angielski dla m\u0142odzie\u017cy w Kaliszu w Kaliszu - Leader School","isPartOf":{"@id":"https:\/\/leaderschool.pl\/kalisz\/#website"},"datePublished":"2022-07-24T17:09:38+00:00","dateModified":"2023-10-12T07:39:09+00:00","description":"Szukasz kursu j\u0119zyka angielskiego dla m\u0142odzie\u017cy w Kaliszu? Sprawd\u017a ofert\u0119 szko\u0142y j\u0119zykowej Leader School. \ud83d\udcde+48 62 767 21 21","breadcrumb":{"@id":"https:\/\/leaderschool.pl\/kalisz\/angielski-dla-mlodziezy\/#breadcrumb"},"inLanguage":"pl-PL","potentialAction":[{"@type":"ReadAction","target":["https:\/\/leaderschool.pl\/kalisz\/angielski-dla-mlodziezy\/"]}]},{"@type":"BreadcrumbList","@id":"https:\/\/leaderschool.pl\/kalisz\/angielski-dla-mlodziezy\/#breadcrumb","itemListElement":[{"@type":"ListItem","position":1,"name":"Home","item":"https:\/\/leaderschool.pl\/kalisz\/"},{"@type":"ListItem","position":2,"name":"Angielski dla m\u0142odzie\u017cy w Kaliszu"}]}]}},"_links":{"self":[{"href":"https:\/\/leaderschool.pl\/kalisz\/wp-json\/wp\/v2\/pages\/2648"}],"collection":[{"href":"https:\/\/leaderschool.pl\/kalisz\/wp-json\/wp\/v2\/pages"}],"about":[{"href":"https:\/\/leaderschool.pl\/kalisz\/wp-json\/wp\/v2\/types\/page"}],"author":[{"embeddable":true,"href":"https:\/\/leaderschool.pl\/kalisz\/wp-json\/wp\/v2\/users\/3"}],"replies":[{"embeddable":true,"href":"https:\/\/leaderschool.pl\/kalisz\/wp-json\/wp\/v2\/comments?post=2648"}],"version-history":[{"count":5,"href":"https:\/\/leaderschool.pl\/kalisz\/wp-json\/wp\/v2\/pages\/2648\/revisions"}],"predecessor-version":[{"id":2837,"href":"https:\/\/leaderschool.pl\/kalisz\/wp-json\/wp\/v2\/pages\/2648\/revisions\/2837"}],"wp:attachment":[{"href":"https:\/\/leaderschool.pl\/kalisz\/wp-json\/wp\/v2\/media?parent=2648"}],"curies":[{"name":"wp","href":"https:\/\/api.w.org\/{rel}","templated":true}]}}