{"id":2627,"date":"2022-07-24T19:01:48","date_gmt":"2022-07-24T17:01:48","guid":{"rendered":"https:\/\/leaderschool.sellision.dev\/kalisz\/?page_id=2627"},"modified":"2025-04-07T13:36:49","modified_gmt":"2025-04-07T11:36:49","slug":"biuro-tlumaczen-tlumacz-przysiegly","status":"publish","type":"page","link":"https:\/\/leaderschool.pl\/kalisz\/biuro-tlumaczen-tlumacz-przysiegly\/","title":{"rendered":"Biuro t\u0142umacze\u0144, t\u0142umacz przysi\u0119g\u0142y Kalisz"},"content":{"rendered":"\n<div class=\"wp-container-1 wp-block-buttons\">\n<div class=\"wp-block-button\"><a class=\"wp-block-button__link has-white-color has-text-color has-background\" href=\"https:\/\/tlumaczenia-kalisz.eu\/\" style=\"background-color:#00205b\" target=\"_blank\" rel=\"noreferrer noopener\">sprawd\u017a ofert\u0119<\/a><\/div>\n<\/div>\n\n\n\n<p><\/p>\n\n\n\n<p>Leader School specjalizuje si\u0119 we wszelkiego rodzaju t\u0142umaczeniach zar\u00f3wno pisemnych (t\u0142umaczenia zwyk\u0142e oraz t\u0142umaczenia przysi\u0119g\u0142e), jak i ustnych (obs\u0142uga szkole\u0144, konferencji w kraju jak i za granic\u0105) w niemal ka\u017cdym j\u0119zyku \u015bwiata.<\/p>\n\n\n\n<p><\/p>\n\n\n\n<div class=\"wp-block-image\"><figure class=\"aligncenter size-full\"><img loading=\"lazy\" width=\"400\" height=\"250\" src=\"data:image\/gif;base64,R0lGODlhAQABAAAAACH5BAEKAAEALAAAAAABAAEAAAICTAEAOw==\" alt=\"\" class=\"wp-image-2628 lazyload\" sizes=\"(max-width: 400px) 100vw, 400px\" data-src=\"https:\/\/leaderschool.sellision.dev\/kalisz\/wp-content\/uploads\/sites\/47\/2022\/07\/tlumaczenia-e1450804256533.jpg\" data-srcset=\"https:\/\/leaderschool.pl\/kalisz\/wp-content\/uploads\/sites\/47\/2022\/07\/tlumaczenia-e1450804256533.jpg 400w, https:\/\/leaderschool.pl\/kalisz\/wp-content\/uploads\/sites\/47\/2022\/07\/tlumaczenia-e1450804256533-300x188.jpg 300w\"><\/figure><\/div>\n\n\n\n<p>Nasza oferta obejmuje t\u0142umaczenia Kalisz zwyk\u0142e i przysi\u0119g\u0142e, a nasza doskona\u0142a jako\u015b\u0107 us\u0142ug gwarantuje satysfakcj\u0119 naszych klient\u00f3w. Dzi\u0119ki szerokiemu zakresowi us\u0142ug jeste\u015bmy w stanie dopasowa\u0107 si\u0119 do indywidualnych potrzeb i wymaga\u0144 ka\u017cdego klienta. Dzi\u0119ki wieloletniemu do\u015bwiadczeniu w bran\u017cy znamy si\u0119 na najlepszych t\u0142umaczach. Nasza specjalizacja obejmuje dziedziny takie jak ekonomia, prawo, nauka i wiele innych.<\/p>\n\n\n\n<div class=\"wp-container-2 wp-block-buttons\">\n<div class=\"wp-block-button\"><a class=\"wp-block-button__link has-white-color has-text-color has-background\" href=\"https:\/\/tlumaczenia-kalisz.eu\/#kontakt\" style=\"background-color:#00205b\" target=\"_blank\" rel=\"noreferrer noopener\">napisz do nas<\/a><\/div>\n<\/div>\n\n\n\n<p><\/p>\n\n\n\n<iframe loading=\"lazy\" style=\"display: flex; margin: 60px auto 40px auto;\" src=\"about:blank\" width=\"560\" height=\"315\" frameborder=\"0\" allowfullscreen=\"\" class=\"lazyload\" data-src=\"https:\/\/www.youtube.com\/embed\/bKgUPTDcEpY\"><\/iframe>\n\n\n\n<p>Lata do\u015bwiadcze\u0144 pozwoli\u0142y nam wyselekcjonowa\u0107 najlepszych t\u0142umaczy. Oferujemy t\u0142umaczenia w Kaliszu w specjalistycznych dziedzinach: ekonomicznej, prawniczej, naukowej i wielu innych.<br>Szybko i profesjonalnie przet\u0142umaczymy dla Ciebie ka\u017cdy tekst lub zorganizujemy t\u0142umaczenie ustne.<br>Najlepszym dowodem wysokiej jako\u015bci us\u0142ug jest nasza kilkunastoletnia tradycja oraz wielu zadowolonych klient\u00f3w, kt\u00f3rzy nam zaufali.<\/p>\n\n\n\n<div class=\"wp-block-image\"><figure class=\"aligncenter size-large is-resized\"><img loading=\"lazy\" src=\"data:image\/gif;base64,R0lGODlhAQABAAAAACH5BAEKAAEALAAAAAABAAEAAAICTAEAOw==\" alt=\"\" class=\"wp-image-2855 lazyload\" width=\"512\" height=\"335\" sizes=\"(max-width: 512px) 100vw, 512px\" data-src=\"https:\/\/leaderschool.pl\/kalisz\/wp-content\/uploads\/sites\/47\/2023\/04\/iStock-533835003-v2-1024x670.jpg\" data-srcset=\"https:\/\/leaderschool.pl\/kalisz\/wp-content\/uploads\/sites\/47\/2023\/04\/iStock-533835003-v2-1024x670.jpg 1024w, https:\/\/leaderschool.pl\/kalisz\/wp-content\/uploads\/sites\/47\/2023\/04\/iStock-533835003-v2-300x196.jpg 300w, https:\/\/leaderschool.pl\/kalisz\/wp-content\/uploads\/sites\/47\/2023\/04\/iStock-533835003-v2-768x503.jpg 768w, https:\/\/leaderschool.pl\/kalisz\/wp-content\/uploads\/sites\/47\/2023\/04\/iStock-533835003-v2-1536x1006.jpg 1536w, https:\/\/leaderschool.pl\/kalisz\/wp-content\/uploads\/sites\/47\/2023\/04\/iStock-533835003-v2.jpg 1900w\"><\/figure><\/div>\n\n\n\n<h2>T\u0142umacz przysi\u0119g\u0142y Kalisz<\/h2>\n\n\n\n<p>Jeste\u015bmy biurem t\u0142umacze\u0144 z Kalisza i dzia\u0142amy od 2004 roku. Przez ten d\u0142ugi czas zd\u0105\u017cyli\u015bmy obs\u0142u\u017cy\u0107 ju\u017c ogromn\u0105 liczb\u0119 klient\u00f3w, kt\u00f3rzy byli z naszych us\u0142ug bardzo zadowoleni. Zajmujemy si\u0119 wykonywaniem r\u00f3\u017cnego rodzaju t\u0142umacze\u0144, korzystaj\u0105c z us\u0142ug kilkudziesi\u0119ciu t\u0142umaczy z ca\u0142ego \u015bwiata. Co miesi\u0105c realizujemy oko\u0142o 100 t\u0142umacze\u0144, dzi\u0119ki czemu zawsze jeste\u015bmy w stanie sprosta\u0107 wymaganiom naszych klient\u00f3w.<\/p>\n\n\n\n<div class=\"wp-container-3 wp-block-buttons\">\n<div class=\"wp-block-button\"><a class=\"wp-block-button__link has-white-color has-text-color has-background\" href=\"https:\/\/tlumaczenia-kalisz.eu\/\" style=\"background-color:#00205b\" target=\"_blank\" rel=\"noreferrer noopener\">dowied\u017a si\u0119 wi\u0119cej<\/a><\/div>\n<\/div>\n\n\n\n<p><\/p>\n\n\n\n<p><br><br>Szczeg\u00f3\u0142y:<br>Szczeg\u00f3\u0142owe informacje o terminach, zapisach i cenach, otrzymasz, dzwoni\u0105c lub wys\u0142a\u0107 e-mail z zapytaniem:<\/p>\n\n\n\n<p>kalisz@leaderschool.com.pl<\/p>\n\n\n\n<p>tel. 62\/ 767 21 21 lub 601 887 889<\/p>\n\n\n\n<p><\/p>\n","protected":false},"excerpt":{"rendered":"<p>Leader School specjalizuje si\u0119 we wszelkiego rodzaju t\u0142umaczeniach zar\u00f3wno pisemnych (t\u0142umaczenia zwyk\u0142e oraz t\u0142umaczenia przysi\u0119g\u0142e), jak i ustnych (obs\u0142uga szkole\u0144, konferencji w kraju jak i za granic\u0105) w niemal ka\u017cdym j\u0119zyku \u015bwiata. Nasza oferta obejmuje t\u0142umaczenia Kalisz zwyk\u0142e i przysi\u0119g\u0142e, a nasza doskona\u0142a jako\u015b\u0107 us\u0142ug gwarantuje satysfakcj\u0119 naszych klient\u00f3w. Dzi\u0119ki szerokiemu zakresowi us\u0142ug jeste\u015bmy w [&hellip;]<\/p>\n","protected":false},"author":3,"featured_media":0,"parent":0,"menu_order":0,"comment_status":"closed","ping_status":"closed","template":"","meta":{"ngg_post_thumbnail":0},"acf":[],"yoast_head":"<!-- This site is optimized with the Yoast SEO plugin v18.9 - https:\/\/yoast.com\/wordpress\/plugins\/seo\/ -->\n<title>Biuro t\u0142umacze\u0144, t\u0142umacz przysi\u0119g\u0142y Kalisz w Kaliszu - Leader School<\/title>\n<meta name=\"description\" content=\"Szukasz biura t\u0142umacze\u0144 lub t\u0142umacza przysi\u0119g\u0142ego w Kaliszu? Sprawd\u017a ofert\u0119 naszej szko\u0142y j\u0119zykowej ju\u017c dzi\u015b!\" \/>\n<meta name=\"robots\" content=\"index, follow, max-snippet:-1, max-image-preview:large, max-video-preview:-1\" \/>\n<link rel=\"canonical\" href=\"https:\/\/leaderschool.pl\/kalisz\/biuro-tlumaczen-tlumacz-przysiegly\/\" \/>\n<meta property=\"og:locale\" content=\"pl_PL\" \/>\n<meta property=\"og:type\" content=\"article\" \/>\n<meta property=\"og:title\" content=\"Biuro t\u0142umacze\u0144, t\u0142umacz przysi\u0119g\u0142y Kalisz w Kaliszu - Leader School\" \/>\n<meta property=\"og:description\" content=\"Szukasz biura t\u0142umacze\u0144 lub t\u0142umacza przysi\u0119g\u0142ego w Kaliszu? Sprawd\u017a ofert\u0119 naszej szko\u0142y j\u0119zykowej ju\u017c dzi\u015b!\" \/>\n<meta property=\"og:url\" content=\"https:\/\/leaderschool.pl\/kalisz\/biuro-tlumaczen-tlumacz-przysiegly\/\" \/>\n<meta property=\"og:site_name\" content=\"w Kaliszu - Leader School\" \/>\n<meta property=\"article:modified_time\" content=\"2025-04-07T11:36:49+00:00\" \/>\n<meta property=\"og:image\" content=\"https:\/\/leaderschool.sellision.dev\/kalisz\/wp-content\/uploads\/sites\/47\/2022\/07\/tlumaczenia-e1450804256533.jpg\" \/>\n<meta name=\"twitter:card\" content=\"summary_large_image\" \/>\n<meta name=\"twitter:label1\" content=\"Szacowany czas czytania\" \/>\n\t<meta name=\"twitter:data1\" content=\"2 minuty\" \/>\n<script type=\"application\/ld+json\" class=\"yoast-schema-graph\">{\"@context\":\"https:\/\/schema.org\",\"@graph\":[{\"@type\":\"WebSite\",\"@id\":\"https:\/\/leaderschool.pl\/kalisz\/#website\",\"url\":\"https:\/\/leaderschool.pl\/kalisz\/\",\"name\":\"w Kaliszu - Leader School\",\"description\":\"\",\"potentialAction\":[{\"@type\":\"SearchAction\",\"target\":{\"@type\":\"EntryPoint\",\"urlTemplate\":\"https:\/\/leaderschool.pl\/kalisz\/?s={search_term_string}\"},\"query-input\":\"required name=search_term_string\"}],\"inLanguage\":\"pl-PL\"},{\"@type\":\"ImageObject\",\"inLanguage\":\"pl-PL\",\"@id\":\"https:\/\/leaderschool.pl\/kalisz\/biuro-tlumaczen-tlumacz-przysiegly\/#primaryimage\",\"url\":\"https:\/\/leaderschool.sellision.dev\/kalisz\/wp-content\/uploads\/sites\/47\/2022\/07\/tlumaczenia-e1450804256533.jpg\",\"contentUrl\":\"https:\/\/leaderschool.sellision.dev\/kalisz\/wp-content\/uploads\/sites\/47\/2022\/07\/tlumaczenia-e1450804256533.jpg\"},{\"@type\":\"WebPage\",\"@id\":\"https:\/\/leaderschool.pl\/kalisz\/biuro-tlumaczen-tlumacz-przysiegly\/#webpage\",\"url\":\"https:\/\/leaderschool.pl\/kalisz\/biuro-tlumaczen-tlumacz-przysiegly\/\",\"name\":\"Biuro t\u0142umacze\u0144, t\u0142umacz przysi\u0119g\u0142y Kalisz w Kaliszu - Leader School\",\"isPartOf\":{\"@id\":\"https:\/\/leaderschool.pl\/kalisz\/#website\"},\"primaryImageOfPage\":{\"@id\":\"https:\/\/leaderschool.pl\/kalisz\/biuro-tlumaczen-tlumacz-przysiegly\/#primaryimage\"},\"datePublished\":\"2022-07-24T17:01:48+00:00\",\"dateModified\":\"2025-04-07T11:36:49+00:00\",\"description\":\"Szukasz biura t\u0142umacze\u0144 lub t\u0142umacza przysi\u0119g\u0142ego w Kaliszu? Sprawd\u017a ofert\u0119 naszej szko\u0142y j\u0119zykowej ju\u017c dzi\u015b!\",\"breadcrumb\":{\"@id\":\"https:\/\/leaderschool.pl\/kalisz\/biuro-tlumaczen-tlumacz-przysiegly\/#breadcrumb\"},\"inLanguage\":\"pl-PL\",\"potentialAction\":[{\"@type\":\"ReadAction\",\"target\":[\"https:\/\/leaderschool.pl\/kalisz\/biuro-tlumaczen-tlumacz-przysiegly\/\"]}]},{\"@type\":\"BreadcrumbList\",\"@id\":\"https:\/\/leaderschool.pl\/kalisz\/biuro-tlumaczen-tlumacz-przysiegly\/#breadcrumb\",\"itemListElement\":[{\"@type\":\"ListItem\",\"position\":1,\"name\":\"Home\",\"item\":\"https:\/\/leaderschool.pl\/kalisz\/\"},{\"@type\":\"ListItem\",\"position\":2,\"name\":\"Biuro t\u0142umacze\u0144, t\u0142umacz przysi\u0119g\u0142y Kalisz\"}]}]}<\/script>\n<!-- \/ Yoast SEO plugin. -->","yoast_head_json":{"title":"Biuro t\u0142umacze\u0144, t\u0142umacz przysi\u0119g\u0142y Kalisz w Kaliszu - Leader School","description":"Szukasz biura t\u0142umacze\u0144 lub t\u0142umacza przysi\u0119g\u0142ego w Kaliszu? Sprawd\u017a ofert\u0119 naszej szko\u0142y j\u0119zykowej ju\u017c dzi\u015b!","robots":{"index":"index","follow":"follow","max-snippet":"max-snippet:-1","max-image-preview":"max-image-preview:large","max-video-preview":"max-video-preview:-1"},"canonical":"https:\/\/leaderschool.pl\/kalisz\/biuro-tlumaczen-tlumacz-przysiegly\/","og_locale":"pl_PL","og_type":"article","og_title":"Biuro t\u0142umacze\u0144, t\u0142umacz przysi\u0119g\u0142y Kalisz w Kaliszu - Leader School","og_description":"Szukasz biura t\u0142umacze\u0144 lub t\u0142umacza przysi\u0119g\u0142ego w Kaliszu? Sprawd\u017a ofert\u0119 naszej szko\u0142y j\u0119zykowej ju\u017c dzi\u015b!","og_url":"https:\/\/leaderschool.pl\/kalisz\/biuro-tlumaczen-tlumacz-przysiegly\/","og_site_name":"w Kaliszu - Leader School","article_modified_time":"2025-04-07T11:36:49+00:00","og_image":[{"url":"https:\/\/leaderschool.sellision.dev\/kalisz\/wp-content\/uploads\/sites\/47\/2022\/07\/tlumaczenia-e1450804256533.jpg"}],"twitter_card":"summary_large_image","twitter_misc":{"Szacowany czas czytania":"2 minuty"},"schema":{"@context":"https:\/\/schema.org","@graph":[{"@type":"WebSite","@id":"https:\/\/leaderschool.pl\/kalisz\/#website","url":"https:\/\/leaderschool.pl\/kalisz\/","name":"w Kaliszu - Leader School","description":"","potentialAction":[{"@type":"SearchAction","target":{"@type":"EntryPoint","urlTemplate":"https:\/\/leaderschool.pl\/kalisz\/?s={search_term_string}"},"query-input":"required name=search_term_string"}],"inLanguage":"pl-PL"},{"@type":"ImageObject","inLanguage":"pl-PL","@id":"https:\/\/leaderschool.pl\/kalisz\/biuro-tlumaczen-tlumacz-przysiegly\/#primaryimage","url":"https:\/\/leaderschool.sellision.dev\/kalisz\/wp-content\/uploads\/sites\/47\/2022\/07\/tlumaczenia-e1450804256533.jpg","contentUrl":"https:\/\/leaderschool.sellision.dev\/kalisz\/wp-content\/uploads\/sites\/47\/2022\/07\/tlumaczenia-e1450804256533.jpg"},{"@type":"WebPage","@id":"https:\/\/leaderschool.pl\/kalisz\/biuro-tlumaczen-tlumacz-przysiegly\/#webpage","url":"https:\/\/leaderschool.pl\/kalisz\/biuro-tlumaczen-tlumacz-przysiegly\/","name":"Biuro t\u0142umacze\u0144, t\u0142umacz przysi\u0119g\u0142y Kalisz w Kaliszu - Leader School","isPartOf":{"@id":"https:\/\/leaderschool.pl\/kalisz\/#website"},"primaryImageOfPage":{"@id":"https:\/\/leaderschool.pl\/kalisz\/biuro-tlumaczen-tlumacz-przysiegly\/#primaryimage"},"datePublished":"2022-07-24T17:01:48+00:00","dateModified":"2025-04-07T11:36:49+00:00","description":"Szukasz biura t\u0142umacze\u0144 lub t\u0142umacza przysi\u0119g\u0142ego w Kaliszu? Sprawd\u017a ofert\u0119 naszej szko\u0142y j\u0119zykowej ju\u017c dzi\u015b!","breadcrumb":{"@id":"https:\/\/leaderschool.pl\/kalisz\/biuro-tlumaczen-tlumacz-przysiegly\/#breadcrumb"},"inLanguage":"pl-PL","potentialAction":[{"@type":"ReadAction","target":["https:\/\/leaderschool.pl\/kalisz\/biuro-tlumaczen-tlumacz-przysiegly\/"]}]},{"@type":"BreadcrumbList","@id":"https:\/\/leaderschool.pl\/kalisz\/biuro-tlumaczen-tlumacz-przysiegly\/#breadcrumb","itemListElement":[{"@type":"ListItem","position":1,"name":"Home","item":"https:\/\/leaderschool.pl\/kalisz\/"},{"@type":"ListItem","position":2,"name":"Biuro t\u0142umacze\u0144, t\u0142umacz przysi\u0119g\u0142y Kalisz"}]}]}},"_links":{"self":[{"href":"https:\/\/leaderschool.pl\/kalisz\/wp-json\/wp\/v2\/pages\/2627"}],"collection":[{"href":"https:\/\/leaderschool.pl\/kalisz\/wp-json\/wp\/v2\/pages"}],"about":[{"href":"https:\/\/leaderschool.pl\/kalisz\/wp-json\/wp\/v2\/types\/page"}],"author":[{"embeddable":true,"href":"https:\/\/leaderschool.pl\/kalisz\/wp-json\/wp\/v2\/users\/3"}],"replies":[{"embeddable":true,"href":"https:\/\/leaderschool.pl\/kalisz\/wp-json\/wp\/v2\/comments?post=2627"}],"version-history":[{"count":6,"href":"https:\/\/leaderschool.pl\/kalisz\/wp-json\/wp\/v2\/pages\/2627\/revisions"}],"predecessor-version":[{"id":2906,"href":"https:\/\/leaderschool.pl\/kalisz\/wp-json\/wp\/v2\/pages\/2627\/revisions\/2906"}],"wp:attachment":[{"href":"https:\/\/leaderschool.pl\/kalisz\/wp-json\/wp\/v2\/media?parent=2627"}],"curies":[{"name":"wp","href":"https:\/\/api.w.org\/{rel}","templated":true}]}}