{"id":2623,"date":"2022-07-24T18:59:05","date_gmt":"2022-07-24T16:59:05","guid":{"rendered":"https:\/\/leaderschool.sellision.dev\/kalisz\/?page_id=2623"},"modified":"2023-10-12T09:44:43","modified_gmt":"2023-10-12T07:44:43","slug":"bls-for-business","status":"publish","type":"page","link":"https:\/\/leaderschool.pl\/kalisz\/bls-for-business\/","title":{"rendered":"BLS for business"},"content":{"rendered":"\n<ul><li>Chcesz podnie\u015b\u0107 kwalifikacje pracownik\u00f3w?<\/li><li>Chcesz zwi\u0119kszy\u0107 konkurencyjno\u015b\u0107 Firmy?<\/li><li>Prowadzisz biznes mi\u0119dzynarodowy?<\/li><\/ul>\n\n\n\n<p>BLS oferuje wszystko czego potrzebujesz aby Twoi pracownicy opanowali wybrany j\u0119zyk w stopniu komunikatywnym, r\u00f3wnocze\u015bnie nie zabieraj\u0105c im cennego czasu.<\/p>\n\n\n\n<p>Gwarantuje unikalna metodyk\u0119 zaj\u0119\u0107, bogactwo r\u00f3\u017cnorodnych materia\u0142\u00f3w dydaktycznych oraz dopasowanie do Waszych mo\u017cliwo\u015bci czasowych i predyspozycji, jak r\u00f3wnie\u017c stylu uczenia si\u0119.<\/p>\n\n\n\n<h2>Czy poni\u017csze umiej\u0119tno\u015bci pracownik\u00f3w rozwin\u0105 Twoja Firm\u0119?<\/h2>\n\n\n\n<p>&#8211; znajomo\u015b\u0107 j\u0119zyka angielskiego lub niemieckiego na poziomie C1<\/p>\n\n\n\n<p>&#8211; prowadzenie negocjacji, rozm\u00f3w telefonicznych i prezentacji w j\u0119zyku obcym<\/p>\n\n\n\n<p>&#8211; prowadzenie wewn\u0119trznej i zewn\u0119trznej korespondencji firmowej<\/p>\n\n\n\n<p>&#8211; sporz\u0105dzanie dokumentacji firmowej<\/p>\n\n\n\n<p>&#8211; znajomo\u015b\u0107 s\u0142ownictwa bran\u017cowego<\/p>\n\n\n\n<p><br><strong>Przedstawiamy odpowied\u017a na potrzeby rynku biznesowego w zakresie nauczania j\u0119zyk\u00f3w obcych<\/strong>.<\/p>\n\n\n\n<h2>Blended Learning System for Business to:<\/h2>\n\n\n\n<ul><li>precyzyjny system kwalifikacji &#8211; metoda BLS to a\u017c 8 poziom\u00f3w j\u0119zykowych, daj\u0105cych mo\u017cliwo\u015b\u0107 rozpocz\u0119cia nauki na odpowiednim poziomie<\/li><li>gwarancja szybkiej komunikacji &#8211; zaj\u0119cia w 80% oparte na m\u00f3wieniu<\/li><li>personalizowany system nauki &#8211; system dostosowany do indywidualnych potrzeb Firmy w tym j\u0119zyk bran\u017cowy<\/li><li>monitoring wynik\u00f3w nauki &#8211; system BLS MONITORING pozwala na realn\u0105 ocen\u0119 skuteczno\u015bci zaj\u0119\u0107<\/li><li>dost\u0119p do podr\u0119cznika multimedialnego &#8211; pozwala na prac\u0119 24h\/dob\u0119 w dowolnym miejscu i czasie<\/li><li>akredytowana kadra lektorska &#8211; gwarancja najwy\u017cszej jako\u015bci nauczania<\/li><li>nowoczesne materia\u0142y dydaktyczne &#8211; ksi\u0105\u017cki, podr\u0119cznik mulimedialny, audiobooki, fiszki wspomagaj\u0105ce proces nauczania<\/li><li>mo\u017cliwo\u015b\u0107 zaj\u0119\u0107 u Klienta &#8211; minimalizacja czasu dojazdu<\/li><li>tylko metoda BLS uwzgl\u0119dnia indywidualne predyspozycje s\u0142uchaczy tj. wzrokowcy, s\u0142uchowcy, kinestetycy<\/li><\/ul>\n\n\n\n<p>Z <strong>metod\u0105 BLS minimalizujemy Tw\u00f3j czas nauki<\/strong><\/p>\n\n\n\n<div class=\"wp-block-image\"><figure class=\"aligncenter size-full\"><img loading=\"lazy\" width=\"1024\" height=\"724\" src=\"data:image\/gif;base64,R0lGODlhAQABAAAAACH5BAEKAAEALAAAAAABAAEAAAICTAEAOw==\" alt=\"\" class=\"wp-image-2624 lazyload\" sizes=\"(max-width: 1024px) 100vw, 1024px\" data-src=\"https:\/\/leaderschool.sellision.dev\/kalisz\/wp-content\/uploads\/sites\/47\/2022\/07\/okladka_bls_skrypt_pozyskiwanie.jpg\" data-srcset=\"https:\/\/leaderschool.pl\/kalisz\/wp-content\/uploads\/sites\/47\/2022\/07\/okladka_bls_skrypt_pozyskiwanie.jpg 1024w, https:\/\/leaderschool.pl\/kalisz\/wp-content\/uploads\/sites\/47\/2022\/07\/okladka_bls_skrypt_pozyskiwanie-300x212.jpg 300w, https:\/\/leaderschool.pl\/kalisz\/wp-content\/uploads\/sites\/47\/2022\/07\/okladka_bls_skrypt_pozyskiwanie-768x543.jpg 768w\"><\/figure><\/div>\n","protected":false},"excerpt":{"rendered":"<p>Chcesz podnie\u015b\u0107 kwalifikacje pracownik\u00f3w? Chcesz zwi\u0119kszy\u0107 konkurencyjno\u015b\u0107 Firmy? Prowadzisz biznes mi\u0119dzynarodowy? BLS oferuje wszystko czego potrzebujesz aby Twoi pracownicy opanowali wybrany j\u0119zyk w stopniu komunikatywnym, r\u00f3wnocze\u015bnie nie zabieraj\u0105c im cennego czasu. Gwarantuje unikalna metodyk\u0119 zaj\u0119\u0107, bogactwo r\u00f3\u017cnorodnych materia\u0142\u00f3w dydaktycznych oraz dopasowanie do Waszych mo\u017cliwo\u015bci czasowych i predyspozycji, jak r\u00f3wnie\u017c stylu uczenia si\u0119. Czy poni\u017csze umiej\u0119tno\u015bci [&hellip;]<\/p>\n","protected":false},"author":3,"featured_media":0,"parent":0,"menu_order":0,"comment_status":"closed","ping_status":"closed","template":"","meta":{"ngg_post_thumbnail":0},"acf":[],"yoast_head":"<!-- This site is optimized with the Yoast SEO plugin v18.9 - https:\/\/yoast.com\/wordpress\/plugins\/seo\/ -->\n<title>BLS for business w Kaliszu - Leader School<\/title>\n<meta name=\"description\" content=\"Oferta kurs\u00f3w j\u0119zyka angielskiego i niemieckiego dla firm w szkole Leader School Kalisz. Sprawd\u017a nasz\u0105 ofert\u0119. \ud83d\udcde+48 62 767 21 21\" \/>\n<meta name=\"robots\" content=\"index, follow, max-snippet:-1, max-image-preview:large, max-video-preview:-1\" \/>\n<link rel=\"canonical\" href=\"https:\/\/leaderschool.pl\/kalisz\/bls-for-business\/\" \/>\n<meta property=\"og:locale\" content=\"pl_PL\" \/>\n<meta property=\"og:type\" content=\"article\" \/>\n<meta property=\"og:title\" content=\"BLS for business w Kaliszu - Leader School\" \/>\n<meta property=\"og:description\" content=\"Oferta kurs\u00f3w j\u0119zyka angielskiego i niemieckiego dla firm w szkole Leader School Kalisz. Sprawd\u017a nasz\u0105 ofert\u0119. \ud83d\udcde+48 62 767 21 21\" \/>\n<meta property=\"og:url\" content=\"https:\/\/leaderschool.pl\/kalisz\/bls-for-business\/\" \/>\n<meta property=\"og:site_name\" content=\"w Kaliszu - Leader School\" \/>\n<meta property=\"article:modified_time\" content=\"2023-10-12T07:44:43+00:00\" \/>\n<meta property=\"og:image\" content=\"https:\/\/leaderschool.sellision.dev\/kalisz\/wp-content\/uploads\/sites\/47\/2022\/07\/okladka_bls_skrypt_pozyskiwanie.jpg\" \/>\n<meta name=\"twitter:card\" content=\"summary_large_image\" \/>\n<meta name=\"twitter:label1\" content=\"Szacowany czas czytania\" \/>\n\t<meta name=\"twitter:data1\" content=\"2 minuty\" \/>\n<script type=\"application\/ld+json\" class=\"yoast-schema-graph\">{\"@context\":\"https:\/\/schema.org\",\"@graph\":[{\"@type\":\"WebSite\",\"@id\":\"https:\/\/leaderschool.pl\/kalisz\/#website\",\"url\":\"https:\/\/leaderschool.pl\/kalisz\/\",\"name\":\"w Kaliszu - Leader School\",\"description\":\"\",\"potentialAction\":[{\"@type\":\"SearchAction\",\"target\":{\"@type\":\"EntryPoint\",\"urlTemplate\":\"https:\/\/leaderschool.pl\/kalisz\/?s={search_term_string}\"},\"query-input\":\"required name=search_term_string\"}],\"inLanguage\":\"pl-PL\"},{\"@type\":\"ImageObject\",\"inLanguage\":\"pl-PL\",\"@id\":\"https:\/\/leaderschool.pl\/kalisz\/bls-for-business\/#primaryimage\",\"url\":\"https:\/\/leaderschool.sellision.dev\/kalisz\/wp-content\/uploads\/sites\/47\/2022\/07\/okladka_bls_skrypt_pozyskiwanie.jpg\",\"contentUrl\":\"https:\/\/leaderschool.sellision.dev\/kalisz\/wp-content\/uploads\/sites\/47\/2022\/07\/okladka_bls_skrypt_pozyskiwanie.jpg\"},{\"@type\":\"WebPage\",\"@id\":\"https:\/\/leaderschool.pl\/kalisz\/bls-for-business\/#webpage\",\"url\":\"https:\/\/leaderschool.pl\/kalisz\/bls-for-business\/\",\"name\":\"BLS for business w Kaliszu - Leader School\",\"isPartOf\":{\"@id\":\"https:\/\/leaderschool.pl\/kalisz\/#website\"},\"primaryImageOfPage\":{\"@id\":\"https:\/\/leaderschool.pl\/kalisz\/bls-for-business\/#primaryimage\"},\"datePublished\":\"2022-07-24T16:59:05+00:00\",\"dateModified\":\"2023-10-12T07:44:43+00:00\",\"description\":\"Oferta kurs\u00f3w j\u0119zyka angielskiego i niemieckiego dla firm w szkole Leader School Kalisz. Sprawd\u017a nasz\u0105 ofert\u0119. \ud83d\udcde+48 62 767 21 21\",\"breadcrumb\":{\"@id\":\"https:\/\/leaderschool.pl\/kalisz\/bls-for-business\/#breadcrumb\"},\"inLanguage\":\"pl-PL\",\"potentialAction\":[{\"@type\":\"ReadAction\",\"target\":[\"https:\/\/leaderschool.pl\/kalisz\/bls-for-business\/\"]}]},{\"@type\":\"BreadcrumbList\",\"@id\":\"https:\/\/leaderschool.pl\/kalisz\/bls-for-business\/#breadcrumb\",\"itemListElement\":[{\"@type\":\"ListItem\",\"position\":1,\"name\":\"Home\",\"item\":\"https:\/\/leaderschool.pl\/kalisz\/\"},{\"@type\":\"ListItem\",\"position\":2,\"name\":\"BLS for business\"}]}]}<\/script>\n<!-- \/ Yoast SEO plugin. -->","yoast_head_json":{"title":"BLS for business w Kaliszu - Leader School","description":"Oferta kurs\u00f3w j\u0119zyka angielskiego i niemieckiego dla firm w szkole Leader School Kalisz. Sprawd\u017a nasz\u0105 ofert\u0119. \ud83d\udcde+48 62 767 21 21","robots":{"index":"index","follow":"follow","max-snippet":"max-snippet:-1","max-image-preview":"max-image-preview:large","max-video-preview":"max-video-preview:-1"},"canonical":"https:\/\/leaderschool.pl\/kalisz\/bls-for-business\/","og_locale":"pl_PL","og_type":"article","og_title":"BLS for business w Kaliszu - Leader School","og_description":"Oferta kurs\u00f3w j\u0119zyka angielskiego i niemieckiego dla firm w szkole Leader School Kalisz. Sprawd\u017a nasz\u0105 ofert\u0119. \ud83d\udcde+48 62 767 21 21","og_url":"https:\/\/leaderschool.pl\/kalisz\/bls-for-business\/","og_site_name":"w Kaliszu - Leader School","article_modified_time":"2023-10-12T07:44:43+00:00","og_image":[{"url":"https:\/\/leaderschool.sellision.dev\/kalisz\/wp-content\/uploads\/sites\/47\/2022\/07\/okladka_bls_skrypt_pozyskiwanie.jpg"}],"twitter_card":"summary_large_image","twitter_misc":{"Szacowany czas czytania":"2 minuty"},"schema":{"@context":"https:\/\/schema.org","@graph":[{"@type":"WebSite","@id":"https:\/\/leaderschool.pl\/kalisz\/#website","url":"https:\/\/leaderschool.pl\/kalisz\/","name":"w Kaliszu - Leader School","description":"","potentialAction":[{"@type":"SearchAction","target":{"@type":"EntryPoint","urlTemplate":"https:\/\/leaderschool.pl\/kalisz\/?s={search_term_string}"},"query-input":"required name=search_term_string"}],"inLanguage":"pl-PL"},{"@type":"ImageObject","inLanguage":"pl-PL","@id":"https:\/\/leaderschool.pl\/kalisz\/bls-for-business\/#primaryimage","url":"https:\/\/leaderschool.sellision.dev\/kalisz\/wp-content\/uploads\/sites\/47\/2022\/07\/okladka_bls_skrypt_pozyskiwanie.jpg","contentUrl":"https:\/\/leaderschool.sellision.dev\/kalisz\/wp-content\/uploads\/sites\/47\/2022\/07\/okladka_bls_skrypt_pozyskiwanie.jpg"},{"@type":"WebPage","@id":"https:\/\/leaderschool.pl\/kalisz\/bls-for-business\/#webpage","url":"https:\/\/leaderschool.pl\/kalisz\/bls-for-business\/","name":"BLS for business w Kaliszu - Leader School","isPartOf":{"@id":"https:\/\/leaderschool.pl\/kalisz\/#website"},"primaryImageOfPage":{"@id":"https:\/\/leaderschool.pl\/kalisz\/bls-for-business\/#primaryimage"},"datePublished":"2022-07-24T16:59:05+00:00","dateModified":"2023-10-12T07:44:43+00:00","description":"Oferta kurs\u00f3w j\u0119zyka angielskiego i niemieckiego dla firm w szkole Leader School Kalisz. Sprawd\u017a nasz\u0105 ofert\u0119. \ud83d\udcde+48 62 767 21 21","breadcrumb":{"@id":"https:\/\/leaderschool.pl\/kalisz\/bls-for-business\/#breadcrumb"},"inLanguage":"pl-PL","potentialAction":[{"@type":"ReadAction","target":["https:\/\/leaderschool.pl\/kalisz\/bls-for-business\/"]}]},{"@type":"BreadcrumbList","@id":"https:\/\/leaderschool.pl\/kalisz\/bls-for-business\/#breadcrumb","itemListElement":[{"@type":"ListItem","position":1,"name":"Home","item":"https:\/\/leaderschool.pl\/kalisz\/"},{"@type":"ListItem","position":2,"name":"BLS for business"}]}]}},"_links":{"self":[{"href":"https:\/\/leaderschool.pl\/kalisz\/wp-json\/wp\/v2\/pages\/2623"}],"collection":[{"href":"https:\/\/leaderschool.pl\/kalisz\/wp-json\/wp\/v2\/pages"}],"about":[{"href":"https:\/\/leaderschool.pl\/kalisz\/wp-json\/wp\/v2\/types\/page"}],"author":[{"embeddable":true,"href":"https:\/\/leaderschool.pl\/kalisz\/wp-json\/wp\/v2\/users\/3"}],"replies":[{"embeddable":true,"href":"https:\/\/leaderschool.pl\/kalisz\/wp-json\/wp\/v2\/comments?post=2623"}],"version-history":[{"count":2,"href":"https:\/\/leaderschool.pl\/kalisz\/wp-json\/wp\/v2\/pages\/2623\/revisions"}],"predecessor-version":[{"id":2626,"href":"https:\/\/leaderschool.pl\/kalisz\/wp-json\/wp\/v2\/pages\/2623\/revisions\/2626"}],"wp:attachment":[{"href":"https:\/\/leaderschool.pl\/kalisz\/wp-json\/wp\/v2\/media?parent=2623"}],"curies":[{"name":"wp","href":"https:\/\/api.w.org\/{rel}","templated":true}]}}