{"id":2615,"date":"2022-07-24T18:51:27","date_gmt":"2022-07-24T16:51:27","guid":{"rendered":"https:\/\/leaderschool.sellision.dev\/kalisz\/?page_id=2615"},"modified":"2025-11-25T13:07:11","modified_gmt":"2025-11-25T12:07:11","slug":"przygotowanie-do-egzaminu-telc-kalisz","status":"publish","type":"page","link":"https:\/\/leaderschool.pl\/kalisz\/przygotowanie-do-egzaminu-telc-kalisz\/","title":{"rendered":"Przygotowanie do egzaminu TELC \u2013 Kalisz"},"content":{"rendered":"\n<p>Profesjonalna oferta przygotowa\u0144 do egzaminu TELC w Kaliszu z j\u0119zyk\u00f3w: angielskiego, niemieckiego, hiszpa\u0144skiego, francuskiego, portugalskiego, rosyjskiego, w\u0142oskiego, tureckiego, czeskiego, holenderskiego.<br>TELC (The European Language Certificates) to egzamin j\u0119zykowy, uwzgl\u0119dniaj\u0105cy r\u00f3\u017cne poziomy zaawansowania, k\u0142ad\u0105cy szczeg\u00f3lny nacisk na umiej\u0119tno\u015b\u0107 porozumiewania si\u0119. Certyfikaty TELC s\u0105 znane i honorowane w wielu krajach Unii Europejskiej. W Polsce uzyska\u0142y akredytacj\u0119 w administracji publicznej. Jeste\u015bmy jedynym w Kaliszu o\u015brodkiem egzaminacyjnym TELC posiadaj\u0105cym swoich egzaminator\u00f3w. Organizujemy kilka razy w roku egzaminy na wielu poziomach.<\/p>\n\n\n\n<div class=\"wp-block-image\"><figure class=\"aligncenter size-full\"><img loading=\"lazy\" width=\"478\" height=\"208\" src=\"data:image\/gif;base64,R0lGODlhAQABAAAAACH5BAEKAAEALAAAAAABAAEAAAICTAEAOw==\" alt=\"\" class=\"wp-image-2616 lazyload\" sizes=\"(max-width: 478px) 100vw, 478px\" data-src=\"https:\/\/leaderschool.sellision.dev\/kalisz\/wp-content\/uploads\/sites\/47\/2022\/07\/logo_telc2.png\" data-srcset=\"https:\/\/leaderschool.pl\/kalisz\/wp-content\/uploads\/sites\/47\/2022\/07\/logo_telc2.png 478w, https:\/\/leaderschool.pl\/kalisz\/wp-content\/uploads\/sites\/47\/2022\/07\/logo_telc2-300x131.png 300w\"><\/figure><\/div>\n\n\n\n<h2>Przygotuj si\u0119 i zdaj egzamin TELC z Leader School Kalisz<\/h2>\n\n\n\n<p>Szko\u0142a Leader School jako jedyna daje dwie mo\u017cliwo\u015bci przygotowania Ci\u0119 do egzaminu TELC:<\/p>\n\n\n\n<ul><li>za pomoc\u0105 metody tradycyjnej<\/li><li>przy wykorzystaniu metody BLS lub Metody Bezpo\u015bredniej (wzbogaconej o zaj\u0119cia przygotowuj\u0105ce do egzaminu).<\/li><\/ul>\n\n\n\n<p>Jeste\u015bmy wiod\u0105cym i jednym z pierwszych o\u015brodk\u00f3w egzaminacyjnych TELC.<br>Zapewniamy idealne przygotowanie do egzaminu z ka\u017cdego europejskiego j\u0119zyka<\/p>\n\n\n\n<p>Materia\u0142y do nauki: do nabycia w siedzibie szko\u0142y.<\/p>\n\n\n\n<p>Nab\u00f3r: nab\u00f3r przeprowadzamy dwa razy w roku &#8211; prze\u0142om wrze\u015bnia i pa\u017adziernika oraz lutego i marca.<\/p>\n\n\n\n<div class=\"wp-block-image\"><figure class=\"aligncenter size-full is-resized\"><img loading=\"lazy\" src=\"data:image\/gif;base64,R0lGODlhAQABAAAAACH5BAEKAAEALAAAAAABAAEAAAICTAEAOw==\" alt=\"\" class=\"wp-image-2617 lazyload\" width=\"718\" height=\"137\" sizes=\"(max-width: 718px) 100vw, 718px\" data-src=\"https:\/\/leaderschool.sellision.dev\/kalisz\/wp-content\/uploads\/sites\/47\/2022\/07\/telc_caly.jpg\" data-srcset=\"https:\/\/leaderschool.pl\/kalisz\/wp-content\/uploads\/sites\/47\/2022\/07\/telc_caly.jpg 718w, https:\/\/leaderschool.pl\/kalisz\/wp-content\/uploads\/sites\/47\/2022\/07\/telc_caly-300x57.jpg 300w\"><\/figure><\/div>\n\n\n\n<h2>Certyfikat TELC<\/h2>\n\n\n\n<p>Jest uznawany i akredytowany w wi\u0119kszo\u015bci kraj\u00f3w Europy. Certyfikat TELC honoruj\u0105:<\/p>\n\n\n\n<ul><li>administracja Rzeczpospolitej Polskiej (potwierdzenie znajomo\u015bci j\u0119zyka -poziomy B1 i B2 dla 8 j\u0119zyk\u00f3w),<\/li><li>francuskie i niemieckie Izby Handlowe,<\/li><li>niemieckie kolegia i uniwersytety (jako egzaminy wst\u0119pne),<\/li><li>czeskie i w\u0119gierskie Instytucje rz\u0105dowe,<\/li><li>Certyfikat z j. niemieckiego jest akceptowany przy uzyskaniu niemieckiego obywatelstwa,<\/li><li>we W\u0142oszech Zertifikat Deutsch uznaje Ministerstwo Edukacji,<\/li><li>w Hiszpanii egzaminy TELC s\u0105 cz\u0119\u015bci\u0105 pa\u0144stwowego systemu szkolnictwa,<\/li><li>przedsi\u0119biorstwa mi\u0119dzynarodowe w Republice S\u0142owackiej (od kandydat\u00f3w podczas ubiegania si\u0119 o prac\u0119).<\/li><\/ul>\n\n\n\n<p>Ucz\u0105c si\u0119 w <a href=\"https:\/\/leaderschool.pl\/kalisz\/\">Leader School<\/a>:<\/p>\n\n\n\n<ul><li>uzyskasz pomoc w doborze odpowiedniej strategii nauki, dzi\u0119ki temu bez problemu przygotujesz si\u0119 do zdania egzaminu TELC,<\/li><li>egzamin zdasz w siedzibie naszej szko\u0142y,<\/li><li>mo\u017cesz zap\u0142aci\u0107 za kurs w miesi\u0119cznych ratach,<\/li><li>p\u0142ac\u0105c za semestr z g\u00f3ry uzyskasz korzystny rabat.<\/li><\/ul>\n\n\n\n<p>Szczeg\u00f3\u0142y:<br>Dodatkowe informacje o terminach, zapisach i cenach otrzymasz dzwoni\u0105c, lub wys\u0142a\u0107 e-mail z zapytaniem<\/p>\n\n\n\n<p>kalisz@leaderschool.com.pl<\/p>\n\n\n\n<p>tel. 62\/ 767 21 21 lub 601 887 889<\/p>\n","protected":false},"excerpt":{"rendered":"<p>Profesjonalna oferta przygotowa\u0144 do egzaminu TELC w Kaliszu z j\u0119zyk\u00f3w: angielskiego, niemieckiego, hiszpa\u0144skiego, francuskiego, portugalskiego, rosyjskiego, w\u0142oskiego, tureckiego, czeskiego, holenderskiego.TELC (The European Language Certificates) to egzamin j\u0119zykowy, uwzgl\u0119dniaj\u0105cy r\u00f3\u017cne poziomy zaawansowania, k\u0142ad\u0105cy szczeg\u00f3lny nacisk na umiej\u0119tno\u015b\u0107 porozumiewania si\u0119. Certyfikaty TELC s\u0105 znane i honorowane w wielu krajach Unii Europejskiej. W Polsce uzyska\u0142y akredytacj\u0119 w administracji [&hellip;]<\/p>\n","protected":false},"author":3,"featured_media":0,"parent":0,"menu_order":0,"comment_status":"closed","ping_status":"closed","template":"","meta":{"ngg_post_thumbnail":0},"acf":[],"yoast_head":"<!-- This site is optimized with the Yoast SEO plugin v18.9 - https:\/\/yoast.com\/wordpress\/plugins\/seo\/ -->\n<title>Przygotowanie do egzaminu TELC \u2013 Kalisz w Kaliszu - Leader School<\/title>\n<meta name=\"description\" content=\"Marzy Ci si\u0119 zdanie egzaminu TELC? Z ch\u0119ci\u0105 pomo\u017cemy Ci w przygotowaniach do tego egzaminu. Wejd\u017a i dowiedz si\u0119 wi\u0119cej.\" \/>\n<meta name=\"robots\" content=\"index, follow, max-snippet:-1, max-image-preview:large, max-video-preview:-1\" \/>\n<link rel=\"canonical\" href=\"https:\/\/leaderschool.pl\/kalisz\/przygotowanie-do-egzaminu-telc-kalisz\/\" \/>\n<meta property=\"og:locale\" content=\"pl_PL\" \/>\n<meta property=\"og:type\" content=\"article\" \/>\n<meta property=\"og:title\" content=\"Przygotowanie do egzaminu TELC \u2013 Kalisz w Kaliszu - Leader School\" \/>\n<meta property=\"og:description\" content=\"Marzy Ci si\u0119 zdanie egzaminu TELC? Z ch\u0119ci\u0105 pomo\u017cemy Ci w przygotowaniach do tego egzaminu. Wejd\u017a i dowiedz si\u0119 wi\u0119cej.\" \/>\n<meta property=\"og:url\" content=\"https:\/\/leaderschool.pl\/kalisz\/przygotowanie-do-egzaminu-telc-kalisz\/\" \/>\n<meta property=\"og:site_name\" content=\"w Kaliszu - Leader School\" \/>\n<meta property=\"article:modified_time\" content=\"2025-11-25T12:07:11+00:00\" \/>\n<meta property=\"og:image\" content=\"https:\/\/leaderschool.sellision.dev\/kalisz\/wp-content\/uploads\/sites\/47\/2022\/07\/logo_telc2.png\" \/>\n<meta name=\"twitter:card\" content=\"summary_large_image\" \/>\n<meta name=\"twitter:label1\" content=\"Szacowany czas czytania\" \/>\n\t<meta name=\"twitter:data1\" content=\"3 minuty\" \/>\n<script type=\"application\/ld+json\" class=\"yoast-schema-graph\">{\"@context\":\"https:\/\/schema.org\",\"@graph\":[{\"@type\":\"WebSite\",\"@id\":\"https:\/\/leaderschool.pl\/kalisz\/#website\",\"url\":\"https:\/\/leaderschool.pl\/kalisz\/\",\"name\":\"w Kaliszu - Leader School\",\"description\":\"\",\"potentialAction\":[{\"@type\":\"SearchAction\",\"target\":{\"@type\":\"EntryPoint\",\"urlTemplate\":\"https:\/\/leaderschool.pl\/kalisz\/?s={search_term_string}\"},\"query-input\":\"required name=search_term_string\"}],\"inLanguage\":\"pl-PL\"},{\"@type\":\"ImageObject\",\"inLanguage\":\"pl-PL\",\"@id\":\"https:\/\/leaderschool.pl\/kalisz\/przygotowanie-do-egzaminu-telc-kalisz\/#primaryimage\",\"url\":\"https:\/\/leaderschool.sellision.dev\/kalisz\/wp-content\/uploads\/sites\/47\/2022\/07\/logo_telc2.png\",\"contentUrl\":\"https:\/\/leaderschool.sellision.dev\/kalisz\/wp-content\/uploads\/sites\/47\/2022\/07\/logo_telc2.png\"},{\"@type\":\"WebPage\",\"@id\":\"https:\/\/leaderschool.pl\/kalisz\/przygotowanie-do-egzaminu-telc-kalisz\/#webpage\",\"url\":\"https:\/\/leaderschool.pl\/kalisz\/przygotowanie-do-egzaminu-telc-kalisz\/\",\"name\":\"Przygotowanie do egzaminu TELC \u2013 Kalisz w Kaliszu - Leader School\",\"isPartOf\":{\"@id\":\"https:\/\/leaderschool.pl\/kalisz\/#website\"},\"primaryImageOfPage\":{\"@id\":\"https:\/\/leaderschool.pl\/kalisz\/przygotowanie-do-egzaminu-telc-kalisz\/#primaryimage\"},\"datePublished\":\"2022-07-24T16:51:27+00:00\",\"dateModified\":\"2025-11-25T12:07:11+00:00\",\"description\":\"Marzy Ci si\u0119 zdanie egzaminu TELC? Z ch\u0119ci\u0105 pomo\u017cemy Ci w przygotowaniach do tego egzaminu. Wejd\u017a i dowiedz si\u0119 wi\u0119cej.\",\"breadcrumb\":{\"@id\":\"https:\/\/leaderschool.pl\/kalisz\/przygotowanie-do-egzaminu-telc-kalisz\/#breadcrumb\"},\"inLanguage\":\"pl-PL\",\"potentialAction\":[{\"@type\":\"ReadAction\",\"target\":[\"https:\/\/leaderschool.pl\/kalisz\/przygotowanie-do-egzaminu-telc-kalisz\/\"]}]},{\"@type\":\"BreadcrumbList\",\"@id\":\"https:\/\/leaderschool.pl\/kalisz\/przygotowanie-do-egzaminu-telc-kalisz\/#breadcrumb\",\"itemListElement\":[{\"@type\":\"ListItem\",\"position\":1,\"name\":\"Home\",\"item\":\"https:\/\/leaderschool.pl\/kalisz\/\"},{\"@type\":\"ListItem\",\"position\":2,\"name\":\"Przygotowanie do egzaminu TELC \u2013 Kalisz\"}]}]}<\/script>\n<!-- \/ Yoast SEO plugin. -->","yoast_head_json":{"title":"Przygotowanie do egzaminu TELC \u2013 Kalisz w Kaliszu - Leader School","description":"Marzy Ci si\u0119 zdanie egzaminu TELC? Z ch\u0119ci\u0105 pomo\u017cemy Ci w przygotowaniach do tego egzaminu. Wejd\u017a i dowiedz si\u0119 wi\u0119cej.","robots":{"index":"index","follow":"follow","max-snippet":"max-snippet:-1","max-image-preview":"max-image-preview:large","max-video-preview":"max-video-preview:-1"},"canonical":"https:\/\/leaderschool.pl\/kalisz\/przygotowanie-do-egzaminu-telc-kalisz\/","og_locale":"pl_PL","og_type":"article","og_title":"Przygotowanie do egzaminu TELC \u2013 Kalisz w Kaliszu - Leader School","og_description":"Marzy Ci si\u0119 zdanie egzaminu TELC? Z ch\u0119ci\u0105 pomo\u017cemy Ci w przygotowaniach do tego egzaminu. Wejd\u017a i dowiedz si\u0119 wi\u0119cej.","og_url":"https:\/\/leaderschool.pl\/kalisz\/przygotowanie-do-egzaminu-telc-kalisz\/","og_site_name":"w Kaliszu - Leader School","article_modified_time":"2025-11-25T12:07:11+00:00","og_image":[{"url":"https:\/\/leaderschool.sellision.dev\/kalisz\/wp-content\/uploads\/sites\/47\/2022\/07\/logo_telc2.png"}],"twitter_card":"summary_large_image","twitter_misc":{"Szacowany czas czytania":"3 minuty"},"schema":{"@context":"https:\/\/schema.org","@graph":[{"@type":"WebSite","@id":"https:\/\/leaderschool.pl\/kalisz\/#website","url":"https:\/\/leaderschool.pl\/kalisz\/","name":"w Kaliszu - Leader School","description":"","potentialAction":[{"@type":"SearchAction","target":{"@type":"EntryPoint","urlTemplate":"https:\/\/leaderschool.pl\/kalisz\/?s={search_term_string}"},"query-input":"required name=search_term_string"}],"inLanguage":"pl-PL"},{"@type":"ImageObject","inLanguage":"pl-PL","@id":"https:\/\/leaderschool.pl\/kalisz\/przygotowanie-do-egzaminu-telc-kalisz\/#primaryimage","url":"https:\/\/leaderschool.sellision.dev\/kalisz\/wp-content\/uploads\/sites\/47\/2022\/07\/logo_telc2.png","contentUrl":"https:\/\/leaderschool.sellision.dev\/kalisz\/wp-content\/uploads\/sites\/47\/2022\/07\/logo_telc2.png"},{"@type":"WebPage","@id":"https:\/\/leaderschool.pl\/kalisz\/przygotowanie-do-egzaminu-telc-kalisz\/#webpage","url":"https:\/\/leaderschool.pl\/kalisz\/przygotowanie-do-egzaminu-telc-kalisz\/","name":"Przygotowanie do egzaminu TELC \u2013 Kalisz w Kaliszu - Leader School","isPartOf":{"@id":"https:\/\/leaderschool.pl\/kalisz\/#website"},"primaryImageOfPage":{"@id":"https:\/\/leaderschool.pl\/kalisz\/przygotowanie-do-egzaminu-telc-kalisz\/#primaryimage"},"datePublished":"2022-07-24T16:51:27+00:00","dateModified":"2025-11-25T12:07:11+00:00","description":"Marzy Ci si\u0119 zdanie egzaminu TELC? Z ch\u0119ci\u0105 pomo\u017cemy Ci w przygotowaniach do tego egzaminu. Wejd\u017a i dowiedz si\u0119 wi\u0119cej.","breadcrumb":{"@id":"https:\/\/leaderschool.pl\/kalisz\/przygotowanie-do-egzaminu-telc-kalisz\/#breadcrumb"},"inLanguage":"pl-PL","potentialAction":[{"@type":"ReadAction","target":["https:\/\/leaderschool.pl\/kalisz\/przygotowanie-do-egzaminu-telc-kalisz\/"]}]},{"@type":"BreadcrumbList","@id":"https:\/\/leaderschool.pl\/kalisz\/przygotowanie-do-egzaminu-telc-kalisz\/#breadcrumb","itemListElement":[{"@type":"ListItem","position":1,"name":"Home","item":"https:\/\/leaderschool.pl\/kalisz\/"},{"@type":"ListItem","position":2,"name":"Przygotowanie do egzaminu TELC \u2013 Kalisz"}]}]}},"_links":{"self":[{"href":"https:\/\/leaderschool.pl\/kalisz\/wp-json\/wp\/v2\/pages\/2615"}],"collection":[{"href":"https:\/\/leaderschool.pl\/kalisz\/wp-json\/wp\/v2\/pages"}],"about":[{"href":"https:\/\/leaderschool.pl\/kalisz\/wp-json\/wp\/v2\/types\/page"}],"author":[{"embeddable":true,"href":"https:\/\/leaderschool.pl\/kalisz\/wp-json\/wp\/v2\/users\/3"}],"replies":[{"embeddable":true,"href":"https:\/\/leaderschool.pl\/kalisz\/wp-json\/wp\/v2\/comments?post=2615"}],"version-history":[{"count":4,"href":"https:\/\/leaderschool.pl\/kalisz\/wp-json\/wp\/v2\/pages\/2615\/revisions"}],"predecessor-version":[{"id":2930,"href":"https:\/\/leaderschool.pl\/kalisz\/wp-json\/wp\/v2\/pages\/2615\/revisions\/2930"}],"wp:attachment":[{"href":"https:\/\/leaderschool.pl\/kalisz\/wp-json\/wp\/v2\/media?parent=2615"}],"curies":[{"name":"wp","href":"https:\/\/api.w.org\/{rel}","templated":true}]}}