{"id":2606,"date":"2022-07-24T18:47:07","date_gmt":"2022-07-24T16:47:07","guid":{"rendered":"https:\/\/leaderschool.sellision.dev\/kalisz\/?page_id=2606"},"modified":"2023-10-13T09:54:33","modified_gmt":"2023-10-13T07:54:33","slug":"przygotowanie-do-matury-z-jezyka-angielskiego-i-niemieckiego","status":"publish","type":"page","link":"https:\/\/leaderschool.pl\/kalisz\/przygotowanie-do-matury-z-jezyka-angielskiego-i-niemieckiego\/","title":{"rendered":"Przygotowanie do matury z j\u0119zyka angielskiego i niemieckiego"},"content":{"rendered":"\n<p>Ten kurs kierujemy do tegorocznych maturzyst\u00f3w!<\/p>\n\n\n\n<p>Na kursie nauczysz si\u0119:<\/p>\n\n\n\n<p>-m\u00f3wi\u0107 p\u0142ynnie<br>-opisywa\u0107 przedmioty, osoby i procesy<br>-pracowa\u0107 z czytanym tekstem<br>-rozwi\u0105zywa\u0107 zadania z zakresu rozumienia ze s\u0142uchu<br>-pisa\u0107 r\u00f3\u017cnego rodzaju teksty nie pope\u0142niaj\u0105c b\u0142\u0119d\u00f3w<\/p>\n\n\n\n<p>Ale to nie wszystko! Opr\u00f3cz tego dowiesz si\u0119 jak uwierzy\u0107 we w\u0142asne si\u0142y i umiej\u0119tno\u015bci. Dzi\u0119ki temu unikniesz stresu na egzaminie!<\/p>\n\n\n\n<p>Materia\u0142y do nauki: do nabycia w siedzibie szko\u0142y<\/p>\n\n\n\n<p>Nab\u00f3r: prze\u0142om wrze\u015bnia i pa\u017adziernika<\/p>\n\n\n\n<p>Dlaczego warto przygotowywa\u0107 si\u0119 do matury w Leader School?<\/p>\n\n\n\n<p>Przed rozpocz\u0119ciem kursu spotkasz si\u0119 z konsultantem j\u0119zykowym, kt\u00f3ry oceni Tw\u00f3j poziom wiedzy oraz dobierze najodpowiedniejsz\u0105 strategi\u0119 przygotowania do egzaminu.<br>Na bie\u017c\u0105co b\u0119dziesz uzyskiwa\u0107 informacje o efektach swojej pracy.<br>Masz mo\u017cliwo\u015b\u0107 skorzystania z dodatkowych, bezp\u0142atnych konsultacji z lektorem.<br>Wyj\u0105tkowa organizacja kursu pozwala na zintensyfikowanie nauki przed egzaminem.<\/p>\n\n\n\n<p>Lektorzy<br>Nasi lektorzy przygotowuj\u0105cy Ci\u0119 do matury maj\u0105 wieloletnie do\u015bwiadczenie w przygotowaniu przysz\u0142ych maturzyst\u00f3w do egzaminu z j\u0119zyka angielskiego, zasiadaj\u0105 w komisjach egzaminacyjnych, posiadaj\u0105 tytu\u0142 magistra filologii angielskiej oraz uprawnienia pedagogiczne do nauczania j\u0119zyka.<\/p>\n\n\n\n<div class=\"wp-block-image\"><figure class=\"aligncenter size-full\"><img loading=\"lazy\" width=\"340\" height=\"376\" src=\"data:image\/gif;base64,R0lGODlhAQABAAAAACH5BAEKAAEALAAAAAABAAEAAAICTAEAOw==\" alt=\"\" class=\"wp-image-2607 lazyload\" sizes=\"(max-width: 340px) 100vw, 340px\" data-src=\"https:\/\/leaderschool.sellision.dev\/kalisz\/wp-content\/uploads\/sites\/47\/2022\/07\/maturzysci2.png\" data-srcset=\"https:\/\/leaderschool.pl\/kalisz\/wp-content\/uploads\/sites\/47\/2022\/07\/maturzysci2.png 340w, https:\/\/leaderschool.pl\/kalisz\/wp-content\/uploads\/sites\/47\/2022\/07\/maturzysci2-271x300.png 271w\"><\/figure><\/div>\n\n\n\n<p>Szczeg\u00f3\u0142y:<br>Dodatkowe informacje o terminach, zapisach i cenach, otrzymasz dzwoni\u0105c lub wys\u0142a\u0107 e-mail z zapytaniem:<\/p>\n\n\n\n<p>kalisz@leaderschool.com.pl<\/p>\n\n\n\n<p>tel. 62\/ 767 21 21 lub 601 887 889<\/p>\n","protected":false},"excerpt":{"rendered":"<p>Ten kurs kierujemy do tegorocznych maturzyst\u00f3w! Na kursie nauczysz si\u0119: -m\u00f3wi\u0107 p\u0142ynnie-opisywa\u0107 przedmioty, osoby i procesy-pracowa\u0107 z czytanym tekstem-rozwi\u0105zywa\u0107 zadania z zakresu rozumienia ze s\u0142uchu-pisa\u0107 r\u00f3\u017cnego rodzaju teksty nie pope\u0142niaj\u0105c b\u0142\u0119d\u00f3w Ale to nie wszystko! Opr\u00f3cz tego dowiesz si\u0119 jak uwierzy\u0107 we w\u0142asne si\u0142y i umiej\u0119tno\u015bci. Dzi\u0119ki temu unikniesz stresu na egzaminie! Materia\u0142y do nauki: [&hellip;]<\/p>\n","protected":false},"author":3,"featured_media":0,"parent":0,"menu_order":0,"comment_status":"closed","ping_status":"closed","template":"","meta":{"ngg_post_thumbnail":0},"acf":[],"yoast_head":"<!-- This site is optimized with the Yoast SEO plugin v18.9 - https:\/\/yoast.com\/wordpress\/plugins\/seo\/ -->\n<title>Przygotowanie do matury z j\u0119zyka angielskiego i niemieckiego w Kaliszu - Leader School<\/title>\n<meta name=\"description\" content=\"Wszystkich maturzyst\u00f3w zapraszamy na nasze zaj\u0119cia przygotowawcze do matury z j\u0119zyka angielskiego i niemieckiego w Kaliszu.\" \/>\n<meta name=\"robots\" content=\"index, follow, max-snippet:-1, max-image-preview:large, max-video-preview:-1\" \/>\n<link rel=\"canonical\" href=\"https:\/\/leaderschool.pl\/kalisz\/przygotowanie-do-matury-z-jezyka-angielskiego-i-niemieckiego\/\" \/>\n<meta property=\"og:locale\" content=\"pl_PL\" \/>\n<meta property=\"og:type\" content=\"article\" \/>\n<meta property=\"og:title\" content=\"Przygotowanie do matury z j\u0119zyka angielskiego i niemieckiego w Kaliszu - Leader School\" \/>\n<meta property=\"og:description\" content=\"Wszystkich maturzyst\u00f3w zapraszamy na nasze zaj\u0119cia przygotowawcze do matury z j\u0119zyka angielskiego i niemieckiego w Kaliszu.\" \/>\n<meta property=\"og:url\" content=\"https:\/\/leaderschool.pl\/kalisz\/przygotowanie-do-matury-z-jezyka-angielskiego-i-niemieckiego\/\" \/>\n<meta property=\"og:site_name\" content=\"w Kaliszu - Leader School\" \/>\n<meta property=\"article:modified_time\" content=\"2023-10-13T07:54:33+00:00\" \/>\n<meta property=\"og:image\" content=\"https:\/\/leaderschool.sellision.dev\/kalisz\/wp-content\/uploads\/sites\/47\/2022\/07\/maturzysci2.png\" \/>\n<meta name=\"twitter:card\" content=\"summary_large_image\" \/>\n<meta name=\"twitter:label1\" content=\"Szacowany czas czytania\" \/>\n\t<meta name=\"twitter:data1\" content=\"2 minuty\" \/>\n<script type=\"application\/ld+json\" class=\"yoast-schema-graph\">{\"@context\":\"https:\/\/schema.org\",\"@graph\":[{\"@type\":\"WebSite\",\"@id\":\"https:\/\/leaderschool.pl\/kalisz\/#website\",\"url\":\"https:\/\/leaderschool.pl\/kalisz\/\",\"name\":\"w Kaliszu - Leader School\",\"description\":\"\",\"potentialAction\":[{\"@type\":\"SearchAction\",\"target\":{\"@type\":\"EntryPoint\",\"urlTemplate\":\"https:\/\/leaderschool.pl\/kalisz\/?s={search_term_string}\"},\"query-input\":\"required name=search_term_string\"}],\"inLanguage\":\"pl-PL\"},{\"@type\":\"ImageObject\",\"inLanguage\":\"pl-PL\",\"@id\":\"https:\/\/leaderschool.pl\/kalisz\/przygotowanie-do-matury-z-jezyka-angielskiego-i-niemieckiego\/#primaryimage\",\"url\":\"https:\/\/leaderschool.sellision.dev\/kalisz\/wp-content\/uploads\/sites\/47\/2022\/07\/maturzysci2.png\",\"contentUrl\":\"https:\/\/leaderschool.sellision.dev\/kalisz\/wp-content\/uploads\/sites\/47\/2022\/07\/maturzysci2.png\"},{\"@type\":\"WebPage\",\"@id\":\"https:\/\/leaderschool.pl\/kalisz\/przygotowanie-do-matury-z-jezyka-angielskiego-i-niemieckiego\/#webpage\",\"url\":\"https:\/\/leaderschool.pl\/kalisz\/przygotowanie-do-matury-z-jezyka-angielskiego-i-niemieckiego\/\",\"name\":\"Przygotowanie do matury z j\u0119zyka angielskiego i niemieckiego w Kaliszu - Leader School\",\"isPartOf\":{\"@id\":\"https:\/\/leaderschool.pl\/kalisz\/#website\"},\"primaryImageOfPage\":{\"@id\":\"https:\/\/leaderschool.pl\/kalisz\/przygotowanie-do-matury-z-jezyka-angielskiego-i-niemieckiego\/#primaryimage\"},\"datePublished\":\"2022-07-24T16:47:07+00:00\",\"dateModified\":\"2023-10-13T07:54:33+00:00\",\"description\":\"Wszystkich maturzyst\u00f3w zapraszamy na nasze zaj\u0119cia przygotowawcze do matury z j\u0119zyka angielskiego i niemieckiego w Kaliszu.\",\"breadcrumb\":{\"@id\":\"https:\/\/leaderschool.pl\/kalisz\/przygotowanie-do-matury-z-jezyka-angielskiego-i-niemieckiego\/#breadcrumb\"},\"inLanguage\":\"pl-PL\",\"potentialAction\":[{\"@type\":\"ReadAction\",\"target\":[\"https:\/\/leaderschool.pl\/kalisz\/przygotowanie-do-matury-z-jezyka-angielskiego-i-niemieckiego\/\"]}]},{\"@type\":\"BreadcrumbList\",\"@id\":\"https:\/\/leaderschool.pl\/kalisz\/przygotowanie-do-matury-z-jezyka-angielskiego-i-niemieckiego\/#breadcrumb\",\"itemListElement\":[{\"@type\":\"ListItem\",\"position\":1,\"name\":\"Home\",\"item\":\"https:\/\/leaderschool.pl\/kalisz\/\"},{\"@type\":\"ListItem\",\"position\":2,\"name\":\"Przygotowanie do matury z j\u0119zyka angielskiego i niemieckiego\"}]}]}<\/script>\n<!-- \/ Yoast SEO plugin. -->","yoast_head_json":{"title":"Przygotowanie do matury z j\u0119zyka angielskiego i niemieckiego w Kaliszu - Leader School","description":"Wszystkich maturzyst\u00f3w zapraszamy na nasze zaj\u0119cia przygotowawcze do matury z j\u0119zyka angielskiego i niemieckiego w Kaliszu.","robots":{"index":"index","follow":"follow","max-snippet":"max-snippet:-1","max-image-preview":"max-image-preview:large","max-video-preview":"max-video-preview:-1"},"canonical":"https:\/\/leaderschool.pl\/kalisz\/przygotowanie-do-matury-z-jezyka-angielskiego-i-niemieckiego\/","og_locale":"pl_PL","og_type":"article","og_title":"Przygotowanie do matury z j\u0119zyka angielskiego i niemieckiego w Kaliszu - Leader School","og_description":"Wszystkich maturzyst\u00f3w zapraszamy na nasze zaj\u0119cia przygotowawcze do matury z j\u0119zyka angielskiego i niemieckiego w Kaliszu.","og_url":"https:\/\/leaderschool.pl\/kalisz\/przygotowanie-do-matury-z-jezyka-angielskiego-i-niemieckiego\/","og_site_name":"w Kaliszu - Leader School","article_modified_time":"2023-10-13T07:54:33+00:00","og_image":[{"url":"https:\/\/leaderschool.sellision.dev\/kalisz\/wp-content\/uploads\/sites\/47\/2022\/07\/maturzysci2.png"}],"twitter_card":"summary_large_image","twitter_misc":{"Szacowany czas czytania":"2 minuty"},"schema":{"@context":"https:\/\/schema.org","@graph":[{"@type":"WebSite","@id":"https:\/\/leaderschool.pl\/kalisz\/#website","url":"https:\/\/leaderschool.pl\/kalisz\/","name":"w Kaliszu - Leader School","description":"","potentialAction":[{"@type":"SearchAction","target":{"@type":"EntryPoint","urlTemplate":"https:\/\/leaderschool.pl\/kalisz\/?s={search_term_string}"},"query-input":"required name=search_term_string"}],"inLanguage":"pl-PL"},{"@type":"ImageObject","inLanguage":"pl-PL","@id":"https:\/\/leaderschool.pl\/kalisz\/przygotowanie-do-matury-z-jezyka-angielskiego-i-niemieckiego\/#primaryimage","url":"https:\/\/leaderschool.sellision.dev\/kalisz\/wp-content\/uploads\/sites\/47\/2022\/07\/maturzysci2.png","contentUrl":"https:\/\/leaderschool.sellision.dev\/kalisz\/wp-content\/uploads\/sites\/47\/2022\/07\/maturzysci2.png"},{"@type":"WebPage","@id":"https:\/\/leaderschool.pl\/kalisz\/przygotowanie-do-matury-z-jezyka-angielskiego-i-niemieckiego\/#webpage","url":"https:\/\/leaderschool.pl\/kalisz\/przygotowanie-do-matury-z-jezyka-angielskiego-i-niemieckiego\/","name":"Przygotowanie do matury z j\u0119zyka angielskiego i niemieckiego w Kaliszu - Leader School","isPartOf":{"@id":"https:\/\/leaderschool.pl\/kalisz\/#website"},"primaryImageOfPage":{"@id":"https:\/\/leaderschool.pl\/kalisz\/przygotowanie-do-matury-z-jezyka-angielskiego-i-niemieckiego\/#primaryimage"},"datePublished":"2022-07-24T16:47:07+00:00","dateModified":"2023-10-13T07:54:33+00:00","description":"Wszystkich maturzyst\u00f3w zapraszamy na nasze zaj\u0119cia przygotowawcze do matury z j\u0119zyka angielskiego i niemieckiego w Kaliszu.","breadcrumb":{"@id":"https:\/\/leaderschool.pl\/kalisz\/przygotowanie-do-matury-z-jezyka-angielskiego-i-niemieckiego\/#breadcrumb"},"inLanguage":"pl-PL","potentialAction":[{"@type":"ReadAction","target":["https:\/\/leaderschool.pl\/kalisz\/przygotowanie-do-matury-z-jezyka-angielskiego-i-niemieckiego\/"]}]},{"@type":"BreadcrumbList","@id":"https:\/\/leaderschool.pl\/kalisz\/przygotowanie-do-matury-z-jezyka-angielskiego-i-niemieckiego\/#breadcrumb","itemListElement":[{"@type":"ListItem","position":1,"name":"Home","item":"https:\/\/leaderschool.pl\/kalisz\/"},{"@type":"ListItem","position":2,"name":"Przygotowanie do matury z j\u0119zyka angielskiego i niemieckiego"}]}]}},"_links":{"self":[{"href":"https:\/\/leaderschool.pl\/kalisz\/wp-json\/wp\/v2\/pages\/2606"}],"collection":[{"href":"https:\/\/leaderschool.pl\/kalisz\/wp-json\/wp\/v2\/pages"}],"about":[{"href":"https:\/\/leaderschool.pl\/kalisz\/wp-json\/wp\/v2\/types\/page"}],"author":[{"embeddable":true,"href":"https:\/\/leaderschool.pl\/kalisz\/wp-json\/wp\/v2\/users\/3"}],"replies":[{"embeddable":true,"href":"https:\/\/leaderschool.pl\/kalisz\/wp-json\/wp\/v2\/comments?post=2606"}],"version-history":[{"count":1,"href":"https:\/\/leaderschool.pl\/kalisz\/wp-json\/wp\/v2\/pages\/2606\/revisions"}],"predecessor-version":[{"id":2608,"href":"https:\/\/leaderschool.pl\/kalisz\/wp-json\/wp\/v2\/pages\/2606\/revisions\/2608"}],"wp:attachment":[{"href":"https:\/\/leaderschool.pl\/kalisz\/wp-json\/wp\/v2\/media?parent=2606"}],"curies":[{"name":"wp","href":"https:\/\/api.w.org\/{rel}","templated":true}]}}