{"id":2597,"date":"2022-07-24T18:40:22","date_gmt":"2022-07-24T16:40:22","guid":{"rendered":"https:\/\/leaderschool.sellision.dev\/kalisz\/?page_id=2597"},"modified":"2025-07-08T09:52:43","modified_gmt":"2025-07-08T07:52:43","slug":"letnie-i-zimowe-polkolonie-z-jezykiem-angielskim","status":"publish","type":"page","link":"https:\/\/leaderschool.pl\/kalisz\/letnie-i-zimowe-polkolonie-z-jezykiem-angielskim\/","title":{"rendered":"Letnie i zimowe p\u00f3\u0142kolonie z j\u0119zykiem angielskim"},"content":{"rendered":"\n<div class=\"wp-block-image\"><figure class=\"aligncenter size-large\"><img loading=\"lazy\" width=\"725\" height=\"1024\" src=\"data:image\/gif;base64,R0lGODlhAQABAAAAACH5BAEKAAEALAAAAAABAAEAAAICTAEAOw==\" alt=\"P\u00f3\u0142kolonie z angielskim\" class=\"wp-image-2909 lazyload\" sizes=\"(max-width: 725px) 100vw, 725px\" data-src=\"https:\/\/leaderschool.pl\/kalisz\/wp-content\/uploads\/sites\/47\/2025\/06\/plakat-725x1024.jpg\" data-srcset=\"https:\/\/leaderschool.pl\/kalisz\/wp-content\/uploads\/sites\/47\/2025\/06\/plakat-725x1024.jpg 725w, https:\/\/leaderschool.pl\/kalisz\/wp-content\/uploads\/sites\/47\/2025\/06\/plakat-212x300.jpg 212w, https:\/\/leaderschool.pl\/kalisz\/wp-content\/uploads\/sites\/47\/2025\/06\/plakat-768x1085.jpg 768w, https:\/\/leaderschool.pl\/kalisz\/wp-content\/uploads\/sites\/47\/2025\/06\/plakat-1087x1536.jpg 1087w, https:\/\/leaderschool.pl\/kalisz\/wp-content\/uploads\/sites\/47\/2025\/06\/plakat.jpg 1449w\"><\/figure><\/div>\n\n\n\n<h2>Co wyr\u00f3\u017cnia nasze letnie i zimowe p\u00f3\u0142kolonie?<\/h2>\n\n\n\n<p>Od 2004 roku zajmujemy si\u0119 organizacj\u0105 p\u00f3\u0142kolonii letnich jak i zimowych. Nasze p\u00f3\u0142kolonie s\u0105 zawsze pod nadzorem kuratorium o\u015bwiaty. Dzie\u0107mi zajmuj\u0105 si\u0119 specjali\u015bci (z odpowiednim wykszta\u0142ceniem i uprawnieniami). Program jest ciekawy, a dzieci bawi\u0105 si\u0119 wy\u015bmienicie. Jest mn\u00f3stwo atrakcji, przepyszne posi\u0142ki, program jest u\u0142o\u017cony na 2 tygodnie, dzieci poprzez zabaw\u0119 ucz\u0105 si\u0119 angielskiego z wykorzystaniem autorskiej metody LEO ENGLISH.<\/p>\n\n\n\n<h2>J\u0119zyk angielski przez zabaw\u0119 \u2014 skuteczna metoda LEO ENGLISH<\/h2>\n\n\n\n<figure class=\"wp-block-embed aligncenter is-type-video is-provider-youtube wp-block-embed-youtube wp-embed-aspect-16-9 wp-has-aspect-ratio\"><div class=\"wp-block-embed__wrapper\">\n<iframe loading=\"lazy\" title=\"P\u00d3\u0141KOLONIE LETNIE I ZIMOWE LEADER SCHOOL KALISZ\" width=\"640\" height=\"360\" src=\"about:blank\" frameborder=\"0\" allow=\"accelerometer; autoplay; clipboard-write; encrypted-media; gyroscope; picture-in-picture; web-share\" referrerpolicy=\"strict-origin-when-cross-origin\" allowfullscreen=\"\" class=\"lazyload\" data-src=\"https:\/\/www.youtube.com\/embed\/zr91v3Kwsx8?feature=oembed\"><\/iframe>\n<\/div><\/figure>\n","protected":false},"excerpt":{"rendered":"<p>Co wyr\u00f3\u017cnia nasze letnie i zimowe p\u00f3\u0142kolonie? Od 2004 roku zajmujemy si\u0119 organizacj\u0105 p\u00f3\u0142kolonii letnich jak i zimowych. Nasze p\u00f3\u0142kolonie s\u0105 zawsze pod nadzorem kuratorium o\u015bwiaty. Dzie\u0107mi zajmuj\u0105 si\u0119 specjali\u015bci (z odpowiednim wykszta\u0142ceniem i uprawnieniami). Program jest ciekawy, a dzieci bawi\u0105 si\u0119 wy\u015bmienicie. Jest mn\u00f3stwo atrakcji, przepyszne posi\u0142ki, program jest u\u0142o\u017cony na 2 tygodnie, dzieci [&hellip;]<\/p>\n","protected":false},"author":3,"featured_media":0,"parent":0,"menu_order":0,"comment_status":"closed","ping_status":"closed","template":"","meta":{"ngg_post_thumbnail":0},"acf":[],"yoast_head":"<!-- This site is optimized with the Yoast SEO plugin v18.9 - https:\/\/yoast.com\/wordpress\/plugins\/seo\/ -->\n<title>Letnie i zimowe p\u00f3\u0142kolonie z j\u0119zykiem angielskim w Kaliszu - Leader School<\/title>\n<meta name=\"robots\" content=\"index, follow, max-snippet:-1, max-image-preview:large, max-video-preview:-1\" \/>\n<link rel=\"canonical\" href=\"https:\/\/leaderschool.pl\/kalisz\/letnie-i-zimowe-polkolonie-z-jezykiem-angielskim\/\" \/>\n<meta property=\"og:locale\" content=\"pl_PL\" \/>\n<meta property=\"og:type\" content=\"article\" \/>\n<meta property=\"og:title\" content=\"Letnie i zimowe p\u00f3\u0142kolonie z j\u0119zykiem angielskim w Kaliszu - Leader School\" \/>\n<meta property=\"og:description\" content=\"Co wyr\u00f3\u017cnia nasze letnie i zimowe p\u00f3\u0142kolonie? Od 2004 roku zajmujemy si\u0119 organizacj\u0105 p\u00f3\u0142kolonii letnich jak i zimowych. Nasze p\u00f3\u0142kolonie s\u0105 zawsze pod nadzorem kuratorium o\u015bwiaty. Dzie\u0107mi zajmuj\u0105 si\u0119 specjali\u015bci (z odpowiednim wykszta\u0142ceniem i uprawnieniami). Program jest ciekawy, a dzieci bawi\u0105 si\u0119 wy\u015bmienicie. Jest mn\u00f3stwo atrakcji, przepyszne posi\u0142ki, program jest u\u0142o\u017cony na 2 tygodnie, dzieci [&hellip;]\" \/>\n<meta property=\"og:url\" content=\"https:\/\/leaderschool.pl\/kalisz\/letnie-i-zimowe-polkolonie-z-jezykiem-angielskim\/\" \/>\n<meta property=\"og:site_name\" content=\"w Kaliszu - Leader School\" \/>\n<meta property=\"article:modified_time\" content=\"2025-07-08T07:52:43+00:00\" \/>\n<meta property=\"og:image\" content=\"https:\/\/leaderschool.pl\/kalisz\/wp-content\/uploads\/sites\/47\/2025\/06\/plakat-725x1024.jpg\" \/>\n<meta name=\"twitter:card\" content=\"summary_large_image\" \/>\n<meta name=\"twitter:label1\" content=\"Szacowany czas czytania\" \/>\n\t<meta name=\"twitter:data1\" content=\"1 minuta\" \/>\n<script type=\"application\/ld+json\" class=\"yoast-schema-graph\">{\"@context\":\"https:\/\/schema.org\",\"@graph\":[{\"@type\":\"WebSite\",\"@id\":\"https:\/\/leaderschool.pl\/kalisz\/#website\",\"url\":\"https:\/\/leaderschool.pl\/kalisz\/\",\"name\":\"w Kaliszu - Leader School\",\"description\":\"\",\"potentialAction\":[{\"@type\":\"SearchAction\",\"target\":{\"@type\":\"EntryPoint\",\"urlTemplate\":\"https:\/\/leaderschool.pl\/kalisz\/?s={search_term_string}\"},\"query-input\":\"required name=search_term_string\"}],\"inLanguage\":\"pl-PL\"},{\"@type\":\"ImageObject\",\"inLanguage\":\"pl-PL\",\"@id\":\"https:\/\/leaderschool.pl\/kalisz\/letnie-i-zimowe-polkolonie-z-jezykiem-angielskim\/#primaryimage\",\"url\":\"https:\/\/leaderschool.pl\/kalisz\/wp-content\/uploads\/sites\/47\/2025\/06\/plakat.jpg\",\"contentUrl\":\"https:\/\/leaderschool.pl\/kalisz\/wp-content\/uploads\/sites\/47\/2025\/06\/plakat.jpg\",\"width\":1449,\"height\":2048,\"caption\":\"P\u00f3\u0142kolonie z angielskim\"},{\"@type\":\"WebPage\",\"@id\":\"https:\/\/leaderschool.pl\/kalisz\/letnie-i-zimowe-polkolonie-z-jezykiem-angielskim\/#webpage\",\"url\":\"https:\/\/leaderschool.pl\/kalisz\/letnie-i-zimowe-polkolonie-z-jezykiem-angielskim\/\",\"name\":\"Letnie i zimowe p\u00f3\u0142kolonie z j\u0119zykiem angielskim w Kaliszu - Leader School\",\"isPartOf\":{\"@id\":\"https:\/\/leaderschool.pl\/kalisz\/#website\"},\"primaryImageOfPage\":{\"@id\":\"https:\/\/leaderschool.pl\/kalisz\/letnie-i-zimowe-polkolonie-z-jezykiem-angielskim\/#primaryimage\"},\"datePublished\":\"2022-07-24T16:40:22+00:00\",\"dateModified\":\"2025-07-08T07:52:43+00:00\",\"breadcrumb\":{\"@id\":\"https:\/\/leaderschool.pl\/kalisz\/letnie-i-zimowe-polkolonie-z-jezykiem-angielskim\/#breadcrumb\"},\"inLanguage\":\"pl-PL\",\"potentialAction\":[{\"@type\":\"ReadAction\",\"target\":[\"https:\/\/leaderschool.pl\/kalisz\/letnie-i-zimowe-polkolonie-z-jezykiem-angielskim\/\"]}]},{\"@type\":\"BreadcrumbList\",\"@id\":\"https:\/\/leaderschool.pl\/kalisz\/letnie-i-zimowe-polkolonie-z-jezykiem-angielskim\/#breadcrumb\",\"itemListElement\":[{\"@type\":\"ListItem\",\"position\":1,\"name\":\"Home\",\"item\":\"https:\/\/leaderschool.pl\/kalisz\/\"},{\"@type\":\"ListItem\",\"position\":2,\"name\":\"Letnie i zimowe p\u00f3\u0142kolonie z j\u0119zykiem angielskim\"}]}]}<\/script>\n<!-- \/ Yoast SEO plugin. -->","yoast_head_json":{"title":"Letnie i zimowe p\u00f3\u0142kolonie z j\u0119zykiem angielskim w Kaliszu - Leader School","robots":{"index":"index","follow":"follow","max-snippet":"max-snippet:-1","max-image-preview":"max-image-preview:large","max-video-preview":"max-video-preview:-1"},"canonical":"https:\/\/leaderschool.pl\/kalisz\/letnie-i-zimowe-polkolonie-z-jezykiem-angielskim\/","og_locale":"pl_PL","og_type":"article","og_title":"Letnie i zimowe p\u00f3\u0142kolonie z j\u0119zykiem angielskim w Kaliszu - Leader School","og_description":"Co wyr\u00f3\u017cnia nasze letnie i zimowe p\u00f3\u0142kolonie? Od 2004 roku zajmujemy si\u0119 organizacj\u0105 p\u00f3\u0142kolonii letnich jak i zimowych. Nasze p\u00f3\u0142kolonie s\u0105 zawsze pod nadzorem kuratorium o\u015bwiaty. Dzie\u0107mi zajmuj\u0105 si\u0119 specjali\u015bci (z odpowiednim wykszta\u0142ceniem i uprawnieniami). Program jest ciekawy, a dzieci bawi\u0105 si\u0119 wy\u015bmienicie. Jest mn\u00f3stwo atrakcji, przepyszne posi\u0142ki, program jest u\u0142o\u017cony na 2 tygodnie, dzieci [&hellip;]","og_url":"https:\/\/leaderschool.pl\/kalisz\/letnie-i-zimowe-polkolonie-z-jezykiem-angielskim\/","og_site_name":"w Kaliszu - Leader School","article_modified_time":"2025-07-08T07:52:43+00:00","og_image":[{"url":"https:\/\/leaderschool.pl\/kalisz\/wp-content\/uploads\/sites\/47\/2025\/06\/plakat-725x1024.jpg"}],"twitter_card":"summary_large_image","twitter_misc":{"Szacowany czas czytania":"1 minuta"},"schema":{"@context":"https:\/\/schema.org","@graph":[{"@type":"WebSite","@id":"https:\/\/leaderschool.pl\/kalisz\/#website","url":"https:\/\/leaderschool.pl\/kalisz\/","name":"w Kaliszu - Leader School","description":"","potentialAction":[{"@type":"SearchAction","target":{"@type":"EntryPoint","urlTemplate":"https:\/\/leaderschool.pl\/kalisz\/?s={search_term_string}"},"query-input":"required name=search_term_string"}],"inLanguage":"pl-PL"},{"@type":"ImageObject","inLanguage":"pl-PL","@id":"https:\/\/leaderschool.pl\/kalisz\/letnie-i-zimowe-polkolonie-z-jezykiem-angielskim\/#primaryimage","url":"https:\/\/leaderschool.pl\/kalisz\/wp-content\/uploads\/sites\/47\/2025\/06\/plakat.jpg","contentUrl":"https:\/\/leaderschool.pl\/kalisz\/wp-content\/uploads\/sites\/47\/2025\/06\/plakat.jpg","width":1449,"height":2048,"caption":"P\u00f3\u0142kolonie z angielskim"},{"@type":"WebPage","@id":"https:\/\/leaderschool.pl\/kalisz\/letnie-i-zimowe-polkolonie-z-jezykiem-angielskim\/#webpage","url":"https:\/\/leaderschool.pl\/kalisz\/letnie-i-zimowe-polkolonie-z-jezykiem-angielskim\/","name":"Letnie i zimowe p\u00f3\u0142kolonie z j\u0119zykiem angielskim w Kaliszu - Leader School","isPartOf":{"@id":"https:\/\/leaderschool.pl\/kalisz\/#website"},"primaryImageOfPage":{"@id":"https:\/\/leaderschool.pl\/kalisz\/letnie-i-zimowe-polkolonie-z-jezykiem-angielskim\/#primaryimage"},"datePublished":"2022-07-24T16:40:22+00:00","dateModified":"2025-07-08T07:52:43+00:00","breadcrumb":{"@id":"https:\/\/leaderschool.pl\/kalisz\/letnie-i-zimowe-polkolonie-z-jezykiem-angielskim\/#breadcrumb"},"inLanguage":"pl-PL","potentialAction":[{"@type":"ReadAction","target":["https:\/\/leaderschool.pl\/kalisz\/letnie-i-zimowe-polkolonie-z-jezykiem-angielskim\/"]}]},{"@type":"BreadcrumbList","@id":"https:\/\/leaderschool.pl\/kalisz\/letnie-i-zimowe-polkolonie-z-jezykiem-angielskim\/#breadcrumb","itemListElement":[{"@type":"ListItem","position":1,"name":"Home","item":"https:\/\/leaderschool.pl\/kalisz\/"},{"@type":"ListItem","position":2,"name":"Letnie i zimowe p\u00f3\u0142kolonie z j\u0119zykiem angielskim"}]}]}},"_links":{"self":[{"href":"https:\/\/leaderschool.pl\/kalisz\/wp-json\/wp\/v2\/pages\/2597"}],"collection":[{"href":"https:\/\/leaderschool.pl\/kalisz\/wp-json\/wp\/v2\/pages"}],"about":[{"href":"https:\/\/leaderschool.pl\/kalisz\/wp-json\/wp\/v2\/types\/page"}],"author":[{"embeddable":true,"href":"https:\/\/leaderschool.pl\/kalisz\/wp-json\/wp\/v2\/users\/3"}],"replies":[{"embeddable":true,"href":"https:\/\/leaderschool.pl\/kalisz\/wp-json\/wp\/v2\/comments?post=2597"}],"version-history":[{"count":5,"href":"https:\/\/leaderschool.pl\/kalisz\/wp-json\/wp\/v2\/pages\/2597\/revisions"}],"predecessor-version":[{"id":2916,"href":"https:\/\/leaderschool.pl\/kalisz\/wp-json\/wp\/v2\/pages\/2597\/revisions\/2916"}],"wp:attachment":[{"href":"https:\/\/leaderschool.pl\/kalisz\/wp-json\/wp\/v2\/media?parent=2597"}],"curies":[{"name":"wp","href":"https:\/\/api.w.org\/{rel}","templated":true}]}}